{"id":9309,"date":"2020-06-30T08:18:41","date_gmt":"2020-06-30T08:18:41","guid":{"rendered":"https:\/\/thucpham.com\/?post_type=product&#038;p=9309"},"modified":"2022-01-21T13:35:18","modified_gmt":"2022-01-21T06:35:18","slug":"bep-chien-nhung-doi-dung-gas-co-chan-dung-berjaya","status":"publish","type":"product","link":"https:\/\/thucpham.com\/vinacom\/bep-chien-nhung-doi-dung-gas-co-chan-dung-berjaya\/","title":{"rendered":"B\u1ebfp Chi\u00ean Nh\u00fang \u0110\u00f4i D\u00f9ng Gas C\u00f3 Ch\u00e2n \u0110\u1ee9ng Berjaya FSGDF11D"},"content":{"rendered":"<h2><strong><span style=\"font-size: 85%;\">Th\u00f4ng tin s\u1ea3n ph\u1ea9m<\/span><\/strong><\/h2>\n<p style=\"text-align: justify;\"><b>B\u1ebfp chi\u00ean nh\u00fang \u0111\u00f4i d\u00f9ng gas c\u00f3 ch\u00e2n \u0111\u1ee9ng Berjaya FSGDF11D<\/b><span style=\"font-weight: 400;\"> \u0111\u01b0\u1ee3c nh\u1eadp kh\u1ea9u nguy\u00ean chi\u1ebfc t\u1eeb Malaysia, s\u1eed d\u1ee5ng nhi\u00ean li\u1ec7u gas, chi\u00ean r\u00e1n \u0111\u01b0\u1ee3c nhi\u1ec1u lo\u1ea1i \u0111\u1ed3 \u0103n ng\u1eadp d\u1ea7u nh\u01b0: khoai t\u00e2y, khoai lang, c\u00e1 vi\u00ean, g\u00e0 r\u00e1n, b\u00e1nh,\u2026 thu\u1eadn ti\u1ec7n cho b\u1ebfp c\u00f4ng nghi\u1ec7p hay h\u1ec7 th\u1ed1ng c\u1eeda h\u00e0ng th\u1ee9c \u0103n nhanh.<\/span><\/p>\n<p><img class=\"size-full wp-image-11870 aligncenter\" src=\"https:\/\/thucpham.com\/wp-content\/uploads\/2020\/06\/bep-chien-nhung-doi-dung-gas-co-chan-dung-berjaya-fsgdf11d-banner.jpg\" alt=\"bep-chien-nhung-doi-dung-gas-co-chan-dung-berjaya-fsgdf11d\" width=\"820\" height=\"656\" srcset=\"https:\/\/thucpham.com\/vinacom\/wp-content\/uploads\/2020\/06\/bep-chien-nhung-doi-dung-gas-co-chan-dung-berjaya-fsgdf11d-banner.jpg 820w, https:\/\/thucpham.com\/vinacom\/wp-content\/uploads\/2020\/06\/bep-chien-nhung-doi-dung-gas-co-chan-dung-berjaya-fsgdf11d-banner-300x240.jpg 300w, https:\/\/thucpham.com\/vinacom\/wp-content\/uploads\/2020\/06\/bep-chien-nhung-doi-dung-gas-co-chan-dung-berjaya-fsgdf11d-banner-768x614.jpg 768w, https:\/\/thucpham.com\/vinacom\/wp-content\/uploads\/2020\/06\/bep-chien-nhung-doi-dung-gas-co-chan-dung-berjaya-fsgdf11d-banner-24x19.jpg 24w, https:\/\/thucpham.com\/vinacom\/wp-content\/uploads\/2020\/06\/bep-chien-nhung-doi-dung-gas-co-chan-dung-berjaya-fsgdf11d-banner-36x29.jpg 36w, https:\/\/thucpham.com\/vinacom\/wp-content\/uploads\/2020\/06\/bep-chien-nhung-doi-dung-gas-co-chan-dung-berjaya-fsgdf11d-banner-48x38.jpg 48w, https:\/\/thucpham.com\/vinacom\/wp-content\/uploads\/2020\/06\/bep-chien-nhung-doi-dung-gas-co-chan-dung-berjaya-fsgdf11d-banner-510x408.jpg 510w\" sizes=\"(max-width: 820px) 100vw, 820px\" title=\"\"><\/p>\n<p style=\"text-align: center;\"><em>Th\u00f4ng tin s\u1ea3n ph\u1ea9m b\u1ebfp chi\u00ean nh\u00fang \u0111\u00f4i d\u00f9ng gas c\u00f3 ch\u00e2n \u0111\u1ee9ng Berjaya FSGDF11D<\/em><\/p>\n<h2><strong><span style=\"font-size: 85%;\">\u01afu \u0111i\u1ec3m n\u1ed5i b\u1eadt<\/span><\/strong><\/h2>\n<h3><strong><span style=\"font-size: 100%;\">Thi\u1ebft k\u1ebf hi\u1ec7n \u0111\u1ea1i ti\u1ec7n l\u1ee3i<\/span><\/strong><\/h3>\n<p style=\"text-align: justify;\"><span style=\"font-weight: 400;\"><strong>B\u1ebfp chi\u00ean nh\u00fang \u0111\u00f4i d\u00f9ng gas c\u00f3 ch\u00e2n \u0111\u1ee9ng Berjaya FSGDF11D<\/strong> c\u00f3 k\u00edch th\u01b0\u1edbc 640 x 715 x 1020mm c\u00f9ng v\u1edbi tr\u1ecdng l\u01b0\u1ee3ng 62kg, ph\u00f9 h\u1ee3p \u0111\u1ec3 l\u1eafp \u0111\u1eb7t \u1edf b\u1ea5t k\u1ef3 kh\u00f4ng gian b\u1ebfp n\u00e0o. Ngo\u00e0i ra, s\u1ea3n ph\u1ea9m c\u00f3 thi\u1ebft k\u1ebf 2 h\u1ed9c d\u1ea7u c\u00f3 dung t\u00edch 11L cho m\u1ed7i h\u1ed9c n\u00ean cho ph\u00e9p chi\u00ean \u0111\u01b0\u1ee3c m\u1ed9t l\u01b0\u1ee3ng l\u1edbn \u0111\u1ed3 \u0103n c\u00f9ng l\u00fac, \u0111em l\u1ea1i nhi\u1ec1u l\u1ee3i nhu\u1eadn v\u00e0 ti\u1ebft ki\u1ec7m c\u00f4ng s\u1ee9c, th\u1eddi gian c\u0169ng nh\u01b0 nhi\u00ean li\u1ec7u s\u1eed d\u1ee5ng.<\/span><\/p>\n<p style=\"text-align: justify;\">\u0110\u1eb7c bi\u1ec7t ph\u1ea7n d\u01b0\u1edbi c\u1ee7a b\u1ebfp \u0111\u01b0\u1ee3c b\u1ed1 tr\u00ed c\u00e1c ng\u0103n \u0111\u1ec3 \u0111\u1ed3 gi\u00fap b\u1ea1n c\u00f3 th\u1ec3 \u0111\u1ec3 c\u00e1c d\u1ee5ng c\u1ee5 b\u1ebfp ch\u01b0a s\u1eed d\u1ee5ng nh\u01b0 n\u1ed3i, xoong, ch\u1ea3o,&#8230; khi\u1ebfn c\u0103n b\u1ebfp c\u1ee7a b\u1ea1n tr\u1edf l\u00ean g\u1ecdn g\u00e0ng, ng\u0103n n\u1eafp h\u01a1n.<\/p>\n<h3><strong><span style=\"font-size: 100%;\">C\u00f4ng su\u1ea5t v\u01b0\u1ee3t tr\u1ed9i<\/span><\/strong><\/h3>\n<p style=\"text-align: justify;\"><span style=\"font-weight: 400;\">M\u1ed9t \u01b0u \u0111i\u1ec3m n\u1ed5i b\u1eadt c\u1ee7a <strong>b\u1ebfp chi\u00ean nh\u00fang \u0111\u00f4i d\u00f9ng gas c\u00f3 ch\u00e2n \u0111\u1ee9ng Berjaya FSGDF11D<\/strong> l\u00e0 \u0111\u01b0\u1ee3c trang b\u1ecb h\u1ec7 th\u1ed1ng gas v\u00e0o bu\u1ed3ng \u0111\u1ed1t, s\u1eed d\u1ee5ng lo\u1ea1i gas th\u00f4ng th\u01b0\u1eddng nh\u01b0 \u1edf m\u1ed7i gia \u0111\u00ecnh hay d\u00f9ng n\u00ean r\u1ea5t d\u1ec5 \u0111\u1ec3 t\u00ecm ki\u1ebfm. C\u00f4ng su\u1ea5t c\u1ee7a b\u1ebfp l\u00ean t\u1edbi 44000 BTU\/Hr v\u1edbi hai khoang chi\u00ean gi\u00fap b\u1ea1n c\u00f3 th\u1ec3 chi\u00ean b\u1ea5t k\u1ef3 lo\u1ea1i th\u1ef1c ph\u1ea9m n\u00e0o v\u1edbi s\u1ed1 l\u01b0\u1ee3ng l\u1edbn m\u00e0 v\u1eabn \u0111\u1ea3m b\u1ea3o \u0111\u1ed9 ch\u00edn v\u00e0 ch\u1ea5t l\u01b0\u1ee3ng.<\/span><\/p>\n<h3><span style=\"font-size: 100%;\"><strong>An to\u00e0n ti\u1ec7n d\u1ee5ng khi d\u00f9ng<\/strong><\/span><\/h3>\n<p style=\"text-align: justify;\"><span style=\"font-weight: 400;\"><strong>B\u1ebfp chi\u00ean nh\u00fang \u0111\u00f4i d\u00f9ng gas c\u00f3 ch\u00e2n \u0111\u1ee9ng Berjaya FSGDF11D <\/strong>c\u00f3 th\u00e0nh chi\u00ean cao ch\u1ed1ng b\u1eafn d\u1ea7u m\u1ee1 khi chi\u00ean \u0111\u1ea3m b\u1ea3o an to\u00e0n cho \u0111\u1ea7u b\u1ebfp. Khoang chi\u00ean c\u0169ng \u0111\u01b0\u1ee3c h\u00e0n k\u00edn tr\u00e1nh r\u00f2 r\u1ec9 d\u1ea7u m\u1ee1 xu\u1ed1ng khoang \u0111\u1ed9ng c\u01a1 g\u00e2y h\u1ecfng h\u00f3c ch\u00e1y n\u1ed5. <\/span><span style=\"font-weight: 400;\">M\u1eb7t kh\u00e1c, b\u1ebfp c\u00f3 h\u1ec7 th\u1ed1ng c\u1ea3m bi\u1ebfn nhi\u1ec7t th\u00f4ng minh, t\u1ef1 \u0111\u1ed9ng ng\u1eaft gas khi l\u1eeda t\u1eaft \u0111\u1ed9t ng\u1ed9t v\u00e0 n\u1ebfu nhi\u1ec7t \u0111\u1ed9 d\u1ea7u v\u01b0\u1ee3t qu\u00e1 230 \u00b0C th\u00ec \u0111\u1ea7u \u0111\u1ed1t s\u1ebd t\u1ef1 t\u1eaft n\u00ean c\u1ef1c k\u1ef3 an to\u00e0n cho ng\u01b0\u1eddi s\u1eed d\u1ee5ng.<\/span><\/p>\n<h3><strong><span style=\"font-size: 100%;\">D\u1ec5 d\u00e0ng v\u1ec7 sinh<\/span><\/strong><\/h3>\n<p><span style=\"font-weight: 400;\"><strong>B\u1ebfp chi\u00ean nh\u00fang \u0111\u00f4i d\u00f9ng gas c\u00f3 ch\u00e2n \u0111\u1ee9ng Berjaya FSGDF11D<\/strong> \u0111\u01b0\u1ee3c c\u1ea5u t\u1ea1o t\u1eeb <a href=\"https:\/\/vi.wikipedia.org\/wiki\/Th%C3%A9p_kh%C3%B4ng_g%E1%BB%89\" target=\"_blank\" rel=\"noopener nofollow\" data-schema-attribute=\"\">th\u00e9p ch\u1ed1ng g\u1ec9<\/a>, c\u00f3 \u0111\u1ed9 b\u1ec1n cao, \u0111\u1eb9p m\u1eaft, d\u1ec5 d\u00e0ng v\u1ec7 sinh v\u00e0 lau ch\u00f9i sau khi s\u1eed d\u1ee5ng. Khay ch\u1ee9a d\u1ea7u \u0111\u01b0\u1ee3c l\u00e0m t\u1eeb inox v\u00e0 r\u1ed5 chi\u00ean c\u00f3 tay c\u1ea7m c\u00e1ch nhi\u1ec7t d\u1ec5 d\u00e0ng r\u1eeda s\u1ea1ch sau m\u1ed7i l\u1ea7n ch\u1ebf bi\u1ebfn \u0111\u1ed3 \u0103n. Ch\u00e2n \u0111\u1ebf cao ch\u1eafc ch\u1eafn gi\u00fap b\u1ea1n lau ch\u00f9i s\u00e0n d\u01b0\u1edbi b\u1ebfp m\u1ed9t c\u00e1ch d\u1ec5 d\u00e0ng.<\/span><\/p>\n<p><img class=\"aligncenter wp-image-41450 size-full\" src=\"https:\/\/thucpham.com\/wp-content\/uploads\/2020\/06\/bep-chien-nhung-doi-dung-gas-co-chan-dung-berjaya-fsgdf11d-001.jpg\" alt=\"B\u1ebfp Chi\u00ean Nh\u00fang \u0110\u00f4i D\u00f9ng Gas C\u00f3 Ch\u00e2n \u0110\u1ee9ng Berjaya FSGDF11D\" width=\"820\" height=\"656\" srcset=\"https:\/\/thucpham.com\/vinacom\/wp-content\/uploads\/2020\/06\/bep-chien-nhung-doi-dung-gas-co-chan-dung-berjaya-fsgdf11d-001.jpg 820w, https:\/\/thucpham.com\/vinacom\/wp-content\/uploads\/2020\/06\/bep-chien-nhung-doi-dung-gas-co-chan-dung-berjaya-fsgdf11d-001-300x240.jpg 300w, https:\/\/thucpham.com\/vinacom\/wp-content\/uploads\/2020\/06\/bep-chien-nhung-doi-dung-gas-co-chan-dung-berjaya-fsgdf11d-001-768x614.jpg 768w, https:\/\/thucpham.com\/vinacom\/wp-content\/uploads\/2020\/06\/bep-chien-nhung-doi-dung-gas-co-chan-dung-berjaya-fsgdf11d-001-24x19.jpg 24w, https:\/\/thucpham.com\/vinacom\/wp-content\/uploads\/2020\/06\/bep-chien-nhung-doi-dung-gas-co-chan-dung-berjaya-fsgdf11d-001-36x29.jpg 36w, https:\/\/thucpham.com\/vinacom\/wp-content\/uploads\/2020\/06\/bep-chien-nhung-doi-dung-gas-co-chan-dung-berjaya-fsgdf11d-001-48x38.jpg 48w, https:\/\/thucpham.com\/vinacom\/wp-content\/uploads\/2020\/06\/bep-chien-nhung-doi-dung-gas-co-chan-dung-berjaya-fsgdf11d-001-510x408.jpg 510w\" sizes=\"(max-width: 820px) 100vw, 820px\" title=\"\"><\/p>\n<h2><strong><span style=\"font-size: 85%;\">L\u01b0u \u00fd khi d\u00f9ng b\u1ebfp chi\u00ean nh\u00fang \u0111\u00f4i d\u00f9ng gas c\u00f3 ch\u00e2n \u0111\u1ee9ng Berjaya<\/span><\/strong><\/h2>\n<ul>\n<li>L\u1eafp \u0111\u1eb7t b\u1ebfp n\u01a1i c\u00f3 ngu\u1ed3n cung c\u1ea5p nhi\u00ean li\u1ec7u \u1ed5n \u0111\u1ecbnh v\u00e0 tr\u00e1nh n\u01a1i \u1ea9m \u01b0\u1edbt<\/li>\n<li>Ki\u1ec3m tra b\u1ebfp tr\u01b0\u1edbc khi s\u1eed d\u1ee5ng<\/li>\n<li>V\u1ec7 sinh b\u1ebfp th\u01b0\u1eddng xuy\u00ean sau khi d\u00f9ng<\/li>\n<li>Lu\u00f4n b\u1ea3o d\u01b0\u1ee1ng \u0111\u1ecbnh k\u00ec v\u00e0 b\u00e1o ngay cho k\u0129 thu\u1eadt n\u1ebfu th\u1ea5y c\u00f3 \u0111i\u1ec1u b\u1ea5t th\u01b0\u1eddng<\/li>\n<\/ul>\n<p><em><span style=\"font-weight: 400;\">B\u1ebfp chi\u00ean nh\u00fang \u0111\u00f4i d\u00f9ng gas c\u00f3 ch\u00e2n \u0111\u1ee9ng Berjaya FSGDF11D <\/span><\/em><span style=\"font-weight: 400;\">\u0111\u01b0\u1ee3c c\u00e1c nh\u00e0 h\u00e0ng, kh\u00e1ch s\u1ea1n 5 sao \u01b0u \u00e1i l\u1ef1a ch\u1ecdn \u0111\u1ea7u ti\u00ean cho c\u0103n b\u1ebfp c\u00f4ng nghi\u1ec7p hi\u1ec7n \u0111\u1ea1i b\u1edfi thi\u1ebft k\u1ebf \u0111\u1eb9p m\u1eaft, sang tr\u1ecdng, c\u0169ng nh\u01b0 c\u00f4ng su\u1ea5t m\u1ea1nh m\u1ebd v\u00e0 s\u1ef1 ti\u1ec7n l\u1ee3i n\u00f3 mang l\u1ea1i. N\u1ebfu b\u1ea1n kh\u00f4ng c\u00f3 kh\u00f4ng gian r\u1ed9ng c\u0169ng nh\u01b0 kinh ph\u00ed eo h\u1eb9p th\u00ec b\u1ea1n c\u0169ng c\u00f3 th\u1ec3 tham kh\u1ea3o m\u1ed9t v\u00e0i model <a href=\"https:\/\/thucpham.com\/bep-chien-nhung\/\">b\u1ebfp chi\u00ean nh\u00fang<\/a> kh\u00e1c nh\u01b0: <span data-sheets-value=\"{&quot;1&quot;:2,&quot;2&quot;:&quot;B\u1ebfp Chi\u00ean Nh\u00fang \u0110\u01a1n D\u00f9ng \u0110i\u1ec7n C\u00f3 Ch\u00e2n \u0110\u1ee9ng Berjaya FSSDF12&quot;}\" data-sheets-userformat=\"{&quot;2&quot;:14466,&quot;4&quot;:{&quot;1&quot;:2,&quot;2&quot;:16777215},&quot;10&quot;:2,&quot;14&quot;:{&quot;1&quot;:2,&quot;2&quot;:3358280},&quot;15&quot;:&quot;Arial&quot;,&quot;16&quot;:10}\"><a href=\"https:\/\/thucpham.com\/bep-chien-nhung-don-dung-dien-co-chan-dung-berjaya\/\">B\u1ebfp Chi\u00ean Nh\u00fang \u0110\u01a1n D\u00f9ng \u0110i\u1ec7n C\u00f3 Ch\u00e2n \u0110\u1ee9ng Berjaya FSSDF12<\/a>, <a href=\"https:\/\/thucpham.com\/bep-chien-nhung-don-dung-gas-co-chan-dung-berjaya\/\">B\u1ebfp Chi\u00ean Nh\u00fang \u0110\u01a1n D\u00f9ng Gas C\u00f3 Ch\u00e2n \u0110\u1ee9ng Berjaya FSGDF12<\/a>,&#8230;<\/span><\/span><\/p>\n","protected":false},"excerpt":{"rendered":"<ul>\n<li style=\"font-weight: 400;\"><span style=\"font-weight: 400;\">S\u1ea3n xu\u1ea5t b\u1eb1ng inox ch\u1ed1ng g\u1ec9 \u0111\u1ed9 b\u1ec1n cao, s\u00e1ng b\u00f3ng, v\u00e0 b\u1ec1n \u0111\u1eb9p<\/span><\/li>\n<li style=\"font-weight: 400;\"><span style=\"font-weight: 400;\">D\u1ec5 d\u00e0ng v\u1ec7 sinh, lau ch\u00f9i sau khi s\u1eed d\u1ee5ng<\/span><\/li>\n<li style=\"font-weight: 400;\"><span style=\"font-weight: 400;\">Chi\u00ean c\u00f9ng l\u00fac \u0111\u01b0\u1ee3c nhi\u1ec1u lo\u1ea1i th\u1ef1c ph\u1ea9m v\u1edbi 2 h\u1ed9c ch\u1ee9a d\u1ea7u r\u1ed9ng<\/span><\/li>\n<li style=\"font-weight: 400;\"><span style=\"font-weight: 400;\">H\u1ec7 th\u1ed1ng \u0111\u1ed1t n\u00f3ng nhanh gi\u00fap ti\u1ebft ki\u1ec7m nhi\u00ean li\u1ec7u<\/span><\/li>\n<li style=\"font-weight: 400;\"><span style=\"font-weight: 400;\">C\u1ea3m bi\u1ebfn nhi\u1ec7t th\u00f4ng minh, t\u1ef1 \u0111\u1ed9ng ng\u1eaft gas khi l\u1eeda t\u1eaft \u0111\u1ed9t ng\u1ed9t<\/span><\/li>\n<li style=\"font-weight: 400;\"><span style=\"font-weight: 400;\">Tay c\u1ea7m c\u00f3 l\u1edbp c\u00e1ch nhi\u1ec7t, an to\u00e0n khi c\u1ea7m n\u1eafm<\/span><\/li>\n<li style=\"font-weight: 400;\"><span style=\"font-weight: 400;\">\u0110i\u1ec1u khi\u1ec3n nhi\u1ec7t \u0111\u1ed9 b\u1eb1ng n\u00fam v\u1eb7n v\u1edbi d\u1ea3i nhi\u1ec7t d\u00e0i<\/span><\/li>\n<\/ul>\n","protected":false},"featured_media":36273,"comment_status":"open","ping_status":"closed","template":"","meta":[],"product_cat":[199,247],"product_tag":[],"_links":{"self":[{"href":"https:\/\/thucpham.com\/vinacom\/wp-json\/wp\/v2\/product\/9309"}],"collection":[{"href":"https:\/\/thucpham.com\/vinacom\/wp-json\/wp\/v2\/product"}],"about":[{"href":"https:\/\/thucpham.com\/vinacom\/wp-json\/wp\/v2\/types\/product"}],"replies":[{"embeddable":true,"href":"https:\/\/thucpham.com\/vinacom\/wp-json\/wp\/v2\/comments?post=9309"}],"wp:featuredmedia":[{"embeddable":true,"href":"https:\/\/thucpham.com\/vinacom\/wp-json\/wp\/v2\/media\/36273"}],"wp:attachment":[{"href":"https:\/\/thucpham.com\/vinacom\/wp-json\/wp\/v2\/media?parent=9309"}],"wp:term":[{"taxonomy":"product_cat","embeddable":true,"href":"https:\/\/thucpham.com\/vinacom\/wp-json\/wp\/v2\/product_cat?post=9309"},{"taxonomy":"product_tag","embeddable":true,"href":"https:\/\/thucpham.com\/vinacom\/wp-json\/wp\/v2\/product_tag?post=9309"}],"curies":[{"name":"wp","href":"https:\/\/api.w.org\/{rel}","templated":true}]}}