{"id":9304,"date":"2020-06-30T08:05:55","date_gmt":"2020-06-30T08:05:55","guid":{"rendered":"https:\/\/thucpham.com\/?post_type=product&#038;p=9304"},"modified":"2022-01-21T10:51:59","modified_gmt":"2022-01-21T03:51:59","slug":"bep-chien-nua-phang-nua-nham-dung-dien-modular-pk-90-80-ftres-p","status":"publish","type":"product","link":"https:\/\/thucpham.com\/vinacom\/bep-chien-nua-phang-nua-nham-dung-dien-modular-pk-90-80-ftres-p\/","title":{"rendered":"B\u1ebfp Chi\u00ean N\u1eeda Ph\u1eb3ng N\u1eeda Nh\u00e1m D\u00f9ng \u0110i\u1ec7n Modular PK 90\/80 FTRES-P"},"content":{"rendered":"<h2><strong><span style=\"font-size: 85%;\">Th\u00f4ng tin s\u1ea3n ph\u1ea9m<\/span><\/strong><\/h2>\n<p style=\"text-align: justify;\"><span style=\"font-family: arial, helvetica, sans-serif;\"><b>B\u1ebfp chi\u00ean n\u1eeda ph\u1eb3ng n\u1eeda nh\u00e1m d\u00f9ng \u0111i\u1ec7n Modular PK 90\/80 FTRES-P<\/b><span style=\"font-weight: 400;\"> c\u00f3 thi\u1ebft k\u1ebf b\u1ec1 m\u1eb7t n\u1eeda nh\u00e1m n\u1eeda ph\u1eb3ng, c\u00f3 th\u1ec3 \u0111i\u1ec1u ch\u1ec9nh nhi\u1ec7t \u0111\u1ed9 l\u00ean \u0111\u1ebfn 190 \u0111\u1ed9 C, \u0111\u01b0\u1ee3c s\u1eed d\u1ee5ng r\u1ed9ng r\u00e3i trong c\u00e1c nh\u00e0 h\u00e0ng, kh\u00e1ch s\u1ea1n, b\u1ebfp c\u00f4ng nghi\u1ec7p \u0111\u1ec3 ch\u1ebf bi\u1ebfn c\u00e1c m\u00f3n chi\u00ean, r\u00e1n n\u01b0\u1edbng nhanh ch\u00f3ng v\u00e0 ti\u1ec7n l\u1ee3i. V\u1edbi kh\u1ea3 n\u0103ng ch\u1ed1ng d\u00ednh hi\u1ec7u qu\u1ea3 m\u00e0 b\u1ebfp chi\u00ean Modular PK 90\/80 FTRES-P \u0111em l\u1ea1i s\u1ebd cho ra nh\u1eefng m\u00f3n \u0103n ch\u00edn \u0111\u1ec1u, kh\u00f4ng v\u1ee1 n\u00e1t v\u00e0 \u0111\u1eb9p m\u1eaft.<\/span><\/span><\/p>\n<p><img class=\"aligncenter wp-image-13340 size-full\" src=\"https:\/\/thucpham.com\/wp-content\/uploads\/2020\/06\/bep-chien-nua-phang-nua-nham-dung-dien-modular-pk-90-80-ftres-p-1.jpg\" alt=\"B\u1ebfp Chi\u00ean N\u1eeda Ph\u1eb3ng N\u1eeda Nh\u00e1m D\u00f9ng \u0110i\u1ec7n Modular PK 90\/80 FTRES-P\" width=\"820\" height=\"656\" srcset=\"https:\/\/thucpham.com\/vinacom\/wp-content\/uploads\/2020\/06\/bep-chien-nua-phang-nua-nham-dung-dien-modular-pk-90-80-ftres-p-1.jpg 820w, https:\/\/thucpham.com\/vinacom\/wp-content\/uploads\/2020\/06\/bep-chien-nua-phang-nua-nham-dung-dien-modular-pk-90-80-ftres-p-1-300x240.jpg 300w, https:\/\/thucpham.com\/vinacom\/wp-content\/uploads\/2020\/06\/bep-chien-nua-phang-nua-nham-dung-dien-modular-pk-90-80-ftres-p-1-768x614.jpg 768w, https:\/\/thucpham.com\/vinacom\/wp-content\/uploads\/2020\/06\/bep-chien-nua-phang-nua-nham-dung-dien-modular-pk-90-80-ftres-p-1-24x19.jpg 24w, https:\/\/thucpham.com\/vinacom\/wp-content\/uploads\/2020\/06\/bep-chien-nua-phang-nua-nham-dung-dien-modular-pk-90-80-ftres-p-1-36x29.jpg 36w, https:\/\/thucpham.com\/vinacom\/wp-content\/uploads\/2020\/06\/bep-chien-nua-phang-nua-nham-dung-dien-modular-pk-90-80-ftres-p-1-48x38.jpg 48w, https:\/\/thucpham.com\/vinacom\/wp-content\/uploads\/2020\/06\/bep-chien-nua-phang-nua-nham-dung-dien-modular-pk-90-80-ftres-p-1-510x408.jpg 510w\" sizes=\"(max-width: 820px) 100vw, 820px\" title=\"\"><\/p>\n<p style=\"text-align: center;\"><span style=\"font-family: helvetica, arial, sans-serif;\"><em>Th\u00f4ng tin s\u1ea3n ph\u1ea9m B\u1ebfp Chi\u00ean N\u1eeda Ph\u1eb3ng N\u1eeda Nh\u00e1m D\u00f9ng \u0110i\u1ec7n Modular PK 90\/80 FTRES-P<\/em><\/span><\/p>\n<h2><span style=\"font-size: 85%;\"><strong>Thi\u1ebft k\u1ebf hi\u1ec7n \u0111\u1ea1i ti\u1ec7n l\u1ee3i<\/strong><\/span><\/h2>\n<h3><strong><span style=\"font-size: 100%;\">C\u1ea5u t\u1ea1o b\u1eb1ng ch\u1ea5t li\u1ec7u cao c\u1ea5p<\/span><\/strong><\/h3>\n<p style=\"text-align: justify;\"><span style=\"font-family: arial, helvetica, sans-serif;\"><span style=\"font-weight: 400;\">To\u00e0n b\u1ed9 th\u00e2n <strong>b\u1ebfp chi\u00ean n\u1eeda ph\u1eb3ng n\u1eeda nh\u00e1m d\u00f9ng \u0111i\u1ec7n Modular PK 90\/80 FTRES-P<\/strong> \u0111\u01b0\u1ee3c l\u00e0m b\u1eb1ng inox cao c\u1ea5p, c\u00f3 kh\u1ea3 n\u0103ng ch\u1ed1ng hoen g\u1ec9 v\u00e0 \u0103n m\u00f2n trong \u0111i\u1ec1u ki\u1ec7n m\u00f4i tr\u01b0\u1eddng \u1ea9m \u01b0\u1edbt nh\u01b0 khu b\u1ebfp. <\/span><span style=\"font-weight: 400;\">M\u1eb7t b\u1ebfp b\u1eb1ng <a href=\"https:\/\/vi.wikipedia.org\/wiki\/Th%C3%A9p_kh%C3%B4ng_g%E1%BB%89\" target=\"_blank\" rel=\"noopener nofollow\" data-schema-attribute=\"\">th\u00e9p kh\u00f4ng g\u1ec9 AISI 304<\/a> v\u1edbi \u0111\u1ed9 d\u00e0y l\u00ean \u0111\u1ebfn 15\/10 cho kh\u1ea3 n\u0103ng ch\u1ecbu nhi\u1ec7t, ch\u1ecbu l\u1ef1c v\u01b0\u1ee3t tr\u1ed9i; ch\u1ea5t li\u1ec7u n\u00e0y \u0111\u00e3 \u0111\u01b0\u1ee3c ki\u1ec3m \u0111\u1ecbnh \u0111\u1ea3m b\u1ea3o an to\u00e0n cho th\u1ef1c ph\u1ea9m khi ti\u1ebfp x\u00fac v\u1edbi nhi\u1ec7t \u0111\u1ed9 cao.<\/span><\/span><\/p>\n<h3><strong><span style=\"font-size: 100%;\">C\u00f4ng su\u1ea5t m\u1ea1nh m\u1ebd<\/span><\/strong><\/h3>\n<p style=\"text-align: justify;\"><span style=\"font-family: arial, helvetica, sans-serif;\"><b>B\u1ebfp chi\u00ean n\u1eeda ph\u1eb3ng n\u1eeda nh\u00e1m d\u00f9ng \u0111i\u1ec7n Modular PK 90\/80 FTRES-P <\/b>v\u1edbi hai m\u1eb7t chi\u00ean kh\u00e1c nhau \u0111\u01b0\u1ee3c ph\u1ee7 m\u1ed9t l\u1edbp ch\u1ed1ng d\u00ednh t\u1ed1t. B\u1ebfp c\u00f3 c\u00f4ng su\u1ea5t l\u00ean t\u1edbi 15 kW gi\u00fap b\u1ea1n t\u0103ng nhi\u1ec7t \u0111\u1ed9 l\u00ean t\u1edbi 190 \u0111\u1ed9 C m\u1ed9t c\u00e1ch nhanh ch\u00f3ng nh\u1edd b\u1ed9 truy\u1ec1n d\u1eabn nhi\u1ec7t t\u1ed1t c\u00f3 kh\u1ea3 n\u0103ng ch\u1ed1ng r\u00f2 r\u1ec9 \u0111i\u1ec7n v\u00e0 c\u00e1ch nhi\u1ec7t.<\/span><\/p>\n<p style=\"text-align: justify;\">Hai m\u1eb7t chi\u00ean n\u1eeda ph\u1eb3ng n\u1eeda nh\u00e1m c\u00f3 k\u00edch th\u01b0\u1edbc r\u1ed9ng v\u1edbi hai n\u00fam v\u1eb7n \u0111i\u1ec1u ch\u1ec9nh nhi\u1ec7t \u0111\u1ed9 kh\u00e1c nhau c\u1ed9ng th\u00eam \u0111\u00e8n Led b\u00e1o t\u00ecnh tr\u1ea1ng b\u1ebfp gi\u00fap cho b\u1ea1n c\u00f3 th\u1ec3 chi\u00ean m\u1ed9t l\u01b0\u1ee3ng l\u1edbn \u0111\u1ed3 \u0103n kh\u00e1c nhau m\u00e0 v\u1eabn \u0111\u1ea3m b\u1ea3o \u0111\u01b0\u1ee3c ch\u00edn \u0111\u1ec1u v\u00e0 ch\u1ea5t l\u01b0\u1ee3ng kh\u00f4ng gi\u1ea3m s\u00fat.<\/p>\n<h3><strong><span style=\"font-size: 100%;\">Nhi\u1ec1u ti\u1ec7n \u00edch \u0111i k\u00e8m<\/span><\/strong><\/h3>\n<p style=\"text-align: justify;\"><span style=\"font-family: arial, helvetica, sans-serif;\"><span style=\"font-weight: 400;\">Ngo\u00e0i ra, <b>B\u1ebfp chi\u00ean n\u1eeda ph\u1eb3ng n\u1eeda nh\u00e1m d\u00f9ng \u0111i\u1ec7n Modular PK 90\/80 FTRES-P<\/b> c\u00f2n \u0111\u01b0\u1ee3c trang b\u1ecb khay h\u1ee9ng m\u1ee1 th\u1eeba c\u00f3 dung t\u00edch 1.5L, ch\u1ee9a \u0111\u01b0\u1ee3c l\u01b0\u1ee3ng l\u1edbn m\u1ee1 th\u1eeba, gi\u00fap b\u1ea1n kh\u00f4ng m\u1ea5t c\u00f4ng th\u00e1o khay ra nhi\u1ec1u l\u1ea7n \u0111\u1ec3 mang \u0111i \u0111\u1ed5. H\u01a1n th\u1ebf n\u1eefa, ng\u01b0\u1eddi d\u00f9ng c\u0169ng d\u1ec5 d\u00e0ng ki\u1ec3m so\u00e1t v\u00e0 \u0111i\u1ec1u ch\u1ec9nh nhi\u1ec7t \u0111\u1ed9 n\u1ea5u th\u00f4ng qua n\u00fat v\u1eb7n \u0111i\u1ec1u ch\u1ec9nh tr\u00ean th\u00e2n b\u1ebfp v\u00e0 h\u1ec7 th\u1ed1ng \u0111\u00e8n Led b\u00e1o hi\u1ec7u t\u00ecnh tr\u1ea1ng ho\u1ea1t \u0111\u1ed9ng.<\/span><\/span><\/p>\n<p style=\"text-align: justify;\"><span style=\"font-family: arial, helvetica, sans-serif;\"><b>B\u1ebfp chi\u00ean n\u1eeda ph\u1eb3ng n\u1eeda nh\u00e1m d\u00f9ng \u0111i\u1ec7n Modular PK 90\/80 FTRES-P<\/b><span style=\"font-weight: 400;\"> c\u00f2n \u0111\u01b0\u1ee3c l\u1eafp <\/span><span style=\"font-weight: 400;\">b\u1ed9 ki\u1ec3m so\u00e1t nhi\u1ec7t an to\u00e0n cho ph\u00e9p b\u1ebfp t\u1ef1 \u0111\u1ed9ng ng\u1eaft \u0111i\u1ec7n khi qu\u00e1 nhi\u1ec7t. Ph\u1ea7n d\u01b0\u1edbi c\u1ee7a b\u1ebfp c\u00f2n \u0111\u01b0\u1ee3c thi\u1ebft k\u1ebf m\u1ed9t t\u1ee7 ch\u1ee9a \u0111\u1ed3 gi\u00fap b\u1ea1n c\u00f3 th\u1ec3 \u0111\u1ec3 d\u1ee5ng c\u1ee5 l\u00e0m b\u1ebfp cho kh\u00f4ng gian b\u1ebfp lu\u00f4n g\u1ecdn g\u00e0ng. C\u00e1c ch\u00e2n inox cao, ch\u1eafc ch\u1eafn gi\u00fap b\u1ebfp th\u1eadt v\u1eefng ch\u00e3i v\u00e0 c\u0169ng tr\u00e1nh b\u1ecb \u1ea9m \u01b0\u1edbt v\u00ec kh\u00f4ng ti\u1ebfp x\u00fac v\u1edbi m\u1eb7t s\u00e0n.<\/span><\/span><\/p>\n<h3><strong><span style=\"font-size: 100%;\">Kh\u00e2u v\u1ec7 sinh thu\u1eadn ti\u1ec7n<\/span><\/strong><\/h3>\n<p style=\"text-align: justify;\">Ngo\u00e0i khay h\u1ee9ng m\u1ee1 th\u1eeba \u0111\u01b0\u1ee3c th\u00e1o l\u1eafp d\u1ec5 d\u00e0ng \u0111\u1ec3 c\u00f3 th\u1ec3 c\u1ecd r\u1eeda v\u1ec7 sinh thu\u1eadn ti\u1ec7n th\u00ec vi\u1ec7c c\u1ea5u t\u1ea1o b\u1eb1ng ch\u1ea5t li\u1ec7u th\u00e9p kh\u00f4ng g\u00ec, ch\u1ed1ng b\u00e1m b\u1ea9n c\u0169ng gi\u00fap kh\u00e2u v\u1ec7 sinh b\u1ebfp sau m\u1ed7i l\u1ea7n s\u1eed d\u1ee5ng th\u1eadt d\u1ec5 d\u00e0ng. B\u1ea1n ch\u1ec9 c\u1ea7n m\u1ed9t chi\u1ebfc kh\u0103n \u1ea9m \u0111\u1ec3 v\u1ec7 sinh v\u00e0 lau l\u1ea1i b\u1eb1ng kh\u0103n kh\u00f4 l\u00e0 b\u1ea1n \u0111\u00e3 c\u00f3 l\u1ea1i \u0111\u01b0\u1ee3c m\u1ed9t chi\u1ebfc b\u1ebfp s\u00e1ng b\u00f3ng nh\u01b0 m\u1edbi mua.<\/p>\n<p><img class=\"aligncenter wp-image-41439 size-full\" src=\"https:\/\/thucpham.com\/wp-content\/uploads\/2020\/06\/bep-chien-nua-phang-nua-nham-dung-dien-modular-pk-90-80-ftres-p-001.jpg\" alt=\"\u01afu \u0110i\u1ec3m B\u1ebfp Chi\u00ean N\u1eeda Ph\u1eb3ng N\u1eeda Nh\u00e1m D\u00f9ng \u0110i\u1ec7n Modular PK 90\/80 FTRES-P\" width=\"820\" height=\"656\" srcset=\"https:\/\/thucpham.com\/vinacom\/wp-content\/uploads\/2020\/06\/bep-chien-nua-phang-nua-nham-dung-dien-modular-pk-90-80-ftres-p-001.jpg 820w, https:\/\/thucpham.com\/vinacom\/wp-content\/uploads\/2020\/06\/bep-chien-nua-phang-nua-nham-dung-dien-modular-pk-90-80-ftres-p-001-300x240.jpg 300w, https:\/\/thucpham.com\/vinacom\/wp-content\/uploads\/2020\/06\/bep-chien-nua-phang-nua-nham-dung-dien-modular-pk-90-80-ftres-p-001-768x614.jpg 768w, https:\/\/thucpham.com\/vinacom\/wp-content\/uploads\/2020\/06\/bep-chien-nua-phang-nua-nham-dung-dien-modular-pk-90-80-ftres-p-001-24x19.jpg 24w, https:\/\/thucpham.com\/vinacom\/wp-content\/uploads\/2020\/06\/bep-chien-nua-phang-nua-nham-dung-dien-modular-pk-90-80-ftres-p-001-36x29.jpg 36w, https:\/\/thucpham.com\/vinacom\/wp-content\/uploads\/2020\/06\/bep-chien-nua-phang-nua-nham-dung-dien-modular-pk-90-80-ftres-p-001-48x38.jpg 48w, https:\/\/thucpham.com\/vinacom\/wp-content\/uploads\/2020\/06\/bep-chien-nua-phang-nua-nham-dung-dien-modular-pk-90-80-ftres-p-001-510x408.jpg 510w\" sizes=\"(max-width: 820px) 100vw, 820px\" title=\"\"><\/p>\n<h2><strong><span style=\"font-size: 85%;\">L\u01b0u \u00fd khi d\u00f9ng b\u1ebfp chi\u00ean n\u1eeda ph\u1eb3ng n\u1eeda nh\u00e1m d\u00f9ng \u0111i\u1ec7n Modular PK 90\/80 FTRES-P<\/span><\/strong><\/h2>\n<ul>\n<li>L\u1eafp \u0111\u1eb7t b\u1ebfp \u1edf nh\u1eefng n\u01a1i kh\u00f4ng m\u1ea5p m\u00f4, tr\u00e1nh \u1ea9m \u01b0\u1edbt<\/li>\n<li>Ki\u1ec3m tra l\u1ea1i \u0111\u01b0\u1eddng \u0111i\u1ec7n v\u00e0 b\u1ebfp tr\u01b0\u1edbc khi s\u1eed d\u1ee5ng<\/li>\n<li>T\u00f9y ch\u1ec9nh nhi\u1ec7t \u0111\u1ed9 ph\u00f9 h\u1ee3p v\u1edbi t\u1eebng lo\u1ea1i th\u1ef1c ph\u1ea9m kh\u00e1c nhau<\/li>\n<li>V\u1ec7 sinh b\u1ebfp th\u01b0\u1eddng xuy\u00ean sau khi s\u1eed d\u1ee5ng<\/li>\n<li>Ki\u1ec3m tra b\u1ea3o d\u01b0\u1ee1ng b\u1ebfp \u0111\u1ecbnh k\u00ec<\/li>\n<\/ul>\n<p><img class=\"aligncenter wp-image-41440 size-full\" src=\"https:\/\/thucpham.com\/wp-content\/uploads\/2020\/06\/bep-chien-nua-phang-nua-nham-dung-dien-modular-pk-90-80-ftres-p-002.jpg\" alt=\"L\u01b0u \u00dd Khi D\u00f9ng B\u1ebfp Chi\u00ean N\u1eeda Ph\u1eb3ng N\u1eeda Nh\u00e1m D\u00f9ng \u0110i\u1ec7n Modular PK 90\/80 FTRES-P\" width=\"820\" height=\"656\" srcset=\"https:\/\/thucpham.com\/vinacom\/wp-content\/uploads\/2020\/06\/bep-chien-nua-phang-nua-nham-dung-dien-modular-pk-90-80-ftres-p-002.jpg 820w, https:\/\/thucpham.com\/vinacom\/wp-content\/uploads\/2020\/06\/bep-chien-nua-phang-nua-nham-dung-dien-modular-pk-90-80-ftres-p-002-300x240.jpg 300w, https:\/\/thucpham.com\/vinacom\/wp-content\/uploads\/2020\/06\/bep-chien-nua-phang-nua-nham-dung-dien-modular-pk-90-80-ftres-p-002-768x614.jpg 768w, https:\/\/thucpham.com\/vinacom\/wp-content\/uploads\/2020\/06\/bep-chien-nua-phang-nua-nham-dung-dien-modular-pk-90-80-ftres-p-002-24x19.jpg 24w, https:\/\/thucpham.com\/vinacom\/wp-content\/uploads\/2020\/06\/bep-chien-nua-phang-nua-nham-dung-dien-modular-pk-90-80-ftres-p-002-36x29.jpg 36w, https:\/\/thucpham.com\/vinacom\/wp-content\/uploads\/2020\/06\/bep-chien-nua-phang-nua-nham-dung-dien-modular-pk-90-80-ftres-p-002-48x38.jpg 48w, https:\/\/thucpham.com\/vinacom\/wp-content\/uploads\/2020\/06\/bep-chien-nua-phang-nua-nham-dung-dien-modular-pk-90-80-ftres-p-002-510x408.jpg 510w\" sizes=\"(max-width: 820px) 100vw, 820px\" title=\"\"><\/p>\n<p style=\"text-align: justify;\"><em><span style=\"font-family: arial, helvetica, sans-serif;\">B\u1ebfp chi\u00ean n\u1eeda ph\u1eb3ng n\u1eeda nh\u00e1m d\u00f9ng \u0111i\u1ec7n Modular PK 90\/80 FTRES-P&nbsp;<\/span><\/em><span style=\"font-family: arial, helvetica, sans-serif;\">l\u00e0 m\u1ed9t l\u1ef1a ch\u1ecdn t\u1ed1i \u01b0u cho c\u0103n b\u1ebfp c\u1ee7a b\u1ea1n b\u1edfi thi\u1ebft k\u1ebf hi\u1ec7n \u0111\u1ea1i, c\u00f4ng su\u1ea5t m\u1ea1nh m\u1ebd, nhi\u1ec1u ti\u1ec7n t\u00edch,&#8230; B\u1ea1n c\u0169ng c\u00f3 th\u1ec3 tham kh\u1ea3o th\u00eam c\u00e1c model <a href=\"https:\/\/thucpham.com\/bep-chien-nhung\/\">b\u1ebfp chi\u00ean nh\u00fang<\/a> kh\u00e1c \u0111\u1ec3 ch\u1ecdn \u0111\u01b0\u1ee3c s\u1ea3n ph\u1ea9m ph\u00f9 h\u1ee3p nh\u1ea5t v\u1edbi kh\u00f4ng gian b\u1ebfp v\u00e0 kinh ph\u00ed b\u1ea1n c\u00f3 th\u1ec3 chi tr\u1ea3 nh\u01b0: <span data-sheets-value=\"{&quot;1&quot;:2,&quot;2&quot;:&quot;B\u1ebfp Chi\u00ean N\u1eeda Ph\u1eb3ng N\u1eeda Nh\u00e1m D\u00f9ng \u0110i\u1ec7n Modular PK 90\/80 FTRES-T&quot;}\" data-sheets-userformat=\"{&quot;2&quot;:14466,&quot;4&quot;:{&quot;1&quot;:2,&quot;2&quot;:16777215},&quot;10&quot;:2,&quot;14&quot;:{&quot;1&quot;:2,&quot;2&quot;:3358280},&quot;15&quot;:&quot;Arial&quot;,&quot;16&quot;:10}\"><a href=\"https:\/\/thucpham.com\/bep-chien-nua-phang-nua-nham-dung-dien-modular-pk-90-80-ftres-t\/\">B\u1ebfp Chi\u00ean N\u1eeda Ph\u1eb3ng N\u1eeda Nh\u00e1m D\u00f9ng \u0110i\u1ec7n Modular PK 90\/80 FTRES-T<\/a>, <a href=\"https:\/\/thucpham.com\/bep-chien-nua-phang-nua-nham-dung-gas-modular-pk-90-80-ftrgs-t\/\">B\u1ebfp Chi\u00ean N\u1eeda Ph\u1eb3ng N\u1eeda Nh\u00e1m D\u00f9ng Gas Modular PK 90\/80 FTRGS-T<\/a>,&#8230;<\/span><\/span><\/p>\n","protected":false},"excerpt":{"rendered":"<ul>\n<li style=\"font-weight: 400;\"><span style=\"font-weight: 400; font-family: helvetica, arial, sans-serif;\">M\u1eb7t b\u1ebfp n\u1eeda nh\u00e1m, n\u1eeda ph\u1eb3ng, ch\u1ebf bi\u1ebfn \u0111a d\u1ea1ng c\u00e1c m\u00f3n chi\u00ean<\/span><\/li>\n<li style=\"font-weight: 400;\"><span style=\"font-weight: 400; font-family: helvetica, arial, sans-serif;\">To\u00e0n b\u1ed9 th\u00e2n b\u1ebfp \u0111\u1ec1u \u0111\u01b0\u1ee3c l\u00e0m b\u1eb1ng inox cao c\u1ea5p<\/span><\/li>\n<li style=\"font-weight: 400;\"><span style=\"font-weight: 400; font-family: helvetica, arial, sans-serif;\">Khay \u0111\u1ef1ng m\u1ee1 th\u1eeba c\u00f3 dung t\u00edch 1,5L\u00a0<\/span><\/li>\n<li style=\"font-weight: 400;\"><span style=\"font-weight: 400; font-family: helvetica, arial, sans-serif;\">N\u00fat v\u1eb7n \u0111i\u1ec1u ch\u1ec9nh nhi\u1ec7t \u0111\u1ed9 ri\u00eang cho t\u1eebng m\u1eb7t b\u1ebfp\u00a0<\/span><\/li>\n<li style=\"font-weight: 400;\"><span style=\"font-weight: 400; font-family: helvetica, arial, sans-serif;\">Ch\u1ed1ng d\u00ednh hi\u1ec7u qu\u1ea3, gi\u00fap m\u00f3n \u0103n lu\u00f4n th\u01a1m ngon<\/span><\/li>\n<li style=\"font-weight: 400;\"><span style=\"font-weight: 400; font-family: helvetica, arial, sans-serif;\">T\u00edch h\u1ee3p b\u1ed9 ki\u1ec3m so\u00e1t nhi\u1ec7t an to\u00e0n<\/span><\/li>\n<\/ul>\n","protected":false},"featured_media":36268,"comment_status":"open","ping_status":"closed","template":"","meta":[],"product_cat":[199,247],"product_tag":[],"_links":{"self":[{"href":"https:\/\/thucpham.com\/vinacom\/wp-json\/wp\/v2\/product\/9304"}],"collection":[{"href":"https:\/\/thucpham.com\/vinacom\/wp-json\/wp\/v2\/product"}],"about":[{"href":"https:\/\/thucpham.com\/vinacom\/wp-json\/wp\/v2\/types\/product"}],"replies":[{"embeddable":true,"href":"https:\/\/thucpham.com\/vinacom\/wp-json\/wp\/v2\/comments?post=9304"}],"wp:featuredmedia":[{"embeddable":true,"href":"https:\/\/thucpham.com\/vinacom\/wp-json\/wp\/v2\/media\/36268"}],"wp:attachment":[{"href":"https:\/\/thucpham.com\/vinacom\/wp-json\/wp\/v2\/media?parent=9304"}],"wp:term":[{"taxonomy":"product_cat","embeddable":true,"href":"https:\/\/thucpham.com\/vinacom\/wp-json\/wp\/v2\/product_cat?post=9304"},{"taxonomy":"product_tag","embeddable":true,"href":"https:\/\/thucpham.com\/vinacom\/wp-json\/wp\/v2\/product_tag?post=9304"}],"curies":[{"name":"wp","href":"https:\/\/api.w.org\/{rel}","templated":true}]}}