{"id":9289,"date":"2020-06-27T23:09:45","date_gmt":"2020-06-27T23:09:45","guid":{"rendered":"https:\/\/thucpham.com\/?post_type=product&#038;p=9289"},"modified":"2022-01-19T14:33:23","modified_gmt":"2022-01-19T07:33:23","slug":"bep-chien-nhung-don-dung-dien-modular","status":"publish","type":"product","link":"https:\/\/thucpham.com\/vinacom\/bep-chien-nhung-don-dung-dien-modular\/","title":{"rendered":"B\u1ebfp Chi\u00ean Nh\u00fang \u0110\u01a1n D\u00f9ng \u0110i\u1ec7n Modular PK 90\/40 FRE15X"},"content":{"rendered":"<h2><strong><span style=\"font-size: 85%;\">Th\u00f4ng tin s\u1ea3n ph\u1ea9m<\/span><\/strong><\/h2>\n<p style=\"text-align: justify;\"><span style=\"font-family: arial, helvetica, sans-serif;\"><b>B\u1ebfp chi\u00ean nh\u00fang \u0111\u01a1n d\u00f9ng \u0111i\u1ec7n Modular PK 90\/40 FRE15X<\/b><span style=\"font-weight: 400;\"> l\u00e0 <\/span><span style=\"font-weight: 400;\">m\u1ed9t ph\u1ea7n kh\u00f4ng th\u1ec3 thi\u1ebfu trong c\u00e1c nh\u00e0 h\u00e0ng, qu\u00e1n \u0103n. B\u1ebfp c\u00f3 c\u1ea5u t\u1ea1o vu\u00f4ng v\u1eafn, s\u1ea3n xu\u1ea5t t\u1eeb nh\u1eefng ch\u1ea5t li\u1ec7u cao c\u1ea5p, v\u1eadn h\u00e0nh d\u1ec5 d\u00e0ng n\u00ean \u0111\u01b0\u1ee3c kh\u00e1ch h\u00e0ng \u0111\u00e1nh gi\u00e1 cao v\u00e0 s\u1eed d\u1ee5ng ng\u00e0y c\u00e0ng nhi\u1ec1u. B\u1ebfp s\u1edf h\u1eefu dung t\u00edch khoang ch\u1ee9a d\u1ea7u l\u00ean \u0111\u1ebfn 15L, cho ph\u00e9p chi\u00ean r\u00e1n th\u1ef1c ph\u1ea9m v\u1edbi s\u1ed1 l\u01b0\u1ee3ng nhi\u1ec1u c\u00f9ng l\u00fac.<\/span><\/span><\/p>\n<p><span style=\"font-family: helvetica, arial, sans-serif;\"><img class=\"aligncenter\" src=\"https:\/\/thucpham.com\/wp-content\/uploads\/2020\/06\/bep-chien-nhung-don-dung-dien-modular-005.jpg\" alt=\"B\u1ebfp Chi\u00ean Nh\u00fang \u0110\u01a1n D\u00f9ng \u0110i\u1ec7n Modular PK 90\/40 FRE15X\" width=\"820\" height=\"656\" title=\"\"><\/span><\/p>\n<p style=\"text-align: center;\"><span style=\"font-family: helvetica, arial, sans-serif;\"><em>Th\u00f4ng tin s\u1ea3n ph\u1ea9m <span style=\"font-family: arial, helvetica, sans-serif;\">B\u1ebfp chi\u00ean nh\u00fang \u0111\u01a1n d\u00f9ng \u0111i\u1ec7n Modular PK 90\/40 FRE15X<\/span><\/em><\/span><\/p>\n<h2><strong><span style=\"font-size: 85%;\">\u01afu \u0111i\u1ec3m s\u1ea3n ph\u1ea9m<\/span><\/strong><\/h2>\n<h3><strong><span style=\"font-size: 100%;\">Ch\u1ea5t li\u1ec7u th\u00e9p cao c\u1ea5p<\/span><\/strong><\/h3>\n<p style=\"text-align: justify;\"><span style=\"font-family: arial, helvetica, sans-serif;\"><span style=\"font-weight: 400;\"><strong><b>B\u1ebfp chi\u00ean nh\u00fang \u0111\u01a1n d\u00f9ng \u0111i\u1ec7n Modular PK 90\/40 FRE15X<\/b> <\/strong>c\u00f3&nbsp;to\u00e0n b\u1ed9 th\u00e2n b\u1ebfp l\u00e0m b\u1eb1ng <a href=\"https:\/\/vi.wikipedia.org\/wiki\/Th%C3%A9p_kh%C3%B4ng_g%E1%BB%89\" target=\"_blank\" rel=\"noopener nofollow\" data-schema-attribute=\"\">inox AISI 304 cao c\u1ea5p<\/a><\/span><span style=\"font-weight: 400;\">, c\u00f3 \u0111\u1eb7c t\u00ednh b\u1ec1n b\u1ec9, ch\u1ecbu \u0111\u01b0\u1ee3c nhi\u1ec7t \u0111\u1ed9 cao, kh\u00f4ng b\u1ecb hao m\u00f2n, r\u1ec9 s\u1eaft hay bi\u1ebfn d\u1ea1ng sau th\u1eddi gian d\u00e0i s\u1eed d\u1ee5ng. <\/span><span style=\"font-weight: 400;\">Ch\u1ea5t li\u1ec7u inox c\u0169ng \u00edt b\u00e1m b\u1ee5i b\u1ea9n, gi\u00fap b\u1ea1n v\u1ec7 sinh s\u1ea1ch s\u1ebd thi\u1ebft b\u1ecb m\u1ed7i ng\u00e0y m\u00e0 kh\u00f4ng m\u1ea5t qu\u00e1 nhi\u1ec1u th\u1eddi gian<\/span><span style=\"font-weight: 400;\"> v\u00e0 c\u00f4ng s\u1ee9c. \u0110\u00e2y c\u0169ng l\u00e0 m\u1ed9t ch\u1ea5t li\u1ec7u kh\u00f4ng th\u00f4i nhi\u1ec5m kim lo\u1ea1i n\u00ean r\u1ea5t \u0111\u1ea3m b\u1ea3o an to\u00e0n v\u1ec7 sinh trong ch\u1ebf bi\u1ebfn th\u1ef1c ph\u1ea9m<\/span><\/span><\/p>\n<h3><strong><span style=\"font-size: 100%;\">C\u00f4ng su\u1ea5t m\u1ea1nh m\u1ebd an to\u00e0n<\/span><\/strong><\/h3>\n<p style=\"text-align: justify;\"><span style=\"font-family: arial, helvetica, sans-serif;\"><b>B\u1ebfp chi\u00ean nh\u00fang \u0111\u01a1n d\u00f9ng \u0111i\u1ec7n Modular PK 90\/40 FRE15X<\/b> c\u00f3 c\u00f4ng su\u1ea5t 10,2 KW <span style=\"font-weight: 400;\">cho ph\u00e9p ki\u1ec3m so\u00e1t nhi\u1ec7t \u0111\u1ed9 d\u1ea7u s\u00f4i l\u00ean \u0111\u1ebfn 190 \u0111\u1ed9 C, do v\u1eady th\u1ef1c ph\u1ea9m d\u00f9 c\u00f3 k\u00edch th\u01b0\u1edbc nh\u1ecf hay l\u1edbn \u0111\u1ec1u \u0111\u01b0\u1ee3c ch\u00edn nhanh ch\u00f3ng nh\u1edd chi\u1ebfc b\u1ebfp n\u00e0y. <\/span><\/span><\/p>\n<p style=\"text-align: justify;\"><span style=\"font-family: arial, helvetica, sans-serif;\"><span style=\"font-weight: 400;\">B\u1ea1n c\u0169ng d\u1ec5 d\u00e0ng \u0111i\u1ec1u ch\u1ec9nh nhi\u1ec7t \u0111\u1ed9 c\u1ee7a b\u1ebfp <\/span><span style=\"font-weight: 400;\">\u0111\u1ec3 ph\u00f9 h\u1ee3p v\u1edbi t\u1eebng m\u00f3n chi\u00ean th\u00f4ng qua n\u00fat v\u1eb7n \u1edf ph\u00eda tr\u01b0\u1edbc. <\/span><span style=\"font-weight: 400;\">B\u1ed9 \u0111i\u1ec1u ch\u1ec9nh nhi\u1ec7t \u0111\u1ed9 c\u1ee7a <\/span><span style=\"font-weight: 400;\">b\u1ed9 \u0111i\u1ec1u ch\u1ec9nh nhi\u1ec7t c\u0169ng c\u00f3 nhi\u1ec7m v\u1ee5 ng\u1eaft \u0111i\u1ec7n k\u1ecbp th\u1eddi khi ph\u00e1t hi\u1ec7n nhi\u1ec7t \u0111\u1ed9 c\u1ee7a d\u1ea7u s\u00f4i qu\u00e1 m\u1ee9c cho ph\u00e9p \u0111\u1ec3 tr\u00e1nh qu\u00e1 t\u1ea3i g\u00e2y nguy hi\u1ec3m cho ng\u01b0\u1eddi d\u00f9ng.<\/span><\/span><\/p>\n<h3><strong><span style=\"font-size: 100%;\">An to\u00e0n khi s\u1eed d\u1ee5ng<\/span><\/strong><\/h3>\n<p style=\"text-align: justify;\">B\u1ebfp c\u00f3 n\u00fam v\u1eb7n ch\u1ec9nh nhi\u1ec7t \u0111\u1ed9 v\u00e0 \u0111\u00e8n Led b\u00e1o hi\u1ec7u t\u00ecnh tr\u1ea1ng ho\u1ea1t \u0111\u1ed9ng c\u1ee7a b\u1ebfp \u0111\u1ec3 b\u1ea1n c\u00f3 th\u1ec3 ki\u1ec3m so\u00e1t nhi\u1ec7t \u0111\u1ed9 m\u1ed9t c\u00e1ch d\u1ec5 d\u00e0ng. Ngo\u00e0i h\u1ec7 th\u1ed1ng ng\u1eaft \u0111i\u1ec7n t\u1ef1 \u0111\u1ed9ng tr\u00e1nh ch\u00e1y n\u1ed5 khi d\u1ea7u s\u00f4i qu\u00e1 230 \u0111\u1ed9 C. <span style=\"font-family: arial, helvetica, sans-serif;\"><b>B\u1ebfp chi\u00ean nh\u00fang \u0111\u01a1n d\u00f9ng \u0111i\u1ec7n Modular PK 90\/40 FRE15X<\/b><\/span><span style=\"font-family: arial, helvetica, sans-serif;\"><span style=\"font-weight: 400;\"><strong>&nbsp;<\/strong>c\u00f2n c\u00f3 m\u1ed9t th\u00e0nh khoang chi\u00ean d\u00e0y v\u00e0 cao \u0111\u1ec3 tr\u00e1nh cho vi\u1ec7c ti\u1ebfp x\u00fac c\u1ee7a \u0111\u1ea7u b\u1ebfp v\u00e0 kh\u00f4ng b\u1ecb d\u1ea7u m\u1ee1 b\u1eafn v\u00e0o g\u00e2y nguy hi\u1ec3m.<\/span><\/span><\/p>\n<p style=\"text-align: justify;\">Khoang \u0111\u1ed9ng c\u01a1 \u0111\u01b0\u1ee3c l\u1eafp \u0111\u1eb7t k\u00edn \u1edf ph\u00eda d\u01b0\u1edbi tr\u00e1nh v\u1edbi c\u00e1c linh ki\u1ec7n \u0111\u1ea1t ti\u00eau chu\u1ea9n tr\u00e1nh r\u1ee7i ro ch\u1eadp ch\u00e1y. B\u1ebfp c\u00f3 4 ch\u00e2n inox cao, v\u1eefng ch\u1eafc gi\u00fap b\u1ebfp tr\u00e1nh ti\u1ebfp x\u00fac v\u1edbi m\u1eb7t s\u00e0n kh\u00f4ng s\u1ee3 \u1ea9m \u01b0\u1edbt g\u00e2y \u1ea3nh h\u01b0\u1edfng \u0111\u1ebfn \u0111\u1ed9ng c\u01a1.<\/p>\n<h3><strong><span style=\"font-size: 100%;\">Kh\u00e2u v\u1ec7 sinh thu\u1eadn ti\u1ec7n<\/span><\/strong><\/h3>\n<p style=\"text-align: justify;\"><span style=\"font-family: arial, helvetica, sans-serif;\"><span style=\"font-weight: 400;\"><strong><b>B\u1ebfp chi\u00ean nh\u00fang \u0111\u01a1n d\u00f9ng \u0111i\u1ec7n Modular PK 90\/40 FRE15X<\/b> <\/strong>l\u00e0m b\u1eb1ng th\u00e9p kh\u00f4ng g\u1ec9 ch\u1ed1ng b\u00e1m b\u1ea9n, b\u00e1m d\u1ea7u m\u1ee1 n\u00ean vi\u1ec7c v\u1ec7 sinh cho b\u1ebfp c\u0169ng th\u1eadt d\u1ec5 d\u00e0ng. Khay chi\u00ean th\u00e1o l\u1eafp d\u1ec5 d\u00e0ng thu\u1eadn ti\u1ec7n cho vi\u1ec7c c\u1ecd r\u1eeda. B\u1ea1n ch\u1ec9 c\u1ea7n t\u1ed1n ch\u00fat c\u00f4ng s\u1ee9c l\u00e0 chi\u1ebfc b\u1ebfp l\u1ea1i s\u00e1ng b\u00f3ng nh\u01b0 m\u1edbi.<\/span><\/span><\/p>\n<p><img class=\"aligncenter wp-image-41419 size-full\" src=\"https:\/\/thucpham.com\/wp-content\/uploads\/2020\/06\/bep-chien-nhung-don-dung-dien-modular-001.jpg\" alt=\"B\u1ebfp chi\u00ean nh\u00fang \u0111\u01a1n d\u00f9ng \u0111i\u1ec7n Modular PK 90\/40 FRE15X\" width=\"820\" height=\"656\" srcset=\"https:\/\/thucpham.com\/vinacom\/wp-content\/uploads\/2020\/06\/bep-chien-nhung-don-dung-dien-modular-001.jpg 820w, https:\/\/thucpham.com\/vinacom\/wp-content\/uploads\/2020\/06\/bep-chien-nhung-don-dung-dien-modular-001-300x240.jpg 300w, https:\/\/thucpham.com\/vinacom\/wp-content\/uploads\/2020\/06\/bep-chien-nhung-don-dung-dien-modular-001-768x614.jpg 768w, https:\/\/thucpham.com\/vinacom\/wp-content\/uploads\/2020\/06\/bep-chien-nhung-don-dung-dien-modular-001-24x19.jpg 24w, https:\/\/thucpham.com\/vinacom\/wp-content\/uploads\/2020\/06\/bep-chien-nhung-don-dung-dien-modular-001-36x29.jpg 36w, https:\/\/thucpham.com\/vinacom\/wp-content\/uploads\/2020\/06\/bep-chien-nhung-don-dung-dien-modular-001-48x38.jpg 48w, https:\/\/thucpham.com\/vinacom\/wp-content\/uploads\/2020\/06\/bep-chien-nhung-don-dung-dien-modular-001-510x408.jpg 510w\" sizes=\"(max-width: 820px) 100vw, 820px\" title=\"\"><\/p>\n<p style=\"text-align: center;\"><em><span style=\"font-family: arial, helvetica, sans-serif;\">\u01afu \u0111i\u1ec3m c\u1ee7a b\u1ebfp chi\u00ean nh\u00fang \u0111\u01a1n d\u00f9ng \u0111i\u1ec7n Modular PK 90\/40 FRE15X<\/span><\/em><\/p>\n<h2><strong><span style=\"font-size: 85%;\">L\u01b0u \u00fd khi d\u00f9ng b\u1ebfp Chi\u00ean Nh\u00fang \u0110\u01a1n D\u00f9ng \u0110i\u1ec7n Modular PK 90\/40 FRE15X<\/span><\/strong><\/h2>\n<p style=\"text-align: justify;\">V\u1edbi thi\u1ebft k\u1ebf nh\u1ecf g\u1ecdn, hi\u1ec7n \u0111\u1ea1i b\u1ea1n c\u00f3 th\u1ec3 l\u1eafp \u0111\u1eb7t <span style=\"font-family: arial, helvetica, sans-serif;\"><b>b\u1ebfp chi\u00ean nh\u00fang \u0111\u01a1n d\u00f9ng \u0111i\u1ec7n Modular PK 90\/40 FRE15X<\/b><\/span><span style=\"font-family: arial, helvetica, sans-serif;\"><span style=\"font-weight: 400;\"><strong>&nbsp;<\/strong><\/span><\/span>b\u1ea5t c\u1ee9 \u0111\u00e2u trong khu b\u1ebfp nh\u01b0ng c\u0169ng ph\u1ea3i l\u01b0u \u00fd m\u1ed9t v\u00e0i \u0111i\u1ec1u sau:<\/p>\n<ul>\n<li>B\u1ea1n lu\u00f4n ph\u1ea3i ki\u1ec3m tra b\u1ebfp tr\u01b0\u1edbc khi s\u1eed d\u1ee5ng<\/li>\n<li>T\u00f9y ch\u1ec9nh nhi\u1ec7t \u0111\u1ed9 ph\u00f9 h\u1ee3p v\u1edbi t\u1eebng m\u00f3n \u0103n<\/li>\n<li>V\u1ec7 sinh b\u1ebfp th\u01b0\u1eddng xuy\u00ean sau khi d\u00f9ng<\/li>\n<li>Ki\u1ec3m tra b\u1ea3o d\u01b0\u1ee1ng b\u1ebfp \u0111\u1ecbnh k\u00ec \u0111\u00fang th\u1eddi gian<\/li>\n<\/ul>\n<p style=\"text-align: justify;\"><em><span style=\"font-family: arial, helvetica, sans-serif;\">B\u1ebfp chi\u00ean nh\u00fang \u0111\u01a1n d\u00f9ng \u0111i\u1ec7n Modular PK 90\/40 FRE15X<\/span> <\/em>th\u1ef1c s\u1ef1 l\u00e0 gi\u1ea3i ph\u00e1p ho\u00e0n h\u1ea3o cho c\u00e1c m\u00f3n \u0103n chi\u00ean r\u00e1n trong nh\u00e0 b\u1ebfp. Ngo\u00e0i ra Modular c\u00f2n c\u00f3 c\u00e1c d\u00f2ng s\u1ea3n ph\u1ea9m kh\u00e1c c\u00f9ng ph\u00e2n kh\u00fac nh\u01b0: <span data-sheets-value=\"{&quot;1&quot;:2,&quot;2&quot;:&quot;B\u1ebfp Chi\u00ean Nh\u00fang \u0110\u00f4i D\u00f9ng \u0110i\u1ec7n Modular&quot;}\" data-sheets-userformat=\"{&quot;2&quot;:14466,&quot;4&quot;:{&quot;1&quot;:2,&quot;2&quot;:16777215},&quot;10&quot;:2,&quot;14&quot;:{&quot;1&quot;:2,&quot;2&quot;:3358280},&quot;15&quot;:&quot;Arial&quot;,&quot;16&quot;:10}\"><a href=\"https:\/\/thucpham.com\/bep-chien-nhung-doi-dung-dien-modular\/\">B\u1ebfp Chi\u00ean Nh\u00fang \u0110\u00f4i D\u00f9ng \u0110i\u1ec7n Modular<\/a>, <a href=\"https:\/\/thucpham.com\/bep-chien-nhung-don-dung-gas-modular\/\">B\u1ebfp Chi\u00ean Nh\u00fang \u0110\u01a1n D\u00f9ng Gas Modular<\/a>,&#8230; <\/span>T\u00f9y&nbsp;v\u00e0o nhu c\u1ea7u s\u1eed d\u1ee5ng v\u00e0 ng\u00e2n s\u00e1ch c\u1ee7a b\u1ea1n m\u00e0 h\u00e3y ch\u1ecdn cho m\u00ecnh m\u1ed9t s\u1ea3n ph\u1ea9m <a href=\"https:\/\/thucpham.com\/bep-chien-nhung\/\">b\u1ebfp chi\u00ean nh\u00fang<\/a> \u01b0ng \u00fd nh\u1ea5t.<\/p>\n","protected":false},"excerpt":{"rendered":"<ul>\n<li style=\"font-weight: 400;\"><span style=\"font-weight: 400; font-family: helvetica, arial, sans-serif;\">Ch\u1ea5t li\u1ec7u inox AISI 304 cao c\u1ea5p, s\u00e1ng b\u00f3ng, b\u1ec1n ch\u1eafc<\/span><\/li>\n<li style=\"font-weight: 400;\"><span style=\"font-weight: 400; font-family: helvetica, arial, sans-serif;\">Khoang ch\u1ee9a d\u1ea7u c\u00f3 dung t\u00edch 15L, chi\u00ean nh\u00fang nhi\u1ec1u th\u1ef1c ph\u1ea9m<\/span><\/li>\n<li style=\"font-weight: 400;\"><span style=\"font-weight: 400; font-family: helvetica, arial, sans-serif;\">B\u1ed9 \u0111i\u1ec1u ch\u1ec9nh nhi\u1ec7t \u0111\u1ed9 c\u00f3 th\u1ec3 ki\u1ec3m so\u00e1t nhi\u1ec7t \u0111\u1ed9 d\u1ea7u s\u00f4i l\u00ean \u0111\u1ebfn 190 \u0111\u1ed9 C<\/span><\/li>\n<li style=\"font-weight: 400;\"><span style=\"font-weight: 400; font-family: helvetica, arial, sans-serif;\">S\u1ea3n ph\u1ea9m \u0111\u01b0\u1ee3c s\u1ea3n xu\u1ea5t v\u00e0 l\u1eafp r\u00e1p t\u1ea1i \u00dd<\/span><\/li>\n<\/ul>\n","protected":false},"featured_media":36211,"comment_status":"open","ping_status":"closed","template":"","meta":[],"product_cat":[199,247],"product_tag":[],"_links":{"self":[{"href":"https:\/\/thucpham.com\/vinacom\/wp-json\/wp\/v2\/product\/9289"}],"collection":[{"href":"https:\/\/thucpham.com\/vinacom\/wp-json\/wp\/v2\/product"}],"about":[{"href":"https:\/\/thucpham.com\/vinacom\/wp-json\/wp\/v2\/types\/product"}],"replies":[{"embeddable":true,"href":"https:\/\/thucpham.com\/vinacom\/wp-json\/wp\/v2\/comments?post=9289"}],"wp:featuredmedia":[{"embeddable":true,"href":"https:\/\/thucpham.com\/vinacom\/wp-json\/wp\/v2\/media\/36211"}],"wp:attachment":[{"href":"https:\/\/thucpham.com\/vinacom\/wp-json\/wp\/v2\/media?parent=9289"}],"wp:term":[{"taxonomy":"product_cat","embeddable":true,"href":"https:\/\/thucpham.com\/vinacom\/wp-json\/wp\/v2\/product_cat?post=9289"},{"taxonomy":"product_tag","embeddable":true,"href":"https:\/\/thucpham.com\/vinacom\/wp-json\/wp\/v2\/product_tag?post=9289"}],"curies":[{"name":"wp","href":"https:\/\/api.w.org\/{rel}","templated":true}]}}