{"id":9275,"date":"2020-06-27T22:50:03","date_gmt":"2020-06-27T22:50:03","guid":{"rendered":"https:\/\/thucpham.com\/?post_type=product&#038;p=9275"},"modified":"2022-01-15T15:12:08","modified_gmt":"2022-01-15T08:12:08","slug":"bep-chien-nua-phang-nua-nham-dung-dien-berjaya-eg3500hr-17","status":"publish","type":"product","link":"https:\/\/thucpham.com\/vinacom\/bep-chien-nua-phang-nua-nham-dung-dien-berjaya-eg3500hr-17\/","title":{"rendered":"B\u1ebfp Chi\u00ean N\u1eeda Ph\u1eb3ng N\u1eeda Nh\u00e1m D\u00f9ng \u0110i\u1ec7n Berjaya EG3500HR-17"},"content":{"rendered":"<h2 style=\"text-align: justify;\"><strong><span style=\"font-size: 80%;\">M\u00f4 t\u1ea3 s\u1ea3n ph\u1ea9m<\/span><\/strong><\/h2>\n<p style=\"text-align: justify;\"><b>B\u1ebfp chi\u00ean n\u1eeda ph\u1eb3ng n\u1eeda nh\u00e1m d\u00f9ng \u0111i\u1ec7n Berjaya EG3500HR-17<\/b><span style=\"font-weight: 400;\"> l\u00e0 m\u1ed9t thi\u1ebft b\u1ecb c\u00f3 thi\u1ebft k\u1ebf v\u00f4 c\u00f9ng \u0111\u1eb9p m\u1eaft, g\u00f3p ph\u1ea7n gi\u00fap kh\u00f4ng gian b\u1ebfp c\u1ee7a b\u1ea1n tr\u1edf n\u00ean hi\u1ec7n \u0111\u1ea1i, sang tr\u1ecdng h\u01a1n. S\u1ea3n ph\u1ea9m \u0111\u01b0\u1ee3c nh\u1eadp kh\u1ea9u tr\u1ef1c ti\u1ebfp t\u1eeb Malaysia, v\u1eadn h\u00e0nh \u0111\u01a1n gi\u1ea3n \u0111\u1ed3ng th\u1eddi r\u1ea5t d\u1ec5 lau ch\u00f9i sau m\u1ed7i l\u1ea7n s\u1eed d\u1ee5ng.&nbsp;<\/span><\/p>\n<p><img class=\"aligncenter wp-image-11854 size-full\" src=\"https:\/\/thucpham.com\/wp-content\/uploads\/2020\/06\/bep-chien-nua-phang-nua-nham-dung-dien-berjaya-eg3500hr-17-banner.jpg\" alt=\"B\u1ebfp Chi\u00ean N\u1eeda Ph\u1eb3ng N\u1eeda Nh\u00e1m D\u00f9ng \u0110i\u1ec7n Berjaya EG3500HR-17\" width=\"820\" height=\"656\" srcset=\"https:\/\/thucpham.com\/vinacom\/wp-content\/uploads\/2020\/06\/bep-chien-nua-phang-nua-nham-dung-dien-berjaya-eg3500hr-17-banner.jpg 820w, https:\/\/thucpham.com\/vinacom\/wp-content\/uploads\/2020\/06\/bep-chien-nua-phang-nua-nham-dung-dien-berjaya-eg3500hr-17-banner-300x240.jpg 300w, https:\/\/thucpham.com\/vinacom\/wp-content\/uploads\/2020\/06\/bep-chien-nua-phang-nua-nham-dung-dien-berjaya-eg3500hr-17-banner-768x614.jpg 768w, https:\/\/thucpham.com\/vinacom\/wp-content\/uploads\/2020\/06\/bep-chien-nua-phang-nua-nham-dung-dien-berjaya-eg3500hr-17-banner-24x19.jpg 24w, https:\/\/thucpham.com\/vinacom\/wp-content\/uploads\/2020\/06\/bep-chien-nua-phang-nua-nham-dung-dien-berjaya-eg3500hr-17-banner-36x29.jpg 36w, https:\/\/thucpham.com\/vinacom\/wp-content\/uploads\/2020\/06\/bep-chien-nua-phang-nua-nham-dung-dien-berjaya-eg3500hr-17-banner-48x38.jpg 48w, https:\/\/thucpham.com\/vinacom\/wp-content\/uploads\/2020\/06\/bep-chien-nua-phang-nua-nham-dung-dien-berjaya-eg3500hr-17-banner-510x408.jpg 510w\" sizes=\"(max-width: 820px) 100vw, 820px\" title=\"\"><\/p>\n<p style=\"text-align: center;\"><em>Th\u00f4ng tin s\u1ea3n ph\u1ea9m b\u1ebfp chi\u00ean n\u1eeda ph\u1eb3ng n\u1eeda nh\u00e1m d\u00f9ng \u0111i\u1ec7n Berjaya EG3500HR-17<\/em><\/p>\n<h2 style=\"text-align: justify;\"><strong><span style=\"font-size: 80%;\">\u01afu \u0111i\u1ec3m s\u1ea3n ph\u1ea9m<\/span><\/strong><\/h2>\n<h3 style=\"text-align: justify;\"><strong><span style=\"font-size: 90%;\">Thi\u1ebft k\u1ebf \u0111\u1eb7c bi\u1ec7t<\/span><\/strong><\/h3>\n<p style=\"text-align: justify;\"><span style=\"font-weight: 400;\">\u0110\u1eb7c \u0111i\u1ec3m n\u1ed5i b\u1eadt c\u1ee7a <strong>b\u1ebfp chi\u00ean n\u1eeda ph\u1eb3ng n\u1eeda nh\u00e1m d\u00f9ng \u0111i\u1ec7n Berjaya EG3500HR-17<\/strong> l\u00e0 chia l\u00e0m 2 m\u1eb7t chi\u00ean t\u00e1ch bi\u1ec7t, m\u1ed9t b\u00ean l\u00e0 m\u1eb7t tr\u01a1n c\u00f2n b\u00ean kia l\u00e0 m\u1eb7t nh\u00e1m, \u0111i\u1ec1u n\u00e0y gi\u00fap b\u1ea1n linh ho\u1ea1t trong vi\u1ec7c n\u1ea5u n\u01b0\u1edbng c\u00e1c m\u00f3n \u0103n kh\u00e1c nhau, t\u00f9y nhu c\u1ea7u s\u1eed d\u1ee5ng. M\u1eb7t kh\u00e1c, v\u1edbi k\u00edch th\u01b0\u1edbc v\u00f9ng m\u1eb7t chi\u00ean r\u1ed9ng (597 x 457 x 12mm), ng\u01b0\u1eddi d\u00f9ng ho\u00e0n to\u00e0n c\u00f3 th\u1ec3 chi\u00ean r\u00e1n c\u00f9ng m\u1ed9t l\u00fac m\u1ed9t l\u01b0\u1ee3ng l\u1edbn \u0111\u1ed3 \u0103n, gi\u00fap ti\u1ebft ki\u1ec7m th\u1eddi gian v\u00e0 c\u00f4ng s\u1ee9c.<\/span><\/p>\n<h3 style=\"text-align: justify;\"><strong><span style=\"font-size: 90%;\">C\u1ea5u t\u1ea1o hi\u1ec7n \u0111\u1ea1i<\/span><\/strong><\/h3>\n<p style=\"text-align: justify;\"><span style=\"font-weight: 400;\">Th\u00e2n b\u1ebfp chi\u00ean d\u00f9ng \u0111i\u1ec7n \u0111\u01b0\u1ee3c l\u00e0m ho\u00e0n to\u00e0n b\u1eb1ng <a href=\"https:\/\/vi.wikipedia.org\/wiki\/Th%C3%A9p_kh%C3%B4ng_g%E1%BB%89\" target=\"_blank\" rel=\"noopener nofollow\" data-schema-attribute=\"\">th\u00e9p kh\u00f4ng g\u1ec9<\/a>, b\u1ec1n b\u1ec9 theo th\u1eddi gian. H\u1ec7 th\u1ed1ng ch\u1eafn m\u1ee1 xung quanh b\u1ec1 m\u1eb7t b\u1ebfp c\u0169ng khi\u1ebfn cho ng\u01b0\u1eddi d\u00f9ng an t\u00e2m h\u01a1n khi chi\u00ean r\u00e1n, kh\u00f4ng lo b\u1ecb d\u1ea7u m\u1ee1 b\u1eafn v\u00e0o ng\u01b0\u1eddi. B\u1ebfp c\u00f2n c\u00f3 h\u1ec7 th\u1ed1ng \u0111i\u1ec1u ch\u1ec9nh n\u00fam nhi\u1ec7t \u0111\u1ed9 t\u1eeb 50\u00baC &#8211; 300\u00baC cho ph\u00e9p b\u1ea1n \u0111i\u1ec1u ch\u1ec9nh v\u00e0 ki\u1ec3m so\u00e1t nhi\u1ec7t theo \u00fd mu\u1ed1n. K\u1ebft h\u1ee3p c\u00f9ng h\u1ec7 th\u1ed1ng \u0111\u00e8n b\u00e1o t\u00edn hi\u1ec7u gi\u00fap ng\u01b0\u1eddi d\u00f9ng d\u1ec5 d\u00e0ng quan s\u00e1t trong qu\u00e1 tr\u00ecnh s\u1eed d\u1ee5ng. Th\u00eam v\u00e0o \u0111\u00f3, b\u1ebfp chi\u00ean c\u00f2n \u0111\u01b0\u1ee3c trang b\u1ecb th\u00eam h\u1ec7 th\u1ed1ng t\u1ea3n nhi\u1ec7t ph\u00eda sau.<\/span><\/p>\n<h3 style=\"text-align: justify;\"><strong><span style=\"font-size: 90%;\">C\u00f4ng su\u1ea5t t\u1ed1i \u01b0u<\/span><\/strong><\/h3>\n<p style=\"text-align: justify;\"><span style=\"font-weight: 400;\">B\u00ean c\u1ea1nh \u0111\u00f3, <strong>b\u1ebfp chi\u00ean n\u1eeda ph\u1eb3ng n\u1eeda nh\u00e1m d\u00f9ng \u0111i\u1ec7n Berjaya EG3500HR-17<\/strong> ho\u1ea1t \u0111\u1ed9ng v\u1edbi c\u00f4ng su\u1ea5t 3500W, s\u1eed d\u1ee5ng h\u1ec7 th\u1ed1ng \u0111i\u1ec7n t\u1eeb 220V-240V gi\u00fap b\u1ec1 m\u1eb7t b\u1ebfp \u0111\u01b0\u1ee3c l\u00e0m n\u00f3ng nhanh g\u00f3p ph\u1ea7n \u0111\u1ea9y nhanh qu\u00e1 tr\u00ecnh n\u1ea5u n\u01b0\u1edbng.<\/span><\/p>\n<h3 style=\"text-align: justify;\"><span style=\"font-size: 90%;\"><strong>\u1ee8ng d\u1ee5ng th\u1ef1c ti\u1ec5n cao<\/strong><\/span><\/h3>\n<p style=\"text-align: justify;\"><span style=\"font-weight: 400;\"> S\u1ea3n ph\u1ea9m <strong>b\u1ebfp chi\u00ean n\u1eeda ph\u1eb3ng n\u1eeda nh\u00e1m d\u00f9ng \u0111i\u1ec7n Berjaya EG3500HR-17<\/strong> ng\u00e0y c\u00e0ng \u0111\u01b0\u1ee3c s\u1eed d\u1ee5ng r\u1ed9ng r\u00e3i trong c\u00e1c qu\u00e1n \u0103n l\u1edbn, kh\u00e1ch s\u1ea1n, nh\u00e0 h\u00e0ng,\u2026 v\u1edbi nhi\u1ec1u t\u00ednh n\u0103ng n\u1ed5i b\u1eadt. B\u1ebfp \u0111\u01b0\u1ee3c thi\u1ebft k\u1ebf kh\u00f4ng qu\u00e1 c\u1ed3ng k\u1ec1nh v\u1edbi 4 ch\u00e2n inox ch\u1eafc ch\u1eafn ph\u00f9 h\u1ee3p v\u1edbi nhi\u1ec1u kh\u00f4ng gian b\u1ebfp.<\/span><\/p>\n<p style=\"text-align: justify;\"><span style=\"font-weight: 400;\">C\u00f9ng v\u1edbi m\u1eb7t chi\u00ean \u0111\u1eb7c bi\u1ec7t gi\u00fap b\u1ea1n linh ho\u1ea1t trong vi\u1ec7c n\u1ea5u n\u01b0\u1edbng c\u00e1c m\u00f3n \u0103n kh\u00e1c nhau, t\u00f9y nhu c\u1ea7u s\u1eed d\u1ee5ng. B\u1ea1n ho\u00e0n to\u00e0n c\u00f3 th\u1ec3 chi\u00ean r\u00e1n c\u00f9ng m\u1ed9t l\u00fac m\u1ed9t l\u01b0\u1ee3ng l\u1edbn \u0111\u1ed3 \u0103n, gi\u00fap ti\u1ebft ki\u1ec7m th\u1eddi gian v\u00e0 c\u00f4ng s\u1ee9c. V\u1edbi ch\u1ea5t li\u1ec7u th\u00e9p kh\u00f4ng g\u1ec9 kh\u00e2u v\u1ec7 sinh s\u1ea3n ph\u1ea9m c\u0169ng th\u1eadt d\u1ec5 d\u00e0ng, ch\u1ec9 c\u1ea7n lau b\u1eb1ng v\u1ea3i \u1ea9m l\u00e0 s\u1ea1ch bong v\u1ebft b\u1ea9n, gi\u1eef kh\u00f4ng gian b\u1ebfp lu\u00f4n nh\u01b0 m\u1edbi.<\/span><\/p>\n<p><img class=\"aligncenter wp-image-41200 size-full\" src=\"https:\/\/thucpham.com\/wp-content\/uploads\/2020\/06\/bep-chien-nua-phang-nua-nham-dung-dien-berjaya-eg3500hr-17-002.jpg\" alt=\"B\u1ebfp Chi\u00ean N\u1eeda Ph\u1eb3ng N\u1eeda Nh\u00e1m D\u00f9ng \u0110i\u1ec7n Berjaya EG3500HR-17\" width=\"820\" height=\"656\" srcset=\"https:\/\/thucpham.com\/vinacom\/wp-content\/uploads\/2020\/06\/bep-chien-nua-phang-nua-nham-dung-dien-berjaya-eg3500hr-17-002.jpg 820w, https:\/\/thucpham.com\/vinacom\/wp-content\/uploads\/2020\/06\/bep-chien-nua-phang-nua-nham-dung-dien-berjaya-eg3500hr-17-002-300x240.jpg 300w, https:\/\/thucpham.com\/vinacom\/wp-content\/uploads\/2020\/06\/bep-chien-nua-phang-nua-nham-dung-dien-berjaya-eg3500hr-17-002-768x614.jpg 768w, https:\/\/thucpham.com\/vinacom\/wp-content\/uploads\/2020\/06\/bep-chien-nua-phang-nua-nham-dung-dien-berjaya-eg3500hr-17-002-24x19.jpg 24w, https:\/\/thucpham.com\/vinacom\/wp-content\/uploads\/2020\/06\/bep-chien-nua-phang-nua-nham-dung-dien-berjaya-eg3500hr-17-002-36x29.jpg 36w, https:\/\/thucpham.com\/vinacom\/wp-content\/uploads\/2020\/06\/bep-chien-nua-phang-nua-nham-dung-dien-berjaya-eg3500hr-17-002-48x38.jpg 48w, https:\/\/thucpham.com\/vinacom\/wp-content\/uploads\/2020\/06\/bep-chien-nua-phang-nua-nham-dung-dien-berjaya-eg3500hr-17-002-510x408.jpg 510w\" sizes=\"(max-width: 820px) 100vw, 820px\" title=\"\"><\/p>\n<h2 style=\"text-align: justify;\"><span style=\"font-size: 80%;\"><strong>L\u01b0u \u00fd khi s\u1eed d\u1ee5ng b\u1ebfp chi\u00ean n\u1eeda ph\u1eb3ng n\u1eeda nh\u00e1m d\u00f9ng \u0111i\u1ec7n Berjaya EG3500HR-17<\/strong><\/span><\/h2>\n<ul>\n<li style=\"font-weight: 400; text-align: justify;\" aria-level=\"1\"><span style=\"font-weight: 400;\">\u0110\u1eb7t b\u1ebfp t\u1ea1i nh\u1eefng v\u1ecb tr\u00ed cao r\u00e1o, kh\u00f4ng \u1ea9m \u01b0\u1edbt<\/span><\/li>\n<li style=\"text-align: justify;\"><span style=\"font-weight: 400;\">Ki\u1ec3m tra \u0111\u1ed9 an to\u00e0n c\u1ee7a b\u1ebfp tr\u01b0\u1edbc m\u1ed7i l\u1ea7n s\u1eed d\u1ee5ng<\/span><\/li>\n<li style=\"font-weight: 400; text-align: justify;\" aria-level=\"1\">T\u00f9y t\u1eebng m\u00f3n \u0103n h\u00e3y \u0111i\u1ec1u ch\u1ec9nh nhi\u1ec7t \u0111\u1ed9 th\u00edch h\u1ee3p nh\u1ea5t<\/li>\n<li style=\"text-align: justify;\"><span style=\"font-weight: 400;\">V\u1ec7 sinh sau m\u1ed7i l\u1ea7n s\u1eed d\u1ee5ng<\/span><\/li>\n<li style=\"font-weight: 400; text-align: justify;\" aria-level=\"1\">B\u1ea3o d\u01b0\u1ee1ng b\u1ea3o tr\u00ec \u0111\u1ecbnh k\u1ef3 trong qu\u00e1 tr\u00ecnh s\u1eed d\u1ee5ng<\/li>\n<\/ul>\n<p><img class=\"aligncenter wp-image-41201 size-full\" src=\"https:\/\/thucpham.com\/wp-content\/uploads\/2020\/06\/bep-chien-nua-phang-nua-nham-dung-dien-berjaya-eg3500hr-17-003.jpg\" alt=\"B\u1ebfp Chi\u00ean N\u1eeda Ph\u1eb3ng N\u1eeda Nh\u00e1m D\u00f9ng \u0110i\u1ec7n Berjaya EG3500HR-17\" width=\"820\" height=\"656\" srcset=\"https:\/\/thucpham.com\/vinacom\/wp-content\/uploads\/2020\/06\/bep-chien-nua-phang-nua-nham-dung-dien-berjaya-eg3500hr-17-003.jpg 820w, https:\/\/thucpham.com\/vinacom\/wp-content\/uploads\/2020\/06\/bep-chien-nua-phang-nua-nham-dung-dien-berjaya-eg3500hr-17-003-300x240.jpg 300w, https:\/\/thucpham.com\/vinacom\/wp-content\/uploads\/2020\/06\/bep-chien-nua-phang-nua-nham-dung-dien-berjaya-eg3500hr-17-003-768x614.jpg 768w, https:\/\/thucpham.com\/vinacom\/wp-content\/uploads\/2020\/06\/bep-chien-nua-phang-nua-nham-dung-dien-berjaya-eg3500hr-17-003-24x19.jpg 24w, https:\/\/thucpham.com\/vinacom\/wp-content\/uploads\/2020\/06\/bep-chien-nua-phang-nua-nham-dung-dien-berjaya-eg3500hr-17-003-36x29.jpg 36w, https:\/\/thucpham.com\/vinacom\/wp-content\/uploads\/2020\/06\/bep-chien-nua-phang-nua-nham-dung-dien-berjaya-eg3500hr-17-003-48x38.jpg 48w, https:\/\/thucpham.com\/vinacom\/wp-content\/uploads\/2020\/06\/bep-chien-nua-phang-nua-nham-dung-dien-berjaya-eg3500hr-17-003-510x408.jpg 510w\" sizes=\"(max-width: 820px) 100vw, 820px\" title=\"\"><\/p>\n<p><em><span style=\"font-weight: 400;\">B\u1ebfp chi\u00ean n\u1eeda ph\u1eb3ng n\u1eeda nh\u00e1m d\u00f9ng \u0111i\u1ec7n Berjaya EG3500HR-17 <\/span><\/em><span style=\"font-weight: 400;\">\u0111\u01b0\u1ee3c nh\u1eadp kh\u1ea9u nguy\u00ean chi\u1ebfc t\u1eeb Malaysia v\u1edbi m\u1ee9c gi\u00e1 <strong>11.400.000&nbsp;<span class=\"woocommerce-Price-currencySymbol\">\u20ab. <\/span><\/strong><span class=\"woocommerce-Price-currencySymbol\">\u0110\u00e2y l\u00e0 m\u1ed9t m\u1ee9c gi\u00e1 ho\u00e0n to\u00e0n h\u1ee3p l\u00fd so v\u1edbi nh\u1eefng t\u00ednh n\u0103ng \u01b0u vi\u1ec7t v\u00e0 thi\u1ebft k\u1ebf sang tr\u1ecdng c\u1ee7a s\u1ea3n ph\u1ea9m mang l\u1ea1i, n\u00f3 ph\u00f9 h\u1ee3p v\u1edbi m\u1ecdi gian b\u1ebfp c\u1ee7a b\u1ea1n. B\u1ea1n c\u0169ng c\u00f3 th\u1ec3 tham kh\u1ea3o th\u00eam c\u00e1c s\u1ea3n ph\u1ea9m <a href=\"https:\/\/thucpham.com\/bep-chien-nhung\/\">b\u1ebfp chi\u00ean nh\u00fang<\/a> kh\u00e1c c\u1ee7a Thucpham.com \u0111\u1ec3 c\u00f3 l\u1ef1a ch\u1ecdn t\u1ed1i \u01b0u nh\u1ea5t nh\u01b0: <a href=\"https:\/\/thucpham.com\/bep-chien-nua-phang-nua-nham-dung-dien-berjaya-eg5250hr-17\/\"><span data-sheets-value=\"{&quot;1&quot;:2,&quot;2&quot;:&quot;B\u1ebfp Chi\u00ean N\u1eeda Ph\u1eb3ng N\u1eeda Nh\u00e1m D\u00f9ng \u0110i\u1ec7n Berjaya EG5250HR-17&quot;}\" data-sheets-userformat=\"{&quot;2&quot;:14466,&quot;4&quot;:{&quot;1&quot;:2,&quot;2&quot;:16777215},&quot;10&quot;:2,&quot;14&quot;:{&quot;1&quot;:2,&quot;2&quot;:3358280},&quot;15&quot;:&quot;Arial&quot;,&quot;16&quot;:10}\">B\u1ebfp Chi\u00ean N\u1eeda Ph\u1eb3ng N\u1eeda Nh\u00e1m D\u00f9ng \u0110i\u1ec7n Berjaya EG5250HR-17<\/span><\/a>, <a href=\"https:\/\/thucpham.com\/bep-chien-phang-2-hong-dung-gas-berjaya-gg2b-17\/\"><span data-sheets-value=\"{&quot;1&quot;:2,&quot;2&quot;:&quot;B\u1ebfp Chi\u00ean Ph\u1eb3ng 2 H\u1ecdng D\u00f9ng Gas Berjaya GG2B-17&quot;}\" data-sheets-userformat=\"{&quot;2&quot;:14466,&quot;4&quot;:{&quot;1&quot;:2,&quot;2&quot;:16777215},&quot;10&quot;:2,&quot;14&quot;:{&quot;1&quot;:2,&quot;2&quot;:3358280},&quot;15&quot;:&quot;Arial&quot;,&quot;16&quot;:10}\">B\u1ebfp Chi\u00ean Ph\u1eb3ng 2 H\u1ecdng D\u00f9ng Gas Berjaya GG2B-17<\/span><\/a>,&#8230;<\/span><\/span><\/p>\n","protected":false},"excerpt":{"rendered":"<ul>\n<li style=\"font-weight: 400;\"><span style=\"font-weight: 400;\">Th\u00e2n b\u1ebfp \u0111\u01b0\u1ee3c l\u00e0m b\u1eb1ng th\u00e9p kh\u00f4ng g\u1ec9, ch\u1eafc ch\u1eafn v\u00e0 c\u00f3 \u0111\u1ed9 b\u1ec1n cao<\/span><\/li>\n<li style=\"font-weight: 400;\"><span style=\"font-weight: 400;\">H\u1ec7 th\u1ed1ng \u0111\u00e8n b\u00e1o v\u00e0 d\u00e2y ngu\u1ed3n \u0111\u1ea1t ti\u00eau chu\u1ea9n an to\u00e0n \u0111i\u1ec7n Ch\u00e2u \u00c2u<\/span><\/li>\n<li style=\"font-weight: 400;\"><span style=\"font-weight: 400;\">Th\u00e0nh ch\u1eafn b\u1ebfp cao h\u1ea1n ch\u1ebf b\u1eafn d\u1ea7u m\u1ee1 ra xung quanh<\/span><\/li>\n<li style=\"font-weight: 400;\"><span style=\"font-weight: 400;\">T\u1ea5m v\u1ec9 n\u01b0\u1edbng b\u1eb1ng th\u00e9p \u0111\u00e1nh b\u00f3ng ph\u1eb3ng d\u00e0y, \u0111\u1ea3m b\u1ea3o an to\u00e0n v\u1ec7 sinh th\u1ef1c ph\u1ea9m\u00a0<\/span><\/li>\n<li style=\"font-weight: 400;\"><span style=\"font-weight: 400;\">Khay h\u1ee9ng m\u1ee1 c\u00f3 th\u1ec3 th\u00e1o ra \u0111\u1ec3 v\u1ec7 sinh<\/span><\/li>\n<li style=\"font-weight: 400;\"><span style=\"font-weight: 400;\">V\u1eadn h\u00e0nh \u0111\u01a1n gi\u1ea3n, d\u1ec5 d\u00e0ng v\u1ec7 sinh sau m\u1ed7i l\u1ea7n s\u1eed d\u1ee5ng<\/span><\/li>\n<\/ul>\n","protected":false},"featured_media":36243,"comment_status":"open","ping_status":"closed","template":"","meta":[],"product_cat":[199,247],"product_tag":[],"_links":{"self":[{"href":"https:\/\/thucpham.com\/vinacom\/wp-json\/wp\/v2\/product\/9275"}],"collection":[{"href":"https:\/\/thucpham.com\/vinacom\/wp-json\/wp\/v2\/product"}],"about":[{"href":"https:\/\/thucpham.com\/vinacom\/wp-json\/wp\/v2\/types\/product"}],"replies":[{"embeddable":true,"href":"https:\/\/thucpham.com\/vinacom\/wp-json\/wp\/v2\/comments?post=9275"}],"wp:featuredmedia":[{"embeddable":true,"href":"https:\/\/thucpham.com\/vinacom\/wp-json\/wp\/v2\/media\/36243"}],"wp:attachment":[{"href":"https:\/\/thucpham.com\/vinacom\/wp-json\/wp\/v2\/media?parent=9275"}],"wp:term":[{"taxonomy":"product_cat","embeddable":true,"href":"https:\/\/thucpham.com\/vinacom\/wp-json\/wp\/v2\/product_cat?post=9275"},{"taxonomy":"product_tag","embeddable":true,"href":"https:\/\/thucpham.com\/vinacom\/wp-json\/wp\/v2\/product_tag?post=9275"}],"curies":[{"name":"wp","href":"https:\/\/api.w.org\/{rel}","templated":true}]}}