{"id":9268,"date":"2020-06-27T22:34:39","date_gmt":"2020-06-27T22:34:39","guid":{"rendered":"https:\/\/thucpham.com\/?post_type=product&#038;p=9268"},"modified":"2022-01-13T09:31:09","modified_gmt":"2022-01-13T02:31:09","slug":"bep-chien-phang-dung-dien-berjaya-eg3500-17","status":"publish","type":"product","link":"https:\/\/thucpham.com\/vinacom\/bep-chien-phang-dung-dien-berjaya-eg3500-17\/","title":{"rendered":"B\u1ebfp Chi\u00ean Ph\u1eb3ng D\u00f9ng \u0110i\u1ec7n Berjaya EG3500-17"},"content":{"rendered":"<h2><span style=\"color: #000000;\"><strong><span style=\"font-size: 80%;\">Th\u00f4ng tin s\u1ea3n ph\u1ea9m<\/span><\/strong><\/span><\/h2>\n<p style=\"text-align: justify;\"><span style=\"font-size: 100%; color: #000000;\"><span style=\"font-weight: 400;\">\u0110\u01b0\u1ee3c nh\u1eadp kh\u1ea9u tr\u1ef1c ti\u1ebfp t\u1eeb Malaysia, <strong>b\u1ebfp chi\u00ean ph\u1eb3ng<\/strong><\/span> <span style=\"font-weight: 400;\"><strong>d\u00f9ng \u0111i\u1ec7n Berjaya EG3500-17<\/strong> c\u00f3 thi\u1ebft k\u1ebf \u0111\u1eb9p m\u1eaft, d\u1ec5 d\u00e0ng s\u1eed d\u1ee5ng, v\u1eadn h\u00e0nh, \u0111\u1ed9 b\u1ec1n cao, an to\u00e0n khi s\u1eed d\u1ee5ng, v\u00e0 kh\u00f4ng kh\u00f3 kh\u0103n trong vi\u1ec7c lau ch\u00f9i, v\u1ec7 sinh. B\u1ebfp chi\u00ean ph\u00f9 h\u1ee3p s\u1eed d\u1ee5ng \u1edf c\u00e1c kh\u00e1ch s\u1ea1n, qu\u00e1n \u0103n, b\u1ebfp \u0103n c\u00f4ng nghi\u1ec7p, hay nh\u00e0 h\u00e0ng. B\u1ebfp chi\u00ean ph\u1eb3ng s\u1eed d\u1ee5ng \u0111i\u1ec7n n\u00ean r\u1ea5t thu\u1eadn ti\u1ec7n \u0111\u1ec3 \u0111i\u1ec1u ch\u1ec9nh v\u00e0 c\u0169ng an to\u00e0n h\u01a1n so v\u1edbi c\u00e1c thi\u1ebft b\u1ecb s\u1eed d\u1ee5ng gas.<\/span><\/span><\/p>\n<p><img class=\"aligncenter wp-image-11845 size-full\" src=\"https:\/\/thucpham.com\/wp-content\/uploads\/2020\/06\/bep-chien-phang-dung-dien-berjaya-eg3500-17-banner.jpg\" alt=\"B\u1ebfp chi\u00ean ph\u1eb3ng d\u00f9ng \u0111i\u1ec7n Berjaya EG3500-17\" width=\"820\" height=\"656\" srcset=\"https:\/\/thucpham.com\/vinacom\/wp-content\/uploads\/2020\/06\/bep-chien-phang-dung-dien-berjaya-eg3500-17-banner.jpg 820w, https:\/\/thucpham.com\/vinacom\/wp-content\/uploads\/2020\/06\/bep-chien-phang-dung-dien-berjaya-eg3500-17-banner-300x240.jpg 300w, https:\/\/thucpham.com\/vinacom\/wp-content\/uploads\/2020\/06\/bep-chien-phang-dung-dien-berjaya-eg3500-17-banner-768x614.jpg 768w, https:\/\/thucpham.com\/vinacom\/wp-content\/uploads\/2020\/06\/bep-chien-phang-dung-dien-berjaya-eg3500-17-banner-24x19.jpg 24w, https:\/\/thucpham.com\/vinacom\/wp-content\/uploads\/2020\/06\/bep-chien-phang-dung-dien-berjaya-eg3500-17-banner-36x29.jpg 36w, https:\/\/thucpham.com\/vinacom\/wp-content\/uploads\/2020\/06\/bep-chien-phang-dung-dien-berjaya-eg3500-17-banner-48x38.jpg 48w, https:\/\/thucpham.com\/vinacom\/wp-content\/uploads\/2020\/06\/bep-chien-phang-dung-dien-berjaya-eg3500-17-banner-510x408.jpg 510w\" sizes=\"(max-width: 820px) 100vw, 820px\" title=\"\"><\/p>\n<p style=\"text-align: center;\"><em>Th\u00f4ng tin s\u1ea3n ph\u1ea9m b\u1ebfp chi\u00ean ph\u1eb3ng d\u00f9ng \u0111i\u1ec7n Berjaya EG3500-17<\/em><\/p>\n<h2><span style=\"color: #000000;\"><strong><span style=\"font-size: 80%;\">\u01afu \u0111i\u1ec3m v\u01b0\u1ee3t tr\u1ed9i<\/span><\/strong><\/span><\/h2>\n<h3><span style=\"font-size: 80%; color: #000000;\"><strong>Thi\u1ebft k\u1ebf \u0111\u1eb9p m\u1eaft hi\u1ec7n \u0111\u1ea1i<\/strong><\/span><\/h3>\n<p><span style=\"font-size: 100%; color: #000000;\"><span style=\"font-weight: 400;\">Th\u00e2n b\u1ebfp \u0111\u01b0\u1ee3c ch\u1ebf t\u1ea1o t\u1eeb v\u1eadt li\u1ec7u c\u00f3 \u0111\u1ed9 b\u1ec1n cao l\u00e0<\/span> <span style=\"color: #0000ff;\"><a style=\"color: #0000ff;\" href=\"https:\/\/vi.wikipedia.org\/wiki\/Th%C3%A9p_kh%C3%B4ng_g%E1%BB%89\" target=\"_blank\" rel=\"noopener nofollow\" data-schema-attribute=\"\"><span style=\"font-weight: 400;\">th\u00e9p kh\u00f4ng g\u1ec9<\/span><\/a><\/span><span style=\"font-weight: 400;\">, t\u1ea1o cho b\u1ebfp c\u00f3 v\u1ebb ngo\u00e0i lu\u00f4n s\u00e1ng b\u00f3ng, h\u01a1n n\u1eefa ch\u1ea5t li\u1ec7u n\u00e0y c\u00f2n c\u00f3 kh\u1ea3 n\u0103ng ch\u1ecbu \u0111\u01b0\u1ee3c nhi\u1ec7t c\u0169ng nh\u01b0 va \u0111\u1eadp m\u1ea1nh, lu\u00f4n gi\u1eef cho b\u1ebfp c\u00f3 form d\u00e1ng ho\u00e0n m\u1ef9. B\u1ec1 m\u1eb7t chi\u00ean r\u00e1n \u0111\u01b0\u1ee3c l\u00e0m b\u1eb1ng t\u1ea5m th\u00e9p kh\u00f4ng g\u1ec9 d\u00e0y 12 mm c\u00f3 kh\u1ea3 n\u0103ng ch\u1ed1ng d\u00ednh v\u00e0 ch\u1ecbu nhi\u1ec7t t\u1ed1t.<\/span><\/span><\/p>\n<h3><span style=\"font-size: 80%; color: #000000;\"><strong>Kh\u1ea3 n\u0103ng v\u1eadn h\u00e0nh cao<\/strong><\/span><\/h3>\n<p><span style=\"font-size: 100%; color: #000000;\"><strong>B\u1ebfp chi\u00ean ph\u1eb3ng d\u00f9ng \u0111i\u1ec7n Berjaya EG3500-17<\/strong> s\u1eed d\u1ee5ng d\u00f2ng \u0111i\u1ec7n 220V- 240V, ho\u1ea1t \u0111\u1ed9ng v\u1edbi c\u00f4ng su\u1ea5t 3500W ph\u00f9 h\u1ee3p s\u1eed d\u1ee5ng \u1edf c\u00e1c kh\u00e1ch s\u1ea1n, qu\u00e1n \u0103n, b\u1ebfp \u0103n c\u00f4ng nghi\u1ec7p, hay nh\u00e0 h\u00e0ng. B\u00ean c\u1ea1nh \u0111\u00f3, s\u1ea3n ph\u1ea9m c\u00f3 d\u1ea3i nhi\u1ec7t \u0111\u1ed9 d\u00e0i t\u1eeb 50\u00b0C \u0111\u1ebfn 300\u00b0C, gi\u00fap b\u1ea1n d\u1ec5 d\u00e0ng \u0111i\u1ec1u ch\u1ec9nh v\u00e0 ki\u1ec3m so\u00e1t nhi\u1ec7t \u0111\u1ed9 khi n\u1ea5u \u0103n.<\/span><\/p>\n<h3><span style=\"font-size: 80%; color: #000000;\"><strong>An to\u00e0n v\u00e0 ti\u1ec7n l\u1ee3i<\/strong><\/span><\/h3>\n<p><span style=\"font-size: 100%; color: #000000;\">B\u1ebfp chi\u00ean d\u00f9ng \u0111i\u1ec7n c\u00f3 th\u00e0nh ch\u1eafn cao h\u1ea1n ch\u1ebf d\u1ea7u m\u1ee1 b\u1eafn ra xung quanh, \u0111\u1ea3m b\u1ea3o v\u1ec7 sinh trong qu\u00e1 tr\u00ecnh s\u1eed d\u1ee5ng. <span style=\"font-weight: 400;\">H\u1ec7 th\u1ed1ng t\u1ea3n nhi\u1ec7t c\u0169ng \u0111\u01b0\u1ee3c thi\u1ebft k\u1ebf r\u1ea5t b\u1eaft m\u1eaft \u1edf ph\u00eda sau, lu\u00f4n gi\u1eef cho b\u1ebfp nhi\u1ec7t \u0111\u1ed9 kh\u00f4ng b\u1ecb n\u00f3ng qu\u00e1 trong qu\u00e1 tr\u00ecnh s\u1eed d\u1ee5ng l\u00e2u d\u00e0i. D\u00e2y d\u1eabn nhi\u1ec7t \u0111\u01b0\u1ee3c l\u1eafp \u0111\u1eb7t ph\u00eda sau an to\u00e0n v\u00e0 \u0111\u00e8n b\u00e1o s\u00e1ng khi b\u1ebfp \u0111\u01b0\u1ee3c b\u1eadt s\u1eed d\u1ee5ng. Ngay ph\u00eda d\u01b0\u1edbi c\u1ee7a b\u1ebfp c\u00f2n \u0111\u01b0\u1ee3c l\u1eafp th\u00eam m\u1ed9t khay h\u1ee9ng m\u1ee1, r\u1ea5t ti\u1ec7n l\u1ee3i khi chi\u00ean r\u00e1n.<\/span><\/span><\/p>\n<h3><strong><span style=\"color: #000000; font-size: 80%;\">D\u1ec5 d\u00e0ng \u1ee9ng d\u1ee5ng th\u1ef1c ti\u1ec5n<\/span><\/strong><\/h3>\n<p><span style=\"color: #000000; font-size: 100%;\">&#8211; B\u1ebfp \u0111\u01b0\u1ee3c thi\u1ebft k\u1ebf \u0111\u1eb9p m\u1eaft, nh\u1ecf g\u1ecdn d\u1ec5 d\u00e0ng l\u1eafp \u0111\u1eb7t<\/span><\/p>\n<p><span style=\"color: #000000; font-size: 100%;\">&#8211; Vi\u1ec7c v\u1ec7 sinh b\u1ebfp c\u0169ng r\u1ea5t d\u1ec5 d\u00e0ng sau khi s\u1eed d\u1ee5ng<\/span><\/p>\n<p><span style=\"color: #000000; font-size: 100%;\">&#8211; Ph\u00f9 h\u1ee3p v\u1edbi m\u1ecdi m\u00f4 h\u00ecnh kinh doanh<\/span><\/p>\n<p><span style=\"color: #000000; font-size: 100%;\">&#8211; Ch\u1ea5t li\u1ec7u c\u00f3 \u0111\u1ed9 b\u1ec1n cao, \u0111\u1eb9p m\u1eaft, an to\u00e0n cho s\u1ee9c kh\u1ecfe<\/span><\/p>\n<p><img class=\"aligncenter wp-image-40911 size-full\" src=\"https:\/\/thucpham.com\/wp-content\/uploads\/2020\/06\/bep-chien-phang-dung-dien-berjaya-eg3500-17-001.jpg\" alt=\"B\u1ebfp Chi\u00ean Ph\u1eb3ng D\u00f9ng \u0110i\u1ec7n Berjaya EG3500-17\" width=\"820\" height=\"656\" srcset=\"https:\/\/thucpham.com\/vinacom\/wp-content\/uploads\/2020\/06\/bep-chien-phang-dung-dien-berjaya-eg3500-17-001.jpg 820w, https:\/\/thucpham.com\/vinacom\/wp-content\/uploads\/2020\/06\/bep-chien-phang-dung-dien-berjaya-eg3500-17-001-300x240.jpg 300w, https:\/\/thucpham.com\/vinacom\/wp-content\/uploads\/2020\/06\/bep-chien-phang-dung-dien-berjaya-eg3500-17-001-768x614.jpg 768w, https:\/\/thucpham.com\/vinacom\/wp-content\/uploads\/2020\/06\/bep-chien-phang-dung-dien-berjaya-eg3500-17-001-24x19.jpg 24w, https:\/\/thucpham.com\/vinacom\/wp-content\/uploads\/2020\/06\/bep-chien-phang-dung-dien-berjaya-eg3500-17-001-36x29.jpg 36w, https:\/\/thucpham.com\/vinacom\/wp-content\/uploads\/2020\/06\/bep-chien-phang-dung-dien-berjaya-eg3500-17-001-48x38.jpg 48w, https:\/\/thucpham.com\/vinacom\/wp-content\/uploads\/2020\/06\/bep-chien-phang-dung-dien-berjaya-eg3500-17-001-510x408.jpg 510w\" sizes=\"(max-width: 820px) 100vw, 820px\" title=\"\"><\/p>\n<h2><strong><span style=\"font-size: 80%;\">L\u01b0u \u00fd khi s\u1eed d\u1ee5ng b\u1ebfp chi\u00ean ph\u1eb3ng d\u00f9ng \u0111i\u1ec7n Berjaya EG3500-17<\/span><\/strong><\/h2>\n<ul>\n<li><span style=\"font-size: 100%;\">K\u1ebft n\u1ed1i \u0111i\u1ec7n an to\u00e0n tr\u01b0\u1edbc khi s\u1eed d\u1ee5ng<\/span><\/li>\n<li><span style=\"font-size: 100%;\">\u0110i\u1ec1u ch\u1ec9nh nhi\u1ec7t \u0111\u1ed9 ph\u00f9 h\u1ee3p cho t\u1eebng m\u00f3n<\/span><\/li>\n<li><span style=\"font-size: 100%;\">V\u1ec7 sinh th\u01b0\u1eddng xuy\u00ean b\u1eb1ng kh\u0103n \u1ea9m, lau l\u1ea1i b\u1eb1ng kh\u0103n kh\u00f4, kh\u00f4ng d\u00f9ng b\u00e0n ch\u1ea3i c\u1ecd x\u00e1t<\/span><\/li>\n<li><span style=\"font-size: 100%;\">B\u1ea3o tr\u00ec \u0111\u1ecbnh k\u00fd \u0111\u1ec3 b\u1ebfp lu\u00f4n trong t\u00ecnh tr\u1ea1ng ho\u1ea1t \u0111\u1ed9ng t\u1ed1t nh\u1ea5t<\/span><\/li>\n<\/ul>\n<p><em><span style=\"font-size: 100%;\">B\u1ebfp chi\u00ean ph\u1eb3ng d\u00f9ng \u0111i\u1ec7n Berjaya EG3500-17 <\/span><\/em><span style=\"font-size: 100%;\"><span class=\"woocommerce-Price-currencySymbol\"><span style=\"color: #000000;\">ph\u00f9 h\u1ee3p chi\u00ean r\u00e1n c\u00e1c lo\u1ea1i th\u1ef1c ph\u1ea9m nh\u01b0: c\u00e1, th\u1ecbt b\u00f2, th\u1ecbt l\u1ee3n, g\u00e0,\u2026 v\u00e0 c\u00e1c m\u00f3n \u0103n ph\u01b0\u01a1ng t\u00e2y. B\u1ebfp c\u00f3 gi\u00e1 b\u00e1n <strong>10.990.000 \u20ab <\/strong>ph\u00f9 h\u1ee3p \u1edf c\u00e1c m\u00f4 h\u00ecnh kinh doanh nh\u1ecf v\u00e0 v\u1eeba. Ngo\u00e0i ra, Thucpham.com c\u00f2n c\u00f3 c\u00e1c model kh\u00e1c ph\u00f9 h\u1ee3p t\u00f9y t\u1eebng nhu c\u1ea7u c\u1ee7a b\u1ea1n:<\/span> <a href=\"https:\/\/thucpham.com\/bep-chien-phang-dung-dien-berjaya-eg5250-17\/\"><span data-sheets-value=\"{&quot;1&quot;:2,&quot;2&quot;:&quot;B\u1ebfp Chi\u00ean Ph\u1eb3ng D\u00f9ng \u0110i\u1ec7n Berjaya EG5250-17&quot;}\" data-sheets-userformat=\"{&quot;2&quot;:14466,&quot;4&quot;:{&quot;1&quot;:2,&quot;2&quot;:16777215},&quot;10&quot;:2,&quot;14&quot;:{&quot;1&quot;:2,&quot;2&quot;:3358280},&quot;15&quot;:&quot;Arial&quot;,&quot;16&quot;:10}\">B\u1ebfp Chi\u00ean Ph\u1eb3ng D\u00f9ng \u0110i\u1ec7n Berjaya EG5250-17<\/span><\/a>, <a href=\"https:\/\/thucpham.com\/bep-chien-phang-dung-dien-berjaya-eg1750\/\"><span data-sheets-value=\"{&quot;1&quot;:2,&quot;2&quot;:&quot;B\u1ebfp Chi\u00ean Ph\u1eb3ng D\u00f9ng \u0110i\u1ec7n Berjaya EG1750&quot;}\" data-sheets-userformat=\"{&quot;2&quot;:14466,&quot;4&quot;:{&quot;1&quot;:2,&quot;2&quot;:16777215},&quot;10&quot;:2,&quot;14&quot;:{&quot;1&quot;:2,&quot;2&quot;:3358280},&quot;15&quot;:&quot;Arial&quot;,&quot;16&quot;:10}\">B\u1ebfp Chi\u00ean Ph\u1eb3ng D\u00f9ng \u0110i\u1ec7n Berjaya EG1750<\/span><\/a> <span style=\"color: #000000;\">v\u00e0 nhi\u1ec1u model<\/span> <a href=\"https:\/\/thucpham.com\/bep-chien-nhung\/\">b\u1ebfp chi\u00ean nh\u00fang<\/a><span style=\"color: #000000;\"> kh\u00e1c<\/span>.<\/span><\/span><\/p>\n","protected":false},"excerpt":{"rendered":"<ul>\n<li style=\"font-weight: 400;\"><span style=\"font-weight: 400;\">Th\u00e2n b\u1ebfp l\u00e0m b\u1eb1ng th\u00e9p kh\u00f4ng g\u1ec9 c\u00f3 \u0111\u1ed9 b\u1ec1n cao<\/span><\/li>\n<li style=\"font-weight: 400;\"><span style=\"font-weight: 400;\">V\u1ec9 n\u01b0\u1edbng b\u1eb1ng th\u00e9p \u0111\u00e1nh b\u00f3ng ph\u1eb3ng d\u00e0y, ch\u1ed1ng d\u00ednh hi\u1ec7u qu\u1ea3<\/span><\/li>\n<li style=\"font-weight: 400;\"><span style=\"font-weight: 400;\">Th\u00e0nh ch\u1eafn cao r\u00e1o gi\u00fap ch\u1eafn b\u1eafn d\u1ea7u m\u1ee1 ra xung quanh<\/span><\/li>\n<li style=\"font-weight: 400;\"><span style=\"font-weight: 400;\">C\u00f3 khay h\u1ee9ng m\u1ee1 th\u1eeba c\u00f3 th\u1ec3 th\u00e1o r\u1eddi \u0111\u1ec3 v\u1ec7 sinh sau khi s\u1eed d\u1ee5ng<\/span><\/li>\n<li style=\"font-weight: 400;\"><span style=\"font-weight: 400;\">B\u1ed9 \u0111i\u1ec1u khi\u1ec3n nhi\u1ec7t \u0111\u1ed9 d\u1ec5 d\u00e0ng \u0111i\u1ec1u ch\u1ec9nh v\u00e0 ki\u1ec3m so\u00e1t nhi\u1ec7t<\/span><\/li>\n<li style=\"font-weight: 400;\"><span style=\"font-weight: 400;\">Ti\u1ebft ki\u1ec7m th\u1eddi gian v\u00e0 c\u00f4ng s\u1ee9c cho ng\u01b0\u1eddi d\u00f9ng<\/span><\/li>\n<\/ul>\n","protected":false},"featured_media":36225,"comment_status":"open","ping_status":"closed","template":"","meta":[],"product_cat":[199,247],"product_tag":[],"_links":{"self":[{"href":"https:\/\/thucpham.com\/vinacom\/wp-json\/wp\/v2\/product\/9268"}],"collection":[{"href":"https:\/\/thucpham.com\/vinacom\/wp-json\/wp\/v2\/product"}],"about":[{"href":"https:\/\/thucpham.com\/vinacom\/wp-json\/wp\/v2\/types\/product"}],"replies":[{"embeddable":true,"href":"https:\/\/thucpham.com\/vinacom\/wp-json\/wp\/v2\/comments?post=9268"}],"wp:featuredmedia":[{"embeddable":true,"href":"https:\/\/thucpham.com\/vinacom\/wp-json\/wp\/v2\/media\/36225"}],"wp:attachment":[{"href":"https:\/\/thucpham.com\/vinacom\/wp-json\/wp\/v2\/media?parent=9268"}],"wp:term":[{"taxonomy":"product_cat","embeddable":true,"href":"https:\/\/thucpham.com\/vinacom\/wp-json\/wp\/v2\/product_cat?post=9268"},{"taxonomy":"product_tag","embeddable":true,"href":"https:\/\/thucpham.com\/vinacom\/wp-json\/wp\/v2\/product_tag?post=9268"}],"curies":[{"name":"wp","href":"https:\/\/api.w.org\/{rel}","templated":true}]}}