{"id":9263,"date":"2020-06-27T22:27:19","date_gmt":"2020-06-27T22:27:19","guid":{"rendered":"https:\/\/thucpham.com\/?post_type=product&#038;p=9263"},"modified":"2022-01-17T11:56:31","modified_gmt":"2022-01-17T04:56:31","slug":"bep-chien-nua-phang-nua-nham-dung-gas-modular-pk-90-80-ftrgs-t","status":"publish","type":"product","link":"https:\/\/thucpham.com\/vinacom\/bep-chien-nua-phang-nua-nham-dung-gas-modular-pk-90-80-ftrgs-t\/","title":{"rendered":"B\u1ebfp Chi\u00ean N\u1eeda Ph\u1eb3ng N\u1eeda Nh\u00e1m D\u00f9ng Gas Modular PK 90\/80 FTRGS-T"},"content":{"rendered":"<h2><strong><span style=\"font-size: 85%;\">Th\u00f4ng tin s\u1ea3n ph\u1ea9m<\/span><\/strong><\/h2>\n<p style=\"text-align: justify;\"><span style=\"font-family: helvetica, arial, sans-serif;\"><b>B\u1ebfp chi\u00ean n\u1eeda ph\u1eb3ng n\u1eeda nh\u00e1m d\u00f9ng gas Modular PK 90\/80 FTRGS-T<\/b><span style=\"font-weight: 400;\"> \u0111<\/span><span style=\"font-weight: 400;\">\u01b0\u1ee3c nh\u1eadp kh\u1ea9u nguy\u00ean chi\u1ebfc t\u1eeb<\/span> <span style=\"font-weight: 400;\">Italia, c\u00f3 thi\u1ebft k\u1ebf \u0111\u1eb9p m\u1eaft, nh\u1ecf g\u1ecdn, d\u1ec5 d\u00e0ng v\u1eadn h\u00e0nh v\u00e0 an to\u00e0n trong qu\u00e1 tr\u00ecnh \u0111un n\u1ea5u. Chi\u1ebfc b\u1ebfp n\u00e0y gi\u00fap \u0111\u1ea7u b\u1ebfp ch\u1ebf bi\u1ebfn nhi\u1ec1u m\u00f3n c\u00f9ng l\u00fac, ti\u1ebft ki\u1ec7m th\u1eddi gian v\u00e0 c\u00f4ng s\u1ee9c \u0111\u00e1ng k\u1ec3.<\/span><\/span><\/p>\n<p><img class=\"aligncenter\" src=\"https:\/\/thucpham.com\/wp-content\/uploads\/2020\/06\/bep-chien-nua-phang-nua-nham-dung-gas-modular-pk-90-80-ftrgs-t-05.jpg\" alt=\"B\u1ebfp Chi\u00ean N\u1eeda Ph\u1eb3ng N\u1eeda Nh\u00e1m D\u00f9ng Gas Modular PK 90\/80 FTRGS-T\" width=\"820\" height=\"656\" title=\"\"><\/p>\n<p style=\"text-align: center;\"><span style=\"font-family: helvetica, arial, sans-serif;\"><em>Th\u00f4ng tin s\u1ea3n ph\u1ea9m <span style=\"font-weight: 400;\"><i>b\u1ebfp <\/i><i>chi\u00ean n\u1eeda ph\u1eb3ng n\u1eeda nh\u00e1m d\u00f9ng gas Modular PK 90\/80 FTRGS-T<\/i><\/span><\/em><\/span><\/p>\n<h2><strong><span style=\"font-size: 85%;\">\u01afu \u0111i\u1ec3m s\u1ea3n ph\u1ea9m<\/span><\/strong><\/h2>\n<h3><strong><span style=\"font-size: 100%;\">Thi\u1ebft k\u1ebf ti\u1ec7n l\u1ee3i an to\u00e0n<\/span><\/strong><\/h3>\n<p style=\"text-align: justify;\"><span style=\"font-family: helvetica, arial, sans-serif;\"><span style=\"font-weight: 400;\">To\u00e0n b\u1ed9 ph\u1ea7n th\u00e2n <b>b\u1ebfp <\/b><b>chi\u00ean n\u1eeda ph\u1eb3ng n\u1eeda nh\u00e1m d\u00f9ng gas Modular PK 90\/80 FTRGS-T<\/b> l\u00e0m b\u1eb1ng inox cao c\u1ea5p v\u00e0 m\u1eb7t b\u1ebfp b\u1eb1ng <a href=\"https:\/\/vi.wikipedia.org\/wiki\/Th%C3%A9p_kh%C3%B4ng_g%E1%BB%89\" target=\"_blank\" rel=\"noopener nofollow\" data-schema-attribute=\"\">th\u00e9p kh\u00f4ng g\u1ec9 AISI 304<\/a>, mang \u0111\u1ebfn \u0111\u1ed9 b\u1ec1n cao, kh\u1ea3 n\u0103ng ch\u1ecbu l\u1ef1c, ch\u1ecbu nhi\u1ec7t t\u1ed1t cho s\u1ea3n ph\u1ea9m. B\u1ec1 m\u1eb7t n\u1ea5u \u0111\u01b0\u1ee3c h\u00e0n k\u00edn v\u1edbi m\u1eb7t b\u1ebfp nh\u1eb1m h\u1ea1n ch\u1ebf c\u00e1c l\u1ed7 h\u1edf r\u00f2 r\u1ec9 d\u1ea7u m\u1ee1 l\u00e0m \u1ea3nh h\u01b0\u1edfng \u0111\u1ebfn \u0111\u1ed9ng c\u01a1 \u0111\u1ed1t \u1edf ph\u00eda d\u01b0\u1edbi.<\/span><\/span><\/p>\n<p style=\"text-align: justify;\"><span style=\"font-family: helvetica, arial, sans-serif;\"><span style=\"font-weight: 400;\">S\u1ea3n ph\u1ea9m c\u00f3 thi\u1ebft k\u1ebf m\u1ed9t n\u1eeda m\u1eb7t b\u1ebfp ph\u1eb3ng v\u00e0 m\u1ed9t n\u1eeda m\u1eb7t b\u1ebfp nh\u00e1m v\u1edbi n\u00fat \u0111i\u1ec1u khi\u1ec3n ri\u00eang bi\u1ec7t \u0111\u1ec3 ng\u01b0\u1eddi s\u1eed d\u1ee5ng c\u00f3 th\u1ec3 \u0111i\u1ec1u ch\u1ec9nh nhi\u1ec7t \u0111\u1ed9 ph\u00f9 h\u1ee3p v\u1edbi t\u1eebng m\u00f3n \u0103n v\u00e0 ch\u1ebf bi\u1ebfn c\u00f9ng l\u00fac c\u00e1c m\u00f3n kh\u00e1c nhau. <\/span><\/span><span style=\"font-family: helvetica, arial, sans-serif;\"><span style=\"font-weight: 400;\">S\u1ea3n ph\u1ea9m \u0111\u01b0\u1ee3c thi\u1ebft k\u1ebf ti\u1ec7n d\u1ee5ng, gi\u00fap m\u00f3n \u0103n ch\u00edn nhanh ch\u00f3ng, \u0111\u1ea3m b\u1ea3o dinh d\u01b0\u1ee1ng v\u00e0 vitamin v\u1ed1n c\u00f3 c\u1ee7a m\u00f3n \u0103n, c\u00e1c c\u1ea1nh \u0111\u01b0\u1ee3c m\u00e0i m\u00f2n lo\u1ea1i b\u1ecf v\u1ebft c\u1eaft r\u1ea5t an to\u00e0n cho ng\u01b0\u1eddi s\u1eed d\u1ee5ng.<\/span><\/span><\/p>\n<h3><strong><span style=\"font-size: 100%;\">C\u00f4ng su\u1ea5t m\u1ea1nh m\u1ebd<\/span><\/strong><\/h3>\n<p style=\"text-align: justify;\"><span style=\"font-family: helvetica, arial, sans-serif;\"><b>B\u1ebfp <\/b><b>chi\u00ean n\u1eeda ph\u1eb3ng n\u1eeda nh\u00e1m d\u00f9ng gas Modular PK 90\/80 FTRGS-T <\/b><\/span>v\u1edbi c\u00f4ng su\u1ea5t gas l\u00ean t\u1edbi 14kW, kh\u1ea3 n\u0103ng truy\u1ec1n d\u1eabn nhi\u1ec7t t\u1ed1t, n\u00fat \u0111i\u1ec1u ch\u1ec9nh nhi\u1ec7t \u0111\u1ed9 t\u00f9y ch\u1ec9nh gi\u00fap cho vi\u1ec7c ch\u1ebf bi\u1ebfn m\u00f3n \u0103n c\u1ee7a b\u1ea1n tr\u1edf l\u00ean th\u1eadt d\u1ec5 d\u00e0ng. B\u1ea1n c\u00f3 th\u1ec3 ch\u1ebf bi\u1ebfn nhi\u1ec1u m\u00f3n \u0103n v\u1edbi nhi\u1ec7t \u0111\u1ed9 ch\u00edn kh\u00e1c nhau c\u00f9ng m\u1ed9t l\u00fac m\u00e0 v\u1eabn \u0111\u1ea3m b\u1ea3o ch\u1ea5t l\u01b0\u1ee3ng v\u00e0 dinh d\u01b0\u1ee1ng c\u1ee7a t\u1eebng m\u00f3n.<\/p>\n<h3><strong><span style=\"font-size: 100%;\">Kh\u00e2u v\u1ec7 sinh thu\u1eadn ti\u1ec7n<\/span><\/strong><\/h3>\n<p style=\"text-align: justify;\"><span style=\"font-family: helvetica, arial, sans-serif;\"><b>B\u1ebfp <\/b><b>chi\u00ean n\u1eeda ph\u1eb3ng n\u1eeda nh\u00e1m d\u00f9ng gas Modular PK 90\/80 FTRGS-T<\/b><span style=\"font-weight: 400;\"> \u0111\u01b0\u1ee3c l\u1eafp \u0111\u1eb7t <\/span><span style=\"font-weight: 400;\">khay \u0111\u1ef1ng m\u1ee1 c\u00f3 dung t\u00edch l\u00ean \u0111\u1ebfn 1,5L gi\u00fap b\u1ebfp c\u00f3 kh\u1ea3 n\u0103ng ch\u1ee9a \u0111\u01b0\u1ee3c l\u01b0\u1ee3ng d\u1ea7u m\u1ee1 th\u1eeba c\u1ea3 ng\u00e0y m\u00e0 kh\u00f4ng c\u1ea7n th\u00e1o ra th\u00e1o v\u00e0o nhi\u1ec1u l\u1ea7n. Th\u00e2n b\u1ebfp b\u1eb1ng th\u00e9p cao c\u1ea5p gi\u00fap v\u1ec7 sinh d\u1ec5 d\u00e0ng, ch\u1ec9 c\u1ea7n lau qua b\u1eb1ng kh\u0103n \u1ea9m b\u1ea1n \u0111\u00e3 \u0111em l\u1ea1i s\u1ef1 s\u00e1ng b\u00f3ng v\u1ed1n c\u00f3 c\u1ee7a b\u1ebfp.<\/span><\/span><\/p>\n<p><img class=\"aligncenter wp-image-41327 size-full\" src=\"https:\/\/thucpham.com\/wp-content\/uploads\/2020\/06\/bep-chien-nua-phang-nua-nham-dung-gas-modular-pk-90-80-ftrgs-t-002.jpg\" alt=\"B\u1ebfp Chi\u00ean N\u1eeda Ph\u1eb3ng N\u1eeda Nh\u00e1m D\u00f9ng Gas Modular PK 90\/80 FTRGS-T\" width=\"820\" height=\"656\" srcset=\"https:\/\/thucpham.com\/vinacom\/wp-content\/uploads\/2020\/06\/bep-chien-nua-phang-nua-nham-dung-gas-modular-pk-90-80-ftrgs-t-002.jpg 820w, https:\/\/thucpham.com\/vinacom\/wp-content\/uploads\/2020\/06\/bep-chien-nua-phang-nua-nham-dung-gas-modular-pk-90-80-ftrgs-t-002-300x240.jpg 300w, https:\/\/thucpham.com\/vinacom\/wp-content\/uploads\/2020\/06\/bep-chien-nua-phang-nua-nham-dung-gas-modular-pk-90-80-ftrgs-t-002-768x614.jpg 768w, https:\/\/thucpham.com\/vinacom\/wp-content\/uploads\/2020\/06\/bep-chien-nua-phang-nua-nham-dung-gas-modular-pk-90-80-ftrgs-t-002-24x19.jpg 24w, https:\/\/thucpham.com\/vinacom\/wp-content\/uploads\/2020\/06\/bep-chien-nua-phang-nua-nham-dung-gas-modular-pk-90-80-ftrgs-t-002-36x29.jpg 36w, https:\/\/thucpham.com\/vinacom\/wp-content\/uploads\/2020\/06\/bep-chien-nua-phang-nua-nham-dung-gas-modular-pk-90-80-ftrgs-t-002-48x38.jpg 48w, https:\/\/thucpham.com\/vinacom\/wp-content\/uploads\/2020\/06\/bep-chien-nua-phang-nua-nham-dung-gas-modular-pk-90-80-ftrgs-t-002-510x408.jpg 510w\" sizes=\"(max-width: 820px) 100vw, 820px\" title=\"\"><\/p>\n<p style=\"text-align: center;\"><span style=\"font-family: helvetica, arial, sans-serif;\"><em>\u01afu \u0111i\u1ec3m s\u1ea3n ph\u1ea9m <span style=\"font-weight: 400;\"><i>b\u1ebfp <\/i><i>chi\u00ean n\u1eeda ph\u1eb3ng n\u1eeda nh\u00e1m d\u00f9ng gas Modular PK 90\/80 FTRGS-T<\/i><\/span><\/em><\/span><\/p>\n<h3><strong><span style=\"font-size: 100%;\">Ti\u00eau ch\u00ed s\u1eed d\u1ee5ng b\u1ebfp ti\u00eau chu\u1ea9n<\/span><\/strong><\/h3>\n<ul>\n<li style=\"text-align: justify;\">Thi\u1ebft k\u1ebf nh\u1ecf g\u1ecdn, ch\u1eafc ch\u1eafn d\u1ec5 l\u1eafp \u0111\u1eb7t trong m\u1ecdi kh\u00f4ng gian c\u1ee7a b\u1ebfp.<\/li>\n<li style=\"text-align: justify;\">B\u1ebfp \u0111\u01b0\u1ee3c l\u00e0m b\u1eb1ng th\u00e9p kh\u00f4ng g\u1ec9 AISI 304 \u0111\u01b0\u1ee3c B\u1ed9 Y t\u1ebf khuy\u00ean d\u00f9ng \u0111\u1ec3 \u0111\u1ea3m b\u1ea3o ch\u1ea5t l\u01b0\u1ee3ng m\u00f3n \u0103n v\u00e0 \u0111\u00e2y c\u0169ng l\u00e0 ch\u1ea5t li\u1ec7u gi\u00fap \u0111\u1ea3m b\u1ea3o v\u1ec7 sinh an to\u00e0n th\u1ef1c ph\u1ea9m.<\/li>\n<li style=\"text-align: justify;\">Hai m\u1eb7t chi\u00ean kh\u00e1c nhau, ch\u1ed1ng d\u00ednh; n\u00fat ch\u1ec9nh nhi\u1ec7t \u0111\u1ed9 ri\u00eang bi\u1ec7t cho ph\u00e9p b\u1ea1n ch\u1ebf bi\u1ebfn m\u1ed9t l\u01b0\u1ee3ng l\u1edbn m\u00f3n \u0103n kh\u00e1c nhau m\u00e0 v\u1eabn \u0111\u1ea3m b\u1ea3o \u0111\u1ed9 th\u1ea9m m\u1ef9, ch\u1ea5t l\u01b0\u1ee3ng v\u00e0 an to\u00e0n c\u1ee7a t\u1eebng m\u00f3n.<\/li>\n<li style=\"text-align: justify;\">Kh\u00e2u v\u1ec7 sinh thu\u1eadn ti\u1ec7n v\u1edbi khay h\u1ee9ng m\u1ee1 d\u1ec5 th\u00e1o l\u1eafp v\u00e0 v\u1ec7 sinh. M\u1eb7t v\u00e0 th\u00e2n b\u1ebfp b\u1eb1ng th\u00e9p kh\u00f4ng g\u1ec9 s\u00e1ng b\u00f3ng gi\u00fap b\u1ea1n ch\u1ec9 c\u1ea7n lau qua b\u1eb1ng kh\u0103n \u1ea9m c\u0169ng \u0111em l\u1ea1i s\u1ef1 s\u00e1ng b\u00f3ng nh\u01b0 m\u1edbi cho b\u1ebfp.<\/li>\n<\/ul>\n<h2><strong><span style=\"font-size: 85%; font-family: arial, helvetica, sans-serif;\">L\u01b0u \u00fd khi s\u1eed d\u1ee5ng b\u1ebfp chi\u00ean n\u1eeda ph\u1eb3ng n\u1eeda nh\u00e1m d\u00f9ng gas Modular PK 90\/80 FTRGS-T<\/span><\/strong><\/h2>\n<ul>\n<li style=\"text-align: justify;\">Tr\u01b0\u1edbc khi s\u1eed d\u1ee5ng b\u1ebfp ph\u1ea3i ki\u1ec3m tra l\u1ea1i \u0111\u1ed9 an to\u00e0n c\u1ee7a b\u1ebfp<\/li>\n<li style=\"text-align: justify;\">L\u1eafp \u0111\u1eb7t b\u1ebfp n\u01a1i cao r\u00e1o kh\u00f4ng \u1ea9m \u01b0\u1edbt<\/li>\n<li style=\"text-align: justify;\">H\u00e3y \u0111\u1ec3 nhi\u1ec7t \u0111\u1ed9 ph\u00f9 h\u1ee3p v\u1edbi t\u1eebng m\u00f3n \u0103n<\/li>\n<li style=\"text-align: justify;\">V\u1ec7 sinh b\u1ebfp th\u01b0\u1eddng xuy\u00ean sau khi d\u00f9ng<\/li>\n<li style=\"text-align: justify;\">Lu\u00f4n b\u1ea3o tr\u00ec b\u1ea3o d\u01b0\u1ee1ng \u0111\u1ecbnh k\u00ec b\u1ebfp \u0111\u1ec3 c\u00f3 th\u1eddi gian s\u1eed d\u1ee5ng b\u1ec1n b\u1ec9 nh\u1ea5t<\/li>\n<\/ul>\n<p><img class=\"aligncenter wp-image-41326 size-full\" src=\"https:\/\/thucpham.com\/wp-content\/uploads\/2020\/06\/bep-chien-nua-phang-nua-nham-dung-gas-modular-pk-90-80-ftrgs-t-001.jpg\" alt=\"B\u1ebfp Chi\u00ean N\u1eeda Ph\u1eb3ng N\u1eeda Nh\u00e1m D\u00f9ng Gas Modular PK 90\/80 FTRGS-T\" width=\"820\" height=\"656\" srcset=\"https:\/\/thucpham.com\/vinacom\/wp-content\/uploads\/2020\/06\/bep-chien-nua-phang-nua-nham-dung-gas-modular-pk-90-80-ftrgs-t-001.jpg 820w, https:\/\/thucpham.com\/vinacom\/wp-content\/uploads\/2020\/06\/bep-chien-nua-phang-nua-nham-dung-gas-modular-pk-90-80-ftrgs-t-001-300x240.jpg 300w, https:\/\/thucpham.com\/vinacom\/wp-content\/uploads\/2020\/06\/bep-chien-nua-phang-nua-nham-dung-gas-modular-pk-90-80-ftrgs-t-001-768x614.jpg 768w, https:\/\/thucpham.com\/vinacom\/wp-content\/uploads\/2020\/06\/bep-chien-nua-phang-nua-nham-dung-gas-modular-pk-90-80-ftrgs-t-001-24x19.jpg 24w, https:\/\/thucpham.com\/vinacom\/wp-content\/uploads\/2020\/06\/bep-chien-nua-phang-nua-nham-dung-gas-modular-pk-90-80-ftrgs-t-001-36x29.jpg 36w, https:\/\/thucpham.com\/vinacom\/wp-content\/uploads\/2020\/06\/bep-chien-nua-phang-nua-nham-dung-gas-modular-pk-90-80-ftrgs-t-001-48x38.jpg 48w, https:\/\/thucpham.com\/vinacom\/wp-content\/uploads\/2020\/06\/bep-chien-nua-phang-nua-nham-dung-gas-modular-pk-90-80-ftrgs-t-001-510x408.jpg 510w\" sizes=\"(max-width: 820px) 100vw, 820px\" title=\"\"><\/p>\n<p style=\"text-align: justify;\"><span style=\"font-family: helvetica, arial, sans-serif;\"><i>B\u1ebfp <\/i><i>chi\u00ean n\u1eeda ph\u1eb3ng n\u1eeda nh\u00e1m d\u00f9ng gas Modular PK 90\/80 FTRGS-T<\/i><\/span> ph\u00f9 h\u1ee3p s\u1eed d\u1ee5ng cho c\u00e1c chu\u1ed7i nh\u00e0 h\u00e0ng, kh\u00e1ch s\u1ea1n \u00c1, \u00c2u, c\u00e1c nh\u00e0 h\u00e0ng \u0103n nhanh,&#8230; C\u00f2n r\u1ea5t nhi\u1ec1u s\u1ea3n ph\u1ea9m <a href=\"https:\/\/thucpham.com\/bep-chien-nhung\/\">b\u1ebfp chi\u00ean nh\u00fang<\/a> kh\u00e1c nh\u01b0 <a href=\"https:\/\/thucpham.com\/bep-chien-nua-phang-nua-nham-dung-gas-modular-pk-90-80-ftrgs\/\">B\u1ebfp Chi\u00ean N\u1eeda Ph\u1eb3ng N\u1eeda Nh\u00e1m D\u00f9ng Gas Modular PK 90\/80 FTRGS<\/a>, <a href=\"https:\/\/thucpham.com\/bep-chien-nua-phang-nua-nham-dung-dien-modular-pk-90-80-ftres-t\/\">B\u1ebfp Chi\u00ean N\u1eeda Ph\u1eb3ng N\u1eeda Nh\u00e1m D\u00f9ng \u0110i\u1ec7n Modular PK 90\/80 FTRES-T<\/a>\u2026 m\u00e0 ThucPham.com \u0111ang cung c\u1ea5p, h\u00e3y tr\u1edf th\u00e0nh ng\u01b0\u1eddi mua h\u00e0ng th\u00f4ng minh.<\/p>\n","protected":false},"excerpt":{"rendered":"<ul>\n<li style=\"font-weight: 400;\"><span style=\"font-weight: 400; font-family: helvetica, arial, sans-serif;\">Th\u00e2n b\u1ebfp \u0111\u01b0\u1ee3c gia c\u00f4ng b\u1eb1ng inox cao c\u1ea5p, ch\u1ecbu l\u1ef1c, ch\u1ecbu nhi\u1ec7t t\u1ed1t<\/span><\/li>\n<li style=\"font-weight: 400;\"><span style=\"font-family: helvetica, arial, sans-serif;\"><span style=\"font-weight: 400;\">M\u1eb7t b\u1ebfp b\u1eb1ng <\/span><span style=\"font-weight: 400;\">ch\u1ea5t li\u1ec7u th\u00e9p kh\u00f4ng g\u1ec9 AISI 304, d\u1eabn nhi\u1ec7t t\u1ed1t<\/span><\/span><\/li>\n<li style=\"font-weight: 400;\"><span style=\"font-weight: 400; font-family: helvetica, arial, sans-serif;\">M\u1eb7t b\u1ebfp \u0111\u01b0\u1ee3c tr\u00e1ng crom b\u00f3ng t\u0103ng hi\u1ec7u qu\u1ea3 ch\u1ed1ng d\u00ednh<\/span><\/li>\n<li style=\"font-weight: 400;\"><span style=\"font-weight: 400; font-family: helvetica, arial, sans-serif;\">N\u00fat v\u1eb7n \u0111i\u1ec1u ch\u1ec9nh nhi\u1ec7t t\u00e1ch bi\u1ec7t cho m\u1ed7i b\u00ean m\u1eb7t b\u1ebfp<\/span><\/li>\n<li style=\"font-weight: 400;\"><span style=\"font-weight: 400; font-family: helvetica, arial, sans-serif;\">Khay \u0111\u1ef1ng m\u1ee1 th\u1eeba c\u00f3 dung t\u00edch l\u00ean \u0111\u1ebfn 1,5L\u00a0<\/span><\/li>\n<li style=\"font-weight: 400;\"><span style=\"font-weight: 400; font-family: helvetica, arial, sans-serif;\">K\u00edch th\u01b0\u1edbc nh\u1ecf g\u1ecdn, di chuy\u1ec3n \u0111\u1ebfn m\u1ecdi \u0111\u1ecba \u0111i\u1ec3m d\u1ec5 d\u00e0ng<\/span><\/li>\n<\/ul>\n","protected":false},"featured_media":36804,"comment_status":"open","ping_status":"closed","template":"","meta":[],"product_cat":[199,247],"product_tag":[],"_links":{"self":[{"href":"https:\/\/thucpham.com\/vinacom\/wp-json\/wp\/v2\/product\/9263"}],"collection":[{"href":"https:\/\/thucpham.com\/vinacom\/wp-json\/wp\/v2\/product"}],"about":[{"href":"https:\/\/thucpham.com\/vinacom\/wp-json\/wp\/v2\/types\/product"}],"replies":[{"embeddable":true,"href":"https:\/\/thucpham.com\/vinacom\/wp-json\/wp\/v2\/comments?post=9263"}],"wp:featuredmedia":[{"embeddable":true,"href":"https:\/\/thucpham.com\/vinacom\/wp-json\/wp\/v2\/media\/36804"}],"wp:attachment":[{"href":"https:\/\/thucpham.com\/vinacom\/wp-json\/wp\/v2\/media?parent=9263"}],"wp:term":[{"taxonomy":"product_cat","embeddable":true,"href":"https:\/\/thucpham.com\/vinacom\/wp-json\/wp\/v2\/product_cat?post=9263"},{"taxonomy":"product_tag","embeddable":true,"href":"https:\/\/thucpham.com\/vinacom\/wp-json\/wp\/v2\/product_tag?post=9263"}],"curies":[{"name":"wp","href":"https:\/\/api.w.org\/{rel}","templated":true}]}}