{"id":9257,"date":"2020-06-27T18:28:11","date_gmt":"2020-06-27T18:28:11","guid":{"rendered":"https:\/\/thucpham.com\/?post_type=product&#038;p=9257"},"modified":"2022-01-17T15:36:16","modified_gmt":"2022-01-17T08:36:16","slug":"bep-chien-nhung-don-dung-gas-modular","status":"publish","type":"product","link":"https:\/\/thucpham.com\/vinacom\/bep-chien-nhung-don-dung-gas-modular\/","title":{"rendered":"B\u1ebfp Chi\u00ean Nh\u00fang \u0110\u01a1n D\u00f9ng Gas Modular PK 90\/40 FRGS13 PW"},"content":{"rendered":"<h2><strong><span style=\"font-size: 85%;\">Th\u00f4ng tin s\u1ea3n ph\u1ea9m<\/span><\/strong><\/h2>\n<p style=\"text-align: justify;\"><span style=\"font-family: arial, helvetica, sans-serif;\"><strong>B\u1ebfp chi\u00ean nh\u00fang \u0111\u01a1n d\u00f9ng gas Modular<\/strong><span style=\"font-weight: 400;\"><strong> PK 90\/40 FRGS13 PW <\/strong>thu\u1eadn ti\u1ec7n \u0111\u1ec3 chi\u00ean nhi\u1ec1u lo\u1ea1i th\u1ee9c \u0103n nh\u01b0 c\u00e1nh g\u00e0, khoai t\u00e2y, b\u00e1nh r\u00e1n,\u2026 \u0111em l\u1ea1i h\u01b0\u01a1ng v\u1ecb gi\u00f2n ngon v\u00e0 m\u00e0u s\u1eafc h\u1ea5p d\u1eabn. <\/span><span style=\"font-weight: 400;\">S\u1ea3n ph\u1ea9m s\u1edf h\u1eefu ki\u1ec3u d\u00e1ng g\u1ecdn g\u00e0ng, k\u1ebft c\u1ea5u v\u1eefng ch\u1eafc, ng\u01b0\u1eddi d\u00f9ng c\u00f3 th\u1ec3 d\u1ec5 d\u00e0ng di chuy\u1ec3n t\u1edbi b\u1ea5t c\u1ee9 \u0111\u00e2u \u0111\u1ec3 ph\u1ee5c v\u1ee5 nhu c\u1ea7u s\u1eed d\u1ee5ng. Ngo\u00e0i ra, b\u1ebfp \u0111\u01b0\u1ee3c s\u1ea3n xu\u1ea5t t\u1eeb v\u1eadt li\u1ec7u cao c\u1ea5p, d\u1ec5 d\u00e0ng v\u1ec7 sinh v\u00e0 b\u1ea3o tr\u00ec.&nbsp;<\/span><\/span><\/p>\n<p><img class=\"aligncenter\" src=\"https:\/\/thucpham.com\/wp-content\/uploads\/2020\/06\/bep-chien-nhung-don-dung-gas-modular-05.jpg\" alt=\"B\u1ebfp Chi\u00ean Nh\u00fang \u0110\u01a1n D\u00f9ng Gas Modular PK 90\/40 FRGS13 PW\" width=\"820\" height=\"656\" title=\"\"><\/p>\n<p style=\"text-align: center;\"><span style=\"font-family: helvetica, arial, sans-serif;\"><em>Th\u00f4ng tin s\u1ea3n ph\u1ea9m <i>b\u1ebfp <\/i><i>chi\u00ean nh\u00fang \u0111\u01a1n d\u00f9ng gas <span style=\"font-weight: 400;\">Modular <\/span><span style=\"font-weight: 400;\">PK 90\/40 FRGS13 PW<\/span><\/i><\/em><\/span><\/p>\n<h2><strong><span style=\"font-size: 85%;\">\u01afu \u0111i\u1ec3m n\u1ed5i b\u1eadt<\/span><\/strong><\/h2>\n<h3><strong><span style=\"font-size: 100%;\">K\u1ebft c\u1ea5u b\u1eb1ng ch\u1ea5t li\u1ec7u cao c\u1ea5p<\/span><\/strong><\/h3>\n<p style=\"text-align: justify;\"><span style=\"font-family: helvetica, arial, sans-serif;\"><span style=\"font-weight: 400;\">To\u00e0n b\u1ed9 ph\u1ea7n th\u00e2n b\u1ebfp \u0111\u01b0\u1ee3c gia c\u00f4ng b\u1eb1ng ch\u1ea5t li\u1ec7u <a href=\"https:\/\/vi.wikipedia.org\/wiki\/Th%C3%A9p_kh%C3%B4ng_g%E1%BB%89\" target=\"_blank\" rel=\"noopener nofollow\" data-schema-attribute=\"\">inox AISI 304<\/a> cao c\u1ea5p, b\u1ec1n b\u1ec9 v\u00e0 ch\u1ecbu l\u1ef1c t\u1ed1t. C\u00e1c h\u1ecdng \u0111\u1ed1t kh\u00ed gas \u0111\u01b0\u1ee3c l\u00e0m b\u1eb1ng ch\u1ea5t li\u1ec7u th\u00e9p kh\u00f4ng g\u1ec9, cho kh\u1ea3 n\u0103ng ch\u1ecbu nhi\u1ec7t cao, ch\u1ed1ng \u0103n m\u00f2n v\u00e0 oxy h\u00f3a hi\u1ec7u qu\u1ea3. Ngo\u00e0i ra, th\u00e0nh b\u1ebfp c\u00f3 \u0111\u1ed9 d\u00e0y 20\/10 v\u1edbi ch\u1ea5t li\u1ec7u inox 304 ch\u1ea5t l\u01b0\u1ee3ng cao, cho hi\u1ec7u qu\u1ea3 gi\u1eef nhi\u1ec7t \u0111\u1ed9 s\u00f4i t\u1ed1t, tr\u00e1nh hoen g\u1ec9 hay g\u00e2y ch\u1ea5t \u0111\u1ed9c h\u1ea1i khi ch\u1ebf bi\u1ebfn l\u00e2u v\u1edbi nhi\u1ec7t \u0111\u1ed9 cao.<\/span><\/span><\/p>\n<h3><span style=\"font-size: 100%;\"><strong>Hi\u1ec7u n\u0103ng m\u1ea1nh m\u1ebd<\/strong><\/span><\/h3>\n<p style=\"text-align: justify;\"><span style=\"font-family: helvetica, arial, sans-serif;\"><span style=\"font-weight: 400;\">Khoang chi\u00ean ch\u1ee9a d\u1ea7u c\u1ee7a <strong>b\u1ebfp chi\u00ean nh\u00fang \u0111\u01a1n d\u00f9ng gas Modular PK 90\/40 FRGS13 PW<\/strong><\/span><span style=\"font-weight: 400;\"> c\u00f3 dung t\u00edch l\u00ean \u0111\u1ebfn 13L, cho ph\u00e9p chi\u00ean nh\u00fang l\u01b0\u1ee3ng th\u1ef1c ph\u1ea9m l\u1edbn l\u00ean \u0111\u1ebfn 24 \u2013 25kg\/h. S\u1ea3n ph\u1ea9m c\u00f2n \u0111\u01b0\u1ee3c trang b\u1ecb b\u1ed9 c\u1eb7p nhi\u1ec7t \u0111i\u1ec7n gi\u00fap ki\u1ec3m so\u00e1t nhi\u1ec7t \u0111\u1ed9 l\u00e0m s\u00f4i d\u1ea7u, gi\u00fap ti\u1ebft ki\u1ec7m nhi\u00ean li\u1ec7u. V\u1edbi nhi\u1ec7t \u0111\u1ed9 l\u00ean t\u1edbi 190 \u0111\u1ed9 C gi\u00fap \u0111\u00e1p \u1ee9ng l\u00e0m ch\u00edn \u0111\u01b0\u1ee3c h\u1ea7u h\u1ebft c\u00e1c m\u00f3n \u0103n.<\/span><\/span><\/p>\n<h3><strong><span style=\"font-size: 100%;\">An to\u00e0n khi s\u1eed d\u1ee5ng<\/span><\/strong><\/h3>\n<p style=\"text-align: justify;\">V\u1edbi thi\u1ebft k\u1ebf nh\u1ecf g\u1ecdn, ch\u1eafc ch\u1eafn, b\u1ec1n b\u1ec9 v\u00e0 v\u1edbi 4 ch\u00e2n \u0111\u1ec1 v\u1eefng ch\u1eafc b\u1eb1ng inox gi\u00fap cho vi\u1ec7c di chuy\u1ec3n v\u00e0 ch\u1ebf bi\u1ebfn c\u1ee7a b\u1ea1n tr\u1edf l\u00ean th\u1eadt \u0111\u01a1n gi\u1ea3n v\u00e0 an to\u00e0n khi s\u1eed d\u1ee5ng. Khoang chi\u00ean \u0111\u01b0\u1ee3c h\u00e0n k\u00edn tr\u00e1nh r\u00f2 r\u1ec9 d\u1ea7u m\u1ee1 xu\u1ed1ng khoang \u0111\u1ed9ng c\u01a1, th\u00e0nh b\u1ebfp cao gi\u00fap h\u1ea1n ch\u1ebf d\u1ea7u m\u1ee1 b\u1eafn, an to\u00e0n cho \u0111\u1ea7u b\u1ebfp khi ch\u1ebf bi\u1ebfn.<\/p>\n<p style=\"text-align: justify;\"><span style=\"font-family: arial, helvetica, sans-serif;\"><span style=\"font-weight: 400;\">\u0110\u1ec3 h\u1ea1n ch\u1ebf c\u00e1c tr\u01b0\u1eddng h\u1ee3p ch\u00e1y n\u1ed5 do qu\u00e1 t\u1ea3i, nh\u00e0 s\u1ea3n xu\u1ea5t \u0111\u00e3 trang b\u1ecb cho <\/span><strong>b\u1ebfp chi\u00ean nh\u00fang \u0111\u01a1n d\u00f9ng gas Modular PK 90\/40 FRGS13 PW<\/strong> <span style=\"font-weight: 400;\">h\u1ec7 th\u1ed1ng \u0111i\u1ec1u ch\u1ec9nh nhi\u1ec7t an to\u00e0n gi\u00fap ng\u01b0\u1eddi d\u00f9ng an t\u00e2m khi s\u1eed d\u1ee5ng s\u1ea3n ph\u1ea9m.<\/span><\/span><\/p>\n<h3><strong><span style=\"font-size: 100%;\">\u0110\u1ea3m b\u1ea3o ch\u1ea5t l\u01b0\u1ee3ng m\u00f3n \u0103n<\/span><\/strong><\/h3>\n<p style=\"text-align: justify;\">V\u1edbi nhi\u1ec7t \u0111\u1ed9 c\u00f3 th\u1ec3 t\u00f9y ch\u1ec9nh ph\u00f9 h\u1ee3p cho t\u1eebng lo\u1ea1i th\u1ef1c ph\u1ea9m, khoang chi\u00ean l\u1edbn gi\u00fap b\u1ea1n ch\u1ebf bi\u1ebfn \u0111\u01b0\u1ee3c m\u1ed9t s\u1ed1 l\u01b0\u1ee3ng l\u1edbn \u0111\u1ed3 \u0103n c\u00f9ng m\u1ed9t l\u00fac \u0111\u1ea3m b\u1ea3o c\u1ea3 v\u1ec1 n\u0103ng su\u1ea5t c\u0169ng nh\u01b0 ch\u1ea5t l\u01b0\u1ee3ng m\u00f3n \u0103n. Vi\u1ec7c b\u1ebfp \u0111\u01b0\u1ee3c ch\u1ebf t\u1ea1o b\u1eb1ng th\u00e9p cao c\u1ea5p tr\u00e1nh vi\u1ec7c hoen g\u1ec9, ch\u1ed1ng oxy h\u00f3a, kh\u00f4ng th\u00f4i nhi\u1ec5m kim lo\u1ea1i gi\u00fap m\u00f3n \u0103n c\u1ee7a b\u1ea1n lu\u00f4n \u0111\u01b0\u1ee3c \u0111\u1ea3m b\u1ea3o ch\u1ea5t l\u01b0\u1ee3ng t\u1ed1t nh\u1ea5t.<\/p>\n<p><img class=\"aligncenter wp-image-41392 size-full\" src=\"https:\/\/thucpham.com\/wp-content\/uploads\/2020\/06\/bep-chien-nhung-don-dung-gas-modular-001.jpg\" alt=\"\u01afu \u0110i\u1ec3m B\u1ebfp Chi\u00ean Nh\u00fang \u0110\u01a1n D\u00f9ng Gas Modular\" width=\"820\" height=\"656\" srcset=\"https:\/\/thucpham.com\/vinacom\/wp-content\/uploads\/2020\/06\/bep-chien-nhung-don-dung-gas-modular-001.jpg 820w, https:\/\/thucpham.com\/vinacom\/wp-content\/uploads\/2020\/06\/bep-chien-nhung-don-dung-gas-modular-001-300x240.jpg 300w, https:\/\/thucpham.com\/vinacom\/wp-content\/uploads\/2020\/06\/bep-chien-nhung-don-dung-gas-modular-001-768x614.jpg 768w, https:\/\/thucpham.com\/vinacom\/wp-content\/uploads\/2020\/06\/bep-chien-nhung-don-dung-gas-modular-001-24x19.jpg 24w, https:\/\/thucpham.com\/vinacom\/wp-content\/uploads\/2020\/06\/bep-chien-nhung-don-dung-gas-modular-001-36x29.jpg 36w, https:\/\/thucpham.com\/vinacom\/wp-content\/uploads\/2020\/06\/bep-chien-nhung-don-dung-gas-modular-001-48x38.jpg 48w, https:\/\/thucpham.com\/vinacom\/wp-content\/uploads\/2020\/06\/bep-chien-nhung-don-dung-gas-modular-001-510x408.jpg 510w\" sizes=\"(max-width: 820px) 100vw, 820px\" title=\"\"><\/p>\n<p style=\"text-align: center;\"><span style=\"font-family: helvetica, arial, sans-serif;\"><em>\u01afu \u0111i\u1ec3m s\u1ea3n ph\u1ea9m <i>b\u1ebfp <\/i><i>chi\u00ean nh\u00fang \u0111\u01a1n d\u00f9ng gas <span style=\"font-weight: 400;\">Modular <\/span><span style=\"font-weight: 400;\">PK 90\/40 FRGS13 PW<\/span><\/i><\/em><\/span><\/p>\n<h2><span style=\"font-size: 85%;\"><strong>L\u01b0u \u00fd khi d\u00f9ng b\u1ebfp chi\u00ean nh\u00fang \u0111\u01a1n d\u00f9ng gas Modular<\/strong><\/span><\/h2>\n<ul>\n<li>L\u1eafp \u0111\u1eb7t b\u1ebfp \u1edf n\u01a1i kh\u00f4 r\u00e1o, tr\u00e1nh n\u01a1i \u1ea9m \u01b0\u1edbt<\/li>\n<li>Ki\u1ec3m tra b\u1ebfp tr\u01b0\u1edbc khi s\u1eed d\u1ee5ng<\/li>\n<li>Lau ch\u00f9i v\u1ec7 sinh b\u1ebfp th\u01b0\u1eddng xuy\u00ean sau khi d\u00f9ng<\/li>\n<li>B\u1ea3o tr\u00ec, b\u1ea3o d\u01b0\u1ee1ng \u0111\u1ecbnh k\u1ef3<\/li>\n<li>B\u00e1o ngay k\u0129 thu\u1eadt n\u1ebfu g\u1eb7p s\u1ef1 c\u1ed1<\/li>\n<\/ul>\n<p style=\"text-align: justify;\">V\u1edbi thi\u1ebft k\u1ebf nh\u1ecf g\u1ecdn, hi\u1ec7n \u0111\u1ea1i, c\u00f4ng su\u1ea5t v\u01b0\u1ee3t tr\u1ed9i nh\u01b0ng v\u1eabn \u0111\u1ea3m b\u1ea3o an to\u00e0n khi s\u1eed d\u1ee5ng th\u00ec <em><span style=\"font-family: helvetica, arial, sans-serif;\">b\u1ebfp chi\u00ean nh\u00fang \u0111\u01a1n d\u00f9ng gas Modular PK 90\/40 FRGS13 PW<\/span><\/em><span style=\"font-family: helvetica, arial, sans-serif;\"> lu\u00f4n l\u00e0 l\u1ef1a ch\u1ecdn h\u00e0ng \u0111\u1ea7u cho c\u0103n b\u1ebfp c\u1ee7a b\u1ea1n. B\u1ea1n c\u0169ng c\u00f3 th\u1ec3 tham kh\u1ea3o th\u00eam c\u00e1c d\u00f2ng <a href=\"https:\/\/thucpham.com\/bep-chien-nhung\/\">b\u1ebfp chi\u00ean nh\u00fang<\/a> kh\u00e1c v\u1edbi c\u00f4ng su\u1ea5t l\u1edbn h\u01a1n nh\u01b0 <a href=\"https:\/\/thucpham.com\/bep-chien-nhung-doi-dung-gas-modular\/\"><span data-sheets-value=\"{&quot;1&quot;:2,&quot;2&quot;:&quot;B\u1ebfp Chi\u00ean Nh\u00fang \u0110\u00f4i D\u00f9ng Gas Modular&quot;}\" data-sheets-userformat=\"{&quot;2&quot;:14466,&quot;4&quot;:{&quot;1&quot;:2,&quot;2&quot;:16777215},&quot;10&quot;:2,&quot;14&quot;:{&quot;1&quot;:2,&quot;2&quot;:3358280},&quot;15&quot;:&quot;Arial&quot;,&quot;16&quot;:10}\">B\u1ebfp Chi\u00ean Nh\u00fang \u0110\u00f4i D\u00f9ng Gas Modular<\/span><\/a> hay ki\u1ec3u model kh\u00e1c c\u00f9ng ph\u00e2n kh\u00fac nh\u01b0 <span data-sheets-value=\"{&quot;1&quot;:2,&quot;2&quot;:&quot;B\u1ebfp Chi\u00ean Nh\u00fang \u0110\u01a1n D\u00f9ng \u0110i\u1ec7n Modular&quot;}\" data-sheets-userformat=\"{&quot;2&quot;:14466,&quot;4&quot;:{&quot;1&quot;:2,&quot;2&quot;:16777215},&quot;10&quot;:2,&quot;14&quot;:{&quot;1&quot;:2,&quot;2&quot;:3358280},&quot;15&quot;:&quot;Arial&quot;,&quot;16&quot;:10}\"><a href=\"https:\/\/thucpham.com\/bep-chien-nhung-don-dung-dien-modular\/\">B\u1ebfp Chi\u00ean Nh\u00fang \u0110\u01a1n D\u00f9ng \u0110i\u1ec7n Modular<\/a>,&#8230;<\/span><\/span><\/p>\n<p>&nbsp;<\/p>\n","protected":false},"excerpt":{"rendered":"<ul>\n<li style=\"font-weight: 400;\"><span style=\"font-weight: 400; font-family: helvetica, arial, sans-serif;\">Th\u00e2n b\u1ebfp l\u00e0m t\u1eeb ch\u1ea5t li\u1ec7u inox AISI 304 cao c\u1ea5p<\/span><\/li>\n<li style=\"font-weight: 400;\"><span style=\"font-weight: 400; font-family: helvetica, arial, sans-serif;\">Khoang chi\u00ean ch\u1ee9a d\u1ea7u c\u00f3 dung t\u00edch l\u00ean \u0111\u1ebfn 13L<\/span><\/li>\n<li style=\"font-weight: 400;\"><span style=\"font-weight: 400; font-family: helvetica, arial, sans-serif;\">Chi\u00ean nh\u00fang l\u01b0\u1ee3ng th\u1ef1c ph\u1ea9m l\u1edbn l\u00ean \u0111\u1ebfn 24 \u2013 25kg\/h<\/span><\/li>\n<li style=\"font-weight: 400;\"><span style=\"font-weight: 400; font-family: helvetica, arial, sans-serif;\">\u0110\u01b0\u1ee3c trang b\u1ecb h\u1ec7 th\u1ed1ng \u0111i\u1ec1u ch\u1ec9nh nhi\u1ec7t an to\u00e0n<\/span><\/li>\n<li style=\"font-weight: 400;\"><span style=\"font-weight: 400; font-family: helvetica, arial, sans-serif;\">H\u1ecdng \u0111\u1ed1t b\u1eb1ng th\u00e9p kh\u00f4ng g\u1ec9 cho hi\u1ec7u qu\u1ea3 truy\u1ec1n nhi\u1ec7t cao<\/span><\/li>\n<li style=\"font-weight: 400;\"><span style=\"font-weight: 400; font-family: helvetica, arial, sans-serif;\">D\u1ec5 d\u00e0ng \u0111i\u1ec1u ch\u1ec9nh nhi\u1ec7t \u0111\u1ed9 b\u1eb1ng n\u00fat v\u1eb7n<\/span><\/li>\n<\/ul>\n","protected":false},"featured_media":36195,"comment_status":"open","ping_status":"closed","template":"","meta":[],"product_cat":[199,247],"product_tag":[],"_links":{"self":[{"href":"https:\/\/thucpham.com\/vinacom\/wp-json\/wp\/v2\/product\/9257"}],"collection":[{"href":"https:\/\/thucpham.com\/vinacom\/wp-json\/wp\/v2\/product"}],"about":[{"href":"https:\/\/thucpham.com\/vinacom\/wp-json\/wp\/v2\/types\/product"}],"replies":[{"embeddable":true,"href":"https:\/\/thucpham.com\/vinacom\/wp-json\/wp\/v2\/comments?post=9257"}],"wp:featuredmedia":[{"embeddable":true,"href":"https:\/\/thucpham.com\/vinacom\/wp-json\/wp\/v2\/media\/36195"}],"wp:attachment":[{"href":"https:\/\/thucpham.com\/vinacom\/wp-json\/wp\/v2\/media?parent=9257"}],"wp:term":[{"taxonomy":"product_cat","embeddable":true,"href":"https:\/\/thucpham.com\/vinacom\/wp-json\/wp\/v2\/product_cat?post=9257"},{"taxonomy":"product_tag","embeddable":true,"href":"https:\/\/thucpham.com\/vinacom\/wp-json\/wp\/v2\/product_tag?post=9257"}],"curies":[{"name":"wp","href":"https:\/\/api.w.org\/{rel}","templated":true}]}}