{"id":9252,"date":"2020-06-27T18:20:22","date_gmt":"2020-06-27T18:20:22","guid":{"rendered":"https:\/\/thucpham.com\/?post_type=product&#038;p=9252"},"modified":"2022-01-15T10:02:22","modified_gmt":"2022-01-15T03:02:22","slug":"bep-chien-be-mat-am-ban-2-hong-modular","status":"publish","type":"product","link":"https:\/\/thucpham.com\/vinacom\/bep-chien-be-mat-am-ban-2-hong-modular\/","title":{"rendered":"B\u1ebfp Chi\u00ean B\u1ec1 M\u1eb7t \u00c2m B\u00e0n 2 H\u1ecdng Modular FU 60\/60 FTE"},"content":{"rendered":"<h2 style=\"text-align: justify;\"><strong><span style=\"font-size: 80%;\">Th\u00f4ng tin s\u1ea3n ph\u1ea9m<\/span><\/strong><\/h2>\n<p style=\"text-align: justify;\"><span style=\"font-family: helvetica, arial, sans-serif;\"><b>B\u1ebfp chi\u00ean b\u1ec1 m\u1eb7t \u00e2m b\u00e0n 2 h\u1ecdng Modular FU 60\/60 FTE <\/b><span style=\"font-weight: 400;\">\u0111<\/span><span style=\"font-weight: 400;\">\u01b0\u1ee3c s\u1ea3n xu\u1ea5t v\u00e0 nh\u1eadp kh\u1ea9u ch\u00ednh h\u00e3ng t\u1eeb th\u01b0\u01a1ng hi\u1ec7u Modular &#8211; \u00dd. \u0110\u00e2y l\u00e0 m\u1ed9t trong nh\u1eefng thi\u1ebft b\u1ecb kh\u00f4ng th\u1ec3 thi\u1ebfu trong b\u1ea5t k\u00ec m\u1ed9t nh\u00e0 h\u00e0ng \u00c1 \u2013 \u00c2u n\u00e0o, gi\u00fap mang \u0111\u1ebfn cho th\u1ef1c kh\u00e1ch nh\u1eefng m\u00f3n \u0103n lu\u00f4n th\u01a1m ngon, n\u00f3ng h\u1ed5i v\u00e0 h\u1ea5p d\u1eabn.<\/span><\/span><\/p>\n<p><img class=\"aligncenter\" src=\"https:\/\/thucpham.com\/wp-content\/uploads\/2020\/06\/bep-chien-be-mat-am-ban-2-hong-modular-01.jpg\" alt=\"B\u1ebfp chi\u00ean b\u1ec1 m\u1eb7t \u00e2m b\u00e0n 2 h\u1ecdng Modular FU 60\/60 FTE\" width=\"820\" height=\"656\" title=\"\"><\/p>\n<p style=\"text-align: center;\"><span style=\"font-family: arial, helvetica, sans-serif;\"><i><em>Th\u00f4ng tin s\u1ea3n ph\u1ea9m <\/em>b\u1ebfp chi\u00ean b\u1ec1 m\u1eb7t \u00e2m b\u00e0n 2 h\u1ecdng Modular FU 60\/60 FTE<\/i><\/span><\/p>\n<h2 style=\"text-align: justify;\"><strong><span style=\"font-size: 80%;\">\u01afu \u0111i\u1ec3m c\u1ee7a s\u1ea3n ph\u1ea9m<\/span><\/strong><\/h2>\n<h3 style=\"text-align: justify;\"><strong><span style=\"font-size: 100%;\">Thi\u1ebft k\u1ebf ch\u1eafc ch\u1eafn, b\u1ec1n b\u1ec9<\/span><\/strong><\/h3>\n<p style=\"text-align: justify;\"><span style=\"font-family: arial, helvetica, sans-serif;\"><span style=\"font-weight: 400;\"><b>B\u1ebfp chi\u00ean b\u1ec1 m\u1eb7t \u00e2m b\u00e0n 2 h\u1ecdng Modular FU 60\/60 FTE<\/b> c\u00f3 k\u1ebft c\u1ea5u ch\u1eafc ch\u1eafn v\u1edbi ph\u1ea7n th\u00e2n b\u1eb1ng inox cao c\u1ea5p, c\u00f3 kh\u1ea3 n\u0103ng ch\u1ed1ng va \u0111\u1eadp t\u1ed1t, \u00edt b\u00e1m d\u1ea7u m\u1ee1, b\u1ee5i b\u1ea9n, gi\u00fap cho vi\u1ec7c lau ch\u00f9i v\u1ec7 sinh \u0111\u01a1n gi\u1ea3n h\u01a1n. Kh\u00f4ng ch\u1ec9 v\u1eady, b\u1ec1 m\u1eb7t b\u1ebfp chi\u00ean \u0111\u01b0\u1ee3c s\u1ea3n xu\u1ea5t b\u1eb1ng <a href=\"https:\/\/vi.wikipedia.org\/wiki\/Th%C3%A9p_kh%C3%B4ng_g%E1%BB%89\" target=\"_blank\" rel=\"noopener nofollow\" data-schema-attribute=\"\">th\u00e9p kh\u00f4ng g\u1ec9 AISI 304<\/a> v\u1edbi \u0111\u1ed9 d\u00e0y 10\/10, b\u1ec1n b\u1ec9 v\u00e0 truy\u1ec1n nhi\u1ec7t t\u1ed1t. Ch\u1ea5t li\u1ec7u n\u00e0y \u0111\u1eb7c bi\u1ec7t an to\u00e0n cho s\u1ee9c kh\u1ecfe con ng\u01b0\u1eddi v\u00ec kh\u00f4ng sinh ch\u1ea5t \u0111\u1ed9c h\u1ea1i l\u1eabn v\u00e0o th\u1ef1c ph\u1ea9m trong qu\u00e1 tr\u00ecnh ch\u1ebf bi\u1ebfn \u1edf nhi\u1ec7t \u0111\u1ed9 cao.<\/span><\/span><\/p>\n<h3 style=\"text-align: justify;\"><strong><span style=\"font-size: 100%;\">S\u1eed d\u1ee5ng ti\u1ec7n l\u1ee3i an to\u00e0n<\/span><\/strong><\/h3>\n<p style=\"text-align: justify;\"><span style=\"font-family: arial, helvetica, sans-serif;\"><span style=\"font-weight: 400;\"><strong>B\u1ebfp chi\u00ean b\u1ec1 m\u1eb7t \u00e2m b\u00e0n 2 h\u1ecdng Modular<\/strong> \u0111\u01b0\u1ee3c<\/span><span style=\"font-weight: 400;\"> ph\u00e2n th\u00e0nh 2 ph\u1ea7n b\u1ebfp v\u1edbi 2 h\u1ecdng \u0111\u1ed1t truy\u1ec1n nhi\u1ec7t ri\u00eang bi\u1ec7t, nh\u1edd v\u1eady m\u00e0 \u0111\u1ea7u b\u1ebfp c\u00f3 th\u1ec3 c\u00f9ng l\u00fac ch\u1ebf bi\u1ebfn 2 m\u00f3n kh\u00e1c nhau m\u00e0 kh\u00f4ng s\u1ee3 \u1ea3nh h\u01b0\u1edfng l\u1eabn nhau. T\u1ea5m chi\u00ean c\u1ee7a b\u1ebfp c\u00f2n \u0111\u01b0\u1ee3c thi\u1ebft k\u1ebf v\u1edbi \u0111\u1ed9 nghi\u00eang 10mm \u0111\u1ec3 gi\u00fap l\u01b0\u1ee3ng m\u1ee1 th\u1eeba ch\u1ea3y v\u00e0o khay h\u1ee9ng m\u1ee1 d\u1ec5 d\u00e0ng h\u01a1n.<\/span><\/span><\/p>\n<p style=\"text-align: justify;\"><span style=\"font-family: arial, helvetica, sans-serif;\"><strong>Model FU 60\/60 FTE <\/strong><span style=\"font-weight: 400;\">c\u00f2n <\/span><span style=\"font-weight: 400;\">\u0111\u01b0\u1ee3c trang b\u1ecb m\u1ed9t b\u1ed9 \u0111i\u1ec1u ch\u1ec9nh nhi\u1ec7t t\u1ef1 \u0111\u1ed9ng, h\u1ed7 tr\u1ee3 b\u1ea1n ki\u1ec3m so\u00e1t nhi\u1ec7t \u0111\u1ed9 n\u1ea5u m\u1ed7i m\u1eb7t b\u00e0n b\u1ebfp. B\u1ed9 \u0111i\u1ec1u khi\u1ec3n s\u1ebd t\u1ef1 \u0111\u1ed9ng ng\u1eaft \u0111i\u1ec7n khi th\u1ea5y nhi\u1ec7t \u0111\u1ed9 b\u00e0n b\u1ebfp v\u01b0\u1ee3t qu\u00e1 m\u1ee9c nhi\u1ec7t cao nh\u1ea5t. V\u1edbi c\u00f4ng su\u1ea5t 3kW vi\u1ec7c l\u00e0m n\u00f3ng b\u1ec1 m\u1eb7t chi\u00ean l\u00ean \u0111\u1ebfn 300 \u0111\u1ed9 l\u00e0 v\u00f4 c\u00f9ng \u0111\u01a1n gi\u1ea3n, n\u00ean l\u01b0\u1ee3ng \u0111i\u1ec7n ti\u00eau th\u1ee5 cho di\u1ec7n t\u00edch b\u1ec1 m\u1eb7t chi\u00ean kh\u00f4ng g\u00e2y l\u00e3ng ph\u00ed, \u0111i\u1ec1u n\u00e0y ti\u1ebft ki\u1ec7m m\u1ed9t kho\u1ea3ng l\u1edbn chi ph\u00ed khi s\u1eed d\u1ee5ng.<\/span><\/span><\/p>\n<h3 style=\"text-align: justify;\"><span style=\"font-size: 100%;\"><strong>Kh\u00e2u l\u1eafp \u0111\u1eb7t, v\u1ec7 sinh ti\u1ec7n l\u1ee3i<\/strong><\/span><\/h3>\n<p style=\"text-align: justify;\"><span style=\"font-family: arial, helvetica, sans-serif;\"><span style=\"font-weight: 400;\"><b>B\u1ebfp chi\u00ean b\u1ec1 m\u1eb7t \u00e2m b\u00e0n 2 h\u1ecdng Modular FU 60\/60 FTE <\/b><\/span><\/span>v\u1edbi thi\u1ebft k\u1ebf nh\u1ecf g\u1ecdn v\u00f4 c\u00f9ng d\u1ec5 d\u00e0ng cho vi\u1ec7c di chuy\u1ec3n v\u00e0 l\u1eafp \u0111\u1eb7t. Khu v\u1ef1c chi\u00ean n\u01b0\u1edbng l\u1ea1i kh\u00f4ng h\u1ec1 ch\u1eadt h\u1eb9p v\u1edbi hai h\u1ecdng \u0111\u1ed1t kh\u00e1c nhau gi\u00fap \u0111\u1ea7u b\u1ebfp c\u00f3 th\u1ec3 chi\u00ean n\u01b0\u1edbng nhi\u1ec1u m\u00f3n \u0103n c\u00f9ng m\u1ed9t l\u00fac, ti\u1ebft ki\u1ec7m th\u1eddi gian. B\u00ean d\u01b0\u1edbi c\u00f3 thi\u1ebft k\u1ebf khay \u0111\u1ef1ng m\u1ee1 th\u1eeba r\u1ea5t ti\u1ec7n l\u1ee3i. \u0110\u1ebfn cu\u1ed1i ng\u00e0y s\u1eed d\u1ee5ng b\u1ea1n ch\u1ec9 c\u1ea7n th\u00e1o khay \u0111\u1ef1ng m\u1ee1 ra mang \u0111i v\u1ec7 sinh r\u1ea5t nhanh ch\u00f3ng, kh\u00f4ng m\u1ea5t nhi\u1ec1u th\u1eddi gian. B\u1ec1 m\u1eb7t b\u1eb1ng th\u00e9p cao c\u1ea5p c\u0169ng gi\u00fap b\u1ea1n d\u1ec5 d\u00e0ng v\u1ec7 sinh h\u01a1n.<\/p>\n<p style=\"text-align: justify;\"><img class=\"aligncenter wp-image-41104 size-full\" src=\"https:\/\/thucpham.com\/wp-content\/uploads\/2020\/06\/bep-chien-be-mat-am-ban-2-hong-modular-FU-60-60-FTU.jpg\" alt=\"B\u1ebfp Chi\u00ean B\u1ec1 M\u1eb7t \u00c2m B\u00e0n 2 H\u1ecdng Modular FU 60\/60 FTE\" width=\"820\" height=\"656\" srcset=\"https:\/\/thucpham.com\/vinacom\/wp-content\/uploads\/2020\/06\/bep-chien-be-mat-am-ban-2-hong-modular-FU-60-60-FTU.jpg 820w, https:\/\/thucpham.com\/vinacom\/wp-content\/uploads\/2020\/06\/bep-chien-be-mat-am-ban-2-hong-modular-FU-60-60-FTU-300x240.jpg 300w, https:\/\/thucpham.com\/vinacom\/wp-content\/uploads\/2020\/06\/bep-chien-be-mat-am-ban-2-hong-modular-FU-60-60-FTU-768x614.jpg 768w, https:\/\/thucpham.com\/vinacom\/wp-content\/uploads\/2020\/06\/bep-chien-be-mat-am-ban-2-hong-modular-FU-60-60-FTU-24x19.jpg 24w, https:\/\/thucpham.com\/vinacom\/wp-content\/uploads\/2020\/06\/bep-chien-be-mat-am-ban-2-hong-modular-FU-60-60-FTU-36x29.jpg 36w, https:\/\/thucpham.com\/vinacom\/wp-content\/uploads\/2020\/06\/bep-chien-be-mat-am-ban-2-hong-modular-FU-60-60-FTU-48x38.jpg 48w, https:\/\/thucpham.com\/vinacom\/wp-content\/uploads\/2020\/06\/bep-chien-be-mat-am-ban-2-hong-modular-FU-60-60-FTU-510x408.jpg 510w\" sizes=\"(max-width: 820px) 100vw, 820px\" title=\"\"><\/p>\n<p style=\"text-align: center;\"><span style=\"font-family: arial, helvetica, sans-serif;\"><i><em>\u01afu \u0111i\u1ec3m <\/em>b\u1ebfp chi\u00ean b\u1ec1 m\u1eb7t \u00e2m b\u00e0n 2 h\u1ecdng Modular FU 60\/60 FTE<\/i><\/span><\/p>\n<h2 style=\"text-align: justify;\"><strong><span style=\"font-size: 80%;\">Khi s\u1eed d\u1ee5ng b\u1ebfp chi\u00ean b\u1ec1 m\u1eb7t \u00e2m b\u00e0n 2 h\u1ecdng Modular c\u1ea7n l\u01b0u \u00fd<\/span><\/strong><\/h2>\n<ul style=\"text-align: justify;\">\n<li>\u0110\u1ec3 b\u1ebfp \u1edf ch\u1ed7 cao r\u00e1o tr\u00e1nh n\u01a1i \u1ea9m \u01b0\u1edbt<\/li>\n<li>Lu\u00f4n ki\u1ec3m tra t\u00ecnh tr\u1ea1ng b\u1ebfp tr\u01b0\u1edbc v\u00e0 sau khi s\u1eed d\u1ee5ng<\/li>\n<li>\u0110i\u1ec1u ch\u1ec9nh nhi\u1ec7t \u0111\u1ed9 b\u1ebfp ph\u00f9 h\u1ee3p t\u1eebng m\u00f3n \u0111\u1ec3 \u0111\u1ea3m b\u1ea3o ch\u1ea5t l\u01b0\u1ee3ng m\u00f3n \u0103n.<\/li>\n<li>Lu\u00f4n v\u1ec7 sinh b\u1ebfp sau khi s\u1eed d\u1ee5ng<\/li>\n<li>Lu\u00f4n b\u1ea3o d\u01b0\u1ee1ng \u0111\u1ecbnh k\u1ef3 v\u00e0 b\u00e1o ngay cho k\u1ef9 thu\u1eadt n\u1ebfu th\u1ea5y b\u1ebfp c\u00f3 \u0111i\u1ec1u b\u1ea5t th\u01b0\u1eddng<\/li>\n<\/ul>\n<p style=\"text-align: justify;\"><em>B\u1ebfp chi\u00ean b\u1ec1 m\u1eb7t \u00e2m b\u00e0n 2 h\u1ecdng Modular FU 60\/60 FTE<\/em> c\u00f3 \u0111\u1ed9 b\u1ec1n cao, ch\u1ea5t l\u01b0\u1ee3ng t\u1ed1t, nhi\u1ec7t \u0111\u1ed9 \u1ed5n \u0111\u1ecbnh \u0111\u1ea3m b\u1ea3o cho qu\u00e1 tr\u00ecnh n\u1ea5u n\u01b0\u1edbng \u0111\u01b0\u1ee3c thu\u1eadn l\u1ee3i v\u00e0 d\u1ec5 d\u00e0ng h\u01a1n bao gi\u1edd h\u1ebft. Li\u00ean h\u1ec7 ngay v\u1edbi Thucpham.com \u0111\u1ec3 c\u00f3 m\u1ed9t m\u1ee9c gi\u00e1 t\u1ed1t nh\u1ea5t cho b\u1ea1n. Ngo\u00e0i ra, v\u1edbi d\u00f2ng s\u1ea3n ph\u1ea9m <a href=\"https:\/\/thucpham.com\/bep-chien-nhung\/\">b\u1ebfp chi\u00ean nh\u00fang<\/a> ch\u00fang t\u00f4i c\u00f2n c\u00e1c model kh\u00e1c ph\u00f9 h\u1ee3p v\u1edbi t\u1eebng nhu c\u1ea7u c\u1ee7a qu\u00fd kh\u00e1ch nh\u01b0: <a href=\"http:\/\/thucpham.com\/demo\/bep-chien-nhung-don-dung-gas-modular\/\">B\u1ebfp chi\u00ean nh\u00fang \u0111\u01a1n d\u00f9ng gas Modular<\/a>, <a href=\"https:\/\/thucpham.com\/bep-chien-nua-phang-nua-nham-dung-dien-modular-pk-90-80-ftres-p\/\">B\u1ebfp chi\u00ean n\u1eeda ph\u1eb3ng n\u1eeda nh\u00e1m d\u00f9ng \u0111i\u1ec7n Modular PK 90\/80 FTRES-P<\/a> ,&#8230;<\/p>\n","protected":false},"excerpt":{"rendered":"<ul>\n<li style=\"font-weight: 400;\"><span style=\"font-weight: 400; font-family: helvetica, arial, sans-serif;\">Th\u00e2n b\u1ebfp l\u00e0m t\u1eeb inox cao c\u1ea5p b\u1ec1n ch\u1eafc<\/span><\/li>\n<li style=\"font-weight: 400;\"><span style=\"font-family: helvetica, arial, sans-serif;\"><span style=\"font-weight: 400;\">B\u1ec1 m\u1eb7t b\u1ebfp chi\u00ean l\u00e0m b\u1eb1ng th\u00e9p <\/span><span style=\"font-weight: 400;\">kh\u00f4ng g\u1ec9 AISI 304<\/span><\/span><\/li>\n<li style=\"font-weight: 400;\"><span style=\"font-weight: 400; font-family: helvetica, arial, sans-serif;\">2 h\u1ecdng \u0111\u1ed1t truy\u1ec1n nhi\u1ec7t ri\u00eang cho t\u1eebng ph\u1ea7n m\u1eb7t b\u1ebfp<\/span><\/li>\n<li style=\"font-weight: 400;\"><span style=\"font-weight: 400; font-family: helvetica, arial, sans-serif;\">Khay \u0111\u1ef1ng m\u1ee1 th\u1eeba c\u00f3 th\u1ec3 th\u00e1o l\u1eafp d\u1ec5 d\u00e0ng \u0111\u1ec3 lau r\u1eeda<\/span><\/li>\n<li style=\"font-weight: 400;\"><span style=\"font-weight: 400; font-family: helvetica, arial, sans-serif;\">B\u1ed9 \u0111i\u1ec1u ch\u1ec9nh nhi\u1ec7t gi\u00fap ki\u1ec3m so\u00e1t nhi\u1ec7t t\u1ef1 \u0111\u1ed9ng<\/span><\/li>\n<li style=\"font-weight: 400;\"><span style=\"font-weight: 400; font-family: helvetica, arial, sans-serif;\">D\u1ec5 d\u00e0ng s\u1eed d\u1ee5ng v\u00e0 v\u1ec7 sinh sau khi s\u1eed d\u1ee5ng<\/span><\/li>\n<\/ul>\n","protected":false},"featured_media":36189,"comment_status":"open","ping_status":"closed","template":"","meta":[],"product_cat":[199,247],"product_tag":[],"_links":{"self":[{"href":"https:\/\/thucpham.com\/vinacom\/wp-json\/wp\/v2\/product\/9252"}],"collection":[{"href":"https:\/\/thucpham.com\/vinacom\/wp-json\/wp\/v2\/product"}],"about":[{"href":"https:\/\/thucpham.com\/vinacom\/wp-json\/wp\/v2\/types\/product"}],"replies":[{"embeddable":true,"href":"https:\/\/thucpham.com\/vinacom\/wp-json\/wp\/v2\/comments?post=9252"}],"wp:featuredmedia":[{"embeddable":true,"href":"https:\/\/thucpham.com\/vinacom\/wp-json\/wp\/v2\/media\/36189"}],"wp:attachment":[{"href":"https:\/\/thucpham.com\/vinacom\/wp-json\/wp\/v2\/media?parent=9252"}],"wp:term":[{"taxonomy":"product_cat","embeddable":true,"href":"https:\/\/thucpham.com\/vinacom\/wp-json\/wp\/v2\/product_cat?post=9252"},{"taxonomy":"product_tag","embeddable":true,"href":"https:\/\/thucpham.com\/vinacom\/wp-json\/wp\/v2\/product_tag?post=9252"}],"curies":[{"name":"wp","href":"https:\/\/api.w.org\/{rel}","templated":true}]}}