{"id":9249,"date":"2020-06-27T18:15:28","date_gmt":"2020-06-27T18:15:28","guid":{"rendered":"https:\/\/thucpham.com\/?post_type=product&#038;p=9249"},"modified":"2022-01-15T13:18:42","modified_gmt":"2022-01-15T06:18:42","slug":"bep-chien-nua-phang-nua-nham-dung-dien-modular-pk-90-80-ftres-t","status":"publish","type":"product","link":"https:\/\/thucpham.com\/vinacom\/bep-chien-nua-phang-nua-nham-dung-dien-modular-pk-90-80-ftres-t\/","title":{"rendered":"B\u1ebfp Chi\u00ean N\u1eeda Ph\u1eb3ng N\u1eeda Nh\u00e1m D\u00f9ng \u0110i\u1ec7n Modular PK 90\/80 FTRES-T"},"content":{"rendered":"<h2 style=\"text-align: justify;\"><strong><span style=\"font-size: 80%;\">M\u00f4 t\u1ea3 s\u1ea3n ph\u1ea9m<\/span><\/strong><\/h2>\n<p style=\"text-align: justify;\"><span style=\"font-family: arial, helvetica, sans-serif;\"><b>B\u1ebfp chi\u00ean n\u1eeda ph\u1eb3ng n\u1eeda nh\u00e1m d\u00f9ng \u0111i\u1ec7n Modular PK 90\/80 FTRES-T<\/b><span style=\"font-weight: 400;\"> \u0111\u01b0\u1ee3c nh\u1eadp kh\u1ea9u nguy\u00ean chi\u1ebfc t\u1eeb Italia, l\u00e0 <\/span><span style=\"font-weight: 400;\">m\u1ed9t thi\u1ebft b\u1ecb b\u1ebfp c\u00f4ng nghi\u1ec7p \u0111\u01b0\u1ee3c \u0111\u00e1nh gi\u00e1 cao v\u1ec1 ch\u1ea5t l\u01b0\u1ee3ng v\u00e0 hi\u1ec7u qu\u1ea3 \u1ee9ng d\u1ee5ng th\u1ef1c t\u1ebf. B\u1ebfp s\u1edf h\u1eefu thi\u1ebft k\u1ebf \u0111\u1eb9p m\u1eaft, d\u1ec5 d\u00e0ng v\u1eadn h\u00e0nh, an to\u00e0n trong qu\u00e1 tr\u00ecnh s\u1eed d\u1ee5ng \u0111\u1ed3ng th\u1eddi c\u0169ng d\u1ec5 d\u00e0ng ch\u00f9i r\u1eeda v\u1ec7 sinh h\u00e0ng ng\u00e0y. S\u1ea3n ph\u1ea9m c\u00f3 k\u00edch th\u01b0\u1edbc kh\u00e1 nh\u1ecf g\u1ecdn, ph\u00f9 h\u1ee3p v\u1edbi kh\u00f4ng gian b\u1ebfp c\u1ee7a kh\u00e1ch s\u1ea1n v\u00e0 nh\u00e0 h\u00e0ng, hay trong c\u00e1c c\u1eeda h\u00e0ng chuy\u00ean ch\u1ebf bi\u1ebfn \u0111\u1ed3 \u0103n nhanh.<\/span><\/span><\/p>\n<p>&nbsp;<\/p>\n<p><img class=\"aligncenter wp-image-41157 size-full\" src=\"https:\/\/thucpham.com\/wp-content\/uploads\/2020\/06\/bep-chien-nua-phang-nua-nham-dung-dien-modular-pk-90-80-ftres-t-001.jpg\" alt=\"B\u1ebfp Chi\u00ean N\u1eeda Ph\u1eb3ng N\u1eeda Nh\u00e1m D\u00f9ng \u0110i\u1ec7n Modular PK 90\/80 FTRES-T\" width=\"820\" height=\"656\" srcset=\"https:\/\/thucpham.com\/vinacom\/wp-content\/uploads\/2020\/06\/bep-chien-nua-phang-nua-nham-dung-dien-modular-pk-90-80-ftres-t-001.jpg 820w, https:\/\/thucpham.com\/vinacom\/wp-content\/uploads\/2020\/06\/bep-chien-nua-phang-nua-nham-dung-dien-modular-pk-90-80-ftres-t-001-300x240.jpg 300w, https:\/\/thucpham.com\/vinacom\/wp-content\/uploads\/2020\/06\/bep-chien-nua-phang-nua-nham-dung-dien-modular-pk-90-80-ftres-t-001-768x614.jpg 768w, https:\/\/thucpham.com\/vinacom\/wp-content\/uploads\/2020\/06\/bep-chien-nua-phang-nua-nham-dung-dien-modular-pk-90-80-ftres-t-001-24x19.jpg 24w, https:\/\/thucpham.com\/vinacom\/wp-content\/uploads\/2020\/06\/bep-chien-nua-phang-nua-nham-dung-dien-modular-pk-90-80-ftres-t-001-36x29.jpg 36w, https:\/\/thucpham.com\/vinacom\/wp-content\/uploads\/2020\/06\/bep-chien-nua-phang-nua-nham-dung-dien-modular-pk-90-80-ftres-t-001-48x38.jpg 48w, https:\/\/thucpham.com\/vinacom\/wp-content\/uploads\/2020\/06\/bep-chien-nua-phang-nua-nham-dung-dien-modular-pk-90-80-ftres-t-001-510x408.jpg 510w\" sizes=\"(max-width: 820px) 100vw, 820px\" title=\"\"><\/p>\n<p style=\"text-align: center;\"><span style=\"font-family: helvetica, arial, sans-serif;\"><i><em>Th\u00f4ng tin s\u1ea3n ph\u1ea9m b\u1ebfp chi\u00ean n\u1eeda ph\u1eb3ng n\u1eeda nh\u00e1m d\u00f9ng \u0111i\u1ec7n Modular PK 90\/80 FTRES-T<\/em><\/i><\/span><\/p>\n<h2 style=\"text-align: justify;\"><strong><span style=\"font-size: 80%;\">\u01afu \u0111i\u1ec3m s\u1ea3n ph\u1ea9m<\/span><\/strong><\/h2>\n<h3 style=\"text-align: justify;\"><strong><span style=\"font-size: 90%;\">Ch\u1ea5t li\u1ec7u inox cao c\u1ea5p<\/span><\/strong><\/h3>\n<p style=\"text-align: justify;\"><span style=\"font-family: arial, helvetica, sans-serif;\"><span style=\"font-weight: 400;\">To\u00e0n b\u1ed9 ph\u1ea7n th\u00e2n b\u1ebfp \u0111\u01b0\u1ee3c l\u00e0m t\u1eeb inox 304 cao c\u1ea5p, lu\u00f4n b\u1ec1n \u0111\u1eb9p v\u00e0 s\u00e1ng b\u00f3ng trong m\u00f4i tr\u01b0\u1eddng nhi\u1ec1u d\u1ea7u m\u1ee1 v\u00e0 nhi\u1ec7t \u0111\u1ed9 cao nh\u01b0 trong nh\u00e0 b\u1ebfp. B\u1ec1 m\u1eb7t b\u1ebfp \u0111\u01b0\u1ee3c s\u1ea3n xu\u1ea5t b\u1eb1ng <a href=\"https:\/\/vi.wikipedia.org\/wiki\/Th%C3%A9p_kh%C3%B4ng_g%E1%BB%89\" target=\"_blank\" rel=\"noopener nofollow\" data-schema-attribute=\"\">th\u00e9p kh\u00f4ng g\u1ec9<\/a> AISI 304 v\u1edbi \u0111\u1ed9 d\u00e0y 15\/10 b\u1ec1n b\u1ec9, ch\u1ed1ng va \u0111\u1eadp v\u00e0 tr\u1ea7y x\u01b0\u1edbc hi\u1ec7u qu\u1ea3.<\/span><\/span><\/p>\n<h3 style=\"text-align: justify;\"><strong><span style=\"font-size: 90%;\">Thi\u1ebft k\u1ebf hi\u1ec7n \u0111\u1ea1i ti\u1ec7n l\u1ee3i<\/span><\/strong><\/h3>\n<p style=\"text-align: justify;\"><span style=\"font-family: arial, helvetica, sans-serif;\"><span style=\"font-weight: 400;\">\u0110\u1eb7c bi\u1ec7t, <\/span><b>b\u1ebfp chi\u00ean n\u1eeda ph\u1eb3ng n\u1eeda nh\u00e1m d\u00f9ng \u0111i\u1ec7n Modular PK 90\/80 FTRES-T<\/b><span style=\"font-weight: 400;\"> c\u00f3 <\/span><span style=\"font-weight: 400;\">thi\u1ebft k\u1ebf n\u1eeda m\u1eb7t ph\u1eb3ng v\u00e0 n\u1eeda m\u1eb7t nh\u00e1m v\u1edbi n\u00fat v\u1eb7n \u0111i\u1ec1u ch\u1ec9nh nhi\u1ec7t \u0111\u1ed9c l\u1eadp n\u00ean c\u00e1c \u0111\u1ea7u b\u1ebfp tho\u1ea3i m\u00e1i s\u00e1ng t\u1ea1o c\u00e1c m\u00f3n \u0103n m\u00e0 kh\u00f4ng ph\u1ea3i lo ch\u00fang \u1ea3nh h\u01b0\u1edfng l\u1eabn nhau. Th\u00eam v\u00e0o \u0111\u00f3, c\u00e1c vi\u1ec1n \u0111\u01b0\u1ee3c h\u00e0n k\u00edn tr\u00e1nh d\u1ea7u m\u1ee1 ch\u1ea3y xu\u1ed1ng khoang m\u00e1y, b\u1ec1 m\u1eb7t n\u1ea5u \u0111\u01b0\u1ee3c thi\u1ebft k\u1ebf nghi\u00eang 10mm, gi\u00fap d\u1ea7u m\u1ee1 th\u1eeba ti\u1ebft ra t\u1eeb th\u1ee9c \u0103n ch\u1ea3y xu\u1ed1ng khoang ch\u1ee9a m\u1ee1 1,5l ph\u00eda d\u01b0\u1edbi m\u1eb7t b\u1ebfp d\u1ec5 d\u00e0ng h\u01a1n.<\/span><\/span><\/p>\n<h3 style=\"text-align: justify;\"><strong><span style=\"font-size: 90%;\">C\u00f4ng su\u1ea5t m\u1ea1nh m\u1ebd v\u01b0\u1ee3t tr\u1ed9i<\/span><\/strong><\/h3>\n<p>V\u1edbi c\u00f4ng su\u1ea5t \u0111i\u1ec7n l\u00ean t\u1edbi 15kW <span style=\"font-weight: 400;\">cung c\u1ea5p cho b\u1ebfp m\u1ed9t ngu\u1ed3n nhi\u1ec7t m\u1ea1nh m\u1ebd, d\u1ec5 d\u00e0ng chi\u00ean n\u01b0\u1edbng ch\u00edn c\u00e1c th\u1ef1c ph\u1ea9m m\u1ed9t c\u00e1ch nhanh ch\u00f3ng nh\u1ea5t. B\u1ebfp c\u00f3 ch\u1ebf t\u1ea1o c\u00e1c n\u00fam \u0111i\u1ec1u ch\u1ec9nh nhi\u1ec7t \u0111\u1ed9 gi\u00fap b\u1ea1n ch\u1ee7 \u0111\u1ed9ng trong vi\u1ec7c ch\u1ebf bi\u1ebfn c\u00e1c m\u00f3n kh\u00e1c nhau. <span style=\"font-family: arial, helvetica, sans-serif;\"><b>B\u1ebfp chi\u00ean n\u1eeda ph\u1eb3ng n\u1eeda nh\u00e1m d\u00f9ng \u0111i\u1ec7n Modular PK 90\/80 FTRES-T&nbsp;<\/b>v\u1edbi hai m\u1eb7t b\u1ebfp gi\u00fap cho vi\u1ec7c ch\u1ebf bi\u1ebfn nhanh ch\u00f3ng v\u00e0 n\u0103ng su\u1ea5t h\u01a1n, gi\u00fap b\u1ea1n ti\u1ebft ki\u1ec7m th\u1eddi gian v\u00e0 chi ph\u00ed n\u1ea5u n\u01b0\u1edbng.<\/span><\/span><\/p>\n<h3 style=\"text-align: justify;\"><strong><span style=\"font-size: 90%;\">Kh\u1ea3 n\u0103ng \u1ee9ng d\u1ee5ng cao<\/span><\/strong><\/h3>\n<p style=\"text-align: justify;\">V\u1edbi thi\u1ebft k\u1ebf kh\u00f4ng c\u00f3 ph\u1ea7n ch\u00e2n b\u1ebfp t\u1ea1o n\u00ean s\u1ef1 nh\u1ecf g\u1ecdn v\u00e0 linh ho\u1ea1t gi\u00fap cho <span style=\"font-weight: 400;\"><span style=\"font-family: arial, helvetica, sans-serif;\"><b>b\u1ebfp chi\u00ean n\u1eeda ph\u1eb3ng n\u1eeda nh\u00e1m d\u00f9ng \u0111i\u1ec7n Modular PK 90\/80 FTRES-T <\/b>c\u00f3 th\u1ec3 ph\u00f9 h\u1ee3p v\u1edbi m\u1ecdi kh\u00f4ng gian b\u1ebfp.<\/span><\/span><\/p>\n<p style=\"text-align: justify;\">Hai m\u1eb7t chi\u00ean kh\u00e1c nhau c\u0169ng gi\u00fap \u0111\u00e1p \u1ee9ng t\u1ed1i \u0111a cho c\u00e1c nhu c\u1ea7u c\u1ee7a nh\u00e0 h\u00e0ng, kh\u00e1ch s\u1ea1n,&#8230; c\u1ea7n ch\u1ebf bi\u1ebfn c\u00e1c m\u00f3n \u0103n v\u1edbi s\u1ed1 l\u01b0\u1ee3ng l\u1edbn v\u00e0 nhi\u1ec1u lo\u1ea1i \u0111\u1ec3 ph\u1ee5c v\u1ee5 kh\u00e1ch h\u00e0ng.<\/p>\n<p style=\"text-align: justify;\"><span style=\"font-weight: 400;\">V\u1edbi ki\u1ec3u d\u00e1ng m\u1eb7t ph\u1eb3ng si\u00eau sang tr\u1ecdng b\u00ean ngo\u00e0i thi\u1ebft k\u1ebf h\u1ed9p, t\u1ea5t c\u1ea3 c\u00e1c k\u1ebft c\u1ea5u b\u1eb1ng inox cao c\u1ea5p<\/span><span style=\"font-weight: 400;\"> b\u1ec1n b\u1ec9, c\u1ea5u tr\u00fac h\u1ee3p l\u00fd an to\u00e0n, d\u1ec5 d\u00e0ng v\u1ec7 sinh th\u00ec s\u1ea3n ph\u1ea9m lu\u00f4n l\u00e0 \u01b0u ti\u00ean h\u00e0ng \u0111\u1ea7u cho c\u0103n b\u1ebfp c\u1ee7a b\u1ea1n.<\/span><\/p>\n<p><img class=\"aligncenter wp-image-41158 size-full\" src=\"https:\/\/thucpham.com\/wp-content\/uploads\/2020\/06\/bep-chien-nua-phang-nua-nham-dung-dien-modular-pk-90-80-ftres-t-002.jpg\" alt=\"B\u1ebfp Chi\u00ean N\u1eeda Ph\u1eb3ng N\u1eeda Nh\u00e1m D\u00f9ng \u0110i\u1ec7n Modular PK 90\/80 FTRES-T\" width=\"820\" height=\"656\" srcset=\"https:\/\/thucpham.com\/vinacom\/wp-content\/uploads\/2020\/06\/bep-chien-nua-phang-nua-nham-dung-dien-modular-pk-90-80-ftres-t-002.jpg 820w, https:\/\/thucpham.com\/vinacom\/wp-content\/uploads\/2020\/06\/bep-chien-nua-phang-nua-nham-dung-dien-modular-pk-90-80-ftres-t-002-300x240.jpg 300w, https:\/\/thucpham.com\/vinacom\/wp-content\/uploads\/2020\/06\/bep-chien-nua-phang-nua-nham-dung-dien-modular-pk-90-80-ftres-t-002-768x614.jpg 768w, https:\/\/thucpham.com\/vinacom\/wp-content\/uploads\/2020\/06\/bep-chien-nua-phang-nua-nham-dung-dien-modular-pk-90-80-ftres-t-002-24x19.jpg 24w, https:\/\/thucpham.com\/vinacom\/wp-content\/uploads\/2020\/06\/bep-chien-nua-phang-nua-nham-dung-dien-modular-pk-90-80-ftres-t-002-36x29.jpg 36w, https:\/\/thucpham.com\/vinacom\/wp-content\/uploads\/2020\/06\/bep-chien-nua-phang-nua-nham-dung-dien-modular-pk-90-80-ftres-t-002-48x38.jpg 48w, https:\/\/thucpham.com\/vinacom\/wp-content\/uploads\/2020\/06\/bep-chien-nua-phang-nua-nham-dung-dien-modular-pk-90-80-ftres-t-002-510x408.jpg 510w\" sizes=\"(max-width: 820px) 100vw, 820px\" title=\"\"><\/p>\n<p style=\"text-align: center;\"><span style=\"font-family: helvetica, arial, sans-serif;\"><i><em>\u01afu \u0111i\u1ec3m s\u1ea3n ph\u1ea9m b\u1ebfp chi\u00ean n\u1eeda ph\u1eb3ng n\u1eeda nh\u00e1m d\u00f9ng \u0111i\u1ec7n Modular PK 90\/80 FTRES-T<\/em><\/i><\/span><\/p>\n<h2 style=\"text-align: justify;\"><strong><span style=\"font-size: 80%;\">S\u1eed d\u1ee5ng b\u1ebfp chi\u00ean n\u1eeda ph\u1eb3ng n\u1eeda nh\u00e1m d\u00f9ng \u0111i\u1ec7n Modular PK 90\/80 FTRES-T c\u1ea7n ch\u00fa \u00fd<\/span><\/strong><\/h2>\n<ul>\n<li style=\"font-weight: 400; text-align: justify;\" aria-level=\"1\"><span style=\"font-weight: 400;\">Ki\u1ec3m tra \u0111\u1ed9 an to\u00e0n c\u1ee7a b\u1ebfp tr\u01b0\u1edbc m\u1ed7i l\u1ea7n s\u1eed d\u1ee5ng<\/span><\/li>\n<li style=\"font-weight: 400; text-align: justify;\" aria-level=\"1\"><span style=\"font-weight: 400;\">N\u00ean cho m\u1ed9t \u00edt n\u01b0\u1edbc v\u00e0o khay h\u1ee9ng d\u1ea7u m\u1ee1 tr\u00e1nh d\u1ea7u n\u00f3ng l\u00e0m kh\u00f3i b\u1ebfp<\/span><\/li>\n<li style=\"font-weight: 400; text-align: justify;\" aria-level=\"1\"><span style=\"font-weight: 400;\">\u0110i\u1ec1u ch\u1ec9nh nhi\u1ec7t \u0111\u1ed9 theo m\u1ed7i m\u00f3n \u0103n \u0111\u1ec3 \u0111\u01b0\u1ee3c hi\u1ec7u qu\u1ea3 t\u1ed1i \u01b0u nh\u1ea5t<\/span><\/li>\n<li style=\"font-weight: 400; text-align: justify;\" aria-level=\"1\"><span style=\"font-weight: 400;\">Tuy\u1ec7t \u0111\u1ed1i kh\u00f4ng \u0111\u01b0\u1ee3c d\u1ed9i n\u01b0\u1edbc v\u00e0o b\u1ec1 m\u1eb7t b\u1ebfp<\/span><\/li>\n<li style=\"font-weight: 400; text-align: justify;\" aria-level=\"1\"><span style=\"font-weight: 400;\">V\u1ec7 sinh sau m\u1ed7i l\u1ea7n s\u1eed d\u1ee5ng<\/span><\/li>\n<\/ul>\n<p><img class=\"aligncenter wp-image-41167 size-full\" src=\"https:\/\/thucpham.com\/wp-content\/uploads\/2020\/06\/bep-chien-nua-phang-nua-nham-dung-dien-modular-pk-90-80-ftres-t-003.jpg\" alt=\"B\u1ebfp Chi\u00ean N\u1eeda Ph\u1eb3ng N\u1eeda Nh\u00e1m D\u00f9ng \u0110i\u1ec7n Modular PK 90\/80 FTRES-T\" width=\"820\" height=\"656\" srcset=\"https:\/\/thucpham.com\/vinacom\/wp-content\/uploads\/2020\/06\/bep-chien-nua-phang-nua-nham-dung-dien-modular-pk-90-80-ftres-t-003.jpg 820w, https:\/\/thucpham.com\/vinacom\/wp-content\/uploads\/2020\/06\/bep-chien-nua-phang-nua-nham-dung-dien-modular-pk-90-80-ftres-t-003-300x240.jpg 300w, https:\/\/thucpham.com\/vinacom\/wp-content\/uploads\/2020\/06\/bep-chien-nua-phang-nua-nham-dung-dien-modular-pk-90-80-ftres-t-003-768x614.jpg 768w, https:\/\/thucpham.com\/vinacom\/wp-content\/uploads\/2020\/06\/bep-chien-nua-phang-nua-nham-dung-dien-modular-pk-90-80-ftres-t-003-24x19.jpg 24w, https:\/\/thucpham.com\/vinacom\/wp-content\/uploads\/2020\/06\/bep-chien-nua-phang-nua-nham-dung-dien-modular-pk-90-80-ftres-t-003-36x29.jpg 36w, https:\/\/thucpham.com\/vinacom\/wp-content\/uploads\/2020\/06\/bep-chien-nua-phang-nua-nham-dung-dien-modular-pk-90-80-ftres-t-003-48x38.jpg 48w, https:\/\/thucpham.com\/vinacom\/wp-content\/uploads\/2020\/06\/bep-chien-nua-phang-nua-nham-dung-dien-modular-pk-90-80-ftres-t-003-510x408.jpg 510w\" sizes=\"(max-width: 820px) 100vw, 820px\" title=\"\"><\/p>\n<p>&nbsp;<\/p>\n<p><i>B\u1ebfp chi\u00ean n\u1eeda ph\u1eb3ng n\u1eeda nh\u00e1m d\u00f9ng \u0111i\u1ec7n Modular PK 90\/80 FTRES-T<\/i><span style=\"font-weight: 400;\"> \u0111\u01b0\u1ee3c nh\u1eadp kh\u1ea9u nguy\u00ean chi\u1ebfc t\u1eeb Italia, l\u00e0 m\u1ed9t thi\u1ebft b\u1ecb b\u1ebfp c\u00f4ng nghi\u1ec7p \u0111\u01b0\u1ee3c \u0111\u00e1nh gi\u00e1 cao v\u1ec1 ch\u1ea5t l\u01b0\u1ee3ng v\u00e0 hi\u1ec7u qu\u1ea3 \u1ee9ng d\u1ee5ng th\u1ef1c t\u1ebf. B\u1ebfp s\u1edf h\u1eefu thi\u1ebft k\u1ebf \u0111\u1eb9p m\u1eaft, d\u1ec5 d\u00e0ng v\u1eadn h\u00e0nh, an to\u00e0n, v\u1ec7 sinh thu\u1eadn ti\u1ec7n. C\u00f9ng Thucpham.com tham kh\u1ea3o th\u00eam c\u00e1c d\u00f2ng <a href=\"https:\/\/thucpham.com\/bep-chien-nhung\/\">b\u1ebfp chi\u00ean nh\u00fang<\/a> ph\u1ed5 bi\u1ebfn c\u1ee7a Modular tr\u00ean th\u1ecb tr\u01b0\u1eddng hi\u1ec7n nay nh\u01b0: <a href=\"https:\/\/thucpham.com\/bep-chien-be-mat-am-ban-2-hong-modular\/\">B\u1ebfp chi\u00ean b\u1ec1 m\u1eb7t \u00e2m b\u00e0n 2 h\u1ecdng Modular<\/a>,&nbsp;<a href=\"https:\/\/thucpham.com\/bep-chien-nhung-don-dung-gas-modular\/\">B\u1ebfp chi\u00ean nh\u00fang \u0111\u01a1n d\u00f9ng gas Modular<\/a>,&#8230;<\/span><\/p>\n","protected":false},"excerpt":{"rendered":"<ul>\n<li style=\"font-weight: 400;\"><span style=\"font-weight: 400; font-family: helvetica, arial, sans-serif;\">Nh\u1eadp kh\u1ea9u nguy\u00ean chi\u1ebfc t\u1eeb \u00dd<\/span><\/li>\n<li style=\"font-weight: 400;\"><span style=\"font-family: helvetica, arial, sans-serif;\"><span style=\"font-weight: 400;\">To\u00e0n b\u1ed9 th\u00e2n b\u1ebfp l\u00e0m <\/span><span style=\"font-weight: 400;\">b\u1eb1ng ch\u1ea5t li\u1ec7u inox 304 cao c\u1ea5p<\/span><\/span><\/li>\n<li style=\"font-weight: 400;\"><span style=\"font-weight: 400; font-family: helvetica, arial, sans-serif;\">B\u1ec1 m\u1eb7t b\u1ebfp c\u00f3 kh\u1ea3 n\u0103ng ch\u1ed1ng d\u00ednh hi\u1ec7u qu\u1ea3<\/span><\/li>\n<li style=\"font-weight: 400;\"><span style=\"font-weight: 400; font-family: helvetica, arial, sans-serif;\">M\u1eb7t b\u1ebfp nghi\u00eang 10mm k\u00e8m khay h\u1ee9ng m\u1ee1 th\u1eeba dung t\u00edch 1,5L<\/span><\/li>\n<li style=\"font-weight: 400;\"><span style=\"font-weight: 400; font-family: helvetica, arial, sans-serif;\">K\u00edch c\u1ee1 nh\u1ecf g\u1ecdn, d\u1ec5 d\u00e0ng l\u1eafp \u0111\u1eb7t v\u00e0 s\u1eed d\u1ee5ng<\/span><\/li>\n<\/ul>\n","protected":false},"featured_media":36184,"comment_status":"open","ping_status":"closed","template":"","meta":[],"product_cat":[199,247],"product_tag":[],"_links":{"self":[{"href":"https:\/\/thucpham.com\/vinacom\/wp-json\/wp\/v2\/product\/9249"}],"collection":[{"href":"https:\/\/thucpham.com\/vinacom\/wp-json\/wp\/v2\/product"}],"about":[{"href":"https:\/\/thucpham.com\/vinacom\/wp-json\/wp\/v2\/types\/product"}],"replies":[{"embeddable":true,"href":"https:\/\/thucpham.com\/vinacom\/wp-json\/wp\/v2\/comments?post=9249"}],"wp:featuredmedia":[{"embeddable":true,"href":"https:\/\/thucpham.com\/vinacom\/wp-json\/wp\/v2\/media\/36184"}],"wp:attachment":[{"href":"https:\/\/thucpham.com\/vinacom\/wp-json\/wp\/v2\/media?parent=9249"}],"wp:term":[{"taxonomy":"product_cat","embeddable":true,"href":"https:\/\/thucpham.com\/vinacom\/wp-json\/wp\/v2\/product_cat?post=9249"},{"taxonomy":"product_tag","embeddable":true,"href":"https:\/\/thucpham.com\/vinacom\/wp-json\/wp\/v2\/product_tag?post=9249"}],"curies":[{"name":"wp","href":"https:\/\/api.w.org\/{rel}","templated":true}]}}