{"id":9240,"date":"2020-06-27T18:05:06","date_gmt":"2020-06-27T18:05:06","guid":{"rendered":"https:\/\/thucpham.com\/?post_type=product&#038;p=9240"},"modified":"2022-01-13T15:25:04","modified_gmt":"2022-01-13T08:25:04","slug":"bep-chien-phang-3-hong-dung-gas-co-chan-dung-berjaya","status":"publish","type":"product","link":"https:\/\/thucpham.com\/vinacom\/bep-chien-phang-3-hong-dung-gas-co-chan-dung-berjaya\/","title":{"rendered":"B\u1ebfp Chi\u00ean Ph\u1eb3ng 3 H\u1ecdng D\u00f9ng Gas C\u00f3 Ch\u00e2n \u0110\u1ee9ng Berjaya GG3BFS-17"},"content":{"rendered":"<h2 style=\"text-align: justify;\"><strong><span style=\"font-size: 80%;\">M\u00f4 t\u1ea3 s\u1ea3n ph\u1ea9m<\/span><\/strong><\/h2>\n<p style=\"text-align: justify;\"><span style=\"font-family: helvetica, arial, sans-serif;\"><b>B\u1ebfp chi\u00ean ph\u1eb3ng 3 h\u1ecdng d\u00f9ng gas c\u00f3 ch\u00e2n \u0111\u1ee9ng Berjaya GG3BFS-17 <\/b><span style=\"font-weight: 400;\">\u0111\u01b0\u1ee3c s\u1ea3n xu\u1ea5t t\u1ea1i Malaysia, c\u00f3 k\u1ebft c\u1ea5u v\u00e0 ki\u1ec3u d\u00e1ng c\u00f4ng nghi\u1ec7p, hi\u1ec7n \u0111\u1ea1i, chuy\u00ean <\/span><span style=\"font-weight: 400;\">d\u00f9ng \u0111\u1ec3 n\u1ea5u c\u00e1c m\u00f3n \u0103n nh\u01b0 b\u00f2 beefsteak, tr\u1ee9ng \u1ed1p la, x\u00fac x\u00edch chi\u00ean, th\u1ecbt heo, c\u00e1 r\u00e1n,&#8230; B\u1ebfp r\u1ea5t ph\u00f9 h\u1ee3p cho nh\u1eefng nh\u00e0 h\u00e0ng, kh\u00e1ch s\u1ea1n ph\u1ee5c v\u1ee5 l\u01b0\u1ee3ng kh\u00e1ch \u0111\u00f4ng trong th\u1eddi gian nhanh ch\u00f3ng m\u00e0 v\u1eabn \u0111\u1ea3m b\u1ea3o ch\u1ea5t l\u01b0\u1ee3ng \u0111\u1ed3 \u0103n ph\u1ee5c v\u1ee5 kh\u00e1ch.<\/span><\/span><\/p>\n<p><img class=\"aligncenter\" src=\"https:\/\/thucpham.com\/wp-content\/uploads\/2020\/06\/bep-chien-phang-3-hong-dung-gas-co-chan-dung-gg3bfs-17-05.jpg\" alt=\"B\u1ebfp Chi\u00ean Ph\u1eb3ng 3 H\u1ecdng D\u00f9ng Gas C\u00f3 Ch\u00e2n \u0110\u1ee9ng Berjaya GG3BFS-17\" width=\"820\" height=\"656\" title=\"\"><\/p>\n<p style=\"text-align: center;\"><span style=\"font-family: helvetica, arial, sans-serif;\"><i><em>Th\u00f4ng tin s\u1ea3n ph\u1ea9m b\u1ebfp chi\u00ean ph\u1eb3ng 3 h\u1ecdng d\u00f9ng gas c\u00f3 ch\u00e2n \u0111\u1ee9ng Berjaya GG3BFS-17&nbsp;<\/em><\/i><\/span><\/p>\n<h2 style=\"text-align: justify;\"><strong><span style=\"font-size: 80%;\">\u01afu \u0111i\u1ec3m c\u1ee7a s\u1ea3n ph\u1ea9m<\/span><\/strong><\/h2>\n<h3 style=\"text-align: justify;\"><strong><span style=\"font-size: 90%;\">Thi\u1ebft k\u1ebf hi\u1ec7n \u0111\u1ea1i<\/span><\/strong><\/h3>\n<p style=\"text-align: justify;\"><span style=\"font-family: helvetica, arial, sans-serif;\"><span style=\"font-weight: 400;\">Ph\u1ea7n th\u00e2n b\u1ebfp \u0111\u01b0\u1ee3c l\u00e0m b\u1eb1ng ch\u1ea5t li\u1ec7u <a href=\"https:\/\/vi.wikipedia.org\/wiki\/Th%C3%A9p_kh%C3%B4ng_g%E1%BB%89\" target=\"_blank\" rel=\"noopener nofollow\" data-schema-attribute=\"\">th\u00e9p kh\u00f4ng g\u1ec9<\/a>, kh\u1ea3 n\u0103ng ch\u1ecbu \u0103n m\u00f2n cao, b\u1ec1 m\u1eb7t lu\u00f4n s\u00e1ng b\u00f3ng t\u1ea1o n\u00ean kh\u00f4ng gian b\u1ebfp lu\u00f4n sang tr\u1ecdng. Ngo\u00e0i ra, ph\u1ea7n m\u1eb7t v\u1ec9 chi\u00ean ph\u1eb3ng m\u1ecbn c\u00f3 \u0111\u1ed9 d\u00e0y l\u00ean \u0111\u1ebfn 12mm c\u00f9ng kh\u1ea3 n\u0103ng ch\u1ed1ng d\u00ednh hi\u1ec7u qu\u1ea3, mang \u0111\u1ebfn nh\u1eefng m\u00f3n chi\u00ean r\u00e1n th\u01a1m ngon v\u00e0 h\u1ea5p d\u1eabn.<\/span><\/span><\/p>\n<h3 style=\"text-align: justify;\"><span style=\"font-size: 90%;\"><strong>L\u1eafp \u0111\u1eb7t d\u1ec5 d\u00e0ng ch\u1eafc ch\u1eafn<\/strong><\/span><\/h3>\n<p style=\"text-align: justify;\"><span style=\"font-family: helvetica, arial, sans-serif;\"><span style=\"font-weight: 400;\"> K\u1ebft c\u1ea5u <strong>b\u1ebfp chi\u00ean ph\u1eb3ng 3 h\u1ecdng d\u00f9ng gas c\u00f3 ch\u00e2n \u0111\u1ee9ng Berjaya GG3BFS-17<\/strong><\/span><span style=\"font-weight: 400;\">&nbsp;<\/span><span style=\"font-weight: 400;\">r\u1ea5t ch\u1eafc ch\u1eafn v\u1edbi 4 ch\u00e2n inox v\u1eefng ch\u00e3i, ng\u01b0\u1eddi d\u00f9ng c\u00f3 th\u1ec3 t\u1ef1 do di chuy\u1ec3n b\u1ebfp t\u1eeb v\u1ecb tr\u00ed n\u00e0y \u0111\u1ebfn v\u1ecb tr\u00ed kia m\u00e0 kh\u00f4ng s\u1ee3 \u1ea3nh h\u01b0\u1edfng t\u1edbi k\u1ebft c\u1ea5u b\u1ebfp.<\/span><\/span><\/p>\n<h3 style=\"text-align: justify;\"><span style=\"font-size: 90%;\"><strong>C\u00f4ng su\u1ea5t t\u1ed1i \u01b0u<\/strong><\/span><\/h3>\n<p style=\"text-align: justify;\"><span style=\"font-family: helvetica, arial, sans-serif;\"><span style=\"font-weight: 400;\">B\u00ean c\u1ea1nh \u0111\u00f3, <\/span>b\u1ebfp chi\u00ean Berjaya GG3BFS-17<span style=\"font-weight: 400;\"> s\u1edf h\u1eefu 3 h\u1ecdng \u0111\u1ed1t v\u1edbi c\u00f4ng su\u1ea5t <\/span><span style=\"font-weight: 400;\">78,000 Btu\/Hr, thanh \u0111\u00e1nh l\u1eeda t\u1ef1 \u0111\u1ed9ng Piezo gi\u00fap truy\u1ec1n nhi\u1ec7t nhanh \u0111\u1ea3m b\u1ea3o ch\u1ebf bi\u1ebfn m\u00f3n \u0103n nhanh ch\u00f3ng v\u00e0 ch\u1ea5t l\u01b0\u1ee3ng nh\u1ea5t.<\/span><\/span><\/p>\n<h3 style=\"text-align: justify;\"><strong><span style=\"font-size: 90%;\">An to\u00e0n v\u00e0 d\u1ec5 d\u00e0ng s\u1eed d\u1ee5ng<\/span><\/strong><\/h3>\n<p style=\"text-align: justify;\"><span style=\"font-family: helvetica, arial, sans-serif;\"><span style=\"font-weight: 400;\">Thanh ch\u1eafn b\u1eb1ng th\u00e9p kh\u00f4ng g\u1ec9 75mm gi\u00fap h\u1ea1n ch\u1ebf d\u1ea7u m\u1ee1 n\u00f3ng b\u1eafn ra xung quanh, ch\u1ed1ng b\u1ee5i b\u1ea9n \u0111\u1ea3m b\u1ea3o an to\u00e0n cho c\u00e1c \u0111\u1ea7u b\u1ebfp v\u00e0 v\u1ec7 sinh cho khu b\u1ebfp c\u0169ng nh\u01b0 c\u00e1c m\u00f3n \u0103n. <b>B\u1ebfp chi\u00ean ph\u1eb3ng 3 h\u1ecdng d\u00f9ng gas c\u00f3 ch\u00e2n \u0111\u1ee9ng Berjaya GG3BFS-17<\/b><\/span><span style=\"font-weight: 400;\"> c\u00f2n c\u00f3 h\u1ec7 th\u1ed1ng n\u00fat v\u1eb7n \u0111i\u1ec1u ch\u1ec9nh nhi\u1ec7t b\u1eb1ng tay, d\u1ec5 s\u1eed d\u1ee5ng \u0111\u1ec3 \u0111i\u1ec1u ch\u1ec9nh nhi\u1ec7t \u0111\u1ed9 ph\u00f9 h\u1ee3p trong qu\u00e1 tr\u00ecnh n\u1ea5u n\u01b0\u1edbng.<\/span><\/span><\/p>\n<p><img class=\"aligncenter wp-image-40928 size-full\" src=\"https:\/\/thucpham.com\/wp-content\/uploads\/2020\/06\/bep-chien-phang-3-hong-dung-gas-co-chan-dung-berjaya-gg3bfs-001.jpg\" alt=\"B\u1ebfp Chi\u00ean Ph\u1eb3ng 3 H\u1ecdng D\u00f9ng Gas C\u00f3 Ch\u00e2n \u0110\u1ee9ng Berjaya\" width=\"820\" height=\"656\" srcset=\"https:\/\/thucpham.com\/vinacom\/wp-content\/uploads\/2020\/06\/bep-chien-phang-3-hong-dung-gas-co-chan-dung-berjaya-gg3bfs-001.jpg 820w, https:\/\/thucpham.com\/vinacom\/wp-content\/uploads\/2020\/06\/bep-chien-phang-3-hong-dung-gas-co-chan-dung-berjaya-gg3bfs-001-300x240.jpg 300w, https:\/\/thucpham.com\/vinacom\/wp-content\/uploads\/2020\/06\/bep-chien-phang-3-hong-dung-gas-co-chan-dung-berjaya-gg3bfs-001-768x614.jpg 768w, https:\/\/thucpham.com\/vinacom\/wp-content\/uploads\/2020\/06\/bep-chien-phang-3-hong-dung-gas-co-chan-dung-berjaya-gg3bfs-001-24x19.jpg 24w, https:\/\/thucpham.com\/vinacom\/wp-content\/uploads\/2020\/06\/bep-chien-phang-3-hong-dung-gas-co-chan-dung-berjaya-gg3bfs-001-36x29.jpg 36w, https:\/\/thucpham.com\/vinacom\/wp-content\/uploads\/2020\/06\/bep-chien-phang-3-hong-dung-gas-co-chan-dung-berjaya-gg3bfs-001-48x38.jpg 48w, https:\/\/thucpham.com\/vinacom\/wp-content\/uploads\/2020\/06\/bep-chien-phang-3-hong-dung-gas-co-chan-dung-berjaya-gg3bfs-001-510x408.jpg 510w\" sizes=\"(max-width: 820px) 100vw, 820px\" title=\"\"><\/p>\n<p style=\"text-align: center;\"><span style=\"font-family: helvetica, arial, sans-serif;\"><i><em>\u01afu \u0111i\u1ec3m s\u1ea3n ph\u1ea9m b\u1ebfp chi\u00ean ph\u1eb3ng 3 h\u1ecdng d\u00f9ng gas c\u00f3 ch\u00e2n \u0111\u1ee9ng Berjaya GG3BFS-17&nbsp;<\/em><\/i><\/span><\/p>\n<h2 style=\"text-align: justify;\"><strong><span style=\"font-size: 80%;\">L\u01b0u \u00fd khi d\u00f9ng b\u1ebfp chi\u00ean ph\u1eb3ng 3 h\u1ecdng d\u00f9ng gas c\u00f3 ch\u00e2n \u0111\u1ee9ng Berjaya GG3BFS-17<\/span><\/strong><\/h2>\n<ul style=\"text-align: justify;\">\n<li style=\"font-weight: 400;\" aria-level=\"1\"><span style=\"font-weight: 400;\">\u0110\u1eb7t, \u0111\u1ec3 b\u1ebfp tr\u00e1nh nh\u1eefng v\u1ecb tr\u00ed \u1ea9m \u01b0\u1edbt<\/span><\/li>\n<li style=\"font-weight: 400;\" aria-level=\"1\"><span style=\"font-weight: 400;\">Kh\u00f4ng d\u00f9ng b\u00e0n ch\u1ea3i c\u1ecd s\u00e1t v\u00e0o b\u1ebfp g\u00e2y gi\u1ea3m tu\u1ed5i th\u1ecd s\u1eed d\u1ee5ng v\u00e0 h\u01b0 h\u1ecfng<\/span><\/li>\n<li style=\"font-weight: 400;\" aria-level=\"1\"><span style=\"font-weight: 400;\">V\u1ec7 sinh th\u01b0\u1eddng xuy\u00ean v\u00e0 lau ch\u00f9i b\u1eb1ng kh\u0103n \u1ea9m m\u1ec1m r\u1ed3i lau l\u1ea1i b\u1eb1ng kh\u0103n kh\u00f4<\/span><\/li>\n<li style=\"font-weight: 400;\" aria-level=\"1\"><span style=\"font-weight: 400;\">B\u1ea3o tr\u00ec b\u1ea3o d\u01b0\u1ee1ng \u0111\u1ecbnh k\u1ef3 \u0111\u1ec3 b\u1ebfp c\u00f3 th\u1ec3 ho\u1ea1t \u0111\u1ed9ng t\u1ed1t nh\u1ea5t<\/span><\/li>\n<li style=\"font-weight: 400;\" aria-level=\"1\"><span style=\"font-weight: 400;\">G\u1ecdi ngay cho nh\u00e2n vi\u00ean b\u1ea3o d\u01b0\u1ee1ng n\u1ebfu ph\u00e1t hi\u1ec7n t\u00ecnh tr\u1ea1ng b\u1ea5t th\u01b0\u1eddng c\u1ee7a b\u1ebfp<\/span><\/li>\n<\/ul>\n<p style=\"text-align: justify;\"><em><span style=\"font-size: 100%;\"><span style=\"font-family: helvetica, arial, sans-serif;\">B\u1ebfp chi\u00ean ph\u1eb3ng 3 h\u1ecdng d\u00f9ng gas c\u00f3 ch\u00e2n \u0111\u1ee9ng Berjaya GG3BFS-17 <\/span><\/span><\/em><span style=\"font-size: 100%;\"><span style=\"font-family: helvetica, arial, sans-serif;\">\u0111ang \u0111\u01b0\u1ee3c rao b\u00e1n v\u1edbi gi\u00e1 <strong>20.450.000&nbsp;<\/strong><span class=\"woocommerce-Price-currencySymbol\"><strong>\u20ab,<\/strong> <\/span><\/span><\/span><span style=\"font-weight: 400;\">\u0111\u00e2y l\u00e0 ph\u01b0\u01a1ng \u00e1n t\u1ed1i \u01b0u cho c\u00e1c nh\u00e0 h\u00e0ng kh\u00e1ch s\u1ea1n 5 sao mu\u1ed1n c\u00f3 \u0111\u01b0\u1ee3c m\u1ed9t s\u1ea3n ph\u1ea9m b\u1ebfp v\u1eeba th\u1ea9m m\u1ef9 l\u1ea1i c\u00f3 kh\u1ea3 n\u0103ng v\u1eadn h\u00e0nh m\u1ea1nh m\u1ebd v\u01b0\u1ee3t tr\u1ed9i. Thucpham.com c\u0169ng c\u00f3 c\u00e1c ph\u00e2n kh\u00fac kh\u00e1c v\u1ec1 <a href=\"https:\/\/thucpham.com\/bep-chien-nhung\/\">b\u1ebfp chi\u00ean nh\u00fang<\/a> gi\u00fap b\u1ea1n c\u00f3 \u0111\u01b0\u1ee3c s\u1ef1 l\u1ef1a ch\u1ecdn ho\u00e0n h\u1ea3o nh\u1ea5t cho khu b\u1ebfp c\u1ee7a m\u00ecnh nh\u01b0: <a href=\"https:\/\/thucpham.com\/bep-chien-phang-2-hong-dung-gas-co-chan-dung-berjaya\/\">B\u1ebfp Chi\u00ean Ph\u1eb3ng 2 H\u1ecdng D\u00f9ng Gas C\u00f3 Ch\u00e2n \u0110\u1ee9ng Berjaya GG2BFS-17<\/a> hay <a href=\"https:\/\/thucpham.com\/bep-chien-phang-4-hong-dung-gas-co-chan-dung-berjaya\/\">B\u1ebfp Chi\u00ean Ph\u1eb3ng 4 H\u1ecdng D\u00f9ng Gas C\u00f3 Ch\u00e2n \u0110\u1ee9ng Berjaya GG4BFS-17<\/a>,&#8230;<\/span><\/p>\n","protected":false},"excerpt":{"rendered":"<ul>\n<li><span style=\"font-weight: 400; font-family: helvetica, arial, sans-serif;\">Th\u00e2n b\u1ebfp b\u1eb1ng ch\u1ea5t li\u1ec7u th\u00e9p kh\u00f4ng g\u1ec9<\/span><\/li>\n<li style=\"font-weight: 400;\"><span style=\"font-weight: 400; font-family: helvetica, arial, sans-serif;\">C\u1ed5ng d\u1eabn kh\u00ed gas \u1edf ph\u00eda sau, \u0111\u1ea3m b\u1ea3o an to\u00e0n<\/span><\/li>\n<li style=\"font-weight: 400;\"><span style=\"font-weight: 400; font-family: helvetica, arial, sans-serif;\">3 \u0111\u1ea7u \u0111\u1ed1t t\u1ea1o nhi\u1ec7t c\u00f3 c\u00f4ng su\u1ea5t 26000Btu\/m\u1ed7i \u0111\u1ea7u<\/span><\/li>\n<li style=\"font-weight: 400;\"><span style=\"font-weight: 400; font-family: helvetica, arial, sans-serif;\">M\u1eb7t v\u1ec9 chi\u00ean c\u00f3 \u0111\u1ed9 d\u00e0y l\u00ean \u0111\u1ebfn 12mm<\/span><\/li>\n<li style=\"font-weight: 400;\"><span style=\"font-weight: 400; font-family: helvetica, arial, sans-serif;\">Thanh ch\u1eafn cao 75mm h\u1ea1n ch\u1ebf d\u1ea7u m\u1ee1 b\u1eafn ra xung quanh<\/span><\/li>\n<li style=\"font-weight: 400;\"><span style=\"font-weight: 400; font-family: helvetica, arial, sans-serif;\">\u0110\u00e1nh l\u1eeda Piezo t\u1ef1 \u0111\u1ed9ng<\/span><\/li>\n<\/ul>\n","protected":false},"featured_media":36168,"comment_status":"open","ping_status":"closed","template":"","meta":[],"product_cat":[199,247],"product_tag":[],"_links":{"self":[{"href":"https:\/\/thucpham.com\/vinacom\/wp-json\/wp\/v2\/product\/9240"}],"collection":[{"href":"https:\/\/thucpham.com\/vinacom\/wp-json\/wp\/v2\/product"}],"about":[{"href":"https:\/\/thucpham.com\/vinacom\/wp-json\/wp\/v2\/types\/product"}],"replies":[{"embeddable":true,"href":"https:\/\/thucpham.com\/vinacom\/wp-json\/wp\/v2\/comments?post=9240"}],"wp:featuredmedia":[{"embeddable":true,"href":"https:\/\/thucpham.com\/vinacom\/wp-json\/wp\/v2\/media\/36168"}],"wp:attachment":[{"href":"https:\/\/thucpham.com\/vinacom\/wp-json\/wp\/v2\/media?parent=9240"}],"wp:term":[{"taxonomy":"product_cat","embeddable":true,"href":"https:\/\/thucpham.com\/vinacom\/wp-json\/wp\/v2\/product_cat?post=9240"},{"taxonomy":"product_tag","embeddable":true,"href":"https:\/\/thucpham.com\/vinacom\/wp-json\/wp\/v2\/product_tag?post=9240"}],"curies":[{"name":"wp","href":"https:\/\/api.w.org\/{rel}","templated":true}]}}