{"id":9237,"date":"2020-06-27T18:01:49","date_gmt":"2020-06-27T18:01:49","guid":{"rendered":"https:\/\/thucpham.com\/?post_type=product&#038;p=9237"},"modified":"2024-03-13T08:45:34","modified_gmt":"2024-03-13T01:45:34","slug":"bep-chien-phang-4-hong-dung-gas-co-chan-dung-berjaya","status":"publish","type":"product","link":"https:\/\/thucpham.com\/vinacom\/bep-chien-phang-4-hong-dung-gas-co-chan-dung-berjaya\/","title":{"rendered":"B\u1ebfp Chi\u00ean Ph\u1eb3ng 4 H\u1ecdng D\u00f9ng Gas C\u00f3 Ch\u00e2n \u0110\u1ee9ng Berjaya GG4BFS-17"},"content":{"rendered":"<h2><strong><span style=\"font-size: 80%;\">Th\u00f4ng tin s\u1ea3n ph\u1ea9m<\/span><\/strong><\/h2>\n<p style=\"text-align: justify;\"><span style=\"font-family: arial, helvetica, sans-serif;\"><b>B\u1ebfp chi\u00ean ph\u1eb3ng 4 h\u1ecdng d\u00f9ng gas c\u00f3 ch\u00e2n \u0111\u1ee9ng Berjaya GG4BFS-17<\/b><span style=\"font-weight: 400;\"> \u0111\u01b0\u1ee3c s\u1ea3n xu\u1ea5t b\u1edfi th\u01b0\u01a1ng hi\u1ec7u n\u1ed5i ti\u1ebfng Berjaya &#8211; Malaysia, chuy\u00ean d\u00f9ng \u0111\u1ec3 ch\u1ebf bi\u1ebfn c\u00e1c m\u00f3n chi\u00ean n\u01b0\u1edbng ti\u1ec7n l\u1ee3i. <\/span><span style=\"font-weight: 400;\">B\u1ebfp c\u00f3 kh\u1ea3 n\u0103ng l\u00e0m n\u00f3ng nhanh ch\u00f3ng v\u00e0 d\u1ec5 d\u00e0ng \u0111i\u1ec1u khi\u1ec3n nhi\u1ec7t \u0111\u1ed9 b\u1eb1ng c\u00e1c n\u00fam v\u1eb7n b\u1eb1ng tay. S\u1ea3n ph\u1ea9m \u0111\u01b0\u1ee3c s\u1eed d\u1ee5ng ph\u1ed5 bi\u1ebfn trong c\u00e1c c\u1eeda h\u00e0ng th\u1ee9c \u0103n nhanh, nh\u00e0 h\u00e0ng,&#8230; gi\u00fap n\u00e2ng cao hi\u1ec7u qu\u1ea3 kinh doanh.&nbsp;<\/span><\/span><\/p>\n<p><img class=\"aligncenter\" src=\"https:\/\/thucpham.com\/wp-content\/uploads\/2020\/06\/bep-chien-phang-4-hong-dung-gas-co-chan-dung-gg4bfs-17-05.jpg\" alt=\"B\u1ebfp Chi\u00ean Ph\u1eb3ng 4 H\u1ecdng D\u00f9ng Gas C\u00f3 Ch\u00e2n \u0110\u1ee9ng Berjaya GG4BFS-17\" width=\"820\" height=\"656\" title=\"\"><\/p>\n<p style=\"text-align: center;\"><span style=\"font-family: helvetica, arial, sans-serif;\"><i><em>Th\u00f4ng tin s\u1ea3n ph\u1ea9m b\u1ebfp chi\u00ean ph\u1eb3ng 4 h\u1ecdng d\u00f9ng gas c\u00f3 ch\u00e2n \u0111\u1ee9ng Berjaya GG4BFS-17<\/em><\/i><\/span><\/p>\n<h2 style=\"text-align: justify;\"><strong><span style=\"font-size: 80%;\">\u01afu \u0111i\u1ec3m s\u1ea3n ph\u1ea9m<\/span><\/strong><\/h2>\n<h3 style=\"text-align: justify;\"><span style=\"font-size: 90%;\"><strong>Thi\u1ebft k\u1ebf inox cao c\u1ea5p<\/strong><\/span><\/h3>\n<p style=\"text-align: justify;\"><span style=\"font-family: arial, helvetica, sans-serif;\"><span style=\"font-weight: 400;\"><b>B\u1ebfp <\/b><b>chi\u00ean ph\u1eb3ng 4 h\u1ecdng d\u00f9ng gas c\u00f3 ch\u00e2n \u0111\u1ee9ng Berjaya GG4BFS-17<\/b> \u0111\u01b0\u1ee3c gia c\u00f4ng ho\u00e0n to\u00e0n b\u1eb1ng inox cao c\u1ea5p, kh\u00f4ng b\u00e1m b\u1ee5i b\u1ea9n, hoen g\u1ec9, lau ch\u00f9i v\u1ec7 sinh d\u1ec5 d\u00e0ng v\u00e0 lu\u00f4n mang v\u1ebb s\u00e1ng b\u00f3ng trong th\u1eddi gian s\u1eed d\u1ee5ng. \u0110\u00e2y l\u00e0 m\u1ed9t s\u1ea3n ph\u1ea9m kh\u00f4ng th\u1ec3 thi\u1ebfu trong c\u0103n b\u1ebfp sang tr\u1ecdng c\u1ee7a c\u00e1c nh\u00e0 h\u00e0ng, kh\u00e1ch s\u1ea1n,&#8230;<\/span><\/span><\/p>\n<h3 style=\"text-align: justify;\"><strong><span style=\"font-size: 90%;\">An to\u00e0n v\u00e0 ti\u1ec7n l\u1ee3i<\/span><\/strong><\/h3>\n<p style=\"text-align: justify;\"><span style=\"font-family: arial, helvetica, sans-serif;\"><span style=\"font-weight: 400;\">T\u1ea5m chi\u00ean c\u1ee7a b\u1ebfp \u0111\u01b0\u1ee3c l\u00e0m b\u1eb1ng ch\u1ea5t li\u1ec7u <a href=\"https:\/\/vi.wikipedia.org\/wiki\/Th%C3%A9p_kh%C3%B4ng_g%E1%BB%89\" target=\"_blank\" rel=\"noopener nofollow\" data-schema-attribute=\"\">th\u00e9p kh\u00f4ng g\u1ec9<\/a> v\u1edbi \u0111\u1ed9 d\u00e0y \u0111\u1ebfn 12mm, t\u1ea1o \u0111\u1ed9 ch\u1eafc ch\u1eafn, an to\u00e0n trong qu\u00e1 tr\u00ecnh chi\u00ean r\u00e1n. H\u01a1n n\u1eefa, 3 b\u00ean m\u1eb7t c\u1ee7a t\u1ea5m chi\u00ean \u0111\u1ec1u \u0111\u01b0\u1ee3c trang b\u1ecb thanh ch\u1eafn b\u1eb1ng inox 75mm gi\u00fap h\u1ea1n ch\u1ebf d\u1ea7u m\u1ee1 n\u00f3ng b\u1eafn ra xung quanh g\u00e2y nguy hi\u1ec3m cho ng\u01b0\u1eddi n\u1ea5u v\u00e0 gi\u00fap gi\u1eef v\u1ec7 sinh cho khu n\u1ea5u.<\/span><\/span><\/p>\n<p><span style=\"font-weight: 400;\"><span style=\"font-family: arial, helvetica, sans-serif;\"> C\u1ed5ng k\u1ebft n\u1ed1i v\u1edbi b\u00ecnh gas c\u1ee7a <b>b\u1ebfp <\/b><b>chi\u00ean ph\u1eb3ng 4 h\u1ecdng d\u00f9ng gas c\u00f3 ch\u00e2n \u0111\u1ee9ng Berjaya GG4BFS-17<\/b> \u0111\u01b0\u1ee3c l\u1eafp \u0111\u1eb7t \u1edf ph\u00eda sau v\u1eeba gi\u00fap cho thi\u1ebft k\u1ebf b\u1ebfp g\u1ecdn g\u00e0ng h\u01a1n v\u1eeba \u0111\u1ea3m b\u1ea3o an to\u00e0n trong qu\u00e1 tr\u00ecnh v\u1eadn h\u00e0nh. <\/span>B\u1ebfp c\u00f3 b\u1ed1n ch\u00e2n \u0111\u1ee9ng v\u1edbi \u0111\u1ed9 cao ph\u00f9 h\u1ee3p t\u1ea1o \u0111\u1ed9 tho\u1ea3i m\u00e1i m\u1ed7i khi chi\u00ean r\u00e1n. Ph\u00eda tr\u00ean b\u1ec1 m\u1eb7t ch\u00e2n \u0111\u1ee9ng c\u00f2n c\u00f3 m\u1eb7t ph\u1eb3ng r\u1ed9ng gi\u00fap b\u1ea1n t\u1ed1i \u01b0u h\u00f3a vi\u1ec7c \u0111\u1ec3 \u0111\u1ed3.<\/span><\/p>\n<h3 style=\"text-align: justify;\"><strong><span style=\"font-size: 90%;\">C\u00f4ng su\u1ea5t ch\u1ebf bi\u1ebfn m\u1ea1nh m\u1ebd<\/span><\/strong><\/h3>\n<p style=\"text-align: justify;\">V\u1edbi m\u1ed9t m\u1eb7t chi\u00ean r\u1ed9ng b\u1eb1ng th\u00e9p kh\u00f4ng g\u1ec9 gi\u00fap b\u1ea1n c\u00f3 th\u1ec3 chi\u00ean nhi\u1ec1u m\u00f3n \u0103n kh\u00e1c nhau trong m\u1ed9t th\u1eddi \u0111i\u1ec3m gi\u00fap \u0111\u1ea3m b\u1ea3o s\u1ea3n l\u01b0\u1ee3ng c\u0169ng nh\u01b0 ch\u1ea5t l\u01b0\u1ee3ng c\u1ee7a c\u00e1c m\u00f3n \u0103n. <span style=\"font-family: arial, helvetica, sans-serif;\"><span style=\"font-weight: 400;\">B\u00ean c\u1ea1nh \u0111\u00f3, <b>b\u1ebfp <\/b><b>chi\u00ean ph\u1eb3ng 4 h\u1ecdng d\u00f9ng gas c\u00f3 ch\u00e2n \u0111\u1ee9ng Berjaya GG4BFS-17<\/b> \u0111\u01b0\u1ee3c trang b\u1ecb 4 \u0111\u1ea7u \u0111\u1ed1t t\u1ea1o nhi\u1ec7t cho c\u00f4ng su\u1ea5t l\u00ean \u0111\u1ebfn 104000 Btu\/Hr, gi\u00fap truy\u1ec1n nhi\u1ec7t nhanh v\u00e0 m\u1ea1nh. B\u1ebfp c\u00f3 kh\u1ea3 n\u0103ng l\u00e0m n\u00f3ng l\u00ean \u0111\u1ebfn 300\u00b0C r\u1ea5t nhanh ch\u00f3ng v\u00e0 d\u1ec5 d\u00e0ng \u0111i\u1ec1u khi\u1ec3n nhi\u1ec7t \u0111\u1ed9 b\u1eb1ng c\u00e1c n\u00fam v\u1eb7n b\u1eb1ng tay.<\/span><\/span><\/p>\n<h3 style=\"text-align: justify;\"><strong><span style=\"font-size: 90%;\">Kh\u00e2u v\u1ec7 sinh d\u1ec5 d\u00e0ng<\/span><\/strong><\/h3>\n<p style=\"text-align: justify;\">V\u1edbi thi\u1ebft k\u1ebf c\u00f3 c\u00e1c t\u1ea5m ch\u1eafn d\u1ea7u m\u1ee1, ch\u1ed1ng b\u1ee5i b\u1ea9n v\u00e0 l\u00e0m b\u1eb1ng th\u00e9p kh\u00f4ng g\u1ec9 gi\u00fap cho kh\u00e2u v\u1ec7 sinh b\u1ebfp sau khi d\u00f9ng r\u1ea5t d\u1ec5 d\u00e0ng. B\u1ea1n ch\u1ec9 c\u1ea7n m\u1ed9t chi\u1ebfc kh\u0103n \u1ea9m \u0111\u1ec3 lau b\u1ec1 m\u1eb7t v\u00e0 lau l\u1ea1i b\u1eb1ng kh\u0103n kh\u00f4 l\u00e0 b\u1ea1n \u0111\u00e3 c\u00f3 m\u1ed9t chi\u1ebfc b\u1ebfp s\u00e1ng b\u00f3ng tr\u1edf l\u1ea1i.<\/p>\n<p><img class=\"aligncenter wp-image-41070 size-full\" src=\"https:\/\/thucpham.com\/wp-content\/uploads\/2020\/06\/bep-chien-phang-4-hong-dung-gas-co-chan-dung-berjaya-gg4bfs-17.jpg\" alt=\"B\u1ebfp Chi\u00ean Ph\u1eb3ng 4 H\u1ecdng D\u00f9ng Gas C\u00f3 Ch\u00e2n \u0110\u1ee9ng Berjaya\" width=\"820\" height=\"656\" srcset=\"https:\/\/thucpham.com\/vinacom\/wp-content\/uploads\/2020\/06\/bep-chien-phang-4-hong-dung-gas-co-chan-dung-berjaya-gg4bfs-17.jpg 820w, https:\/\/thucpham.com\/vinacom\/wp-content\/uploads\/2020\/06\/bep-chien-phang-4-hong-dung-gas-co-chan-dung-berjaya-gg4bfs-17-300x240.jpg 300w, https:\/\/thucpham.com\/vinacom\/wp-content\/uploads\/2020\/06\/bep-chien-phang-4-hong-dung-gas-co-chan-dung-berjaya-gg4bfs-17-768x614.jpg 768w, https:\/\/thucpham.com\/vinacom\/wp-content\/uploads\/2020\/06\/bep-chien-phang-4-hong-dung-gas-co-chan-dung-berjaya-gg4bfs-17-24x19.jpg 24w, https:\/\/thucpham.com\/vinacom\/wp-content\/uploads\/2020\/06\/bep-chien-phang-4-hong-dung-gas-co-chan-dung-berjaya-gg4bfs-17-36x29.jpg 36w, https:\/\/thucpham.com\/vinacom\/wp-content\/uploads\/2020\/06\/bep-chien-phang-4-hong-dung-gas-co-chan-dung-berjaya-gg4bfs-17-48x38.jpg 48w, https:\/\/thucpham.com\/vinacom\/wp-content\/uploads\/2020\/06\/bep-chien-phang-4-hong-dung-gas-co-chan-dung-berjaya-gg4bfs-17-510x408.jpg 510w\" sizes=\"(max-width: 820px) 100vw, 820px\" title=\"\"><\/p>\n<p style=\"text-align: center;\"><span style=\"font-family: helvetica, arial, sans-serif;\"><i><em>\u01afu \u0111i\u1ec3m s\u1ea3n ph\u1ea9m b\u1ebfp chi\u00ean ph\u1eb3ng 4 h\u1ecdng d\u00f9ng gas c\u00f3 ch\u00e2n \u0111\u1ee9ng Berjaya GG4BFS-17<\/em><\/i><\/span><\/p>\n<h2 style=\"text-align: justify;\"><span style=\"font-size: 80%;\"><b>L\u01b0u \u00fd khi d\u00f9ng b\u1ebfp chi\u00ean ph\u1eb3ng 4 h\u1ecdng d\u00f9ng gas c\u00f3 ch\u00e2n \u0111\u1ee9ng Berjaya GG4BFS-17<\/b><\/span><\/h2>\n<ul style=\"text-align: justify;\">\n<li style=\"font-weight: 400;\" aria-level=\"1\"><span style=\"font-weight: 400;\">\u0110\u1eb7t b\u1ebfp v\u00e0o nh\u1eefng n\u01a1i cao r\u00e1o, tr\u00e1nh \u1ea9m \u01b0\u1edbt<\/span><\/li>\n<li aria-level=\"1\">Lu\u00f4n \u0111i\u1ec1u ch\u1ec9nh nhi\u1ec7t \u0111\u1ed9 b\u1ebfp ph\u00f9 h\u1ee3p v\u1edbi t\u1eebng m\u00f3n \u0103n kh\u00e1c nhau<\/li>\n<li style=\"font-weight: 400;\" aria-level=\"1\"><span style=\"font-weight: 400;\">Tuy\u1ec7t \u0111\u1ed1i kh\u00f4ng c\u1ecd x\u00e1t b\u1ec1 m\u1eb7t b\u1ebfp b\u1eb1ng b\u00e0n ch\u1ea3i \u0111\u1ec3 \u0111\u1ea3m b\u1ea3o tu\u1ed5i th\u1ecd, \u0111\u1ed9 b\u1ec1n c\u1ee7a b\u1ebfp<\/span><\/li>\n<li style=\"font-weight: 400;\" aria-level=\"1\"><span style=\"font-weight: 400;\">V\u1ec7 sinh th\u01b0\u1eddng xuy\u00ean sau khi s\u1eed d\u1ee5ng b\u1ebfp<\/span><\/li>\n<li style=\"font-weight: 400;\" aria-level=\"1\"><span style=\"font-weight: 400;\">B\u1ea3o tr\u00ec b\u1ea3o d\u01b0\u1ee1ng \u0111\u1ecbnh k\u1ef3 <\/span><span style=\"font-weight: 400;\">v\u00e0 g\u1ecdi ngay cho nh\u00e2n vi\u00ean b\u1ea3o d\u01b0\u1ee1ng n\u1ebfu ph\u00e1t hi\u1ec7n t\u00ecnh tr\u1ea1ng b\u1ea5t th\u01b0\u1eddng c\u1ee7a b\u1ebfp<\/span><\/li>\n<\/ul>\n<p style=\"text-align: justify;\"><i><span style=\"font-weight: 400;\">B\u1ebfp chi\u00ean ph\u1eb3ng 4 h\u1ecdng d\u00f9ng gas c\u00f3 ch\u00e2n \u0111\u1ee9ng Berjaya GG4BFS-17 <\/span><\/i><span style=\"font-weight: 400;\">\u0111ang \u0111\u01b0\u1ee3c ni\u00eam y\u1ebft v\u1edbi gi\u00e1 <\/span><b>23.800.000 \u20ab,<\/b><span style=\"font-weight: 400;\"> \u0111\u00e2y l\u00e0 l\u1ef1a ch\u1ecdn cho c\u00e1c nh\u00e0 h\u00e0ng, kh\u00e1ch s\u1ea1n,&#8230; mu\u1ed1n c\u00f3 \u0111\u01b0\u1ee3c m\u1ed9t s\u1ea3n ph\u1ea9m b\u1ebfp v\u1eeba sang tr\u1ecdng l\u1ea1i v\u1eeba c\u00f3 c\u00f4ng su\u1ea5t v\u01b0\u1ee3t tr\u1ed9i. Thucpham.com c\u0169ng c\u00f3 c\u00e1c lo\u1ea1i<\/span><span style=\"font-weight: 400;\">&nbsp;<\/span><a href=\"https:\/\/thucpham.com\/bep-chien-nhung\/\"><span style=\"font-weight: 400;\">b\u1ebfp chi\u00ean nh\u00fang<\/span><\/a><span style=\"font-weight: 400;\"> kh\u00e1c c\u00f9ng ph\u00e2n kh\u00fac gi\u00fap b\u1ea1n c\u00f3 \u0111\u01b0\u1ee3c s\u1ef1 l\u1ef1a ch\u1ecdn ph\u00f9 h\u1ee3p nh\u1ea5t nh\u01b0: <\/span><a href=\"https:\/\/thucpham.com\/bep-chien-phang-2-hong-dung-gas-co-chan-dung-berjaya\/\"><span style=\"font-weight: 400;\">B\u1ebfp Chi\u00ean Ph\u1eb3ng 2 H\u1ecdng D\u00f9ng Gas C\u00f3 Ch\u00e2n \u0110\u1ee9ng Berjaya GG2BFS-17<\/span><\/a><span style=\"font-weight: 400;\"> hay <\/span><a href=\"https:\/\/thucpham.com\/bep-chien-phang-3-hong-dung-gas-co-chan-dung-berjaya\/\"><span style=\"font-weight: 400;\">B\u1ebfp Chi\u00ean Ph\u1eb3ng 3 H\u1ecdng D\u00f9ng Gas C\u00f3 Ch\u00e2n \u0110\u1ee9ng Berjaya GG3BFS-17<\/span><\/a><span style=\"font-weight: 400;\">,&#8230;<\/span><\/p>\n<p>&nbsp;<\/p>\n","protected":false},"excerpt":{"rendered":"<ul>\n<li style=\"font-weight: 400;\"><span style=\"font-weight: 400; font-family: helvetica, arial, sans-serif;\">Gia c\u00f4ng ho\u00e0n to\u00e0n b\u1eb1ng ch\u1ea5t li\u1ec7u inox cao c\u1ea5p<\/span><\/li>\n<li style=\"font-weight: 400;\"><span style=\"font-weight: 400; font-family: helvetica, arial, sans-serif;\">T\u1ea5m chi\u00ean b\u1eb1ng th\u00e9p kh\u00f4ng g\u1ec9 c\u00f3 \u0111\u1ed9 d\u00e0y \u0111\u1ebfn 12mm<\/span><\/li>\n<li style=\"font-weight: 400;\"><span style=\"font-weight: 400; font-family: helvetica, arial, sans-serif;\">4 \u0111\u1ea7u \u0111\u1ed1t t\u1ea1o nhi\u1ec7t cho c\u00f4ng su\u1ea5t l\u00ean \u0111\u1ebfn 104000 Btu<\/span><\/li>\n<li style=\"font-weight: 400;\"><span style=\"font-weight: 400; font-family: helvetica, arial, sans-serif;\">Trang b\u1ecb h\u1ec7 th\u1ed1ng \u0111\u00e1nh l\u1eeda Piezo t\u1ef1 \u0111\u1ed9ng<\/span><\/li>\n<li style=\"font-weight: 400;\"><span style=\"font-weight: 400; font-family: helvetica, arial, sans-serif;\">N\u00fam \u0111i\u1ec1u khi\u1ec3n b\u1eb1ng tay, d\u1ec5 d\u00e0ng \u0111i\u1ec1u ch\u1ec9nh ng\u1ecdn l\u1eeda<\/span><\/li>\n<li style=\"font-weight: 400;\"><span style=\"font-weight: 400; font-family: helvetica, arial, sans-serif;\">Th\u00e0nh ch\u1eafn cao gi\u00fap ch\u1eafn b\u1eafn d\u1ea7u m\u1ee1 ra xung quanh<\/span><\/li>\n<\/ul>\n","protected":false},"featured_media":36161,"comment_status":"open","ping_status":"closed","template":"","meta":[],"product_cat":[199,247],"product_tag":[],"_links":{"self":[{"href":"https:\/\/thucpham.com\/vinacom\/wp-json\/wp\/v2\/product\/9237"}],"collection":[{"href":"https:\/\/thucpham.com\/vinacom\/wp-json\/wp\/v2\/product"}],"about":[{"href":"https:\/\/thucpham.com\/vinacom\/wp-json\/wp\/v2\/types\/product"}],"replies":[{"embeddable":true,"href":"https:\/\/thucpham.com\/vinacom\/wp-json\/wp\/v2\/comments?post=9237"}],"wp:featuredmedia":[{"embeddable":true,"href":"https:\/\/thucpham.com\/vinacom\/wp-json\/wp\/v2\/media\/36161"}],"wp:attachment":[{"href":"https:\/\/thucpham.com\/vinacom\/wp-json\/wp\/v2\/media?parent=9237"}],"wp:term":[{"taxonomy":"product_cat","embeddable":true,"href":"https:\/\/thucpham.com\/vinacom\/wp-json\/wp\/v2\/product_cat?post=9237"},{"taxonomy":"product_tag","embeddable":true,"href":"https:\/\/thucpham.com\/vinacom\/wp-json\/wp\/v2\/product_tag?post=9237"}],"curies":[{"name":"wp","href":"https:\/\/api.w.org\/{rel}","templated":true}]}}