{"id":92343,"date":"2024-10-20T13:21:27","date_gmt":"2024-10-20T06:21:27","guid":{"rendered":"https:\/\/thucpham.com\/?post_type=product&#038;p=92343"},"modified":"2025-03-23T10:41:43","modified_gmt":"2025-03-23T03:41:43","slug":"bot-khuc-bach-panna-cotta-vi-sua-hoa-anh-dao","status":"publish","type":"product","link":"https:\/\/thucpham.com\/vinacom\/bot-khuc-bach-panna-cotta-vi-sua-hoa-anh-dao\/","title":{"rendered":"B\u1ed9t Kh\u00fac B\u1ea1ch Panna Cotta V\u1ecb S\u1eefa Hoa Anh \u0110\u00e0o ThucPham.com"},"content":{"rendered":"<p class=\"whitespace-pre-wrap break-words\">B\u1ea1n \u0111\u00e3 t\u1eebng th\u1eed m\u1ed9t m\u00f3n tr\u00e1ng mi\u1ec7ng k\u1ebft h\u1ee3p ho\u00e0n h\u1ea3o gi\u1eefa h\u01b0\u01a1ng th\u01a1m d\u1ecbu ng\u1ecdt c\u1ee7a hoa anh \u0111\u00e0o v\u00e0 v\u1ecb b\u00e9o ng\u1eady c\u1ee7a s\u1eefa ch\u01b0a? <a href=\"https:\/\/thucpham.com\/bot-khuc-bach-panna-cotta-vi-sua-hoa-anh-dao\/\" target=\"_blank\" rel=\"noopener\" data-schema-attribute=\"\"><strong>B\u1ed9t kh\u00fac b\u1ea1ch panna cotta v\u1ecb s\u1eefa hoa anh \u0111\u00e0o<\/strong><\/a> s\u1ebd mang \u0111\u1ebfn cho b\u1ea1n m\u1ed9t tr\u1ea3i nghi\u1ec7m \u1ea9m th\u1ef1c ho\u00e0n to\u00e0n m\u1edbi l\u1ea1.<\/p>\n<h2 class=\"font-600 text-xl font-bold\"><strong>Gi\u1edbi thi\u1ec7u v\u1ec1 b\u1ed9t kh\u00fac b\u1ea1ch panna cotta v\u1ecb s\u1eefa hoa anh \u0111\u00e0o<\/strong><\/h2>\n<p class=\"whitespace-pre-wrap break-words\">B\u1ed9t kh\u00fac b\u1ea1ch panna cotta v\u1ecb s\u1eefa <a href=\"https:\/\/vi.wikipedia.org\/wiki\/Hoa_anh_%C4%91%C3%A0o\" target=\"_blank\" rel=\"noopener nofollow\" data-schema-attribute=\"\"><strong>hoa anh \u0111\u00e0o<\/strong><\/a> l\u00e0 m\u1ed9t s\u1ea3n ph\u1ea9m \u0111\u1ed9c \u0111\u00e1o c\u00f3 th\u1ec3 l\u00e0m ra \u0111\u1ed3ng th\u1eddi m\u00f3n tr\u00e1ng mi\u1ec7ng truy\u1ec1n th\u1ed1ng c\u1ee7a Vi\u1ec7t Nam &#8211; kh\u00fac b\u1ea1ch, v\u00e0 m\u00f3n tr\u00e1ng mi\u1ec7ng n\u1ed5i ti\u1ebfng c\u1ee7a \u00dd &#8211; panna cotta. S\u1ef1 ti\u1ec7n l\u1ee3i n\u00e0y t\u1ea1o n\u00ean m\u1ed9t h\u01b0\u01a1ng v\u1ecb h\u1ea5p d\u1eabn, \u0111\u1ed3ng th\u1eddi mang \u0111\u1ebfn tr\u1ea3i nghi\u1ec7m \u1ea9m th\u1ef1c th\u00fa v\u1ecb cho ng\u01b0\u1eddi d\u00f9ng.<\/p>\n<h3 class=\"font-600 text-lg font-bold\"><strong>\u0110\u1eb7c \u0111i\u1ec3m n\u1ed5i b\u1eadt c\u1ee7a s\u1ea3n ph\u1ea9m<\/strong><\/h3>\n<ol class=\"-mt-1 list-decimal space-y-2 pl-8\">\n<li class=\"whitespace-normal break-words\">H\u01b0\u01a1ng v\u1ecb \u0111\u1ed9c \u0111\u00e1o: S\u1ef1 pha tr\u1ed9n gi\u1eefa v\u1ecb ng\u1ecdt nh\u1eb9 c\u1ee7a s\u1eefa v\u00e0 h\u01b0\u01a1ng th\u01a1m tinh t\u1ebf c\u1ee7a hoa anh \u0111\u00e0o t\u1ea1o n\u00ean m\u1ed9t h\u01b0\u01a1ng v\u1ecb \u0111\u1eb7c bi\u1ec7t, kh\u00f3 qu\u00ean.<\/li>\n<li class=\"whitespace-normal break-words\">K\u1ebft c\u1ea5u m\u1ec1m m\u1ecbn: Nh\u1edd c\u00f4ng th\u1ee9c \u0111\u1eb7c bi\u1ec7t, s\u1ea3n ph\u1ea9m c\u00f3 \u0111\u1ed9 m\u1ec1m m\u1ecbn ho\u00e0n h\u1ea3o, tan trong mi\u1ec7ng, mang l\u1ea1i c\u1ea3m gi\u00e1c th\u00edch th\u00fa khi th\u01b0\u1edfng th\u1ee9c.<\/li>\n<li class=\"whitespace-normal break-words\">Nguy\u00ean li\u1ec7u t\u1ef1 nhi\u00ean: \u0110\u01b0\u1ee3c s\u1ea3n xu\u1ea5t t\u1eeb c\u00e1c nguy\u00ean li\u1ec7u t\u1ef1 nhi\u00ean, \u0111\u1ea3m b\u1ea3o an to\u00e0n cho s\u1ee9c kh\u1ecfe ng\u01b0\u1eddi ti\u00eau d\u00f9ng.<\/li>\n<li class=\"whitespace-normal break-words\">D\u1ec5 ch\u1ebf bi\u1ebfn: Ch\u1ec9 c\u1ea7n th\u00eam s\u1eefa v\u00e0 \u0111un s\u00f4i, b\u1ea1n \u0111\u00e3 c\u00f3 ngay m\u1ed9t m\u00f3n tr\u00e1ng mi\u1ec7ng ngon l\u00e0nh.<\/li>\n<li class=\"whitespace-normal break-words\">\u0110a d\u1ea1ng c\u00e1ch s\u1eed d\u1ee5ng: C\u00f3 th\u1ec3 d\u00f9ng l\u00e0m m\u00f3n tr\u00e1ng mi\u1ec7ng, topping cho \u0111\u1ed3 u\u1ed1ng ho\u1eb7c k\u1ebft h\u1ee3p v\u1edbi c\u00e1c lo\u1ea1i hoa qu\u1ea3 t\u01b0\u01a1i.<\/li>\n<\/ol>\n<p>Xem Th\u00eam: <strong><a class=\"woocommerce-LoopProduct-link woocommerce-loop-product__link\" href=\"https:\/\/thucpham.com\/bot-khuc-bach-panna-cotta-vi-matcha-nhat-ban-beo-thanh\/\" target=\"_blank\" rel=\"noopener\" data-schema-attribute=\"\">B\u1ed9t Kh\u00fac B\u1ea1ch Panna Cotta V\u1ecb Matcha Nh\u1eadt B\u1ea3n B\u00e9o Thanh ThucPham.com<\/a><\/strong><\/p>\n<h2 class=\"font-600 text-xl font-bold\"><strong>L\u1ee3i \u00edch s\u1ee9c kh\u1ecfe t\u1eeb b\u1ed9t kh\u00fac b\u1ea1ch panna cotta v\u1ecb s\u1eefa hoa anh \u0111\u00e0o<\/strong><\/h2>\n<p class=\"whitespace-pre-wrap break-words\">Kh\u00f4ng ch\u1ec9 l\u00e0 m\u1ed9t m\u00f3n tr\u00e1ng mi\u1ec7ng ngon mi\u1ec7ng, <a href=\"https:\/\/thucpham.com\/bot-khuc-bach-panna-cotta\/\" target=\"_blank\" rel=\"noopener\" data-schema-attribute=\"\"><strong>b\u1ed9t kh\u00fac b\u1ea1ch panna cotta<\/strong><\/a> v\u1ecb s\u1eefa hoa anh \u0111\u00e0o c\u00f2n mang l\u1ea1i nhi\u1ec1u l\u1ee3i \u00edch cho s\u1ee9c kh\u1ecfe:<\/p>\n<ol class=\"-mt-1 list-decimal space-y-2 pl-8\">\n<li class=\"whitespace-normal break-words\">Gi\u00e0u canxi: Nh\u1edd th\u00e0nh ph\u1ea7n s\u1eefa, s\u1ea3n ph\u1ea9m cung c\u1ea5p m\u1ed9t l\u01b0\u1ee3ng canxi \u0111\u00e1ng k\u1ec3, t\u1ed1t cho x\u01b0\u01a1ng v\u00e0 r\u0103ng.<\/li>\n<li class=\"whitespace-normal break-words\">Ch\u1ee9a ch\u1ea5t ch\u1ed1ng oxy h\u00f3a: Hoa anh \u0111\u00e0o ch\u1ee9a nhi\u1ec1u ch\u1ea5t ch\u1ed1ng oxy h\u00f3a, gi\u00fap b\u1ea3o v\u1ec7 c\u01a1 th\u1ec3 kh\u1ecfi c\u00e1c g\u1ed1c t\u1ef1 do.<\/li>\n<li class=\"whitespace-normal break-words\">D\u1ec5 ti\u00eau h\u00f3a: K\u1ebft c\u1ea5u m\u1ec1m m\u1ecbn gi\u00fap d\u1ec5 d\u00e0ng ti\u00eau h\u00f3a, ph\u00f9 h\u1ee3p v\u1edbi nhi\u1ec1u \u0111\u1ed1i t\u01b0\u1ee3ng ng\u01b0\u1eddi d\u00f9ng.<\/li>\n<li class=\"whitespace-normal break-words\">Cung c\u1ea5p n\u0103ng l\u01b0\u1ee3ng: L\u00e0 ngu\u1ed3n cung c\u1ea5p carbohydrate t\u1ed1t, gi\u00fap b\u1ed5 sung n\u0103ng l\u01b0\u1ee3ng nhanh ch\u00f3ng.<\/li>\n<li class=\"whitespace-normal break-words\">H\u1ed7 tr\u1ee3 t\u00e2m tr\u1ea1ng: H\u01b0\u01a1ng th\u01a1m d\u1ec5 ch\u1ecbu c\u1ee7a hoa anh \u0111\u00e0o c\u00f3 th\u1ec3 gi\u00fap c\u1ea3i thi\u1ec7n t\u00e2m tr\u1ea1ng v\u00e0 gi\u1ea3m stress.<\/li>\n<\/ol>\n<figure id=\"attachment_92351\" aria-describedby=\"caption-attachment-92351\" style=\"width: 800px\" class=\"wp-caption aligncenter\"><a href=\"https:\/\/thucpham.com\/wp-content\/uploads\/2024\/10\/bot-khuc-bach-panna-cotta-vi-sua-hoa-anh-dao-thucphamcom.jpg\"><img class=\"wp-image-92351 size-full\" src=\"https:\/\/thucpham.com\/wp-content\/uploads\/2024\/10\/bot-khuc-bach-panna-cotta-vi-sua-hoa-anh-dao-thucphamcom.jpg\" alt=\"\" width=\"800\" height=\"450\" srcset=\"https:\/\/thucpham.com\/vinacom\/wp-content\/uploads\/2024\/10\/bot-khuc-bach-panna-cotta-vi-sua-hoa-anh-dao-thucphamcom.jpg 800w, https:\/\/thucpham.com\/vinacom\/wp-content\/uploads\/2024\/10\/bot-khuc-bach-panna-cotta-vi-sua-hoa-anh-dao-thucphamcom-300x169.jpg 300w, https:\/\/thucpham.com\/vinacom\/wp-content\/uploads\/2024\/10\/bot-khuc-bach-panna-cotta-vi-sua-hoa-anh-dao-thucphamcom-768x432.jpg 768w, https:\/\/thucpham.com\/vinacom\/wp-content\/uploads\/2024\/10\/bot-khuc-bach-panna-cotta-vi-sua-hoa-anh-dao-thucphamcom-24x14.jpg 24w, https:\/\/thucpham.com\/vinacom\/wp-content\/uploads\/2024\/10\/bot-khuc-bach-panna-cotta-vi-sua-hoa-anh-dao-thucphamcom-36x20.jpg 36w, https:\/\/thucpham.com\/vinacom\/wp-content\/uploads\/2024\/10\/bot-khuc-bach-panna-cotta-vi-sua-hoa-anh-dao-thucphamcom-48x27.jpg 48w, https:\/\/thucpham.com\/vinacom\/wp-content\/uploads\/2024\/10\/bot-khuc-bach-panna-cotta-vi-sua-hoa-anh-dao-thucphamcom-510x287.jpg 510w\" sizes=\"(max-width: 800px) 100vw, 800px\" title=\"\"><\/a><figcaption id=\"caption-attachment-92351\" class=\"wp-caption-text\">B\u1ed9t kh\u00fac b\u1ea1ch panna cotta v\u1ecb s\u1eefa hoa anh \u0111\u00e0o t\u1ea1o h\u00ecnh l\u1ee3n \u0111\u00e1ng y\u00eau<\/figcaption><\/figure>\n<p>Xem Th\u00eam: <strong><a class=\"woocommerce-LoopProduct-link woocommerce-loop-product__link\" href=\"https:\/\/thucpham.com\/bot-khuc-bach-panna-cotta-thucpham-com-vi-phomai-beo-thanh\/\" target=\"_blank\" rel=\"noopener\" data-schema-attribute=\"\">B\u1ed9t Kh\u00fac B\u1ea1ch Panna Cotta V\u1ecb Phomai B\u00e9o Thanh ThucPham.com<\/a><\/strong><\/p>\n<h2 class=\"font-600 text-xl font-bold\"><strong>C\u00e1ch ch\u1ebf bi\u1ebfn v\u00e0 th\u01b0\u1edfng th\u1ee9c b\u1ed9t kh\u00fac b\u1ea1ch panna cotta v\u1ecb s\u1eefa hoa anh \u0111\u00e0o<\/strong><\/h2>\n<p class=\"whitespace-pre-wrap break-words\">\u0110\u1ec3 t\u1eadn h\u01b0\u1edfng tr\u1ecdn v\u1eb9n h\u01b0\u01a1ng v\u1ecb c\u1ee7a b\u1ed9t kh\u00fac b\u1ea1ch panna cotta v\u1ecb s\u1eefa hoa anh \u0111\u00e0o, b\u1ea1n c\u00f3 th\u1ec3 th\u1eed nh\u1eefng c\u00e1ch ch\u1ebf bi\u1ebfn sau:<\/p>\n<h3 class=\"font-600 text-lg font-bold\"><strong>M\u00f3n tr\u00e1ng mi\u1ec7ng truy\u1ec1n th\u1ed1ng<\/strong><\/h3>\n<p><span data-sheets-root=\"1\">T\u1ef6 L\u1ec6 1 B\u1ed8T : 6\/8\/10 S\u1eeeA<br \/>\nKh\u00fac b\u1ea1ch \u0111\u1ed5 khu\u00f4n l\u00e0m topping: H\u00f2a 100gr b\u1ed9t v\u1edbi 100ml s\u1eefa t\u01b0\u01a1i kh\u00f4ng \u0111\u01b0\u1eddng<br \/>\nKh\u00fac b\u1ea1ch x\u1eaft mi\u1ebfng l\u00e0m ch\u00e8: H\u00f2a 100gr b\u1ed9t v\u1edbi 800ml s\u1eefa t\u01b0\u01a1i kh\u00f4ng \u0111\u01b0\u1eddng<br \/>\nPanna Cotta: H\u00f2a 100gr b\u1ed9t v\u1edbi 1000ml s\u1eefa t\u01b0\u01a1i kh\u00f4ng \u0111\u01b0\u1eddng; T\u00f9y ch\u1ec9nh \u0111\u1ed9 ng\u1ecdt theo kh\u1ea9u v\u1ecb<br \/>\nNg\u00e2m h\u1ed7n h\u1ee3p trong v\u00f2ng 15 ph\u00fat, sau \u0111\u00f3 khu\u1ea5y v\u1eeba \u0111un l\u1eeda nh\u1ecf t\u1edbi 70 &#8211; 80 \u0111\u1ed9 C th\u00ec t\u1eaft b\u1ebfp (kh\u00f4ng \u0111\u1ec3 s\u00f4i), khu\u1ea5y \u0111\u1ec1u cho h\u1ed7n h\u1ee3p tan ho\u00e0n to\u00e0n. \u0110\u1ed5 h\u1ed7n h\u1ee3p ra khu\u00f4n, b\u1ea3o qu\u1ea3n ng\u0103n m\u00e1t 6 &#8211; 8 ti\u1ebfng \u0111\u1ebfn khi \u0111\u00f4ng.<br \/>\n*L\u1eafc \u0111\u1ec1u t\u00fai b\u1ed9t tr\u01b0\u1edbc khi s\u1eed d\u1ee5ng.<\/span><\/p>\n<p>Xem Th\u00eam: <strong><a class=\"woocommerce-LoopProduct-link woocommerce-loop-product__link\" href=\"https:\/\/thucpham.com\/bot-khuc-bach-panna-cotta-thucpham-com-vi-matcha-nhat-ban-beo-ngay\/\" target=\"_blank\" rel=\"noopener\" data-schema-attribute=\"\">B\u1ed9t Kh\u00fac B\u1ea1ch Panna Cotta V\u1ecb Matcha Nh\u1eadt B\u1ea3n B\u00e9o Ng\u1eady ThucPham.com<\/a><\/strong><\/p>\n<h3 class=\"font-600 text-lg font-bold\"><strong>Topping cho \u0111\u1ed3 u\u1ed1ng<\/strong><\/h3>\n<ol class=\"-mt-1 list-decimal space-y-2 pl-8\">\n<li class=\"whitespace-normal break-words\">Chu\u1ea9n b\u1ecb kh\u00fac b\u1ea1ch panna cotta nh\u01b0 tr\u00ean<\/li>\n<li class=\"whitespace-normal break-words\">C\u1eaft th\u00e0nh t\u1eebng mi\u1ebfng nh\u1ecf<\/li>\n<li class=\"whitespace-normal break-words\">Th\u00eam v\u00e0o c\u00e1c lo\u1ea1i tr\u00e0 s\u1eefa, smoothie ho\u1eb7c yogurt<\/li>\n<\/ol>\n<h3 class=\"font-600 text-lg font-bold\"><strong>K\u1ebft h\u1ee3p v\u1edbi hoa qu\u1ea3 t\u01b0\u01a1i<\/strong><\/h3>\n<ol class=\"-mt-1 list-decimal space-y-2 pl-8\">\n<li class=\"whitespace-normal break-words\">Chu\u1ea9n b\u1ecb kh\u00fac b\u1ea1ch panna cotta<\/li>\n<li class=\"whitespace-normal break-words\">C\u1eaft hoa qu\u1ea3 t\u01b0\u01a1i th\u00e0nh t\u1eebng mi\u1ebfng v\u1eeba \u0103n<\/li>\n<li class=\"whitespace-normal break-words\">X\u1ebfp xen k\u1ebd kh\u00fac b\u1ea1ch v\u00e0 hoa qu\u1ea3 trong c\u1ed1c<\/li>\n<li class=\"whitespace-normal break-words\">Trang tr\u00ed v\u1edbi l\u00e1 b\u1ea1c h\u00e0 ho\u1eb7c b\u1ed9t qu\u1ebf<\/li>\n<\/ol>\n<p>Xem Th\u00eam: <strong><a class=\"woocommerce-LoopProduct-link woocommerce-loop-product__link\" href=\"https:\/\/thucpham.com\/bot-khuc-bach-panna-cotta-thucpham-com-vi-chocolate-beo-thanh\/\" target=\"_blank\" rel=\"noopener\" data-schema-attribute=\"\">B\u1ed9t Kh\u00fac B\u1ea1ch Panna Cotta V\u1ecb Chocolate B\u00e9o Thanh ThucPham.com<\/a><\/strong><\/p>\n<p class=\"whitespace-pre-wrap break-words\">B\u1ed9t kh\u00fac b\u1ea1ch panna cotta v\u1ecb s\u1eefa hoa anh \u0111\u00e0o t\u1eeb c\u00f4ng ty TNHH <a href=\"https:\/\/thucpham.com\/\" target=\"_blank\" rel=\"noopener\" data-schema-attribute=\"\"><strong>ThucPham.com<\/strong><\/a> l\u00e0 m\u1ed9t s\u1ea3n ph\u1ea9m \u0111\u1ed9c \u0111\u00e1o, k\u1ebft h\u1ee3p gi\u1eefa truy\u1ec1n th\u1ed1ng v\u00e0 hi\u1ec7n \u0111\u1ea1i. V\u1edbi h\u01b0\u01a1ng v\u1ecb tinh t\u1ebf, c\u00e1ch ch\u1ebf bi\u1ebfn \u0111\u01a1n gi\u1ea3n v\u00e0 nhi\u1ec1u l\u1ee3i \u00edch s\u1ee9c kh\u1ecfe, s\u1ea3n ph\u1ea9m n\u00e0y h\u1ee9a h\u1eb9n s\u1ebd tr\u1edf th\u00e0nh l\u1ef1a ch\u1ecdn y\u00eau th\u00edch c\u1ee7a nhi\u1ec1u ng\u01b0\u1eddi ti\u00eau d\u00f9ng trong th\u1eddi gian t\u1edbi. H\u00e3y th\u1eed v\u00e0 c\u1ea3m nh\u1eadn s\u1ef1 kh\u00e1c bi\u1ec7t ngay h\u00f4m nay!<\/p>\n","protected":false},"excerpt":{"rendered":"<ul>\n<li>Ch\u1ea5t l\u01b0\u1ee3ng \u0111\u1ea3m b\u1ea3o, gi\u00e1 th\u00e0nh h\u1ea5p d\u1eabn, giao h\u00e0ng to\u00e0n qu\u1ed1c<\/li>\n<li>Th\u00e0nh ph\u1ea9m s\u00e1nh m\u1ecbn, t\u01b0\u01a1i ngon, l\u00e2u tan<\/li>\n<li>M\u1eabu m\u00e3, bao b\u00ec \u0111\u1eb9p m\u1eaft, sang tr\u1ecdng<\/li>\n<li>Mang l\u1ea1i l\u1ee3i nhu\u1eadn cao khi kinh doanh<\/li>\n<li>\u00c1p d\u1ee5ng H\u1ec7 th\u1ed1ng qu\u1ea3n l\u00fd an to\u00e0n th\u1ef1c ph\u1ea9m ti\u00eau chu\u1ea9n Qu\u1ed1c t\u1ebf ISO 22000:2018<\/li>\n<\/ul>\n","protected":false},"featured_media":93292,"comment_status":"open","ping_status":"closed","template":"","meta":[],"product_cat":[254],"product_tag":[],"_links":{"self":[{"href":"https:\/\/thucpham.com\/vinacom\/wp-json\/wp\/v2\/product\/92343"}],"collection":[{"href":"https:\/\/thucpham.com\/vinacom\/wp-json\/wp\/v2\/product"}],"about":[{"href":"https:\/\/thucpham.com\/vinacom\/wp-json\/wp\/v2\/types\/product"}],"replies":[{"embeddable":true,"href":"https:\/\/thucpham.com\/vinacom\/wp-json\/wp\/v2\/comments?post=92343"}],"wp:featuredmedia":[{"embeddable":true,"href":"https:\/\/thucpham.com\/vinacom\/wp-json\/wp\/v2\/media\/93292"}],"wp:attachment":[{"href":"https:\/\/thucpham.com\/vinacom\/wp-json\/wp\/v2\/media?parent=92343"}],"wp:term":[{"taxonomy":"product_cat","embeddable":true,"href":"https:\/\/thucpham.com\/vinacom\/wp-json\/wp\/v2\/product_cat?post=92343"},{"taxonomy":"product_tag","embeddable":true,"href":"https:\/\/thucpham.com\/vinacom\/wp-json\/wp\/v2\/product_tag?post=92343"}],"curies":[{"name":"wp","href":"https:\/\/api.w.org\/{rel}","templated":true}]}}