{"id":9231,"date":"2020-06-27T17:54:35","date_gmt":"2020-06-27T17:54:35","guid":{"rendered":"https:\/\/thucpham.com\/?post_type=product&#038;p=9231"},"modified":"2021-12-02T14:29:15","modified_gmt":"2021-12-02T07:29:15","slug":"ban-inox-co-gia-tren-viet-nam","status":"publish","type":"product","link":"https:\/\/thucpham.com\/vinacom\/ban-inox-co-gia-tren-viet-nam\/","title":{"rendered":"B\u00e0n Inox C\u00f3 Gi\u00e1 Tr\u00ean Vi\u1ec7t Nam"},"content":{"rendered":"<p style=\"text-align: justify\"><span style=\"font-weight: 400\"><em><strong>B\u00e0n inox c\u00f3 gi\u00e1 tr\u00ean Vi\u1ec7t Nam<\/strong><\/em> hi\u1ec7n tr\u1edf n\u00ean kh\u00e1 ph\u1ed5 bi\u1ebfn t\u1ea1i c\u00e1c khu b\u1ebfp t\u1eadp th\u1ec3, qu\u00e1n \u0103n, c\u0103ng tin, nh\u00e0 h\u00e0ng\u2026 nh\u1edd s\u1ef1 ti\u1ec7n l\u1ee3i v\u00e0 \u0111\u1ed9 b\u1ec1n cao m\u00e0 s\u1ea3n ph\u1ea9m n\u00e0y mang l\u1ea1i. Nh\u1edd \u0111\u01b0\u1ee3c thi\u1ebft k\u1ebf t\u1eeb ch\u1ea5t li\u1ec7u inox 100% lu\u00f4n s\u00e1ng b\u00f3ng, n\u00ean trong qu\u00e1 tr\u00ecnh s\u1eed d\u1ee5ng, b\u1ea1n kh\u00f4ng c\u1ea7n ph\u1ea3i lo \u0111\u1ebfn vi\u1ec7c s\u1ea3n ph\u1ea9m b\u1ecb \u1ea9m m\u1ed1c, th\u1ea5m n\u01b0\u1edbc, ho\u1eb7c kh\u00f3 lau ch\u00f9i, v\u1ec7 sinh.&nbsp;<\/span><\/p>\n<p><img class=\"size-full wp-image-11908 aligncenter\" src=\"https:\/\/thucpham.com\/wp-content\/uploads\/2020\/06\/ban-inox-co-gia-tren-viet-nam.jpg\" alt=\"ban-inox-co-gia-tren-viet-nam\" width=\"820\" height=\"656\" srcset=\"https:\/\/thucpham.com\/vinacom\/wp-content\/uploads\/2020\/06\/ban-inox-co-gia-tren-viet-nam.jpg 820w, https:\/\/thucpham.com\/vinacom\/wp-content\/uploads\/2020\/06\/ban-inox-co-gia-tren-viet-nam-300x240.jpg 300w, https:\/\/thucpham.com\/vinacom\/wp-content\/uploads\/2020\/06\/ban-inox-co-gia-tren-viet-nam-768x614.jpg 768w, https:\/\/thucpham.com\/vinacom\/wp-content\/uploads\/2020\/06\/ban-inox-co-gia-tren-viet-nam-24x19.jpg 24w, https:\/\/thucpham.com\/vinacom\/wp-content\/uploads\/2020\/06\/ban-inox-co-gia-tren-viet-nam-36x29.jpg 36w, https:\/\/thucpham.com\/vinacom\/wp-content\/uploads\/2020\/06\/ban-inox-co-gia-tren-viet-nam-48x38.jpg 48w, https:\/\/thucpham.com\/vinacom\/wp-content\/uploads\/2020\/06\/ban-inox-co-gia-tren-viet-nam-510x408.jpg 510w\" sizes=\"(max-width: 820px) 100vw, 820px\" title=\"\"><\/p>\n<p style=\"text-align: center\"><em>Th\u00f4ng tin s\u1ea3n ph\u1ea9m b\u00e0n inox c\u00f3 gi\u00e1 tr\u00ean Vi\u1ec7t Nam<\/em><\/p>\n<p style=\"text-align: justify\"><span style=\"font-weight: 400\"><em><strong>B\u00e0n inox c\u00f3 gi\u00e1 tr\u00ean Vi\u1ec7t Nam<\/strong><\/em> \u0111\u01b0\u1ee3c thi\u1ebft k\u1ebf chuy\u00ean d\u1ee5ng v\u1edbi m\u1ed9t chi\u1ebfc b\u00e0n 2 t\u1ea7ng k\u1ebft h\u1ee3p v\u1edbi ph\u1ea7n k\u1ec7 tr\u00ean 2 t\u1ea7ng \u0111\u1ec1u l\u00e0m b\u1eb1ng inox \u0111\u1ec3 t\u1ea1o n\u00ean m\u1ed9t t\u1ed5ng th\u1ec3 ch\u1eafc ch\u1eafn v\u00e0 ti\u1ec7n l\u1ee3i cho ng\u01b0\u1eddi d\u00f9ng. Ph\u1ea7n gi\u00e1 ph\u00eda tr\u00ean s\u1ebd \u0111\u01b0\u1ee3c l\u00e0m nh\u1ecf h\u01a1n so v\u1edbi ph\u1ea7n b\u00e0n ph\u00eda d\u01b0\u1edbi \u0111\u1ec3 gi\u00fap chi\u1ebfc b\u00e0n c\u00f3 \u0111\u01b0\u1ee3c \u0111\u1ed9 v\u1eefng ch\u1eafc c\u1ea7n thi\u1ebft v\u00e0 ch\u1ee9a \u0111\u1ef1ng \u0111\u01b0\u1ee3c nhi\u1ec1u \u0111\u1ed3 v\u1eadt, th\u1ef1c ph\u1ea9m kh\u00e1c nhau. V\u1edbi chi\u1ebfc b\u00e0n n\u00e0y, ng\u01b0\u1eddi d\u00f9ng s\u1ebd d\u1ec5 d\u00e0ng b\u1ed1 tr\u00ed, s\u1eafp x\u1ebfp,&nbsp; c\u00e1c lo\u1ea1i v\u1eadt d\u1ee5ng nh\u00e0 b\u1ebfp m\u1ed9t c\u00e1ch ng\u0103n n\u1eafp v\u00e0 h\u1ee3p l\u00fd nh\u1ea5t. Nh\u1edd \u0111\u00f3, gi\u00fap kh\u00f4ng gian b\u1ebfp tr\u1edf n\u00ean s\u1ea1ch s\u1ebd, g\u1ecdn g\u00e0ng, quy tr\u00ecnh n\u1ea5u \u0103n c\u0169ng di\u1ec5n ra nhanh ch\u00f3ng v\u00e0 chuy\u00ean nghi\u1ec7p h\u01a1n.<\/span><\/p>\n<p style=\"text-align: justify\"><span style=\"font-weight: 400\">V\u1edbi nhi\u1ec1u \u0111i\u1ec3m n\u1ed5i b\u1eadt c\u1ee7a m\u00ecnh, s\u1ea3n ph\u1ea9m <em><strong>b\u00e0n inox c\u00f3 gi\u00e1 tr\u00ean Vi\u1ec7t Nam<\/strong><\/em> s\u1ebd l\u00e0 s\u1ef1 l\u1ef1a ch\u1ecdn ho\u00e0n h\u1ea3o cho c\u00e1c c\u0103n b\u1ebfp. N\u1ebfu qu\u00fd kh\u00e1ch c\u00f3 nhu c\u1ea7u t\u00ecm hi\u1ec3u th\u00eam v\u1ec1 s\u1ea3n ph\u1ea9m n\u00e0y, \u0111\u1eebng qu\u00ean li\u00ean h\u1ec7 v\u1edbi ThucPham.com \u0111\u1ec3 \u0111\u01b0\u1ee3c t\u01b0 v\u1ea5n k\u1ef9 h\u01a1n nh\u00e9.<\/span><\/p>\n","protected":false},"excerpt":{"rendered":"<ul>\n<li style=\"font-weight: 400\"><span style=\"font-weight: 400\">S\u1ea3n xu\u1ea5t b\u1eb1ng inox cao c\u1ea5p, \u0111\u1ed9 b\u1ec1n cao<\/span><\/li>\n<li style=\"font-weight: 400\"><span style=\"font-weight: 400\">L\u01b0u tr\u1eef \u0111\u01b0\u1ee3c nhi\u1ec1u lo\u1ea1i th\u1ef1c ph\u1ea9m, \u0111\u1ed3 d\u00f9ng nh\u00e0 b\u1ebfp<\/span><\/li>\n<li style=\"font-weight: 400\"><span style=\"font-weight: 400\">K\u1ebft c\u1ea5u ch\u1eafc ch\u1eafn, ti\u1ec7n l\u1ee3i cho ng\u01b0\u1eddi d\u00f9ng<\/span><\/li>\n<li style=\"font-weight: 400\"><span style=\"font-weight: 400\">D\u1ec5 d\u00e0ng di chuy\u1ec3n, l\u1eafp \u0111\u1eb7t<\/span><\/li>\n<li style=\"font-weight: 400\"><span style=\"font-weight: 400\">H\u00e0ng Vi\u1ec7t Nam ch\u1ea5t l\u01b0\u1ee3ng cao<\/span><\/li>\n<\/ul>\n","protected":false},"featured_media":36145,"comment_status":"open","ping_status":"closed","template":"","meta":[],"product_cat":[198,467],"product_tag":[],"_links":{"self":[{"href":"https:\/\/thucpham.com\/vinacom\/wp-json\/wp\/v2\/product\/9231"}],"collection":[{"href":"https:\/\/thucpham.com\/vinacom\/wp-json\/wp\/v2\/product"}],"about":[{"href":"https:\/\/thucpham.com\/vinacom\/wp-json\/wp\/v2\/types\/product"}],"replies":[{"embeddable":true,"href":"https:\/\/thucpham.com\/vinacom\/wp-json\/wp\/v2\/comments?post=9231"}],"wp:featuredmedia":[{"embeddable":true,"href":"https:\/\/thucpham.com\/vinacom\/wp-json\/wp\/v2\/media\/36145"}],"wp:attachment":[{"href":"https:\/\/thucpham.com\/vinacom\/wp-json\/wp\/v2\/media?parent=9231"}],"wp:term":[{"taxonomy":"product_cat","embeddable":true,"href":"https:\/\/thucpham.com\/vinacom\/wp-json\/wp\/v2\/product_cat?post=9231"},{"taxonomy":"product_tag","embeddable":true,"href":"https:\/\/thucpham.com\/vinacom\/wp-json\/wp\/v2\/product_tag?post=9231"}],"curies":[{"name":"wp","href":"https:\/\/api.w.org\/{rel}","templated":true}]}}