{"id":9225,"date":"2020-06-27T17:49:21","date_gmt":"2020-06-27T17:49:21","guid":{"rendered":"https:\/\/thucpham.com\/?post_type=product&#038;p=9225"},"modified":"2021-12-02T14:22:54","modified_gmt":"2021-12-02T07:22:54","slug":"gia-nan-treo-tuong-1-tang-viet-nam","status":"publish","type":"product","link":"https:\/\/thucpham.com\/vinacom\/gia-nan-treo-tuong-1-tang-viet-nam\/","title":{"rendered":"Gi\u00e1 Nan Treo T\u01b0\u1eddng 1 T\u1ea7ng Vi\u1ec7t Nam"},"content":{"rendered":"<p style=\"text-align: justify\"><span style=\"font-family: helvetica, arial, sans-serif\"><span style=\"font-weight: 400\">Trong c\u00e1c gian b\u1ebfp c\u1ee7a nh\u00e0 h\u00e0ng, qu\u00e1n \u0103n l\u1edbn hay b\u1ebfp t\u1eadp th\u1ec3 th\u00ec c\u00f3 r\u1ea5t nhi\u1ec1u \u0111\u1ed3 c\u1ea7n d\u00f9ng nh\u01b0 ch\u00e9n b\u00e1t, xoong n\u1ed3i, gia v\u1ecb, th\u00eca d\u0129a&#8230;v\u00e0 b\u1ea1n kh\u00f4ng th\u1ec3 b\u00e0y h\u1ebft ch\u00fang ra kh\u00f4ng gian c\u00f3 h\u1ea1n c\u1ee7a khu b\u1ebfp \u0111\u01b0\u1ee3c. Th\u00eam v\u00e0o \u0111\u00f3, n\u1ebfu b\u1ea1n kh\u00f4ng s\u1eafp x\u1ebfp nh\u1eefng v\u1eadt d\u1ee5ng \u0111\u00f3 g\u1ecdn g\u00e0ng th\u00ec s\u1ebd g\u00e2y kh\u00f3 kh\u0103n cho vi\u1ec7c t\u00ecm ki\u1ebfm v\u00e0 s\u1eed d\u1ee5ng ch\u00fang. <\/span><span style=\"font-weight: 400\">S\u1ef1 s\u1eafp x\u1ebfp \u0111\u1ed3 d\u00f9ng h\u1ee3p l\u00fd, ng\u0103n n\u1eafp g\u00f3p ph\u1ea7n kh\u00f4ng nh\u1ecf h\u1ed7 tr\u1ee3 c\u00e1c \u0111\u1ea7u b\u1ebfp trong qu\u00e1 tr\u00ecnh n\u1ea5u n\u01b0\u1edbng \u0111\u01b0\u1ee3c nhanh ch\u00f3ng v\u00e0 thu\u1eadn ti\u1ec7n. V\u00ec l\u1ebd \u0111\u00f3, b\u1ea1n s\u1ebd c\u1ea7n \u0111\u1ebfn nh\u1eefng chi\u1ebfc k\u1ec7 inox treo t\u01b0\u1eddng gi\u1ed1ng nh\u01b0 <\/span><b><i>g<\/i><\/b><b><i>i\u00e1 nan treo t\u01b0\u1eddng 1 t\u1ea7ng Vi\u1ec7t Nam<\/i><\/b><span style=\"font-weight: 400\">. <\/span><span style=\"font-weight: 400\">T\u00ednh ch\u1ea5t \u0111\u1eb7c bi\u1ec7t c\u1ee7a chi\u1ebfc k\u1ec7 inox n\u00e0y l\u00e0 ch\u1ecbu \u0111\u01b0\u1ee3c nhi\u1ec7t, ch\u1ecbu l\u1ef1c, ch\u1ed1ng \u0103n m\u00f2n, hoen g\u1ec9 t\u1ed1t nh\u1edd n\u00f3 \u0111\u01b0\u1ee3c s\u1ea3n xu\u1ea5t b\u1eb1ng ch\u1ea5t li\u1ec7u inox 304 POSCO cao c\u1ea5p v\u1edbi \u0111\u1ed9 d\u00e0y l\u00ean \u0111\u1ebfn 1mm.<\/span><\/span><\/p>\n<p style=\"text-align: center\"><img class=\"aligncenter\" src=\"https:\/\/thucpham.com\/wp-content\/uploads\/2020\/06\/gia-nan-treo-tuong-1-tang-viet-nam-005.jpg\" alt=\"Gi\u00e1 Nan Treo T\u01b0\u1eddng 1 T\u1ea7ng Vi\u1ec7t Nam\" width=\"820\" height=\"656\" title=\"\"><\/p>\n<p style=\"text-align: center\"><span style=\"font-family: helvetica, arial, sans-serif\"><i><em>Th\u00f4ng tin s\u1ea3n ph\u1ea9m gi\u00e1 nan treo t\u01b0\u1eddng 1 t\u1ea7ng Vi\u1ec7t Nam<\/em><\/i><\/span><\/p>\n<p style=\"text-align: justify\"><span style=\"font-family: helvetica, arial, sans-serif\"><span style=\"font-weight: 400\">B\u00ean c\u1ea1nh \u0111\u00f3, <\/span><b><i>gi\u00e1 nan treo t\u01b0\u1eddng 1 t\u1ea7ng Vi\u1ec7t Nam<\/i><\/b><span style=\"font-weight: 400\"> c\u00f2n \u0111\u01b0\u1ee3c g\u1ea5p c\u1ea1nh b\u1eb1ng m\u00e1y ch\u1ea5n th\u1ee7y l\u1ef1c gi\u00fap gia t\u0103ng \u0111\u1ed9 c\u1ee9ng ch\u1eafc v\u00e0 an to\u00e0n trong qu\u00e1 tr\u00ecnh s\u1eed d\u1ee5ng. C\u00e1c m\u1ed1i h\u00e0n b\u1eb1ng kh\u00ed Argon tr\u00e1nh hi\u1ec7n t\u01b0\u1ee3ng oxy h\u00f3a. H\u01a1n n\u1eefa, 3 m\u1eb7t c\u1ee7a gi\u00e1 nan treo t\u01b0\u1eddng 1 t\u1ea7ng \u0111\u01b0\u1ee3c trang b\u1ecb th\u00eam c\u00e1c lan can \u0111\u1ec3 tr\u00e1nh cho \u0111\u1ed3 v\u1eadt b\u1ecb r\u01a1i xu\u1ed1ng d\u01b0\u1edbi, g\u00e2y v\u1ee1 hay h\u1ecfng h\u00f3c.<\/span><span style=\"font-weight: 400\"> \u0110\u1ec3 vi\u1ec7c treo l\u00ean t\u01b0\u1eddng \u0111\u01b0\u1ee3c an to\u00e0n, nh\u00e0 s\u1ea3n xu\u1ea5t \u0111\u00e3 thi\u1ebft k\u1ebf \u0111\u1ee5c s\u1eb5n 6 l\u1ed7 tr\u00ean s\u1ea3n ph\u1ea9m \u0111\u1ec3 v\u00edt v\u00e0o t\u01b0\u1eddng \u0111\u01b0\u1ee3c ch\u1eafc ch\u1eafn.&nbsp;<\/span><\/span><\/p>\n","protected":false},"excerpt":{"rendered":"<ul>\n<li style=\"font-weight: 400\"><span style=\"font-weight: 400;font-family: helvetica, arial, sans-serif\">C\u00e1c m\u1ed1i h\u00e0n \u0111\u01b0\u1ee3c che b\u1eb1ng kh\u00ed Argon h\u1ea1n ch\u1ebf t\u00ecnh tr\u1ea1ng oxy h\u00f3a<\/span><\/li>\n<li style=\"font-weight: 400\"><span style=\"font-weight: 400;font-family: helvetica, arial, sans-serif\">B\u1ec1 m\u1eb7t inox v\u1edbi \u0111\u1ed9 d\u00e0y t\u1eeb 0.8 \u2013 1mm, ch\u1ecbu l\u1ef1c t\u1ed1t<\/span><\/li>\n<li style=\"font-weight: 400\"><span style=\"font-weight: 400;font-family: helvetica, arial, sans-serif\">Thi\u1ebft k\u1ebf lan can 3 m\u1eb7t \u0111\u1ec3 tr\u00e1nh cho v\u1eadt d\u1ee5ng b\u1ecb r\u01a1i v\u1ee1<\/span><\/li>\n<li style=\"font-weight: 400\"><span style=\"font-weight: 400;font-family: helvetica, arial, sans-serif\">C\u00e1c g\u00f3c c\u1ea1nh \u0111\u01b0\u1ee3c g\u1ea5p tr\u00f2n b\u1eb1ng m\u00e1y ch\u1eafn th\u1ee7y l\u1ef1c<\/span><\/li>\n<li style=\"font-weight: 400\"><span style=\"font-weight: 400;font-family: helvetica, arial, sans-serif\">S\u1ea3n xu\u1ea5t b\u1eb1ng\u00a0 inox 100%, \u0111\u1ea3m b\u1ea3o \u0111\u1ed9 b\u1ec1n cho s\u1ea3n ph\u1ea9m<\/span><\/li>\n<\/ul>\n","protected":false},"featured_media":36140,"comment_status":"open","ping_status":"closed","template":"","meta":[],"product_cat":[198,467],"product_tag":[],"_links":{"self":[{"href":"https:\/\/thucpham.com\/vinacom\/wp-json\/wp\/v2\/product\/9225"}],"collection":[{"href":"https:\/\/thucpham.com\/vinacom\/wp-json\/wp\/v2\/product"}],"about":[{"href":"https:\/\/thucpham.com\/vinacom\/wp-json\/wp\/v2\/types\/product"}],"replies":[{"embeddable":true,"href":"https:\/\/thucpham.com\/vinacom\/wp-json\/wp\/v2\/comments?post=9225"}],"wp:featuredmedia":[{"embeddable":true,"href":"https:\/\/thucpham.com\/vinacom\/wp-json\/wp\/v2\/media\/36140"}],"wp:attachment":[{"href":"https:\/\/thucpham.com\/vinacom\/wp-json\/wp\/v2\/media?parent=9225"}],"wp:term":[{"taxonomy":"product_cat","embeddable":true,"href":"https:\/\/thucpham.com\/vinacom\/wp-json\/wp\/v2\/product_cat?post=9225"},{"taxonomy":"product_tag","embeddable":true,"href":"https:\/\/thucpham.com\/vinacom\/wp-json\/wp\/v2\/product_tag?post=9225"}],"curies":[{"name":"wp","href":"https:\/\/api.w.org\/{rel}","templated":true}]}}