{"id":9221,"date":"2020-06-27T17:46:35","date_gmt":"2020-06-27T17:46:35","guid":{"rendered":"https:\/\/thucpham.com\/?post_type=product&#038;p=9221"},"modified":"2021-12-02T14:19:39","modified_gmt":"2021-12-02T07:19:39","slug":"gia-phang-treo-tuong-1-tang-viet-nam","status":"publish","type":"product","link":"https:\/\/thucpham.com\/vinacom\/gia-phang-treo-tuong-1-tang-viet-nam\/","title":{"rendered":"Gi\u00e1 Ph\u1eb3ng Treo T\u01b0\u1eddng 1 T\u1ea7ng Vi\u1ec7t Nam"},"content":{"rendered":"<p style=\"text-align: justify\"><span style=\"font-family: helvetica, arial, sans-serif\"><span style=\"font-weight: 400\">So v\u1edbi c\u00e1c lo\u1ea1i gi\u00e1 ph\u1eb3ng b\u1eb1ng nh\u1ef1a, g\u1ed7 v\u1edbi gi\u00e1 th\u00e0nh r\u1ebb h\u01a1n nh\u01b0ng ch\u1ea5t l\u01b0\u1ee3ng kh\u00f4ng cao th\u00ec hi\u1ec7n nay lo\u1ea1i gi\u00e1 ph\u1eb3ng b\u1eb1ng inox \u0111\u01b0\u1ee3c kh\u00e1ch h\u00e0ng s\u1eed d\u1ee5ng \u0111\u00e1nh gi\u00e1 l\u00e0 t\u1ed1t v\u00e0 mang nhi\u1ec1u \u01b0u \u0111i\u1ec3m v\u01b0\u1ee3t tr\u1ed9i. <\/span><b><i>Gi\u00e1 ph\u1eb3ng treo t\u01b0\u1eddng 1 t\u1ea7ng Vi\u1ec7t Nam<\/i><\/b><span style=\"font-weight: 400\"> l\u00e0m b\u1eb1ng ch\u1ea5t li\u1ec7u inox <\/span><span style=\"font-weight: 400\">304 POSCO cao c\u1ea5p, <\/span><span style=\"font-weight: 400\">\u0111\u01b0\u1ee3c thi\u1ebft k\u1ebf \u0111a d\u1ea1ng v\u1ec1 k\u00edch th\u01b0\u1edbc, ki\u1ec3u d\u00e1ng v\u00e0 c\u00f3 th\u1ec3 s\u1ea3n xu\u1ea5t theo nh\u01b0 k\u00edch th\u01b0\u1edbc m\u00e0 kh\u00e1ch h\u00e0ng y\u00eau c\u1ea7u. \u0110\u1eb7c bi\u1ec7t, s\u1ea3n ph\u1ea9m \u0111\u01b0\u1ee3c thi\u1ebft k\u1ebf \u0111\u1ec3 treo t\u01b0\u1eddng n\u00ean c\u00f3 th\u1ec3 <\/span><span style=\"font-weight: 400\">ti\u1ebft ki\u1ec7m \u0111\u01b0\u1ee3c t\u1ed1i \u0111a di\u1ec7n t\u00edch kh\u00f4ng gian trong nh\u1eefng khu b\u1ebfp c\u00f3 di\u1ec7n t\u00edch nh\u1ecf.<\/span><\/span><\/p>\n<p><img class=\"aligncenter\" src=\"https:\/\/thucpham.com\/wp-content\/uploads\/2020\/06\/gia-phang-treo-tuong-1-tang-viet-nam-05.jpg\" alt=\"\" width=\"820\" height=\"656\" title=\"\"><\/p>\n<p style=\"text-align: center\"><span style=\"font-family: helvetica, arial, sans-serif\"><i><em>Th\u00f4ng tin s\u1ea3n ph\u1ea9m gi\u00e1 ph\u1eb3ng treo t\u01b0\u1eddng 1 t\u1ea7ng Vi\u1ec7t Nam<\/em><\/i><\/span><\/p>\n<p style=\"text-align: justify\"><span style=\"font-family: helvetica, arial, sans-serif\"><span style=\"font-weight: 400\">Ch\u1ea5t li\u1ec7u inox c\u1ea5u t\u1ea1o n\u00ean s\u1ea3n ph\u1ea9m c\u00f3 \u0111\u1ed9 b\u1ec1n cao, ch\u1ecbu nhi\u1ec7t t\u1ed1t, hi\u1ebfm khi b\u1ecb g\u1ec9 s\u00e9t hay \u1ed1 v\u00e0ng khi b\u00e1m d\u00ednh v\u1ebft b\u1ea9n. T\u1eeb \u0111\u00f3 b\u1ea1n c\u00f3 th\u1ec3 s\u1eed d\u1ee5ng <\/span><b><i>gi\u00e1 <\/i><\/b><b><i>ph\u1eb3ng treo t\u01b0\u1eddng 1 t\u1ea7ng Vi\u1ec7t Nam<\/i><\/b><span style=\"font-weight: 400\"> l\u00e2u d\u00e0i trong c\u00e1c nh\u00e0 b\u1ebfp c\u1ee7a nh\u00e0 h\u00e0ng, b\u1ebfp \u0103n c\u00f4ng nghi\u1ec7p, khu b\u1ebfp c\u1ee7a nh\u00e0 d\u00e2n\u2026B\u00ean c\u1ea1nh \u0111\u00f3, b\u1ec1 m\u1eb7t \u0111\u1ef1ng \u0111\u1ed3 l\u00e0 inox nguy\u00ean t\u1ea5m k\u1ebft h\u1ee3p v\u1edbi <\/span><span style=\"font-weight: 400\">thi\u1ebft k\u1ebf lan can bao quanh <\/span><span style=\"font-weight: 400\">cho ph\u00e9p ng\u01b0\u1eddi d\u00f9ng \u0111\u1eb7t \u0111\u1ec3 m\u1ecdi lo\u1ea1i \u0111\u1ed3 d\u00f9ng v\u1edbi k\u00edch c\u1ee1 nh\u1ecf nh\u1ea5t m\u00e0 kh\u00f4ng s\u1ee3 b\u1ecb r\u01a1i xu\u1ed1ng \u0111\u1ea5t.<\/span><\/span><\/p>\n","protected":false},"excerpt":{"rendered":"<ul>\n<li style=\"font-weight: 400\"><span style=\"font-weight: 400;font-family: helvetica, arial, sans-serif\">Gia c\u00f4ng b\u1eb1ng ch\u1ea5t li\u1ec7u inox 304 POSCO cao c\u1ea5p\u00a0<\/span><\/li>\n<li style=\"font-weight: 400\"><span style=\"font-weight: 400;font-family: helvetica, arial, sans-serif\">C\u00e1c n\u1ebfp g\u1ea5p \u0111\u01b0\u1ee3c l\u00e0m b\u1eb1ng m\u00e1y n\u00e9n th\u1ee7y l\u1ef1c t\u0103ng \u0111\u1ed9 c\u1ee9ng ch\u1eafc\u00a0<\/span><\/li>\n<li style=\"font-weight: 400\"><span style=\"font-weight: 400;font-family: helvetica, arial, sans-serif\">\u0110a d\u1ea1ng k\u00edch c\u1ee1 t\u00f9y theo y\u00eau c\u1ea7u c\u1ee7a kh\u00e1ch h\u00e0ng<\/span><\/li>\n<li style=\"font-weight: 400\"><span style=\"font-weight: 400;font-family: helvetica, arial, sans-serif\">Thi\u1ebft k\u1ebf lan can \u0111\u1ec3 tr\u00e1nh c\u00e1c v\u1eadt d\u1ee5ng r\u01a1i, r\u1edbt ra ngo\u00e0i<\/span><\/li>\n<li style=\"font-weight: 400\"><span style=\"font-weight: 400;font-family: helvetica, arial, sans-serif\">Ti\u1ebft ki\u1ec7m di\u1ec7n t\u00edch kh\u00f4ng gian l\u1eafp \u0111\u1eb7t<\/span><\/li>\n<\/ul>\n","protected":false},"featured_media":36131,"comment_status":"open","ping_status":"closed","template":"","meta":[],"product_cat":[198,467],"product_tag":[],"_links":{"self":[{"href":"https:\/\/thucpham.com\/vinacom\/wp-json\/wp\/v2\/product\/9221"}],"collection":[{"href":"https:\/\/thucpham.com\/vinacom\/wp-json\/wp\/v2\/product"}],"about":[{"href":"https:\/\/thucpham.com\/vinacom\/wp-json\/wp\/v2\/types\/product"}],"replies":[{"embeddable":true,"href":"https:\/\/thucpham.com\/vinacom\/wp-json\/wp\/v2\/comments?post=9221"}],"wp:featuredmedia":[{"embeddable":true,"href":"https:\/\/thucpham.com\/vinacom\/wp-json\/wp\/v2\/media\/36131"}],"wp:attachment":[{"href":"https:\/\/thucpham.com\/vinacom\/wp-json\/wp\/v2\/media?parent=9221"}],"wp:term":[{"taxonomy":"product_cat","embeddable":true,"href":"https:\/\/thucpham.com\/vinacom\/wp-json\/wp\/v2\/product_cat?post=9221"},{"taxonomy":"product_tag","embeddable":true,"href":"https:\/\/thucpham.com\/vinacom\/wp-json\/wp\/v2\/product_tag?post=9221"}],"curies":[{"name":"wp","href":"https:\/\/api.w.org\/{rel}","templated":true}]}}