{"id":9212,"date":"2020-06-27T17:34:03","date_gmt":"2020-06-27T17:34:03","guid":{"rendered":"https:\/\/thucpham.com\/?post_type=product&#038;p=9212"},"modified":"2022-01-03T09:29:13","modified_gmt":"2022-01-03T02:29:13","slug":"gia-thanh-4-tang-viet-nam","status":"publish","type":"product","link":"https:\/\/thucpham.com\/vinacom\/gia-thanh-4-tang-viet-nam\/","title":{"rendered":"Gi\u00e1 Thanh 4 T\u1ea7ng Vi\u1ec7t Nam"},"content":{"rendered":"<h2><span style=\"font-size: 80%;\"><b>M\u00f4 T\u1ea3 S\u1ea3n Ph\u1ea9m<\/b><\/span><\/h2>\n<p style=\"text-align: justify;\"><span style=\"font-weight: 400;\">V\u1edbi m\u1ed9t kh\u00f4ng gian b\u1ebfp c\u00f3 qu\u00e1 nhi\u1ec1u \u0111\u1ed3 nh\u01b0 ch\u00e9n b\u00e1t, xoong n\u1ed3i, dao th\u1edbt\u2026 th\u00ec vi\u1ec7c t\u00ecm ki\u1ebfm m\u1ed9t thi\u1ebft b\u1ecb c\u00f3 th\u1ec3 gi\u00fap b\u1ea1n s\u1eafp x\u1ebfp v\u00e0 l\u1ea5y v\u1eadt d\u1ee5ng nhanh ch\u00f3ng l\u00e0 \u01b0u ti\u00ean h\u00e0ng \u0111\u1ea7u. B\u00ean c\u1ea1nh \u0111\u00f3, n\u1ebfu c\u00e1c v\u1eadt d\u1ee5ng c\u1ee7a khu b\u1ebfp kh\u00f4ng \u0111\u01b0\u1ee3c s\u1eafp x\u1ebfp khoa h\u1ecdc, h\u1ee3p l\u00fd th\u00ec kh\u00f4ng ch\u1ec9 l\u00e0m m\u1ea5t kh\u00f4ng gian th\u1ea9m m\u1ef9 m\u00e0 c\u00f2n \u1ea3nh h\u01b0\u1edfng \u0111\u1ebfn qu\u00e1 tr\u00ecnh n\u1ea5u n\u01b0\u1edbng. <\/span><strong><i>Gi\u00e1 thanh 4 t\u1ea7ng Vi\u1ec7t Nam<\/i><\/strong><span style=\"font-weight: 400;\"> l\u00e0 m\u1ed9t trong nh\u1eefng thi\u1ebft b\u1ecb nh\u00e0 b\u1ebfp \u0111\u01b0\u1ee3c h\u1ea7u h\u1ebft c\u00e1c qu\u00e1n \u0103n, nh\u00e0 h\u00e0ng hay b\u1ebfp t\u1eadp th\u1ec3 l\u1ef1a ch\u1ecdn v\u00e0 s\u1eed d\u1ee5ng b\u1edfi t\u00ednh hi\u1ec7u qu\u1ea3 c\u1ee7a s\u1ea3n ph\u1ea9m. Thi\u1ebft k\u1ebf 4 t\u1ea7ng gi\u00fap ng\u01b0\u1eddi d\u00f9ng tho\u1ea3i m\u00e1i \u0111\u1ec3 c\u00e1c lo\u1ea1i nguy\u00ean li\u1ec7u, d\u1ee5ng c\u1ee5, th\u1ef1c ph\u1ea9m t\u1ea1i nh\u1eefng v\u1ecb tr\u00ed mong mu\u1ed1n. C\u00f3 gi\u00e1 thanh 4 t\u1ea7ng inox, kh\u00f4ng gian b\u1ebfp s\u1ebd tr\u1edf n\u00ean g\u1ecdn g\u00e0ng, ng\u0103n n\u1eafp, chuy\u00ean nghi\u1ec7p v\u00e0 th\u1ea9m m\u1ef9 h\u01a1n r\u1ea5t nhi\u1ec1u.<\/span><\/p>\n<p><img class=\"aligncenter\" src=\"https:\/\/thucpham.com\/wp-content\/uploads\/2020\/06\/gia-thanh-4-tang-viet-nam-005.jpg\" alt=\"Gi\u00e1 Thanh 4 T\u1ea7ng Vi\u1ec7t Nam\" width=\"820\" height=\"656\" title=\"\"><\/p>\n<p style=\"text-align: center;\"><span style=\"font-family: helvetica, arial, sans-serif;\"><em>Th\u00f4ng tin s\u1ea3n ph\u1ea9m g<i>i\u00e1 thanh 4 t\u1ea7ng Vi\u1ec7t Nam<\/i><\/em><\/span><\/p>\n<h2><span style=\"font-size: 80%;\"><b> \u01afu \u0110i\u1ec3m C\u1ee7a S\u1ea3n Ph\u1ea9m<\/b><\/span><\/h2>\n<h3><span style=\"font-size: 80%;\"><b>Ch\u1ea5t Li\u1ec7u Inox Cao C\u1ea5p S\u00e1ng B\u00f3ng<\/b><\/span><\/h3>\n<p><strong><i>Gi\u00e1 thanh 4 t\u1ea7ng Vi\u1ec7t Nam<\/i><\/strong><span style=\"font-weight: 400;\"> \u0111\u01b0\u1ee3c l\u00e0m t\u1eeb ch\u1ea5t li\u1ec7u inox 304 POSCO cao c\u1ea5p. Gi\u00fap mang \u0111\u1ebfn cho s\u1ea3n ph\u1ea9m \u0111\u1ed9 b\u1ec1n cao v\u1ec1 ch\u1ea5t l\u01b0\u1ee3ng v\u00e0 lu\u00f4n gi\u1eef v\u1ebb ngo\u00e0i s\u00e1ng b\u00f3ng trong qu\u00e1 tr\u00ecnh s\u1eed d\u1ee5ng. C\u0169ng nh\u01b0 kh\u00f4ng b\u1ecb g\u1ec9 s\u00e9t hay \u1ed1 v\u00e0ng trong th\u1eddi gian d\u00e0i. B\u00ean c\u1ea1nh \u0111\u00f3, ch\u1ea5t li\u1ec7u <\/span><a href=\"https:\/\/vi.wikipedia.org\/wiki\/Th%C3%A9p_kh%C3%B4ng_g%E1%BB%89\" target=\"_blank\" rel=\"noopener nofollow\" data-schema-attribute=\"\"><span style=\"font-weight: 400;\">th\u00e9p kh\u00f4ng g\u1ec9<\/span><\/a><span style=\"font-weight: 400;\"> n\u00e0y r\u1ea5t \u00edt b\u00e1m b\u1ee5i b\u1ea9n. V\u1eady n\u00ean gi\u00fap cho vi\u1ec7c v\u1ec7 sinh nhanh ch\u00f3ng kh\u00f4ng t\u1ed1n c\u00f4ng s\u1ee9c hay th\u1eddi gian.<\/span><\/p>\n<h3><span style=\"font-size: 80%;\"><b>K\u1ebft C\u1ea5u Ch\u1eafc Ch\u1eafn<\/b><\/span><\/h3>\n<p><span style=\"font-weight: 400;\">K\u1ebft c\u1ea5u c\u00e1c m\u1ed1i h\u00e0n c\u1ee7a <\/span><i><span style=\"font-weight: 400;\">gi\u00e1 thanh 4 t\u1ea7ng Vi\u1ec7t Nam <\/span><\/i><span style=\"font-weight: 400;\">ch\u1eafc ch\u1eafn v\u00e0 \u0111\u01b0\u1ee3c che b\u1eb1ng kh\u00ed Argon. Tr\u00e1nh t\u00ecnh tr\u1ea1ng oxy h\u00f3a tr\u00ean c\u00e1c m\u1ed1i h\u00e0n v\u00e0 t\u0103ng tu\u1ed5i th\u1ecd s\u1eed d\u1ee5ng cho s\u1ea3n ph\u1ea9m. C\u00e1c thanh gi\u00e1 thi\u1ebft k\u1ebf d\u00e0y d\u1eb7n, v\u1eefng ch\u1eafc, c\u00f3 lan can 3 m\u1eb7t. Gi\u00fap h\u1ea1n ch\u1ebf vi\u1ec7c v\u1eadt d\u1ee5ng r\u01a1i ra kh\u1ecfi v\u1ecb tr\u00ed. H\u01a1n n\u1eefa, h\u1ec7 th\u1ed1ng 4 ch\u00e2n \u0111\u1ee9ng c\u00f3 k\u00edch th\u01b0\u1edbc 38x38mm. Gi\u00fap di chuy\u1ec3n d\u1ec5 d\u00e0ng v\u00e0 linh ho\u1ea1t \u0111i\u1ec1u ch\u1ec9nh \u0111\u1ed9 cao \u0111\u1ec3 ph\u00f9 h\u1ee3p v\u1edbi t\u1eebng \u0111\u1ecba h\u00ecnh, v\u1ecb tr\u00ed.<\/span><\/p>\n<h3><span style=\"font-size: 80%;\"><b>Thi\u1ebft K\u1ebf Th\u00f4ng Minh, Ti\u1ec7n L\u1ee3i S\u1eed d\u1ee5ng<\/b><\/span><\/h3>\n<p><i><span style=\"font-weight: 400;\">Gi\u00e1 thanh 4 t\u1ea7ng Vi\u1ec7t Nam <\/span><\/i><span style=\"font-weight: 400;\">\u0111\u00fang nh\u01b0 t\u00ean g\u1ecdi c\u1ee7a n\u00f3, \u0111\u01b0\u1ee3c thi\u1ebft k\u1ebf 4 t\u1ea7ng r\u1ed9ng r\u00e3i, tho\u1ea3i m\u00e1i \u0111\u1eb7t \u0111\u1ec3 c\u00e1c lo\u1ea1i nguy\u00ean li\u1ec7u, th\u1ef1c ph\u1ea9m, d\u1ee5ng c\u1ee5,\u2026 \u1edf nh\u1eefng v\u1ecb tr\u00ed mong mu\u1ed1n, gi\u00fap cho thao t\u00e1c c\u1ea5t v\u00e0 l\u1ea5y nhanh ch\u00f3ng, ti\u1ec7n l\u1ee3i h\u01a1n. <\/span><span style=\"font-weight: 400;\">S\u1eed d\u1ee5ng<\/span><i><span style=\"font-weight: 400;\"> gi\u00e1 thanh 4 t\u1ea7ng Vi\u1ec7t Nam<\/span><\/i><span style=\"font-weight: 400;\"> s\u1ebd gi\u00fap ti\u1ebft ki\u1ec7m di\u1ec7n t\u00edch kh\u00f4ng gian b\u1ebfp, mang l\u1ea1i s\u1ef1 g\u1ecdn g\u00e0ng, ng\u0103n n\u1eafp cho khu v\u1ef1c b\u1ebfp n\u1ea5u.<\/span><\/p>\n<p><span style=\"font-weight: 400;\">Thi\u1ebft k\u1ebf g\u1ecdn g\u00e0ng c\u1ee7a s\u1ea3n ph\u1ea9m gi\u00fap ng\u01b0\u1eddi d\u00f9ng di chuy\u1ec3n, b\u00ea v\u00e1c t\u1edbi v\u1ecb tr\u00ed mong mu\u1ed1n m\u00e0 kh\u00f4ng t\u1ed1n qu\u00e1 nhi\u1ec1u s\u1ee9c. <\/span><span style=\"font-weight: 400;\">B\u1ea1n c\u00f3 th\u1ec3 k\u00ea gi\u00e1 thanh trong nhi\u1ec1u m\u00f4i tr\u01b0\u1eddng kh\u00e1c nhau nh\u01b0: n\u01a1i nhi\u1ec1u c\u00e1c ch\u1ea5t oxi h\u00f3a, \u1ea9m \u01b0\u1edbt,,.. m\u00e0 kh\u00f4ng h\u1ec1 lo h\u1ecfng h\u00f3c. .<\/span><\/p>\n<h3><span style=\"font-size: 80%;\"><b> \u1ee8ng D\u1ee5ng Th\u1ef1c Ti\u1ec5n<\/b><\/span><\/h3>\n<p><span style=\"font-weight: 400;\">V\u1edbi thi\u1ebft k\u1ebf 4 t\u1ea7ng, gi\u00e1 thanh inox Vi\u1ec7t Nam gi\u00fap ng\u01b0\u1eddi d\u00f9ng l\u01b0u tr\u1eef \u0111\u01b0\u1ee3c m\u1ed9t s\u1ed1 l\u01b0\u1ee3ng l\u1edbn v\u1eadt d\u1ee5ng, \u0111\u1ed3 \u0111\u1ea1c<\/span><b>. <\/b><i><span style=\"font-weight: 400;\">Gi\u00e1 thanh 4 t\u1ea7ng Vi\u1ec7t Nam <\/span><\/i><span style=\"font-weight: 400;\">th\u01b0\u1eddng \u0111\u01b0\u1ee3c s\u1eed d\u1ee5ng \u0111\u1ec3 d\u1ee5ng c\u1ee5 nh\u00e0 b\u1ebfp nh\u01b0 n\u1ed3i, xoong, ch\u1ea3o, b\u00e1t, \u0111\u0129a,\u2026 gi\u00fap kh\u00f4ng gian b\u1ebfp th\u00eam chuy\u00ean nghi\u1ec7p h\u01a1n.<\/span><\/p>\n<p><span style=\"font-weight: 400;\">Ngo\u00e0i ra, b\u1ea1n c\u00f3 th\u1ec3 d\u00f9ng gi\u00e1 thanh inox 4 t\u1ea7ng \u0111\u1ec3 th\u1ef1c ph\u1ea9m \u0111\u00e3 s\u01a1 ch\u1ebf, chia th\u1ee9c \u0103n \u2026Gi\u00e1 thanh 4 t\u1ea7ng c\u00f2n r\u1ea5t th\u00edch h\u1ee3p \u0111\u1ec3 k\u00ea ch\u1eadu hoa, \u0111\u1ec3 gi\u00e0y d\u00e9p, c\u00e2y c\u1ea3nh nh\u1ecf ho\u1eb7c \u0111\u1ed3 b\u1ea3o h\u1ed9, c\u00e1c thi\u1ebft b\u1ecb trong c\u00e1c ph\u00e2n x\u01b0\u1edfng s\u1ea3n xu\u1ea5t. Ngo\u00e0i vi\u1ec7c \u0111\u01b0\u1ee3c \u1ee9ng d\u1ee5ng r\u1ed9ng r\u00e3i t\u1ea1i kh\u00f4ng gian b\u1ebfp khu c\u00f4ng nghi\u1ec7p, c\u0103ng tin, nh\u00e0 h\u00e0ng, qu\u00e1n \u0103n th\u00ec s\u1ea3n ph\u1ea9m c\u0169ng v\u00f4 c\u00f9ng th\u00edch h\u1ee3p \u0111\u1ec3 s\u1eed d\u1ee5ng t\u1ea1i c\u0103n b\u1ebfp c\u1ee7a m\u1ed7i gia \u0111\u00ecnh.<\/span><\/p>\n<p style=\"text-align: center;\"><img class=\"wp-image-40884 size-full\" src=\"https:\/\/thucpham.com\/wp-content\/uploads\/2020\/06\/gia-thanh-4-tang-viet-nam-001.jpg\" alt=\"\" width=\"820\" height=\"656\" srcset=\"https:\/\/thucpham.com\/vinacom\/wp-content\/uploads\/2020\/06\/gia-thanh-4-tang-viet-nam-001.jpg 820w, https:\/\/thucpham.com\/vinacom\/wp-content\/uploads\/2020\/06\/gia-thanh-4-tang-viet-nam-001-300x240.jpg 300w, https:\/\/thucpham.com\/vinacom\/wp-content\/uploads\/2020\/06\/gia-thanh-4-tang-viet-nam-001-768x614.jpg 768w, https:\/\/thucpham.com\/vinacom\/wp-content\/uploads\/2020\/06\/gia-thanh-4-tang-viet-nam-001-24x19.jpg 24w, https:\/\/thucpham.com\/vinacom\/wp-content\/uploads\/2020\/06\/gia-thanh-4-tang-viet-nam-001-36x29.jpg 36w, https:\/\/thucpham.com\/vinacom\/wp-content\/uploads\/2020\/06\/gia-thanh-4-tang-viet-nam-001-48x38.jpg 48w, https:\/\/thucpham.com\/vinacom\/wp-content\/uploads\/2020\/06\/gia-thanh-4-tang-viet-nam-001-510x408.jpg 510w\" sizes=\"(max-width: 820px) 100vw, 820px\" title=\"\"> \u01afu \u0111i\u1ec3m g<em>i\u00e1 Thanh 4 T\u1ea7ng Vi\u1ec7t Nam Inox<\/em><\/p>\n<h3><span style=\"font-size: 80%;\"><b> L\u01b0u \u00dd Khi S\u1eed D\u1ee5ng<\/b><\/span><\/h3>\n<p><span style=\"font-weight: 400;\">M\u1eb7c d\u00f9 <\/span><i><span style=\"font-weight: 400;\">gi\u00e1 thanh 4 t\u1ea7ng Vi\u1ec7t Nam <\/span><\/i><span style=\"font-weight: 400;\">\u0111\u01b0\u1ee3c s\u1ea3n xu\u1ea5t b\u1eb1ng ch\u1ea5t li\u1ec7u inox ch\u1ea5t l\u01b0\u1ee3ng cao nh\u01b0ng n\u1ebfu b\u1ea1n s\u1eed d\u1ee5ng kh\u00f4ng gi\u1eef g\u00ecn th\u00ec ch\u1eafc ch\u1eafn s\u1ebd \u1ea3nh h\u01b0\u1edfng \u0111\u1ebfn \u0111\u1ed9 b\u1ec1n c\u1ee7a s\u1ea3n ph\u1ea9m. Do v\u1eady, \u0111\u1ec3 k\u00e9o d\u00e0i tu\u1ed5i th\u1ecd v\u00e0 \u0111\u1ed9 b\u1ec1n ch\u1eafc c\u1ee7a gia thanh th\u00ec c\u00e1c b\u1ea1n n\u00ean th\u01b0\u1eddng xuy\u00ean v\u1ec7 sinh gi\u00e1 thanh 4 t\u1ea7ng nh\u00e9.<\/span><\/p>\n<h4><span style=\"font-size: 100%;\"><strong>Ch\u00fang t\u00f4i xin chia s\u1ebb m\u1ed9t s\u1ed1 l\u01b0u \u00fd khi s\u1eed d\u1ee5ng v\u00e0 v\u1ec7 sinh gi\u00e1 nan:<\/strong><\/span><\/h4>\n<p><span style=\"font-weight: 400;\">+ S\u1eed d\u1ee5ng n\u01b0\u1edbc s\u1ea1ch v\u00e0 kh\u0103n m\u1ec1m \u0111\u1ec3 lau ch\u00f9i , c\u1ecd r\u1eeda th\u01b0\u1eddng xuy\u00ean \u0111\u1ec3 tr\u00e1nh b\u1ee5i b\u1ea9n hay ru\u1ed3i mu\u1ed7i.<\/span><\/p>\n<p><span style=\"font-weight: 400;\">+ D\u00f9ng ch\u1ea5t t\u1ea9y nh\u1eb9 \u0111\u1ec3 lau r\u1eeda c\u00e1c v\u1ebft d\u1ea7u m\u1ee1, v\u1ebft \u1ed1 b\u00e1m tr\u00ean gi\u00e1 thanh. Sau \u0111\u00f3, r\u1eeda l\u1ea1i l\u1ea1i b\u1eb1ng n\u01b0\u1edbc s\u1ea1ch v\u00e0 lau kh\u00f4 b\u1eb1ng kh\u0103n m\u1ec1m.<\/span><\/p>\n<p><span style=\"font-weight: 400;\">+ Tr\u00e1nh s\u1eed d\u1ee5ng ch\u1ea5t t\u1ea9y r\u1eeda h\u00f3a ch\u1ea5t m\u1ea1nh hay c\u1ecd s\u1eaft \u0111\u1ec3 v\u1ec7 sinh gi\u00e1 thanh v\u00ec s\u1ebd g\u00e2y bong tr\u00f3c, x\u01b0\u1edbc b\u1ec1 m\u1eb7t v\u1eeba l\u00e0m h\u1ecfng s\u1ea3n ph\u1ea9m v\u1eeba g\u00e2y m\u1ea5t th\u1ea9m m\u1ef9.<\/span><\/p>\n<p><span style=\"font-weight: 400;\">T\u1ea5t c\u1ea3 c\u00e1c s\u1ea3n ph\u1ea9m b\u1ebfp inox c\u1ee7a ch\u00fang t\u00f4i n\u00f3i chung v\u00e0 s\u1ea3n ph\u1ea9m <\/span><i><span style=\"font-weight: 400;\">gi\u00e1 thanh 4 t\u1ea7ng Vi\u1ec7t Nam <\/span><\/i><span style=\"font-weight: 400;\">n\u00f3i ri\u00eang \u0111\u1ec1u \u0111\u01b0\u1ee3c s\u1ea3n xu\u1ea5t, gia c\u00f4ng b\u1eb1ng v\u1eadt li\u1ec7u inox cao c\u1ea5p v\u1edbi <\/span><span style=\"font-weight: 400;\">\u0111\u1ed9 b\u1ec1n cao. V\u00e0 c\u00f2n ch\u1ed1ng g\u1ec9, \u0103n m\u00f2n t\u1ed1t, d\u1ec5 lau ch\u00f9i c\u0169ng nh\u01b0 s\u1eed d\u1ee5ng <\/span><span style=\"font-weight: 400;\">n\u00ean lu\u00f4n \u0111\u1ea3m b\u1ea3o v\u1ec1 ch\u1ea5t l\u01b0\u1ee3ng. S\u1ea3n ph\u1ea9m gi\u00e1 thanh 4 t\u1ea7ng \u0111\u01b0\u1ee3c ni\u00eam y\u1ebft v\u1edbi gi\u00e1 l\u00e0 <\/span><b>4.100.000 VND<\/b><span style=\"font-weight: 400;\">, ph\u00f9 h\u1ee3p v\u1edbi m\u1ecdi nhu c\u1ea7u s\u1eed d\u1ee5ng v\u00e0 \u0111i\u1ec1u ki\u1ec7n t\u00e0i ch\u00ednh c\u1ee7a \u0111\u1ea1i \u0111a s\u1ed1 kh\u00e1ch h\u00e0ng. V\u1edbi m\u1eabu m\u00e3 n\u00e0y th\u00ec r\u1ea5t nhi\u1ec1u c\u01a1 s\u1edf b\u00e1n v\u1edbi gi\u00e1 th\u00e0nh r\u1ebb h\u01a1n nh\u01b0ng \u0111i \u0111\u00f4i v\u1edbi \u0111\u00f3 l\u00e0 ch\u1ea5t l\u01b0\u1ee3ng inox k\u00e9m, d\u1ec5 b\u00e1m b\u1ee5i b\u1ea9n v\u00e0 nhanh b\u1ecb tr\u1ea7y x\u01b0\u1edbc.<\/span><\/p>\n<p style=\"text-align: justify;\"><span style=\"font-weight: 400;\">N\u1ebfu b\u1ea1n ch\u01b0a t\u00ecm \u0111\u01b0\u1ee3c \u0111\u1ecba ch\u1ec9 uy t\u00edn \u0111\u1ec3 mua s\u1ea3n ph\u1ea9m h\u00e3y \u0111\u1ebfn v\u1edbi <\/span><b>ThucPham.com<\/b><span style=\"font-weight: 400;\"> \u0111\u1ec3 l\u1ef1a ch\u1ecdn <\/span><i><span style=\"font-weight: 400;\">gi\u00e1 thanh 4 t\u1ea7ng Vi\u1ec7t Nam<\/span><\/i><span style=\"font-weight: 400;\"> ch\u1ea5t l\u01b0\u1ee3ng t\u1ed1t, gi\u00e1 th\u00e0nh c\u1ea1nh tranh, ngu\u1ed3n g\u1ed1c xu\u1ea5t x\u1ee9 r\u00f5 r\u00e0ng. Ngo\u00e0i ra, ch\u00fang t\u00f4i c\u00f2n cung c\u1ea5p c\u00e1c thi\u1ebft b\u1ecb nh\u00e0 b\u1ebfp <\/span><a href=\"https:\/\/thucpham.com\/ban-tu-gia-ke-inox\/\" target=\"_blank\" rel=\"noopener\" data-schema-attribute=\"\"><span style=\"font-weight: 400;\">b\u00e0n, t\u1ee7, gi\u00e1, k\u1ec7 inox <\/span><\/a><span style=\"font-weight: 400;\">kh\u00e1c. Nh\u01b0 <\/span><a href=\"https:\/\/thucpham.com\/gia-thanh-3-tang-viet-nam\/\" target=\"_blank\" rel=\"noopener\" data-schema-attribute=\"\"><span style=\"font-weight: 400;\">gi\u00e1 thanh 3 t\u1ea7ng<\/span><\/a><span style=\"font-weight: 400;\">, gi\u00e1 ph\u1eb3ng 3 t\u1ea7ng, 4 t\u1ea7ng, <\/span><a href=\"https:\/\/thucpham.com\/gia-phang-treo-tuong-1-tang-viet-nam\/\" target=\"_blank\" rel=\"noopener\" data-schema-attribute=\"\"><span style=\"font-weight: 400;\">gi\u00e1 ph\u1eb3ng treo t\u01b0\u1eddng<\/span><\/a><span style=\"font-weight: 400;\">\u2026 \u0111\u1ea3m b\u1ea3o c\u00f3 nhi\u1ec1u l\u1ef1a ch\u1ecdn ph\u00f9 h\u1ee3p v\u1edbi nhu c\u1ea7u s\u1eed d\u1ee5ng c\u1ee7a t\u1eebng kh\u00e1ch h\u00e0ng.<\/span><\/p>\n","protected":false},"excerpt":{"rendered":"<ul>\n<li style=\"font-weight: 400;\"><span style=\"font-family: helvetica, arial, sans-serif;\"><span style=\"font-weight: 400;\">Gia c\u00f4ng b\u1eb1ng <\/span><span style=\"font-weight: 400;\">ch\u1ea5t li\u1ec7u inox 304 POSCO cao c\u1ea5p<\/span><\/span><\/li>\n<li style=\"font-weight: 400;\"><span style=\"font-weight: 400; font-family: helvetica, arial, sans-serif;\">Che m\u1ed1i h\u00e0n b\u1eb1ng kh\u00ed Argon, tr\u00e1nh hi\u1ec7n t\u01b0\u1ee3ng oxi h\u00f3a<\/span><\/li>\n<li style=\"font-weight: 400;\"><span style=\"font-weight: 400; font-family: helvetica, arial, sans-serif;\">C\u00f4ng ngh\u1ec7 c\u1eaft, g\u1ea5p b\u1eb1ng m\u00e1y th\u1ee7y l\u1ef1c<\/span><\/li>\n<li style=\"font-weight: 400;\"><span style=\"font-weight: 400; font-family: helvetica, arial, sans-serif;\">K\u1ebft c\u1ea5u ch\u1eafc ch\u1eafn, di chuy\u1ec3n d\u1ec5 d\u00e0ng<\/span><\/li>\n<li style=\"font-weight: 400;\"><span style=\"font-weight: 400; font-family: helvetica, arial, sans-serif;\">4 ch\u00e2n \u0111\u1ee9ng v\u1eefng ch\u1eafc, linh ho\u1ea1t \u0111i\u1ec1u ch\u1ec9nh \u0111\u1ed9 cao<\/span><\/li>\n<\/ul>\n","protected":false},"featured_media":36115,"comment_status":"open","ping_status":"closed","template":"","meta":[],"product_cat":[198,467],"product_tag":[],"_links":{"self":[{"href":"https:\/\/thucpham.com\/vinacom\/wp-json\/wp\/v2\/product\/9212"}],"collection":[{"href":"https:\/\/thucpham.com\/vinacom\/wp-json\/wp\/v2\/product"}],"about":[{"href":"https:\/\/thucpham.com\/vinacom\/wp-json\/wp\/v2\/types\/product"}],"replies":[{"embeddable":true,"href":"https:\/\/thucpham.com\/vinacom\/wp-json\/wp\/v2\/comments?post=9212"}],"wp:featuredmedia":[{"embeddable":true,"href":"https:\/\/thucpham.com\/vinacom\/wp-json\/wp\/v2\/media\/36115"}],"wp:attachment":[{"href":"https:\/\/thucpham.com\/vinacom\/wp-json\/wp\/v2\/media?parent=9212"}],"wp:term":[{"taxonomy":"product_cat","embeddable":true,"href":"https:\/\/thucpham.com\/vinacom\/wp-json\/wp\/v2\/product_cat?post=9212"},{"taxonomy":"product_tag","embeddable":true,"href":"https:\/\/thucpham.com\/vinacom\/wp-json\/wp\/v2\/product_tag?post=9212"}],"curies":[{"name":"wp","href":"https:\/\/api.w.org\/{rel}","templated":true}]}}