{"id":9209,"date":"2020-06-27T17:30:55","date_gmt":"2020-06-27T17:30:55","guid":{"rendered":"https:\/\/thucpham.com\/?post_type=product&#038;p=9209"},"modified":"2021-12-01T14:29:39","modified_gmt":"2021-12-01T07:29:39","slug":"gia-thanh-3-tang-viet-nam","status":"publish","type":"product","link":"https:\/\/thucpham.com\/vinacom\/gia-thanh-3-tang-viet-nam\/","title":{"rendered":"Gi\u00e1 Thanh 3 T\u1ea7ng Vi\u1ec7t Nam"},"content":{"rendered":"<h2><span style=\"font-size: 80%\"><b>M\u00f4 T\u1ea3 S\u1ea3n Ph\u1ea9m<\/b><\/span><\/h2>\n<p style=\"text-align: justify\"><span style=\"font-weight: 400\">V\u1edbi nh\u1eefng khu v\u1ef1c nh\u01b0 b\u1ebfp \u0103n nh\u00e0 h\u00e0ng, b\u1ebfp c\u00f4ng nghi\u1ec7p, qu\u00e1n \u0103n th\u00ec \u0111\u1ed3 \u0111\u1ea1c d\u1ee5ng c\u1ee5 r\u1ea5t nhi\u1ec1u n\u00ean vi\u1ec7c s\u1eafp x\u1ebfp c\u0103n b\u1ebfp g\u1ecdn g\u00e0ng, ng\u0103n n\u1eafp l\u00e0 r\u1ea5t c\u1ea7n thi\u1ebft \u0111\u1ec3 c\u00f3 th\u1ec3 d\u1ec5 d\u00e0ng t\u00ecm ki\u1ebfm, s\u1eed d\u1ee5ng, c\u0169ng nh\u01b0 gi\u00fap kh\u00f4ng gian b\u1ebfp \u0111\u01b0\u1ee3c r\u1ed9ng r\u00e3i v\u00e0 s\u1ea1ch s\u1ebd h\u01a1n. Hi\u1ec7n nay r\u1ea5t nhi\u1ec1u \u0111\u01a1n v\u1ecb kinh doanh \u0111ang s\u1eed d\u1ee5ng <\/span><strong>gi\u00e1 thanh 3 t\u1ea7ng Vi\u1ec7t Nam<\/strong><span style=\"font-weight: 400\"> v\u1edbi nhi\u1ec1u m\u1ee5c \u0111\u00edch s\u1eed d\u1ee5ng nh\u01b0: \u0111\u1ec3 ch\u00e9n b\u00e1t, \u0111\u1ec3 gia v\u1ecb, d\u1ee5ng c\u1ee5 nh\u00e0 b\u1ebfp, \u0111\u1ec3 \u0111\u1ed3 \u0103n, th\u1ef1c ph\u1ea9m sau khi s\u01a1 ch\u1ebf,\u2026V\u1edbi r\u1ea5t nhi\u1ec1u c\u00f4ng d\u1ee5ng c\u0169ng nh\u01b0 ki\u1ec3u d\u00e1ng, gi\u00e1 th\u00e0nh ph\u00f9 h\u1ee3p v\u1edbi nhu c\u1ea7u c\u1ee7a t\u1eebng \u0111\u01a1n v\u1ecb n\u00ean s\u1ea3n ph\u1ea9m n\u00e0y lu\u00f4n \u0111\u01b0\u1ee3c kh\u00e1ch h\u00e0ng \u01b0a chu\u1ed9ng, l\u1ef1a ch\u1ecdn s\u1eed d\u1ee5ng. S\u1edf h\u1eefu thi\u1ebft k\u1ebf th\u00f4ng minh v\u00e0 ti\u1ec7n d\u1ee5ng, s\u1ea3n ph\u1ea9m<\/span><i><span style=\"font-weight: 400\"> gi\u00e1 thanh 3 t\u1ea7ng Vi\u1ec7t Nam <\/span><\/i><span style=\"font-weight: 400\">l\u00e0 m\u1ed9t trong nh\u1eefng thi\u1ebft b\u1ecb b\u1ebfp inox kh\u00f4ng th\u1ec3 thi\u1ebfu trong m\u1ed7i c\u0103n b\u1ebfp.<\/span><\/p>\n<p><img class=\"aligncenter\" src=\"https:\/\/thucpham.com\/wp-content\/uploads\/2020\/06\/gia-thanh-3-tang-viet-nam-005.jpg\" alt=\"Gi\u00e1 Thanh 3 T\u1ea7ng Vi\u1ec7t Nam\" width=\"820\" height=\"656\" title=\"\"><\/p>\n<p style=\"text-align: center\"><span style=\"font-family: helvetica, arial, sans-serif\"><i><em>Th\u00f4ng tin s\u1ea3n ph\u1ea9m <\/em>gi\u00e1 <\/i><i>thanh 3 t\u1ea7ng Vi\u1ec7t Nam<\/i><\/span><\/p>\n<h2><span style=\"font-size: 80%\"><b>\u01afu \u0110i\u1ec3m C\u1ee7a S\u1ea3n Ph\u1ea9m<\/b><\/span><\/h2>\n<h3><span style=\"font-size: 80%\"><b>Thi\u1ebft K\u1ebf Ch\u1eafc Ch\u1eafn, Ch\u1ea5t Li\u1ec7u Inox B\u1ec1n B\u1ec9<\/b><\/span><\/h3>\n<p><span style=\"font-weight: 400\">Ph\u1ea7n th\u00e2n c\u1ee7a <\/span><i><span style=\"font-weight: 400\">gi\u00e1 thanh 3 t\u1ea7ng Vi\u1ec7t Nam<\/span><\/i><span style=\"font-weight: 400\"> \u0111\u1ec1u \u0111\u01b0\u1ee3c s\u1ea3n xu\u1ea5t b\u1eb1ng ch\u1ea5t li\u1ec7u inox 304 POSCO v\u1edbi \u0111\u1ed9 d\u00e0y l\u00ean \u0111\u1ebfn 1.0mm, c\u00f3 \u0111\u1ed9 b\u1ec1n v\u01b0\u1ee3t tr\u1ed9i, h\u1ea1n ch\u1ebf t\u1ed1i \u0111a \u0111\u01b0\u1ee3c t\u00ecnh tr\u1ea1ng g\u1ec9 s\u00e9t hay \u0103n m\u00f2n. <\/span><a href=\"https:\/\/vi.wikipedia.org\/wiki\/Th%C3%A9p_kh%C3%B4ng_g%E1%BB%89\" target=\"_blank\" rel=\"noopener nofollow\" data-schema-attribute=\"\"><span style=\"font-weight: 400\">Ch\u1ea5t li\u1ec7u th\u00e9p kh\u00f4ng g\u1ec9<\/span><\/a><span style=\"font-weight: 400\"> n\u00e0y c\u00f2n d\u1ec5 d\u00e0ng lau ch\u00f9i, \u00edt b\u00e1m b\u1ee5i b\u1ea9n, lu\u00f4n gi\u1eef \u0111\u01b0\u1ee3c v\u1ebb s\u00e1ng b\u00f3ng trong th\u1eddi gian d\u00e0i s\u1eed d\u1ee5ng.&nbsp;<\/span><\/p>\n<h3><span style=\"font-size: 80%\"><b>Kh\u1ea3 N\u0103ng S\u1eed D\u1ee5ng Linh Ho\u1ea1t<\/b><\/span><\/h3>\n<p><i><span style=\"font-weight: 400\">Gi\u00e1 thanh 3 t\u1ea7ng Vi\u1ec7t Nam<\/span><\/i> <span style=\"font-weight: 400\">c\u00f3 k\u1ebft c\u1ea5u 3 t\u1ea7ng, m\u1ed7i t\u1ea7ng \u0111\u1ec1u \u0111\u01b0\u1ee3c bao lan can 3 m\u1eb7t v\u1edbi \u0111\u01b0\u1eddng k\u00ednh \u1ed1ng 12mm c\u00f9ng c\u00e1c thanh gi\u00e1 \u0111\u01b0\u1ee3c s\u1eafp x\u1ebfp v\u1edbi kho\u1ea3ng c\u00e1ch h\u1ee3p l\u00fd, cho ph\u00e9p b\u1ea1n \u0111\u1eb7t nhi\u1ec1u \u0111\u1ed3 nh\u01b0 ch\u00e9n b\u00e1t, th\u00eca d\u0129a, \u0111\u0169a..v\u1edbi k\u00edch th\u01b0\u1edbc l\u1edbn nh\u1ecf kh\u00e1c nhau m\u00e0 kh\u00f4ng ph\u1ea3i lo b\u1ecb r\u01a1i hay l\u1ecdt xu\u1ed1ng d\u01b0\u1edbi. Thi\u1ebft k\u1ebf n\u00e0y gi\u00fap cho vi\u1ec7c \u0111\u1ec3 \u0111\u1ed3 \u0111\u1ea1c, h\u00e0ng h\u00f3a m\u1ed9t c\u00e1ch khoa h\u1ecdc gi\u00fap cho vi\u1ec7c l\u1ea5y hay c\u1ea5t \u0111\u1ed3 nhanh ch\u00f3ng ti\u1ec7n l\u1ee3i.&nbsp;<\/span><\/p>\n<h3><span style=\"font-size: 80%\"><b>K\u1ebft C\u1ea5u V\u1eefng Ch\u1eafc, An To\u00e0n Khi S\u1eed D\u1ee5ng<\/b><\/span><\/h3>\n<p><span style=\"font-weight: 400\">C\u00e1c thanh k\u1ebft c\u1ea5u c\u1ee7a <\/span><i><span style=\"font-weight: 400\">gi\u00e1 thanh 3 t\u1ea7ng Vi\u1ec7t Nam<\/span><\/i><span style=\"font-weight: 400\"> \u0111\u01b0\u1ee3c thi\u1ebft k\u1ebf vu\u00f4ng v\u1eafn, \u0111\u1ea3m b\u1ea3o \u0111\u1ed9 ch\u1eafc ch\u1eafn khi s\u1eed d\u1ee5ng. C\u00e1c m\u1ed1i h\u00e0n c\u1ee7a gi\u00e1 thanh c\u00f2n \u0111\u01b0\u1ee3c che ph\u1ee7 b\u1eb1ng kh\u00ed Argon tr\u00e1nh oxy h\u00f3a, k\u00e9o d\u00e0i tu\u1ed5i th\u1ecd s\u1eed d\u1ee5ng. <\/span><span style=\"font-weight: 400\">Ngo\u00e0i ra,<\/span> <span style=\"font-weight: 400\">4 ch\u00e2n tr\u1ee5 c\u1ee7a s\u1ea3n ph\u1ea9m v\u1edbi k\u00edch c\u1ee1 40x40mm ch\u1ecbu l\u1ef1c t\u1ed1t n\u00ean b\u1ea1n y\u00ean t\u00e2m khi \u0111\u1ec3 c\u00e1c \u0111\u1ed3 n\u1eb7ng l\u00ean m\u00e0 kh\u00f4ng lo b\u1ecb \u0111\u1ed5 v\u1ee1. <\/span><span style=\"font-weight: 400\">C\u00e1c g\u00f3c c\u1ea1nh c\u1ee7a gi\u00e1 inox \u0111\u01b0\u1ee3c m\u00e0i tr\u00f2n, nh\u1eb5n m\u1ecbn, kh\u00f4ng g\u00e2y nguy hi\u1ec3m khi l\u1ee1 va ch\u1ea1m v\u00e0o.<\/span><\/p>\n<p><img class=\"aligncenter wp-image-35881 size-full\" title=\"Gi\u00e1 Thanh 3 T\u1ea7ng Vi\u1ec7t Nam\" src=\"https:\/\/thucpham.com\/wp-content\/uploads\/2020\/06\/gia-thanh-3-tang-viet-nam-001.jpg\" alt=\"Gi\u00e1 Thanh 3 T\u1ea7ng Vi\u1ec7t Nam\" width=\"820\" height=\"656\" srcset=\"https:\/\/thucpham.com\/vinacom\/wp-content\/uploads\/2020\/06\/gia-thanh-3-tang-viet-nam-001.jpg 820w, https:\/\/thucpham.com\/vinacom\/wp-content\/uploads\/2020\/06\/gia-thanh-3-tang-viet-nam-001-300x240.jpg 300w, https:\/\/thucpham.com\/vinacom\/wp-content\/uploads\/2020\/06\/gia-thanh-3-tang-viet-nam-001-768x614.jpg 768w, https:\/\/thucpham.com\/vinacom\/wp-content\/uploads\/2020\/06\/gia-thanh-3-tang-viet-nam-001-24x19.jpg 24w, https:\/\/thucpham.com\/vinacom\/wp-content\/uploads\/2020\/06\/gia-thanh-3-tang-viet-nam-001-36x29.jpg 36w, https:\/\/thucpham.com\/vinacom\/wp-content\/uploads\/2020\/06\/gia-thanh-3-tang-viet-nam-001-48x38.jpg 48w, https:\/\/thucpham.com\/vinacom\/wp-content\/uploads\/2020\/06\/gia-thanh-3-tang-viet-nam-001-510x408.jpg 510w\" sizes=\"(max-width: 820px) 100vw, 820px\" \/><\/p>\n<h2><span style=\"font-size: 80%\"><b> \u1ee8ng D\u1ee5ng Th\u1ef1c Ti\u1ec5n<\/b><\/span><\/h2>\n<p><i><span style=\"font-weight: 400\">Gi\u00e1 thanh 3 t\u1ea7ng Vi\u1ec7t Nam<\/span><\/i><span style=\"font-weight: 400\"> hi\u1ec7n \u0111ang \u0111\u01b0\u1ee3c s\u1eed d\u1ee5ng nhi\u1ec1u \u1edf c\u00e1c b\u1ebfp kh\u00e1ch s\u1ea1n, nh\u00e0 h\u00e0ng, b\u1ebfp \u0103n t\u1eadp th\u1ec3\u2026 v\u1edbi nhi\u1ec1u m\u1ee5c \u0111\u00edch s\u1eed d\u1ee5ng kh\u00e1c nhau.<\/span><\/p>\n<p><span style=\"font-weight: 400\">+&nbsp; S\u1eed d\u1ee5ng \u0111\u1ec3 \u0111\u1eb7t \u0111\u1ec3 c\u00e1c \u0111\u1ed3 d\u00f9ng nh\u00e0 b\u1ebfp nh\u01b0 n\u1ed3i, xoong, ch\u1ea3o, gia v\u1ecb, khay \u0111\u1ef1ng \u0111\u1ed3, b\u00e1t \u0111\u0129a&#8230;cho c\u00e1c b\u1ebfp \u0103n l\u1edbn nh\u01b0 b\u1ebfp \u0103n tr\u01b0\u1eddng h\u1ecdc, b\u1ebfp \u0103n c\u00e1c khu c\u00f4ng nghi\u1ec7p&#8230;<\/span><\/p>\n<p><span style=\"font-weight: 400\">+ D\u00f9ng \u0111\u1ec3 d\u1ee5ng c\u1ee5 nh\u01b0 thi\u1ebft b\u1ecb, qu\u1ea7n \u00e1o trong c\u00e1c nh\u00e0 kho b\u1ec7nh vi\u1ec7n, kho c\u00f4ng nghi\u1ec7p, nh\u00e0 m\u00e1y s\u1ea3n xu\u1ea5t,&#8230; <\/span><span style=\"font-weight: 400\">gi\u00fap kh\u00f4ng gian ng\u0103n n\u1eafp, s\u1ea1ch \u0111\u1eb9p h\u01a1n.&nbsp;<\/span><\/p>\n<h2><span style=\"font-size: 80%\"><b> L\u01b0u \u00dd Khi S\u1eed D\u1ee5ng<\/b><\/span><\/h2>\n<p><span style=\"font-weight: 400\">C\u00e1c lo\u1ea1i thi\u1ebft b\u1ecb nh\u00e0 b\u1ebfp n\u00f3i chung c\u0169ng nh\u01b0<\/span><i><span style=\"font-weight: 400\"> gi\u00e1 thanh 3 t\u1ea7ng Vi\u1ec7t Nam<\/span><\/i><span style=\"font-weight: 400\"> n\u00f3i ri\u00eang c\u1ea7n \u0111\u01b0\u1ee3c s\u1eed d\u1ee5ng v\u00e0 v\u1ec7 sinh \u0111\u00fang c\u00e1ch n\u1ebfu kh\u00f4ng th\u00ec ch\u1eafc ch\u1eafn s\u1ebd gi\u1ea3m tu\u1ed5i th\u1ecd s\u1eed d\u1ee5ng c\u1ee7a c\u00e1c lo\u1ea1i gi\u00e1 n\u00e0y. B\u1ea1n n\u00ean th\u01b0\u1eddng xuy\u00ean s\u1eed d\u1ee5ng kh\u0103n m\u1ec1m r\u1ed3i nh\u00fang v\u00e0o dung d\u1ecbch ch\u1ea5t t\u1ea9y r\u1eeda nh\u1eb9 ho\u1eb7c n\u01b0\u1edbc \u1ea5m \u0111\u1ec3 lau ch\u00f9i gi\u00e1 thanh sau khi s\u1eed d\u1ee5ng. B\u00ean c\u1ea1nh \u0111\u00f3, kh\u00e1ch h\u00e0ng n\u00ean t\u00ecm \u0111\u00fang c\u01a1 s\u1edf s\u1ea3n xu\u1ea5t uy t\u00edn, ch\u1ea5t l\u01b0\u1ee3ng \u0111\u1ec3 mua \u0111\u01b0\u1ee3c s\u1ea3n ph\u1ea9m \u0111\u1ea3m b\u1ea3o v\u1ec1 inox \u0111\u1ea1t chu\u1ea9n.&nbsp;<\/span><\/p>\n<p><i><span style=\"font-weight: 400\">Gi\u00e1 thanh 3 t\u1ea7ng Vi\u1ec7t Nam <\/span><\/i><span style=\"font-weight: 400\">hi\u1ec7n \u0111ang \u0111\u01b0\u1ee3c b\u00e1n v\u1edbi gi\u00e1 ni\u00eam y\u1ebft l\u00e0<\/span><b> 3.500.000 VN\u0110<\/b><span style=\"font-weight: 400\"> t\u1ea1i <\/span><a href=\"https:\/\/thucpham.com\/\" target=\"_blank\" rel=\"noopener\" data-schema-attribute=\"\"><b>ThucPham.com<\/b><\/a><span style=\"font-weight: 400\">. S\u1ea3n ph\u1ea9m s\u1edf h\u1eefu nhi\u1ec1u \u01b0u \u0111i\u1ec3m nh\u01b0 c\u1ea5u t\u1ea1o c\u1ee9ng c\u00e1p, ch\u1ea5t li\u1ec7u inox 304, ch\u1ed1ng ch\u1ecbu \u0103n m\u00f2n t\u1ed1t, d\u1ec5 d\u00e0ng lau ch\u00f9i c\u00f9ng thi\u1ebft k\u1ebf 3 t\u1ea7ng ti\u1ec7n l\u1ee3i \u0111\u1ec3 s\u1eafp x\u1ebfp c\u00e1c v\u1eadt d\u1ee5ng nh\u00e0 b\u1ebfp, ph\u00f9 h\u1ee3p v\u1edbi m\u1ecdi kh\u00f4ng gian.<\/span><\/p>\n<p style=\"text-align: justify\"><span style=\"font-weight: 400\">H\u00e3y li\u00ean h\u1ec7 ngay v\u1edbi ch\u00fang t\u00f4i \u0111\u1ec3 mua \u0111\u01b0\u1ee3c s\u1ea3n ph\u1ea9m <\/span><i><span style=\"font-weight: 400\">gi\u00e1 thanh 3 t\u1ea7ng Vi\u1ec7t Nam<\/span><\/i><span style=\"font-weight: 400\"> \u0111\u1ea1t chu\u1ea9n c\u00f9ng gi\u00e1 th\u00e0nh c\u1ea1nh tranh. Ngo\u00e0i gi\u00e1 thanh inox 3 t\u1ea7ng, ch\u00fang t\u00f4i cung c\u1ea5p \u0111a d\u1ea1ng c\u00e1c s\u1ea3n ph\u1ea9m <\/span><a href=\"https:\/\/thucpham.com\/ban-tu-gia-ke-inox\/\" target=\"_blank\" rel=\"noopener\" data-schema-attribute=\"\"><span style=\"font-weight: 400\">b\u00e0n, k\u1ec7, gi\u00e1 inox nh\u00e0 b\u1ebfp<\/span><\/a><span style=\"font-weight: 400\"> kh\u00e1c nh\u01b0 <\/span><a href=\"https:\/\/thucpham.com\/gia-thanh-4-tang-viet-nam\/\" target=\"_blank\" rel=\"noopener\" data-schema-attribute=\"\"><span style=\"font-weight: 400\">gi\u00e1 thanh 4 t\u1ea7ng<\/span><\/a><span style=\"font-weight: 400\">, <\/span><a href=\"https:\/\/thucpham.com\/gia-phang-4-tang-viet-nam\/\" target=\"_blank\" rel=\"noopener\" data-schema-attribute=\"\"><span style=\"font-weight: 400\">gi\u00e1 ph\u1eb3ng 4 t\u1ea7ng<\/span><\/a><span style=\"font-weight: 400\">, <\/span><a href=\"https:\/\/thucpham.com\/gia-phang-3-tang-viet-nam\/\" target=\"_blank\" rel=\"noopener\" data-schema-attribute=\"\"><span style=\"font-weight: 400\">gi\u00e1 ph\u1eb3ng 3 t\u1ea7ng<\/span><\/a><span style=\"font-weight: 400\">, b\u00e0n inox,&#8230; v\u1edbi m\u1eabu m\u00e3, k\u00edch th\u01b0\u1edbc \u0111a d\u1ea1ng cho kh\u00e1ch h\u00e0ng l\u1ef1a ch\u1ecdn.<\/span><\/p>\n","protected":false},"excerpt":{"rendered":"<ul>\n<li style=\"font-weight: 400\"><span style=\"font-family: helvetica, arial, sans-serif\"><span style=\"font-weight: 400\">Ch\u1ea5t li\u1ec7u <\/span><span style=\"font-weight: 400\">inox 304 POSCO cao c\u1ea5p v\u1edbi \u0111\u1ed9 d\u00e0y 1.0mm<\/span><\/span><\/li>\n<li style=\"font-weight: 400\"><span style=\"font-weight: 400;font-family: helvetica, arial, sans-serif\">C\u00e1c m\u1ed1i h\u00e0n \u0111\u01b0\u1ee3c che ph\u1ee7 b\u1eb1ng kh\u00ed Argon tr\u00e1nh oxy h\u00f3a<\/span><\/li>\n<li style=\"font-weight: 400\"><span style=\"font-weight: 400;font-family: helvetica, arial, sans-serif\">4 ch\u00e2n tr\u1ee5 c\u00f3 k\u00edch c\u1ee1 40x40mm ch\u1ecbu l\u1ef1c<\/span><\/li>\n<li style=\"font-weight: 400\"><span style=\"font-weight: 400;font-family: helvetica, arial, sans-serif\">Lan can 3 m\u1eb7t gi\u00fap gi\u1eef \u0111\u1ed3 d\u00f9ng kh\u00f4ng b\u1ecb r\u01a1i<\/span><\/li>\n<li style=\"font-weight: 400\"><span style=\"font-weight: 400;font-family: helvetica, arial, sans-serif\">\u0110a d\u1ea1ng c\u00f4ng n\u0103ng s\u1eed d\u1ee5ng: \u00fap ch\u00e9n b\u00e1t \u0111\u0129a, \u0111\u1ec3 d\u1ee5ng c\u1ee5 nh\u00e0 b\u1ebfp, gia v\u1ecb<\/span><\/li>\n<\/ul>\n","protected":false},"featured_media":35882,"comment_status":"open","ping_status":"closed","template":"","meta":[],"product_cat":[198,467],"product_tag":[],"_links":{"self":[{"href":"https:\/\/thucpham.com\/vinacom\/wp-json\/wp\/v2\/product\/9209"}],"collection":[{"href":"https:\/\/thucpham.com\/vinacom\/wp-json\/wp\/v2\/product"}],"about":[{"href":"https:\/\/thucpham.com\/vinacom\/wp-json\/wp\/v2\/types\/product"}],"replies":[{"embeddable":true,"href":"https:\/\/thucpham.com\/vinacom\/wp-json\/wp\/v2\/comments?post=9209"}],"wp:featuredmedia":[{"embeddable":true,"href":"https:\/\/thucpham.com\/vinacom\/wp-json\/wp\/v2\/media\/35882"}],"wp:attachment":[{"href":"https:\/\/thucpham.com\/vinacom\/wp-json\/wp\/v2\/media?parent=9209"}],"wp:term":[{"taxonomy":"product_cat","embeddable":true,"href":"https:\/\/thucpham.com\/vinacom\/wp-json\/wp\/v2\/product_cat?post=9209"},{"taxonomy":"product_tag","embeddable":true,"href":"https:\/\/thucpham.com\/vinacom\/wp-json\/wp\/v2\/product_tag?post=9209"}],"curies":[{"name":"wp","href":"https:\/\/api.w.org\/{rel}","templated":true}]}}