{"id":9206,"date":"2020-06-27T17:27:45","date_gmt":"2020-06-27T17:27:45","guid":{"rendered":"https:\/\/thucpham.com\/?post_type=product&#038;p=9206"},"modified":"2024-10-29T08:17:00","modified_gmt":"2024-10-29T01:17:00","slug":"ban-inox-cua-truot-viet-nam","status":"publish","type":"product","link":"https:\/\/thucpham.com\/vinacom\/ban-inox-cua-truot-viet-nam\/","title":{"rendered":"B\u00e0n Inox C\u1eeda Tr\u01b0\u1ee3t Vi\u1ec7t Nam"},"content":{"rendered":"<h2><span style=\"font-size: 80%\"><b> M\u00f4 T\u1ea3 S\u1ea3n Ph\u1ea9m<\/b><\/span><\/h2>\n<p style=\"text-align: justify\"><span style=\"font-weight: 400\">Trong qu\u00e1 tr\u00ecnh ch\u1ebf bi\u1ebfn th\u1ef1c ph\u1ea9m \u0111\u1ec3 b\u1ea3o \u0111\u1ea3m v\u1ec7 sinh an to\u00e0n th\u1ef1c ph\u1ea9m th\u00ec b\u1ea1n n\u00ean c\u1ea7n c\u00f3 m\u1ed9t chi\u1ebfc t\u1ee7 \u0111\u1ec3 \u0111\u1ed3 nh\u1eb1m tr\u00e1nh ru\u1ed3i mu\u1ed7i, b\u1ee5i b\u1ea9n b\u00e1m v\u00e0o.<\/span> <span style=\"font-weight: 400\">Trong s\u1ed1 nh\u1eefng lo\u1ea1i b\u00e0n, t\u1ee7 cho nh\u00e0 b\u1ebfp th\u00ec <\/span><strong>b\u00e0n inox c\u1eeda tr\u01b0\u1ee3t Vi\u1ec7t Nam<\/strong><span style=\"font-weight: 400\"> l\u00e0 m\u1ed9t trong nh\u1eefng thi\u1ebft b\u1ecb nh\u00e0 b\u1ebfp ho\u00e0n h\u1ea3o cho qu\u00e1n \u0103n, b\u1ebfp \u0103n c\u1ee7a c\u00e1c nh\u00e0 h\u00e0ng, kh\u00e1ch s\u1ea1n, resort\u2026 hay th\u1eadm ch\u00ed l\u00e0 b\u1ebfp gia \u0111\u00ecnh. <\/span><span style=\"font-weight: 400\">Chi\u1ebfc b\u00e0n c\u00f3 thi\u1ebft k\u1ebf ti\u1ec7n l\u1ee3i, \u0111\u00e1p \u1ee9ng t\u1ed1t c\u00f4ng n\u0103ng \u00fap ch\u00e9n b\u00e1t, \u0111\u1ec3 c\u00e1c lo\u1ea1i d\u1ee5ng c\u1ee5 nh\u00e0 b\u1ebfp, c\u00e1c lo\u1ea1i \u0111\u1ed3 kh\u00f4 hay gia v\u1ecb. Ngo\u00e0i ra, s\u1ea3n ph\u1ea9m c\u00f2n \u0111\u01b0\u1ee3c l\u00e0m b\u1eb1ng inox cao c\u1ea5p, s\u00e1ng b\u00f3ng, \u0111\u1ed9 b\u1ec1n cao c\u00f9ng thi\u1ebft k\u1ebf c\u1eeda l\u00f9a n\u00ean ti\u1ebft ki\u1ec7m \u0111\u01b0\u1ee3c kh\u00f4ng gian khu b\u1ebfp. D\u00f9 b\u1ea1n l\u1ef1a ch\u1ecdn \u0111\u1eb7t \u1edf v\u1ecb tr\u00ed n\u00e0o th\u00ec chi\u1ebfc b\u00e0n inox c\u1eeda tr\u01b0\u1ee3t c\u0169ng khi\u1ebfn kh\u00f4ng gian tr\u1edf l\u00ean sang tr\u1ecdng v\u00e0 g\u1ecdn g\u00e0ng.<\/span><\/p>\n<p><img class=\"aligncenter\" title=\"B\u00e0n Inox C\u1eeda Tr\u01b0\u1ee3t Vi\u1ec7t Nam\" src=\"https:\/\/thucpham.com\/wp-content\/uploads\/2020\/06\/ban-inox-cua-truot-viet-nam-05.jpg\" alt=\"B\u00e0n Inox C\u1eeda Tr\u01b0\u1ee3t Vi\u1ec7t Nam\" width=\"820\" height=\"656\"><\/p>\n<p style=\"text-align: center\"><span style=\"font-family: helvetica, arial, sans-serif\"><em>Th\u00f4ng tin s\u1ea3n ph\u1ea9m <i>b\u00e0n <\/i><i>inox c\u1eeda tr\u01b0\u1ee3t Vi\u1ec7t Nam<\/i><\/em><\/span><\/p>\n<h2><span style=\"font-size: 80%\"><b> \u01afu \u0110i\u1ec3m C\u1ee7a S\u1ea3n Ph\u1ea9m<\/b><\/span><\/h2>\n<h3><span style=\"font-size: 80%\"><b>S\u1ea3n Xu\u1ea5t T\u1eeb Inox Cao C\u1ea5p<\/b><\/span><\/h3>\n<p><i><span style=\"font-weight: 400\">B\u00e0n inox c\u1eeda tr\u01b0\u1ee3t Vi\u1ec7t Nam <\/span><\/i><span style=\"font-weight: 400\">\u0111\u01b0\u1ee3c l\u00e0m t\u1eeb inox cao c\u1ea5p, \u0111\u00f3 l\u00e0 inox 304 POSCO d\u00e0y 0.8-1.0 mm, ch\u1ed1ng g\u1ec9 s\u00e9t hi\u1ec7u qu\u1ea3 n\u00ean kh\u1ecfi b\u00e0n v\u1ec1 t\u00ednh ch\u1ecbu l\u1ef1c v\u00e0 \u0111\u1ed9 b\u1ec1n ch\u1eafc c\u1ee7a lo\u1ea1i b\u00e0n n\u00e0y. S\u1eed d\u1ee5ng ch\u1ea5t li\u1ec7u inox b\u1ea1n s\u1ebd kh\u00f4ng ph\u1ea3i lo g\u1eb7p c\u00e1c v\u1ea5n \u0111\u1ec1 nh\u01b0 b\u1ecb \u0103n m\u00f2n, hoen g\u1ec9, hay oxy h\u00f3a. Tr\u00e1i l\u1ea1i, ch\u1ea5t li\u1ec7u <\/span><a href=\"https:\/\/vi.wikipedia.org\/wiki\/Th%C3%A9p_kh%C3%B4ng_g%E1%BB%89\" target=\"_blank\" rel=\"noopener nofollow\" data-schema-attribute=\"\"><span style=\"font-weight: 400\">th\u00e9p kh\u00f4ng g\u1ec9<\/span><\/a><span style=\"font-weight: 400\"> n\u00e0y c\u00f3 kh\u1ea3 n\u0103ng ch\u1ecbu \u0111\u01b0\u1ee3c nhi\u1ec7t \u0111\u1ed9 cao, lu\u00f4n s\u00e1ng b\u00f3ng v\u00e0 c\u00f3 \u0111\u1ed9 b\u1ec1n v\u01b0\u1ee3t tr\u1ed9i h\u01a1n c\u00e1c v\u1eadt li\u1ec7u kh\u00e1c. Kh\u00f4ng ch\u1ec9 v\u1eady, ch\u1ea5t li\u1ec7u inox c\u00f2n lu\u00f4n s\u00e1ng b\u00f3ng, d\u1ec5 lau ch\u00f9i, b\u1ec1n m\u00e0u theo th\u1eddi gian, l\u00fac n\u00e0o c\u0169ng tr\u00f4ng nh\u01b0 m\u1edbi.<\/span><\/p>\n<h3><span style=\"font-size: 80%\"><b>Thi\u1ebft K\u1ebf Hi\u1ec7n \u0110\u1ea1i, Ti\u1ec7n L\u1ee3i<\/b><\/span><\/h3>\n<p><span style=\"font-weight: 400\">T\u1ea7ng d\u01b0\u1edbi c\u1ee7a b\u00e0n inox c\u1eeda tr\u01b0\u1ee3t Vi\u1ec7t Nam \u0111\u01b0\u1ee3c thi\u1ebft k\u1ebf c\u1eeda c\u00e1nh l\u00f9a v\u00e0 cho ph\u00e9p m\u1edf b\u1eb1ng c\u1ea3 2 c\u00e1nh mang \u0111\u1ebfn s\u1ef1 ti\u1ec7n l\u1ee3i cho ng\u01b0\u1eddi s\u1eed d\u1ee5ng. Thi\u1ebft k\u1ebf c\u1eeda tr\u01b0\u1ee3t kh\u00f4ng ch\u1ec9 gi\u00fap ti\u1ebft ki\u1ec7m di\u1ec7n t\u00edch kh\u00f4ng gian l\u1eafp \u0111\u1eb7t m\u00e0 c\u00f2n gi\u00fap ti\u1ebft ki\u1ec7m c\u00f4ng s\u1ee9c khi m\u1edf c\u1eeda t\u1ee7. Ngo\u00e0i ra, ph\u1ea7n m\u1eb7t b\u00e0n tr\u00ean \u0111\u01b0\u1ee3c l\u00e0m b\u1eb1ng ph\u1eb3ng, ch\u1ecbu l\u1ef1c t\u1ed1t, c\u00f3 th\u1ec3 s\u1eed d\u1ee5ng \u0111\u1ec3 s\u01a1 ch\u1ebf th\u1ef1c ph\u1ea9m hay \u0111\u1ec3 b\u00e0y c\u00e1c m\u00f3n \u0103n \u0111\u00e3 ch\u1ebf bi\u1ebfn xong. Ph\u1ea7n ch\u00e2n b\u00e0n c\u00f3 th\u1ec3 \u0111i\u1ec1u ch\u1ec9nh cao th\u1ea5p theo nhu c\u1ea7u, m\u1ee5c \u0111\u00edch s\u1eed d\u1ee5ng.&nbsp;<\/span><\/p>\n<h3><span style=\"font-size: 80%\"><b>An To\u00e0n Cho Ng\u01b0\u1eddi S\u1eed D\u1ee5ng<\/b><\/span><\/h3>\n<p><span style=\"font-weight: 400\">C\u00e1c n\u1ebfp g\u1ea5p c\u1ea1nh b\u00e0n \u0111\u01b0\u1ee3c th\u1ef1c hi\u1ec7n b\u1eb1ng m\u00e1y ch\u1ea5n th\u1ee7y l\u1ef1c t\u1ea1o vi\u1ec1n g\u1ea5p c\u1eaft \u0111\u1eb9p \u0111\u1ebd v\u00e0 vu\u00f4ng v\u1eafn. C\u00e1c g\u00f3c c\u1ea1nh b\u00e0n \u0111\u01b0\u1ee3c m\u00e0i nh\u1eb5n b\u00f3ng n\u00ean \u0111\u1ea3m b\u1ea3o an to\u00e0n cho ng\u01b0\u1eddi d\u00f9ng khi c\u00f3 v\u00f4 t\u00ecnh va ch\u1ea1m v\u00e0o m\u00e0 kh\u00f4ng g\u00e2y ra tr\u1ea7y x\u01b0\u1edbc. B\u00ean c\u1ea1nh \u0111\u00f3, c\u00e1c m\u1ed1i h\u00e0n <\/span><span style=\"font-weight: 400\">\u0111\u01b0\u1ee3c che l\u1ea1i b\u1eb1ng kh\u00ed Argon ch\u1ed1ng oxy h\u00f3a, n\u00e2ng cao tu\u1ed5i th\u1ecd cho b\u00e0n.&nbsp;<\/span><\/p>\n<h3><span style=\"font-size: 80%\"><b>Kh\u00e2u V\u1ec7 Sinh Thu\u1eadn Ti\u1ec7n<\/b><\/span><\/h3>\n<p><span style=\"font-weight: 400\">Do <\/span><i><span style=\"font-weight: 400\">b\u00e0n inox c\u1eeda tr\u01b0\u1ee3t Vi\u1ec7t Nam <\/span><\/i><span style=\"font-weight: 400\">\u0111\u01b0\u1ee3c l\u00e0m b\u1eb1ng ch\u1ea5t li\u1ec7u inox n\u00ean vi\u1ec7c lau ch\u00f9i, v\u1ec7 sinh b\u00e0n c\u1ee7a b\u1ea1n v\u00f4 c\u00f9ng g\u1ecdn nh\u1eb9, d\u1ec5 d\u00e0ng. B\u1ea1n s\u1ebd kh\u00f4ng m\u1ea5t nhi\u1ec1u th\u1eddi gian v\u00e0 c\u00f4ng s\u1ee9c \u0111\u1ec3 lau d\u1ecdn ch\u00fang.&nbsp;<\/span><\/p>\n<p><img class=\"aligncenter wp-image-35859 size-full\" title=\"\u01afu \u0111i\u1ec3m b\u00e0n inox c\u1eeda tr\u01b0\u1ee3t Vi\u1ec7t Nam\" src=\"https:\/\/thucpham.com\/wp-content\/uploads\/2020\/06\/ban-inox-cua-truot-viet-nam-005.jpg\" alt=\"B\u00e0n inox c\u1eeda tr\u01b0\u1ee3t Vi\u1ec7t Nam\" width=\"820\" height=\"656\" srcset=\"https:\/\/thucpham.com\/vinacom\/wp-content\/uploads\/2020\/06\/ban-inox-cua-truot-viet-nam-005.jpg 820w, https:\/\/thucpham.com\/vinacom\/wp-content\/uploads\/2020\/06\/ban-inox-cua-truot-viet-nam-005-300x240.jpg 300w, https:\/\/thucpham.com\/vinacom\/wp-content\/uploads\/2020\/06\/ban-inox-cua-truot-viet-nam-005-768x614.jpg 768w, https:\/\/thucpham.com\/vinacom\/wp-content\/uploads\/2020\/06\/ban-inox-cua-truot-viet-nam-005-24x19.jpg 24w, https:\/\/thucpham.com\/vinacom\/wp-content\/uploads\/2020\/06\/ban-inox-cua-truot-viet-nam-005-36x29.jpg 36w, https:\/\/thucpham.com\/vinacom\/wp-content\/uploads\/2020\/06\/ban-inox-cua-truot-viet-nam-005-48x38.jpg 48w, https:\/\/thucpham.com\/vinacom\/wp-content\/uploads\/2020\/06\/ban-inox-cua-truot-viet-nam-005-510x408.jpg 510w\" sizes=\"(max-width: 820px) 100vw, 820px\" \/><\/p>\n<h2><span style=\"font-size: 80%\"><b> \u1ee8ng D\u1ee5ng Th\u1ef1c Ti\u1ec5n<\/b><\/span><\/h2>\n<p><span style=\"font-weight: 400\">Ch\u1ee9c n\u0103ng ch\u00ednh c\u1ee7a <\/span><i><span style=\"font-weight: 400\">b\u00e0n inox c\u1eeda tr\u01b0\u1ee3t Vi\u1ec7t Nam<\/span><\/i><span style=\"font-weight: 400\"> l\u00e0 gi\u00fap b\u1ea3o qu\u1ea3n \u0111\u01b0\u1ee3c c\u00e1c d\u1ee5ng c\u1ee5 trong c\u00e1c khu ch\u1ebf hay trong nh\u00e0 b\u1ebfp m\u00e0 kh\u00f4ng s\u1ee3 b\u1ecb b\u1ee5i b\u1eb7m hay c\u00f4n tr\u00f9ng bay v\u00e0o g\u00e2y m\u1ea5t v\u1ec7 sinh. Do v\u1eady, s\u1ea3n ph\u1ea9m \u0111\u01b0\u1ee3c s\u1eed d\u1ee5ng r\u1ed9ng r\u00e3i trong c\u00e1c kh\u00e1ch s\u1ea1n, tr\u01b0\u1eddng h\u1ecdc, nh\u00e0 h\u00e0ng, canteen&#8230;gi\u00fap khu b\u1ebfp th\u00eam ng\u0103n n\u1eafp v\u00e0 \u0111\u1eb9p m\u1eaft.&nbsp;<\/span><\/p>\n<h2><span style=\"font-size: 80%\"><b> L\u01b0u \u00dd Khi S\u1eed D\u1ee5ng<\/b><\/span><\/h2>\n<ul>\n<li><span style=\"font-weight: 400\">Th\u01b0\u1eddng xuy\u00ean v\u1ec7 sinh, lau ch\u00f9i b\u00e0n s\u1ea1ch s\u1ebd sau m\u1ed7i l\u1ea7n s\u1eed d\u1ee5ng. Kh\u00f4ng n\u00ean \u0111\u1ec3 c\u00e1c t\u1ea1p ch\u1ea5t nh\u01b0 axit, mu\u1ed1i, d\u1ea7u m\u1ee1 b\u00e1m v\u00e0o t\u1ee7 v\u00ec nh\u01b0 v\u1eady s\u1ebd l\u00e0m gi\u1ea3m tu\u1ed5i th\u1ecd v\u00e0 \u0111\u1ed9 s\u00e1ng b\u00f3ng.&nbsp;<\/span><\/li>\n<li><span style=\"font-weight: 400\">Tr\u00e1nh d\u00f9ng c\u1ecd s\u1eaft \u0111\u1ec3 c\u1ecd b\u00e0n thay v\u00e0o \u0111\u00f3 d\u00f9ng kh\u0103n m\u1ec1m nh\u00fang v\u00e0o n\u01b0\u1edbc \u1ea5m \u0111\u1ec3 lau v\u1ebft b\u1ea9n.&nbsp;<\/span><\/li>\n<\/ul>\n<p><span style=\"font-weight: 400\">Nh\u00ecn chung, b\u00e0n inox c\u1eeda tr\u01b0\u1ee3t Vi\u1ec7t Nam l\u00e0 m\u1ed9t thi\u1ebft b\u1ecb kh\u00f4ng ch\u1ec9 c\u00f3 gi\u00e1 th\u00e0nh ph\u00f9 h\u1ee3p v\u1edbi m\u1ecdi kh\u00e1ch h\u00e0ng (gi\u00e1 ni\u00eam y\u1ebft l\u00e0<\/span><b> 6.400.000 VND<\/b>)<span style=\"font-weight: 400\"> m\u00e0 c\u00f2n mang l\u1ea1i nhi\u1ec1u \u1ee9ng d\u1ee5ng ti\u1ec7n l\u1ee3i cho m\u1ed7i c\u0103n b\u1ebfp, \u0111\u1ea3m b\u1ea3o \u0111\u1ed9 an to\u00e0n cho ng\u01b0\u1eddi s\u1eed d\u1ee5ng. Thi\u1ebft k\u1ebf c\u1eeda tr\u01b0\u1ee3t l\u00e0 m\u1ed9t \u01b0u \u0111i\u1ec3m n\u1ed5i tr\u1ed9i c\u1ee7a s\u1ea3n ph\u1ea9m, ch\u1ec9 c\u1ea7n d\u00f9ng tay \u0111\u1ea9y nh\u1eb9 v\u1ec1 m\u1ed9t ph\u00eda khi khi \u0111\u00f3ng ho\u1eb7c m\u1edf c\u1eeda t\u1ee7 v\u1eeba kh\u00f4ng t\u1ed1n s\u1ee9c v\u1eeba ti\u1ebft ki\u1ec7m \u0111\u01b0\u1ee3c kho\u1ea3ng kh\u00f4ng gian trong khu b\u1ebfp so v\u1edbi thi\u1ebft k\u1ebf c\u1eeda m\u1edf.&nbsp;<\/span><\/p>\n<p><span style=\"font-weight: 400\">N\u1ebfu b\u1ea1n \u0111ang c\u00f3 nhu c\u1ea7u t\u00ecm hi\u1ec3u v\u1ec1<\/span><i><span style=\"font-weight: 400\"> b\u00e0n inox c\u1eeda tr\u01b0\u1ee3t Vi\u1ec7t Nam<\/span><\/i><span style=\"font-weight: 400\"> th\u00ec h\u00e3y li\u00ean h\u1ec7 ngay v\u1edbi ch\u00fang t\u00f4i \u0111\u1ec3 \u0111\u01b0\u1ee3c t\u01b0 v\u1ea5n chi ti\u1ebft v\u00e0 nhanh nh\u1ea5t. <\/span><b>ThucPham.com<\/b><span style=\"font-weight: 400\"> t\u1ef1 h\u00e0o l\u00e0 \u0111\u01a1n v\u1ecb chuy\u00ean cung c\u1ea5p c\u00e1c lo\u1ea1i <\/span><a href=\"https:\/\/thucpham.com\/thiet-bi-inox-dung-cu-bep-inox\/\" target=\"_blank\" rel=\"noopener\" data-schema-attribute=\"\"><span style=\"font-weight: 400\">thi\u1ebft b\u1ecb inox nh\u00e0 b\u1ebfp<\/span><\/a><span style=\"font-weight: 400\"> v\u1edbi m\u1eabu m\u00e3 \u0111a d\u1ea1ng v\u00e0 gi\u00e1 th\u00e0nh c\u1ea1nh tranh. Ngo\u00e0i b\u00e0n c\u1eeda tr\u01b0\u1ee3t, t\u1ea1i \u0111\u00e2y kh\u00e1ch h\u00e0ng c\u00f2n r\u1ea5t nhi\u1ec1u l\u1ef1a ch\u1ecdn cho c\u0103n b\u1ebfp c\u1ee7a m\u00ecnh nh\u01b0 <\/span><a href=\"https:\/\/thucpham.com\/ban-inox-3-tang-viet-nam\/\" target=\"_blank\" rel=\"noopener\" data-schema-attribute=\"\"><span style=\"font-weight: 400\">b\u00e0n inox 3 t\u1ea7ng<\/span><\/a><span style=\"font-weight: 400\">, <\/span><a href=\"https:\/\/thucpham.com\/ban-inox-trung-gian-viet-nam\/\" target=\"_blank\" rel=\"noopener\" data-schema-attribute=\"\"><span style=\"font-weight: 400\">b\u00e0n inox trung gian<\/span><\/a><span style=\"font-weight: 400\">, b\u00e0n inox 1 gi\u00e1 nan d\u01b0\u1edbi,&#8230; <\/span><span style=\"font-weight: 400\">\u0111\u1ea3m b\u1ea3o ch\u1ea5t l\u01b0\u1ee3ng cho ng\u01b0\u1eddi s\u1eed d\u1ee5ng.<\/span><\/p>\n","protected":false},"excerpt":{"rendered":"<ul>\n<li style=\"font-weight: 400\"><span style=\"font-weight: 400;font-family: helvetica, arial, sans-serif\">S\u1ea3n xu\u1ea5t b\u1eb1ng ch\u1ea5t li\u1ec7u inox 304 POSCO cao c\u1ea5p<\/span><\/li>\n<li style=\"font-weight: 400\"><span style=\"font-weight: 400;font-family: helvetica, arial, sans-serif\">M\u1ed1i h\u00e0n \u0111\u01b0\u1ee3c che l\u1ea1i b\u1eb1ng kh\u00ed Argon ch\u1ed1ng oxy h\u00f3a<\/span><\/li>\n<li style=\"font-weight: 400\"><span style=\"font-weight: 400;font-family: helvetica, arial, sans-serif\">Thi\u1ebft k\u1ebf c\u00e1nh c\u1eeda l\u00f9a, ti\u1ec7n l\u1ee3i khi s\u1eed d\u1ee5ng<\/span><\/li>\n<li style=\"font-weight: 400\"><span style=\"font-weight: 400;font-family: helvetica, arial, sans-serif\">\u0110\u1ebf ch\u00e2n b\u00e0n v\u1eefng ch\u1eafc, linh ho\u1ea1t \u0111i\u1ec1u ch\u1ec9nh \u0111\u1ed9 cao<\/span><\/li>\n<li style=\"font-weight: 400\"><span style=\"font-weight: 400;font-family: helvetica, arial, sans-serif\">M\u1eb7t b\u00e0n c\u00f3 th\u1ec3 d\u00f9ng \u0111\u1ec3 s\u01a1 ch\u1ebf th\u1ef1c ph\u1ea9m<\/span><\/li>\n<\/ul>\n","protected":false},"featured_media":35864,"comment_status":"open","ping_status":"closed","template":"","meta":[],"product_cat":[198,467],"product_tag":[],"_links":{"self":[{"href":"https:\/\/thucpham.com\/vinacom\/wp-json\/wp\/v2\/product\/9206"}],"collection":[{"href":"https:\/\/thucpham.com\/vinacom\/wp-json\/wp\/v2\/product"}],"about":[{"href":"https:\/\/thucpham.com\/vinacom\/wp-json\/wp\/v2\/types\/product"}],"replies":[{"embeddable":true,"href":"https:\/\/thucpham.com\/vinacom\/wp-json\/wp\/v2\/comments?post=9206"}],"wp:featuredmedia":[{"embeddable":true,"href":"https:\/\/thucpham.com\/vinacom\/wp-json\/wp\/v2\/media\/35864"}],"wp:attachment":[{"href":"https:\/\/thucpham.com\/vinacom\/wp-json\/wp\/v2\/media?parent=9206"}],"wp:term":[{"taxonomy":"product_cat","embeddable":true,"href":"https:\/\/thucpham.com\/vinacom\/wp-json\/wp\/v2\/product_cat?post=9206"},{"taxonomy":"product_tag","embeddable":true,"href":"https:\/\/thucpham.com\/vinacom\/wp-json\/wp\/v2\/product_tag?post=9206"}],"curies":[{"name":"wp","href":"https:\/\/api.w.org\/{rel}","templated":true}]}}