{"id":9203,"date":"2020-06-27T17:24:10","date_gmt":"2020-06-27T17:24:10","guid":{"rendered":"https:\/\/thucpham.com\/?post_type=product&#038;p=9203"},"modified":"2024-03-13T08:45:31","modified_gmt":"2024-03-13T01:45:31","slug":"ban-inox-trung-gian-viet-nam","status":"publish","type":"product","link":"https:\/\/thucpham.com\/vinacom\/ban-inox-trung-gian-viet-nam\/","title":{"rendered":"B\u00e0n Inox Trung Gian Vi\u1ec7t Nam"},"content":{"rendered":"<h2><span style=\"font-size: 80%\"><b>M\u00f4 T\u1ea3 S\u1ea3n Ph\u1ea9m<\/b><\/span><\/h2>\n<p><span style=\"font-weight: 400\">Ng\u00e0y nay, c\u00e1c lo\u1ea1i b\u00e0n inox, gi\u00e1 ph\u1eb3ng th\u01b0\u1eddng \u0111\u01b0\u1ee3c s\u1eed d\u1ee5ng nhi\u1ec1u trong c\u00e1c gian b\u1ebfp b\u1edfi ch\u00fang mang l\u1ea1i nhi\u1ec1u ti\u1ec7n l\u1ee3i, gi\u00e1 tr\u1ecb s\u1eed d\u1ee5ng cao.&nbsp;<\/span><\/p>\n<p style=\"text-align: justify\"><strong>B\u00e0n inox trung gian Vi\u1ec7t Nam<\/strong><span style=\"font-weight: 400\"> \u0111\u01b0\u1ee3c xem nh\u01b0 m\u1ed9t trong nh\u1eefng thi\u1ebft k\u1ebf chuy\u00ean d\u00f9ng \u0111\u1ec3 c\u00e1c d\u1ee5ng c\u1ee5 nh\u00e0 b\u1ebfp, s\u01a1 ch\u1ebf th\u1ef1c ph\u1ea9m hay b\u00e0n \u0111\u1ec3 th\u1ee9c \u0103n trong c\u00e1c khu b\u1ebfp c\u00f4ng nghi\u1ec7p, kh\u00e1ch s\u1ea1n, nh\u00e0 h\u00e0ng,&#8230; gi\u00fap ti\u1ebft ki\u1ec7m kh\u00f4ng gian s\u1eed d\u1ee5ng. Nh\u00ecn chung, <em>b\u00e0n inox trung gian Vi\u1ec7t Nam<\/em> l\u00e0 m\u1ed9t l\u1ef1a ch\u1ecdn ho\u00e0n h\u1ea3o cho m\u1ecdi m\u00f4 h\u00ecnh, kh\u00f4ng gian b\u1ebfp d\u00f9 l\u1edbn hay nh\u1ecf. <\/span><\/p>\n<p><img class=\"aligncenter\" src=\"https:\/\/thucpham.com\/wp-content\/uploads\/2020\/06\/ban-inox-trung-gian-viet-nam-005.jpg\" alt=\"B\u00e0n Inox Trung Gian Vi\u1ec7t Nam\" width=\"820\" height=\"656\" title=\"\"><\/p>\n<p style=\"text-align: center\"><span style=\"font-family: helvetica, arial, sans-serif\"><i>B\u00e0n inox trung gian Vi\u1ec7t Nam<\/i><\/span><\/p>\n<h2><span style=\"font-size: 80%\"><b>\u01afu \u0110i\u1ec3m C\u1ee7a S\u1ea3n Ph\u1ea9m<\/b><\/span><\/h2>\n<h3><span style=\"font-size: 80%\"><b>C\u1ea5u T\u1ea1o Ch\u1eafc Ch\u1eafn<\/b><\/span><\/h3>\n<p><i><span style=\"font-weight: 400\">B\u00e0n inox trung gian Vi\u1ec7t Nam <\/span><\/i><span style=\"font-weight: 400\">\u0111\u01b0\u1ee3c s\u1ea3n xu\u1ea5t b\u1eb1ng ch\u1ea5t li\u1ec7u inox n\u00ean c\u00f3 kh\u1ea3 n\u0103ng ch\u1ed1ng ch\u1ecbu cao tr\u01b0\u1edbc m\u1ecdi m\u00f4i tr\u01b0\u1eddng kh\u1eafc nghi\u1ec7t. <\/span><span style=\"font-weight: 400\">C\u00e1c b\u1ed9 ph\u1eadn c\u1ee7a b\u00e0n \u0111\u01b0\u1ee3c h\u00e0n nhi\u1ec7t c\u1ee9ng, \u0111\u1ea3m b\u1ea3o \u0111\u1ed9 ch\u1eafc ch\u1eafn cho s\u1ea3n ph\u1ea9m. Ngo\u00e0i ra, ch\u00e2n b\u00e0n h\u00ecnh \u1ed1ng c\u00f3 \u0111\u01b0\u1eddng k\u00ednh 20mm, \u0111\u01b0\u1ee3c li\u00ean k\u1ebft v\u1edbi nhau b\u1eb1ng c\u00e1c thanh gi\u1eb1ng t\u1ea1o s\u1ef1 v\u1eefng ch\u1eafc cho b\u00e0n trong qu\u00e1 tr\u00ecnh s\u1eed d\u1ee5ng. S\u1ea3n ph\u1ea9m c\u00f2n \u0111\u01b0\u1ee3c thi\u1ebft k\u1ebf th\u00eam ph\u1ea7n g\u00e1y ph\u00eda sau, gi\u00fap c\u1ed1 \u0111\u1ecbnh thi\u1ebft b\u1ecb c\u0169ng nh\u01b0 gi\u00fap ng\u0103n gi\u1eefa v\u00e1ch t\u01b0\u1eddng kh\u00f4ng b\u1ecb \u1ea3nh h\u01b0\u1edfng khi k\u00ea s\u00e1t b\u00e0n v\u00e0o.<\/span><\/p>\n<h3><span style=\"font-size: 80%\"><b>An To\u00e0n V\u00e0 Ti\u1ec7n L\u1ee3i Khi S\u1eed D\u1ee5ng<\/b><\/span><\/h3>\n<p><span style=\"font-weight: 400\">C\u00e1c c\u1ea1nh c\u1ee7a<\/span><i><span style=\"font-weight: 400\"> b\u00e0n inox trung gian Vi\u1ec7t Nam<\/span><\/i><span style=\"font-weight: 400\"> \u0111\u01b0\u1ee3c m\u00e0i m\u00f2n k\u1ef9 c\u00e0ng v\u00e0 \u0111\u00e1nh b\u00f3ng \u0111\u1ec3 gi\u00fap lo\u1ea1i b\u1ecf nh\u1eefng v\u1ebft c\u1eaft \u0111\u1ec3 \u0111\u1ea3m b\u1ea3o an to\u00e0n khi ng\u01b0\u1eddi d\u00f9ng c\u00f3 l\u1ee1 va ch\u1ea1m v\u00e0o c\u00e1c g\u00f3c c\u1ea1nh. B\u00ean c\u1ea1nh \u0111\u00f3, v\u1edbi thi\u1ebft k\u1ebf ph\u1ea7n g\u00e1y ph\u00eda sau, ng\u01b0\u1eddi d\u00f9ng d\u1ec5 d\u00e0ng thao t\u00e1c, ch\u1ebf bi\u1ebfn th\u1ef1c ph\u1ea9m m\u00e0 kh\u00f4ng s\u1ee3 b\u1ecb v\u0103ng ra ngo\u00e0i. Ch\u00e2n b\u00e0n c\u00f2n c\u00f3 th\u1ec3 \u0111i\u1ec1u ch\u1ec9nh \u0111\u1ed9 cao th\u1ea5p theo t\u1eebng nhu c\u1ea7u s\u1eed d\u1ee5ng \u0111\u1ed3ng th\u1eddi gi\u00fap vi\u1ec7c s\u1eafp x\u1ebfp \u0111\u1ed3 \u0111\u1ea1c d\u1ec5 d\u00e0ng h\u01a1n.&nbsp;<\/span><\/p>\n<h3><span style=\"font-size: 80%\"><b>Ch\u1ea5t Li\u1ec7u Inox Cao C\u1ea5p<\/b><\/span><\/h3>\n<p><span style=\"font-weight: 400\">Chi\u1ebfc b\u00e0n n\u00e0y \u0111\u01b0\u1ee3c s\u1ea3n xu\u1ea5t b\u1eb1ng ch\u1ea5t li\u1ec7u inox cao c\u1ea5p 304 (TC B) v\u00e0 201 (TC C) nh\u1eadp kh\u1ea9u tr\u1ef1c ti\u1ebfp t\u1eeb \u1ea4n \u0110\u1ed9. Lo\u1ea1i inox n\u00e0y v\u1edbi c\u00e1c t\u00ednh n\u0103ng ch\u1ed1ng \u0103n m\u00f2n, ch\u1ed1ng hoen g\u1ec9 theo th\u1eddi gian s\u1ebd gi\u00fap cho s\u1ea3n ph\u1ea9m th\u00eam \u0111\u1ed9 b\u1ec1n, tu\u1ed5i th\u1ecd l\u00e2u d\u00e0i khi ti\u1ebfp x\u00fac v\u1edbi m\u00f4i tr\u01b0\u1eddng nhi\u1ec1u mu\u1ed1i, n\u01b0\u1edbc, v\u00e0 d\u1ea7u m\u1ee1. Kh\u00f4ng ch\u1ec9 v\u1eady, ch\u1ea5t li\u1ec7u inox c\u00f2n gi\u00fap \u0111\u1ea3m b\u1ea3o v\u1ec7 sinh an to\u00e0n th\u1ef1c ph\u1ea9m v\u00e0 gi\u00fap cho vi\u1ec7c v\u1ec7 sinh, lau ch\u00f9i nhanh ch\u00f3ng h\u01a1n. Ch\u1ea5t li\u1ec7u n\u00e0y c\u00f2n gi\u00fap t\u0103ng th\u00eam \u0111\u1ed9 b\u1ec1n, tu\u1ed5i th\u1ecd cho s\u1ea3n ph\u1ea9m khi ti\u1ebfp x\u00fac nhi\u1ec1u v\u1edbi n\u01b0\u1edbc, mu\u1ed1i hay d\u1ea7u m\u1ee1.<\/span> <a href=\"https:\/\/vi.wikipedia.org\/wiki\/Th%C3%A9p_kh%C3%B4ng_g%E1%BB%89\" target=\"_blank\" rel=\"noopener nofollow\" data-schema-attribute=\"\"><span style=\"font-weight: 400\">Ch\u1ea5t li\u1ec7u th\u00e9p kh\u00f4ng g\u1ec9<\/span><\/a><span style=\"font-weight: 400\"> c\u1ee7a b\u00e0n inox trung gian c\u00f2n gi\u00fap \u0111\u1ea3m b\u1ea3o v\u1ec7 sinh an to\u00e0n th\u1ef1c ph\u1ea9m \u0111\u1ed3ng th\u1eddi gi\u00fap ng\u01b0\u1eddi d\u00f9ng d\u1ec5 d\u00e0ng h\u01a1n trong vi\u1ec7c v\u1ec7 sinh, lau ch\u00f9i.<\/span><\/p>\n<p><img class=\"aligncenter wp-image-35870 size-full\" title=\"B\u00e0n Inox Trung Gian Vi\u1ec7t Nam\" src=\"https:\/\/thucpham.com\/wp-content\/uploads\/2020\/06\/ban-inox-trung-gian-viet-nam-001.jpg\" alt=\"B\u00e0n Inox Trung Gian Vi\u1ec7t Nam\" width=\"820\" height=\"656\" srcset=\"https:\/\/thucpham.com\/vinacom\/wp-content\/uploads\/2020\/06\/ban-inox-trung-gian-viet-nam-001.jpg 820w, https:\/\/thucpham.com\/vinacom\/wp-content\/uploads\/2020\/06\/ban-inox-trung-gian-viet-nam-001-300x240.jpg 300w, https:\/\/thucpham.com\/vinacom\/wp-content\/uploads\/2020\/06\/ban-inox-trung-gian-viet-nam-001-768x614.jpg 768w, https:\/\/thucpham.com\/vinacom\/wp-content\/uploads\/2020\/06\/ban-inox-trung-gian-viet-nam-001-24x19.jpg 24w, https:\/\/thucpham.com\/vinacom\/wp-content\/uploads\/2020\/06\/ban-inox-trung-gian-viet-nam-001-36x29.jpg 36w, https:\/\/thucpham.com\/vinacom\/wp-content\/uploads\/2020\/06\/ban-inox-trung-gian-viet-nam-001-48x38.jpg 48w, https:\/\/thucpham.com\/vinacom\/wp-content\/uploads\/2020\/06\/ban-inox-trung-gian-viet-nam-001-510x408.jpg 510w\" sizes=\"(max-width: 820px) 100vw, 820px\" \/><\/p>\n<h2><span style=\"font-size: 80%\"><b> \u1ee8ng D\u1ee5ng Th\u1ef1c T\u1ebf<\/b><\/span><\/h2>\n<p><span style=\"font-weight: 400\">Do <em>b\u00e0n inox trung gian Vi\u1ec7t Nam<\/em> c\u00f3 thi\u1ebft k\u1ebf g\u1ecdn g\u00e0ng, d\u1ec5 di chuy\u1ec3n n\u00ean chi\u1ebfc b\u00e0n n\u00e0y ngo\u00e0i s\u1eed d\u1ee5ng \u1edf c\u00e1c b\u1ebfp c\u00f4ng nghi\u1ec7p, b\u1ebfp nh\u00e0 h\u00e0ng, kh\u00e1ch s\u1ea1n th\u00ec c\u00f2n c\u00f3 th\u1ec3 s\u1eed d\u1ee5ng \u1edf c\u0103n b\u1ebfp gia \u0111\u00ecnh \u0111\u1ec3 gi\u00fap b\u1ebfp g\u1ecdn g\u00e0ng v\u00e0 ng\u0103n n\u1eafp h\u01a1n.&nbsp;<\/span><\/p>\n<h2><span style=\"font-size: 80%\"><b> L\u01b0u \u00dd Khi S\u1eed D\u1ee5ng<\/b><\/span><\/h2>\n<p><span style=\"font-weight: 400\">B\u1ea1n c\u1ea7n l\u01b0u \u00fd m\u1ed9t s\u1ed1 \u0111i\u1ec3m sau khi s\u1eed d\u00f2ng s\u1ea3n ph\u1ea9m<\/span> <i><span style=\"font-weight: 400\">b\u00e0n inox trung gian Vi\u1ec7t Nam:<\/span><\/i><\/p>\n<ul>\n<li style=\"font-weight: 400\"><span style=\"font-weight: 400\">Sau m\u1ed7i l\u1ea7n s\u1eed d\u1ee5ng, b\u1ea1n n\u00ean lau ch\u00f9i s\u1ea1ch s\u1ebd ngay \u0111\u1ec3 tr\u00e1nh c\u00e1c v\u1ebft b\u1ea9n, d\u1ea7u m\u1ee1 b\u00e1m l\u00e2u ng\u00e0y khi\u1ebfn vi\u1ec7c v\u1ec7 sinh m\u1ea5t c\u00f4ng v\u00e0 t\u1ed1n th\u1eddi gian h\u01a1n.&nbsp;<\/span><\/li>\n<li style=\"font-weight: 400\"><span style=\"font-weight: 400\">S\u1eed d\u1ee5ng v\u1ea3i m\u1ec1m c\u00f9ng n\u01b0\u1edbc r\u1eeda chuy\u00ean d\u1ee5ng \u0111\u1ec3 v\u1ec7 sinh b\u00e0n nh\u1eb1m tr\u00e1nh g\u00e2y x\u00e2y x\u00e1t cho b\u00e0n.<\/span><\/li>\n<li style=\"font-weight: 400\"><span style=\"font-weight: 400\">B\u1ea1n n\u00ean l\u01b0u \u00fd v\u1ec1 di\u1ec7n t\u00edch b\u1ebfp \u0111\u1ec3 l\u1ef1a ch\u1ecdn k\u00edch th\u01b0\u1edbc b\u00e0n cho ph\u00f9 h\u1ee3p.&nbsp;<\/span><\/li>\n<\/ul>\n<p><span style=\"font-weight: 400\">B\u00e0n inox trung gian Vi\u1ec7t Nam \u0111ang \u0111\u01b0\u1ee3c <\/span><b>ThucPham.com<\/b><span style=\"font-weight: 400\"> b\u00e1n v\u1edbi gi\u00e1 ni\u00eam y\u1ebft l\u00e0 <strong>1.800.000 VN\u0110<\/strong>. V\u1edbi m\u1ee9c gi\u00e1 ph\u1ea3i ch\u0103ng, s\u1ea3n ph\u1ea9m ph\u00f9 h\u1ee3p v\u1edbi m\u1ecdi \u0111\u1ed1i t\u01b0\u1ee3ng kh\u00e1ch h\u00e0ng, quy m\u00f4 kinh doanh. So v\u1edbi c\u00e1c lo\u1ea1i b\u00e0n b\u1eb1ng t\u00f4n, s\u1eaft, g\u1ed7\u2026 th\u00ec b\u00e0n inox trung gian s\u1edf h\u1eefu nhi\u1ec1u \u01b0u \u0111i\u1ec3m v\u01b0\u1ee3t tr\u1ed9i h\u01a1n nh\u01b0 \u0111\u1ed9 b\u1ec1n l\u00e2u d\u00e0i, d\u1ec5 d\u00e0ng di chuy\u1ec3n, c\u1ea5u t\u1ea1o ch\u1eafc ch\u1eafn v\u00e0 gi\u00e1 th\u00e0nh ph\u00f9 h\u1ee3p gi\u00fap ti\u1ebft ki\u1ec7m chi ph\u00ed v\u00e0 hi\u1ec7u qu\u1ea3 khi s\u1eed d\u1ee5ng.&nbsp;<\/span><\/p>\n<p style=\"text-align: justify\"><span style=\"font-weight: 400\">N\u1ebfu qu\u00fd kh\u00e1ch \u0111ang c\u00f3 nhu c\u1ea7u t\u00ecm hi\u1ec3u v\u1ec1 s\u1ea3n ph\u1ea9m<\/span><i><span style=\"font-weight: 400\"> b\u00e0n inox trung gian Vi\u1ec7t Nam<\/span><\/i><span style=\"font-weight: 400\"> ch\u00ednh h\u00e3ng, ch\u1ea5t l\u01b0\u1ee3ng t\u1ed1t c\u00f9ng gi\u00e1 th\u00e0nh c\u1ea1nh tranh th\u00ec h\u00e3y li\u00ean h\u1ec7 ngay v\u1edbi ch\u00fang t\u00f4i \u0111\u1ec3 \u0111\u01b0\u1ee3c t\u01b0 v\u1ea5n nhanh ch\u00f3ng nh\u1ea5t. Ngo\u00e0i ra, ch\u00fang t\u00f4i c\u00f2n chuy\u00ean cung c\u1ea5p c\u00e1c s\u1ea3n ph\u1ea9m <\/span><a href=\"https:\/\/thucpham.com\/ban-tu-gia-ke-inox\/\" target=\"_blank\" rel=\"noopener\" data-schema-attribute=\"\"><span style=\"font-weight: 400\">thi\u1ebft b\u1ecb b\u1ebfp nh\u00e0 h\u00e0ng<\/span><\/a><span style=\"font-weight: 400\">, b\u1ebfp c\u00f4ng nghi\u1ec7p, b\u1ebfp t\u1eadp th\u1ec3 nh\u01b0 <\/span><a href=\"https:\/\/thucpham.com\/ban-inox-2-gia-nan-duoi-viet-nam\/\" target=\"_blank\" rel=\"noopener\" data-schema-attribute=\"\"><span style=\"font-weight: 400\">b\u00e0n inox 2 gi\u00e1 nan d\u01b0\u1edbi<\/span><\/a><span style=\"font-weight: 400\">, <\/span><a href=\"https:\/\/thucpham.com\/ban-inox-1-gia-nan-duoi-viet-nam\/\" target=\"_blank\" rel=\"noopener\" data-schema-attribute=\"\"><span style=\"font-weight: 400\">b\u00e0n inox 1 gi\u00e1 nan d\u01b0\u1edbi<\/span><\/a><span style=\"font-weight: 400\">, b\u00e0n inox 3 t\u1ea7ng &#8230;\u0111\u1ea3m b\u1ea3o ch\u1ea5t l\u01b0\u1ee3ng c\u00f9ng gi\u00e1 th\u00e0nh c\u1ea1nh tranh nh\u1ea5t.<\/span><\/p>\n","protected":false},"excerpt":{"rendered":"<ul>\n<li style=\"font-weight: 400\"><span style=\"font-weight: 400;font-family: helvetica, arial, sans-serif\">Ch\u1ea5t li\u1ec7u inox cao c\u1ea5p 304 (TC B) v\u00e0 201 (TC C)<\/span><\/li>\n<li style=\"font-weight: 400\"><span style=\"font-weight: 400;font-family: helvetica, arial, sans-serif\">C\u00e1c m\u1ed1i h\u00e0n ch\u1eafc ch\u1eafn, kh\u1ea3 n\u0103ng ch\u1ecbu l\u1ef1c t\u1ed1t<\/span><\/li>\n<li style=\"font-weight: 400\"><span style=\"font-weight: 400;font-family: helvetica, arial, sans-serif\">C\u00f3 th\u1ec3 s\u1eed d\u1ee5ng m\u1eb7t b\u00e0n \u0111\u1ec3 s\u01a1 ch\u1ebf th\u1ef1c ph\u1ea9m<\/span><\/li>\n<li style=\"font-weight: 400\"><span style=\"font-weight: 400;font-family: helvetica, arial, sans-serif\">C\u00e1c g\u00f3c c\u1ea1nh \u0111\u01b0\u1ee3c m\u00e0i gi\u0169a, \u0111\u00e1nh b\u00f3ng, \u0111\u1ea3m b\u1ea3o an to\u00e0n<\/span><\/li>\n<li style=\"font-weight: 400\"><span style=\"font-weight: 400;font-family: helvetica, arial, sans-serif\">Thi\u1ebft k\u1ebf tinh gi\u1ea3n, g\u1ecdn g\u00e0ng<\/span><\/li>\n<\/ul>\n","protected":false},"featured_media":35871,"comment_status":"open","ping_status":"closed","template":"","meta":[],"product_cat":[198,467],"product_tag":[],"_links":{"self":[{"href":"https:\/\/thucpham.com\/vinacom\/wp-json\/wp\/v2\/product\/9203"}],"collection":[{"href":"https:\/\/thucpham.com\/vinacom\/wp-json\/wp\/v2\/product"}],"about":[{"href":"https:\/\/thucpham.com\/vinacom\/wp-json\/wp\/v2\/types\/product"}],"replies":[{"embeddable":true,"href":"https:\/\/thucpham.com\/vinacom\/wp-json\/wp\/v2\/comments?post=9203"}],"wp:featuredmedia":[{"embeddable":true,"href":"https:\/\/thucpham.com\/vinacom\/wp-json\/wp\/v2\/media\/35871"}],"wp:attachment":[{"href":"https:\/\/thucpham.com\/vinacom\/wp-json\/wp\/v2\/media?parent=9203"}],"wp:term":[{"taxonomy":"product_cat","embeddable":true,"href":"https:\/\/thucpham.com\/vinacom\/wp-json\/wp\/v2\/product_cat?post=9203"},{"taxonomy":"product_tag","embeddable":true,"href":"https:\/\/thucpham.com\/vinacom\/wp-json\/wp\/v2\/product_tag?post=9203"}],"curies":[{"name":"wp","href":"https:\/\/api.w.org\/{rel}","templated":true}]}}