{"id":9177,"date":"2020-06-26T21:55:26","date_gmt":"2020-06-26T21:55:26","guid":{"rendered":"https:\/\/thucpham.com\/?post_type=product&#038;p=9177"},"modified":"2022-02-19T11:42:35","modified_gmt":"2022-02-19T04:42:35","slug":"ban-mat-2-canh-kinh-berjaya","status":"publish","type":"product","link":"https:\/\/thucpham.com\/vinacom\/ban-mat-2-canh-kinh-berjaya\/","title":{"rendered":"B\u00e0n M\u00e1t 2 C\u00e1nh K\u00ednh Berjaya B2D\/C4\/600-SM &#8211; B2D\/C5\/600-SM"},"content":{"rendered":"<h2><strong><span style=\"font-size: 85%;\">Th\u00f4ng tin s\u1ea3n ph\u1ea9m<\/span><\/strong><\/h2>\n<p style=\"text-align: justify;\"><span style=\"font-weight: 400;\"><strong>B\u00e0n m\u00e1t 2 c\u00e1nh k\u00ednh Berjaya B2D\/C4\/600-SM &#8211; B2D\/C5\/600-SM<\/strong> t\u1ea1i Vi\u1ec7t Nam hi\u1ec7n nay \u0111ang \u0111\u01b0\u1ee3c nhi\u1ec1u kh\u00e1ch h\u00e0ng \u01b0a chu\u1ed9ng v\u00e0 \u0111\u01b0\u1ee3c nhi\u1ec1u kh\u00e1ch s\u1ea1n, qu\u00e1n bar, nh\u00e0 h\u00e0ng\u2026 tin t\u01b0\u1edfng s\u1eed d\u1ee5ng. Thi\u1ebft b\u1ecb g\u1ed3m 2 c\u00e1nh ti\u1ec7n l\u1ee3i, ki\u1ec3u d\u00e1ng \u0111\u1eb9p, tu\u1ed5i th\u1ecd cao r\u1ea5t thu\u1eadn ti\u1ec7n \u0111\u1ec3 d\u1ef1 tr\u1eef th\u1ef1c ph\u1ea9m.<\/span><\/p>\n<p><img class=\"aligncenter wp-image-11904 size-full\" title=\"B\u00e0n M\u00e1t 2 C\u00e1nh K\u00ednh B2D\/C4\/600-SM - B2D\/C5\/600-SM\" src=\"https:\/\/thucpham.com\/wp-content\/uploads\/2020\/06\/ban-mat-2-canh-kinh-Berjaya.jpg\" alt=\"B\u00e0n M\u00e1t 2 C\u00e1nh K\u00ednh Berjaya B2D\/C4\/600-SM - B2D\/C5\/600-SM\" width=\"820\" height=\"656\" srcset=\"https:\/\/thucpham.com\/vinacom\/wp-content\/uploads\/2020\/06\/ban-mat-2-canh-kinh-Berjaya.jpg 820w, https:\/\/thucpham.com\/vinacom\/wp-content\/uploads\/2020\/06\/ban-mat-2-canh-kinh-Berjaya-300x240.jpg 300w, https:\/\/thucpham.com\/vinacom\/wp-content\/uploads\/2020\/06\/ban-mat-2-canh-kinh-Berjaya-768x614.jpg 768w, https:\/\/thucpham.com\/vinacom\/wp-content\/uploads\/2020\/06\/ban-mat-2-canh-kinh-Berjaya-24x19.jpg 24w, https:\/\/thucpham.com\/vinacom\/wp-content\/uploads\/2020\/06\/ban-mat-2-canh-kinh-Berjaya-36x29.jpg 36w, https:\/\/thucpham.com\/vinacom\/wp-content\/uploads\/2020\/06\/ban-mat-2-canh-kinh-Berjaya-48x38.jpg 48w, https:\/\/thucpham.com\/vinacom\/wp-content\/uploads\/2020\/06\/ban-mat-2-canh-kinh-Berjaya-510x408.jpg 510w\" sizes=\"(max-width: 820px) 100vw, 820px\" \/><\/p>\n<p style=\"text-align: center;\"><em>Th\u00f4ng tin s\u1ea3n ph\u1ea9m b\u00e0n m\u00e1t 2 c\u00e1nh k\u00ednh Berjaya <span style=\"font-weight: 400;\">B2D\/C4\/600-SM &#8211; B2D\/C5\/600-SM<\/span><\/em><\/p>\n<h2><strong><span style=\"font-size: 85%;\">\u01afu \u0111i\u1ec3m b\u00e0n m\u00e1t 2 c\u00e1nh k\u00ednh Berjaya<\/span><\/strong><\/h2>\n<h3><strong><span style=\"font-size: 95%;\">Thi\u1ebft k\u1ebf hi\u1ec7n \u0111\u1ea1i ti\u1ec7n l\u1ee3i<\/span><\/strong><\/h3>\n<p style=\"text-align: justify;\"><span style=\"font-weight: 400;\"><strong>B\u00e0n m\u00e1t 2 c\u00e1nh k\u00ednh Berjaya B2D\/C4\/600-SM &#8211; B2D\/C5\/600-SM <\/strong>\u0111\u01b0\u1ee3c thi\u1ebft k\u1ebf v\u1edbi nh\u1eefng ph\u1ea7n ri\u00eang bi\u1ec7t v\u1edbi v\u1ebb ngo\u00e0i s\u00e1ng b\u00f3ng \u0111em l\u1ea1i s\u1ef1 ti\u1ec7n l\u1ee3i v\u00e0 sang tr\u1ecdng cho kh\u00f4ng gian b\u1ebfp. Khoang \u0111\u1ed9ng c\u01a1 \u0111\u01b0\u1ee3c l\u00e0m k\u00edn v\u1edbi nh\u1eefng d\u00e2y d\u1eabn, \u1ed1ng \u0111\u1ed3ng, lock hay qu\u1ea1t gi\u00f3 \u0111\u01b0\u1ee3c l\u00e0m theo ti\u00eau chu\u1ea9n Ch\u00e2u \u00c2u c\u00f3 kh\u1ea3 n\u0103ng c\u00e1ch nhi\u1ec7t v\u00e0 c\u00e1ch \u0111i\u1ec7n t\u1ed1t. Hai ng\u0103n t\u1ee7 \u0111\u1ef1ng nguy\u00ean v\u1eadt li\u1ec7u \u0111\u01b0\u1ee3c trang b\u1ecb c\u00e1c gi\u00e1 \u0111\u1ee1 gi\u00fap ph\u00e2n chia th\u1ef1c ph\u1ea9m \u0111\u1ea3m b\u1ea3o ch\u00fang kh\u00f4ng \u1ea3nh h\u01b0\u1edfng \u0111\u1ebfn nhau. M\u1eb7t tr\u00ean b\u00e0n m\u00e1t c\u00f2n c\u00f3 th\u1ec3 t\u1eadn d\u1ee5ng l\u00e0m b\u00e0n s\u01a1 ch\u1ebf th\u1ef1c ph\u1ea9m r\u1ea5t ti\u1ec7n l\u1ee3i.<\/span><\/p>\n<h3><strong><span style=\"font-size: 95%;\">C\u1ea5u t\u1ea1o cao c\u1ea5p ch\u1eafc ch\u1eafn<\/span><\/strong><\/h3>\n<p style=\"text-align: justify;\"><span style=\"font-weight: 400;\">M\u1ed9t trong nh\u1eefng \u01b0u \u0111i\u1ec3m c\u1ee7a chi\u1ebfc <strong>b\u00e0n m\u00e1t 2 c\u00e1nh k\u00ednh Berjaya B2D\/C4\/600-SM &#8211; B2D\/C5\/600-SM<\/strong> l\u00e0 to\u00e0n b\u1ed9 ph\u1ea7n th\u00e2n \u0111\u01b0\u1ee3c s\u1ea3n xu\u1ea5t b\u1eb1ng ch\u1ea5t li\u1ec7u <a href=\"https:\/\/vi.wikipedia.org\/wiki\/Th%C3%A9p_kh%C3%B4ng_g%E1%BB%89\" target=\"_blank\" rel=\"noopener nofollow\" data-schema-attribute=\"\">inox cao c\u1ea5p<\/a>, kh\u00f4ng han g\u1ec9 c\u1ed9ng v\u1edbi 2 c\u00e1nh c\u1eeda \u0111\u01b0\u1ee3c l\u00e0m b\u1eb1ng k\u00ednh c\u01b0\u1eddng l\u1ef1c ch\u1ecbu nhi\u1ec7t v\u00e0 l\u1ef1c t\u1ed1t n\u00ean c\u00f3 c\u1ea5u t\u1ea1o v\u00f4 c\u00f9ng ch\u1eafc ch\u1eafn, b\u1ec1n b\u1ec9 theo n\u0103m th\u00e1ng. Th\u00eam v\u00e0o \u0111\u00f3 b\u00e0n m\u00e1t \u0111\u01b0\u1ee3c trang b\u1ecb \u0111\u00e8n <a href=\"https:\/\/vi.wikipedia.org\/wiki\/LED\" target=\"_blank\" rel=\"noopener nofollow\" data-schema-attribute=\"\">LED<\/a> b\u00ean trong v\u00e0 s\u1eed d\u1ee5ng c\u00e1nh k\u00ednh g\u1ed3m 2 l\u1edbp trong su\u1ed1t gi\u00fap ng\u01b0\u1eddi d\u00f9ng d\u1ec5 d\u00e0ng theo d\u00f5i l\u01b0\u1ee3ng th\u1ef1c ph\u1ea9m b\u00ean trong t\u1ee7 v\u00e0 v\u1ecb tr\u00ed c\u1ee7a ch\u00fang \u0111\u1ec3 c\u00f3 th\u1ec3 l\u1ea5y ra nhanh ch\u00f3ng h\u01a1n.<\/span><\/p>\n<h3><strong><span style=\"font-size: 95%;\">Hi\u1ec7u n\u0103ng m\u1ea1nh m\u1ebd ti\u1ebft ki\u1ec7m<\/span><\/strong><\/h3>\n<p style=\"text-align: justify;\"><span style=\"font-weight: 400;\">V\u00ec s\u1ea3n ph\u1ea9m \u0111\u01b0\u1ee3c thi\u1ebft k\u1ebf v\u1edbi 2 c\u00e1nh k\u00ednh ri\u00eang bi\u1ec7t n\u00ean c\u0169ng thu\u1eadn l\u1ee3i cho vi\u1ec7c s\u1eed d\u1ee5ng v\u00e0 gi\u1ea3m t\u1ed1i \u0111a s\u1ef1 th\u1ea5t tho\u00e1t nhi\u1ec7t ra ngo\u00e0i l\u00e0m ti\u00eau t\u1ed1n \u0111i\u1ec7n n\u0103ng. H\u1ec7 th\u1ed1ng \u1ed1ng d\u1eabn b\u1eb1ng \u0111\u1ed3ng gi\u00fap truy\u1ec1n nhi\u1ec7t nhanh v\u00e0 qu\u1ea1t gi\u00f3 gi\u00fap kh\u00ed l\u1ea1nh \u0111\u01b0\u1ee3c t\u1ea3n \u0111\u1ec1u kh\u1eafp khoang t\u1ee7. B\u00ean c\u1ea1nh \u0111\u00f3, ng\u01b0\u1eddi d\u00f9ng ho\u00e0n to\u00e0n c\u00f3 th\u1ec3 s\u1eed d\u1ee5ng m\u1eb7t tr\u00ean c\u1ee7a b\u00e0n \u0111\u1ec3 c\u1eaft, th\u00e1i th\u1ee9c \u0103n hay \u0111\u1eb7t m\u1ed9t s\u1ed1 d\u1ee5ng c\u1ee5 nh\u1ecf l\u00ean tr\u00ean. <strong>B\u00e0n m\u00e1t 2 c\u00e1nh k\u00ednh Berjaya B2D\/C4\/600-SM &#8211; B2D\/C5\/600-SM<\/strong> c\u0169ng gi\u00fap ti\u1ebft ki\u1ec7m \u0111i\u1ec7n n\u0103ng so v\u1edbi nhi\u1ec1u lo\u1ea1i t\u1ee7 \u0111\u00f4ng m\u00e1t kh\u00e1c ch\u00ednh v\u00ec v\u1eady s\u1ebd gi\u00fap kh\u00e1ch h\u00e0ng ti\u1ebft ki\u1ec7m chi ph\u00ed.<\/span><\/p>\n<h3><strong><span style=\"font-size: 95%;\">Kh\u00e2u v\u1ec7 sinh thu\u1eadn ti\u1ec7n<\/span><\/strong><\/h3>\n<p style=\"text-align: justify;\"><span style=\"font-weight: 400;\"><strong>B\u00e0n m\u00e1t 2 c\u00e1nh k\u00ednh Berjaya B2D\/C4\/600-SM &#8211; B2D\/C5\/600-SM <\/strong>c\u00f3 kh\u1ea3 n\u0103ng ch\u1ed1ng b\u00e1m b\u1ee5i t\u1ed1t n\u00ean kh\u00e2u v\u1ec7 sinh r\u1ea5t thu\u1eadn ti\u1ec7n, \u0111\u1ec3 \u0111em l\u1ea1i v\u1ebb ngo\u00e0i s\u00e1ng b\u00f3ng nh\u01b0 m\u1edbi b\u1ea1n ch\u1ec9 c\u1ea7n m\u1ea5t v\u00e0i ph\u00fat v\u1edbi ch\u1ec9 1 chi\u1ebfc kh\u0103n \u1ea9m. \u0110\u1eb7c bi\u1ec7t v\u1edbi h\u1ec7 th\u1ed1ng r\u00e3 \u0111\u00f4ng tu\u1ea7n ho\u00e0n gi\u00fap c\u00e1c ng\u0103n t\u1ee7 kh\u00f4ng b\u1ecb \u0111\u00f3ng tuy\u1ebft n\u00ean vi\u1ec7c c\u1ecd r\u1eeda ch\u00fang c\u0169ng r\u1ea5t d\u1ec5 d\u00e0ng.<\/span><\/p>\n<p><img class=\"aligncenter wp-image-41914 size-full\" title=\"B\u00e0n m\u00e1t 2 c\u00e1nh k\u00ednh Berjaya B2D\/C4\/600-SM - B2D\/C5\/600-SM\" src=\"https:\/\/thucpham.com\/wp-content\/uploads\/2020\/06\/ban-mat-2-canh-kinh-Berjaya-001.jpg\" alt=\"B\u00e0n m\u00e1t 2 c\u00e1nh k\u00ednh Berjaya B2D\/C4\/600-SM - B2D\/C5\/600-SM\" width=\"820\" height=\"656\" srcset=\"https:\/\/thucpham.com\/vinacom\/wp-content\/uploads\/2020\/06\/ban-mat-2-canh-kinh-Berjaya-001.jpg 820w, https:\/\/thucpham.com\/vinacom\/wp-content\/uploads\/2020\/06\/ban-mat-2-canh-kinh-Berjaya-001-300x240.jpg 300w, https:\/\/thucpham.com\/vinacom\/wp-content\/uploads\/2020\/06\/ban-mat-2-canh-kinh-Berjaya-001-768x614.jpg 768w, https:\/\/thucpham.com\/vinacom\/wp-content\/uploads\/2020\/06\/ban-mat-2-canh-kinh-Berjaya-001-24x19.jpg 24w, https:\/\/thucpham.com\/vinacom\/wp-content\/uploads\/2020\/06\/ban-mat-2-canh-kinh-Berjaya-001-36x29.jpg 36w, https:\/\/thucpham.com\/vinacom\/wp-content\/uploads\/2020\/06\/ban-mat-2-canh-kinh-Berjaya-001-48x38.jpg 48w, https:\/\/thucpham.com\/vinacom\/wp-content\/uploads\/2020\/06\/ban-mat-2-canh-kinh-Berjaya-001-510x408.jpg 510w\" sizes=\"(max-width: 820px) 100vw, 820px\" \/><\/p>\n<p style=\"text-align: justify;\"><span data-sheets-value=\"{&quot;1&quot;:2,&quot;2&quot;:&quot;B\u00e0n M\u00e1t 2 C\u00e1nh K\u00ednh Berjaya l\u00e0 d\u00f2ng s\u1ea3n ph\u1ea9m b\u1ec1n b\u1ec9 v\u00e0 tinh t\u1ebf h\u00e0ng \u0111\u1ea7u trong c\u00e1c d\u00f2ng s\u1ea3n ph\u1ea9m B\u00e0n M\u00e1t C\u00f4ng Nghi\u1ec7p. \u0110\u1eb7c bi\u1ec7t h\u01a1n khi \u0111\u1ebfn v\u1edbi Thucpham.com, b\u1ea1n s\u1ebd \u0111\u01b0\u1ee3c t\u01b0 v\u1ea5n mi\u1ec5n ph\u00ed c\u00f9ng v\u1edbi r\u1ea5t nhi\u1ec1u c\u00e1c s\u1ea3n ph\u1ea9m t\u01b0\u01a1ng t\u1ef1 kh\u00e1c nh\u01b0 B\u00e0n M\u00e1t 3 C\u00e1nh K\u00ednh Berjaya hay B\u00e0n M\u00e1t 2 T\u1ea7ng 2 Ng\u0103n K\u00e9o Berjaya m\u00e0 kh\u00f4ng c\u1ea7n lo l\u1eafng r\u1eb1ng m\u00ecnh s\u1ebd kh\u00f4ng mua \u0111\u01b0\u1ee3c gi\u00e1 t\u1ed1t, v\u00ec c\u00e1c s\u1ea3n ph\u1ea9m c\u1ee7a ch\u00fang t\u00f4i lu\u00f4n \u0111\u01b0\u1ee3c ch\u00e0o b\u00e1n v\u1edbi gi\u00e1 c\u1ea1nh tranh nh\u1ea5t th\u1ecb tr\u01b0\u1eddng hi\u1ec7n nay.&quot;}\" data-sheets-userformat=\"{&quot;2&quot;:6913,&quot;3&quot;:{&quot;1&quot;:0},&quot;11&quot;:3,&quot;12&quot;:0,&quot;14&quot;:[null,2,0],&quot;15&quot;:&quot;Arial, sans-serif&quot;}\"><em><span style=\"font-weight: 400;\">B\u00e0n m\u00e1t 2 c\u00e1nh k\u00ednh Berjaya B2D\/C4\/600-SM &#8211; B2D\/C5\/600-SM<\/span><\/em> l\u00e0 d\u00f2ng s\u1ea3n ph\u1ea9m b\u1ec1n b\u1ec9 v\u00e0 tinh t\u1ebf h\u00e0ng \u0111\u1ea7u trong c\u00e1c d\u00f2ng s\u1ea3n ph\u1ea9m <a href=\"https:\/\/thucpham.com\/ban-mat-cong-nghiep\/\" data-schema-attribute=\"\">b\u00e0n m\u00e1t c\u00f4ng nghi\u1ec7p<\/a>. \u0110\u1eb7c bi\u1ec7t h\u01a1n khi \u0111\u1ebfn v\u1edbi ThucPham.com, b\u1ea1n s\u1ebd \u0111\u01b0\u1ee3c t\u01b0 v\u1ea5n mi\u1ec5n ph\u00ed c\u00f9ng v\u1edbi r\u1ea5t nhi\u1ec1u c\u00e1c s\u1ea3n ph\u1ea9m t\u01b0\u01a1ng t\u1ef1 kh\u00e1c nh\u01b0 <a href=\"https:\/\/thucpham.com\/ban-mat-3-canh-kinh-berjaya\/\" data-schema-attribute=\"\">b\u00e0n m\u00e1t 3 c\u00e1nh k\u00ednh Berjaya<\/a> hay <a href=\"https:\/\/thucpham.com\/ban-mat-2-tang-2-ngan-keo-berjaya\/\" data-schema-attribute=\"\">b\u00e0n m\u00e1t 2 t\u1ea7ng 2 ng\u0103n k\u00e9o Berjaya<\/a> m\u00e0 kh\u00f4ng c\u1ea7n lo l\u1eafng r\u1eb1ng m\u00ecnh s\u1ebd kh\u00f4ng mua \u0111\u01b0\u1ee3c gi\u00e1 t\u1ed1t, v\u00ec c\u00e1c s\u1ea3n ph\u1ea9m c\u1ee7a ch\u00fang t\u00f4i lu\u00f4n \u0111\u01b0\u1ee3c ch\u00e0o b\u00e1n v\u1edbi gi\u00e1 c\u1ea1nh tranh nh\u1ea5t th\u1ecb tr\u01b0\u1eddng hi\u1ec7n nay.<\/span><\/p>\n","protected":false},"excerpt":{"rendered":"<ul>\n<li style=\"font-weight: 400;\"><span style=\"font-weight: 400;\">C\u1eeda k\u00ednh c\u01b0\u1eddng l\u1ef1c ch\u1eafc ch\u1eafn v\u00e0 sang tr\u1ecdng<\/span><\/li>\n<li style=\"font-weight: 400;\"><span style=\"font-weight: 400;\">K\u1ebft c\u1ea5u b\u1eb1ng th\u00e9p kh\u00f4ng g\u1ec9, b\u1ec1n \u0111\u1eb9p<\/span><\/li>\n<li style=\"font-weight: 400;\"><span style=\"font-weight: 400;\">Ch\u1ee9c n\u0103ng b\u00e1o \u0111\u1ed9ng v\u1ec1 c\u00e1c ch\u1ebf \u0111\u1ed9 ng\u01b0ng t\u1eafc ngh\u1ebdn<\/span><\/li>\n<li style=\"font-weight: 400;\"><span style=\"font-weight: 400;\">Dung t\u00edch l\u1edbn ti\u1ec7n l\u1ee3i ch\u1ee9a \u0111a d\u1ea1ng th\u1ef1c ph\u1ea9m<\/span><\/li>\n<li style=\"font-weight: 400;\"><span style=\"font-weight: 400;\">Ch\u1ea5t l\u00e0m l\u1ea1nh th\u00e2n thi\u1ec7n v\u1edbi m\u00f4i tr\u01b0\u1eddng (CFC, HCFC) R134a<\/span><\/li>\n<li style=\"font-weight: 400;\"><span style=\"font-weight: 400;\">H\u1ec7 th\u1ed1ng ra\u0303 \u0111\u00f4ng t\u1ef1 \u0111\u00f4ng gi\u00fap ti\u1ebft ki\u1ec7m n\u0103ng l\u01b0\u1ee3ng\u00a0<\/span><\/li>\n<li style=\"font-weight: 400;\"><span style=\"font-weight: 400;\">Hai ng\u0103n co\u0301 th\u00ea\u0309 tha\u0301o l\u0103\u0301p va\u0300 \u0111i\u00ea\u0300u chi\u0309nh d\u00ea\u0303 da\u0300ng<\/span><\/li>\n<\/ul>\n","protected":false},"featured_media":36055,"comment_status":"open","ping_status":"closed","template":"","meta":[],"product_cat":[195],"product_tag":[],"_links":{"self":[{"href":"https:\/\/thucpham.com\/vinacom\/wp-json\/wp\/v2\/product\/9177"}],"collection":[{"href":"https:\/\/thucpham.com\/vinacom\/wp-json\/wp\/v2\/product"}],"about":[{"href":"https:\/\/thucpham.com\/vinacom\/wp-json\/wp\/v2\/types\/product"}],"replies":[{"embeddable":true,"href":"https:\/\/thucpham.com\/vinacom\/wp-json\/wp\/v2\/comments?post=9177"}],"wp:featuredmedia":[{"embeddable":true,"href":"https:\/\/thucpham.com\/vinacom\/wp-json\/wp\/v2\/media\/36055"}],"wp:attachment":[{"href":"https:\/\/thucpham.com\/vinacom\/wp-json\/wp\/v2\/media?parent=9177"}],"wp:term":[{"taxonomy":"product_cat","embeddable":true,"href":"https:\/\/thucpham.com\/vinacom\/wp-json\/wp\/v2\/product_cat?post=9177"},{"taxonomy":"product_tag","embeddable":true,"href":"https:\/\/thucpham.com\/vinacom\/wp-json\/wp\/v2\/product_tag?post=9177"}],"curies":[{"name":"wp","href":"https:\/\/api.w.org\/{rel}","templated":true}]}}