{"id":9173,"date":"2020-06-26T21:33:38","date_gmt":"2020-06-26T21:33:38","guid":{"rendered":"https:\/\/thucpham.com\/?post_type=product&#038;p=9173"},"modified":"2023-11-27T10:52:59","modified_gmt":"2023-11-27T03:52:59","slug":"ban-mat-3-canh-inox-berjaya","status":"publish","type":"product","link":"https:\/\/thucpham.com\/vinacom\/ban-mat-3-canh-inox-berjaya\/","title":{"rendered":"B\u00e0n M\u00e1t 3 C\u00e1nh Inox Berjaya BS3DC7\/Z &#8211; BS3DC8\/Z"},"content":{"rendered":"<h2><strong><span style=\"font-size: 85%;\">M\u00f4 t\u1ea3 s\u1ea3n ph\u1ea9m<\/span><\/strong><\/h2>\n<p style=\"text-align: justify;\"><b>B\u00e0n m\u00e1t 3 c\u00e1nh inox Berjaya BS3DC7\/Z &#8211; BS3DC8\/Z,<\/b><span style=\"font-weight: 400;\"> c\u00f3 dung t\u00edch v\u00e0 k\u00edch th\u01b0\u1edbc l\u1edbn h\u01a1n so v\u1edbi b\u00e0n m\u00e1t 2 c\u00e1nh, th\u00edch h\u1ee3p v\u1edbi c\u00e1c kh\u00f4ng gian b\u1ebfp kh\u00e1ch s\u1ea1n, nh\u00e0 h\u00e0ng, b\u1ebfp \u0103n t\u1eadp th\u1ec3&#8230;c\u00f3 quy m\u00f4 l\u1edbn. Ngo\u00e0i t\u00e1c d\u1ee5ng tr\u1eef \u0111\u1ed3 \u0103n, b\u1ec1 m\u1eb7t b\u00e0n m\u00e1t c\u00f2n \u0111\u01b0\u1ee3c s\u1eed d\u1ee5ng l\u00e0m b\u00e0n th\u1edbt, b\u00e0n ch\u1ebf bi\u1ebfn th\u1ef1c ph\u1ea9m ho\u1eb7c ng\u01b0\u1eddi d\u00f9ng c\u00f3 th\u1ec3 t\u1eadn d\u1ee5ng \u0111\u1ec3 s\u1eafp x\u1ebfp c\u00e1c khay, k\u1ec7 l\u00ean b\u00ean tr\u00ean.&nbsp;<\/span><\/p>\n<p><img class=\"aligncenter wp-image-11896 size-full\" title=\"B\u00e0n M\u00e1t 3 C\u00e1nh Inox BS3DC7\/Z - BS3DC8\/Z\" src=\"https:\/\/thucpham.com\/wp-content\/uploads\/2020\/06\/ban-mat-3-canh-inox-Berjaya-BS3DC7Z-banner.jpg\" alt=\"B\u00e0n M\u00e1t 3 C\u00e1nh Inox Berjaya BS3DC7\/Z - BS3DC8\/Z\" width=\"820\" height=\"656\" srcset=\"https:\/\/thucpham.com\/vinacom\/wp-content\/uploads\/2020\/06\/ban-mat-3-canh-inox-Berjaya-BS3DC7Z-banner.jpg 820w, https:\/\/thucpham.com\/vinacom\/wp-content\/uploads\/2020\/06\/ban-mat-3-canh-inox-Berjaya-BS3DC7Z-banner-300x240.jpg 300w, https:\/\/thucpham.com\/vinacom\/wp-content\/uploads\/2020\/06\/ban-mat-3-canh-inox-Berjaya-BS3DC7Z-banner-768x614.jpg 768w, https:\/\/thucpham.com\/vinacom\/wp-content\/uploads\/2020\/06\/ban-mat-3-canh-inox-Berjaya-BS3DC7Z-banner-24x19.jpg 24w, https:\/\/thucpham.com\/vinacom\/wp-content\/uploads\/2020\/06\/ban-mat-3-canh-inox-Berjaya-BS3DC7Z-banner-36x29.jpg 36w, https:\/\/thucpham.com\/vinacom\/wp-content\/uploads\/2020\/06\/ban-mat-3-canh-inox-Berjaya-BS3DC7Z-banner-48x38.jpg 48w, https:\/\/thucpham.com\/vinacom\/wp-content\/uploads\/2020\/06\/ban-mat-3-canh-inox-Berjaya-BS3DC7Z-banner-510x408.jpg 510w\" sizes=\"(max-width: 820px) 100vw, 820px\" \/><\/p>\n<p style=\"text-align: center;\"><em>Th\u00f4ng tin s\u1ea3n ph\u1ea9m b\u00e0n m\u00e1t 3 c\u00e1nh inox Berjaya BS3DC7\/Z, BS3DC8\/Z<\/em><\/p>\n<h2><strong><span style=\"font-size: 85%;\">\u01afu \u0111i\u1ec3m b\u00e0n m\u00e1t 3 c\u00e1nh inox Berjaya<\/span><\/strong><\/h2>\n<h3><strong><span style=\"font-size: 95%;\">Thi\u1ebft k\u1ebf ti\u1ec7n l\u1ee3i<\/span><\/strong><\/h3>\n<p style=\"text-align: justify;\"><span style=\"font-weight: 400;\">B\u00e0n m\u00e1t 3 c\u00e1nh c\u00f3 th\u1ec3 t\u00edch t\u1eeb 575L \u0111\u1ebfn 723L v\u1edbi thi\u1ebft k\u1ebf 3 c\u00e1nh cho ph\u00e9p b\u1ea1n d\u1ef1 tr\u1eef m\u1ed9t l\u01b0\u1ee3ng l\u1edbn th\u1ef1c ph\u1ea9m m\u1ed9t c\u00e1ch g\u1ecdn g\u00e0ng v\u00e0 t\u00ecm ki\u1ebfm c\u0169ng d\u1ec5 h\u01a1n. Ngo\u00e0i ra, c\u00e1c th\u00f4ng s\u1ed1 \u0111i\u1ec1u ch\u1ec9nh c\u1ee7a <strong>b\u00e0n m\u00e1t 3 c\u00e1nh inox Berjaya<\/strong> s\u1ebd hi\u1ec3n th\u1ecb tr\u00ean m\u00e0n h\u00ecnh <a href=\"https:\/\/vi.wikipedia.org\/wiki\/M%C3%A0n_h%C3%ACnh_tinh_th%E1%BB%83_l%E1%BB%8Fng\" target=\"_blank\" rel=\"noopener nofollow\" data-schema-attribute=\"\">LCD<\/a> \u1edf ph\u00eda tr\u01b0\u1edbc t\u1ee7 \u0111\u1ec3 gi\u00fap b\u1ea1n d\u1ec5 d\u00e0ng quan s\u00e1t v\u00e0 ki\u1ec3m so\u00e1t nhi\u1ec7t \u0111\u1ed9 b\u00ean trong. Qu\u1ea1t l\u00e0m m\u00e1t gi\u00fap kh\u00ed l\u1ea1nh lu\u00f4n \u1ed5n \u0111\u1ecbnh v\u00e0 t\u1ea3n \u0111\u1ec1u trong khoang ch\u1ee9a.<\/span><\/p>\n<h3><span style=\"font-size: 95%;\"><strong>Ch\u1ea5t li\u1ec7u cao c\u1ea5p<\/strong><\/span><\/h3>\n<p style=\"text-align: justify;\"><span style=\"font-weight: 400;\"><strong>B\u00e0n m\u00e1t 3 c\u00e1nh inox Berjaya BS3DC7\/Z &#8211; BS3DC8\/Z<\/strong> \u0111\u01b0\u1ee3c s\u1ea3n xu\u1ea5t ho\u00e0n to\u00e0n b\u1eb1ng ch\u1ea5t li\u1ec7u <a href=\"https:\/\/vi.wikipedia.org\/wiki\/Th%C3%A9p_kh%C3%B4ng_g%E1%BB%89\" rel=\"nofollow noopener\" target=\"_blank\">inox ch\u1ed1ng g\u1ec9<\/a>, ch\u1ed1ng \u0103n m\u00f2n, ch\u1ecbu \u0111\u01b0\u1ee3c \u00e1p l\u1ef1c l\u1edbn kh\u00f4ng b\u1ecb m\u00e9o m\u00f3 khi s\u1eed d\u1ee5ng, r\u1ea5t ph\u00f9 h\u1ee3p v\u1edbi m\u00f4i tr\u01b0\u1eddng c\u00f3 n\u1ed3ng \u0111\u1ed9 mu\u1ed1i cao, \u1ea9m \u01b0\u1edbt. Ch\u1ea5t li\u1ec7u inox c\u0169ng gi\u00fap cho s\u1ea3n ph\u1ea9m lu\u00f4n lu\u00f4n gi\u1eef \u0111\u01b0\u1ee3c \u0111\u1ed9 s\u00e1ng b\u00f3ng, sang tr\u1ecdng. C\u00e1c ch\u00e2n \u0111\u1ee9ng v\u1eefng ch\u1eafc, ch\u00e2n \u0111\u1ebf cao su ch\u1ed1ng x\u00ea d\u1ecbch v\u00e0 t\u1ea1o \u0111\u1ed9 cao c\u00f3 kho\u1ea3ng c\u00e1ch v\u1edbi m\u1eb7t s\u00e0n tr\u00e1nh \u1ea9m th\u1ea5p.<\/span><\/p>\n<h3><span style=\"font-size: 95%;\"><strong>V\u1eadn h\u00e0nh an to\u00e0n<\/strong><\/span><\/h3>\n<p><span style=\"font-weight: 400;\"><strong>B\u00e0n m\u00e1t 3 c\u00e1nh inox Berjaya BS3DC7\/Z &#8211; BS3DC8\/Z&nbsp;<\/strong>c\u00f3 h\u1ec7 th\u1ed1ng d\u00e2y d\u1eabn \u0111\u1ea1t ti\u00eau chu\u1ea9n ch\u1ed1ng r\u00f2 r\u1ec9 \u0111i\u1ec7n \u0111\u01b0\u1ee3c thi\u1ebft k\u1ebf k\u00edn g\u1ecdn trong khoang \u0111\u1ed9ng c\u01a1. H\u1ec7 th\u1ed1ng l\u00e0m l\u1ea1nh v\u1eadn h\u00e0nh \u00eam \u00e1i, \u1ed1ng d\u1eabn b\u1eb1ng \u0111\u1ed3ng gi\u00fap truy\u1ec1n nhi\u1ec7t nhanh v\u00e0 r\u1ea5t b\u1ec1n b\u1ec9. T\u00f9y ch\u1ec9nh nhi\u1ec7t \u0111\u1ed9 d\u1ec5 d\u00e0ng b\u1eb1ng b\u1ea3ng \u0111i\u1ec1u khi\u1ec3n \u0111i\u1ec7n t\u1eed gi\u00fap b\u00e0n m\u00e1t lu\u00f4n trong \u0111i\u1ec1u ki\u1ec7n nhi\u1ec7t \u0111\u1ed9 thu\u1eadn l\u1ee3i nh\u1ea5t. B\u00e0n m\u00e1t s\u1eed d\u1ee5ng ch\u1ea5t l\u00e0m l\u1ea1nh R134a r\u1ea5t th\u00e2n thi\u1ec7n v\u1edbi m\u00f4i tr\u01b0\u1eddng.<\/span><\/p>\n<h3><strong><span style=\"font-size: 95%;\">Kh\u00e2u v\u1ec7 sinh thu\u1eadn ti\u1ec7n<\/span><\/strong><\/h3>\n<p>H\u1ec7 th\u1ed1ng r\u00e3 \u0111\u00f4ng t\u1ef1 \u0111\u1ed9ng gi\u00fap <span style=\"font-weight: 400;\"><strong>b\u00e0n m\u00e1t 3 c\u00e1nh inox Berjaya BS3DC7\/Z &#8211; BS3DC8\/Z <\/strong>kh\u00f4ng b\u1ecb b\u00e1m tuy\u1ebft gi\u00fap vi\u1ec7c c\u1ecd r\u1eeda r\u1ea5t thu\u1eadn ti\u1ec7n. To\u00e0n b\u1ed9 b\u00e0n m\u00e1t l\u00e0m b\u1eb1ng th\u00e9p s\u00e1ng b\u00f3ng, ch\u1ed1ng b\u00e1m d\u00ednh cao, kh\u00f4ng hoen g\u1ec9 gi\u00fap b\u1ea1n ch\u1ec9 m\u1ea5t v\u00e0i ph\u00fat v\u1edbi n\u01b0\u1edbc t\u1ea9y r\u1eeda th\u00f4ng th\u01b0\u1eddng l\u00e0 s\u1ea3n ph\u1ea9m l\u1ea1i s\u00e1ng b\u00f3ng nh\u01b0 m\u1edbi.<\/span><\/p>\n<p><img class=\"aligncenter size-full wp-image-41971\" src=\"https:\/\/thucpham.com\/wp-content\/uploads\/2020\/06\/ban-mat-3-canh-inox-Berjaya-BS3DC7Z-001.jpg\" alt=\"B\u00e0n M\u00e1t 3 C\u00e1nh Inox Berjaya BS3DC7\/Z - BS3DC8\/Z\" width=\"820\" height=\"656\" srcset=\"https:\/\/thucpham.com\/vinacom\/wp-content\/uploads\/2020\/06\/ban-mat-3-canh-inox-Berjaya-BS3DC7Z-001.jpg 820w, https:\/\/thucpham.com\/vinacom\/wp-content\/uploads\/2020\/06\/ban-mat-3-canh-inox-Berjaya-BS3DC7Z-001-300x240.jpg 300w, https:\/\/thucpham.com\/vinacom\/wp-content\/uploads\/2020\/06\/ban-mat-3-canh-inox-Berjaya-BS3DC7Z-001-768x614.jpg 768w, https:\/\/thucpham.com\/vinacom\/wp-content\/uploads\/2020\/06\/ban-mat-3-canh-inox-Berjaya-BS3DC7Z-001-24x19.jpg 24w, https:\/\/thucpham.com\/vinacom\/wp-content\/uploads\/2020\/06\/ban-mat-3-canh-inox-Berjaya-BS3DC7Z-001-36x29.jpg 36w, https:\/\/thucpham.com\/vinacom\/wp-content\/uploads\/2020\/06\/ban-mat-3-canh-inox-Berjaya-BS3DC7Z-001-48x38.jpg 48w, https:\/\/thucpham.com\/vinacom\/wp-content\/uploads\/2020\/06\/ban-mat-3-canh-inox-Berjaya-BS3DC7Z-001-510x408.jpg 510w\" sizes=\"(max-width: 820px) 100vw, 820px\" title=\"\"><\/p>\n<p style=\"text-align: justify;\"><span data-sheets-value=\"{&quot;1&quot;:2,&quot;2&quot;:&quot;S\u1ef1 th\u00e0nh c\u00f4ng c\u1ee7a m\u1ed9t nh\u00e0 h\u00e0ng \u0111\u1ebfn t\u1eeb nh\u1eefng m\u00f3n \u0103n \u0111\u01b0\u1ee3c ch\u1ebf bi\u1ebfn m\u1ed9t c\u00e1ch kh\u00e9o l\u00e9o v\u00e0 c\u00f4ng phu, v\u00e0 ng\u01b0\u1eddi \u0111\u1ea7u b\u1ebfp mu\u1ed1n \u0111\u01a1n gi\u1ea3n h\u01a1n trong vi\u1ec7c n\u1ea5u n\u01b0\u1edbng th\u00ec vi\u1ec7c s\u1eed d\u1ee5ng m\u1ed9t chi\u1ebfc B\u00e0n M\u00e1t C\u00f4ng Nghi\u1ec7p l\u00e0 \u0111i\u1ec1u th\u1ef1c s\u1ef1 c\u1ea7n thi\u1ebft, v\u00e0 s\u1ea3n ph\u1ea9m B\u00e0n M\u00e1t 3 C\u00e1nh Inox Berjaya ch\u00ednh l\u00e0 th\u1ee9 b\u1ea1n c\u1ea7n c\u00e2n nh\u1eafc t\u1edbi cho cho b\u1ebfp c\u1ee7a m\u00ecnh. N\u1ebfu nh\u01b0 d\u00f2ng s\u1ea3n ph\u1ea9m n\u00e0y ch\u01b0a \u0111\u00e1p \u1ee9ng \u0111\u1ee7 nhu c\u1ea7u, b\u1ea1n c\u0169ng c\u00f3 th\u1ec3 tham kh\u1ea3o th\u00eam nhi\u1ec1u s\u1ea3n ph\u1ea9m kh\u00e1c nh\u01b0 B\u00e0n M\u00e1t 3 T\u1ea7ng 3 Ng\u0103n K\u00e9o Berjaya ho\u1eb7c B\u00e0n M\u00e1t 2 C\u00e1nh K\u00ednh \u0110\u1ee9c Minh \u0111\u1ec3 c\u00f3 \u0111\u01b0\u1ee3c l\u1ef1a ch\u1ecdn ph\u00f9 h\u1ee3p nh\u1ea5t cho c\u0103n b\u1ebfp c\u1ee7a m\u00ecnh.&quot;}\" data-sheets-userformat=\"{&quot;2&quot;:6913,&quot;3&quot;:{&quot;1&quot;:0},&quot;11&quot;:3,&quot;12&quot;:0,&quot;14&quot;:[null,2,0],&quot;15&quot;:&quot;Arial, sans-serif&quot;}\">S\u1ef1 th\u00e0nh c\u00f4ng c\u1ee7a m\u1ed9t nh\u00e0 h\u00e0ng \u0111\u1ebfn t\u1eeb nh\u1eefng m\u00f3n \u0103n \u0111\u01b0\u1ee3c ch\u1ebf bi\u1ebfn m\u1ed9t c\u00e1ch kh\u00e9o l\u00e9o v\u00e0 c\u00f4ng phu, v\u00e0 ng\u01b0\u1eddi \u0111\u1ea7u b\u1ebfp mu\u1ed1n \u0111\u01a1n gi\u1ea3n h\u01a1n trong vi\u1ec7c n\u1ea5u n\u01b0\u1edbng th\u00ec vi\u1ec7c s\u1eed d\u1ee5ng m\u1ed9t chi\u1ebfc <a href=\"https:\/\/thucpham.com\/ban-mat-cong-nghiep\/\" data-schema-attribute=\"\">b\u00e0n m\u00e1t c\u00f4ng nghi\u1ec7p<\/a> l\u00e0 \u0111i\u1ec1u th\u1ef1c s\u1ef1 c\u1ea7n thi\u1ebft, v\u00e0 s\u1ea3n ph\u1ea9m <strong>b\u00e0n m\u00e1t 3 c\u00e1nh inox Berjaya BS3DC7\/Z &#8211; BS3DC8\/Z<\/strong> ch\u00ednh l\u00e0 th\u1ee9 b\u1ea1n c\u1ea7n c\u00e2n nh\u1eafc t\u1edbi cho cho b\u1ebfp c\u1ee7a m\u00ecnh. <span style=\"font-weight: 400;\">V\u1edbi nh\u1eefng thi\u1ebft k\u1ebf m\u1edbi b\u1ec1n ch\u1eafc v\u00e0 tinh t\u1ebf, b\u00e0n m\u00e1t 3 c\u00e1nh inox Berjaya ch\u1eafc ch\u1eafn s\u1ebd l\u00e0m h\u00e0i l\u00f2ng nh\u1eefng kh\u00e1ch h\u00e0ng kh\u00f3 t\u00ednh nh\u1ea5t.<\/span><\/span><\/p>\n<p style=\"text-align: justify;\"><span data-sheets-value=\"{&quot;1&quot;:2,&quot;2&quot;:&quot;S\u1ef1 th\u00e0nh c\u00f4ng c\u1ee7a m\u1ed9t nh\u00e0 h\u00e0ng \u0111\u1ebfn t\u1eeb nh\u1eefng m\u00f3n \u0103n \u0111\u01b0\u1ee3c ch\u1ebf bi\u1ebfn m\u1ed9t c\u00e1ch kh\u00e9o l\u00e9o v\u00e0 c\u00f4ng phu, v\u00e0 ng\u01b0\u1eddi \u0111\u1ea7u b\u1ebfp mu\u1ed1n \u0111\u01a1n gi\u1ea3n h\u01a1n trong vi\u1ec7c n\u1ea5u n\u01b0\u1edbng th\u00ec vi\u1ec7c s\u1eed d\u1ee5ng m\u1ed9t chi\u1ebfc B\u00e0n M\u00e1t C\u00f4ng Nghi\u1ec7p l\u00e0 \u0111i\u1ec1u th\u1ef1c s\u1ef1 c\u1ea7n thi\u1ebft, v\u00e0 s\u1ea3n ph\u1ea9m B\u00e0n M\u00e1t 3 C\u00e1nh Inox Berjaya ch\u00ednh l\u00e0 th\u1ee9 b\u1ea1n c\u1ea7n c\u00e2n nh\u1eafc t\u1edbi cho cho b\u1ebfp c\u1ee7a m\u00ecnh. N\u1ebfu nh\u01b0 d\u00f2ng s\u1ea3n ph\u1ea9m n\u00e0y ch\u01b0a \u0111\u00e1p \u1ee9ng \u0111\u1ee7 nhu c\u1ea7u, b\u1ea1n c\u0169ng c\u00f3 th\u1ec3 tham kh\u1ea3o th\u00eam nhi\u1ec1u s\u1ea3n ph\u1ea9m kh\u00e1c nh\u01b0 B\u00e0n M\u00e1t 3 T\u1ea7ng 3 Ng\u0103n K\u00e9o Berjaya ho\u1eb7c B\u00e0n M\u00e1t 2 C\u00e1nh K\u00ednh \u0110\u1ee9c Minh \u0111\u1ec3 c\u00f3 \u0111\u01b0\u1ee3c l\u1ef1a ch\u1ecdn ph\u00f9 h\u1ee3p nh\u1ea5t cho c\u0103n b\u1ebfp c\u1ee7a m\u00ecnh.&quot;}\" data-sheets-userformat=\"{&quot;2&quot;:6913,&quot;3&quot;:{&quot;1&quot;:0},&quot;11&quot;:3,&quot;12&quot;:0,&quot;14&quot;:[null,2,0],&quot;15&quot;:&quot;Arial, sans-serif&quot;}\">N\u1ebfu nh\u01b0 d\u00f2ng s\u1ea3n ph\u1ea9m n\u00e0y ch\u01b0a \u0111\u00e1p \u1ee9ng \u0111\u1ee7 nhu c\u1ea7u, b\u1ea1n c\u0169ng c\u00f3 th\u1ec3 tham kh\u1ea3o th\u00eam nhi\u1ec1u s\u1ea3n ph\u1ea9m kh\u00e1c nh\u01b0 <a href=\"https:\/\/thucpham.com\/ban-mat-3-tang-3-ngan-keo-berjaya\/\" data-schema-attribute=\"\">b\u00e0n m\u00e1t 3 t\u1ea7ng 3 ng\u0103n k\u00e9o Berjaya BS3DR\/C1165\/3<\/a> ho\u1eb7c <a href=\"https:\/\/thucpham.com\/ban-mat-2-canh-kinh-duc-minh\/\" data-schema-attribute=\"\">b\u00e0n m\u00e1t 2 c\u00e1nh k\u00ednh \u0110\u1ee9c Minh TBM-1200<\/a> \u0111\u1ec3 c\u00f3 \u0111\u01b0\u1ee3c l\u1ef1a ch\u1ecdn ph\u00f9 h\u1ee3p nh\u1ea5t cho c\u0103n b\u1ebfp c\u1ee7a m\u00ecnh.<\/span><\/p>\n","protected":false},"excerpt":{"rendered":"<ul>\n<li style=\"font-weight: 400;\"><span style=\"font-weight: 400;\">Nh\u1eadp kh\u1ea9u tr\u1ef1c ti\u1ebfp t\u1eeb nh\u00e0 s\u1ea3n xu\u1ea5t<\/span><\/li>\n<li style=\"font-weight: 400;\"><span style=\"font-weight: 400;\">N\u1ed9i th\u1ea5t v\u00e0 ngo\u1ea1i th\u1ea5t b\u1eb1ng th\u00e9p inox \u0111\u1ed9 b\u1ec1n cao<\/span><\/li>\n<li style=\"font-weight: 400;\"><span style=\"font-weight: 400;\">B\u1ed9 \u0111i\u1ec1u khi\u1ec3n nhi\u1ec7t \u0111\u1ed9 k\u1ef9 thu\u1eadt s\u1ed1\u00a0<\/span><\/li>\n<li style=\"font-weight: 400;\"><span style=\"font-weight: 400;\">Thi\u1ebft k\u1ebf 3 c\u00e1nh d\u00e0i ti\u1ec7n d\u1ee5ng \u0111\u1ec3 d\u1ef1 tr\u1eef th\u1ef1c ph\u1ea9m<\/span><\/li>\n<li style=\"font-weight: 400;\"><span style=\"font-weight: 400;\">S\u1eed d\u1ee5ng m\u00f4i ch\u1ea5t l\u00e0m l\u1ea1nh gas R134a, th\u00e2n thi\u1ec7n v\u1edbi m\u00f4i tr\u01b0\u1eddng<\/span><\/li>\n<li style=\"font-weight: 400;\"><span style=\"font-weight: 400;\">T\u1ef1 \u0111\u1ed9ng r\u00e3 \u0111\u00f4ng, an to\u00e0n khi s\u1eed d\u1ee5ng<\/span><\/li>\n<\/ul>\n","protected":false},"featured_media":36044,"comment_status":"open","ping_status":"closed","template":"","meta":[],"product_cat":[195],"product_tag":[],"_links":{"self":[{"href":"https:\/\/thucpham.com\/vinacom\/wp-json\/wp\/v2\/product\/9173"}],"collection":[{"href":"https:\/\/thucpham.com\/vinacom\/wp-json\/wp\/v2\/product"}],"about":[{"href":"https:\/\/thucpham.com\/vinacom\/wp-json\/wp\/v2\/types\/product"}],"replies":[{"embeddable":true,"href":"https:\/\/thucpham.com\/vinacom\/wp-json\/wp\/v2\/comments?post=9173"}],"wp:featuredmedia":[{"embeddable":true,"href":"https:\/\/thucpham.com\/vinacom\/wp-json\/wp\/v2\/media\/36044"}],"wp:attachment":[{"href":"https:\/\/thucpham.com\/vinacom\/wp-json\/wp\/v2\/media?parent=9173"}],"wp:term":[{"taxonomy":"product_cat","embeddable":true,"href":"https:\/\/thucpham.com\/vinacom\/wp-json\/wp\/v2\/product_cat?post=9173"},{"taxonomy":"product_tag","embeddable":true,"href":"https:\/\/thucpham.com\/vinacom\/wp-json\/wp\/v2\/product_tag?post=9173"}],"curies":[{"name":"wp","href":"https:\/\/api.w.org\/{rel}","templated":true}]}}