{"id":9166,"date":"2020-06-26T21:14:51","date_gmt":"2020-06-26T21:14:51","guid":{"rendered":"https:\/\/thucpham.com\/?post_type=product&#038;p=9166"},"modified":"2025-03-11T09:54:24","modified_gmt":"2025-03-11T02:54:24","slug":"ban-mat-2-tang-6-ngan-keo-berjaya","status":"publish","type":"product","link":"https:\/\/thucpham.com\/vinacom\/ban-mat-2-tang-6-ngan-keo-berjaya\/","title":{"rendered":"B\u00e0n M\u00e1t 2 T\u1ea7ng 6 Ng\u0103n K\u00e9o Berjaya BS6DR\/C2535\/2"},"content":{"rendered":"<h2><strong><span style=\"font-size: 85%;\">M\u00f4 t\u1ea3 s\u1ea3n ph\u1ea9m<\/span><\/strong><\/h2>\n<p style=\"text-align: justify;\"><span style=\"font-weight: 400;\"><strong>B\u00e0n m\u00e1t 2 t\u1ea7ng 6 ng\u0103n k\u00e9o Berjaya BS6DR\/C2535\/2<\/strong> \u0111\u01b0\u1ee3c thi\u1ebft k\u1ebf v\u1edbi 6 ng\u0103n k\u00e9o ti\u1ec7n d\u1ee5ng cho vi\u1ec7c b\u1ea3o qu\u1ea3n, l\u00e0m l\u1ea1nh th\u1ef1c ph\u1ea9m cho si\u00eau th\u1ecb, nh\u00e0 h\u00e0ng, qu\u00e1n \u0103n, kh\u00e1ch s\u1ea1n, b\u1ebfp \u0103n c\u00f4ng nghi\u1ec7p\u2026 B\u00e0n m\u00e1t Berjaya BS6DR\/C2535\/2 c\u00f3 t\u00ednh n\u0103ng t\u1ecfa nhi\u1ec7t b\u1eb1ng qu\u1ea1t gi\u00f3, gi\u1eef nhi\u1ec7t t\u1ed1t, v\u00e0 kh\u00f4ng b\u00e1m tuy\u1ebft.&nbsp;<\/span><\/p>\n<p><img class=\"size-full wp-image-11898 aligncenter\" src=\"https:\/\/thucpham.com\/wp-content\/uploads\/2020\/06\/ban-mat-2-tang-6-ngan-keo-Berjaya-BS6DRC25352-banner.jpg\" alt=\"ban-mat-2-tang-6-ngan-keo-Berjaya-BS6DRC25352\" width=\"820\" height=\"656\" srcset=\"https:\/\/thucpham.com\/vinacom\/wp-content\/uploads\/2020\/06\/ban-mat-2-tang-6-ngan-keo-Berjaya-BS6DRC25352-banner.jpg 820w, https:\/\/thucpham.com\/vinacom\/wp-content\/uploads\/2020\/06\/ban-mat-2-tang-6-ngan-keo-Berjaya-BS6DRC25352-banner-300x240.jpg 300w, https:\/\/thucpham.com\/vinacom\/wp-content\/uploads\/2020\/06\/ban-mat-2-tang-6-ngan-keo-Berjaya-BS6DRC25352-banner-768x614.jpg 768w, https:\/\/thucpham.com\/vinacom\/wp-content\/uploads\/2020\/06\/ban-mat-2-tang-6-ngan-keo-Berjaya-BS6DRC25352-banner-24x19.jpg 24w, https:\/\/thucpham.com\/vinacom\/wp-content\/uploads\/2020\/06\/ban-mat-2-tang-6-ngan-keo-Berjaya-BS6DRC25352-banner-36x29.jpg 36w, https:\/\/thucpham.com\/vinacom\/wp-content\/uploads\/2020\/06\/ban-mat-2-tang-6-ngan-keo-Berjaya-BS6DRC25352-banner-48x38.jpg 48w, https:\/\/thucpham.com\/vinacom\/wp-content\/uploads\/2020\/06\/ban-mat-2-tang-6-ngan-keo-Berjaya-BS6DRC25352-banner-510x408.jpg 510w\" sizes=\"(max-width: 820px) 100vw, 820px\" title=\"\"><\/p>\n<p style=\"text-align: center;\"><em>Th\u00f4ng tin s\u1ea3n ph\u1ea9m b\u00e0n m\u00e1t 2 t\u1ea7ng 6 ng\u0103n k\u00e9o Berjaya BS6DR\/C2535\/2<\/em><\/p>\n<h2><strong><span style=\"font-size: 85%;\">\u01afu \u0111i\u1ec3m n\u1ed5i b\u1eadt<\/span><\/strong><\/h2>\n<h3><strong><span style=\"font-size: 95%;\">Thi\u1ebft k\u1ebf t\u1ed1i \u01b0u<\/span><\/strong><\/h3>\n<p style=\"text-align: justify;\"><span style=\"font-weight: 400;\"><span data-sheets-value=\"{&quot;1&quot;:2,&quot;2&quot;:&quot;Ti\u1ec7n l\u1ee3i, b\u1ec1n \u0111\u1eb9p, d\u1ec5 s\u1eed d\u1ee5ng, gi\u00e1 th\u00e0nh c\u1ea1nh tranh l\u00e0 nh\u1eefng y\u1ebfu t\u1ed1 \u0111\u1ec3 b\u1ea1n kh\u00f4ng th\u1ec3 r\u1eddi m\u1eaft kh\u1ecfi B\u00e0n M\u00e1t 2 T\u1ea7ng 6 Ng\u0103n K\u00e9o Berjaya n\u1ebfu nh\u01b0 b\u1ea1n \u0111ang mu\u1ed1n m\u1edf m\u1ed9t nh\u00e0 h\u00e0ng cho ri\u00eang m\u00ecnh. Lo\u1ea1i B\u00e0n M\u00e1t C\u00f4ng Nghi\u1ec7p n\u00e0y so v\u1edbi c\u00e1c s\u1ea3n ph\u1ea9m c\u00f9ng d\u00f2ng nh\u01b0 B\u00e0n M\u00e1t 2 T\u1ea7ng 2 Ng\u0103n K\u00e9o Berjaya hay B\u00e0n M\u00e1t 2 T\u1ea7ng 4 Ng\u0103n K\u00e9o Berjaya th\u1ec3 hi\u1ec7n \u0111\u01b0\u1ee3c nhi\u1ec1u t\u00ednh n\u0103ng v\u00e0 s\u1ef1 ti\u1ec7n d\u1ee5ng h\u01a1n, tuy nhi\u00ean c\u0169ng s\u1ebd t\u00f9y v\u00e0o m\u00f4 h\u00ecnh nh\u00e0 h\u00e0ng c\u1ee7a b\u1ea1n \u0111\u1ec3 b\u1ea1n c\u00f3 th\u1ec3 s\u1eed d\u1ee5ng ch\u00fang m\u1ed9t c\u00e1ch h\u1ee3p l\u00fd.&quot;}\" data-sheets-userformat=\"{&quot;2&quot;:6913,&quot;3&quot;:{&quot;1&quot;:0},&quot;11&quot;:3,&quot;12&quot;:0,&quot;14&quot;:[null,2,0],&quot;15&quot;:&quot;Arial, sans-serif&quot;}\"><strong>B\u00e0n m\u00e1t 2 t\u1ea7ng 6 ng\u0103n k\u00e9o Berjaya BS6DR\/C2535\/2<\/strong><\/span> \u0111\u01b0\u1ee3c ph\u00e2n th\u00e0nh 2 t\u1ea7ng v\u1edbi 6 ng\u0103n k\u00e9o t\u00e1ch bi\u1ec7t v\u1eeba gi\u00fap t\u0103ng di\u1ec7n t\u00edch b\u1ea3o qu\u1ea3n th\u1ef1c ph\u1ea9m, v\u1eeba gi\u00fap ng\u01b0\u1eddi d\u00f9ng ph\u00e2n lo\u1ea1i th\u1ef1c ph\u1ea9m ra c\u00e1c ng\u0103n kh\u00e1c nhau nh\u01b0 v\u1eady s\u1ebd ti\u1ec7n l\u1ee3i cho thao t\u00e1c l\u1ea5y \u2013 c\u1ea5t th\u1ef1c ph\u1ea9m ra m\u1ed9t c\u00e1ch nhanh ch\u00f3ng, kh\u00f4ng m\u1ea5t th\u1eddi gian. M\u1eb7t tr\u00ean c\u1ee7a b\u00e0n m\u00e1t b\u1eb1ng th\u00e9p d\u00e0y c\u00f3 \u0111\u1ed9 b\u1ec1n cao c\u00f3 th\u1ec3 s\u1eed d\u1ee5ng nh\u01b0 m\u1ed9t chi\u1ebfc b\u00e0n s\u01a1 ch\u1ebf r\u1ea5t ti\u1ec7n d\u1ee5ng.<\/span><\/p>\n<h3><strong><span style=\"font-size: 95%;\">C\u1ea5u t\u1ea1o ch\u1eafc ch\u1eafn<\/span><\/strong><\/h3>\n<p style=\"text-align: justify;\"><span style=\"font-weight: 400;\">Ngo\u00e0i ra, v\u1edbi thi\u1ebft k\u1ebf c\u1ea3 trong l\u1eabn ngo\u00e0i \u0111\u1ec1u b\u1eb1ng th\u00e9p <a href=\"https:\/\/vi.wikipedia.org\/wiki\/Th%C3%A9p_kh%C3%B4ng_g%E1%BB%89\" target=\"_blank\" rel=\"noopener nofollow\" data-schema-attribute=\"\">inox \u0111\u1eb7c bi\u1ec7t<\/a>, <\/span><strong>b\u00e0n m\u00e1t 2 t\u1ea7ng 6 ng\u0103n k\u00e9o Berjaya BS6DR\/C2535\/2<\/strong><span style=\"font-weight: 400;\"> lu\u00f4n mang m\u1ed9t m\u00e0u s\u1eafc s\u00e1ng b\u00f3ng, sang tr\u1ecdng cho kh\u00f4ng gian b\u1ebfp. Ch\u1ea5t li\u1ec7u inox c\u0169ng r\u1ea5t b\u1ec1n b\u1ec9, ch\u1ecbu l\u1ef1c t\u1ed1t, kh\u00f4ng hoen g\u1ec9 v\u00e0 v\u1ec7 sinh d\u1ec5 d\u00e0ng h\u01a1n. \u0110\u01b0\u1eddng \u1ed1ng d\u1eabn b\u1eb1ng \u0111\u1ed3ng v\u00e0 c\u00e1c d\u00e2y d\u1eabn \u0111\u1ea1t ti\u00eau chu\u1ea9n Ch\u00e2u \u00c2u \u0111\u1ea3m b\u1ea3o an to\u00e0n khi s\u1eed d\u1ee5ng. C\u00e1c ch\u00e2n b\u00e0n m\u00e1t l\u00e0m b\u1eb1ng inox ch\u1ecbu l\u1ef1c t\u1ed1t v\u00e0 r\u1ea5t ch\u1eafc ch\u1eafn, \u0111\u1ebf ch\u00e2n b\u1eb1ng cao su ch\u1ed1ng x\u00ea d\u1ecbch khi s\u1eed d\u1ee5ng.<\/span><\/p>\n<h3><span style=\"font-size: 95%;\"><strong>V\u1eadn h\u00e0nh d\u1ec5 d\u00e0ng<\/strong><\/span><\/h3>\n<p style=\"text-align: justify;\"><span style=\"font-weight: 400;\">B\u00ean c\u1ea1nh \u0111\u00f3, <strong>b\u00e0n m\u00e1t 2 t\u1ea7ng 6 ng\u0103n k\u00e9o Berjaya BS6DR\/C2535\/2<\/strong> \u0111\u01b0\u1ee3c l\u00e0m m\u00e1t b\u1eb1ng h\u1ec7 th\u1ed1ng qu\u1ea1t th\u1ed5i cho n\u00ean gi\u00fap nhi\u1ec7t l\u1ea1nh lan t\u1ecfa kh\u1eafp c\u00e1c v\u00f9ng trong t\u1ee7 \u0111\u1ed3ng \u0111\u1ec1u h\u01a1n. B\u00e0n m\u00e1t c\u00f3 h\u1ec7 th\u1ed1ng gi\u00e1m s\u00e1t ho\u1ea1t \u0111\u1ed9ng v\u00e0 \u0111i\u1ec1u ch\u1ec9nh nhi\u1ec7t \u0111\u1ed9 tr\u00ean m\u1ed9t b\u1ea3ng \u0111i\u1ec7n t\u1eed c\u00f3 \u0111\u00e8n LED hi\u1ec7n \u0111\u1ea1i. S\u1ea3n ph\u1ea9m n\u00e0y lu\u00f4n l\u00e0m h\u00e0i l\u00f2ng kh\u00e1ch h\u00e0ng c\u0169ng b\u1edfi m\u1ed9t l\u00fd do n\u1eefa l\u00e0 c\u00f3 h\u1ec7 th\u1ed1ng ra\u0303 \u0111\u00f4ng t\u1ef1 \u0111\u1ed9ng gi\u00fap ti\u1ebft ki\u1ec7m n\u0103ng l\u01b0\u1ee3ng v\u00e0 s\u1eed d\u1ee5ng ch\u1ea5t l\u00e0m l\u1ea1nh kh\u00f4ng g\u00e2y \u1ea3nh h\u01b0\u1edfng t\u1edbi m\u00f4i tr\u01b0\u1eddng (<a href=\"https:\/\/vi.wikipedia.org\/wiki\/Chlorofluorocarbon\" target=\"_blank\" rel=\"noopener nofollow\" data-schema-attribute=\"\">CFC<\/a>, HCFC) R134a.<\/span><\/p>\n<p><img class=\"aligncenter size-full wp-image-41959\" src=\"https:\/\/thucpham.com\/wp-content\/uploads\/2020\/06\/ban-mat-2-tang-6-ngan-keo-Berjaya-BS6DRC25352-001.jpg\" alt=\"B\u00e0n M\u00e1t 2 T\u1ea7ng 6 Ng\u0103n K\u00e9o Berjaya BS6DR\/C2535\/2\" width=\"820\" height=\"656\" srcset=\"https:\/\/thucpham.com\/vinacom\/wp-content\/uploads\/2020\/06\/ban-mat-2-tang-6-ngan-keo-Berjaya-BS6DRC25352-001.jpg 820w, https:\/\/thucpham.com\/vinacom\/wp-content\/uploads\/2020\/06\/ban-mat-2-tang-6-ngan-keo-Berjaya-BS6DRC25352-001-300x240.jpg 300w, https:\/\/thucpham.com\/vinacom\/wp-content\/uploads\/2020\/06\/ban-mat-2-tang-6-ngan-keo-Berjaya-BS6DRC25352-001-768x614.jpg 768w, https:\/\/thucpham.com\/vinacom\/wp-content\/uploads\/2020\/06\/ban-mat-2-tang-6-ngan-keo-Berjaya-BS6DRC25352-001-24x19.jpg 24w, https:\/\/thucpham.com\/vinacom\/wp-content\/uploads\/2020\/06\/ban-mat-2-tang-6-ngan-keo-Berjaya-BS6DRC25352-001-36x29.jpg 36w, https:\/\/thucpham.com\/vinacom\/wp-content\/uploads\/2020\/06\/ban-mat-2-tang-6-ngan-keo-Berjaya-BS6DRC25352-001-48x38.jpg 48w, https:\/\/thucpham.com\/vinacom\/wp-content\/uploads\/2020\/06\/ban-mat-2-tang-6-ngan-keo-Berjaya-BS6DRC25352-001-510x408.jpg 510w\" sizes=\"(max-width: 820px) 100vw, 820px\" title=\"\"><\/p>\n<h2><strong><span style=\"font-size: 85%;\">L\u01b0u \u00fd khi d\u00f9ng b\u00e0n m\u00e1t 2 t\u1ea7ng 6 ng\u0103n k\u00e9o Berjaya<\/span><\/strong><\/h2>\n<ul>\n<li>L\u1eafp \u0111\u1eb7t n\u01a1i kh\u00f4 tho\u00e1ng, g\u1ea7n ngu\u1ed3n \u0111i\u1ec7n<\/li>\n<li>Ki\u1ec3m tra b\u00e0n m\u00e1t tr\u01b0\u1edbc khi s\u1eed d\u1ee5ng<\/li>\n<li>Ph\u00e2n lo\u1ea1i th\u1ef1c ph\u1ea9m \u0111\u1ec3 c\u1ea5t v\u00e0o c\u00e1c ng\u0103n ri\u00eang bi\u1ec7t<\/li>\n<li>V\u1ec7 sinh b\u00e0n m\u00e1t th\u01b0\u1eddng xuy\u00ean<\/li>\n<li>B\u1ea3o d\u01b0\u1ee1ng, b\u1ea3o tr\u00ec b\u00e0n m\u00e1t \u0111\u1ecbnh k\u1ef3 \u0111\u00fang l\u1ecbch<\/li>\n<\/ul>\n<p style=\"text-align: justify;\"><span data-sheets-value=\"{&quot;1&quot;:2,&quot;2&quot;:&quot;Ti\u1ec7n l\u1ee3i, b\u1ec1n \u0111\u1eb9p, d\u1ec5 s\u1eed d\u1ee5ng, gi\u00e1 th\u00e0nh c\u1ea1nh tranh l\u00e0 nh\u1eefng y\u1ebfu t\u1ed1 \u0111\u1ec3 b\u1ea1n kh\u00f4ng th\u1ec3 r\u1eddi m\u1eaft kh\u1ecfi B\u00e0n M\u00e1t 2 T\u1ea7ng 6 Ng\u0103n K\u00e9o Berjaya n\u1ebfu nh\u01b0 b\u1ea1n \u0111ang mu\u1ed1n m\u1edf m\u1ed9t nh\u00e0 h\u00e0ng cho ri\u00eang m\u00ecnh. Lo\u1ea1i B\u00e0n M\u00e1t C\u00f4ng Nghi\u1ec7p n\u00e0y so v\u1edbi c\u00e1c s\u1ea3n ph\u1ea9m c\u00f9ng d\u00f2ng nh\u01b0 B\u00e0n M\u00e1t 2 T\u1ea7ng 2 Ng\u0103n K\u00e9o Berjaya hay B\u00e0n M\u00e1t 2 T\u1ea7ng 4 Ng\u0103n K\u00e9o Berjaya th\u1ec3 hi\u1ec7n \u0111\u01b0\u1ee3c nhi\u1ec1u t\u00ednh n\u0103ng v\u00e0 s\u1ef1 ti\u1ec7n d\u1ee5ng h\u01a1n, tuy nhi\u00ean c\u0169ng s\u1ebd t\u00f9y v\u00e0o m\u00f4 h\u00ecnh nh\u00e0 h\u00e0ng c\u1ee7a b\u1ea1n \u0111\u1ec3 b\u1ea1n c\u00f3 th\u1ec3 s\u1eed d\u1ee5ng ch\u00fang m\u1ed9t c\u00e1ch h\u1ee3p l\u00fd.&quot;}\" data-sheets-userformat=\"{&quot;2&quot;:6913,&quot;3&quot;:{&quot;1&quot;:0},&quot;11&quot;:3,&quot;12&quot;:0,&quot;14&quot;:[null,2,0],&quot;15&quot;:&quot;Arial, sans-serif&quot;}\">Ti\u1ec7n l\u1ee3i, b\u1ec1n \u0111\u1eb9p, d\u1ec5 s\u1eed d\u1ee5ng, gi\u00e1 th\u00e0nh c\u1ea1nh tranh l\u00e0 nh\u1eefng y\u1ebfu t\u1ed1 \u0111\u1ec3 b\u1ea1n kh\u00f4ng th\u1ec3 r\u1eddi m\u1eaft kh\u1ecfi <em>b\u00e0n m\u00e1t 2 t\u1ea7ng 6 ng\u0103n k\u00e9o Berjaya BS6DR\/C2535\/2<\/em> n\u1ebfu nh\u01b0 b\u1ea1n \u0111ang mu\u1ed1n m\u1edf m\u1ed9t nh\u00e0 h\u00e0ng cho ri\u00eang m\u00ecnh. Lo\u1ea1i <a href=\"https:\/\/thucpham.com\/ban-mat-cong-nghiep\/\" data-schema-attribute=\"\">b\u00e0n m\u00e1t c\u00f4ng nghi\u1ec7p<\/a> n\u00e0y so v\u1edbi c\u00e1c s\u1ea3n ph\u1ea9m c\u00f9ng d\u00f2ng nh\u01b0 <a href=\"https:\/\/thucpham.com\/ban-mat-2-tang-2-ngan-keo-berjaya\/\" data-schema-attribute=\"\">b\u00e0n m\u00e1t 2 t\u1ea7ng 2 ng\u0103n k\u00e9o Berjaya BS2DR\/C1165\/2<\/a> hay <a href=\"https:\/\/thucpham.com\/ban-mat-2-tang-4-ngan-keo-berjaya\/\" data-schema-attribute=\"\">b\u00e0n m\u00e1t 2 t\u1ea7ng 4 ng\u0103n k\u00e9o Berjaya BS4DR\/C1850\/2<\/a> th\u1ec3 hi\u1ec7n \u0111\u01b0\u1ee3c nhi\u1ec1u t\u00ednh n\u0103ng v\u00e0 s\u1ef1 ti\u1ec7n d\u1ee5ng h\u01a1n, tuy nhi\u00ean c\u0169ng s\u1ebd t\u00f9y v\u00e0o m\u00f4 h\u00ecnh nh\u00e0 h\u00e0ng c\u1ee7a b\u1ea1n \u0111\u1ec3 b\u1ea1n c\u00f3 th\u1ec3 s\u1eed d\u1ee5ng ch\u00fang m\u1ed9t c\u00e1ch h\u1ee3p l\u00fd.<\/span><\/p>\n<p style=\"text-align: justify;\"><span style=\"font-weight: 400;\">ThucPham.com cam k\u1ebft tr\u1edf th\u00e0nh \u0111\u1ecba ch\u1ec9 mua s\u1eafm tr\u1ef1c tuy\u1ebfn uy t\u00edn h\u00e0ng \u0111\u1ea7u t\u1ea1i th\u1ecb tr\u01b0\u1eddng Vi\u1ec7t Nam. Ch\u00fang t\u00f4i lu\u00f4n n\u1ed7 l\u1ef1c mang \u0111\u1ebfn cho kh\u00e1ch h\u00e0ng nh\u1eefng gi\u00e1 tr\u1ecb t\u1ed1t nh\u1ea5t.<\/span><\/p>\n","protected":false},"excerpt":{"rendered":"<ul>\n<li style=\"font-weight: 400;\"><span style=\"font-weight: 400;\">T\u00f9y ch\u1ec9nh \u1edf nhi\u1ec7t \u0111\u1ed9, m\u00e0n h\u00ecnh LED hi\u1ec3n th\u1ecb<\/span><\/li>\n<li style=\"font-weight: 400;\"><span style=\"font-weight: 400;\">M\u1eb7t b\u00e0n d\u00e0y 50mm c\u00f3 th\u1ec3 s\u1eed d\u1ee5ng ch\u1ebf bi\u1ebfn th\u1ee9c \u0103n, b\u00e0n ra \u0111\u1ed3<\/span><\/li>\n<li style=\"font-weight: 400;\"><span style=\"font-weight: 400;\">Ch\u1ea5t li\u1ec7u inox ch\u1ea5t l\u01b0\u1ee3ng cao, b\u1ec1n b\u1ec9 theo th\u1eddi gian<\/span><\/li>\n<li style=\"font-weight: 400;\"><span style=\"font-weight: 400;\">H\u1ec7 th\u1ed1ng ra\u0303 \u0111\u00f4ng t\u1ef1 \u0111\u1ed9ng gi\u00fap ti\u1ebft ki\u1ec7m n\u0103ng l\u01b0\u1ee3ng<\/span><\/li>\n<li style=\"font-weight: 400;\"><span style=\"font-weight: 400;\">Thi\u1ebft k\u1ebf 6 ng\u0103n k\u00e9o t\u00e1ch bi\u1ec7t ti\u1ec7n l\u1ee3i l\u01b0u tr\u1eef \u0111a d\u1ea1ng th\u1ef1c ph\u1ea9m<\/span><\/li>\n<li style=\"font-weight: 400;\"><span style=\"font-weight: 400;\">V\u1ec7 sinh, lau ch\u00f9i d\u1ec5 d\u00e0ng<\/span><\/li>\n<\/ul>\n","protected":false},"featured_media":36024,"comment_status":"open","ping_status":"closed","template":"","meta":[],"product_cat":[195],"product_tag":[],"_links":{"self":[{"href":"https:\/\/thucpham.com\/vinacom\/wp-json\/wp\/v2\/product\/9166"}],"collection":[{"href":"https:\/\/thucpham.com\/vinacom\/wp-json\/wp\/v2\/product"}],"about":[{"href":"https:\/\/thucpham.com\/vinacom\/wp-json\/wp\/v2\/types\/product"}],"replies":[{"embeddable":true,"href":"https:\/\/thucpham.com\/vinacom\/wp-json\/wp\/v2\/comments?post=9166"}],"wp:featuredmedia":[{"embeddable":true,"href":"https:\/\/thucpham.com\/vinacom\/wp-json\/wp\/v2\/media\/36024"}],"wp:attachment":[{"href":"https:\/\/thucpham.com\/vinacom\/wp-json\/wp\/v2\/media?parent=9166"}],"wp:term":[{"taxonomy":"product_cat","embeddable":true,"href":"https:\/\/thucpham.com\/vinacom\/wp-json\/wp\/v2\/product_cat?post=9166"},{"taxonomy":"product_tag","embeddable":true,"href":"https:\/\/thucpham.com\/vinacom\/wp-json\/wp\/v2\/product_tag?post=9166"}],"curies":[{"name":"wp","href":"https:\/\/api.w.org\/{rel}","templated":true}]}}