{"id":9158,"date":"2020-06-26T20:59:07","date_gmt":"2020-06-26T20:59:07","guid":{"rendered":"https:\/\/thucpham.com\/?post_type=product&#038;p=9158"},"modified":"2022-02-22T09:42:26","modified_gmt":"2022-02-22T02:42:26","slug":"ban-mat-pizza-3-canh-berjaya","status":"publish","type":"product","link":"https:\/\/thucpham.com\/vinacom\/ban-mat-pizza-3-canh-berjaya\/","title":{"rendered":"B\u00e0n M\u00e1t Pizza 3 C\u00e1nh Berjaya BS3D\/PCF8\/Z"},"content":{"rendered":"<h2><strong><span style=\"font-size: 85%;\">M\u00f4 t\u1ea3 s\u1ea3n ph\u1ea9m<\/span><\/strong><\/h2>\n<p style=\"text-align: justify;\"><strong>B\u00e0n m\u00e1t pizza 3 c\u00e1nh Berjaya BS3D\/PCF8\/Z <\/strong><span style=\"font-weight: 400;\">l\u00e0 s\u1ea3n ph\u1ea9m kh\u00f4ng ch\u1ec9 ch\u00fa tr\u1ecdng \u0111\u1ebfn ch\u1ea5t l\u01b0\u1ee3ng m\u00e0 c\u00f2n th\u00e2n thi\u1ec7n v\u1edbi m\u00f4i tr\u01b0\u1eddng v\u1edbi ch\u1ea5t l\u00e0m l\u1ea1nh R404a kh\u00f4ng g\u00e2y \u0111\u1ed9c h\u1ea1i c\u00f9ng v\u1edbi h\u1ec7 th\u1ed1ng x\u1ea3 \u0111\u00e1 t\u1ef1 \u0111\u1ed9ng gi\u00fap gi\u1ea3m b\u1edbt \u0111i\u1ec7n n\u0103ng ti\u00eau th\u1ee5. Th\u00eam n\u1eefa, b\u00e0n m\u00e1t pizza c\u00f2n \u0111\u01b0\u1ee3c trang b\u1ecb h\u1ec7 th\u1ed1ng th\u1ed5i l\u1eafp v\u1edbi qu\u1ea1t s\u1ebd lu\u00f4n \u0111\u1ea3m b\u1ea3o \u0111\u1ed9 l\u1ea1nh b\u00ean trong khoang t\u1ee7 ch\u1ee9a \u0111\u01b0\u1ee3c \u0111\u1ed3ng \u0111\u1ec1u gi\u00fap cho th\u1ef1c ph\u1ea9m l\u00fac n\u00e0o c\u0169ng gi\u1eef \u0111\u01b0\u1ee3c \u0111\u1ed9 t\u01b0\u01a1i, ngon.&nbsp;<\/span><\/p>\n<p><img class=\"size-full wp-image-11888 aligncenter\" src=\"https:\/\/thucpham.com\/wp-content\/uploads\/2020\/06\/ban-mat-pizza-3-canh-Berjaya-BS3DPCF8Z-banner.jpg\" alt=\"ban-mat-pizza-3-canh-Berjaya-BS3DPCF8Z\" width=\"820\" height=\"656\" srcset=\"https:\/\/thucpham.com\/vinacom\/wp-content\/uploads\/2020\/06\/ban-mat-pizza-3-canh-Berjaya-BS3DPCF8Z-banner.jpg 820w, https:\/\/thucpham.com\/vinacom\/wp-content\/uploads\/2020\/06\/ban-mat-pizza-3-canh-Berjaya-BS3DPCF8Z-banner-300x240.jpg 300w, https:\/\/thucpham.com\/vinacom\/wp-content\/uploads\/2020\/06\/ban-mat-pizza-3-canh-Berjaya-BS3DPCF8Z-banner-768x614.jpg 768w, https:\/\/thucpham.com\/vinacom\/wp-content\/uploads\/2020\/06\/ban-mat-pizza-3-canh-Berjaya-BS3DPCF8Z-banner-24x19.jpg 24w, https:\/\/thucpham.com\/vinacom\/wp-content\/uploads\/2020\/06\/ban-mat-pizza-3-canh-Berjaya-BS3DPCF8Z-banner-36x29.jpg 36w, https:\/\/thucpham.com\/vinacom\/wp-content\/uploads\/2020\/06\/ban-mat-pizza-3-canh-Berjaya-BS3DPCF8Z-banner-48x38.jpg 48w, https:\/\/thucpham.com\/vinacom\/wp-content\/uploads\/2020\/06\/ban-mat-pizza-3-canh-Berjaya-BS3DPCF8Z-banner-510x408.jpg 510w\" sizes=\"(max-width: 820px) 100vw, 820px\" title=\"\"><\/p>\n<p style=\"text-align: center;\"><em>Th\u00f4ng tin s\u1ea3n ph\u1ea9m b\u00e0n m\u00e1t pizza 3 c\u00e1nh Berjaya BS3D\/PCF8\/Z<\/em><\/p>\n<h2><strong><span style=\"font-size: 85%;\">\u01afu \u0111i\u1ec3m n\u1ed5i b\u1eadt<\/span><\/strong><\/h2>\n<h3><strong><span style=\"font-size: 95%;\">Thi\u1ebft k\u1ebf sang tr\u1ecdng hi\u1ec7n \u0111\u1ea1i<\/span><\/strong><\/h3>\n<p style=\"text-align: justify;\"><span style=\"font-weight: 400;\">V\u1edbi thi\u1ebft k\u1ebf \u0111\u1eb9p m\u1eaft, sang tr\u1ecdng, <span data-sheets-value=\"{&quot;1&quot;:2,&quot;2&quot;:&quot;S\u1ef1 tuy\u1ec7t v\u1eddi v\u00e0 hi\u1ec7u n\u0103ng s\u1eed d\u1ee5ng cao c\u1ee7a s\u1ea3n ph\u1ea9m B\u00e0n M\u00e1t Pizza 3 C\u00e1nh Berjaya l\u00e0 \u0111i\u1ec1u kh\u00f4ng c\u1ea7n ph\u1ea3i b\u00e0n t\u1edbi, tuy nhi\u00ean n\u1ebfu nh\u01b0 b\u1ea1n mu\u1ed1n m\u1edf m\u1ed9t nh\u00e0 h\u00e0ng Pizza, th\u00ec li\u1ec7u b\u1ea1n \u0111\u00e3 th\u1ef1c s\u1ef1 tham kh\u1ea3o h\u1ebft t\u1ea5t c\u1ea3 c\u00e1c s\u1ea3n ph\u1ea9m B\u00e0n M\u00e1t C\u00f4ng nghi\u1ec7p li\u00ean quan t\u1edbi Pizza ch\u01b0a? T\u00ecm hi\u1ec3u th\u00eam v\u1ec1 s\u1ea3n ph\u1ea9m B\u00e0n M\u00e1t Pizza 2 C\u00e1nh Berjaya v\u00e0 B\u00e0n M\u00e1t Pizza 1 C\u00e1nh Berjaya r\u1ed3i h\u00e3y quy\u1ebft \u0111\u1ecbnh nh\u00e9!&quot;}\" data-sheets-userformat=\"{&quot;2&quot;:39681,&quot;3&quot;:{&quot;1&quot;:0},&quot;11&quot;:3,&quot;12&quot;:0,&quot;14&quot;:[null,2,0],&quot;15&quot;:&quot;Arial, sans-serif&quot;,&quot;18&quot;:1}\"><strong>b\u00e0n m\u00e1t pizza 3 c\u00e1nh Berjaya BS3D\/PCF8\/Z<\/strong><\/span> \u0111\u01b0\u1ee3c s\u1ea3n xu\u1ea5t b\u1eb1ng ch\u1ea5t li\u1ec7u <a href=\"https:\/\/vi.wikipedia.org\/wiki\/Th%C3%A9p_kh%C3%B4ng_g%E1%BB%89\" target=\"_blank\" rel=\"noopener nofollow\" data-schema-attribute=\"\">inox cao c\u1ea5p<\/a>, \u0111\u1ea3m b\u1ea3o \u0111\u1ed9 b\u1ec1n cao, kh\u00f4ng b\u1ecb han g\u1ec9 khi \u0111\u1ec3 l\u00e2u trong m\u00f4i tr\u01b0\u1eddng \u1ea9m \u01b0\u1edbt. B\u00ean d\u01b0\u1edbi l\u00e0 khoang \u0111\u1ed9ng c\u01a1 v\u00e0 3 khoang t\u1ee7 l\u01b0u tr\u1eef th\u1ef1c ph\u1ea9m l\u1edbn. C\u00e1c khoang c\u00f3 c\u1eeda t\u1eeb d\u00e0y c\u00f3 kh\u1ea3 n\u0103ng ch\u1ed1ng nhi\u1ec7t \u0111\u1ed9 b\u00ean ngo\u00e0i x\u00e2m nh\u1eadp v\u00e0o, c\u0169ng nh\u01b0 ng\u0103n kh\u00f4ng cho kh\u00ed l\u1ea1nh r\u00f2 r\u1ec9 ra gi\u00fap \u0111\u1ea3m b\u1ea3o nhi\u1ec7t \u0111\u1ed9 khoang ch\u1ee9a lu\u00f4n \u1ed5n \u0111\u1ecbnh.<\/span><\/p>\n<p style=\"text-align: justify;\"><span style=\"font-weight: 400;\">Ngo\u00e0i ra, <strong>b\u00e0n m\u00e1t <\/strong><\/span><strong>pizza 3 c\u00e1nh Berjaya <\/strong><span style=\"font-weight: 400;\">c\u00f3 di\u1ec7n t\u00edch b\u1ec1 m\u1eb7t tr\u00ean ch\u1eafc ch\u1eafn, r\u1ea5t ti\u1ec7n l\u1ee3i cho ch\u1ebf bi\u1ebfn th\u1ef1c ph\u1ea9m. Ph\u00eda tr\u00ean b\u00e0n c\u00f3 c\u00e1c khay b\u1eb1ng inox d\u00f9ng \u0111\u1ec3 c\u00e1c nguy\u00ean li\u1ec7u l\u00e0m pizza c\u0169ng nh\u01b0 c\u00e1c lo\u1ea1i th\u1ef1c ph\u1ea9m kh\u00e1c. N\u1eafp khay b\u1eb1ng k\u00ednh c\u01b0\u1eddng l\u1ef1c trong su\u1ed1t \u0111\u01b0\u1ee3c c\u00e1ch nhi\u1ec7t d\u1ec5 d\u00e0ng quan s\u00e1t \u0111\u1ec3 l\u1ea5y nguy\u00ean li\u1ec7u gi\u00fap ti\u1ebft ki\u1ec7m th\u1eddi gian. C\u00e1c ch\u00e2n b\u00e0n b\u1eb1ng b\u00e1nh xe inox ch\u1eafc ch\u1eafn ch\u1ecbu l\u1ef1c t\u1ed1t c\u00f3 kh\u00f3a b\u00e1nh gi\u00fap b\u1ea1n di chuy\u1ec3n b\u00e0n m\u00e1t \u0111\u1ebfn b\u1ea5t c\u1ee9 v\u1ecb tr\u00ed n\u00e0o b\u1ea1n mong mu\u1ed1n.<\/span><\/p>\n<h3><strong><span style=\"font-size: 95%;\">S\u1eed d\u1ee5ng d\u1ec5 d\u00e0ng an to\u00e0n<\/span><\/strong><\/h3>\n<p style=\"text-align: justify;\"><span style=\"font-weight: 400;\"><span data-sheets-value=\"{&quot;1&quot;:2,&quot;2&quot;:&quot;S\u1ef1 tuy\u1ec7t v\u1eddi v\u00e0 hi\u1ec7u n\u0103ng s\u1eed d\u1ee5ng cao c\u1ee7a s\u1ea3n ph\u1ea9m B\u00e0n M\u00e1t Pizza 3 C\u00e1nh Berjaya l\u00e0 \u0111i\u1ec1u kh\u00f4ng c\u1ea7n ph\u1ea3i b\u00e0n t\u1edbi, tuy nhi\u00ean n\u1ebfu nh\u01b0 b\u1ea1n mu\u1ed1n m\u1edf m\u1ed9t nh\u00e0 h\u00e0ng Pizza, th\u00ec li\u1ec7u b\u1ea1n \u0111\u00e3 th\u1ef1c s\u1ef1 tham kh\u1ea3o h\u1ebft t\u1ea5t c\u1ea3 c\u00e1c s\u1ea3n ph\u1ea9m B\u00e0n M\u00e1t C\u00f4ng nghi\u1ec7p li\u00ean quan t\u1edbi Pizza ch\u01b0a? T\u00ecm hi\u1ec3u th\u00eam v\u1ec1 s\u1ea3n ph\u1ea9m B\u00e0n M\u00e1t Pizza 2 C\u00e1nh Berjaya v\u00e0 B\u00e0n M\u00e1t Pizza 1 C\u00e1nh Berjaya r\u1ed3i h\u00e3y quy\u1ebft \u0111\u1ecbnh nh\u00e9!&quot;}\" data-sheets-userformat=\"{&quot;2&quot;:39681,&quot;3&quot;:{&quot;1&quot;:0},&quot;11&quot;:3,&quot;12&quot;:0,&quot;14&quot;:[null,2,0],&quot;15&quot;:&quot;Arial, sans-serif&quot;,&quot;18&quot;:1}\"><strong>B\u00e0n m\u00e1t pizza 3 c\u00e1nh Berjaya BS3D\/PCF8\/Z <\/strong>c\u00f3 d\u00e2y d\u1eabn \u0111i\u1ec7n v\u00e0 c\u00e1c chi ti\u1ebft m\u00e1y l\u00e0m theo ti\u00eau chu\u1ea9n Ch\u00e2u \u00c2u c\u00f3 kh\u1ea3 n\u0103ng c\u00e1ch nhi\u1ec7t t\u1ed1t v\u00e0 ch\u1ed1ng r\u00f2 r\u1ec9 \u0111i\u1ec7n \u0111\u1ea3m b\u1ea3o \u0111\u1ed9 b\u1ec1n v\u00e0 an to\u00e0n khi s\u1eed d\u1ee5ng. <\/span>M\u1ed9t \u0111i\u1ec3m c\u1ed9ng n\u1eefa cho s\u1ea3n ph\u1ea9m n\u00e0y l\u00e0 b\u1ea1n <\/span><span style=\"font-weight: 400;\">c\u00f3 th\u1ec3 d\u1ec5 d\u00e0ng \u0111i\u1ec1u ch\u1ec9nh nhi\u1ec7t \u0111\u1ed9 b\u1eb1ng \u0111i\u1ec1u khi\u1ec3n k\u1ef9 thu\u1eadt s\u1ed1 \u0111\u1ec3 \u0111\u1ea3m b\u1ea3o ch\u1ea5t l\u01b0\u1ee3ng b\u1ea3o qu\u1ea3n th\u1ef1c ph\u1ea9m hi\u1ec7u qu\u1ea3 nh\u1ea5t. C\u00e1c ph\u1ea7n l\u00e0m b\u1eb1ng ch\u1ea5t li\u1ec7u cao c\u1ea5p ch\u1ed1ng b\u00e1m d\u00ednh t\u1ed1t n\u00ean vi\u1ec7c v\u1ec7 sinh c\u1ecd r\u1eeda cho b\u00e0n m\u00e1t r\u1ea5t thu\u1eadn ti\u1ec7n.<\/span><\/p>\n<p><img class=\"aligncenter size-full wp-image-41941\" src=\"https:\/\/thucpham.com\/wp-content\/uploads\/2020\/06\/ban-mat-pizza-3-canh-Berjaya-BS3DPCF8Z-001.jpg\" alt=\"B\u00e0n M\u00e1t Pizza 3 C\u00e1nh Berjaya BS3D\/PCF8\/Z\" width=\"820\" height=\"656\" srcset=\"https:\/\/thucpham.com\/vinacom\/wp-content\/uploads\/2020\/06\/ban-mat-pizza-3-canh-Berjaya-BS3DPCF8Z-001.jpg 820w, https:\/\/thucpham.com\/vinacom\/wp-content\/uploads\/2020\/06\/ban-mat-pizza-3-canh-Berjaya-BS3DPCF8Z-001-300x240.jpg 300w, https:\/\/thucpham.com\/vinacom\/wp-content\/uploads\/2020\/06\/ban-mat-pizza-3-canh-Berjaya-BS3DPCF8Z-001-768x614.jpg 768w, https:\/\/thucpham.com\/vinacom\/wp-content\/uploads\/2020\/06\/ban-mat-pizza-3-canh-Berjaya-BS3DPCF8Z-001-24x19.jpg 24w, https:\/\/thucpham.com\/vinacom\/wp-content\/uploads\/2020\/06\/ban-mat-pizza-3-canh-Berjaya-BS3DPCF8Z-001-36x29.jpg 36w, https:\/\/thucpham.com\/vinacom\/wp-content\/uploads\/2020\/06\/ban-mat-pizza-3-canh-Berjaya-BS3DPCF8Z-001-48x38.jpg 48w, https:\/\/thucpham.com\/vinacom\/wp-content\/uploads\/2020\/06\/ban-mat-pizza-3-canh-Berjaya-BS3DPCF8Z-001-510x408.jpg 510w\" sizes=\"(max-width: 820px) 100vw, 820px\" title=\"\"><\/p>\n<h2><strong><span style=\"font-size: 85%;\">L\u01b0u \u00fd khi d\u00f9ng b\u00e0n m\u00e1t pizza 3 c\u00e1nh Berjaya<\/span><\/strong><\/h2>\n<ul>\n<li>L\u1eafp \u0111\u1eb7t b\u00e0n m\u00e1t g\u1ea7n ngu\u1ed3n \u0111i\u1ec7n th\u00edch h\u1ee3p v\u00e0 tr\u00e1nh n\u01a1i \u1ea9m \u01b0\u1edbt<\/li>\n<li>Ki\u1ec3m tra ngu\u1ed3n \u0111i\u1ec7n v\u00e0 t\u00ecnh tr\u1ea1ng b\u00e0n m\u00e1t th\u01b0\u1eddng xuy\u00ean<\/li>\n<li>V\u1ec7 sinh b\u00e0n m\u00e1t th\u01b0\u1eddng xuy\u00ean \u0111\u1ec3 \u0111\u1ea3m b\u1ea3o v\u1ec7 sinh an to\u00e0n th\u1ef1c ph\u1ea9m<\/li>\n<li>N\u1ebfu c\u00f3 s\u1ef1 c\u1ed1 c\u1ea7n b\u00e1o ngay cho k\u1ef9 thu\u1eadt \u0111\u1ec3 s\u1eeda ch\u1eefa<\/li>\n<\/ul>\n<p style=\"text-align: justify;\"><span data-sheets-value=\"{&quot;1&quot;:2,&quot;2&quot;:&quot;S\u1ef1 tuy\u1ec7t v\u1eddi v\u00e0 hi\u1ec7u n\u0103ng s\u1eed d\u1ee5ng cao c\u1ee7a s\u1ea3n ph\u1ea9m B\u00e0n M\u00e1t Pizza 3 C\u00e1nh Berjaya l\u00e0 \u0111i\u1ec1u kh\u00f4ng c\u1ea7n ph\u1ea3i b\u00e0n t\u1edbi, tuy nhi\u00ean n\u1ebfu nh\u01b0 b\u1ea1n mu\u1ed1n m\u1edf m\u1ed9t nh\u00e0 h\u00e0ng Pizza, th\u00ec li\u1ec7u b\u1ea1n \u0111\u00e3 th\u1ef1c s\u1ef1 tham kh\u1ea3o h\u1ebft t\u1ea5t c\u1ea3 c\u00e1c s\u1ea3n ph\u1ea9m B\u00e0n M\u00e1t C\u00f4ng nghi\u1ec7p li\u00ean quan t\u1edbi Pizza ch\u01b0a? T\u00ecm hi\u1ec3u th\u00eam v\u1ec1 s\u1ea3n ph\u1ea9m B\u00e0n M\u00e1t Pizza 2 C\u00e1nh Berjaya v\u00e0 B\u00e0n M\u00e1t Pizza 1 C\u00e1nh Berjaya r\u1ed3i h\u00e3y quy\u1ebft \u0111\u1ecbnh nh\u00e9!&quot;}\" data-sheets-userformat=\"{&quot;2&quot;:39681,&quot;3&quot;:{&quot;1&quot;:0},&quot;11&quot;:3,&quot;12&quot;:0,&quot;14&quot;:[null,2,0],&quot;15&quot;:&quot;Arial, sans-serif&quot;,&quot;18&quot;:1}\">S\u1ef1 tuy\u1ec7t v\u1eddi v\u00e0 hi\u1ec7u n\u0103ng s\u1eed d\u1ee5ng cao c\u1ee7a s\u1ea3n ph\u1ea9m <strong>b\u00e0n m\u00e1t pizza 3 c\u00e1nh Berjaya BS3D\/PCF8\/Z<\/strong> l\u00e0 \u0111i\u1ec1u kh\u00f4ng c\u1ea7n ph\u1ea3i b\u00e0n t\u1edbi, tuy nhi\u00ean n\u1ebfu nh\u01b0 b\u1ea1n mu\u1ed1n m\u1edf m\u1ed9t nh\u00e0 h\u00e0ng Pizza, th\u00ec li\u1ec7u b\u1ea1n \u0111\u00e3 th\u1ef1c s\u1ef1 tham kh\u1ea3o h\u1ebft t\u1ea5t c\u1ea3 c\u00e1c s\u1ea3n ph\u1ea9m <a href=\"https:\/\/thucpham.com\/ban-mat-cong-nghiep\/\" data-schema-attribute=\"\">b\u00e0n m\u00e1t c\u00f4ng nghi\u1ec7p<\/a> li\u00ean quan t\u1edbi Pizza ch\u01b0a? T\u00ecm hi\u1ec3u th\u00eam v\u1ec1 s\u1ea3n ph\u1ea9m <a href=\"https:\/\/thucpham.com\/ban-mat-pizza-2-canh-berjaya\/\" data-schema-attribute=\"\">b\u00e0n m\u00e1t Pizza 2 c\u00e1nh Berjaya<\/a> v\u00e0 <a href=\"https:\/\/thucpham.com\/ban-mat-pizza-1-canh-berjaya\/\" data-schema-attribute=\"\">b\u00e0n m\u00e1t Pizza 1 c\u00e1nh Berjaya<\/a> r\u1ed3i h\u00e3y quy\u1ebft \u0111\u1ecbnh nh\u00e9!<\/span><\/p>\n<p style=\"text-align: justify;\"><span style=\"font-weight: 400;\">ThucPham.com l\u00e0 \u0111\u01a1n v\u1ecb nh\u1eadp kh\u1ea9u v\u00e0 ph\u00e2n ph\u1ed1i chuy\u00ean nghi\u1ec7p <\/span><strong>b\u00e0n m\u00e1t <\/strong><span style=\"font-weight: 400;\"><strong>pizza 3 c\u00e1nh Berjaya BS3D\/PCF8\/Z<\/strong> c\u0169ng nh\u01b0 c\u00e1c s\u1ea3n ph\u1ea9m b\u00e0n m\u00e1t kh\u00e1c t\u1eeb Berjaya, Malaysia. Qu\u00fd kh\u00e1ch h\u00e3y li\u00ean h\u1ec7 ngay v\u1edbi chu\u0301ng t\u00f4i \u0111\u1ec3 nh\u1eadn \u0111\u01b0\u1ee3c t\u01b0 v\u1ea5n v\u00e0 b\u00e1o gi\u00e1 t\u1ed1t nh\u1ea5t. <\/span><\/p>\n","protected":false},"excerpt":{"rendered":"<ul>\n<li style=\"font-weight: 400;\"><span style=\"font-weight: 400;\">S\u1eed d\u1ee5ng <\/span><span style=\"font-weight: 400;\">ch\u1ea5t l\u00e0m l\u1ea1nh R404a kh\u00f4ng g\u00e2y \u0111\u1ed9c h\u1ea1i m\u00f4i tr\u01b0\u1eddng<\/span><\/li>\n<li style=\"font-weight: 400;\"><span style=\"font-weight: 400;\">Ch\u1ea5t li\u1ec7u inox cao c\u1ea5p \u0111\u1ed9 b\u1ec1n cao, kh\u00f4ng han g\u1ec9, m\u00e0i m\u00f2n<\/span><\/li>\n<li style=\"font-weight: 400;\"><span style=\"font-weight: 400;\">T\u00edch h\u1ee3p c\u00e1c khay \u0111\u1ef1ng th\u1ef1c ph\u1ea9m ti\u1ec7n l\u1ee3i<\/span><\/li>\n<li style=\"font-weight: 400;\"><span style=\"font-weight: 400;\">Di\u1ec7n t\u00edch b\u1ec1 m\u1eb7t b\u00e0n r\u1ed9ng v\u00e0 ch\u1eafc ch\u1eafn \u0111\u1ec3 s\u01a1 ch\u1ebf th\u1ef1c ph\u1ea9m<\/span><\/li>\n<li style=\"font-weight: 400;\"><span style=\"font-weight: 400;\">T\u00ednh n\u0103ng t\u1ef1 \u0111\u1ed9ng r\u00e3 \u0111\u00f4ng, kh\u00f4ng \u0111\u00f3ng tuy\u1ebft<\/span><\/li>\n<li style=\"font-weight: 400;\"><span style=\"font-weight: 400;\">\u0110\u1ea3m b\u1ea3o an to\u00e0n cho ng\u01b0\u1eddi d\u00f9ng<\/span><\/li>\n<\/ul>\n","protected":false},"featured_media":36009,"comment_status":"open","ping_status":"closed","template":"","meta":[],"product_cat":[195],"product_tag":[],"_links":{"self":[{"href":"https:\/\/thucpham.com\/vinacom\/wp-json\/wp\/v2\/product\/9158"}],"collection":[{"href":"https:\/\/thucpham.com\/vinacom\/wp-json\/wp\/v2\/product"}],"about":[{"href":"https:\/\/thucpham.com\/vinacom\/wp-json\/wp\/v2\/types\/product"}],"replies":[{"embeddable":true,"href":"https:\/\/thucpham.com\/vinacom\/wp-json\/wp\/v2\/comments?post=9158"}],"wp:featuredmedia":[{"embeddable":true,"href":"https:\/\/thucpham.com\/vinacom\/wp-json\/wp\/v2\/media\/36009"}],"wp:attachment":[{"href":"https:\/\/thucpham.com\/vinacom\/wp-json\/wp\/v2\/media?parent=9158"}],"wp:term":[{"taxonomy":"product_cat","embeddable":true,"href":"https:\/\/thucpham.com\/vinacom\/wp-json\/wp\/v2\/product_cat?post=9158"},{"taxonomy":"product_tag","embeddable":true,"href":"https:\/\/thucpham.com\/vinacom\/wp-json\/wp\/v2\/product_tag?post=9158"}],"curies":[{"name":"wp","href":"https:\/\/api.w.org\/{rel}","templated":true}]}}