{"id":9156,"date":"2020-06-26T20:54:58","date_gmt":"2020-06-26T20:54:58","guid":{"rendered":"https:\/\/thucpham.com\/?post_type=product&#038;p=9156"},"modified":"2022-02-22T09:07:00","modified_gmt":"2022-02-22T02:07:00","slug":"ban-mat-pizza-2-canh-berjaya","status":"publish","type":"product","link":"https:\/\/thucpham.com\/vinacom\/ban-mat-pizza-2-canh-berjaya\/","title":{"rendered":"B\u00e0n M\u00e1t Pizza 2 C\u00e1nh Berjaya BS2D\/PCF6\/Z"},"content":{"rendered":"<h2><strong><span style=\"font-size: 85%;\">Th\u00f4ng tin s\u1ea3n ph\u1ea9m<\/span><\/strong><\/h2>\n<p style=\"text-align: justify;\"><span style=\"font-weight: 400;\"><strong>B\u00e0n m\u00e1t pizza 2 c\u00e1nh Berjaya BS2D\/PCF6\/Z<\/strong> l\u00e0 s\u1ea3n ph\u1ea9m \u0111\u01b0\u1ee3c nhi\u1ec1u kh\u00e1ch h\u00e0ng \u0111\u00e1nh gi\u00e1 cao b\u1edfi n\u00f3 ti\u1ec7n l\u1ee3i cho vi\u1ec7c d\u1ef1 tr\u1eef hay b\u1ea3o qu\u1ea3n th\u1ef1c ph\u1ea9m, lu\u00f4n gi\u1eef \u0111\u01b0\u1ee3c \u0111\u1ed9 t\u01b0\u01a1i ngon cho c\u00e1c lo\u1ea1i rau, c\u1ee7 qu\u1ea3. \u0110\u00e2y l\u00e0 s\u1ea3n ph\u1ea9m \u0111\u01b0\u1ee3c \u01b0a chu\u1ed9ng nh\u1ea5t hi\u1ec7n nay b\u1edfi nhi\u1ec1u t\u00ednh n\u0103ng v\u01b0\u1ee3t tr\u1ed9i, thi\u1ebft k\u1ebf hi\u1ec7n \u0111\u1ea1i, c\u1ea5u t\u1ea1o t\u1eeb nh\u1eefng ch\u1ea5t li\u1ec7u \u0111\u1ea1t ti\u00eau chu\u1ea9n Ch\u00e2u \u00c2u.<\/span><\/p>\n<p style=\"text-align: center;\"><img class=\"size-full wp-image-11890 aligncenter\" src=\"https:\/\/thucpham.com\/wp-content\/uploads\/2020\/06\/ban-mat-pizza-2-canh-Berjaya-BS2DPCF6Z-banner.jpg\" alt=\"ban-mat-pizza-2-canh-Berjaya-BS2DPCF6Z\" width=\"820\" height=\"656\" srcset=\"https:\/\/thucpham.com\/vinacom\/wp-content\/uploads\/2020\/06\/ban-mat-pizza-2-canh-Berjaya-BS2DPCF6Z-banner.jpg 820w, https:\/\/thucpham.com\/vinacom\/wp-content\/uploads\/2020\/06\/ban-mat-pizza-2-canh-Berjaya-BS2DPCF6Z-banner-300x240.jpg 300w, https:\/\/thucpham.com\/vinacom\/wp-content\/uploads\/2020\/06\/ban-mat-pizza-2-canh-Berjaya-BS2DPCF6Z-banner-768x614.jpg 768w, https:\/\/thucpham.com\/vinacom\/wp-content\/uploads\/2020\/06\/ban-mat-pizza-2-canh-Berjaya-BS2DPCF6Z-banner-24x19.jpg 24w, https:\/\/thucpham.com\/vinacom\/wp-content\/uploads\/2020\/06\/ban-mat-pizza-2-canh-Berjaya-BS2DPCF6Z-banner-36x29.jpg 36w, https:\/\/thucpham.com\/vinacom\/wp-content\/uploads\/2020\/06\/ban-mat-pizza-2-canh-Berjaya-BS2DPCF6Z-banner-48x38.jpg 48w, https:\/\/thucpham.com\/vinacom\/wp-content\/uploads\/2020\/06\/ban-mat-pizza-2-canh-Berjaya-BS2DPCF6Z-banner-510x408.jpg 510w\" sizes=\"(max-width: 820px) 100vw, 820px\" title=\"\"><\/p>\n<p style=\"text-align: center;\"><em>Th\u00f4ng tin s\u1ea3n ph\u1ea9m B\u00e0n m\u00e1t pizza 2 c\u00e1nh Berjaya BS2D\/PCF6\/Z<\/em><\/p>\n<h2><strong><span style=\"font-size: 85%;\">\u01afu \u0111i\u1ec3m b\u00e0n m\u00e1t pizza 2 c\u00e1nh Berjaya<\/span><\/strong><\/h2>\n<h3><strong><span style=\"font-size: 95%;\">Thi\u1ebft k\u1ebf hi\u1ec7n \u0111\u1ea1i<\/span><\/strong><\/h3>\n<p style=\"text-align: justify;\"><span style=\"font-weight: 400;\"> <strong>B\u00e0n m\u00e1t pizza 2 c\u00e1nh Berjaya BS2D\/PCF6\/Z<\/strong> c\u00f3 m\u1ed9t khoang \u0111\u1ed9ng c\u01a1 \u0111\u01b0\u1ee3c h\u00e0n k\u00edn v\u00e0 l\u00e0m b\u1eb1ng ch\u1ea5t li\u1ec7u c\u00e1ch nhi\u1ec7t, c\u00e1ch \u0111i\u1ec7n \u0111\u1ea3m b\u1ea3o an to\u00e0n khi s\u1eed d\u1ee5ng. Ngo\u00e0i ra, b\u00e0n m\u00e1t c\u00f2n c\u00f3 hai khoang t\u1ee7 b\u00ean d\u01b0\u1edbi c\u00f3 kh\u1ea3 n\u0103ng l\u01b0u tr\u1eef nguy\u00ean li\u1ec7u l\u1edbn v\u00e0 c\u00f3 gi\u00e1 \u0111\u1ee1 \u0111\u1ec3 ph\u00e2n chia nguy\u00ean li\u1ec7u r\u00f5 r\u00e0ng kh\u00f4ng \u1ea3nh h\u01b0\u1edfng \u0111\u1ebfn nhau. Ngo\u00e0i ch\u1ee9c n\u0103ng quan tr\u1ecdng l\u00e0 b\u1ea3o qu\u1ea3n th\u1ef1c ph\u1ea9m, b\u00e0n m\u00e1t pizza c\u00f2n \u0111\u01b0\u1ee3c t\u00edch h\u1ee3p c\u00e1c khay \u0111\u1ef1ng th\u1ef1c ph\u1ea9m b\u1eb1ng inox c\u00f3 n\u1eafp \u0111\u1eady b\u1eb1ng k\u00ednh c\u01b0\u1eddng l\u1ef1c trong su\u1ed1t r\u1ea5t ti\u1ec7n l\u1ee3i cho vi\u1ec7c tr\u01b0ng b\u00e0y th\u1ee9c \u0103n. <\/span><\/p>\n<h3><strong><span style=\"font-size: 95%;\">C\u1ea5u t\u1ea1o t\u1eeb ch\u1ea5t li\u1ec7u cao c\u1ea5p<\/span><\/strong><\/h3>\n<p style=\"text-align: justify;\"><span style=\"font-weight: 400;\">V\u1eady t\u1ea1i sao <strong>b\u00e0n m\u00e1t pizza 2 c\u00e1nh Berjaya BS2D\/PCF6\/Z<\/strong> l\u1ea1i \u0111\u01b0\u1ee3c \u01b0a chu\u1ed9ng tr\u00ean th\u1ecb tr\u01b0\u1eddng v\u1eady? Th\u1ee9 nh\u1ea5t, s\u1ea3n ph\u1ea9m \u0111\u01b0\u1ee3c l\u00e0m b\u1eb1ng inox cao c\u1ea5p mang \u0111\u1ebfn m\u1ed9t thi\u1ebft k\u1ebf v\u00f4 c\u00f9ng b\u1eaft m\u1eaft trong gian b\u1ebfp c\u1ee7a b\u1ea1n. Th\u1ee9 hai, ng\u0103n k\u00e9o, m\u1eb7t b\u00e0n c\u1eaft, b\u1ed9 ph\u1eadn l\u00e0m l\u1ea1nh \u0111\u01b0\u1ee3c s\u1ea3n xu\u1ea5t b\u1eb1ng granite v\u00f4 c\u00f9ng ch\u1eafc ch\u1eafn, b\u1ec1n b\u1ec9, kh\u00f4ng h\u00fat nhi\u1ec7t l\u1ea1nh, v\u00e0 kh\u00f4ng b\u00e1m b\u1ea9n.<\/span> <span style=\"font-weight: 400;\">Ngo\u00e0i ra, th\u00e2n b\u00e0n pizza \u0111\u01b0\u1ee3c \u0111\u1ed5 l\u1edbp c\u00e1ch nhi\u1ec7t d\u00e0y c\u00f3 t\u00e1c d\u1ee5ng gi\u1eef nhi\u1ec7t t\u1ed1t v\u00e0 gi\u1ea3m thi\u1ec3u \u0111i\u1ec7n n\u0103ng ti\u00eau th\u1ee5 cho ng\u01b0\u1eddi d\u00f9ng.<\/span><\/p>\n<h3><strong><span style=\"font-size: 95%;\">Hi\u1ec7u n\u0103ng m\u1ea1nh m\u1ebd<\/span><\/strong><\/h3>\n<p style=\"text-align: justify;\"><span style=\"font-weight: 400;\">Th\u00eam n\u1eefa, m\u00e1y n\u00e9n Danfoss c\u00f4ng su\u1ea5t cao si\u00eau b\u1ec1n, h\u1ec7 th\u1ed1ng l\u00e0m m\u00e1t th\u00f4ng minh kh\u00f4ng \u0111\u00f3ng tuy\u1ebft, \u0111\u1ea3m b\u1ea3o \u0111\u1ed9 l\u1ea1nh t\u1ed1i \u01b0u. <strong>B\u00e0n m\u00e1t pizza 2 c\u00e1nh Berjaya BS2D\/PCF6\/Z<\/strong><\/span><span style=\"font-weight: 400;\">&nbsp;c\u00f3 h\u1ec7 th\u1ed1ng ki\u1ec3m so\u00e1t nhi\u1ec7t<\/span> <span style=\"font-weight: 400;\">theo <\/span><span style=\"font-weight: 400;\">ti\u00eau chu\u1ea9n <a href=\"https:\/\/vi.wikipedia.org\/wiki\/Nh%C3%A3n_hi%E1%BB%87u_CE\" target=\"_blank\" rel=\"noopener nofollow\" data-schema-attribute=\"\">CE<\/a> v\u00e0 <a href=\"https:\/\/lawrencehardware.com.vn\/tieu-chuan-nganh\/tieu-chuan-ul-la-gi-tai-sao-nen-mua-san-pham-dat-chuan-ul\/\" target=\"_blank\" rel=\"nofollow noopener\" data-schema-attribute=\"\">UL<\/a>, nhi\u1ec7t \u0111\u1ed9 b\u00ean trong khoang t\u1ee7 hi\u1ec3n th\u1ecb qua m\u00e0n h\u00ecnh <a href=\"https:\/\/vi.wikipedia.org\/wiki\/M%C3%A0n_h%C3%ACnh_tinh_th%E1%BB%83_l%E1%BB%8Fng\" target=\"_blank\" rel=\"noopener nofollow\" data-schema-attribute=\"\">LCD<\/a> \u1edf ph\u00eda ngo\u00e0i gi\u00fap b\u1ea1n d\u1ec5 d\u00e0ng quan s\u00e1t v\u00e0 \u0111i\u1ec1u ch\u1ec9nh.Th\u00eam m\u1ed9t sao n\u1eefa cho s\u1ea3n ph\u1ea9m n\u00e0y l\u00e0 to\u00e0n b\u1ed9 h\u1ec7 th\u1ed1ng \u0111\u01b0\u1ee3c ki\u1ec3m so\u00e1t v\u00e0 \u0111i\u1ec1u khi\u1ec3n <\/span><span style=\"font-weight: 400;\">b\u1eb1ng vi \u0111i\u1ec1u khi\u1ec3n t\u1ef1 \u0111\u1ed9ng lu\u00f4n \u0111\u1ea3m b\u1ea3o nhi\u1ec7t \u0111\u1ed9 ch\u00ednh x\u00e1c v\u00e0 ch\u1ed1ng qu\u00e1 t\u1ea3i.<\/span><\/p>\n<p><img class=\"aligncenter size-full wp-image-41935\" src=\"https:\/\/thucpham.com\/wp-content\/uploads\/2020\/06\/ban-mat-pizza-2-canh-Berjaya-BS2DPCF6Z-001.jpg\" alt=\"B\u00e0n M\u00e1t Pizza 2 C\u00e1nh Berjaya BS2D\/PCF6\/Z\" width=\"820\" height=\"656\" srcset=\"https:\/\/thucpham.com\/vinacom\/wp-content\/uploads\/2020\/06\/ban-mat-pizza-2-canh-Berjaya-BS2DPCF6Z-001.jpg 820w, https:\/\/thucpham.com\/vinacom\/wp-content\/uploads\/2020\/06\/ban-mat-pizza-2-canh-Berjaya-BS2DPCF6Z-001-300x240.jpg 300w, https:\/\/thucpham.com\/vinacom\/wp-content\/uploads\/2020\/06\/ban-mat-pizza-2-canh-Berjaya-BS2DPCF6Z-001-768x614.jpg 768w, https:\/\/thucpham.com\/vinacom\/wp-content\/uploads\/2020\/06\/ban-mat-pizza-2-canh-Berjaya-BS2DPCF6Z-001-24x19.jpg 24w, https:\/\/thucpham.com\/vinacom\/wp-content\/uploads\/2020\/06\/ban-mat-pizza-2-canh-Berjaya-BS2DPCF6Z-001-36x29.jpg 36w, https:\/\/thucpham.com\/vinacom\/wp-content\/uploads\/2020\/06\/ban-mat-pizza-2-canh-Berjaya-BS2DPCF6Z-001-48x38.jpg 48w, https:\/\/thucpham.com\/vinacom\/wp-content\/uploads\/2020\/06\/ban-mat-pizza-2-canh-Berjaya-BS2DPCF6Z-001-510x408.jpg 510w\" sizes=\"(max-width: 820px) 100vw, 820px\" title=\"\"><\/p>\n<p style=\"text-align: justify;\"><span data-sheets-value=\"{&quot;1&quot;:2,&quot;2&quot;:&quot;L\u00e0 m\u1ed9t trong nh\u1eefng d\u00f2ng s\u1ea3n ph\u1ea9m B\u00e0n M\u00e1t C\u00f4ng Nghi\u1ec7p \u0111\u01b0\u1ee3c \u01b0a chu\u1ed9ng v\u00e0 b\u00e1n nhi\u1ec1u nh\u1ea5t hi\u1ec7n nay, B\u00e0n M\u00e1t Pizza 2 C\u00e1nh Berjaya \u0111\u01b0\u1ee3c ch\u00fang t\u00f4i \u0111\u01b0a \u0111\u1ebfn cho b\u1ea1n v\u1edbi gi\u00e1 c\u1ea3 h\u1ebft s\u1ee9c ph\u1ea3i ch\u0103ng c\u00f9ng ch\u1ea5t l\u01b0\u1ee3ng tuy\u1ec7t v\u1eddi, ngo\u00e0i ra th\u00ec nh\u1eefng d\u00f2ng s\u1ea3n ph\u1ea9m anh em v\u1edbi nh\u01b0 B\u00e0n M\u00e1t Pizza 1 C\u00e1nh Berjaya, B\u00e0n M\u00e1t Pizza 3 C\u00e1nh Berjaya b\u1ea1n c\u0169ng n\u00ean l\u01b0u t\u00e2m t\u1edbi n\u1ebfu nh\u01b0 mu\u1ed1n s\u1edf h\u1eefu m\u1ed9t s\u1ea3n ph\u1ea9m b\u00e0n m\u00e1t.&quot;}\" data-sheets-userformat=\"{&quot;2&quot;:6913,&quot;3&quot;:{&quot;1&quot;:0},&quot;11&quot;:3,&quot;12&quot;:0,&quot;14&quot;:[null,2,0],&quot;15&quot;:&quot;Arial, sans-serif&quot;}\">L\u00e0 m\u1ed9t trong nh\u1eefng d\u00f2ng s\u1ea3n ph\u1ea9m <a href=\"https:\/\/thucpham.com\/ban-mat-cong-nghiep\/\" data-schema-attribute=\"\">b\u00e0n m\u00e1t c\u00f4ng nghi\u1ec7p<\/a> \u0111\u01b0\u1ee3c \u01b0a chu\u1ed9ng v\u00e0 b\u00e1n nhi\u1ec1u nh\u1ea5t hi\u1ec7n nay, <strong>B\u00e0n m\u00e1t pizza 2 c\u00e1nh Berjaya BS2D\/PCF6\/Z<\/strong> \u0111\u01b0\u1ee3c ch\u00fang t\u00f4i \u0111\u01b0a \u0111\u1ebfn cho b\u1ea1n v\u1edbi gi\u00e1 c\u1ea3 h\u1ebft s\u1ee9c ph\u1ea3i ch\u0103ng c\u00f9ng ch\u1ea5t l\u01b0\u1ee3ng tuy\u1ec7t v\u1eddi, ngo\u00e0i ra th\u00ec nh\u1eefng d\u00f2ng s\u1ea3n ph\u1ea9m anh em nh\u01b0 <a href=\"https:\/\/thucpham.com\/ban-mat-pizza-1-canh-berjaya\/\" data-schema-attribute=\"\">b\u00e0n m\u00e1t Pizza 1 c\u00e1nh Berjaya<\/a>, <a href=\"https:\/\/thucpham.com\/ban-mat-pizza-3-canh-berjaya\/\" data-schema-attribute=\"\">b\u00e0n m\u00e1t Pizza 3 c\u00e1nh Berjaya<\/a> b\u1ea1n c\u0169ng n\u00ean l\u01b0u t\u00e2m t\u1edbi n\u1ebfu nh\u01b0 mu\u1ed1n s\u1edf h\u1eefu m\u1ed9t s\u1ea3n ph\u1ea9m b\u00e0n m\u00e1t.<\/span><\/p>\n<p style=\"text-align: justify;\"><span style=\"font-weight: 400;\">V\u1edbi ph\u01b0\u01a1ng ch\u00e2m t\u1ea1o d\u1ef1ng ni\u1ec1m tin n\u01a1i kh\u00e1ch h\u00e0ng, v\u00ec th\u1ebf nh\u1eefng s\u1ea3n ph\u1ea9m h\u00e0ng h\u00f3a m\u00e0 ThucPham.com cung c\u1ea5p \u0111\u1ebfn kh\u00e1ch h\u00e0ng \u0111\u1ec1u l\u00e0 \u0111\u1ea1t chu\u1ea9n ch\u1ea5t l\u01b0\u1ee3ng v\u00e0 gi\u00e1 c\u1ea3 \u01b0u \u0111\u00e3i nh\u1ea5t. <\/span><\/p>\n","protected":false},"excerpt":{"rendered":"<ul>\n<li style=\"font-weight: 400;\"><span style=\"font-weight: 400;\">S\u1ea3n xu\u1ea5t b\u1eb1ng inox v\u00e0 granite c\u00f3 \u0111\u1ed9 b\u1ec1n cao<\/span><\/li>\n<li style=\"font-weight: 400;\"><span style=\"font-weight: 400;\">Thi\u1ebft k\u1ebf 2 c\u00e1nh d\u00e0i thu\u1eadn ti\u1ec7n \u0111\u1ec3 d\u1ef1 tr\u1eef v\u00e0 b\u1ea3o qu\u1ea3n th\u1ef1c ph\u1ea9m<\/span><\/li>\n<li style=\"font-weight: 400;\"><span style=\"font-weight: 400;\">C\u1eeda r\u1eddi c\u00f3 th\u1ec3 th\u00e1o ra d\u1ec5 d\u00e0ng \u0111\u1ec3 v\u1ec7 sinh<\/span><\/li>\n<li style=\"font-weight: 400;\"><span style=\"font-weight: 400;\">H\u1ec7 th\u1ed1ng l\u00e0m l\u1ea1nh t\u1ef1 \u0111\u1ed9ng,\u00a0 th\u00f4ng minh<\/span><\/li>\n<li style=\"font-weight: 400;\"><span style=\"font-weight: 400;\">C\u00f3 l\u1edbp c\u00e1ch nhi\u1ec7t d\u00e0y gi\u00fap gi\u1eef nhi\u1ec7t t\u1ed1t<\/span><\/li>\n<li style=\"font-weight: 400;\"><span style=\"font-weight: 400;\">H\u1ec7 th\u1ed1ng ki\u1ec3m so\u00e1t nhi\u1ec7t<\/span> <span style=\"font-weight: 400;\">theo <\/span><span style=\"font-weight: 400;\">ti\u00eau chu\u1ea9n CE v\u00e0 UL<\/span><\/li>\n<li style=\"font-weight: 400;\"><span style=\"font-weight: 400;\">M\u1eb7t b\u00e0n b\u1eb1ng ph\u1eb3ng, ch\u1eafc ch\u1eafn \u0111\u1ec3 s\u01a1 ch\u1ebf th\u1ef1c ph\u1ea9m<\/span><\/li>\n<\/ul>\n","protected":false},"featured_media":36004,"comment_status":"open","ping_status":"closed","template":"","meta":[],"product_cat":[195],"product_tag":[],"_links":{"self":[{"href":"https:\/\/thucpham.com\/vinacom\/wp-json\/wp\/v2\/product\/9156"}],"collection":[{"href":"https:\/\/thucpham.com\/vinacom\/wp-json\/wp\/v2\/product"}],"about":[{"href":"https:\/\/thucpham.com\/vinacom\/wp-json\/wp\/v2\/types\/product"}],"replies":[{"embeddable":true,"href":"https:\/\/thucpham.com\/vinacom\/wp-json\/wp\/v2\/comments?post=9156"}],"wp:featuredmedia":[{"embeddable":true,"href":"https:\/\/thucpham.com\/vinacom\/wp-json\/wp\/v2\/media\/36004"}],"wp:attachment":[{"href":"https:\/\/thucpham.com\/vinacom\/wp-json\/wp\/v2\/media?parent=9156"}],"wp:term":[{"taxonomy":"product_cat","embeddable":true,"href":"https:\/\/thucpham.com\/vinacom\/wp-json\/wp\/v2\/product_cat?post=9156"},{"taxonomy":"product_tag","embeddable":true,"href":"https:\/\/thucpham.com\/vinacom\/wp-json\/wp\/v2\/product_tag?post=9156"}],"curies":[{"name":"wp","href":"https:\/\/api.w.org\/{rel}","templated":true}]}}