{"id":9148,"date":"2020-06-26T20:40:25","date_gmt":"2020-06-26T20:40:25","guid":{"rendered":"https:\/\/thucpham.com\/?post_type=product&#038;p=9148"},"modified":"2022-02-18T15:14:22","modified_gmt":"2022-02-18T08:14:22","slug":"ban-salad-sandwich-2-canh-berjaya","status":"publish","type":"product","link":"https:\/\/thucpham.com\/vinacom\/ban-salad-sandwich-2-canh-berjaya\/","title":{"rendered":"B\u00e0n Salad Sandwich 2 C\u00e1nh Berjaya BS2D\/SSCF6\/Z"},"content":{"rendered":"<h2><strong><span style=\"font-size: 85%;\">Th\u00f4ng tin s\u1ea3n ph\u1ea9m<\/span><\/strong><\/h2>\n<p style=\"text-align: justify;\"><strong>B\u00e0n salad sandwich 2 c\u00e1nh Berjaya <\/strong><span style=\"font-weight: 400;\"><strong>BS2D\/SSCF6\/Z<\/strong> \u0111\u01b0\u1ee3c \u01b0a chu\u1ed9ng v\u00e0 tin d\u00f9ng b\u1edfi nhi\u1ec1u kh\u00e1ch s\u1ea1n, nh\u00e0 h\u00e0ng t\u1ea1i Vi\u1ec7t Nam. \u0110\u00e2y l\u00e0 d\u00f2ng s\u1ea3n ph\u1ea9m c\u00f4ng nghi\u1ec7p c\u00f3 ch\u1ee9c n\u0103ng l\u00e0m l\u1ea1nh ph\u00f9 h\u1ee3p, ti\u1ec7n d\u1ee5ng cho vi\u1ec7c b\u1ea3o qu\u1ea3n v\u00e0 l\u01b0u tr\u1eef c\u00e1c lo\u1ea1i th\u1ef1c ph\u1ea9m, \u0111\u1ed3 u\u1ed1ng, rau, c\u1ee7 qu\u1ea3 cho nh\u00e0 h\u00e0ng, khu b\u1ebfp t\u1eadp th\u1ec3 hay kh\u00e1ch s\u1ea1n.&nbsp;<\/span><\/p>\n<p><img class=\"aligncenter wp-image-11884 size-full\" title=\"B\u00e0n salad, sandwich 2 c\u00e1nh BS2D\/SSCF6\/Z\" src=\"https:\/\/thucpham.com\/wp-content\/uploads\/2020\/06\/ban-salad-sandwich-2-canh-Berjaya-BS2DSSCF6Z-banner.jpg\" alt=\"B\u00e0n salad, sandwich 2 c\u00e1nh Berjaya BS2D\/SSCF6\/Z\" width=\"820\" height=\"656\" srcset=\"https:\/\/thucpham.com\/vinacom\/wp-content\/uploads\/2020\/06\/ban-salad-sandwich-2-canh-Berjaya-BS2DSSCF6Z-banner.jpg 820w, https:\/\/thucpham.com\/vinacom\/wp-content\/uploads\/2020\/06\/ban-salad-sandwich-2-canh-Berjaya-BS2DSSCF6Z-banner-300x240.jpg 300w, https:\/\/thucpham.com\/vinacom\/wp-content\/uploads\/2020\/06\/ban-salad-sandwich-2-canh-Berjaya-BS2DSSCF6Z-banner-768x614.jpg 768w, https:\/\/thucpham.com\/vinacom\/wp-content\/uploads\/2020\/06\/ban-salad-sandwich-2-canh-Berjaya-BS2DSSCF6Z-banner-24x19.jpg 24w, https:\/\/thucpham.com\/vinacom\/wp-content\/uploads\/2020\/06\/ban-salad-sandwich-2-canh-Berjaya-BS2DSSCF6Z-banner-36x29.jpg 36w, https:\/\/thucpham.com\/vinacom\/wp-content\/uploads\/2020\/06\/ban-salad-sandwich-2-canh-Berjaya-BS2DSSCF6Z-banner-48x38.jpg 48w, https:\/\/thucpham.com\/vinacom\/wp-content\/uploads\/2020\/06\/ban-salad-sandwich-2-canh-Berjaya-BS2DSSCF6Z-banner-510x408.jpg 510w\" sizes=\"(max-width: 820px) 100vw, 820px\" \/><\/p>\n<p style=\"text-align: center;\"><em>Th\u00f4ng tin s\u1ea3n ph\u1ea9m b\u00e0n salad sandwich 2 c\u00e1nh Berjaya BS2D\/SSCF6\/Z<\/em><\/p>\n<h2><strong><span style=\"font-size: 85%;\">\u01afu \u0111i\u1ec3m n\u1ed5i b\u1eadt<\/span><\/strong><\/h2>\n<h3><strong><span style=\"font-size: 95%;\">Thi\u1ebft k\u1ebf hi\u1ec7n \u0111\u1ea1i ti\u1ec7n l\u1ee3i<\/span><\/strong><\/h3>\n<p style=\"text-align: justify;\"><span style=\"font-weight: 400;\"><strong>B\u00e0n salad sandwich 2 c\u00e1nh Berjaya BS2D\/SSCF6\/Z<\/strong> \u0111\u01b0\u1ee3c thi\u1ebft k\u1ebf v\u1edbi 2 c\u00e1nh d\u00e0i, r\u1ea5t thu\u1eadn ti\u1ec7n \u0111\u1ec3 l\u1eafp \u0111\u1eb7t v\u00e0 b\u1ea3o qu\u1ea3n th\u1ef1c ph\u1ea9m. \u0110\u01b0\u1ee3c thi\u1ebft k\u1ebf b\u1eb1ng <a href=\"https:\/\/vi.wikipedia.org\/wiki\/Th%C3%A9p_kh%C3%B4ng_g%E1%BB%89\" target=\"_blank\" rel=\"noopener nofollow\" data-schema-attribute=\"\">inox<\/a> cao c\u1ea5p t\u1eeb trong ra ngo\u00e0i, s\u1ea3n ph\u1ea9m b\u00e0n m\u00e1t \u0111\u1ea3m b\u1ea3o \u0111\u1ed9 b\u1ec1n b\u1ec9, ch\u1ecbu l\u1ef1c t\u1ed1t v\u00e0 cho ch\u1ea5t l\u01b0\u1ee3ng \u1ed5n \u0111\u1ecbnh. H\u01a1n n\u1eefa, thi\u1ebft k\u1ebf b\u1eb1ng inox c\u0169ng gi\u00fap cho vi\u1ec7c lau ch\u00f9i, v\u1ec7 sinh d\u1ec5 d\u00e0ng, thu\u1eadn ti\u1ec7n h\u01a1n. M\u1eb7t tr\u00ean b\u00e0n <\/span><span style=\"font-weight: 400;\">salad, sandwich 2 c\u00e1nh Berjaya <\/span><span style=\"font-weight: 400;\">\u0111\u01b0\u1ee3c thi\u1ebft k\u1ebf ch\u1ee9a nhi\u1ec1u khay inox c\u00f3 n\u1eafp \u0111\u1eady \u0111\u1ec3 \u0111\u1ef1ng th\u1ef1c ph\u1ea9m v\u00e0 k\u00e8m theo l\u00e0 h\u1ec7 th\u1ed1ng l\u00e0m m\u00e1t.<\/span><\/p>\n<p style=\"text-align: justify;\"><span style=\"font-weight: 400;\">Gi\u00e0n l\u1ea1nh \u0111\u01b0\u1ee3c l\u00e0m b\u1eb1ng \u0111\u1ed3ng cho ph\u00e9p qu\u00e1 tr\u00ecnh l\u00e0m l\u1ea1nh nhanh h\u01a1n v\u00e0 c\u00f3 tu\u1ed5i th\u1ecd cao. Th\u00e2n b\u00e0n tr\u1eef m\u00e1t c\u0169ng \u0111\u01b0\u1ee3c \u0111\u1ed5 l\u1edbp c\u00e1ch nhi\u1ec7t d\u00e0y gi\u00fap ti\u1ebft ki\u1ec7m \u0111i\u1ec7n n\u0103ng cho ng\u01b0\u1eddi s\u1eed d\u1ee5ng v\u00e0 gi\u00fap gi\u1eef nhi\u1ec7t t\u1ed1t h\u01a1n. Ch\u00e2n ba\u0300n 2 c\u00e1nh Berjaya co\u0301 ba\u0301nh xe \u0111\u1ec3 di chuy\u00ea\u0309n d\u00ea\u0303 da\u0300ng v\u00e0 th\u00eam \u0111\u00f3 ba\u0301nh xe co\u0301 kho\u0301a \u0111\u00ea\u0309 c\u00f4\u0301 \u0111i\u0323nh ba\u0300n.<\/span><\/p>\n<h3><strong><span style=\"font-size: 95%;\">S\u1eed d\u1ee5ng an to\u00e0n ti\u1ec7n l\u1ee3i<\/span><\/strong><\/h3>\n<p style=\"text-align: justify;\"><span style=\"font-weight: 400;\"><strong>B\u00e0n salad sandwich 2 c\u00e1nh Berjaya BS2D\/SSCF6\/Z<\/strong> c\u00f3 b\u1ed9 \u0111i\u1ec1u khi\u1ec3n nhi\u1ec7t t\u1ef1 \u0111\u1ed9ng \u0111\u1ea3m b\u1ea3o nhi\u1ec7t \u0111\u1ed9 ch\u00ednh x\u00e1c, th\u01b0\u1eddng \u0111\u01b0\u1ee3c c\u00e0i \u1edf m\u1ee9c nhi\u1ec7t t\u1eeb 1\u00baC \u0111\u1ebfn 6\u00baC, gi\u00fap cho th\u1ef1c ph\u1ea9m lu\u00f4n gi\u1eef \u0111\u01b0\u1ee3c \u0111\u1ed9 t\u01b0\u01a1i ngon. T\u1ea5t c\u1ea3 d\u00e2y d\u1eabn v\u00e0 \u0111\u1ed9ng c\u01a1 \u0111\u1ec1u \u0111\u01b0\u1ee3c \u0111\u1ec3 b\u00ean trong v\u00e0 c\u00f3 kh\u1ea3 n\u0103ng c\u00e1ch nhi\u1ec7t, c\u00e1ch \u0111i\u1ec7n t\u1ed1t \u0111\u1ea3m b\u1ea3o an to\u00e0n khi s\u1eed d\u1ee5ng. B\u1ed9 lock m\u00e1y ch\u1ea1y kh\u00ed gas R404a th\u00e2n thi\u1ec7n v\u1edbi m\u00f4i tr\u01b0\u1eddng v\u00e0 v\u1eadn h\u00e0nh r\u1ea5t \u00eam \u00e1i kh\u00f4ng g\u00e2y \u1ed3n khi ho\u1ea1t \u0111\u1ed9ng.<\/span><\/p>\n<h3><strong><span style=\"font-size: 95%;\">Kh\u00e2u v\u1ec7 sinh thu\u1eadn ti\u1ec7n<\/span><\/strong><\/h3>\n<p style=\"text-align: justify;\">M\u1eb7t tr\u00ean <span style=\"font-weight: 400;\"><strong>b\u00e0n salad sandwich 2 c\u00e1nh Berjaya BS2D\/SSCF6\/Z <\/strong>c\u00f3 l\u1edbp k\u00ednh tr\u01b0\u1ee3t gi\u00fap ch\u1eafn b\u1ee5i b\u1ea9n bay v\u00e0o th\u1ef1c ph\u1ea9m v\u00e0 th\u00e2n b\u00e0n l\u00e0m b\u1eb1ng inox ch\u1ed1ng b\u00e1m d\u00ednh n\u00ean b\u1ea1n ch\u1ec9 c\u1ea7n v\u1ec7 sinh b\u0103ng chi\u1ebfc kh\u0103n \u1ea9m l\u00e0 b\u1ec1 m\u1eb7t s\u1ebd s\u1ea1ch b\u00f3ng nh\u01b0 m\u1edbi. B\u00e0n c\u00f3 h\u1ec7 th\u1ed1ng tu\u1ea7n ho\u00e0n r\u00e3 \u0111\u00f4ng t\u1ed1t n\u00ean kh\u00f4ng b\u1ecb \u0111\u00f3ng tuy\u1ebft gi\u00fap vi\u1ec7c c\u1ecd r\u1eeda b\u00ean trong th\u1eadt d\u1ec5 d\u00e0ng.<\/span><\/p>\n<p><img class=\"aligncenter size-full wp-image-41897\" src=\"https:\/\/thucpham.com\/wp-content\/uploads\/2020\/06\/ban-salad-sandwich-2-canh-Berjaya-BS2D-SSCF6-Z-001.jpg\" alt=\"B\u00e0n Salad Sandwich 2 C\u00e1nh Berjaya BS2D\/SSCF6\/Z\" width=\"820\" height=\"656\" srcset=\"https:\/\/thucpham.com\/vinacom\/wp-content\/uploads\/2020\/06\/ban-salad-sandwich-2-canh-Berjaya-BS2D-SSCF6-Z-001.jpg 820w, https:\/\/thucpham.com\/vinacom\/wp-content\/uploads\/2020\/06\/ban-salad-sandwich-2-canh-Berjaya-BS2D-SSCF6-Z-001-300x240.jpg 300w, https:\/\/thucpham.com\/vinacom\/wp-content\/uploads\/2020\/06\/ban-salad-sandwich-2-canh-Berjaya-BS2D-SSCF6-Z-001-768x614.jpg 768w, https:\/\/thucpham.com\/vinacom\/wp-content\/uploads\/2020\/06\/ban-salad-sandwich-2-canh-Berjaya-BS2D-SSCF6-Z-001-24x19.jpg 24w, https:\/\/thucpham.com\/vinacom\/wp-content\/uploads\/2020\/06\/ban-salad-sandwich-2-canh-Berjaya-BS2D-SSCF6-Z-001-36x29.jpg 36w, https:\/\/thucpham.com\/vinacom\/wp-content\/uploads\/2020\/06\/ban-salad-sandwich-2-canh-Berjaya-BS2D-SSCF6-Z-001-48x38.jpg 48w, https:\/\/thucpham.com\/vinacom\/wp-content\/uploads\/2020\/06\/ban-salad-sandwich-2-canh-Berjaya-BS2D-SSCF6-Z-001-510x408.jpg 510w\" sizes=\"(max-width: 820px) 100vw, 820px\" title=\"\"><\/p>\n<h2><strong><span style=\"font-size: 85%;\">S\u1eed d\u1ee5ng b\u00e0n salad sandwich 2 c\u00e1nh Berjaya c\u1ea7n l\u01b0u \u00fd<\/span><\/strong><\/h2>\n<ul>\n<li>L\u1eafp \u0111\u1eb7t g\u1ea7n ngu\u1ed3n \u0111i\u1ec7n v\u00e0 n\u01a1i kh\u00f4 tho\u00e1ng<\/li>\n<li>S\u1eafp x\u1ebfp c\u00e1c nguy\u00ean li\u1ec7u ri\u00eang bi\u1ec7t, ng\u0103n n\u1eafp<\/li>\n<li>V\u1ec7 sinh th\u01b0\u1eddng xuy\u00ean sau khi s\u1eed d\u1ee5ng<\/li>\n<li>B\u1ea3o tr\u00ec, b\u1ea3o d\u01b0\u1ee1ng \u0111\u1ecbnh k\u1ef3 \u0111\u00fang l\u1ecbch<\/li>\n<\/ul>\n<p style=\"text-align: justify;\"><span data-sheets-value=\"{&quot;1&quot;:2,&quot;2&quot;:&quot;C\u00f9ng thu\u1ed9c d\u00f2ng B\u00e0n M\u00e1t C\u00f4ng Nghi\u1ec7p cao c\u1ea5p, so v\u1edbi c\u00e1c d\u00f2ng s\u1ea3n ph\u1ea9m nh\u01b0 B\u00e0n Salad, Sandwich 1 C\u00e1nh Berjaya, B\u00e0n Salad, Sandwich 3 C\u00e1nh Berjaya, s\u1ea3n ph\u1ea9m B\u00e0n Salad, Sandwich 2 C\u00e1nh Berjaya c\u0169ng s\u1ebd mang t\u1edbi cho b\u1ea1n c\u00e1c tr\u1ea3i nghi\u1ec7m \u0111\u1ed9c \u0111\u00e1o h\u01a1n trong vi\u1ec7c ch\u1ebf bi\u1ebfn c\u00e1c m\u00f3n \u0103n nh\u1eb9 li\u00ean quan t\u1edbi Salad hay Sandwich, m\u1ed9t s\u1ef1 ti\u1ec7n d\u1ee5ng kh\u00f4ng th\u1ec3 ch\u1ed1i t\u1eeb.&quot;}\" data-sheets-userformat=\"{&quot;2&quot;:6913,&quot;3&quot;:{&quot;1&quot;:0},&quot;11&quot;:3,&quot;12&quot;:0,&quot;14&quot;:{&quot;1&quot;:2,&quot;2&quot;:0},&quot;15&quot;:&quot;Arial, sans-serif&quot;}\">C\u00f9ng thu\u1ed9c d\u00f2ng <a href=\"https:\/\/thucpham.com\/ban-mat-cong-nghiep\/\" data-schema-attribute=\"\">b\u00e0n m\u00e1t c\u00f4ng nghi\u1ec7p<\/a> cao c\u1ea5p, so v\u1edbi c\u00e1c d\u00f2ng s\u1ea3n ph\u1ea9m nh\u01b0 <a href=\"https:\/\/thucpham.com\/ban-salad-sandwich-1-canh-berjaya\/\" data-schema-attribute=\"\">b\u00e0n salad sandwich 1 c\u00e1nh Berjaya<\/a>, <a href=\"https:\/\/thucpham.com\/ban-salad-sandwich-3-canh-berjaya\/\" data-schema-attribute=\"\">b\u00e0n salad sandwich 3 c\u00e1nh Berjaya<\/a>, s\u1ea3n ph\u1ea9m B\u00e0n Salad, Sandwich 2 C\u00e1nh Berjaya c\u0169ng s\u1ebd mang t\u1edbi cho b\u1ea1n c\u00e1c tr\u1ea3i nghi\u1ec7m \u0111\u1ed9c \u0111\u00e1o h\u01a1n trong vi\u1ec7c ch\u1ebf bi\u1ebfn c\u00e1c m\u00f3n \u0103n nh\u1eb9 li\u00ean quan t\u1edbi Salad hay Sandwich, m\u1ed9t s\u1ef1 ti\u1ec7n d\u1ee5ng kh\u00f4ng th\u1ec3 ch\u1ed1i t\u1eeb.<\/span><\/p>\n<p style=\"text-align: justify;\"><em><span style=\"font-weight: 400;\">B\u00e0n salad sandwich 2 c\u00e1nh Berjaya BS2D\/SSCF6\/Z <\/span><\/em><span style=\"font-weight: 400;\">\u0111\u00e3 \u0111\u1ea1t ch\u1ee9ng ch\u1ec9 an to\u00e0n d\u00e0nh cho c\u00e1c s\u1ea3n ph\u1ea9m l\u00e0m l\u1ea1nh th\u01b0\u01a1ng m\u1ea1i IEC 60335-2-89:2002 v\u00e0 ch\u1ea5t l\u01b0\u1ee3ng ISO 9001:2000. Qu\u00fd kh\u00e1ch h\u00e3y \u0111\u1ebfn v\u1edbi ThucPham.com \u0111\u1ec3 c\u00f3 gi\u00e1 \u01b0u \u0111\u00e3i nh\u1ea5t nh\u00e9!<\/span><\/p>\n","protected":false},"excerpt":{"rendered":"<ul>\n<li style=\"font-weight: 400;\"><span style=\"font-weight: 400;\">K\u1ebft c\u1ea5u b\u1eb1ng inox 304 s\u00e1ng b\u00f3ng,d\u1ec5 d\u00e0ng v\u1ec7 sinh<\/span><\/li>\n<li style=\"font-weight: 400;\"><span style=\"font-weight: 400;\">Thi\u1ebft k\u1ebf sang tr\u1ecdng, ph\u00f9 h\u1ee3p m\u1ecdi kh\u00f4ng gian b\u1ebfp<\/span><\/li>\n<li style=\"font-weight: 400;\"><span style=\"font-weight: 400;\">Lock l\u00e0m l\u1ea1nh \u00eam v\u00e0 ch\u1ea5t l\u01b0\u1ee3ng \u1ed5n \u0111\u1ecbnh<\/span><\/li>\n<li style=\"font-weight: 400;\"><span style=\"font-weight: 400;\">Gi\u00e0n l\u1ea1nh b\u1eb1ng \u0111\u1ed3ng gi\u00fap l\u00e0m l\u1ea1nh nhanh<\/span><\/li>\n<li style=\"font-weight: 400;\"><span style=\"font-weight: 400;\">Ti\u1ebft ki\u1ec7m \u0111i\u1ec7n n\u0103ng cho ng\u01b0\u1eddi d\u00f9ng<\/span><\/li>\n<\/ul>\n","protected":false},"featured_media":35988,"comment_status":"open","ping_status":"closed","template":"","meta":[],"product_cat":[254],"product_tag":[],"_links":{"self":[{"href":"https:\/\/thucpham.com\/vinacom\/wp-json\/wp\/v2\/product\/9148"}],"collection":[{"href":"https:\/\/thucpham.com\/vinacom\/wp-json\/wp\/v2\/product"}],"about":[{"href":"https:\/\/thucpham.com\/vinacom\/wp-json\/wp\/v2\/types\/product"}],"replies":[{"embeddable":true,"href":"https:\/\/thucpham.com\/vinacom\/wp-json\/wp\/v2\/comments?post=9148"}],"wp:featuredmedia":[{"embeddable":true,"href":"https:\/\/thucpham.com\/vinacom\/wp-json\/wp\/v2\/media\/35988"}],"wp:attachment":[{"href":"https:\/\/thucpham.com\/vinacom\/wp-json\/wp\/v2\/media?parent=9148"}],"wp:term":[{"taxonomy":"product_cat","embeddable":true,"href":"https:\/\/thucpham.com\/vinacom\/wp-json\/wp\/v2\/product_cat?post=9148"},{"taxonomy":"product_tag","embeddable":true,"href":"https:\/\/thucpham.com\/vinacom\/wp-json\/wp\/v2\/product_tag?post=9148"}],"curies":[{"name":"wp","href":"https:\/\/api.w.org\/{rel}","templated":true}]}}