{"id":9141,"date":"2020-06-26T20:27:44","date_gmt":"2020-06-26T20:27:44","guid":{"rendered":"https:\/\/thucpham.com\/?post_type=product&#038;p=9141"},"modified":"2022-02-18T11:32:12","modified_gmt":"2022-02-18T04:32:12","slug":"ban-mat-3-tang-9-ngan-keo-berjaya","status":"publish","type":"product","link":"https:\/\/thucpham.com\/vinacom\/ban-mat-3-tang-9-ngan-keo-berjaya\/","title":{"rendered":"B\u00e0n M\u00e1t 3 T\u1ea7ng 9 Ng\u0103n K\u00e9o Berjaya BS9DR\/C2535\/3"},"content":{"rendered":"<h2><strong><span style=\"font-size: 85%;\">Th\u00f4ng tin s\u1ea3n ph\u1ea9m<\/span><\/strong><\/h2>\n<p style=\"text-align: justify;\"><span style=\"font-weight: 400;\"><strong>B\u00e0n m\u00e1t 3 t\u1ea7ng 9 ng\u0103n k\u00e9o Berjaya BS9DR\/C2535\/3<\/strong> l\u00e0 m\u1ed9t trong nh\u1eefng s\u1ea3n ph\u1ea9m c\u00f4ng nghi\u1ec7p l\u00fd t\u01b0\u1edfng cho vi\u1ec7c l\u01b0u tr\u1eef v\u00e0 b\u1ea3o qu\u1ea3n nhi\u1ec1u lo\u1ea1i th\u1ef1c ph\u1ea9m, \u0111\u1ed3 u\u1ed1ng v\u1edbi 9 ng\u0103n k\u00e9o t\u00e1ch bi\u1ec7t. S\u1ea3n ph\u1ea9m lu\u00f4n duy tr\u00ec \u1edf m\u1ee9c nhi\u1ec7t \u0111\u1ed9 1\u00baC \u0111\u1ebfn 6\u00baC v\u00e0 c\u0169ng d\u1ec5 d\u00e0ng \u0111i\u1ec1u khi\u1ec3n nhi\u1ec7t \u0111\u1ed9, gi\u00fap ng\u01b0\u1eddi d\u00f9ng b\u1ea3o qu\u1ea3n th\u1ef1c ph\u1ea9m t\u1ed1i \u01b0u.<\/span><\/p>\n<p style=\"text-align: justify;\"><img class=\"aligncenter wp-image-11932 size-full\" title=\"B\u00e0n M\u00e1t 3 T\u1ea7ng 9 Ng\u0103n K\u00e9o BS9DR\/C2535\/3\" src=\"https:\/\/thucpham.com\/wp-content\/uploads\/2020\/06\/ban-mat-3-tang-9-ngan-keo-Berjaya-BS9DRC25353-banner.jpg\" alt=\"B\u00e0n M\u00e1t 3 T\u1ea7ng 9 Ng\u0103n K\u00e9o Berjaya BS9DR\/C2535\/3\" width=\"820\" height=\"656\" srcset=\"https:\/\/thucpham.com\/vinacom\/wp-content\/uploads\/2020\/06\/ban-mat-3-tang-9-ngan-keo-Berjaya-BS9DRC25353-banner.jpg 820w, https:\/\/thucpham.com\/vinacom\/wp-content\/uploads\/2020\/06\/ban-mat-3-tang-9-ngan-keo-Berjaya-BS9DRC25353-banner-300x240.jpg 300w, https:\/\/thucpham.com\/vinacom\/wp-content\/uploads\/2020\/06\/ban-mat-3-tang-9-ngan-keo-Berjaya-BS9DRC25353-banner-768x614.jpg 768w, https:\/\/thucpham.com\/vinacom\/wp-content\/uploads\/2020\/06\/ban-mat-3-tang-9-ngan-keo-Berjaya-BS9DRC25353-banner-24x19.jpg 24w, https:\/\/thucpham.com\/vinacom\/wp-content\/uploads\/2020\/06\/ban-mat-3-tang-9-ngan-keo-Berjaya-BS9DRC25353-banner-36x29.jpg 36w, https:\/\/thucpham.com\/vinacom\/wp-content\/uploads\/2020\/06\/ban-mat-3-tang-9-ngan-keo-Berjaya-BS9DRC25353-banner-48x38.jpg 48w, https:\/\/thucpham.com\/vinacom\/wp-content\/uploads\/2020\/06\/ban-mat-3-tang-9-ngan-keo-Berjaya-BS9DRC25353-banner-510x408.jpg 510w\" sizes=\"(max-width: 820px) 100vw, 820px\" \/><\/p>\n<p style=\"text-align: center;\"><em>Th\u00f4ng tin s\u1ea3n ph\u1ea9m b\u00e0n m\u00e1t 3 t\u1ea7ng 9 ng\u0103n k\u00e9o Berjaya BS9DR\/C2535\/3<\/em><\/p>\n<h2><strong><span style=\"font-size: 85%;\">\u01afu \u0111i\u1ec3m b\u00e0n m\u00e1t 3 t\u1ea7ng 9 ng\u0103n k\u00e9o Berjaya<\/span><\/strong><\/h2>\n<h3><strong><span style=\"font-size: 95%;\">Thi\u1ebft k\u1ebf t\u1ed1i t\u00e2n ti\u1ec7n l\u1ee3i<\/span><\/strong><\/h3>\n<p style=\"text-align: justify;\"><span style=\"font-weight: 400;\"><strong>B\u00e0n m\u00e1t 3 t\u1ea7ng 9 ng\u0103n k\u00e9o Berjaya BS9DR\/C2535\/3<\/strong> c\u00f3 t\u00ednh n\u0103ng t\u1ecfa nhi\u1ec7t b\u1eb1ng qu\u1ea1t th\u00f4ng gi\u00f3 gi\u00fap gi\u1eef l\u1ea1nh t\u1ed1t, kh\u00f4ng b\u00e1m tuy\u1ebft, ph\u00e2n ph\u1ed1i t\u1ed1t h\u01a1n nhi\u1ec7t \u0111\u1ed9 v\u00e0 kh\u00f4ng kh\u00ed b\u00ean trong t\u1ee7. Ngo\u00e0i ra, h\u1ec7 th\u1ed1ng c\u1eeda t\u1ef1 \u0111\u1ed9ng \u0111\u00f3ng h\u1ea1n ch\u1ebf h\u01a1i l\u1ea1nh th\u1ea5t tho\u00e1t ra ngo\u00e0i ho\u1eb7c \u0111\u1ec3 nhi\u1ec7t \u0111\u1ed9 b\u00ean ngo\u00e0i l\u00e0m \u1ea3nh h\u01b0\u1edfng \u0111\u1ebfn hi\u1ec7u qu\u1ea3 l\u00e0m m\u00e1t, l\u1ea1nh c\u1ee7a thi\u1ebft b\u1ecb. Ngo\u00e0i ch\u1ee9c n\u0103ng b\u1ea3o qu\u1ea3n th\u1ef1c ph\u1ea9m, ng\u01b0\u1eddi d\u00f9ng c\u00f2n c\u00f3 th\u1ec3 t\u1eadn d\u1ee5ng m\u1eb7t b\u00e0n l\u00e0m n\u01a1i ch\u1ebf bi\u1ebfn th\u1ee9c \u0103n, b\u00e0n ra \u0111\u1ed3 v\u00f4 c\u00f9ng ti\u1ec7n l\u1ee3i.<\/span><\/p>\n<h3><strong><span style=\"font-size: 95%;\">S\u1ea3n xu\u1ea5t t\u1eeb inox cao c\u1ea5p<\/span><\/strong><\/h3>\n<p style=\"text-align: justify;\"><span style=\"font-weight: 400;\">C\u0169ng gi\u1ed1ng nh\u01b0 c\u00e1c s\u1ea3n ph\u1ea9m b\u00e0n m\u00e1t c\u1ee7a th\u01b0\u01a1ng hi\u1ec7u Berjaya, <strong>b\u00e0n m\u00e1t 3 t\u1ea7ng 9 ng\u0103n k\u00e9o Berjaya BS9DR\/C2535\/3<\/strong> \u0111\u01b0\u1ee3c thi\u1ebft k\u1ebf v\u1ecf ngo\u00e0i b\u1eb1ng <a href=\"https:\/\/vi.wikipedia.org\/wiki\/Th%C3%A9p_kh%C3%B4ng_g%E1%BB%89\" target=\"_blank\" rel=\"noopener nofollow\" data-schema-attribute=\"\">inox cao c\u1ea5p<\/a> mang l\u1ea1i s\u1ef1 sang tr\u1ecdng v\u00e0 th\u1ea9m m\u1ef9 cho kh\u00f4ng gian c\u1ee7a b\u1ea1n. Ch\u1ea5t li\u1ec7u n\u00e0y c\u00f3 \u0111\u1ed9 b\u1ec1n b\u1ec9 cao, kh\u1ea3 n\u0103ng ch\u1ed1ng va \u0111\u1eadp t\u1ed1t, \u00edt b\u1ecb m\u00f3p m\u00e9o khi v\u1eadn chuy\u1ec3n v\u00e0 l\u1eafp \u0111\u1eb7t. C\u00e1c c\u1ea1nh \u0111\u01b0\u1ee3c \u00e9p th\u1ee7y l\u1ef1c n\u00ean g\u00f3c c\u1ea1nh r\u1ea5t r\u00f5 r\u00e0ng v\u00e0 \u0111\u01b0\u1ee3c m\u00e0i ph\u1eb3ng nh\u1eb5n m\u1ecbn \u0111\u1ea3m b\u1ea3o an to\u00e0n khi ti\u1ebfp x\u00fac.<\/span><\/p>\n<h3><strong><span style=\"font-size: 95%;\">V\u1eadn h\u00e0nh an to\u00e0n d\u1ec5 d\u00e0ng<\/span><\/strong><\/h3>\n<p style=\"text-align: justify;\"><span style=\"font-weight: 400;\"><strong>B\u00e0n m\u00e1t 3 t\u1ea7ng 9 ng\u0103n k\u00e9o Berjaya BS9DR\/C2535\/3 <\/strong>\u0111\u01b0\u1ee3c thi\u1ebft k\u1ebf b\u1eb1ng c\u00e1c ch\u1ea5t li\u1ec7u theo ti\u00eau chu\u1ea9n Ch\u00e2u \u00e2u n\u00ean \u0111\u1ea3m b\u1ea3o an to\u00e0n kh\u00f4ng r\u00f2 r\u1ec9 \u0111i\u1ec7n khi v\u1eadn h\u00e0nh. H\u1ec7 th\u1ed1ng \u0111\u00e8n LED hi\u1ec3n th\u1ecb nhi\u1ec7t \u0111\u1ed9 gi\u00fap b\u1ea1n ki\u1ec3m so\u00e1t \u0111\u01b0\u1ee3c t\u00ecnh h\u00ecnh ho\u1ea1t \u0111\u1ed9ng c\u1ee7a s\u1ea3n ph\u1ea9m \u0111\u1ec3 \u0111\u1ea3m b\u1ea3o n\u00f3 lu\u00f4n v\u1eadn h\u00e0nh trong t\u00ecnh tr\u1ea1ng t\u1ed1t. C\u00e1c ch\u00e2n inox ch\u1eafc ch\u1eafn gi\u00fap b\u00e0n m\u00e1t kh\u00f3 b\u1ecb x\u00ea d\u1ecbch v\u00e0 lu\u00f4n v\u1eefng ch\u00e3i khi s\u1eed d\u1ee5ng.<\/span><\/p>\n<h3><strong><span style=\"font-size: 95%;\">Kh\u00e2u v\u1ec7 sinh d\u1ec5 d\u00e0ng<\/span><\/strong><\/h3>\n<p><span style=\"font-weight: 400;\"><strong>B\u00e0n m\u00e1t 3 t\u1ea7ng 9 ng\u0103n k\u00e9o Berjaya BS9DR\/C2535\/3 <\/strong>c\u00f3 h\u1ec7 th\u1ed1ng r\u00e3 \u0111\u00f4ng t\u1ef1 \u0111\u1ed9ng v\u00e0 h\u1ea1n ch\u1ebf \u0111\u00f3ng tuy\u1ebft n\u00ean vi\u1ec7c c\u1ecd r\u1eeda c\u00e1c ng\u0103n k\u00e9o r\u1ea5t d\u1ec5 d\u00e0ng. B\u1ec1 m\u1eb7t b\u1eb1ng ch\u1ea5t li\u1ec7u ch\u1ed1ng b\u00e1m d\u00ednh, b\u1ec1n b\u1ec9 kh\u00f4ng han g\u1ec9 n\u00ean b\u1ea1n ch\u1ec9 c\u1ea7n m\u1ea5t v\u00e0i ph\u00fat v\u1ec7 sinh ch\u1ec9 v\u1edbi n\u01b0\u1edbc t\u1ea9y r\u1eeda th\u00f4ng th\u01b0\u1eddng. \u0110\u1eb7c bi\u1ec7t n\u00f3 c\u00f2n gi\u00fap \u0111\u1ea3m b\u1ea3o v\u1ec7 sinh an to\u00e0n th\u1ef1c ph\u1ea9m b\u1edfi kh\u1ea3 n\u0103ng kh\u00f4ng th\u00f4i nhi\u1ec5m kim lo\u1ea1i ra kh\u00f4ng kh\u00ed.<\/span><\/p>\n<p><img class=\"aligncenter size-full wp-image-41885\" src=\"https:\/\/thucpham.com\/wp-content\/uploads\/2020\/06\/ban-mat-3-tang-9-ngan-keo-Berjaya-BS9DR-C2535-3-001.jpg\" alt=\"B\u00e0n M\u00e1t 3 T\u1ea7ng 9 Ng\u0103n K\u00e9o Berjaya BS9DR\/C2535\/3\" width=\"820\" height=\"656\" srcset=\"https:\/\/thucpham.com\/vinacom\/wp-content\/uploads\/2020\/06\/ban-mat-3-tang-9-ngan-keo-Berjaya-BS9DR-C2535-3-001.jpg 820w, https:\/\/thucpham.com\/vinacom\/wp-content\/uploads\/2020\/06\/ban-mat-3-tang-9-ngan-keo-Berjaya-BS9DR-C2535-3-001-300x240.jpg 300w, https:\/\/thucpham.com\/vinacom\/wp-content\/uploads\/2020\/06\/ban-mat-3-tang-9-ngan-keo-Berjaya-BS9DR-C2535-3-001-768x614.jpg 768w, https:\/\/thucpham.com\/vinacom\/wp-content\/uploads\/2020\/06\/ban-mat-3-tang-9-ngan-keo-Berjaya-BS9DR-C2535-3-001-24x19.jpg 24w, https:\/\/thucpham.com\/vinacom\/wp-content\/uploads\/2020\/06\/ban-mat-3-tang-9-ngan-keo-Berjaya-BS9DR-C2535-3-001-36x29.jpg 36w, https:\/\/thucpham.com\/vinacom\/wp-content\/uploads\/2020\/06\/ban-mat-3-tang-9-ngan-keo-Berjaya-BS9DR-C2535-3-001-48x38.jpg 48w, https:\/\/thucpham.com\/vinacom\/wp-content\/uploads\/2020\/06\/ban-mat-3-tang-9-ngan-keo-Berjaya-BS9DR-C2535-3-001-510x408.jpg 510w\" sizes=\"(max-width: 820px) 100vw, 820px\" title=\"\"><\/p>\n<p style=\"text-align: justify;\">N\u1ebfu nh\u01b0 b\u1ea1n mu\u1ed1n t\u00ecm m\u1ed9t s\u1ea3n ph\u1ea9m \u0111ang hot v\u00e0 \u0111\u01b0\u1ee3c c\u00e1c nh\u00e0 h\u00e0ng tin d\u00f9ng th\u00ec <strong>B\u00e0n M\u00e1t 3 T\u1ea7ng 9 Ng\u0103n K\u00e9o Berjaya<\/strong> ch\u00ednh l\u00e0 s\u1ef1 l\u1ef1a ch\u1ecdn c\u1ee7a b\u1ea1n, hi\u1ec7u n\u0103ng c\u0169ng nh\u01b0 \u0111\u1ed9 b\u1ec1n \u0111\u1eb9p c\u1ee7a n\u00f3 kh\u00f4ng thua k\u00e9m g\u00ec c\u00e1c m\u1eb7t h\u00e0ng nh\u01b0 <a href=\"https:\/\/thucpham.com\/ban-mat-3-tang-3-ngan-keo-berjaya\/\" data-schema-attribute=\"\">b\u00e0n m\u00e1t 3 t\u1ea7ng 3 ng\u0103n k\u00e9o Berjaya BS3DR\/C1165\/3<\/a>, <a href=\"https:\/\/thucpham.com\/ban-mat-3-tang-6-ngan-keo-berjaya\/\" data-schema-attribute=\"\">b\u00e0n m\u00e1t 3 t\u1ea7ng 6 ng\u0103n k\u00e9o Berjaya BS6DR\/C1850\/3<\/a> trong d\u00f2ng m\u00e1y <a href=\"https:\/\/thucpham.com\/ban-mat-cong-nghiep\/\" data-schema-attribute=\"\">b\u00e0n m\u00e1t c\u00f4ng nghi\u1ec7p<\/a>, h\u00e3y tham kh\u1ea3o th\u1eadt k\u1ef9 v\u00e0 l\u1ef1a ch\u1ecdn s\u00e1ng su\u1ed1t.<\/p>\n<p style=\"text-align: justify;\"><span style=\"font-weight: 400;\">ThucPham.com lu\u00f4n cam k\u1ebft s\u1ebd mang t\u1edbi qu\u00fd kh\u00e1ch h\u00e0ng s\u1ea3n ph\u1ea9m <em>b\u00e0n m\u00e1t 3 t\u1ea7ng 9 ng\u0103n k\u00e9o Berjaya BS9DR\/C2535\/3<\/em> ch\u00ednh h\u00e3ng, gi\u00e1 c\u1ea3 h\u1ee3p l\u00fd, v\u00e0 d\u1ecbch v\u1ee5 h\u1eadu m\u00e3i chu \u0111\u00e1o.<\/span><\/p>\n","protected":false},"excerpt":{"rendered":"<ul>\n<li style=\"font-weight: 400;\"><span style=\"font-weight: 400;\">L\u00fd t\u01b0\u1edfng \u0111\u1ec3 l\u01b0u tr\u1eef v\u00e0 b\u1ea3o qu\u1ea3n th\u1ef1c ph\u1ea9m<\/span><\/li>\n<li style=\"font-weight: 400;\"><span style=\"font-weight: 400;\">R\u00e3 \u0111\u00f4ng t\u1ef1 \u0111\u1ed9ng v\u00e0 bay h\u01a1i n\u01b0\u1edbc ng\u01b0ng t\u1ee5<\/span><\/li>\n<li style=\"font-weight: 400;\"><span style=\"font-weight: 400;\">V\u1ecf ngo\u00e0i b\u1eb1ng inox cao c\u1ea5p, s\u00e1ng b\u00f3ng, t\u00ednh th\u1ea9m m\u1ef9 cao<\/span><\/li>\n<li style=\"font-weight: 400;\"><span style=\"font-weight: 400;\">T\u1ecfa nhi\u1ec7t b\u1eb1ng qu\u1ea1t th\u00f4ng gi\u00f3 gi\u00fap gi\u1eef l\u1ea1nh t\u1ed1t<\/span><\/li>\n<li style=\"font-weight: 400;\"><span style=\"font-weight: 400;\">H\u1ec7 th\u1ed1ng c\u1eeda t\u1ef1 \u0111\u1ed9ng \u0111\u00f3ng th\u00f4ng minh<\/span><\/li>\n<li style=\"font-weight: 400;\"><span style=\"font-weight: 400;\">S\u1ea3n xu\u1ea5t tr\u00ean d\u00e2y chuy\u1ec1n c\u00f4ng ngh\u1ec7 hi\u1ec7n \u0111\u1ea1i, ti\u1ebft ki\u1ec7m \u0111i\u1ec7n n\u0103ng<\/span><\/li>\n<\/ul>\n","protected":false},"featured_media":35973,"comment_status":"open","ping_status":"closed","template":"","meta":[],"product_cat":[195],"product_tag":[],"_links":{"self":[{"href":"https:\/\/thucpham.com\/vinacom\/wp-json\/wp\/v2\/product\/9141"}],"collection":[{"href":"https:\/\/thucpham.com\/vinacom\/wp-json\/wp\/v2\/product"}],"about":[{"href":"https:\/\/thucpham.com\/vinacom\/wp-json\/wp\/v2\/types\/product"}],"replies":[{"embeddable":true,"href":"https:\/\/thucpham.com\/vinacom\/wp-json\/wp\/v2\/comments?post=9141"}],"wp:featuredmedia":[{"embeddable":true,"href":"https:\/\/thucpham.com\/vinacom\/wp-json\/wp\/v2\/media\/35973"}],"wp:attachment":[{"href":"https:\/\/thucpham.com\/vinacom\/wp-json\/wp\/v2\/media?parent=9141"}],"wp:term":[{"taxonomy":"product_cat","embeddable":true,"href":"https:\/\/thucpham.com\/vinacom\/wp-json\/wp\/v2\/product_cat?post=9141"},{"taxonomy":"product_tag","embeddable":true,"href":"https:\/\/thucpham.com\/vinacom\/wp-json\/wp\/v2\/product_tag?post=9141"}],"curies":[{"name":"wp","href":"https:\/\/api.w.org\/{rel}","templated":true}]}}