{"id":9123,"date":"2020-06-26T19:52:12","date_gmt":"2020-06-26T19:52:12","guid":{"rendered":"https:\/\/thucpham.com\/?post_type=product&#038;p=9123"},"modified":"2022-02-16T10:32:57","modified_gmt":"2022-02-16T03:32:57","slug":"ban-nua-dong-nua-mat-2-canh-berjaya","status":"publish","type":"product","link":"https:\/\/thucpham.com\/vinacom\/ban-nua-dong-nua-mat-2-canh-berjaya\/","title":{"rendered":"B\u00e0n N\u1eeda \u0110\u00f4ng N\u1eeda M\u00e1t 2 C\u00e1nh Berjaya BS2DCF4\/Z-BS2DCF6\/Z"},"content":{"rendered":"<h2><strong><span style=\"font-size: 85%;\">M\u00f4 t\u1ea3 s\u1ea3n ph\u1ea9m<\/span><\/strong><\/h2>\n<p style=\"text-align: justify;\"><b>B\u00e0n n\u1eeda \u0111\u00f4ng n\u1eeda m\u00e1t 2 c\u00e1nh Berjaya BS2DCF4\/Z-BS2DCF6\/Z <\/b><span style=\"font-weight: 400;\">l\u00e0 s\u1ea3n ph\u1ea9m nh\u1eadp kh\u1ea9u tr\u1ef1c ti\u1ebfp t\u1eeb Malaysia, \u0111\u01b0\u1ee3c s\u1eed d\u1ee5ng ph\u1ed5 bi\u1ebfn t\u1ea1i th\u1ecb tr\u01b0\u1eddng Vi\u1ec7t Nam. V\u1edbi ch\u1ee9c n\u0103ng gi\u1eef m\u00e1t, l\u00e0m l\u1ea1nh ph\u00f9 h\u1ee3p cho vi\u1ec7c l\u01b0u gi\u1eef th\u1ef1c ph\u1ea9m hay ch\u1ee9a th\u1ef1c ph\u1ea9m cho kh\u00e1ch s\u1ea1n, nh\u00e0 h\u00e0ng ho\u1eb7c b\u1ebfp \u0103n t\u1eadp th\u1ec3 c\u00f3 c\u00f4ng su\u1ea5t l\u1edbn.&nbsp;<\/span><\/p>\n<p style=\"text-align: justify;\"><img class=\"aligncenter wp-image-11926 size-full\" title=\"Th\u00f4ng Tin B\u00e0n N\u1eeda \u0110\u00f4ng N\u1eeda M\u00e1t 2 C\u00e1nh BS2DCF4\/Z-BS2DCF6\/Z\" src=\"https:\/\/thucpham.com\/wp-content\/uploads\/2020\/06\/ban-nua-dong-nua-mat-2-canh-Berjaya-BS2DCF4Z-banner.jpg\" alt=\"B\u00e0n N\u1eeda \u0110\u00f4ng N\u1eeda M\u00e1t 2 C\u00e1nh Berjaya BS2DCF4\/Z-BS2DCF6\/Z\" width=\"820\" height=\"656\" srcset=\"https:\/\/thucpham.com\/vinacom\/wp-content\/uploads\/2020\/06\/ban-nua-dong-nua-mat-2-canh-Berjaya-BS2DCF4Z-banner.jpg 820w, https:\/\/thucpham.com\/vinacom\/wp-content\/uploads\/2020\/06\/ban-nua-dong-nua-mat-2-canh-Berjaya-BS2DCF4Z-banner-300x240.jpg 300w, https:\/\/thucpham.com\/vinacom\/wp-content\/uploads\/2020\/06\/ban-nua-dong-nua-mat-2-canh-Berjaya-BS2DCF4Z-banner-768x614.jpg 768w, https:\/\/thucpham.com\/vinacom\/wp-content\/uploads\/2020\/06\/ban-nua-dong-nua-mat-2-canh-Berjaya-BS2DCF4Z-banner-24x19.jpg 24w, https:\/\/thucpham.com\/vinacom\/wp-content\/uploads\/2020\/06\/ban-nua-dong-nua-mat-2-canh-Berjaya-BS2DCF4Z-banner-36x29.jpg 36w, https:\/\/thucpham.com\/vinacom\/wp-content\/uploads\/2020\/06\/ban-nua-dong-nua-mat-2-canh-Berjaya-BS2DCF4Z-banner-48x38.jpg 48w, https:\/\/thucpham.com\/vinacom\/wp-content\/uploads\/2020\/06\/ban-nua-dong-nua-mat-2-canh-Berjaya-BS2DCF4Z-banner-510x408.jpg 510w\" sizes=\"(max-width: 820px) 100vw, 820px\" \/><\/p>\n<p style=\"text-align: center;\"><em>Th\u00f4ng tin s\u1ea3n ph\u1ea9m b\u00e0n n\u1eeda \u0111\u00f4ng n\u1eeda m\u00e1t 2 c\u00e1nh Berjaya <span style=\"font-weight: 400;\"><i>BS2DCF4\/Z-BS2DCF6\/Z<\/i><\/span><\/em><\/p>\n<h2><span style=\"font-size: 85%;\"><strong>\u01afu \u0111i\u1ec3m n\u1ed5i b\u1eadt<\/strong><\/span><\/h2>\n<h3><strong><span style=\"font-size: 95%;\">Thi\u1ebft k\u1ebf hi\u1ec7n \u0111\u1ea1i ti\u1ec7n l\u1ee3i<\/span><\/strong><\/h3>\n<p style=\"text-align: justify;\"><span style=\"font-weight: 400;\"><strong>B\u00e0n n\u1eeda \u0111\u00f4ng n\u1eeda m\u00e1t 2 c\u00e1nh Berjaya BS2DCF4\/Z-BS2DCF6\/Z <\/strong><\/span>c\u00f3 <span style=\"font-weight: 400;\">Thi\u1ebft k\u1ebf \u0111\u1eb7c bi\u1ec7t v\u1edbi 1 ng\u0103n m\u00e1t v\u00e0 1 ng\u0103n \u0111\u00f4ng gi\u00fap t\u1ee7 v\u1eeba b\u1ea3o qu\u1ea3n \u0111\u01b0\u1ee3c c\u00e1c lo\u1ea1i th\u1ef1c ph\u1ea9m t\u01b0\u01a1i s\u1ed1ng v\u00e0 v\u1eeba l\u00e0m m\u00e1t th\u1ef1c ph\u1ea9m nh\u01b0 tr\u00e1i c\u00e2y, rau c\u1ee7. S\u1ea3n ph\u1ea9m c\u00f3 2 c\u00e1nh ri\u00eang bi\u1ec7t thu\u1eadn ti\u1ec7n cho vi\u1ec7c s\u1eed d\u1ee5ng, h\u1ea1n ch\u1ebf t\u1ed1i \u0111a s\u1ef1 th\u1ea5t tho\u00e1t nhi\u1ec7t ra b\u00ean ngo\u00e0i, gi\u00fap ti\u1ebft ki\u1ec7m \u0111i\u1ec7n n\u0103ng. K\u00e8m theo \u0111\u00f3, thi\u1ebft k\u1ebf th\u00e2n c\u1ee7a b\u00e0n n\u1eeda \u0111\u00f4ng n\u1eeda m\u00e1t 2 c\u00e1nh Berjaya \u0111\u01b0\u1ee3c t\u00edch h\u1ee3p l\u1edbp c\u00e1ch nhi\u1ec7t, do v\u1eady gi\u00fap ng\u0103n c\u1ea3n nhi\u1ec7t \u0111\u1ed9 b\u00ean ngo\u00e0i \u1ea3nh h\u01b0\u1edfng \u0111\u1ebfn \u0111\u1ed9 l\u1ea1nh b\u00ean trong.<\/span><\/p>\n<h3><strong><span style=\"font-size: 95%;\">C\u1ea5u t\u1ea1o t\u1eeb ch\u1ea5t li\u1ec7u cao c\u1ea5p<\/span><\/strong><\/h3>\n<p style=\"text-align: justify;\"><span style=\"font-weight: 400;\"><strong>B\u00e0n n\u1eeda \u0111\u00f4ng n\u1eeda m\u00e1t 2 c\u00e1nh Berjaya BS2DCF4\/Z-BS2DCF6\/Z<\/strong> \u0111\u01b0\u1ee3c thi\u1ebft k\u1ebf ho\u00e0n to\u00e0n b\u1eb1ng <a href=\"https:\/\/vi.wikipedia.org\/wiki\/Th%C3%A9p_kh%C3%B4ng_g%E1%BB%89\" target=\"_blank\" rel=\"noopener nofollow\" data-schema-attribute=\"\">th\u00e9p kh\u00f4ng g\u1ec9<\/a> n\u00ean c\u1ea5u t\u1ea1o r\u1ea5t ch\u1eafc ch\u1eafn, b\u1ec1n \u0111\u1eb9p, d\u1ec5 v\u1ec7 sinh gi\u00fap ti\u1ebft ki\u1ec7m kinh t\u1ebf r\u1ea5t nhi\u1ec1u cho ng\u01b0\u1eddi s\u1eed d\u1ee5ng. C\u00e1c g\u00f3c c\u1ea1nh c\u1ee7a s\u1ea3n ph\u1ea9m \u0111\u01b0\u1ee3c \u00e9p th\u1ee7y l\u1ef1c n\u00ean r\u1ea5t vu\u00f4ng v\u1eafn, ph\u1eb3ng m\u1ecbn \u0111\u1ea3m b\u1ea3o an to\u00e0n khi di chuy\u1ec3n v\u00e0 s\u1eed d\u1ee5ng. B\u1ed1n ch\u00e2n inox ch\u1eafc ch\u1eafn gi\u00fap b\u1ea1n di chuy\u1ec3n l\u1eafp \u0111\u1eb7t d\u1ec5 d\u00e0ng \u1edf m\u1ecdi n\u01a1i trong gian b\u1ebfp c\u1ee7a b\u1ea1n.<\/span><\/p>\n<h3><span style=\"font-size: 95%;\"><strong>V\u1eadn h\u00e0nh d\u1ec5 d\u00e0ng an to\u00e0n<\/strong><\/span><\/h3>\n<p style=\"text-align: justify;\"><span style=\"font-weight: 400;\"><strong>B\u00e0n n\u1eeda \u0111\u00f4ng n\u1eeda m\u00e1t 2 c\u00e1nh Berjaya BS2DCF4\/Z-BS2DCF6\/Z <\/strong>c\u00f3 <\/span>qu\u1ea1t th\u1ed5i kh\u00ed gi\u00fap khoang ch\u1ee9a m\u00e1t l\u1ea1nh \u0111\u1ed3ng \u0111\u1ec1u, ch\u1ea5t l\u00e0m l\u1ea1nh R134a v\u00e0 R404a kh\u00f4ng ch\u1ee9a ch\u1ea5t CFC v\u00e0 HCFC \u0111\u1ed9c h\u1ea1i. <span style=\"font-weight: 400;\">Ngo\u00e0i ra, s\u1ea3n ph\u1ea9m s\u1eed d\u1ee5ng b\u1ed9 \u0111i\u1ec1u khi\u1ec3n nhi\u1ec7t \u0111\u1ed9 b\u1eb1ng k\u1ef9 thu\u1eadt s\u1ed1 v\u00e0 ch\u1ebf \u0111\u1ed9 hi\u1ec3n th\u1ecb nhi\u1ec7t \u0111\u1ed9 qua m\u00e0n h\u00ecnh <a href=\"https:\/\/vi.wikipedia.org\/wiki\/LED\" target=\"_blank\" rel=\"noopener nofollow\" data-schema-attribute=\"\">LED<\/a> cho ph\u00e9p ng\u01b0\u1eddi d\u00f9ng d\u1ec5 d\u00e0ng \u0111i\u1ec1u ch\u1ec9nh m\u1ee9c nhi\u1ec7t mong mu\u1ed1n. <\/span><span style=\"font-weight: 400;\">B\u00ean c\u1ea1nh \u0111\u00f3, th\u00eam m\u1ed9t \u01b0u \u0111i\u1ec3m c\u1ee7a b\u00e0n n\u1eeda \u0111\u00f4ng n\u1eeda m\u00e1t 2 c\u00e1nh Berjaya l\u00e0 b\u1ea1n c\u00f3 th\u1ec3 s\u1eed d\u1ee5ng m\u1eb7t tr\u00ean c\u1ee7a b\u00e0n \u0111\u1ec3 c\u1eaft l\u00e1t v\u00e0 \u0111\u1eb7t m\u1ed9t s\u1ed1 d\u1ee5ng c\u1ee5 nh\u1ecf nh\u01b0: dao, th\u1edbt,\u2026<\/span><\/p>\n<p><img class=\"aligncenter wp-image-41842 size-full\" title=\"\u01afu \u0110i\u1ec3m B\u00e0n N\u1eeda \u0110\u00f4ng N\u1eeda M\u00e1t 2 C\u00e1nh Berjaya BS2DCF4\/Z-BS2DCF6\/Z\" src=\"https:\/\/thucpham.com\/wp-content\/uploads\/2020\/06\/ban-nua-dong-nua-mat-2-canh-Berjaya-001.jpg\" alt=\"B\u00e0n N\u1eeda \u0110\u00f4ng N\u1eeda M\u00e1t 2 C\u00e1nh Berjaya BS2DCF4\/Z-BS2DCF6\/Z\" width=\"820\" height=\"656\" srcset=\"https:\/\/thucpham.com\/vinacom\/wp-content\/uploads\/2020\/06\/ban-nua-dong-nua-mat-2-canh-Berjaya-001.jpg 820w, https:\/\/thucpham.com\/vinacom\/wp-content\/uploads\/2020\/06\/ban-nua-dong-nua-mat-2-canh-Berjaya-001-300x240.jpg 300w, https:\/\/thucpham.com\/vinacom\/wp-content\/uploads\/2020\/06\/ban-nua-dong-nua-mat-2-canh-Berjaya-001-768x614.jpg 768w, https:\/\/thucpham.com\/vinacom\/wp-content\/uploads\/2020\/06\/ban-nua-dong-nua-mat-2-canh-Berjaya-001-24x19.jpg 24w, https:\/\/thucpham.com\/vinacom\/wp-content\/uploads\/2020\/06\/ban-nua-dong-nua-mat-2-canh-Berjaya-001-36x29.jpg 36w, https:\/\/thucpham.com\/vinacom\/wp-content\/uploads\/2020\/06\/ban-nua-dong-nua-mat-2-canh-Berjaya-001-48x38.jpg 48w, https:\/\/thucpham.com\/vinacom\/wp-content\/uploads\/2020\/06\/ban-nua-dong-nua-mat-2-canh-Berjaya-001-510x408.jpg 510w\" sizes=\"(max-width: 820px) 100vw, 820px\" \/><\/p>\n<h2><span style=\"font-size: 85%;\"><strong>L\u01b0u \u00fd khi d\u00f9ng b\u00e0n n\u1eeda \u0111\u00f4ng n\u1eeda m\u00e1t 2 c\u00e1nh Berjaya<\/strong><\/span><\/h2>\n<ul>\n<li>L\u1eafp \u0111\u1eb7t s\u1ea3n ph\u1ea9m g\u1ea7n ngu\u1ed3n \u0111i\u1ec7n v\u00e0 kh\u00f4 r\u00e1o<\/li>\n<li>Ki\u1ec3m tra l\u1ea1i \u0111\u01b0\u1eddng \u0111i\u1ec7n v\u00e0 s\u1ea3n ph\u1ea9m tr\u01b0\u1edbc khi v\u1eadn h\u00e0nh<\/li>\n<li>S\u1eafp x\u1ebfp nguy\u00ean li\u1ec7u trong khoang ch\u1ee9a ng\u0103n n\u1eafp \u0111\u1ec3 nhi\u1ec7t \u0111\u1ed9 l\u1ea1nh \u0111\u1ec1u<\/li>\n<li>V\u1ec7 sinh th\u01b0\u1eddng xuy\u00ean \u0111\u1ec3 \u0111\u1ea3m b\u1ea3o tu\u1ed5i th\u1ecd v\u00e0 v\u1ec7 sinh an to\u00e0n th\u1ef1c ph\u1ea9m<\/li>\n<\/ul>\n<p style=\"text-align: justify;\">N\u1ebfu nh\u01b0 b\u1ea1n \u0111ang c\u00f3 \u00fd \u0111\u1ecbnh m\u1edf m\u1ed9t nh\u00e0 h\u00e0ng th\u00ec ch\u1eafc h\u1eb3n b\u1ea1n s\u1ebd kh\u00f4ng th\u1ec3 b\u1ecf qua vi\u1ec7c l\u1ef1a ch\u1ecdn <em>B\u00e0n N\u1eeda \u0110\u00f4ng N\u1eeda M\u00e1t 2 C\u00e1nh Berjaya<\/em> hay <a href=\"https:\/\/thucpham.com\/ban-nua-dong-nua-mat-3-canh-berjaya\/\" data-schema-attribute=\"\">b\u00e0n n\u1eeda \u0111\u00f4ng n\u1eeda m\u00e1t 3 c\u00e1nh Berjaya<\/a><strong>. <\/strong>Hai s\u1ea3n ph\u1ea9m <a href=\"https:\/\/thucpham.com\/ban-nua-dong-nua-mat\/\" data-schema-attribute=\"\">b\u00e0n n\u1eeda \u0111\u00f4ng n\u1eeda m\u00e1t c\u00f4ng nghi\u1ec7p<\/a> n\u00e0y s\u1ebd \u0111\u1ea3m b\u1ea3o qu\u00e1 tr\u00ecnh n\u1ea5u n\u01b0\u1edbng ch\u1ebf bi\u1ebfn m\u00f3n \u0103n c\u1ee7a b\u1ea1n tr\u01a1n tru v\u00e0 d\u1ec5 d\u00e0ng h\u01a1n r\u1ea5t nhi\u1ec1u so v\u1edbi vi\u1ec7c l\u00e0m th\u1ee7 c\u00f4ng, d\u1eabn \u0111\u1ebfn vi\u1ec7c ti\u1ebft ki\u1ec7m chi ph\u00ed nh\u00e2n c\u00f4ng r\u1ea5t l\u1edbn sau n\u00e0y.<\/p>\n<p style=\"text-align: justify;\"><b>B\u00e0n n\u1eeda \u0111\u00f4ng n\u1eeda m\u00e1t 2 c\u00e1nh Berjaya BS2DCF4\/Z-BS2DCF6\/Z <\/b><span style=\"font-weight: 400;\">\u0111\u01b0\u1ee3c ThucPham.com nh\u1eadp kh\u1ea9u tr\u1ef1c ti\u1ebfp t\u1eeb Berjaya &#8211; Malaysia v\u1edbi gi\u00e1 th\u00e0nh c\u00f9ng v\u1edbi ch\u00ednh s\u00e1ch b\u1ea3o h\u00e0nh t\u1ed1t nh\u1ea5t. H\u00e3y li\u00ean h\u1ec7 v\u1edbi ch\u00fang t\u00f4i \u0111\u1ec3 \u0111\u01b0\u1ee3c mua s\u1ea3n ph\u1ea9m ch\u00ednh h\u00e3ng nh\u00e9! Ngo\u00e0i ra khi \u0111\u1ebfn v\u1edbi ThucPham.com, b\u1ea1n c\u0169ng n\u00ean tham kh\u1ea3o th\u00eam nhi\u1ec1u m\u1eb7t h\u00e0ng s\u1ea3n ph\u1ea9m kh\u00e1c nh\u01b0 b\u00e0n salad, sandwich 1 c\u00e1nh berjaya hay <a href=\"https:\/\/thucpham.com\/ban-mat-pizza-2-canh-berjaya\/\" data-schema-attribute=\"\">b\u00e0n m\u00e1t pizza 2 c\u00e1nh Berjaya BS2D\/PCF6\/Z<\/a>,&#8230;<\/span><\/p>\n","protected":false},"excerpt":{"rendered":"<ul>\n<li><span style=\"font-weight: 400;\">Thi\u1ebft k\u1ebf b\u1eb1ng th\u00e9p kh\u00f4ng g\u1ec9, ch\u1eafc ch\u1eafn, b\u1ec1n \u0111\u1eb9p<\/span><\/li>\n<li><span style=\"font-weight: 400;\">H\u1ec7 th\u1ed1ng th\u1ed5i kh\u00ed l\u1ea1nh t\u1ef1 \u0111\u1ed9ng<\/span><\/li>\n<li><span style=\"font-weight: 400;\">Ch\u1ee9c n\u0103ng b\u00e1o \u0111\u1ed9ng v\u1ec1 c\u00e1c ch\u1ebf \u0111\u1ed9 ng\u01b0ng t\u1eafc ngh\u1ebdn<\/span><\/li>\n<li><span style=\"font-weight: 400;\">B\u1ed9 khung k\u1ec7 d\u1ec5 d\u00e0ng th\u00e1o l\u1eafp \u0111\u1ec3 lau r\u1eeda, v\u1ec7 sinh<\/span><\/li>\n<li><span style=\"font-weight: 400;\">R\u00e3 \u0111\u00f4ng t\u1ef1 \u0111\u1ed9ng v\u00e0 bay h\u01a1i n\u01b0\u1edbc ng\u01b0ng t\u1ee5 b\u00ean trong t\u1ee7<\/span><\/li>\n<li><span style=\"font-weight: 400;\">D\u1ec5 d\u00e0ng \u0111i\u1ec1u ch\u1ec9nh nhi\u1ec7t \u0111\u1ed9 v\u1edbi b\u1ed9 \u0111i\u1ec1u khi\u1ec3n k\u1ef9 thu\u1eadt s\u1ed1<\/span><\/li>\n<\/ul>\n","protected":false},"featured_media":35903,"comment_status":"open","ping_status":"closed","template":"","meta":[],"product_cat":[197],"product_tag":[],"_links":{"self":[{"href":"https:\/\/thucpham.com\/vinacom\/wp-json\/wp\/v2\/product\/9123"}],"collection":[{"href":"https:\/\/thucpham.com\/vinacom\/wp-json\/wp\/v2\/product"}],"about":[{"href":"https:\/\/thucpham.com\/vinacom\/wp-json\/wp\/v2\/types\/product"}],"replies":[{"embeddable":true,"href":"https:\/\/thucpham.com\/vinacom\/wp-json\/wp\/v2\/comments?post=9123"}],"wp:featuredmedia":[{"embeddable":true,"href":"https:\/\/thucpham.com\/vinacom\/wp-json\/wp\/v2\/media\/35903"}],"wp:attachment":[{"href":"https:\/\/thucpham.com\/vinacom\/wp-json\/wp\/v2\/media?parent=9123"}],"wp:term":[{"taxonomy":"product_cat","embeddable":true,"href":"https:\/\/thucpham.com\/vinacom\/wp-json\/wp\/v2\/product_cat?post=9123"},{"taxonomy":"product_tag","embeddable":true,"href":"https:\/\/thucpham.com\/vinacom\/wp-json\/wp\/v2\/product_tag?post=9123"}],"curies":[{"name":"wp","href":"https:\/\/api.w.org\/{rel}","templated":true}]}}