{"id":89751,"date":"2024-07-24T14:28:04","date_gmt":"2024-07-24T07:28:04","guid":{"rendered":"https:\/\/thucpham.com\/?post_type=product&#038;p=89751"},"modified":"2025-03-21T12:09:32","modified_gmt":"2025-03-21T05:09:32","slug":"bot-lam-kem-vien-thucpham-com-vi-matcha-nhat-ban","status":"publish","type":"product","link":"https:\/\/thucpham.com\/vinacom\/bot-lam-kem-vien-thucpham-com-vi-matcha-nhat-ban\/","title":{"rendered":"B\u1ed9t l\u00e0m kem vi\u00ean v\u1ecb Matcha Nh\u1eadt B\u1ea3n ThucPham.com"},"content":{"rendered":"<p data-sourcepos=\"3:1-3:329\">B\u1ea1n y\u00eau th\u00edch h\u01b0\u01a1ng v\u1ecb matcha thanh m\u00e1t, \u0111\u1eafng nh\u1eb9 \u0111\u1eb7c tr\u01b0ng? B\u1ea1n mu\u1ed1n t\u1ef1 tay l\u00e0m nh\u1eefng vi\u00ean kem matcha th\u01a1m ngon, h\u1ea5p d\u1eabn ngay t\u1ea1i nh\u00e0? <a href=\"https:\/\/thucpham.com\/bot-lam-kem-vien-thucpham-com-vi-matcha-nhat-ban\/\" target=\"_blank\" rel=\"noopener\" data-schema-attribute=\"\"><strong>B\u1ed9t l\u00e0m kem vi\u00ean v\u1ecb matcha<\/strong><\/a> c\u1ee7a ThucPham.com s\u1ebd l\u00e0 gi\u1ea3i ph\u00e1p ho\u00e0n h\u1ea3o cho b\u1ea1n. V\u1edbi s\u1ea3n ph\u1ea9m n\u00e0y, b\u1ea1n kh\u00f4ng ch\u1ec9 th\u1ecfa m\u00e3n \u0111am m\u00ea l\u00e0m kem m\u00e0 c\u00f2n c\u00f3 th\u1ec3 kinh doanh kem vi\u00ean matcha \u0111\u1ea7y ti\u1ec1m n\u0103ng.<\/p>\n<h2 data-sourcepos=\"5:1-5:65\"><strong>B\u1ed9t L\u00e0m Kem Vi\u00ean V\u1ecb Matcha: S\u1ef1 L\u1ef1a Ch\u1ecdn Tuy\u1ec7t V\u1eddi Cho M\u1ecdi Nh\u00e0<\/strong><\/h2>\n<p data-sourcepos=\"7:1-7:351\"><strong><a href=\"https:\/\/thucpham.com\/bot-lam-kem-vien-kem-cung\/\" target=\"_blank\" rel=\"noopener\" data-schema-attribute=\"\">B\u1ed9t l\u00e0m kem vi\u00ean<\/a> v\u1ecb matcha ThucPham.com<\/strong> l\u00e0 s\u1ea3n ph\u1ea9m ch\u1ea5t l\u01b0\u1ee3ng cao, \u0111\u01b0\u1ee3c s\u1ea3n xu\u1ea5t theo c\u00f4ng ngh\u1ec7 hi\u1ec7n \u0111\u1ea1i v\u00e0 \u0111\u1ea1t ti\u00eau chu\u1ea9n an to\u00e0n th\u1ef1c ph\u1ea9m qu\u1ed1c t\u1ebf ISO 22000:2018. V\u1edbi th\u00e0nh ph\u1ea7n t\u1ef1 nhi\u00ean, kh\u00f4ng ph\u1ea9m m\u00e0u, kh\u00f4ng ch\u1ea5t b\u1ea3o qu\u1ea3n, b\u1ed9t l\u00e0m kem vi\u00ean matcha ThucPham.com mang \u0111\u1ebfn nh\u1eefng vi\u00ean kem th\u01a1m ngon, an to\u00e0n cho s\u1ee9c kh\u1ecfe, ph\u00f9 h\u1ee3p v\u1edbi m\u1ecdi l\u1ee9a tu\u1ed5i.<\/p>\n<p data-sourcepos=\"7:1-7:351\">Xem Th\u00eam: <strong><a class=\"woocommerce-LoopProduct-link woocommerce-loop-product__link\" href=\"https:\/\/thucpham.com\/bot-lam-kem-vien-thucpham-com-vi-sua-bo\/\" target=\"_blank\" rel=\"noopener\" data-schema-attribute=\"\">B\u1ed9t l\u00e0m kem vi\u00ean v\u1ecb S\u1eefa B\u00f2 ThucPham.com<\/a><\/strong><\/p>\n<h2 data-sourcepos=\"9:1-9:38\"><strong>H\u01b0\u01a1ng V\u1ecb Matcha Nh\u1eadt B\u1ea3n \u0110\u00edch Th\u1ef1c<\/strong><\/h2>\n<p data-sourcepos=\"11:1-11:44\">B\u1ed9t l\u00e0m kem vi\u00ean v\u1ecb matcha ThucPham.com \u0111\u01b0\u1ee3c nghi\u00ean c\u1ee9u v\u00e0 ph\u00e1t tri\u1ec3n \u0111\u1ec3 mang \u0111\u1ebfn h\u01b0\u01a1ng v\u1ecb <a href=\"https:\/\/vi.wikipedia.org\/wiki\/Matcha\" target=\"_blank\" rel=\"noopener nofollow\" data-schema-attribute=\"\"><strong>matcha<\/strong><\/a> Nh\u1eadt B\u1ea3n \u0111\u00edch th\u1ef1c. Kem th\u00e0nh ph\u1ea9m c\u00f3 m\u00e0u xanh non \u0111\u1eb9p m\u1eaft, m\u00f9i th\u01a1m d\u1ecbu nh\u1eb9, v\u1ecb ch\u00e1t nh\u1eb9 \u0111\u1eb7c tr\u01b0ng c\u1ee7a matcha h\u00f2a quy\u1ec7n c\u00f9ng v\u1ecb ng\u1ecdt thanh, t\u1ea1o n\u00ean m\u1ed9t tr\u1ea3i nghi\u1ec7m th\u01b0\u1edfng th\u1ee9c kem tuy\u1ec7t v\u1eddi.<\/p>\n<h2 data-sourcepos=\"13:1-13:44\"><strong>L\u00e0m Kem Vi\u00ean Matcha D\u1ec5 D\u00e0ng, Nhanh Ch\u00f3ng<\/strong><\/h2>\n<p data-sourcepos=\"15:1-15:189\">V\u1edbi b\u1ed9t l\u00e0m kem vi\u00ean v\u1ecb matcha <a href=\"https:\/\/thucpham.com\/\" target=\"_blank\" rel=\"noopener\" data-schema-attribute=\"\"><strong>ThucPham.com<\/strong><\/a>, b\u1ea1n c\u00f3 th\u1ec3 d\u1ec5 d\u00e0ng l\u00e0m kem vi\u00ean matcha t\u1ea1i nh\u00e0 ch\u1ec9 v\u1edbi v\u00e0i b\u01b0\u1edbc \u0111\u01a1n gi\u1ea3n. Kem th\u00e0nh ph\u1ea9m lu\u00f4n d\u1ebbo m\u1ecbn, th\u01a1m ngon, l\u00e2u tan v\u00e0 kh\u00f4ng h\u1ec1 b\u1ecb d\u0103m \u0111\u00e1, mang \u0111\u1ebfn s\u1ef1 h\u00e0i l\u00f2ng tuy\u1ec7t \u0111\u1ed1i cho ng\u01b0\u1eddi th\u01b0\u1edfng th\u1ee9c.<\/p>\n<figure id=\"attachment_91577\" aria-describedby=\"caption-attachment-91577\" style=\"width: 1000px\" class=\"wp-caption alignnone\"><a href=\"https:\/\/thucpham.com\/wp-content\/uploads\/2024\/07\/bot-lam-kem-vien-vi-matcha-thucphamcom.jpg\"><img class=\"wp-image-91577 size-full\" src=\"https:\/\/thucpham.com\/wp-content\/uploads\/2024\/07\/bot-lam-kem-vien-vi-matcha-thucphamcom.jpg\" alt=\"B\u1ed9t l\u00e0m kem vi\u00ean v\u1ecb matcha thucpham.com\" width=\"1000\" height=\"581\" srcset=\"https:\/\/thucpham.com\/vinacom\/wp-content\/uploads\/2024\/07\/bot-lam-kem-vien-vi-matcha-thucphamcom.jpg 1000w, https:\/\/thucpham.com\/vinacom\/wp-content\/uploads\/2024\/07\/bot-lam-kem-vien-vi-matcha-thucphamcom-300x174.jpg 300w, https:\/\/thucpham.com\/vinacom\/wp-content\/uploads\/2024\/07\/bot-lam-kem-vien-vi-matcha-thucphamcom-768x446.jpg 768w, https:\/\/thucpham.com\/vinacom\/wp-content\/uploads\/2024\/07\/bot-lam-kem-vien-vi-matcha-thucphamcom-24x14.jpg 24w, https:\/\/thucpham.com\/vinacom\/wp-content\/uploads\/2024\/07\/bot-lam-kem-vien-vi-matcha-thucphamcom-36x21.jpg 36w, https:\/\/thucpham.com\/vinacom\/wp-content\/uploads\/2024\/07\/bot-lam-kem-vien-vi-matcha-thucphamcom-48x28.jpg 48w, https:\/\/thucpham.com\/vinacom\/wp-content\/uploads\/2024\/07\/bot-lam-kem-vien-vi-matcha-thucphamcom-510x296.jpg 510w\" sizes=\"(max-width: 1000px) 100vw, 1000px\" title=\"\"><\/a><figcaption id=\"caption-attachment-91577\" class=\"wp-caption-text\">Nh\u1eefng nguy\u00ean li\u1ec7u cao c\u1ea5p nh\u1ea5t \u0111\u1ec1u c\u00f3 trong b\u1ed9t l\u00e0m kem vi\u00ean v\u1ecb matcha c\u1ee7a ThucPham.com<\/figcaption><\/figure>\n<h3 class=\"\" data-sourcepos=\"17:1-17:49\"><strong>Th\u00f4ng Tin S\u1ea3n Ph\u1ea9m B\u1ed9t L\u00e0m Kem Vi\u00ean V\u1ecb Matcha<\/strong><\/h3>\n<ul data-sourcepos=\"19:1-22:31\">\n<li data-sourcepos=\"19:1-19:68\"><strong>T\u00ean s\u1ea3n ph\u1ea9m:<\/strong> B\u1ed9t l\u00e0m kem vi\u00ean ThucPham.com v\u1ecb Matcha Nh\u1eadt B\u1ea3n<\/li>\n<li data-sourcepos=\"20:1-20:23\"><strong>Xu\u1ea5t x\u1ee9:<\/strong> Vi\u1ec7t Nam<\/li>\n<li data-sourcepos=\"21:1-21:178\"><strong>Th\u00e0nh ph\u1ea7n:<\/strong> B\u1ed9t s\u1eefa th\u1ef1c v\u1eadt, B\u1ed9t kem t\u01b0\u01a1i, \u0110\u01b0\u1eddng c\u00e1t, S\u1eefa b\u1ed9t g\u1ea7y, Maltodextrin, Mu\u1ed1i, B\u1ed9t t\u1ea1o \u0111\u1eb7c, Ch\u1ea5t \u0111i\u1ec1u v\u1ecb, B\u1ed9t v\u1ecb nguy\u00ean ch\u1ea5t, H\u01b0\u01a1ng li\u1ec7u t\u1ef1 nhi\u00ean v\u00e0 m\u00e0u th\u1ef1c ph\u1ea9m.<\/li>\n<li data-sourcepos=\"22:1-22:31\"><strong>Kh\u1ed1i l\u01b0\u1ee3ng:<\/strong> 1kg\/t\u00fai v\u00e0 100g\/t\u00fai<\/li>\n<li data-sourcepos=\"23:1-24:0\"><strong>XNCB:<\/strong> 08BLKV\/ThucPham.com \/2024<\/li>\n<\/ul>\n<p>Xem Th\u00eam: <strong><a class=\"woocommerce-LoopProduct-link woocommerce-loop-product__link\" href=\"https:\/\/thucpham.com\/bot-lam-kem-vien-thucpham-com-vi-chocolate-tu-nhien\/\" target=\"_blank\" rel=\"noopener\" data-schema-attribute=\"\">B\u1ed9t L\u00e0m Kem Vi\u00ean V\u1ecb Chocolate T\u1ef1 Nhi\u00ean ThucPham.com<\/a><\/strong><\/p>\n<h3 class=\"\" data-sourcepos=\"25:1-25:21\"><strong>H\u01b0\u1edbng D\u1eabn S\u1eed D\u1ee5ng<\/strong><\/h3>\n<p><span data-sheets-root=\"1\">H\u00f2a 100gr b\u1ed9t v\u1edbi 115ml n\u01b0\u1edbc l\u1ea1nh v\u1edbi 115ml s\u1eefa l\u1ea1nh, th\u00eam 25g &#8211; 30g \u0111\u01b0\u1eddng c\u00e1t (c\u00f3 th\u1ec3 thay \u0111\u1ed5i \u0111\u01b0\u1eddng c\u00e1t b\u1eb1ng \u0111\u01b0\u1eddng \u0103n ki\u00eang) ho\u1eb7c tr\u00e1i c\u00e2y&#8230;t\u00f9y th\u00edch. <\/span><\/p>\n<p><span data-sheets-root=\"1\">T\u00f9y ch\u1ec9nh \u0111\u1ed9 ng\u1ecdt theo kh\u1ea9u v\u1ecb), d\u00f9ng m\u00e1y \u0111\u00e1nh kem\/ \u0111\u00e1nh tr\u1ee9ng c\u00f4ng su\u1ea5t cao, \u0111\u00e1nh m\u1ed9t ph\u00fat v\u1edbi t\u1ed1c \u0111\u1ed9 th\u1ea5p, v\u00e0 2-3 ph\u00fat v\u1edbi t\u1ed1c \u0111\u1ed9 cao \u0111\u1ebfn khi h\u1ed7n h\u1ee3p \u0111\u1eb7c l\u1ea1i, b\u00f4ng m\u1ecbn l\u00e0 \u0111\u1ea1t.<br \/>\n<\/span><\/p>\n<p><span data-sheets-root=\"1\">\u0110\u1ed5 h\u1ed7n h\u1ee3p ra khu\u00f4n b\u1ea3o qu\u1ea3n ng\u0103n \u0111\u00e1 t\u1ee7 l\u1ea1nh kho\u1ea3ng 8 ti\u1ebfng cho h\u1ed7n h\u1ee3p \u0111\u00f4ng th\u00e0nh kem.<\/span><\/p>\n<h3 class=\"\" data-sourcepos=\"31:1-31:39\"><strong>B\u1ea3o Qu\u1ea3n B\u1ed9t L\u00e0m Kem Vi\u00ean V\u1ecb Matcha<\/strong><\/h3>\n<ul data-sourcepos=\"33:1-36:0\">\n<li data-sourcepos=\"33:1-33:27\">Tr\u00e1nh \u00e1nh n\u1eafng tr\u1ef1c ti\u1ebfp.<\/li>\n<li data-sourcepos=\"34:1-34:19\">Tr\u00e1nh n\u01a1i \u1ea9m \u01b0\u1edbt.<\/li>\n<li data-sourcepos=\"35:1-36:0\">B\u1ecbt k\u00edn mi\u1ec7ng s\u1ea3n ph\u1ea9m sau khi s\u1eed d\u1ee5ng.<\/li>\n<\/ul>\n<p>Xem Th\u00eam: <strong><a class=\"woocommerce-LoopProduct-link woocommerce-loop-product__link\" href=\"https:\/\/thucpham.com\/bot-lam-kem-vien-thucpham-com-vi-vani-tu-nhien\/\" target=\"_blank\" rel=\"noopener\" data-schema-attribute=\"\">B\u1ed9t L\u00e0m Kem Vi\u00ean V\u1ecb Vani T\u1ef1 Nhi\u00ean ThucPham.com<\/a><\/strong><\/p>\n<h3 class=\"\" data-sourcepos=\"37:1-37:41\"><strong>ThucPham.com: \u0110\u1ed1i T\u00e1c Tin C\u1eady C\u1ee7a B\u1ea1n<\/strong><\/h3>\n<p data-sourcepos=\"39:1-39:265\">N\u1ebfu b\u1ea1n \u0111ang kinh doanh \u0111\u1ed3 u\u1ed1ng, tr\u00e0 s\u1eefa, \u0111\u1ed3 \u0103n v\u1eb7t hay buffet c\u00f3 \u0111\u1ed3 \u0103n ng\u1ecdt ho\u1eb7c b\u1ea1n \u0111ang mu\u1ed1n t\u00ecm s\u1ea3n ph\u1ea9m \u0111\u1ec3 t\u1ef1 tay l\u00e0m kem cho ng\u01b0\u1eddi th\u00e2n th\u01b0\u1edfng th\u1ee9c, ThucPham.com l\u00e0 \u0111\u1ecba ch\u1ec9 \u0111\u00e1ng tin c\u1eady d\u00e0nh cho b\u1ea1n. V\u1edbi s\u1ea3n ph\u1ea9m <strong>b\u1ed9t l\u00e0m kem vi\u00ean v\u1ecb matcha<\/strong> ch\u1ea5t l\u01b0\u1ee3ng cao, gi\u00e1 th\u00e0nh h\u1ee3p l\u00fd c\u00f9ng d\u1ecbch v\u1ee5 t\u1eadn t\u00e2m, ThucPham.com s\u1ebd mang \u0111\u1ebfn s\u1ef1 h\u00e0i l\u00f2ng tuy\u1ec7t \u0111\u1ed1i cho b\u1ea1n.<\/p>\n<p data-sourcepos=\"41:1-41:66\"><strong>Li\u00ean h\u1ec7 ngay hotline 091.550.8989 \u0111\u1ec3 \u0111\u01b0\u1ee3c t\u01b0 v\u1ea5n v\u00e0 \u0111\u1eb7t h\u00e0ng!<\/strong><\/p>\n","protected":false},"excerpt":{"rendered":"<ul>\n<li>Ch\u1ea5t l\u01b0\u1ee3ng \u0111\u1ea3m b\u1ea3o, gi\u00e1 th\u00e0nh h\u1ea5p d\u1eabn, giao h\u00e0ng to\u00e0n qu\u1ed1c<\/li>\n<li>Kem th\u00e0nh ph\u1ea9m s\u00e1nh m\u1ecbn, t\u01b0\u01a1i ngon, l\u00e2u tan<\/li>\n<li>M\u1eabu m\u00e3, bao b\u00ec \u0111\u1eb9p m\u1eaft, sang tr\u1ecdng<\/li>\n<li>Mang l\u1ea1i l\u1ee3i nhu\u1eadn cao khi kinh doanh<\/li>\n<li>\u00c1p d\u1ee5ng H\u1ec7 th\u1ed1ng qu\u1ea3n l\u00fd an to\u00e0n th\u1ef1c ph\u1ea9m ti\u00eau chu\u1ea9n Qu\u1ed1c t\u1ebf ISO 22000:2018<\/li>\n<\/ul>\n","protected":false},"featured_media":93086,"comment_status":"open","ping_status":"closed","template":"","meta":[],"product_cat":[254],"product_tag":[],"_links":{"self":[{"href":"https:\/\/thucpham.com\/vinacom\/wp-json\/wp\/v2\/product\/89751"}],"collection":[{"href":"https:\/\/thucpham.com\/vinacom\/wp-json\/wp\/v2\/product"}],"about":[{"href":"https:\/\/thucpham.com\/vinacom\/wp-json\/wp\/v2\/types\/product"}],"replies":[{"embeddable":true,"href":"https:\/\/thucpham.com\/vinacom\/wp-json\/wp\/v2\/comments?post=89751"}],"wp:featuredmedia":[{"embeddable":true,"href":"https:\/\/thucpham.com\/vinacom\/wp-json\/wp\/v2\/media\/93086"}],"wp:attachment":[{"href":"https:\/\/thucpham.com\/vinacom\/wp-json\/wp\/v2\/media?parent=89751"}],"wp:term":[{"taxonomy":"product_cat","embeddable":true,"href":"https:\/\/thucpham.com\/vinacom\/wp-json\/wp\/v2\/product_cat?post=89751"},{"taxonomy":"product_tag","embeddable":true,"href":"https:\/\/thucpham.com\/vinacom\/wp-json\/wp\/v2\/product_tag?post=89751"}],"curies":[{"name":"wp","href":"https:\/\/api.w.org\/{rel}","templated":true}]}}