{"id":89191,"date":"2024-07-20T13:47:46","date_gmt":"2024-07-20T06:47:46","guid":{"rendered":"https:\/\/thucpham.com\/?post_type=product&#038;p=89191"},"modified":"2025-03-23T10:42:40","modified_gmt":"2025-03-23T03:42:40","slug":"bot-khuc-bach-panna-cotta-vi-matcha-nhat-ban-beo-thanh","status":"publish","type":"product","link":"https:\/\/thucpham.com\/vinacom\/bot-khuc-bach-panna-cotta-vi-matcha-nhat-ban-beo-thanh\/","title":{"rendered":"B\u1ed9t Kh\u00fac B\u1ea1ch Panna Cotta V\u1ecb Matcha Nh\u1eadt B\u1ea3n B\u00e9o Thanh ThucPham.com"},"content":{"rendered":"<p data-sourcepos=\"7:1-7:341\">B\u1ea1n l\u00e0 m\u1ed9t fan cu\u1ed3ng c\u1ee7a tr\u00e0 \u0111\u1ea1o v\u00e0 y\u00eau th\u00edch h\u01b0\u01a1ng v\u1ecb thanh m\u00e1t, tinh khi\u1ebft c\u1ee7a matcha? B\u1ea1n \u0111ang t\u00ecm ki\u1ebfm m\u1ed9t m\u00f3n tr\u00e1ng mi\u1ec7ng v\u1eeba ngon mi\u1ec7ng, v\u1eeba t\u1ed1t cho s\u1ee9c kh\u1ecfe? <a href=\"https:\/\/thucpham.com\/bot-khuc-bach-panna-cotta-vi-matcha-nhat-ban-beo-thanh\/\" target=\"_blank\" rel=\"noopener\" data-schema-attribute=\"\"><strong>B\u1ed9t Kh\u00fac B\u1ea1ch Panna Cotta V\u1ecb Matcha b\u00e9o thanh<\/strong><\/a> c\u1ee7a THUCPHAM.COM ch\u00ednh l\u00e0 c\u00e2u tr\u1ea3 l\u1eddi ho\u00e0n h\u1ea3o cho b\u1ea1n. H\u00e3y c\u00f9ng ch\u00fang t\u00f4i kh\u00e1m ph\u00e1 h\u00e0nh tr\u00ecnh kh\u00e1m ph\u00e1 h\u01b0\u01a1ng v\u1ecb \u0111\u1ed9c \u0111\u00e1o c\u1ee7a s\u1ea3n ph\u1ea9m n\u00e0y.<\/p>\n<h2 data-sourcepos=\"9:1-9:84\"><strong>B\u1ed9t Kh\u00fac B\u1ea1ch Panna Cotta V\u1ecb Matcha B\u00e9o Thanh &#8211; Tinh hoa t\u1eeb x\u1ee9 s\u1edf hoa anh \u0111\u00e0o<\/strong><\/h2>\n<h3 data-sourcepos=\"11:1-11:57\"><strong>S\u1ef1 k\u1ebft h\u1ee3p ho\u00e0n h\u1ea3o gi\u1eefa truy\u1ec1n th\u1ed1ng v\u00e0 hi\u1ec7n \u0111\u1ea1i<\/strong><\/h3>\n<p data-sourcepos=\"13:1-13:508\"><a href=\"https:\/\/thucpham.com\/bot-khuc-bach-panna-cotta\/\" target=\"_blank\" rel=\"noopener\" data-schema-attribute=\"\"><strong>B\u1ed9t kh\u00fac b\u1ea1ch panna cotta<\/strong><\/a> v\u1ecb matcha b\u00e9o thanh kh\u00f4ng ch\u1ec9 \u0111\u01a1n thu\u1ea7n l\u00e0 b\u1ed9t, m\u00e0 c\u00f2n l\u00e0 s\u1ef1 k\u1ebft h\u1ee3p h\u00e0i h\u00f2a gi\u1eefa tinh hoa \u1ea9m th\u1ef1c truy\u1ec1n th\u1ed1ng c\u1ee7a Nh\u1eadt B\u1ea3n v\u00e0 c\u00f4ng ngh\u1ec7 s\u1ea3n xu\u1ea5t hi\u1ec7n \u0111\u1ea1i. B\u1ed9t <a href=\"https:\/\/vi.wikipedia.org\/wiki\/Matcha\" target=\"_blank\" rel=\"noopener nofollow\" data-schema-attribute=\"\"><strong>matcha<\/strong><\/a> \u0111\u01b0\u1ee3c tuy\u1ec3n ch\u1ecdn t\u1eeb nh\u1eefng l\u00e1 tr\u00e0 xanh non t\u01b0\u01a1i nh\u1ea5t, tr\u1ea3i qua qu\u00e1 tr\u00ecnh ch\u1ebf bi\u1ebfn t\u1ec9 m\u1ec9, gi\u1eef nguy\u00ean v\u1eb9n h\u01b0\u01a1ng v\u1ecb thanh khi\u1ebft, m\u00e0u xanh ng\u1ecdc b\u00edch \u0111\u1eb7c tr\u01b0ng v\u00e0 h\u00e0m l\u01b0\u1ee3ng dinh d\u01b0\u1ee1ng cao. Khi k\u1ebft h\u1ee3p v\u1edbi panna cotta b\u00e9o ng\u1eady v\u00e0 kh\u00fac b\u1ea1ch dai gi\u00f2n, b\u1ed9t matcha \u0111\u00e3 t\u1ea1o n\u00ean m\u1ed9t b\u1ea3n giao h\u01b0\u1edfng v\u1ecb gi\u00e1c \u0111\u1ed9c \u0111\u00e1o, mang \u0111\u1ebfn tr\u1ea3i nghi\u1ec7m \u1ea9m th\u1ef1c kh\u00f3 qu\u00ean.<\/p>\n<p data-sourcepos=\"13:1-13:508\">Xem Th\u00eam: <strong><a class=\"woocommerce-LoopProduct-link woocommerce-loop-product__link\" href=\"https:\/\/thucpham.com\/bot-khuc-bach-panna-cotta-thucpham-com-vi-matcha-nhat-ban-beo-ngay\/\" target=\"_blank\" rel=\"noopener\" data-schema-attribute=\"\">B\u1ed9t Kh\u00fac B\u1ea1ch Panna Cotta ThucPham.com V\u1ecb Matcha Nh\u1eadt B\u1ea3n B\u00e9o Ng\u1eady<\/a><\/strong><\/p>\n<h3 data-sourcepos=\"15:1-15:53\"><strong>H\u01b0\u01a1ng v\u1ecb matcha &#8211; C\u1ea3m gi\u00e1c thanh t\u1ecbnh, an y\u00ean<\/strong><\/h3>\n<p data-sourcepos=\"17:1-17:376\">V\u1ecb \u0111\u1eafng nh\u1eb9, ch\u00e1t d\u1ecbu \u0111\u1eb7c tr\u01b0ng c\u1ee7a matcha k\u1ebft h\u1ee3p c\u00f9ng v\u1ecb ng\u1ecdt thanh c\u1ee7a s\u1eefa v\u00e0 \u0111\u1ed9 dai gi\u00f2n s\u1ea7n s\u1eadt c\u1ee7a kh\u00fac b\u1ea1ch t\u1ea1o n\u00ean m\u1ed9t t\u1ed5ng th\u1ec3 h\u00e0i h\u00f2a, tinh t\u1ebf. Khi th\u01b0\u1edfng th\u1ee9c m\u00f3n tr\u00e1ng mi\u1ec7ng n\u00e0y, b\u1ea1n kh\u00f4ng ch\u1ec9 c\u1ea3m nh\u1eadn \u0111\u01b0\u1ee3c s\u1ef1 h\u00f2a quy\u1ec7n tinh t\u1ebf c\u1ee7a c\u00e1c nguy\u00ean li\u1ec7u m\u00e0 c\u00f2n c\u1ea3m th\u1ea5y th\u01b0 th\u00e1i, an y\u00ean nh\u01b0 \u0111ang th\u01b0\u1edfng tr\u00e0 \u0111\u1ea1o gi\u1eefa khung c\u1ea3nh thi\u00ean nhi\u00ean y\u00ean b\u00ecnh c\u1ee7a x\u1ee9 s\u1edf hoa anh \u0111\u00e0o.<\/p>\n<h2 data-sourcepos=\"19:1-19:71\"><strong>S\u00e1ng t\u1ea1o kh\u00f4ng gi\u1edbi h\u1ea1n v\u1edbi b\u1ed9t kh\u00fac b\u1ea1ch panna cotta v\u1ecb matcha b\u00e9o thanh<\/strong><\/h2>\n<h3 data-sourcepos=\"21:1-21:40\"><strong>M\u1edf ra kh\u00f4ng gian s\u00e1ng t\u1ea1o v\u00f4 t\u1eadn<\/strong><\/h3>\n<p data-sourcepos=\"23:1-23:108\">B\u1ed9t Kh\u00fac B\u1ea1ch Panna Cotta V\u1ecb Matcha B\u00e9o Thanh <a href=\"https:\/\/thucpham.com\/\" target=\"_blank\" rel=\"noopener\" data-schema-attribute=\"\"><strong>Thucpham.com<\/strong><\/a> l\u00e0 m\u1ed9t n\u1ec1n t\u1ea3ng tuy\u1ec7t v\u1eddi \u0111\u1ec3 b\u1ea1n th\u1ecfa s\u1ee9c s\u00e1ng t\u1ea1o. B\u1ea1n c\u00f3 th\u1ec3:<\/p>\n<ul data-sourcepos=\"25:1-29:0\">\n<li data-sourcepos=\"25:1-25:147\"><strong>K\u1ebft h\u1ee3p v\u1edbi c\u00e1c lo\u1ea1i topping:<\/strong> \u0110\u1eadu \u0111\u1ecf, h\u1ea1t sen, tr\u00e2n ch\u00e2u, th\u1ea1ch tr\u00e1i c\u00e2y,&#8230; s\u1ebd l\u00e0m cho m\u00f3n tr\u00e1ng mi\u1ec7ng c\u1ee7a b\u1ea1n th\u00eam ph\u1ea7n h\u1ea5p d\u1eabn v\u00e0 b\u1eaft m\u1eaft.<\/li>\n<li data-sourcepos=\"26:1-26:148\"><strong>T\u1ea1o h\u00ecnh \u0111\u1ed9c \u0111\u00e1o:<\/strong> V\u1edbi b\u1ed9t matcha, b\u1ea1n c\u00f3 th\u1ec3 t\u1ea1o ra nh\u1eefng h\u00ecnh th\u00f9 ng\u1ed9 ngh\u0129nh, \u0111\u00e1ng y\u00eau nh\u01b0 h\u00ecnh con m\u00e8o, h\u00ecnh ng\u00f4i sao,&#8230; \u0111\u1ec3 thu h\u00fat c\u00e1c b\u00e9.<\/li>\n<li data-sourcepos=\"27:1-27:142\"><strong>K\u1ebft h\u1ee3p v\u1edbi c\u00e1c lo\u1ea1i tr\u00e1i c\u00e2y t\u01b0\u01a1i:<\/strong> D\u00e2u t\u00e2y, kiwi, xo\u00e0i,&#8230; s\u1ebd mang \u0111\u1ebfn h\u01b0\u01a1ng v\u1ecb t\u01b0\u01a1i m\u00e1t v\u00e0 m\u00e0u s\u1eafc r\u1ef1c r\u1ee1 cho m\u00f3n tr\u00e1ng mi\u1ec7ng c\u1ee7a b\u1ea1n.<\/li>\n<li data-sourcepos=\"28:1-29:0\"><strong>L\u00e0m b\u00e1nh:<\/strong> B\u1ea1n c\u00f3 th\u1ec3 s\u1eed d\u1ee5ng b\u1ed9t matcha \u0111\u1ec3 l\u00e0m b\u00e1nh mochi, b\u00e1nh cupcake, b\u00e1nh tiramisu&#8230; v\u1edbi h\u01b0\u01a1ng v\u1ecb matcha \u0111\u1ed9c \u0111\u00e1o.<\/li>\n<\/ul>\n<p>Xem Th\u00eam: <strong><a class=\"woocommerce-LoopProduct-link woocommerce-loop-product__link\" href=\"https:\/\/thucpham.com\/bot-khuc-bach-panna-cotta-thucpham-com-vi-chocolate-beo-thanh\/\" target=\"_blank\" rel=\"noopener\" data-schema-attribute=\"\">B\u1ed9t Kh\u00fac B\u1ea1ch Panna Cotta ThucPham.com V\u1ecb Chocolate B\u00e9o Thanh<\/a><\/strong><\/p>\n<figure id=\"attachment_91950\" aria-describedby=\"caption-attachment-91950\" style=\"width: 1000px\" class=\"wp-caption aligncenter\"><a href=\"https:\/\/thucpham.com\/wp-content\/uploads\/2024\/07\/bot-khuc-bach-panna-cotta-vi-matcha-beo-thanh-thucphamcom.jpg\"><img class=\"wp-image-91950 size-full\" src=\"https:\/\/thucpham.com\/wp-content\/uploads\/2024\/07\/bot-khuc-bach-panna-cotta-vi-matcha-beo-thanh-thucphamcom.jpg\" alt=\"\" width=\"1000\" height=\"561\" srcset=\"https:\/\/thucpham.com\/vinacom\/wp-content\/uploads\/2024\/07\/bot-khuc-bach-panna-cotta-vi-matcha-beo-thanh-thucphamcom.jpg 1000w, https:\/\/thucpham.com\/vinacom\/wp-content\/uploads\/2024\/07\/bot-khuc-bach-panna-cotta-vi-matcha-beo-thanh-thucphamcom-300x168.jpg 300w, https:\/\/thucpham.com\/vinacom\/wp-content\/uploads\/2024\/07\/bot-khuc-bach-panna-cotta-vi-matcha-beo-thanh-thucphamcom-768x431.jpg 768w, https:\/\/thucpham.com\/vinacom\/wp-content\/uploads\/2024\/07\/bot-khuc-bach-panna-cotta-vi-matcha-beo-thanh-thucphamcom-24x13.jpg 24w, https:\/\/thucpham.com\/vinacom\/wp-content\/uploads\/2024\/07\/bot-khuc-bach-panna-cotta-vi-matcha-beo-thanh-thucphamcom-36x20.jpg 36w, https:\/\/thucpham.com\/vinacom\/wp-content\/uploads\/2024\/07\/bot-khuc-bach-panna-cotta-vi-matcha-beo-thanh-thucphamcom-48x27.jpg 48w, https:\/\/thucpham.com\/vinacom\/wp-content\/uploads\/2024\/07\/bot-khuc-bach-panna-cotta-vi-matcha-beo-thanh-thucphamcom-510x286.jpg 510w\" sizes=\"(max-width: 1000px) 100vw, 1000px\" title=\"\"><\/a><figcaption id=\"caption-attachment-91950\" class=\"wp-caption-text\">N\u1ebfu b\u1ea1n l\u00e0 m\u1ed9t ng\u01b0\u1eddi th\u00edch tr\u00e0 \u0111\u1ea1o nh\u1eadt b\u1ea3n v\u00e0 m\u00f3n ch\u00e8 kh\u00fac b\u1ea1ch, th\u00ec b\u1ed9t kh\u00fac b\u1ea1ch panna cotta v\u1ecb matcha b\u00e9o thanh c\u1ee7a thucpham.com l\u00e0 m\u1ed9t l\u1ef1a ch\u1ecdn h\u1ee3p l\u00fd.<\/figcaption><\/figure>\n<h3 data-sourcepos=\"30:1-30:42\"><strong>B\u00ed quy\u1ebft l\u00e0m kh\u00fac b\u1ea1ch matcha th\u01a1m ngon v\u1edbi b\u1ed9t kh\u00fac b\u1ea1ch panna cotta v\u1ecb matcha b\u00e9o thanh<\/strong><\/h3>\n<p data-sourcepos=\"32:1-32:55\">\u0110\u1ec3 l\u00e0m kh\u00fac b\u1ea1ch matcha ngon, b\u1ea1n c\u1ea7n l\u01b0u \u00fd m\u1ed9t s\u1ed1 \u0111i\u1ec1u sau:<\/p>\n<p><span data-sheets-root=\"1\">T\u1ef6 L\u1ec6 1 B\u1ed8T : 6\/8\/10 S\u1eeeA<br \/>\nKh\u00fac b\u1ea1ch \u0111\u1ed5 khu\u00f4n l\u00e0m topping: H\u00f2a 100gr b\u1ed9t v\u1edbi 100ml s\u1eefa t\u01b0\u01a1i kh\u00f4ng \u0111\u01b0\u1eddng<br \/>\nKh\u00fac b\u1ea1ch x\u1eaft mi\u1ebfng l\u00e0m ch\u00e8: H\u00f2a 100gr b\u1ed9t v\u1edbi 800ml s\u1eefa t\u01b0\u01a1i kh\u00f4ng \u0111\u01b0\u1eddng<br \/>\nPanna Cotta: H\u00f2a 100gr b\u1ed9t v\u1edbi 1000ml s\u1eefa t\u01b0\u01a1i kh\u00f4ng \u0111\u01b0\u1eddng; T\u00f9y ch\u1ec9nh \u0111\u1ed9 ng\u1ecdt theo kh\u1ea9u v\u1ecb<br \/>\nNg\u00e2m h\u1ed7n h\u1ee3p trong v\u00f2ng 15 ph\u00fat, sau \u0111\u00f3 khu\u1ea5y v\u1eeba \u0111un l\u1eeda nh\u1ecf t\u1edbi 70 &#8211; 80 \u0111\u1ed9 C th\u00ec t\u1eaft b\u1ebfp (kh\u00f4ng \u0111\u1ec3 s\u00f4i), khu\u1ea5y \u0111\u1ec1u cho h\u1ed7n h\u1ee3p tan ho\u00e0n to\u00e0n. \u0110\u1ed5 h\u1ed7n h\u1ee3p ra khu\u00f4n, b\u1ea3o qu\u1ea3n ng\u0103n m\u00e1t 6 &#8211; 8 ti\u1ebfng \u0111\u1ebfn khi \u0111\u00f4ng.<br \/>\n*L\u1eafc \u0111\u1ec1u t\u00fai b\u1ed9t tr\u01b0\u1edbc khi s\u1eed d\u1ee5ng.<\/span><\/p>\n<p>Xem Th\u00eam: <strong><a class=\"woocommerce-LoopProduct-link woocommerce-loop-product__link\" href=\"https:\/\/thucpham.com\/bot-khuc-bach-panna-cotta-thucpham-com-vi-chocolate-beo-ngay\/\" target=\"_blank\" rel=\"noopener\" data-schema-attribute=\"\">B\u1ed9t Kh\u00fac B\u1ea1ch Panna Cotta Thucpham.com V\u1ecb Chocolate B\u00e9o Ng\u1eady<\/a><\/strong><\/p>\n<h2 data-sourcepos=\"39:1-39:42\"><strong>D\u1ec5 d\u00e0ng ch\u1ebf bi\u1ebfn, ti\u1ec7n l\u1ee3i s\u1eed d\u1ee5ng<\/strong><\/h2>\n<p data-sourcepos=\"43:1-43:219\">B\u1ea1n kh\u00f4ng c\u1ea7n ph\u1ea3i l\u00e0 m\u1ed9t \u0111\u1ea7u b\u1ebfp chuy\u00ean nghi\u1ec7p \u0111\u1ec3 c\u00f3 th\u1ec3 l\u00e0m ra nh\u1eefng m\u00f3n tr\u00e1ng mi\u1ec7ng ngon t\u1eeb b\u1ed9t kh\u00fac b\u1ea1ch panna cotta v\u1ecb matcha b\u00e9o thanh. Ch\u1ec9 v\u1edbi v\u00e0i b\u01b0\u1edbc \u0111\u01a1n gi\u1ea3n, b\u1ea1n \u0111\u00e3 c\u00f3 th\u1ec3 t\u1ef1 tay t\u1ea1o ra nh\u1eefng m\u00f3n \u0103n th\u01a1m ngon, h\u1ea5p d\u1eabn.<\/p>\n<p data-sourcepos=\"47:1-47:167\">S\u1ea3n ph\u1ea9m \u0111\u01b0\u1ee3c \u0111\u00f3ng g\u00f3i ti\u1ec7n l\u1ee3i, gi\u00fap b\u1ea1n ti\u1ebft ki\u1ec7m th\u1eddi gian chu\u1ea9n b\u1ecb. B\u1ea1n ch\u1ec9 c\u1ea7n pha b\u1ed9t v\u1edbi s\u1eefa, \u0111un khu\u1ea5y \u0111\u1ec1u v\u00e0 \u0111\u1ec3 trong ng\u0103n m\u00e1t t\u1ee7 l\u1ea1nh l\u00e0 \u0111\u00e3 c\u00f3 ngay m\u1ed9t m\u00f3n tr\u00e1ng mi\u1ec7ng th\u01a1m ngon.<\/p>\n<p data-sourcepos=\"47:1-47:167\">Xem Th\u00eam: <strong><a class=\"woocommerce-LoopProduct-link woocommerce-loop-product__link\" href=\"https:\/\/thucpham.com\/bot-khuc-bach-panna-cotta-thucpham-com-vi-sua-bo-beo-ngay-tu-nhien\/\" target=\"_blank\" rel=\"noopener\" data-schema-attribute=\"\">B\u1ed9t Kh\u00fac B\u1ea1ch Panna Cotta ThucPham.com V\u1ecb S\u1eefa B\u00f2 B\u00e9o Ng\u1eady T\u1ef1 Nhi\u00ean<\/a><\/strong><\/p>\n<h2 data-sourcepos=\"49:1-49:45\"><strong>Ch\u1ea5t l\u01b0\u1ee3ng \u0111\u1ea3m b\u1ea3o, an to\u00e0n tuy\u1ec7t \u0111\u1ed1i<\/strong><\/h2>\n<h3 data-sourcepos=\"51:1-51:26\"><strong>Cam k\u1ebft ch\u1ea5t l\u01b0\u1ee3ng<\/strong><\/h3>\n<p data-sourcepos=\"53:1-53:275\">THUCPHAM.COM cam k\u1ebft mang \u0111\u1ebfn cho b\u1ea1n nh\u1eefng s\u1ea3n ph\u1ea9m ch\u1ea5t l\u01b0\u1ee3ng cao, an to\u00e0n tuy\u1ec7t \u0111\u1ed1i. <span class=\"citation-0 entailed citation-end-0\" tabindex=\"0\" role=\"button\">B\u1ed9t Kh\u00fac B\u1ea1ch Panna Cotta V\u1ecb Matcha B\u00e9o Thanh \u0111\u01b0\u1ee3c s\u1ea3n xu\u1ea5t tr\u00ean d\u00e2y chuy\u1ec1n hi\u1ec7n \u0111\u1ea1i, \u0111\u1ea1t ti\u00eau chu\u1ea9n v\u1ec7 sinh an to\u00e0n th\u1ef1c ph\u1ea9m, kh\u00f4ng ch\u1ee9a ch\u1ea5t b\u1ea3o qu\u1ea3n v\u00e0 h\u01b0\u01a1ng li\u1ec7u \u0111\u1ed9c h\u1ea1i.<\/span><\/p>\n<p data-sourcepos=\"57:1-57:257\">B\u1ed9t Kh\u00fac B\u1ea1ch Panna Cotta V\u1ecb Matcha B\u00e9o Thanh l\u00e0 m\u1ed9t s\u1ea3n ph\u1ea9m kh\u00f4ng th\u1ec3 thi\u1ebfu trong c\u0103n b\u1ebfp c\u1ee7a nh\u1eefng ng\u01b0\u1eddi y\u00eau th\u00edch \u1ea9m th\u1ef1c. V\u1edbi h\u01b0\u01a1ng v\u1ecb \u0111\u1ed9c \u0111\u00e1o, d\u1ec5 d\u00e0ng ch\u1ebf bi\u1ebfn v\u00e0 ch\u1ea5t l\u01b0\u1ee3ng \u0111\u1ea3m b\u1ea3o, s\u1ea3n ph\u1ea9m n\u00e0y s\u1ebd mang \u0111\u1ebfn cho b\u1ea1n nh\u1eefng tr\u1ea3i nghi\u1ec7m \u1ea9m th\u1ef1c tuy\u1ec7t v\u1eddi.<\/p>\n","protected":false},"excerpt":{"rendered":"<ul>\n<li>Ch\u1ea5t l\u01b0\u1ee3ng \u0111\u1ea3m b\u1ea3o, gi\u00e1 th\u00e0nh h\u1ea5p d\u1eabn, giao h\u00e0ng to\u00e0n qu\u1ed1c<\/li>\n<li>Th\u00e0nh ph\u1ea9m s\u00e1nh m\u1ecbn, t\u01b0\u01a1i ngon, l\u00e2u tan<\/li>\n<li>M\u1eabu m\u00e3, bao b\u00ec \u0111\u1eb9p m\u1eaft, sang tr\u1ecdng<\/li>\n<li>Mang l\u1ea1i l\u1ee3i nhu\u1eadn cao khi kinh doanh<\/li>\n<li>\u00c1p d\u1ee5ng H\u1ec7 th\u1ed1ng qu\u1ea3n l\u00fd an to\u00e0n th\u1ef1c ph\u1ea9m ti\u00eau chu\u1ea9n Qu\u1ed1c t\u1ebf ISO 22000:2018<\/li>\n<\/ul>\n","protected":false},"featured_media":93309,"comment_status":"open","ping_status":"closed","template":"","meta":[],"product_cat":[254],"product_tag":[],"_links":{"self":[{"href":"https:\/\/thucpham.com\/vinacom\/wp-json\/wp\/v2\/product\/89191"}],"collection":[{"href":"https:\/\/thucpham.com\/vinacom\/wp-json\/wp\/v2\/product"}],"about":[{"href":"https:\/\/thucpham.com\/vinacom\/wp-json\/wp\/v2\/types\/product"}],"replies":[{"embeddable":true,"href":"https:\/\/thucpham.com\/vinacom\/wp-json\/wp\/v2\/comments?post=89191"}],"wp:featuredmedia":[{"embeddable":true,"href":"https:\/\/thucpham.com\/vinacom\/wp-json\/wp\/v2\/media\/93309"}],"wp:attachment":[{"href":"https:\/\/thucpham.com\/vinacom\/wp-json\/wp\/v2\/media?parent=89191"}],"wp:term":[{"taxonomy":"product_cat","embeddable":true,"href":"https:\/\/thucpham.com\/vinacom\/wp-json\/wp\/v2\/product_cat?post=89191"},{"taxonomy":"product_tag","embeddable":true,"href":"https:\/\/thucpham.com\/vinacom\/wp-json\/wp\/v2\/product_tag?post=89191"}],"curies":[{"name":"wp","href":"https:\/\/api.w.org\/{rel}","templated":true}]}}