{"id":47509,"date":"2023-12-19T14:58:08","date_gmt":"2023-12-19T07:58:08","guid":{"rendered":"https:\/\/thucpham.com\/?post_type=product&#038;p=47509"},"modified":"2025-03-21T11:09:15","modified_gmt":"2025-03-21T04:09:15","slug":"bot-max-pudding-6in1-thucpham-com-vi-tra-sua","status":"publish","type":"product","link":"https:\/\/thucpham.com\/vinacom\/bot-max-pudding-6in1-thucpham-com-vi-tra-sua\/","title":{"rendered":"B\u1ed9t Max Pudding V\u1ecb Tr\u00e0 S\u1eefa 6in1 ThucPham.com"},"content":{"rendered":"<p style=\"text-align: justify;\">H\u00e3y c\u00f9ng <strong><a href=\"https:\/\/thucpham.com\/bot-max-pudding-6in1-thucpham-com-vi-tra-sua\/\" target=\"_blank\" rel=\"noopener\" data-schema-attribute=\"\">B\u1ed9t Max Pudding v\u1ecb Tr\u00e0 S\u1eefa<\/a> 6in1 ThucPham.com <\/strong>t\u1ea1o n\u00ean nh\u1eefng ch\u00e9n ch\u00e8 hay tr\u00e0 s\u1eefa ngon m\u00ea ly, m\u00e1t l\u1ea1nh nh\u00e9. B\u1ed9t Max Pudding V\u1ecb Tr\u00e0 S\u1eefa ThucPham.com \u0111\u01b0\u1ee3c s\u1ea3n xu\u1ea5t tr\u00ean d\u00e2y chuy\u1ec1n c\u00f4ng ngh\u1ec7 hi\u1ec7n \u0111\u1ea1i, \u00e1p d\u1ee5ng H\u1ec7 th\u1ed1ng qu\u1ea3n l\u00fd an to\u00e0n th\u1ef1c ph\u1ea9m ti\u00eau chu\u1ea9n Qu\u1ed1c t\u1ebf ISO 22000:2018 \u0111\u1ea3m b\u1ea3o an to\u00e0n cho ng\u01b0\u1eddi ti\u00eau d\u00f9ng.<\/p>\n<h2><span style=\"font-size: 14pt;\"><b>1. M\u00f4 T\u1ea3 S\u1ea3n Ph\u1ea9m<\/b><\/span><\/h2>\n<h3 data-sourcepos=\"3:1-3:40\"><strong>Tr\u00e0 s\u1eefa &#8211; th\u1ee9c u\u1ed1ng \u0111a d\u1ea1ng, h\u1ea5p d\u1eabn<\/strong><\/h3>\n<p data-sourcepos=\"5:1-5:173\"><a href=\"https:\/\/vi.wikipedia.org\/wiki\/Tr\u00e0_s\u1eefa\" target=\"_blank\" rel=\"noopener nofollow\" data-schema-attribute=\"\"><strong>Tr\u00e0 s\u1eefa<\/strong><\/a> l\u00e0 m\u1ed9t lo\u1ea1i th\u1ee9c u\u1ed1ng \u0111\u01b0\u1ee3c pha ch\u1ebf t\u1eeb tr\u00e0 v\u00e0 s\u1eefa, c\u00f3 ngu\u1ed3n g\u1ed1c t\u1eeb Trung Qu\u1ed1c. Ng\u00e0y nay, tr\u00e0 s\u1eefa \u0111\u00e3 tr\u1edf n\u00ean ph\u1ed5 bi\u1ebfn tr\u00ean to\u00e0n th\u1ebf gi\u1edbi, v\u1edbi nhi\u1ec1u bi\u1ebfn t\u1ea5u kh\u00e1c nhau.&nbsp;Tr\u00e0 s\u1eefa c\u00f3 th\u1ec3 \u0111\u01b0\u1ee3c ph\u00e2n lo\u1ea1i th\u00e0nh nhi\u1ec1u lo\u1ea1i kh\u00e1c nhau, d\u1ef1a tr\u00ean c\u00e1c y\u1ebfu t\u1ed1 nh\u01b0:<\/p>\n<ul data-sourcepos=\"9:1-13:0\">\n<li data-sourcepos=\"9:1-9:114\"><strong>Lo\u1ea1i tr\u00e0:<\/strong> Tr\u00e0 s\u1eefa c\u00f3 th\u1ec3 \u0111\u01b0\u1ee3c pha ch\u1ebf t\u1eeb nhi\u1ec1u lo\u1ea1i tr\u00e0 kh\u00e1c nhau, bao g\u1ed3m tr\u00e0 \u0111en, tr\u00e0 xanh, tr\u00e0 \u00f4 long&#8230;<\/li>\n<li data-sourcepos=\"10:1-10:78\"><strong>Lo\u1ea1i s\u1eefa:<\/strong>&nbsp;Tr\u00e0 s\u1eefa c\u00f3 th\u1ec3 \u0111\u01b0\u1ee3c pha ch\u1ebf v\u1edbi s\u1eefa t\u01b0\u01a1i, s\u1eefa \u0111\u1eb7c, s\u1eefa b\u1ed9t,&#8230;<\/li>\n<li data-sourcepos=\"11:1-11:75\"><strong>L\u01b0\u1ee3ng s\u1eefa:<\/strong>&nbsp;L\u01b0\u1ee3ng s\u1eefa trong tr\u00e0 s\u1eefa c\u00f3 th\u1ec3 kh\u00e1c nhau, t\u1eeb \u00edt \u0111\u1ebfn nhi\u1ec1u.<\/li>\n<li data-sourcepos=\"12:1-13:0\"><strong>C\u00e1c th\u00e0nh ph\u1ea7n kh\u00e1c:<\/strong> Tr\u00e0 s\u1eefa c\u00f3 th\u1ec3 \u0111\u01b0\u1ee3c th\u00eam c\u00e1c th\u00e0nh ph\u1ea7n kh\u00e1c nh\u01b0 tr\u00e2n ch\u00e2u, th\u1ea1ch, topping&#8230;<\/li>\n<\/ul>\n<p>Xem Th\u00eam:&nbsp;<\/p>\n<p data-sourcepos=\"14:1-14:233\">Tr\u00e0 s\u1eefa l\u00e0 m\u1ed9t lo\u1ea1i th\u1ee9c u\u1ed1ng th\u01a1m ngon, b\u1ed5 d\u01b0\u1ee1ng. Tr\u00e0 c\u00f3 t\u00e1c d\u1ee5ng gi\u1ea3i nhi\u1ec7t, ch\u1ed1ng oxy h\u00f3a, c\u00f2n s\u1eefa cung c\u1ea5p n\u0103ng l\u01b0\u1ee3ng v\u00e0 c\u00e1c ch\u1ea5t dinh d\u01b0\u1ee1ng c\u1ea7n thi\u1ebft cho c\u01a1 th\u1ec3. Tr\u00e0 s\u1eefa c\u0169ng l\u00e0 m\u1ed9t th\u1ee9c u\u1ed1ng gi\u1ea3i tr\u00ed \u0111\u01b0\u1ee3c nhi\u1ec1u ng\u01b0\u1eddi y\u00eau th\u00edch.<\/p>\n<p style=\"text-align: justify;\"><strong>B\u1ed9t Max Pudding v\u1ecb Tr\u00e0 S\u1eefa 6in1 ThucPham.com <\/strong>\u0111\u01b0\u1ee3c s\u1ea3n xu\u1ea5t b\u1edfi C\u00f4ng ty TNHH ThucPham.com b\u1eb1ng c\u00f4ng ngh\u1ec7 hi\u1ec7n \u0111\u1ea1i v\u00e0 nguy\u00ean li\u1ec7u \u0111\u1eb7c bi\u1ec7t n\u00ean c\u00f3 h\u01b0\u01a1ng th\u01a1m, m\u00f9i v\u1ecb \u0111\u1eb7c tr\u01b0ng kh\u00f3 c\u00f3 th\u1ec3 t\u00ecm th\u1ea5y \u1edf nh\u1eefng s\u1ea3n ph\u1ea9m kh\u00e1c. B\u1ed9t Max Pudding <strong><a href=\"http:\/\/thucpham.com\/\" target=\"_blank\" rel=\"noopener\" data-schema-attribute=\"\">ThucPham.com<\/a><\/strong> \u0111\u00e3 \u0111\u01b0\u1ee3c tr\u1ed9n s\u1eb5n t\u1ea5t c\u1ea3 c\u00e1c th\u00e0nh ph\u1ea7n v\u00e0 h\u01b0\u01a1ng li\u1ec7u c\u1ea7n thi\u1ebft \u0111\u1ec3 t\u1ea1o ra nh\u1eefng th\u00e0nh ph\u1ea9m th\u01a1m ngon chu\u1ea9n v\u1ecb. N\u00ean khi mua v\u1ec1 b\u1ea1n ch\u1ec9 c\u1ea7n pha theo c\u00f4ng th\u1ee9c, \u0111un s\u00f4i l\u0103n t\u0103n v\u00e0 \u0111\u1ee3i h\u1ed7n h\u1ee3p d\u00f4ng l\u1ea1i l\u00e0 s\u1ebd c\u00f3 ngay m\u00f3n \u0103n nh\u1eb9 v\u1eeba ngon mi\u1ec7ng v\u1eeba \u0111\u1ea3m b\u1ea3o v\u1ec7 sinh. \u0110\u1eb7c bi\u1ec7t t\u00f9y t\u1ec9 l\u1ec7 ch\u1ebf bi\u1ebfn m\u00e0 B\u1ed9t Max Pudding V\u1ecb Tr\u00e0 S\u1eefa c\u00f3 kh\u1ea3 n\u0103ng gi\u00fap b\u1ea1n t\u1ea1o \u0111\u1ebfn 6 m\u00f3n kh\u00e1c nhau nh\u01b0: flan\/ caramen, panna cotta, kh\u00fac b\u1ea1ch, th\u1ea1ch s\u1eefa, pudding, topping h\u00fat th\u1ea1ch pudding.&nbsp;<\/p>\n<p><a href=\"https:\/\/thucpham.com\/wp-content\/uploads\/2023\/09\/bot-ma-pudding-thucphamcom-voi-6-mon-an.jpg\"><img class=\"aligncenter wp-image-47066 size-full\" title=\"C\u00e1c m\u00f3n \u0103n v\u1eb7t l\u00e0m t\u1eeb b\u1ed9t Max Pudding 6in1\" src=\"https:\/\/thucpham.com\/wp-content\/uploads\/2023\/09\/bot-ma-pudding-thucphamcom-voi-6-mon-an.jpg\" alt=\"C\u00e1c m\u00f3n \u0103n v\u1eb7t l\u00e0m t\u1eeb b\u1ed9t Max Pudding 6in1\" width=\"820\" height=\"460\" srcset=\"https:\/\/thucpham.com\/vinacom\/wp-content\/uploads\/2023\/09\/bot-ma-pudding-thucphamcom-voi-6-mon-an.jpg 820w, https:\/\/thucpham.com\/vinacom\/wp-content\/uploads\/2023\/09\/bot-ma-pudding-thucphamcom-voi-6-mon-an-300x168.jpg 300w, https:\/\/thucpham.com\/vinacom\/wp-content\/uploads\/2023\/09\/bot-ma-pudding-thucphamcom-voi-6-mon-an-768x431.jpg 768w, https:\/\/thucpham.com\/vinacom\/wp-content\/uploads\/2023\/09\/bot-ma-pudding-thucphamcom-voi-6-mon-an-24x13.jpg 24w, https:\/\/thucpham.com\/vinacom\/wp-content\/uploads\/2023\/09\/bot-ma-pudding-thucphamcom-voi-6-mon-an-36x20.jpg 36w, https:\/\/thucpham.com\/vinacom\/wp-content\/uploads\/2023\/09\/bot-ma-pudding-thucphamcom-voi-6-mon-an-48x27.jpg 48w, https:\/\/thucpham.com\/vinacom\/wp-content\/uploads\/2023\/09\/bot-ma-pudding-thucphamcom-voi-6-mon-an-510x286.jpg 510w\" sizes=\"(max-width: 820px) 100vw, 820px\" \/><\/a><\/p>\n<h2 style=\"text-align: justify;\"><span style=\"font-size: 14pt;\"><b>2. Th\u00f4ng Tin S\u1ea3n Ph\u1ea9m<\/b><\/span><\/h2>\n<p style=\"text-align: justify;\"><strong>B\u1ed9t Max Pudding v\u1ecb Tr\u00e0 S\u1eefa 6in1 ThucPham.com <\/strong>\u0111\u01b0\u1ee3c s\u1ea3n xu\u1ea5t d\u1ea1ng t\u00fai v\u1edbi m\u00e0u s\u1eafc bao b\u00ec b\u1eaft m\u1eaft b\u00ean ngo\u00e0i c\u00f9ng b\u1ed9t m\u1ecbn b\u00ean trong.<\/p>\n<p style=\"text-align: justify;\"><strong>T\u00ean s\u1ea3n ph\u1ea9m<\/strong>: B\u1ed9t Max Pudding V\u1ecb Tr\u00e0 S\u1eefa 6in1 ThucPham.com<\/p>\n<p style=\"text-align: justify;\"><strong>Xu\u1ea5t x\u1ee9:&nbsp;<\/strong>Vi\u1ec7t Nam<\/p>\n<p style=\"text-align: justify;\"><strong>Th\u00e0nh ph\u1ea7n<\/strong>: B\u1ed9t kem b\u00e9o, B\u1ed9t v\u1ecb nguy\u00ean ch\u1ea5t, \u0110\u01b0\u1eddng, B\u1ed9t t\u1ea1o \u0111\u00f4ng chi\u1ebft xu\u1ea5t t\u1ea3o bi\u1ec3n, M\u00e0u th\u1ef1c ph\u1ea9m.<\/p>\n<p style=\"text-align: justify;\"><strong>Kh\u1ed1i l\u01b0\u1ee3ng<\/strong>: 1kg\/t\u00fai<\/p>\n<h3 style=\"text-align: justify;\"><b>3. C\u00e1ch S\u1eed D\u1ee5ng<\/b><\/h3>\n<p style=\"text-align: justify;\">B\u1ed9t Max Pudding V\u1ecb Tr\u00e0 S\u1eefa ThucPham.com \u0111\u00e3 \u0111\u01b0\u1ee3c tr\u1ed9n s\u1eb5n c\u00e1c nguy\u00ean li\u1ec7u v\u1edbi nhau n\u00ean c\u00e1ch s\u1eed d\u1ee5ng r\u1ea5t d\u1ec5 d\u00e0ng, nhanh ch\u00f3ng:<\/p>\n<p><a href=\"https:\/\/thucpham.com\/wp-content\/uploads\/2023\/09\/ti-le-bot-nuoc-max-pudding-6in1-thucphamcom.jpg\"><img class=\"aligncenter wp-image-47069 size-full\" title=\"t\u1ec9 l\u1ec7 pha b\u1ed9t Max Pudding 6in1\" src=\"https:\/\/thucpham.com\/wp-content\/uploads\/2023\/09\/ti-le-bot-nuoc-max-pudding-6in1-thucphamcom.jpg\" alt=\"\" width=\"820\" height=\"460\" srcset=\"https:\/\/thucpham.com\/vinacom\/wp-content\/uploads\/2023\/09\/ti-le-bot-nuoc-max-pudding-6in1-thucphamcom.jpg 820w, https:\/\/thucpham.com\/vinacom\/wp-content\/uploads\/2023\/09\/ti-le-bot-nuoc-max-pudding-6in1-thucphamcom-300x168.jpg 300w, https:\/\/thucpham.com\/vinacom\/wp-content\/uploads\/2023\/09\/ti-le-bot-nuoc-max-pudding-6in1-thucphamcom-768x431.jpg 768w, https:\/\/thucpham.com\/vinacom\/wp-content\/uploads\/2023\/09\/ti-le-bot-nuoc-max-pudding-6in1-thucphamcom-24x13.jpg 24w, https:\/\/thucpham.com\/vinacom\/wp-content\/uploads\/2023\/09\/ti-le-bot-nuoc-max-pudding-6in1-thucphamcom-36x20.jpg 36w, https:\/\/thucpham.com\/vinacom\/wp-content\/uploads\/2023\/09\/ti-le-bot-nuoc-max-pudding-6in1-thucphamcom-48x27.jpg 48w, https:\/\/thucpham.com\/vinacom\/wp-content\/uploads\/2023\/09\/ti-le-bot-nuoc-max-pudding-6in1-thucphamcom-510x286.jpg 510w\" sizes=\"(max-width: 820px) 100vw, 820px\"><\/a><\/p>\n<p>B1: Chu\u1ea9n b\u1ecb h\u1ed7n h\u1ee3p<\/p>\n<p>Pudding x\u1eaft kh\u00fac: H\u00f2a 100gr b\u1ed9t v\u1edbi 800ml n\u01b0\u1edbc<\/p>\n<p>Pudding \u00fap ng\u01b0\u1ee3c n\u00fang n\u00ednh: H\u00f2a 100gr b\u1ed9t v\u1edbi 1000ml n\u01b0\u1edbc<\/p>\n<p>Pudding m\u1ec1m tan h\u00fat \u0111\u01b0\u1ee3c: H\u00f2a 100gr b\u1ed9t v\u1edbi 1300ml ho\u1eb7c 1400ml n\u01b0\u1edbc<\/p>\n<p>* B\u00e9o ng\u1eady h\u01a1n khi thay n\u01b0\u1edbc b\u1eb1ng s\u1eefa t\u01b0\u01a1i kh\u00f4ng \u0111\u01b0\u1eddng<\/p>\n<p>B2: D\u00f9ng ph\u1edbi khu\u1ea5y \u0111\u1ec1u h\u1ed7n h\u1ee3p, th\u00eam 50g &#8211; 80g \u0111\u01b0\u1eddng (t\u00f9y ch\u1ec9nh theo kh\u1ea9u v\u1ecb), \u0111un s\u00f4i, gi\u1ea3m l\u1eeda \u0111un th\u00eam v\u00e0i ph\u00fat r\u1ed3i t\u1eaft b\u1ebfp, \u0111\u1ec3 ngu\u1ed9i b\u1edbt r\u1ed3i \u0111\u1ed5 khu\u00f4n, c\u1ea5t t\u1ee7 m\u00e1t.<\/p>\n<p>* L\u1eafc \u0111\u1ec1u t\u00fai b\u1ed9t tr\u01b0\u1edbc khi s\u1eed d\u1ee5ng.<\/p>\n<p><a href=\"https:\/\/thucpham.com\/wp-content\/uploads\/2023\/09\/cach-dung-bot-max-pudding-6in1-thucphamcom.jpg\"><img class=\"aligncenter wp-image-47068 size-full\" title=\"C\u00e1c s\u1eed d\u1ee5ng b\u1ed9t Max Pudding 6in1\" src=\"https:\/\/thucpham.com\/wp-content\/uploads\/2023\/09\/cach-dung-bot-max-pudding-6in1-thucphamcom.jpg\" alt=\"\" width=\"820\" height=\"460\" srcset=\"https:\/\/thucpham.com\/vinacom\/wp-content\/uploads\/2023\/09\/cach-dung-bot-max-pudding-6in1-thucphamcom.jpg 820w, https:\/\/thucpham.com\/vinacom\/wp-content\/uploads\/2023\/09\/cach-dung-bot-max-pudding-6in1-thucphamcom-300x168.jpg 300w, https:\/\/thucpham.com\/vinacom\/wp-content\/uploads\/2023\/09\/cach-dung-bot-max-pudding-6in1-thucphamcom-768x431.jpg 768w, https:\/\/thucpham.com\/vinacom\/wp-content\/uploads\/2023\/09\/cach-dung-bot-max-pudding-6in1-thucphamcom-24x13.jpg 24w, https:\/\/thucpham.com\/vinacom\/wp-content\/uploads\/2023\/09\/cach-dung-bot-max-pudding-6in1-thucphamcom-36x20.jpg 36w, https:\/\/thucpham.com\/vinacom\/wp-content\/uploads\/2023\/09\/cach-dung-bot-max-pudding-6in1-thucphamcom-48x27.jpg 48w, https:\/\/thucpham.com\/vinacom\/wp-content\/uploads\/2023\/09\/cach-dung-bot-max-pudding-6in1-thucphamcom-510x286.jpg 510w\" sizes=\"(max-width: 820px) 100vw, 820px\"><\/a><\/p>\n<p style=\"text-align: justify;\">Thay v\u00ec c\u00e1c b\u01b0\u1edbc n\u1ea5u pudding truy\u1ec1n th\u1ed1ng nhi\u1ec1u nguy\u00ean li\u1ec7u th\u00ec gi\u1edd b\u1ea1n ch\u1ec9 c\u1ea7n m\u1ed9t m\u00ecnh B\u1ed9t Max Pudding V\u1ecb Tr\u00e0 S\u1eefa 6in1. C\u00e1ch l\u00e0m pudding n\u00e0y s\u1ebd gi\u00fap c\u00e1c c\u1eeda h\u00e0ng kinh doanh ch\u00e8\/ tr\u00e0 s\u1eefa kh\u00f4ng ch\u1ec9 ti\u1ebft ki\u1ec7m \u0111\u01b0\u1ee3c th\u1eddi gian v\u00e0 c\u00f4ng s\u1ee9c m\u00e0 c\u00f2n gi\u00fap mang \u0111\u1ebfn nh\u1eefng s\u1ea3n ph\u1ea9m t\u01b0\u01a1i ngon, \u0111\u1ea3m b\u1ea3o an to\u00e0n v\u1ec7 sinh khi\u1ebfn cho kh\u00e1ch h\u00e0ng an t\u00e2m tuy\u1ec7t \u0111\u1ed1i.<\/p>\n<p><strong>L\u01b0u \u00fd:<\/strong><\/p>\n<ul>\n<li>B\u1ea1n c\u00f3 th\u1ec3 chia nh\u1ecf b\u1ed9t \u0111\u1ec3 n\u1ea5u ra l\u01b0\u1ee3ng th\u00e0nh ph\u1ea9m mong mu\u1ed1n, v\u1edbi \u0111i\u1ec1u ki\u1ec7n \u0111\u1ea3m b\u1ea3o t\u1ec9 l\u1ec7 b\u1ed9t:n\u01b0\u1edbc ph\u00f9 h\u1ee3p.<\/li>\n<li>B\u1ea1n c\u00f3 th\u1ec3 d\u00f9ng c\u00e1c lo\u1ea1i \u0111\u01b0\u1eddng \u0103n ki\u00eang thay th\u1ebf \u0111\u01b0\u1eddng c\u00e1t, \u0111\u01b0\u1eddng b\u1ed9t th\u00f4ng d\u1ee5ng n\u1ebfu mu\u1ed1n.<\/li>\n<li>\u0110\u1ec3 t\u1ea1o c\u00e1c m\u00f3n kh\u00fac b\u1ea1ch\/ panna cotta\/ th\u1ea1ch s\u1eefa c\u00f3 nhi\u1ec1u m\u00e0u s\u1eafc ch\u1ed3ng l\u00ean nhau: ch\u00fa \u00fd ch\u1edd b\u1ec1 m\u1eb7t h\u1ed7n h\u1ee3p b\u00ean d\u01b0\u1edbi v\u1eeba se l\u1ea1i t\u1ea1o m\u00e0ng th\u00ec \u0111\u1ed5 l\u1edbp m\u00e0u kh\u00e1c l\u00ean sau. C\u00f3 th\u1ec3 d\u00f9ng t\u0103m nh\u1ecdn x\u00e2m l\u00ean b\u1ec1 m\u1eb7t t\u1ea7ng th\u1ea1ch c\u0169 \u0111\u1ec3 \u0111\u1ea3m b\u1ea3o s\u1ef1 k\u1ebft d\u00ednh gi\u1eefa hai l\u1edbp.<\/li>\n<\/ul>\n<h3 style=\"text-align: justify;\"><b>4. C\u00e1ch B\u1ea3o Qu\u1ea3n<\/b><\/h3>\n<ul style=\"text-align: justify;\">\n<li>B\u1ea3o qu\u1ea3n \u1edf n\u01a1i c\u00f3 nhi\u1ec7t \u0111\u1ed9 d\u01b0\u1edbi 25 \u0111\u1ed9 C<\/li>\n<li>\u0110\u1ec3 s\u1ea3n ph\u1ea9m \u1edf n\u01a1i kh\u00f4 r\u00e1o, tho\u00e1ng m\u00e1t, tr\u00e1nh \u00e1nh n\u1eafng tr\u1ef1c ti\u1ebfp<\/li>\n<li>Sau khi m\u1edf t\u00fai s\u1ea3n ph\u1ea9m, c\u1ea7n gi\u1eef k\u00edn v\u00e0 s\u1eed d\u1ee5ng t\u1ed1t nh\u1ea5t trong kho\u1ea3ng 2 tu\u1ea7n.<\/li>\n<\/ul>\n<p style=\"text-align: justify;\">B\u1ea1n \u0111ang kinh doanh \u0111\u1ed3 u\u1ed1ng, \u0111\u1ed3 \u0103n v\u1eb7t hay buffet c\u00f3 \u0111\u1ed3 \u0103n ng\u1ecdt? B\u1ea1n ch\u01b0a t\u00ecm \u0111\u01b0\u1ee3c nh\u00e0 cung c\u1ea5p <a href=\"https:\/\/thucpham.com\/bot-pudding\/\" target=\"_blank\" rel=\"noopener\" data-schema-attribute=\"\"><strong>b\u1ed9t pudding<\/strong><\/a> n\u00e0o uy t\u00edn, ch\u1ea5t l\u01b0\u1ee3ng, gi\u00e1 th\u00e0nh h\u1ee3p l\u00fd? H\u00e3y nhanh tay li\u00ean h\u1ec7 ngay v\u1edbi ch\u00fang t\u00f4i \u0111\u1ec3 s\u1edf h\u1eefu <strong>B\u1ed9t Max Pudding v\u1ecb Tr\u00e0 S\u1eefa 6in1 ThucPham.com <\/strong>c\u0169ng nh\u01b0 c\u00e1c h\u01b0\u01a1ng v\u1ecb kh\u00e1c \u0111ang hot hi\u1ec7n nay c\u1ee7a ch\u00fang t\u00f4i nh\u01b0: <strong><a href=\"https:\/\/thucpham.com\/bot-max-pudding-6in1-thucpham-com-vi-trung-caramen\/\" target=\"_blank\" rel=\"noopener\" data-schema-attribute=\"\">caramen tr\u1ee9ng<\/a><\/strong>, d\u00e2u, d\u1eeba, <strong><a href=\"https:\/\/thucpham.com\/bot-max-pudding-6in1-thucpham-com-vi-matcha\" target=\"_blank\" rel=\"noopener\" data-schema-attribute=\"\">matcha<\/a><\/strong>, khoai m\u00f4n, <strong><a href=\"https:\/\/thucpham.com\/bot-max-pudding-6in1-thucpham-com-vi-dao\/\" target=\"_blank\" rel=\"noopener\" data-schema-attribute=\"\">\u0111\u00e0o<\/a><\/strong>, vi\u1ec7t qu\u1ea5t, d\u1ee9a&#8230;<\/p>\n","protected":false},"excerpt":{"rendered":"<p>H\u00e3y c\u00f9ng B\u1ed9t Max Pudding v\u1ecb Tr\u00e0 S\u1eefa 6in1 ThucPham.com t\u1ea1o n\u00ean nh\u1eefng ch\u00e9n ch\u00e8 hay tr\u00e0 s\u1eefa ngon m\u00ea ly, m\u00e1t l\u1ea1nh nh\u00e9. B\u1ed9t Max Pudding V\u1ecb Tr\u00e0 S\u1eefa ThucPham.com \u0111\u01b0\u1ee3c s\u1ea3n xu\u1ea5t tr\u00ean d\u00e2y chuy\u1ec1n c\u00f4ng ngh\u1ec7 hi\u1ec7n \u0111\u1ea1i, \u00e1p d\u1ee5ng H\u1ec7 th\u1ed1ng qu\u1ea3n l\u00fd an to\u00e0n th\u1ef1c ph\u1ea9m ti\u00eau chu\u1ea9n Qu\u1ed1c t\u1ebf&#8230;<\/p>\n","protected":false},"featured_media":93812,"comment_status":"open","ping_status":"closed","template":"","meta":[],"product_cat":[254],"product_tag":[],"_links":{"self":[{"href":"https:\/\/thucpham.com\/vinacom\/wp-json\/wp\/v2\/product\/47509"}],"collection":[{"href":"https:\/\/thucpham.com\/vinacom\/wp-json\/wp\/v2\/product"}],"about":[{"href":"https:\/\/thucpham.com\/vinacom\/wp-json\/wp\/v2\/types\/product"}],"replies":[{"embeddable":true,"href":"https:\/\/thucpham.com\/vinacom\/wp-json\/wp\/v2\/comments?post=47509"}],"wp:featuredmedia":[{"embeddable":true,"href":"https:\/\/thucpham.com\/vinacom\/wp-json\/wp\/v2\/media\/93812"}],"wp:attachment":[{"href":"https:\/\/thucpham.com\/vinacom\/wp-json\/wp\/v2\/media?parent=47509"}],"wp:term":[{"taxonomy":"product_cat","embeddable":true,"href":"https:\/\/thucpham.com\/vinacom\/wp-json\/wp\/v2\/product_cat?post=47509"},{"taxonomy":"product_tag","embeddable":true,"href":"https:\/\/thucpham.com\/vinacom\/wp-json\/wp\/v2\/product_tag?post=47509"}],"curies":[{"name":"wp","href":"https:\/\/api.w.org\/{rel}","templated":true}]}}