{"id":47487,"date":"2023-12-19T11:56:10","date_gmt":"2023-12-19T04:56:10","guid":{"rendered":"https:\/\/thucpham.com\/?post_type=product&#038;p=47487"},"modified":"2025-03-21T11:09:48","modified_gmt":"2025-03-21T04:09:48","slug":"bot-max-pudding-6in1-thucpham-com-vi-la-nep","status":"publish","type":"product","link":"https:\/\/thucpham.com\/vinacom\/bot-max-pudding-6in1-thucpham-com-vi-la-nep\/","title":{"rendered":"B\u1ed9t Max Pudding V\u1ecb L\u00e1 N\u1ebfp 6in1 ThucPham.com"},"content":{"rendered":"<h2 class=\"\" style=\"text-align: justify;\" data-sourcepos=\"3:1-3:66\"><strong>B\u1ed9t Max Pudding V\u1ecb L\u00e1 N\u1ebfp: Th\u1ed5i H\u1ed3n Cho M\u00f3n Tr\u00e1ng Mi\u1ec7ng C\u1ee7a B\u1ea1n<\/strong><\/h2>\n<p style=\"text-align: justify;\" data-sourcepos=\"7:1-7:312\">B\u1ea1n \u0111\u00e3 bao gi\u1edd t\u01b0\u1edfng t\u01b0\u1ee3ng m\u00ecnh c\u00f3 th\u1ec3 t\u1ea1o ra nh\u1eefng ly ch\u00e8, ly tr\u00e0 s\u1eefa th\u01a1m ngon v\u1edbi h\u01b0\u01a1ng l\u00e1 n\u1ebfp \u0111\u1eb7c tr\u01b0ng ch\u1ec9 trong nh\u00e1y m\u1eaft? V\u1edbi <strong>b\u1ed9t Max Pudding v\u1ecb l\u00e1 n\u1ebfp<\/strong> c\u1ee7a <a href=\"https:\/\/thucpham.com\/\" target=\"_blank\" rel=\"noopener\" data-schema-attribute=\"\"><strong>ThucPham.com<\/strong><\/a>, \u0111i\u1ec1u \u0111\u00f3 ho\u00e0n to\u00e0n c\u00f3 th\u1ec3 tr\u1edf th\u00e0nh hi\u1ec7n th\u1ef1c. H\u00e3y c\u00f9ng kh\u00e1m ph\u00e1 b\u00ed quy\u1ebft t\u1ea1o n\u00ean nh\u1eefng m\u00f3n tr\u00e1ng mi\u1ec7ng h\u1ea5p d\u1eabn v\u1edbi s\u1ea3n ph\u1ea9m n\u00e0y nh\u00e9.<\/p>\n<h3 style=\"text-align: justify;\" data-sourcepos=\"9:1-9:59\"><strong>L\u00e1 N\u1ebfp &#8211; H\u01b0\u01a1ng V\u1ecb Qu\u00ea H\u01b0\u01a1ng Trong T\u1eebng Gi\u1ecdt Pudding<\/strong><\/h3>\n<p style=\"text-align: justify;\" data-sourcepos=\"11:1-11:235\">L\u00e1 n\u1ebfp, m\u1ed9t lo\u1ea1i c\u00e2y th\u00e2n thu\u1ed9c trong v\u0103n h\u00f3a \u1ea9m th\u1ef1c <a href=\"https:\/\/vi.wikipedia.org\/wiki\/Vi%E1%BB%87t_Nam\" target=\"_blank\" rel=\"noopener nofollow\" data-schema-attribute=\"\"><strong>Vi\u1ec7t Nam<\/strong><\/a>, mang \u0111\u1ebfn h\u01b0\u01a1ng th\u01a1m \u0111\u1eb7c tr\u01b0ng v\u00e0 m\u1ed9t ch\u00fat g\u00ec \u0111\u00f3 ho\u00e0i ni\u1ec7m. V\u1edbi <a href=\"https:\/\/thucpham.com\/bot-max-pudding-6in1-thucpham-com-vi-la-nep\/\" target=\"_blank\" rel=\"noopener\" data-schema-attribute=\"\"><strong>B\u1ed9t Max Pudding v\u1ecb l\u00e1 n\u1ebfp<\/strong><\/a>, h\u01b0\u01a1ng v\u1ecb \u1ea5y \u0111\u01b0\u1ee3c t\u00e1i hi\u1ec7n m\u1ed9t c\u00e1ch tinh t\u1ebf, \u0111em \u0111\u1ebfn tr\u1ea3i nghi\u1ec7m \u1ea9m th\u1ef1c kh\u00f3 qu\u00ean.<\/p>\n<p style=\"text-align: justify;\" data-sourcepos=\"11:1-11:235\"><a href=\"https:\/\/thucpham.com\/wp-content\/uploads\/2023\/09\/bot-ma-pudding-thucphamcom-voi-6-mon-an.jpg\"><img class=\"aligncenter wp-image-47066 size-full\" title=\"C\u00e1c m\u00f3n \u0103n v\u1eb7t l\u00e0m t\u1eeb b\u1ed9t Max Pudding 6in1\" src=\"https:\/\/thucpham.com\/wp-content\/uploads\/2023\/09\/bot-ma-pudding-thucphamcom-voi-6-mon-an.jpg\" alt=\"C\u00e1c m\u00f3n \u0103n v\u1eb7t l\u00e0m t\u1eeb b\u1ed9t Max Pudding 6in1\" width=\"820\" height=\"460\" srcset=\"https:\/\/thucpham.com\/vinacom\/wp-content\/uploads\/2023\/09\/bot-ma-pudding-thucphamcom-voi-6-mon-an.jpg 820w, https:\/\/thucpham.com\/vinacom\/wp-content\/uploads\/2023\/09\/bot-ma-pudding-thucphamcom-voi-6-mon-an-300x168.jpg 300w, https:\/\/thucpham.com\/vinacom\/wp-content\/uploads\/2023\/09\/bot-ma-pudding-thucphamcom-voi-6-mon-an-768x431.jpg 768w, https:\/\/thucpham.com\/vinacom\/wp-content\/uploads\/2023\/09\/bot-ma-pudding-thucphamcom-voi-6-mon-an-24x13.jpg 24w, https:\/\/thucpham.com\/vinacom\/wp-content\/uploads\/2023\/09\/bot-ma-pudding-thucphamcom-voi-6-mon-an-36x20.jpg 36w, https:\/\/thucpham.com\/vinacom\/wp-content\/uploads\/2023\/09\/bot-ma-pudding-thucphamcom-voi-6-mon-an-48x27.jpg 48w, https:\/\/thucpham.com\/vinacom\/wp-content\/uploads\/2023\/09\/bot-ma-pudding-thucphamcom-voi-6-mon-an-510x286.jpg 510w\" sizes=\"(max-width: 820px) 100vw, 820px\" \/><\/a><\/p>\n<h3 style=\"text-align: justify;\" data-sourcepos=\"13:1-13:74\"><strong>B\u1ed9t Max Pudding V\u1ecb L\u00e1 N\u1ebfp &#8211; S\u1ef1 L\u1ef1a Ch\u1ecdn Ho\u00e0n H\u1ea3o Cho Ng\u01b0\u1eddi B\u1eadn R\u1ed9n<\/strong><\/h3>\n<ul style=\"text-align: justify;\" data-sourcepos=\"15:1-18:0\">\n<li data-sourcepos=\"15:1-15:144\"><strong>Ti\u1ebft ki\u1ec7m th\u1eddi gian:<\/strong> Kh\u00f4ng c\u1ea7n ph\u1ea3i m\u1ea5t qu\u00e1 nhi\u1ec1u c\u00f4ng \u0111o\u1ea1n, b\u1ea1n ch\u1ec9 c\u1ea7n pha b\u1ed9t, \u0111un s\u00f4i v\u00e0 \u0111\u1ec3 ngu\u1ed9i l\u00e0 \u0111\u00e3 c\u00f3 ngay m\u00f3n pudding th\u01a1m ngon.<\/li>\n<li data-sourcepos=\"16:1-16:110\"><strong>\u0110a n\u0103ng:<\/strong> M\u1ed9t g\u00f3i b\u1ed9t c\u00f3 th\u1ec3 t\u1ea1o ra nhi\u1ec1u m\u00f3n \u0103n kh\u00e1c nhau nh\u01b0 flan, panna cotta, kh\u00fac b\u1ea1ch, th\u1ea1ch s\u1eefa&#8230;<\/li>\n<li data-sourcepos=\"17:1-18:0\"><strong>Ti\u1ec7n l\u1ee3i:<\/strong> S\u1ea3n ph\u1ea9m \u0111\u01b0\u1ee3c \u0111\u00f3ng g\u00f3i g\u1ecdn g\u00e0ng, d\u1ec5 b\u1ea3o qu\u1ea3n v\u00e0 mang theo.<\/li>\n<\/ul>\n<p style=\"text-align: justify;\">Xem Th\u00eam: <strong><a class=\"woocommerce-LoopProduct-link woocommerce-loop-product__link\" href=\"https:\/\/thucpham.com\/bot-max-pudding-6in1-thucpham-com-vi-sua-chua\/\" target=\"_blank\" rel=\"noopener\" data-schema-attribute=\"\">B\u1ed9t Max Pudding V\u1ecb S\u1eefa Chua 6in1 ThucPham.com<\/a><\/strong><\/p>\n<h3 style=\"text-align: justify;\" data-sourcepos=\"19:1-19:31\"><strong>Th\u00e0nh Ph\u1ea7n V\u00e0 C\u00f4ng D\u1ee5ng<\/strong><\/h3>\n<p style=\"text-align: justify;\" data-sourcepos=\"21:1-21:173\">B\u1ed9t Max Pudding v\u1ecb l\u00e1 n\u1ebfp \u0111\u01b0\u1ee3c l\u00e0m t\u1eeb nh\u1eefng nguy\u00ean li\u1ec7u t\u1ef1 nhi\u00ean, an to\u00e0n cho s\u1ee9c kh\u1ecfe. S\u1ea3n ph\u1ea9m kh\u00f4ng ch\u1ee9a ch\u1ea5t b\u1ea3o qu\u1ea3n, \u0111\u1ea3m b\u1ea3o h\u01b0\u01a1ng v\u1ecb th\u01a1m ngon v\u00e0 ch\u1ea5t l\u01b0\u1ee3ng t\u1ed1t nh\u1ea5t.<\/p>\n<ul style=\"text-align: justify;\" data-sourcepos=\"23:1-28:0\">\n<li data-sourcepos=\"23:1-23:106\"><strong>Th\u00e0nh ph\u1ea7n:<\/strong> B\u1ed9t kem b\u00e9o, b\u1ed9t v\u1ecb nguy\u00ean ch\u1ea5t, \u0111\u01b0\u1eddng, b\u1ed9t t\u1ea1o \u0111\u00f4ng chi\u1ebft xu\u1ea5t t\u1ea3o bi\u1ec3n, m\u00e0u th\u1ef1c ph\u1ea9m.<\/li>\n<li data-sourcepos=\"24:1-28:0\"><strong>C\u00f4ng d\u1ee5ng:<\/strong>\n<ul data-sourcepos=\"25:5-28:0\">\n<li data-sourcepos=\"25:5-25:55\">T\u1ea1o n\u00ean nh\u1eefng m\u00f3n tr\u00e1ng mi\u1ec7ng th\u01a1m ngon, h\u1ea5p d\u1eabn.<\/li>\n<li data-sourcepos=\"26:5-26:37\">Cung c\u1ea5p n\u0103ng l\u01b0\u1ee3ng cho c\u01a1 th\u1ec3.<\/li>\n<li data-sourcepos=\"27:5-28:0\">L\u00e0m phong ph\u00fa th\u00eam th\u1ef1c \u0111\u01a1n gia \u0111\u00ecnh.<\/li>\n<\/ul>\n<\/li>\n<\/ul>\n<p style=\"text-align: justify;\"><a href=\"https:\/\/thucpham.com\/wp-content\/uploads\/2023\/09\/ti-le-bot-nuoc-max-pudding-6in1-thucphamcom.jpg\"><img class=\"aligncenter wp-image-47069 size-full\" title=\"t\u1ec9 l\u1ec7 pha b\u1ed9t Max Pudding 6in1\" src=\"https:\/\/thucpham.com\/wp-content\/uploads\/2023\/09\/ti-le-bot-nuoc-max-pudding-6in1-thucphamcom.jpg\" alt=\"\" width=\"820\" height=\"460\" srcset=\"https:\/\/thucpham.com\/vinacom\/wp-content\/uploads\/2023\/09\/ti-le-bot-nuoc-max-pudding-6in1-thucphamcom.jpg 820w, https:\/\/thucpham.com\/vinacom\/wp-content\/uploads\/2023\/09\/ti-le-bot-nuoc-max-pudding-6in1-thucphamcom-300x168.jpg 300w, https:\/\/thucpham.com\/vinacom\/wp-content\/uploads\/2023\/09\/ti-le-bot-nuoc-max-pudding-6in1-thucphamcom-768x431.jpg 768w, https:\/\/thucpham.com\/vinacom\/wp-content\/uploads\/2023\/09\/ti-le-bot-nuoc-max-pudding-6in1-thucphamcom-24x13.jpg 24w, https:\/\/thucpham.com\/vinacom\/wp-content\/uploads\/2023\/09\/ti-le-bot-nuoc-max-pudding-6in1-thucphamcom-36x20.jpg 36w, https:\/\/thucpham.com\/vinacom\/wp-content\/uploads\/2023\/09\/ti-le-bot-nuoc-max-pudding-6in1-thucphamcom-48x27.jpg 48w, https:\/\/thucpham.com\/vinacom\/wp-content\/uploads\/2023\/09\/ti-le-bot-nuoc-max-pudding-6in1-thucphamcom-510x286.jpg 510w\" sizes=\"(max-width: 820px) 100vw, 820px\"><\/a><\/p>\n<h3 style=\"text-align: justify;\" data-sourcepos=\"29:1-29:25\"><strong>H\u01b0\u1edbng D\u1eabn S\u1eed D\u1ee5ng<\/strong><\/h3>\n<p style=\"text-align: justify;\">B1: Chu\u1ea9n b\u1ecb h\u1ed7n h\u1ee3p<\/p>\n<p style=\"text-align: justify;\">Pudding x\u1eaft kh\u00fac: H\u00f2a 100gr b\u1ed9t v\u1edbi 800ml n\u01b0\u1edbc<\/p>\n<p style=\"text-align: justify;\">Pudding \u00fap ng\u01b0\u1ee3c n\u00fang n\u00ednh: H\u00f2a 100gr b\u1ed9t v\u1edbi 1000ml n\u01b0\u1edbc<\/p>\n<p style=\"text-align: justify;\">Pudding m\u1ec1m tan h\u00fat \u0111\u01b0\u1ee3c: H\u00f2a 100gr b\u1ed9t v\u1edbi 1300ml ho\u1eb7c 1400ml n\u01b0\u1edbc<\/p>\n<p style=\"text-align: justify;\">* B\u00e9o ng\u1eady h\u01a1n khi thay n\u01b0\u1edbc b\u1eb1ng s\u1eefa t\u01b0\u01a1i kh\u00f4ng \u0111\u01b0\u1eddng<\/p>\n<p style=\"text-align: justify;\">B2: D\u00f9ng ph\u1edbi khu\u1ea5y \u0111\u1ec1u h\u1ed7n h\u1ee3p, th\u00eam 50g &#8211; 80g \u0111\u01b0\u1eddng (t\u00f9y ch\u1ec9nh theo kh\u1ea9u v\u1ecb), \u0111un s\u00f4i, gi\u1ea3m l\u1eeda \u0111un th\u00eam v\u00e0i ph\u00fat r\u1ed3i t\u1eaft b\u1ebfp, \u0111\u1ec3 ngu\u1ed9i b\u1edbt r\u1ed3i \u0111\u1ed5 khu\u00f4n, c\u1ea5t t\u1ee7 m\u00e1t.<\/p>\n<p style=\"text-align: justify;\">* L\u1eafc \u0111\u1ec1u t\u00fai b\u1ed9t tr\u01b0\u1edbc khi s\u1eed d\u1ee5ng.<\/p>\n<p style=\"text-align: justify;\">Xem Th\u00eam: <strong><a class=\"woocommerce-LoopProduct-link woocommerce-loop-product__link\" href=\"https:\/\/thucpham.com\/bot-max-pudding-6in1-thucpham-com-vi-dua-luoi\/\" target=\"_blank\" rel=\"noopener\" data-schema-attribute=\"\">B\u1ed9t Max Pudding 6in1 ThucPham.com V\u1ecb D\u01b0a L\u01b0\u1edbi<\/a><\/strong><\/p>\n<h3 style=\"text-align: justify;\" data-sourcepos=\"35:1-35:42\"><strong>M\u1eb9o Nh\u1ecf \u0110\u1ec3 C\u00f3 M\u00f3n Pudding Ho\u00e0n H\u1ea3o<\/strong><\/h3>\n<ul style=\"text-align: justify;\" data-sourcepos=\"37:1-40:0\">\n<li data-sourcepos=\"37:1-37:72\"><strong>T\u00f9y ch\u1ec9nh \u0111\u1ed9 ng\u1ecdt:<\/strong> B\u1ea1n c\u00f3 th\u1ec3 \u0111i\u1ec1u ch\u1ec9nh l\u01b0\u1ee3ng \u0111\u01b0\u1eddng theo kh\u1ea9u v\u1ecb.<\/li>\n<li data-sourcepos=\"38:1-38:145\"><strong>T\u1ea1o m\u00e0u s\u1eafc:<\/strong> \u0110\u1ec3 c\u00f3 nh\u1eefng m\u00f3n pudding nhi\u1ec1u m\u00e0u s\u1eafc, b\u1ea1n c\u00f3 th\u1ec3 s\u1eed d\u1ee5ng m\u00e0u th\u1ef1c ph\u1ea9m t\u1ef1 nhi\u00ean ho\u1eb7c pha tr\u1ed9n c\u00e1c lo\u1ea1i b\u1ed9t pudding kh\u00e1c nhau.<\/li>\n<li data-sourcepos=\"39:1-40:0\"><strong>Trang tr\u00ed:<\/strong> Trang tr\u00ed pudding v\u1edbi c\u00e1c lo\u1ea1i tr\u00e1i c\u00e2y t\u01b0\u01a1i, h\u1ea1t ho\u1eb7c socola \u0111\u1ec3 m\u00f3n \u0103n th\u00eam ph\u1ea7n h\u1ea5p d\u1eabn.<\/li>\n<\/ul>\n<p style=\"text-align: justify;\"><a href=\"https:\/\/thucpham.com\/wp-content\/uploads\/2023\/09\/cach-dung-bot-max-pudding-6in1-thucphamcom.jpg\"><img class=\"aligncenter wp-image-47068 size-full\" title=\"C\u00e1c s\u1eed d\u1ee5ng b\u1ed9t Max Pudding 6in1\" src=\"https:\/\/thucpham.com\/wp-content\/uploads\/2023\/09\/cach-dung-bot-max-pudding-6in1-thucphamcom.jpg\" alt=\"\" width=\"820\" height=\"460\" srcset=\"https:\/\/thucpham.com\/vinacom\/wp-content\/uploads\/2023\/09\/cach-dung-bot-max-pudding-6in1-thucphamcom.jpg 820w, https:\/\/thucpham.com\/vinacom\/wp-content\/uploads\/2023\/09\/cach-dung-bot-max-pudding-6in1-thucphamcom-300x168.jpg 300w, https:\/\/thucpham.com\/vinacom\/wp-content\/uploads\/2023\/09\/cach-dung-bot-max-pudding-6in1-thucphamcom-768x431.jpg 768w, https:\/\/thucpham.com\/vinacom\/wp-content\/uploads\/2023\/09\/cach-dung-bot-max-pudding-6in1-thucphamcom-24x13.jpg 24w, https:\/\/thucpham.com\/vinacom\/wp-content\/uploads\/2023\/09\/cach-dung-bot-max-pudding-6in1-thucphamcom-36x20.jpg 36w, https:\/\/thucpham.com\/vinacom\/wp-content\/uploads\/2023\/09\/cach-dung-bot-max-pudding-6in1-thucphamcom-48x27.jpg 48w, https:\/\/thucpham.com\/vinacom\/wp-content\/uploads\/2023\/09\/cach-dung-bot-max-pudding-6in1-thucphamcom-510x286.jpg 510w\" sizes=\"(max-width: 820px) 100vw, 820px\"><\/a><\/p>\n<p style=\"text-align: justify;\">Xem Th\u00eam: <strong><a class=\"woocommerce-LoopProduct-link woocommerce-loop-product__link\" href=\"https:\/\/thucpham.com\/bot-max-pudding-6in1-thucpham-com-vi-dao\/\" target=\"_blank\" rel=\"noopener\" data-schema-attribute=\"\">B\u1ed9t Max Pudding 6in1 ThucPham.com V\u1ecb \u0110\u00e0o<\/a><\/strong><\/p>\n<h3 style=\"text-align: justify;\" data-sourcepos=\"41:1-41:27\"><strong>B\u1ea3o Qu\u1ea3n V\u00e0 S\u1eed D\u1ee5ng<\/strong><\/h3>\n<ul style=\"text-align: justify;\" data-sourcepos=\"43:1-45:0\">\n<li data-sourcepos=\"43:1-43:86\"><strong>B\u1ea3o qu\u1ea3n:<\/strong> B\u1ea3o qu\u1ea3n s\u1ea3n ph\u1ea9m \u1edf n\u01a1i kh\u00f4 r\u00e1o, tho\u00e1ng m\u00e1t, tr\u00e1nh \u00e1nh n\u1eafng tr\u1ef1c ti\u1ebfp.<\/li>\n<li data-sourcepos=\"44:1-45:0\"><strong>H\u1ea1n s\u1eed d\u1ee5ng:<\/strong> Sau khi m\u1edf g\u00f3i, n\u00ean s\u1eed d\u1ee5ng h\u1ebft trong v\u00f2ng 2 tu\u1ea7n.<\/li>\n<\/ul>\n<p style=\"text-align: justify;\" data-sourcepos=\"48:1-48:226\">B\u1ed9t Max Pudding v\u1ecb l\u00e1 n\u1ebfp l\u00e0 s\u1ef1 l\u1ef1a ch\u1ecdn ho\u00e0n h\u1ea3o \u0111\u1ec3 b\u1ea1n t\u1ef1 tay l\u00e0m n\u00ean nh\u1eefng m\u00f3n tr\u00e1ng mi\u1ec7ng th\u01a1m ngon, h\u1ea5p d\u1eabn. V\u1edbi h\u01b0\u01a1ng v\u1ecb \u0111\u1eb7c tr\u01b0ng c\u1ee7a l\u00e1 n\u1ebfp, s\u1ea3n ph\u1ea9m s\u1ebd mang \u0111\u1ebfn cho b\u1ea1n v\u00e0 gia \u0111\u00ecnh nh\u1eefng tr\u1ea3i nghi\u1ec7m \u1ea9m th\u1ef1c tuy\u1ec7t v\u1eddi.<\/p>\n<p style=\"text-align: justify;\" data-sourcepos=\"52:1-52:109\">B\u1ea1n c\u00f2n ch\u1ea7n ch\u1eeb g\u00ec n\u1eefa m\u00e0 kh\u00f4ng th\u1eed ngay s\u1ea3n ph\u1ea9m <a href=\"https:\/\/thucpham.com\/bot-pudding\/\" target=\"_blank\" rel=\"noopener\" data-schema-attribute=\"\"><strong>b\u1ed9t pudding<\/strong><\/a> n\u00e0y? H\u00e3y li\u00ean h\u1ec7 v\u1edbi ch\u00fang t\u00f4i \u0111\u1ec3 \u0111\u01b0\u1ee3c t\u01b0 v\u1ea5n v\u00e0 \u0111\u1eb7t h\u00e0ng.<\/p>\n","protected":false},"excerpt":{"rendered":"<p>B\u1ed9t Max Pudding V\u1ecb L\u00e1 N\u1ebfp: Th\u1ed5i H\u1ed3n Cho M\u00f3n Tr\u00e1ng Mi\u1ec7ng C\u1ee7a B\u1ea1n B\u1ea1n \u0111\u00e3 bao gi\u1edd t\u01b0\u1edfng t\u01b0\u1ee3ng m\u00ecnh c\u00f3 th\u1ec3 t\u1ea1o ra nh\u1eefng ly ch\u00e8, ly tr\u00e0 s\u1eefa th\u01a1m ngon v\u1edbi h\u01b0\u01a1ng l\u00e1 n\u1ebfp \u0111\u1eb7c tr\u01b0ng ch\u1ec9 trong nh\u00e1y m\u1eaft? V\u1edbi b\u1ed9t Max Pudding v\u1ecb l\u00e1 n\u1ebfp c\u1ee7a ThucPham.com, \u0111i\u1ec1u \u0111\u00f3 ho\u00e0n&#8230;<\/p>\n","protected":false},"featured_media":93790,"comment_status":"open","ping_status":"closed","template":"","meta":[],"product_cat":[254],"product_tag":[],"_links":{"self":[{"href":"https:\/\/thucpham.com\/vinacom\/wp-json\/wp\/v2\/product\/47487"}],"collection":[{"href":"https:\/\/thucpham.com\/vinacom\/wp-json\/wp\/v2\/product"}],"about":[{"href":"https:\/\/thucpham.com\/vinacom\/wp-json\/wp\/v2\/types\/product"}],"replies":[{"embeddable":true,"href":"https:\/\/thucpham.com\/vinacom\/wp-json\/wp\/v2\/comments?post=47487"}],"wp:featuredmedia":[{"embeddable":true,"href":"https:\/\/thucpham.com\/vinacom\/wp-json\/wp\/v2\/media\/93790"}],"wp:attachment":[{"href":"https:\/\/thucpham.com\/vinacom\/wp-json\/wp\/v2\/media?parent=47487"}],"wp:term":[{"taxonomy":"product_cat","embeddable":true,"href":"https:\/\/thucpham.com\/vinacom\/wp-json\/wp\/v2\/product_cat?post=47487"},{"taxonomy":"product_tag","embeddable":true,"href":"https:\/\/thucpham.com\/vinacom\/wp-json\/wp\/v2\/product_tag?post=47487"}],"curies":[{"name":"wp","href":"https:\/\/api.w.org\/{rel}","templated":true}]}}