{"id":47042,"date":"2023-09-10T11:43:31","date_gmt":"2023-09-10T04:43:31","guid":{"rendered":"https:\/\/thucpham.com\/?post_type=product&#038;p=47042"},"modified":"2025-03-21T11:10:03","modified_gmt":"2025-03-21T04:10:03","slug":"bot-max-pudding-6in1-thucpham-com-vi-viet-quat","status":"publish","type":"product","link":"https:\/\/thucpham.com\/vinacom\/bot-max-pudding-6in1-thucpham-com-vi-viet-quat\/","title":{"rendered":"B\u1ed9t Max Pudding V\u1ecb Vi\u1ec7t Qu\u1ea5t 6in1 ThucPham.com"},"content":{"rendered":"<h2 class=\"font-600 text-xl font-bold\" style=\"text-align: justify;\"><strong>Kh\u00e1m ph\u00e1 h\u01b0\u01a1ng v\u1ecb tuy\u1ec7t v\u1eddi c\u1ee7a b\u1ed9t max pudding v\u1ecb vi\u1ec7t qu\u1ea5t<\/strong><\/h2>\n<p class=\"whitespace-pre-wrap break-words\" style=\"text-align: justify;\">Trong th\u1ebf gi\u1edbi \u1ea9m th\u1ef1c \u0111a d\u1ea1ng v\u00e0 phong ph\u00fa, c\u00e1c m\u00f3n tr\u00e1ng mi\u1ec7ng lu\u00f4n chi\u1ebfm m\u1ed9t v\u1ecb tr\u00ed \u0111\u1eb7c bi\u1ec7t trong tr\u00e1i tim c\u1ee7a nh\u1eefng ng\u01b0\u1eddi y\u00eau th\u00edch \u0103n u\u1ed1ng. V\u00e0 trong s\u1ed1 \u0111\u00f3, pudding l\u00e0 m\u1ed9t l\u1ef1a ch\u1ecdn ph\u1ed5 bi\u1ebfn \u0111\u01b0\u1ee3c nhi\u1ec1u ng\u01b0\u1eddi \u01b0a chu\u1ed9ng. H\u00f4m nay, ch\u00fang ta s\u1ebd c\u00f9ng nhau kh\u00e1m ph\u00e1 m\u1ed9t s\u1ea3n ph\u1ea9m \u0111\u1ed9c \u0111\u00e1o v\u00e0 ti\u1ec7n l\u1ee3i &#8211; <a href=\"https:\/\/thucpham.com\/bot-max-pudding-6in1-thucpham-com-vi-viet-quat\/\" target=\"_blank\" rel=\"noopener\" data-schema-attribute=\"\"><strong>b\u1ed9t max pudding v\u1ecb vi\u1ec7t qu\u1ea5t<\/strong><\/a>, m\u1ed9t l\u1ef1a ch\u1ecdn tuy\u1ec7t v\u1eddi cho nh\u1eefng ai mu\u1ed1n t\u1ef1 tay t\u1ea1o ra nh\u1eefng m\u00f3n tr\u00e1ng mi\u1ec7ng th\u01a1m ngon t\u1ea1i nh\u00e0.<\/p>\n<h3 class=\"font-600 text-lg font-bold\" style=\"text-align: justify;\"><strong>Gi\u1edbi thi\u1ec7u v\u1ec1 b\u1ed9t max pudding v\u1ecb vi\u1ec7t qu\u1ea5t<\/strong><\/h3>\n<p class=\"whitespace-pre-wrap break-words\" style=\"text-align: justify;\">B\u1ed9t max pudding v\u1ecb vi\u1ec7t qu\u1ea5t l\u00e0 m\u1ed9t s\u1ea3n ph\u1ea9m \u0111a n\u0103ng, \u0111\u01b0\u1ee3c thi\u1ebft k\u1ebf \u0111\u1eb7c bi\u1ec7t \u0111\u1ec3 \u0111\u00e1p \u1ee9ng nhu c\u1ea7u c\u1ee7a c\u1ea3 nh\u1eefng ng\u01b0\u1eddi n\u1ed9i tr\u1ee3 t\u1ea1i gia v\u00e0 c\u00e1c ch\u1ee7 c\u1eeda h\u00e0ng kinh doanh \u0111\u1ed3 u\u1ed1ng. V\u1edbi c\u00f4ng th\u1ee9c \u0111\u1ed9c \u0111\u00e1o, s\u1ea3n ph\u1ea9m n\u00e0y kh\u00f4ng ch\u1ec9 mang \u0111\u1ebfn h\u01b0\u01a1ng v\u1ecb \u0111\u1eb7c tr\u01b0ng c\u1ee7a qu\u1ea3 vi\u1ec7t qu\u1ea5t m\u00e0 c\u00f2n \u0111\u1ea3m b\u1ea3o s\u1ef1 ti\u1ec7n l\u1ee3i v\u00e0 \u0111a d\u1ee5ng trong qu\u00e1 tr\u00ecnh ch\u1ebf bi\u1ebfn.<\/p>\n<p style=\"text-align: justify;\"><a href=\"https:\/\/thucpham.com\/wp-content\/uploads\/2023\/09\/bot-ma-pudding-thucphamcom-voi-6-mon-an.jpg\"><img class=\"aligncenter wp-image-47066 size-full\" title=\"C\u00e1c m\u00f3n \u0103n v\u1eb7t l\u00e0m t\u1eeb b\u1ed9t Max Pudding 6in1\" src=\"https:\/\/thucpham.com\/wp-content\/uploads\/2023\/09\/bot-ma-pudding-thucphamcom-voi-6-mon-an.jpg\" alt=\"C\u00e1c m\u00f3n \u0103n v\u1eb7t l\u00e0m t\u1eeb b\u1ed9t Max Pudding 6in1\" width=\"820\" height=\"460\" srcset=\"https:\/\/thucpham.com\/vinacom\/wp-content\/uploads\/2023\/09\/bot-ma-pudding-thucphamcom-voi-6-mon-an.jpg 820w, https:\/\/thucpham.com\/vinacom\/wp-content\/uploads\/2023\/09\/bot-ma-pudding-thucphamcom-voi-6-mon-an-300x168.jpg 300w, https:\/\/thucpham.com\/vinacom\/wp-content\/uploads\/2023\/09\/bot-ma-pudding-thucphamcom-voi-6-mon-an-768x431.jpg 768w, https:\/\/thucpham.com\/vinacom\/wp-content\/uploads\/2023\/09\/bot-ma-pudding-thucphamcom-voi-6-mon-an-24x13.jpg 24w, https:\/\/thucpham.com\/vinacom\/wp-content\/uploads\/2023\/09\/bot-ma-pudding-thucphamcom-voi-6-mon-an-36x20.jpg 36w, https:\/\/thucpham.com\/vinacom\/wp-content\/uploads\/2023\/09\/bot-ma-pudding-thucphamcom-voi-6-mon-an-48x27.jpg 48w, https:\/\/thucpham.com\/vinacom\/wp-content\/uploads\/2023\/09\/bot-ma-pudding-thucphamcom-voi-6-mon-an-510x286.jpg 510w\" sizes=\"(max-width: 820px) 100vw, 820px\" \/><\/a><\/p>\n<h3 class=\"font-600 text-lg font-bold\" style=\"text-align: justify;\"><strong>\u0110\u1eb7c \u0111i\u1ec3m n\u1ed5i b\u1eadt c\u1ee7a s\u1ea3n ph\u1ea9m<\/strong><\/h3>\n<ol class=\"-mt-1 list-decimal space-y-2 pl-8\" style=\"text-align: justify;\">\n<li class=\"whitespace-normal break-words\">H\u01b0\u01a1ng v\u1ecb t\u1ef1 nhi\u00ean: <a href=\"https:\/\/thucpham.com\/bot-pudding\/\" target=\"_blank\" rel=\"noopener\" data-schema-attribute=\"\"><strong>B\u1ed9t max pudding<\/strong><\/a> v\u1ecb vi\u1ec7t qu\u1ea5t \u0111\u01b0\u1ee3c ch\u1ebf bi\u1ebfn t\u1eeb nguy\u00ean li\u1ec7u t\u1ef1 nhi\u00ean, mang \u0111\u1ebfn h\u01b0\u01a1ng v\u1ecb \u0111\u1eadm \u0111\u00e0, th\u01a1m ngon c\u1ee7a qu\u1ea3 vi\u1ec7t qu\u1ea5t t\u01b0\u01a1i.<\/li>\n<li class=\"whitespace-normal break-words\">\u0110a n\u0103ng: V\u1edbi m\u1ed9t g\u00f3i b\u1ed9t, b\u1ea1n c\u00f3 th\u1ec3 t\u1ea1o ra \u0111\u1ebfn 6 m\u00f3n dessert kh\u00e1c nhau, bao g\u1ed3m flan, caramen, panna cotta, kh\u00fac b\u1ea1ch, th\u1ea1ch s\u1eefa&#8230;<\/li>\n<li class=\"whitespace-normal break-words\">Ti\u1ec7n l\u1ee3i: S\u1ea3n ph\u1ea9m \u0111\u00e3 \u0111\u01b0\u1ee3c tr\u1ed9n s\u1eb5n c\u00e1c th\u00e0nh ph\u1ea7n c\u1ea7n thi\u1ebft, gi\u00fap ti\u1ebft ki\u1ec7m th\u1eddi gian v\u00e0 c\u00f4ng s\u1ee9c trong qu\u00e1 tr\u00ecnh ch\u1ebf bi\u1ebfn.<\/li>\n<li class=\"whitespace-normal break-words\">An to\u00e0n v\u1ec7 sinh: \u0110\u01b0\u1ee3c s\u1ea3n xu\u1ea5t theo ti\u00eau chu\u1ea9n ISO 22000:2018, \u0111\u1ea3m b\u1ea3o an to\u00e0n th\u1ef1c ph\u1ea9m cho ng\u01b0\u1eddi ti\u00eau d\u00f9ng.<\/li>\n<\/ol>\n<p style=\"text-align: justify;\">Xem Th\u00eam: <strong><a class=\"woocommerce-LoopProduct-link woocommerce-loop-product__link\" href=\"https:\/\/thucpham.com\/bot-max-pudding-6in1-thucpham-com-vi-la-nep\/\" target=\"_blank\" rel=\"noopener\" data-schema-attribute=\"\">B\u1ed9t Max Pudding V\u1ecb L\u00e1 N\u1ebfp 6in1 ThucPham.com<\/a><\/strong><\/p>\n<h3 class=\"font-600 text-lg font-bold\" style=\"text-align: justify;\"><strong>Th\u00e0nh ph\u1ea7n v\u00e0 gi\u00e1 tr\u1ecb dinh d\u01b0\u1ee1ng<\/strong><\/h3>\n<p class=\"whitespace-pre-wrap break-words\" style=\"text-align: justify;\">B\u1ed9t max pudding v\u1ecb vi\u1ec7t qu\u1ea5t <a href=\"https:\/\/thucpham.com\/\" target=\"_blank\" rel=\"noopener\" data-schema-attribute=\"\"><strong>Thucpham.com<\/strong><\/a> ch\u1ee9a c\u00e1c th\u00e0nh ph\u1ea7n ch\u00ednh nh\u01b0 b\u1ed9t kem b\u00e9o, b\u1ed9t v\u1ecb nguy\u00ean ch\u1ea5t, \u0111\u01b0\u1eddng, b\u1ed9t t\u1ea1o \u0111\u00f4ng chi\u1ebft xu\u1ea5t t\u1eeb t\u1ea3o bi\u1ec3n, v\u00e0 m\u00e0u th\u1ef1c ph\u1ea9m. Vi\u1ec7t qu\u1ea5t, nguy\u00ean li\u1ec7u ch\u00ednh t\u1ea1o n\u00ean h\u01b0\u01a1ng v\u1ecb \u0111\u1eb7c tr\u01b0ng c\u1ee7a s\u1ea3n ph\u1ea9m, l\u00e0 m\u1ed9t lo\u1ea1i qu\u1ea3 gi\u00e0u dinh d\u01b0\u1ee1ng v\u1edbi nhi\u1ec1u l\u1ee3i \u00edch s\u1ee9c kh\u1ecfe:<\/p>\n<ul class=\"-mt-1 list-disc space-y-2 pl-8\" style=\"text-align: justify;\">\n<li class=\"whitespace-normal break-words\">Ch\u1ee9a nhi\u1ec1u vitamin C, gi\u00fap t\u0103ng c\u01b0\u1eddng h\u1ec7 mi\u1ec5n d\u1ecbch<\/li>\n<li class=\"whitespace-normal break-words\">Gi\u00e0u ch\u1ea5t ch\u1ed1ng oxy h\u00f3a, h\u1ed7 tr\u1ee3 b\u1ea3o v\u1ec7 t\u1ebf b\u00e0o kh\u1ecfi t\u1ed5n th\u01b0\u01a1ng<\/li>\n<li class=\"whitespace-normal break-words\">Cung c\u1ea5p ch\u1ea5t x\u01a1, t\u1ed1t cho h\u1ec7 ti\u00eau h\u00f3a<\/li>\n<li class=\"whitespace-normal break-words\">Ch\u1ee9a c\u00e1c h\u1ee3p ch\u1ea5t c\u00f3 l\u1ee3i cho s\u1ee9c kh\u1ecfe tim m\u1ea1ch v\u00e0 n\u00e3o b\u1ed9<\/li>\n<\/ul>\n<h2 class=\"font-600 text-xl font-bold\" style=\"text-align: justify;\"><strong>H\u01b0\u1edbng d\u1eabn s\u1eed d\u1ee5ng b\u1ed9t max pudding v\u1ecb vi\u1ec7t qu\u1ea5t<\/strong><\/h2>\n<p class=\"whitespace-pre-wrap break-words\" style=\"text-align: justify;\">\u0110\u1ec3 t\u1ea1o ra nh\u1eefng m\u00f3n tr\u00e1ng mi\u1ec7ng ngon mi\u1ec7ng t\u1eeb b\u1ed9t max pudding v\u1ecb <a href=\"https:\/\/vi.wikipedia.org\/wiki\/Vi%E1%BB%87t_qu%E1%BA%A5t\" target=\"_blank\" rel=\"noopener nofollow\" data-schema-attribute=\"\"><strong>vi\u1ec7t qu\u1ea5t<\/strong><\/a>, b\u1ea1n c\u00f3 th\u1ec3 th\u1ef1c hi\u1ec7n theo c\u00e1c b\u01b0\u1edbc \u0111\u01a1n gi\u1ea3n sau:<\/p>\n<p>B1: Chu\u1ea9n b\u1ecb h\u1ed7n h\u1ee3p<\/p>\n<p>Pudding x\u1eaft kh\u00fac: H\u00f2a 100gr b\u1ed9t v\u1edbi 800ml n\u01b0\u1edbc<\/p>\n<p>Pudding \u00fap ng\u01b0\u1ee3c n\u00fang n\u00ednh: H\u00f2a 100gr b\u1ed9t v\u1edbi 1000ml n\u01b0\u1edbc<\/p>\n<p>Pudding m\u1ec1m tan h\u00fat \u0111\u01b0\u1ee3c: H\u00f2a 100gr b\u1ed9t v\u1edbi 1300ml ho\u1eb7c 1400ml n\u01b0\u1edbc<\/p>\n<p>* B\u00e9o ng\u1eady h\u01a1n khi thay n\u01b0\u1edbc b\u1eb1ng s\u1eefa t\u01b0\u01a1i kh\u00f4ng \u0111\u01b0\u1eddng<\/p>\n<p>B2: D\u00f9ng ph\u1edbi khu\u1ea5y \u0111\u1ec1u h\u1ed7n h\u1ee3p, th\u00eam 50g &#8211; 80g \u0111\u01b0\u1eddng (t\u00f9y ch\u1ec9nh theo kh\u1ea9u v\u1ecb), \u0111un s\u00f4i, gi\u1ea3m l\u1eeda \u0111un th\u00eam v\u00e0i ph\u00fat r\u1ed3i t\u1eaft b\u1ebfp, \u0111\u1ec3 ngu\u1ed9i b\u1edbt r\u1ed3i \u0111\u1ed5 khu\u00f4n, c\u1ea5t t\u1ee7 m\u00e1t.<\/p>\n<p>* L\u1eafc \u0111\u1ec1u t\u00fai b\u1ed9t tr\u01b0\u1edbc khi s\u1eed d\u1ee5ng.<\/p>\n<p style=\"text-align: justify;\">Xem Th\u00eam: <strong><a class=\"woocommerce-LoopProduct-link woocommerce-loop-product__link\" href=\"https:\/\/thucpham.com\/bot-max-pudding-6in1-thucpham-com-vi-sua-bo\/\" target=\"_blank\" rel=\"noopener\" data-schema-attribute=\"\">B\u1ed9t Max Pudding V\u1ecb S\u1eefa B\u00f2 6in1 ThucPham.com<\/a><\/strong><\/p>\n<p style=\"text-align: justify;\"><a href=\"https:\/\/thucpham.com\/wp-content\/uploads\/2023\/09\/ti-le-bot-nuoc-max-pudding-6in1-thucphamcom.jpg\"><img class=\"aligncenter wp-image-47069 size-full\" title=\"t\u1ec9 l\u1ec7 pha b\u1ed9t Max Pudding 6in1\" src=\"https:\/\/thucpham.com\/wp-content\/uploads\/2023\/09\/ti-le-bot-nuoc-max-pudding-6in1-thucphamcom.jpg\" alt=\"\" width=\"820\" height=\"460\" srcset=\"https:\/\/thucpham.com\/vinacom\/wp-content\/uploads\/2023\/09\/ti-le-bot-nuoc-max-pudding-6in1-thucphamcom.jpg 820w, https:\/\/thucpham.com\/vinacom\/wp-content\/uploads\/2023\/09\/ti-le-bot-nuoc-max-pudding-6in1-thucphamcom-300x168.jpg 300w, https:\/\/thucpham.com\/vinacom\/wp-content\/uploads\/2023\/09\/ti-le-bot-nuoc-max-pudding-6in1-thucphamcom-768x431.jpg 768w, https:\/\/thucpham.com\/vinacom\/wp-content\/uploads\/2023\/09\/ti-le-bot-nuoc-max-pudding-6in1-thucphamcom-24x13.jpg 24w, https:\/\/thucpham.com\/vinacom\/wp-content\/uploads\/2023\/09\/ti-le-bot-nuoc-max-pudding-6in1-thucphamcom-36x20.jpg 36w, https:\/\/thucpham.com\/vinacom\/wp-content\/uploads\/2023\/09\/ti-le-bot-nuoc-max-pudding-6in1-thucphamcom-48x27.jpg 48w, https:\/\/thucpham.com\/vinacom\/wp-content\/uploads\/2023\/09\/ti-le-bot-nuoc-max-pudding-6in1-thucphamcom-510x286.jpg 510w\" sizes=\"(max-width: 820px) 100vw, 820px\"><\/a><\/p>\n<h2 class=\"font-600 text-xl font-bold\" style=\"text-align: justify;\"><strong>\u1ee8ng d\u1ee5ng \u0111a d\u1ea1ng c\u1ee7a b\u1ed9t max pudding v\u1ecb vi\u1ec7t qu\u1ea5t<\/strong><\/h2>\n<p class=\"whitespace-pre-wrap break-words\" style=\"text-align: justify;\">S\u1ea3n ph\u1ea9m n\u00e0y kh\u00f4ng ch\u1ec9 d\u1eebng l\u1ea1i \u1edf vi\u1ec7c t\u1ea1o ra nh\u1eefng ch\u00e9n pudding \u0111\u01a1n thu\u1ea7n. H\u00e3y c\u00f9ng kh\u00e1m ph\u00e1 nh\u1eefng c\u00e1ch s\u1eed d\u1ee5ng s\u00e1ng t\u1ea1o kh\u00e1c:<\/p>\n<h4 class=\"font-600 text-lg font-bold\" style=\"text-align: justify;\"><strong>Trong kinh doanh \u0111\u1ed3 u\u1ed1ng<\/strong><\/h4>\n<ol class=\"-mt-1 list-decimal space-y-2 pl-8\" style=\"text-align: justify;\">\n<li class=\"whitespace-normal break-words\">Topping tr\u00e0 s\u1eefa: T\u1ea1o ra nh\u1eefng vi\u00ean th\u1ea1ch pudding v\u1ecb vi\u1ec7t qu\u1ea5t \u0111\u1ed9c \u0111\u00e1o \u0111\u1ec3 l\u00e0m topping cho c\u00e1c lo\u1ea1i tr\u00e0 s\u1eefa.<\/li>\n<li class=\"whitespace-normal break-words\">Smoothie pudding: K\u1ebft h\u1ee3p pudding vi\u1ec7t qu\u1ea5t v\u1edbi s\u1eefa chua v\u00e0 \u0111\u00e1 xay \u0111\u1ec3 t\u1ea1o ra m\u1ed9t lo\u1ea1i smoothie m\u00e1t l\u1ea1nh v\u00e0 b\u1ed5 d\u01b0\u1ee1ng.<\/li>\n<\/ol>\n<h4 class=\"font-600 text-lg font-bold\" style=\"text-align: justify;\"><strong>Trong l\u00e0m b\u00e1nh<\/strong><\/h4>\n<ol class=\"-mt-1 list-decimal space-y-2 pl-8\" style=\"text-align: justify;\">\n<li class=\"whitespace-normal break-words\">Nh\u00e2n b\u00e1nh: S\u1eed d\u1ee5ng pudding vi\u1ec7t qu\u1ea5t l\u00e0m nh\u00e2n cho c\u00e1c lo\u1ea1i b\u00e1nh nh\u01b0 b\u00e1nh su kem ho\u1eb7c b\u00e1nh mochi.<\/li>\n<li class=\"whitespace-normal break-words\">Trang tr\u00ed b\u00e1nh: D\u00f9ng pudding vi\u1ec7t qu\u1ea5t \u0111\u1ec3 t\u1ea1o l\u1edbp trang tr\u00ed b\u1eaft m\u1eaft tr\u00ean b\u1ec1 m\u1eb7t b\u00e1nh kem.<\/li>\n<\/ol>\n<h4 class=\"font-600 text-lg font-bold\" style=\"text-align: justify;\"><strong>Trong ch\u1ebf bi\u1ebfn m\u00f3n tr\u00e1ng mi\u1ec7ng<\/strong><\/h4>\n<ol class=\"-mt-1 list-decimal space-y-2 pl-8\" style=\"text-align: justify;\">\n<li class=\"whitespace-normal break-words\">Parfait vi\u1ec7t qu\u1ea5t: X\u1ebfp l\u1edbp pudding vi\u1ec7t qu\u1ea5t v\u1edbi granola v\u00e0 s\u1eefa chua \u0111\u1ec3 t\u1ea1o ra m\u1ed9t m\u00f3n parfait healthy.<\/li>\n<li class=\"whitespace-normal break-words\">Panna cotta vi\u1ec7t qu\u1ea5t: Bi\u1ebfn t\u1ea5u m\u00f3n panna cotta truy\u1ec1n th\u1ed1ng v\u1edbi h\u01b0\u01a1ng v\u1ecb vi\u1ec7t qu\u1ea5t \u0111\u1ed9c \u0111\u00e1o.<\/li>\n<\/ol>\n<p style=\"text-align: justify;\">Xem Th\u00eam: <strong><a class=\"woocommerce-LoopProduct-link woocommerce-loop-product__link\" href=\"https:\/\/thucpham.com\/bot-max-pudding-6in1-thucpham-com-vi-dua-luoi\/\" target=\"_blank\" rel=\"noopener\" data-schema-attribute=\"\">B\u1ed9t Max Pudding V\u1ecb D\u01b0a L\u01b0\u1edbi 6in1 ThucPham.com<\/a><\/strong><\/p>\n<h3 class=\"font-600 text-xl font-bold\" style=\"text-align: justify;\"><strong>L\u1ee3i \u00edch khi s\u1eed d\u1ee5ng b\u1ed9t max pudding v\u1ecb vi\u1ec7t qu\u1ea5t<\/strong><\/h3>\n<h4 class=\"font-600 text-lg font-bold\" style=\"text-align: justify;\"><strong>\u0110\u1ed1i v\u1edbi ng\u01b0\u1eddi ti\u00eau d\u00f9ng<\/strong><\/h4>\n<ol class=\"-mt-1 list-decimal space-y-2 pl-8\" style=\"text-align: justify;\">\n<li class=\"whitespace-normal break-words\">Ti\u1ebft ki\u1ec7m th\u1eddi gian: Kh\u00f4ng c\u1ea7n ph\u1ea3i chu\u1ea9n b\u1ecb nhi\u1ec1u nguy\u00ean li\u1ec7u ph\u1ee9c t\u1ea1p.<\/li>\n<li class=\"whitespace-normal break-words\">D\u1ec5 d\u00e0ng th\u1ef1c hi\u1ec7n: Ph\u00f9 h\u1ee3p v\u1edbi c\u1ea3 nh\u1eefng ng\u01b0\u1eddi m\u1edbi b\u1eaft \u0111\u1ea7u l\u00e0m b\u00e1nh.<\/li>\n<li class=\"whitespace-normal break-words\">\u0110a d\u1ea1ng m\u00f3n \u0103n: T\u1eeb m\u1ed9t g\u00f3i b\u1ed9t c\u00f3 th\u1ec3 ch\u1ebf bi\u1ebfn nhi\u1ec1u m\u00f3n kh\u00e1c nhau.<\/li>\n<li class=\"whitespace-normal break-words\">An to\u00e0n s\u1ee9c kh\u1ecfe: S\u1ea3n ph\u1ea9m \u0111\u01b0\u1ee3c s\u1ea3n xu\u1ea5t theo ti\u00eau chu\u1ea9n an to\u00e0n th\u1ef1c ph\u1ea9m qu\u1ed1c t\u1ebf.<\/li>\n<\/ol>\n<h4 class=\"font-600 text-lg font-bold\" style=\"text-align: justify;\"><strong>\u0110\u1ed1i v\u1edbi ch\u1ee7 kinh doanh<\/strong><\/h4>\n<ol class=\"-mt-1 list-decimal space-y-2 pl-8\" style=\"text-align: justify;\">\n<li class=\"whitespace-normal break-words\">T\u1ed1i \u01b0u h\u00f3a quy tr\u00ecnh: Gi\u1ea3m th\u1eddi gian v\u00e0 c\u00f4ng \u0111o\u1ea1n ch\u1ebf bi\u1ebfn.<\/li>\n<li class=\"whitespace-normal break-words\">\u1ed4n \u0111\u1ecbnh ch\u1ea5t l\u01b0\u1ee3ng: \u0110\u1ea3m b\u1ea3o h\u01b0\u01a1ng v\u1ecb v\u00e0 ch\u1ea5t l\u01b0\u1ee3ng s\u1ea3n ph\u1ea9m lu\u00f4n \u0111\u1ed3ng nh\u1ea5t.<\/li>\n<li class=\"whitespace-normal break-words\">\u0110a d\u1ea1ng h\u00f3a menu: D\u1ec5 d\u00e0ng th\u00eam nhi\u1ec1u m\u00f3n tr\u00e1ng mi\u1ec7ng m\u1edbi v\u00e0o th\u1ef1c \u0111\u01a1n.<\/li>\n<li class=\"whitespace-normal break-words\">Ti\u1ebft ki\u1ec7m chi ph\u00ed: Gi\u1ea3m chi ph\u00ed nguy\u00ean li\u1ec7u v\u00e0 nh\u00e2n c\u00f4ng.<\/li>\n<\/ol>\n<p style=\"text-align: justify;\">Xem Th\u00eam: <strong><a class=\"woocommerce-LoopProduct-link woocommerce-loop-product__link\" href=\"https:\/\/thucpham.com\/bot-max-pudding-6in1-thucpham-com-vi-dau-tay\/\" target=\"_blank\" rel=\"noopener\" data-schema-attribute=\"\">B\u1ed9t Max Pudding V\u1ecb D\u00e2u T\u00e2y 6in1 ThucPham.com<\/a><\/strong><\/p>\n<h4 class=\"font-600 text-xl font-bold\" style=\"text-align: justify;\"><strong>C\u00e1ch b\u1ea3o qu\u1ea3n v\u00e0 th\u1eddi h\u1ea1n s\u1eed d\u1ee5ng<\/strong><\/h4>\n<p class=\"whitespace-pre-wrap break-words\" style=\"text-align: justify;\">\u0110\u1ec3 \u0111\u1ea3m b\u1ea3o ch\u1ea5t l\u01b0\u1ee3ng t\u1ed1i \u01b0u c\u1ee7a b\u1ed9t max pudding v\u1ecb vi\u1ec7t qu\u1ea5t, b\u1ea1n n\u00ean l\u01b0u \u00fd nh\u1eefng \u0111i\u1ec3m sau:<\/p>\n<ul class=\"-mt-1 list-disc space-y-2 pl-8\" style=\"text-align: justify;\">\n<li class=\"whitespace-normal break-words\">B\u1ea3o qu\u1ea3n \u1edf n\u01a1i kh\u00f4 r\u00e1o, tho\u00e1ng m\u00e1t, tr\u00e1nh \u00e1nh n\u1eafng tr\u1ef1c ti\u1ebfp.<\/li>\n<li class=\"whitespace-normal break-words\">Nhi\u1ec7t \u0111\u1ed9 b\u1ea3o qu\u1ea3n l\u00fd t\u01b0\u1edfng d\u01b0\u1edbi 25\u00b0C.<\/li>\n<li class=\"whitespace-normal break-words\">Sau khi m\u1edf bao b\u00ec, n\u00ean s\u1eed d\u1ee5ng trong v\u00f2ng 2 tu\u1ea7n \u0111\u1ec3 \u0111\u1ea3m b\u1ea3o ch\u1ea5t l\u01b0\u1ee3ng t\u1ed1t nh\u1ea5t.<\/li>\n<li class=\"whitespace-normal break-words\">Lu\u00f4n \u0111\u00f3ng k\u00edn bao b\u00ec sau m\u1ed7i l\u1ea7n s\u1eed d\u1ee5ng \u0111\u1ec3 tr\u00e1nh \u1ea9m v\u00e0 c\u00f4n tr\u00f9ng x\u00e2m nh\u1eadp.<\/li>\n<\/ul>\n<p style=\"text-align: justify;\"><a href=\"https:\/\/thucpham.com\/wp-content\/uploads\/2023\/09\/cach-dung-bot-max-pudding-6in1-thucphamcom.jpg\"><img class=\"aligncenter wp-image-47068 size-full\" title=\"C\u00e1c s\u1eed d\u1ee5ng b\u1ed9t Max Pudding 6in1\" src=\"https:\/\/thucpham.com\/wp-content\/uploads\/2023\/09\/cach-dung-bot-max-pudding-6in1-thucphamcom.jpg\" alt=\"\" width=\"820\" height=\"460\" srcset=\"https:\/\/thucpham.com\/vinacom\/wp-content\/uploads\/2023\/09\/cach-dung-bot-max-pudding-6in1-thucphamcom.jpg 820w, https:\/\/thucpham.com\/vinacom\/wp-content\/uploads\/2023\/09\/cach-dung-bot-max-pudding-6in1-thucphamcom-300x168.jpg 300w, https:\/\/thucpham.com\/vinacom\/wp-content\/uploads\/2023\/09\/cach-dung-bot-max-pudding-6in1-thucphamcom-768x431.jpg 768w, https:\/\/thucpham.com\/vinacom\/wp-content\/uploads\/2023\/09\/cach-dung-bot-max-pudding-6in1-thucphamcom-24x13.jpg 24w, https:\/\/thucpham.com\/vinacom\/wp-content\/uploads\/2023\/09\/cach-dung-bot-max-pudding-6in1-thucphamcom-36x20.jpg 36w, https:\/\/thucpham.com\/vinacom\/wp-content\/uploads\/2023\/09\/cach-dung-bot-max-pudding-6in1-thucphamcom-48x27.jpg 48w, https:\/\/thucpham.com\/vinacom\/wp-content\/uploads\/2023\/09\/cach-dung-bot-max-pudding-6in1-thucphamcom-510x286.jpg 510w\" sizes=\"(max-width: 820px) 100vw, 820px\"><\/a><\/p>\n<p class=\"whitespace-pre-wrap break-words\" style=\"text-align: justify;\">B\u1ed9t max pudding v\u1ecb vi\u1ec7t qu\u1ea5t l\u00e0 m\u1ed9t s\u1ea3n ph\u1ea9m \u0111a n\u0103ng, ti\u1ec7n l\u1ee3i v\u00e0 ch\u1ea5t l\u01b0\u1ee3ng, mang \u0111\u1ebfn cho ng\u01b0\u1eddi ti\u00eau d\u00f9ng v\u00e0 c\u00e1c ch\u1ee7 kinh doanh m\u1ed9t gi\u1ea3i ph\u00e1p tuy\u1ec7t v\u1eddi \u0111\u1ec3 t\u1ea1o ra nh\u1eefng m\u00f3n tr\u00e1ng mi\u1ec7ng th\u01a1m ngon, b\u1eaft m\u1eaft. V\u1edbi h\u01b0\u01a1ng v\u1ecb \u0111\u1eb7c tr\u01b0ng c\u1ee7a qu\u1ea3 vi\u1ec7t qu\u1ea5t c\u00f9ng c\u00f4ng th\u1ee9c ch\u1ebf bi\u1ebfn \u0111\u01a1n gi\u1ea3n, s\u1ea3n ph\u1ea9m n\u00e0y h\u1ee9a h\u1eb9n s\u1ebd tr\u1edf th\u00e0nh m\u1ed9t l\u1ef1a ch\u1ecdn ph\u1ed5 bi\u1ebfn trong th\u1ecb tr\u01b0\u1eddng \u0111\u1ed3 ng\u1ecdt v\u00e0 \u0111\u1ed3 u\u1ed1ng. H\u00e3y th\u1eed v\u00e0 kh\u00e1m ph\u00e1 nh\u1eefng kh\u1ea3 n\u0103ng s\u00e1ng t\u1ea1o v\u00f4 t\u1eadn v\u1edbi b\u1ed9t max pudding v\u1ecb vi\u1ec7t qu\u1ea5t ngay h\u00f4m nay!<\/p>\n","protected":false},"excerpt":{"rendered":"<p>Kh\u00e1m ph\u00e1 h\u01b0\u01a1ng v\u1ecb tuy\u1ec7t v\u1eddi c\u1ee7a b\u1ed9t max pudding v\u1ecb vi\u1ec7t qu\u1ea5t Trong th\u1ebf gi\u1edbi \u1ea9m th\u1ef1c \u0111a d\u1ea1ng v\u00e0 phong ph\u00fa, c\u00e1c m\u00f3n tr\u00e1ng mi\u1ec7ng lu\u00f4n chi\u1ebfm m\u1ed9t v\u1ecb tr\u00ed \u0111\u1eb7c bi\u1ec7t trong tr\u00e1i tim c\u1ee7a nh\u1eefng ng\u01b0\u1eddi y\u00eau th\u00edch \u0103n u\u1ed1ng. V\u00e0 trong s\u1ed1 \u0111\u00f3, pudding l\u00e0 m\u1ed9t l\u1ef1a ch\u1ecdn ph\u1ed5 bi\u1ebfn&#8230;<\/p>\n","protected":false},"featured_media":93930,"comment_status":"open","ping_status":"closed","template":"","meta":[],"product_cat":[254],"product_tag":[],"_links":{"self":[{"href":"https:\/\/thucpham.com\/vinacom\/wp-json\/wp\/v2\/product\/47042"}],"collection":[{"href":"https:\/\/thucpham.com\/vinacom\/wp-json\/wp\/v2\/product"}],"about":[{"href":"https:\/\/thucpham.com\/vinacom\/wp-json\/wp\/v2\/types\/product"}],"replies":[{"embeddable":true,"href":"https:\/\/thucpham.com\/vinacom\/wp-json\/wp\/v2\/comments?post=47042"}],"wp:featuredmedia":[{"embeddable":true,"href":"https:\/\/thucpham.com\/vinacom\/wp-json\/wp\/v2\/media\/93930"}],"wp:attachment":[{"href":"https:\/\/thucpham.com\/vinacom\/wp-json\/wp\/v2\/media?parent=47042"}],"wp:term":[{"taxonomy":"product_cat","embeddable":true,"href":"https:\/\/thucpham.com\/vinacom\/wp-json\/wp\/v2\/product_cat?post=47042"},{"taxonomy":"product_tag","embeddable":true,"href":"https:\/\/thucpham.com\/vinacom\/wp-json\/wp\/v2\/product_tag?post=47042"}],"curies":[{"name":"wp","href":"https:\/\/api.w.org\/{rel}","templated":true}]}}