{"id":47039,"date":"2023-09-10T11:42:28","date_gmt":"2023-09-10T04:42:28","guid":{"rendered":"https:\/\/thucpham.com\/?post_type=product&#038;p=47039"},"modified":"2025-03-21T11:10:16","modified_gmt":"2025-03-21T04:10:16","slug":"bot-max-pudding-6in1-thucpham-com-vi-trung-caramen","status":"publish","type":"product","link":"https:\/\/thucpham.com\/vinacom\/bot-max-pudding-6in1-thucpham-com-vi-trung-caramen\/","title":{"rendered":"B\u1ed9t Max Pudding V\u1ecb Tr\u1ee9ng Caramen 6in1 ThucPham.com"},"content":{"rendered":"<h2 class=\"font-600 text-2xl font-bold\" style=\"text-align: justify;\"><strong>Kh\u00e1m ph\u00e1 h\u01b0\u01a1ng v\u1ecb tuy\u1ec7t v\u1eddi c\u1ee7a b\u1ed9t max pudding v\u1ecb tr\u1ee9ng caramen<\/strong><\/h2>\n<p class=\"whitespace-pre-wrap break-words\" style=\"text-align: justify;\">V\u1edbi nh\u1eefng t\u00edn \u0111\u1ed3 \u0111am m\u00ea \u1ea9m th\u1ef1c, c\u00f3 m\u1ed9t lo\u1ea1i nguy\u00ean li\u1ec7u \u0111ang ng\u00e0y c\u00e0ng \u0111\u01b0\u1ee3c \u01b0a chu\u1ed9ng b\u1edfi s\u1ef1 ti\u1ec7n l\u1ee3i v\u00e0 \u0111a n\u0103ng c\u1ee7a n\u00f3 &#8211; \u0111\u00f3 ch\u00ednh l\u00e0 <a href=\"https:\/\/thucpham.com\/bot-pudding\/\" target=\"_blank\" rel=\"noopener\" data-schema-attribute=\"\"><strong>b\u1ed9t pudding<\/strong><\/a>. H\u00f4m nay, ch\u00fang ta s\u1ebd c\u00f9ng nhau kh\u00e1m ph\u00e1 m\u1ed9t s\u1ea3n ph\u1ea9m n\u1ed5i b\u1eadt trong l\u0129nh v\u1ef1c n\u00e0y: <a href=\"https:\/\/thucpham.com\/bot-max-pudding-6in1-thucpham-com-vi-trung-caramen\/\" target=\"_blank\" rel=\"noopener\" data-schema-attribute=\"\"><strong>b\u1ed9t max pudding v\u1ecb tr\u1ee9ng caramen<\/strong><\/a> t\u1eeb ThucPham.com. H\u00e3y c\u00f9ng t\u00ecm hi\u1ec3u xem t\u1ea1i sao s\u1ea3n ph\u1ea9m n\u00e0y l\u1ea1i \u0111\u01b0\u1ee3c y\u00eau th\u00edch \u0111\u1ebfn v\u1eady v\u00e0 l\u00e0m th\u1ebf n\u00e0o \u0111\u1ec3 t\u1ea1o ra nh\u1eefng m\u00f3n tr\u00e1ng mi\u1ec7ng ngon tuy\u1ec7t t\u1eeb n\u00f3.<\/p>\n<h2 class=\"font-600 text-xl font-bold\" style=\"text-align: justify;\"><strong>B\u1ed9t max pudding v\u1ecb tr\u1ee9ng caramen: S\u1ef1 k\u1ebft h\u1ee3p ho\u00e0n h\u1ea3o c\u1ee7a h\u01b0\u01a1ng v\u1ecb v\u00e0 ti\u1ec7n l\u1ee3i<\/strong><\/h2>\n<h3 class=\"font-600 text-lg font-bold\" style=\"text-align: justify;\"><strong>Gi\u1edbi thi\u1ec7u v\u1ec1 s\u1ea3n ph\u1ea9m<\/strong><\/h3>\n<p class=\"whitespace-pre-wrap break-words\" style=\"text-align: justify;\">B\u1ed9t Max Pudding v\u1ecb Tr\u1ee9ng Caramen 6in1 ThucPham.com l\u00e0 m\u1ed9t s\u1ea3n ph\u1ea9m \u0111\u1ed9c \u0111\u00e1o \u0111\u01b0\u1ee3c s\u1ea3n xu\u1ea5t b\u1edfi C\u00f4ng ty TNHH <a href=\"https:\/\/thucpham.com\/\" target=\"_blank\" rel=\"noopener\" data-schema-attribute=\"\"><strong>ThucPham.com<\/strong><\/a>. V\u1edbi c\u00f4ng ngh\u1ec7 s\u1ea3n xu\u1ea5t hi\u1ec7n \u0111\u1ea1i v\u00e0 nguy\u00ean li\u1ec7u ch\u1ea5t l\u01b0\u1ee3ng cao, s\u1ea3n ph\u1ea9m n\u00e0y mang \u0111\u1ebfn h\u01b0\u01a1ng v\u1ecb \u0111\u1eb7c tr\u01b0ng kh\u00f3 qu\u00ean c\u1ee7a tr\u1ee9ng v\u00e0 caramen, k\u1ebft h\u1ee3p v\u1edbi \u0111\u1ed9 m\u1ecbn m\u00e0ng c\u1ee7a pudding.<\/p>\n<p style=\"text-align: justify;\"><a href=\"https:\/\/thucpham.com\/wp-content\/uploads\/2023\/09\/bot-ma-pudding-thucphamcom-voi-6-mon-an.jpg\"><img class=\"aligncenter wp-image-47066 size-full\" title=\"C\u00e1c m\u00f3n \u0103n v\u1eb7t l\u00e0m t\u1eeb b\u1ed9t Max Pudding 6in1\" src=\"https:\/\/thucpham.com\/wp-content\/uploads\/2023\/09\/bot-ma-pudding-thucphamcom-voi-6-mon-an.jpg\" alt=\"C\u00e1c m\u00f3n \u0103n v\u1eb7t l\u00e0m t\u1eeb b\u1ed9t Max Pudding 6in1\" width=\"820\" height=\"460\" srcset=\"https:\/\/thucpham.com\/vinacom\/wp-content\/uploads\/2023\/09\/bot-ma-pudding-thucphamcom-voi-6-mon-an.jpg 820w, https:\/\/thucpham.com\/vinacom\/wp-content\/uploads\/2023\/09\/bot-ma-pudding-thucphamcom-voi-6-mon-an-300x168.jpg 300w, https:\/\/thucpham.com\/vinacom\/wp-content\/uploads\/2023\/09\/bot-ma-pudding-thucphamcom-voi-6-mon-an-768x431.jpg 768w, https:\/\/thucpham.com\/vinacom\/wp-content\/uploads\/2023\/09\/bot-ma-pudding-thucphamcom-voi-6-mon-an-24x13.jpg 24w, https:\/\/thucpham.com\/vinacom\/wp-content\/uploads\/2023\/09\/bot-ma-pudding-thucphamcom-voi-6-mon-an-36x20.jpg 36w, https:\/\/thucpham.com\/vinacom\/wp-content\/uploads\/2023\/09\/bot-ma-pudding-thucphamcom-voi-6-mon-an-48x27.jpg 48w, https:\/\/thucpham.com\/vinacom\/wp-content\/uploads\/2023\/09\/bot-ma-pudding-thucphamcom-voi-6-mon-an-510x286.jpg 510w\" sizes=\"(max-width: 820px) 100vw, 820px\" \/><\/a><\/p>\n<h3 class=\"font-600 text-lg font-bold\" style=\"text-align: justify;\"><strong>\u0110\u1eb7c \u0111i\u1ec3m n\u1ed5i b\u1eadt<\/strong><\/h3>\n<ol class=\"-mt-1 list-decimal space-y-2 pl-8\" style=\"text-align: justify;\">\n<li class=\"whitespace-normal break-words\"><strong>\u0110a n\u0103ng:<\/strong> V\u1edbi m\u1ed9t g\u00f3i b\u1ed9t pudding n\u00e0y, b\u1ea1n c\u00f3 th\u1ec3 t\u1ea1o ra \u0111\u1ebfn 6 m\u00f3n dessert kh\u00e1c nhau nh\u01b0 flan, panna cotta, kh\u00fac b\u1ea1ch, th\u1ea1ch s\u1eefa, pudding v\u00e0 topping h\u00fat th\u1ea1ch pudding.<\/li>\n<li class=\"whitespace-normal break-words\"><strong>Ti\u1ec7n l\u1ee3i:<\/strong> T\u1ea5t c\u1ea3 c\u00e1c th\u00e0nh ph\u1ea7n \u0111\u00e3 \u0111\u01b0\u1ee3c tr\u1ed9n s\u1eb5n, gi\u00fap b\u1ea1n ti\u1ebft ki\u1ec7m th\u1eddi gian v\u00e0 c\u00f4ng s\u1ee9c trong qu\u00e1 tr\u00ecnh ch\u1ebf bi\u1ebfn.<\/li>\n<li class=\"whitespace-normal break-words\"><strong>An to\u00e0n:<\/strong> S\u1ea3n ph\u1ea9m \u0111\u01b0\u1ee3c s\u1ea3n xu\u1ea5t theo ti\u00eau chu\u1ea9n an to\u00e0n th\u1ef1c ph\u1ea9m qu\u1ed1c t\u1ebf ISO 22000:2018, \u0111\u1ea3m b\u1ea3o ch\u1ea5t l\u01b0\u1ee3ng cho ng\u01b0\u1eddi ti\u00eau d\u00f9ng.<\/li>\n<li class=\"whitespace-normal break-words\"><strong>H\u01b0\u01a1ng v\u1ecb \u0111\u1ed9c \u0111\u00e1o:<\/strong> S\u1ef1 k\u1ebft h\u1ee3p gi\u1eefa v\u1ecb tr\u1ee9ng b\u00e9o ng\u1eady v\u00e0 caramen ng\u1ecdt ng\u00e0o t\u1ea1o n\u00ean h\u01b0\u01a1ng v\u1ecb \u0111\u1eb7c tr\u01b0ng kh\u00f3 c\u01b0\u1ee1ng.<\/li>\n<\/ol>\n<p style=\"text-align: justify;\">Xem Th\u00eam: <strong><a class=\"woocommerce-LoopProduct-link woocommerce-loop-product__link\" href=\"https:\/\/thucpham.com\/bot-max-pudding-6in1-thucpham-com-vi-sua-chua\/\" target=\"_blank\" rel=\"noopener\" data-schema-attribute=\"\">B\u1ed9t Max Pudding V\u1ecb S\u1eefa Chua 6in1 ThucPham.com<\/a><\/strong><\/p>\n<h2 class=\"font-600 text-xl font-bold\" style=\"text-align: justify;\"><strong>Th\u00f4ng tin chi ti\u1ebft v\u1ec1 s\u1ea3n ph\u1ea9m b\u1ed9t max pudding v\u1ecb tr\u1ee9ng caramen<\/strong><\/h2>\n<h3 class=\"font-600 text-lg font-bold\" style=\"text-align: justify;\"><strong>Th\u00f4ng s\u1ed1 k\u1ef9 thu\u1eadt<\/strong><\/h3>\n<ul class=\"-mt-1 list-disc space-y-2 pl-8\" style=\"text-align: justify;\">\n<li class=\"whitespace-normal break-words\"><strong>T\u00ean s\u1ea3n ph\u1ea9m:<\/strong> B\u1ed9t Max Pudding V\u1ecb Tr\u1ee9ng Caramen 6in1 ThucPham.com<\/li>\n<li class=\"whitespace-normal break-words\"><strong>Xu\u1ea5t x\u1ee9:<\/strong> Vi\u1ec7t Nam<\/li>\n<li class=\"whitespace-normal break-words\"><strong>Kh\u1ed1i l\u01b0\u1ee3ng:<\/strong> 1kg\/t\u00fai<\/li>\n<li class=\"whitespace-normal break-words\"><strong>Th\u00e0nh ph\u1ea7n:<\/strong> B\u1ed9t kem b\u00e9o, B\u1ed9t v\u1ecb nguy\u00ean ch\u1ea5t, <a href=\"https:\/\/vi.wikipedia.org\/wiki\/%C4%90%C6%B0%E1%BB%9Dng\" target=\"_blank\" rel=\"noopener nofollow\" data-schema-attribute=\"\"><strong>\u0110\u01b0\u1eddng<\/strong><\/a>, B\u1ed9t t\u1ea1o \u0111\u00f4ng chi\u1ebft xu\u1ea5t t\u1ea3o bi\u1ec3n, M\u00e0u th\u1ef1c ph\u1ea9m<\/li>\n<\/ul>\n<h3 class=\"font-600 text-lg font-bold\" style=\"text-align: justify;\"><strong>\u01afu \u0111i\u1ec3m v\u01b0\u1ee3t tr\u1ed9i<\/strong><\/h3>\n<ol class=\"-mt-1 list-decimal space-y-2 pl-8\" style=\"text-align: justify;\">\n<li class=\"whitespace-normal break-words\"><strong>Ti\u1ebft ki\u1ec7m th\u1eddi gian:<\/strong> Kh\u00f4ng c\u1ea7n chu\u1ea9n b\u1ecb nhi\u1ec1u nguy\u00ean li\u1ec7u ph\u1ee9c t\u1ea1p, ch\u1ec9 c\u1ea7n pha ch\u1ebf theo h\u01b0\u1edbng d\u1eabn l\u00e0 c\u00f3 ngay m\u00f3n tr\u00e1ng mi\u1ec7ng ngon l\u00e0nh.<\/li>\n<li class=\"whitespace-normal break-words\"><strong>\u0110\u1ea3m b\u1ea3o v\u1ec7 sinh:<\/strong> S\u1ea3n xu\u1ea5t trong m\u00f4i tr\u01b0\u1eddng ki\u1ec3m so\u00e1t ch\u1eb7t ch\u1ebd, gi\u00fap \u0111\u1ea3m b\u1ea3o an to\u00e0n v\u1ec7 sinh th\u1ef1c ph\u1ea9m.<\/li>\n<li class=\"whitespace-normal break-words\"><strong>Linh ho\u1ea1t trong s\u1eed d\u1ee5ng:<\/strong> C\u00f3 th\u1ec3 \u0111i\u1ec1u ch\u1ec9nh \u0111\u1ed9 ng\u1ecdt v\u00e0 \u0111\u1ed9 \u0111\u1eb7c theo \u00fd mu\u1ed1n, ph\u00f9 h\u1ee3p v\u1edbi nhi\u1ec1u \u0111\u1ed1i t\u01b0\u1ee3ng kh\u00e1ch h\u00e0ng kh\u00e1c nhau.<\/li>\n<li class=\"whitespace-normal break-words\"><strong>Ph\u00f9 h\u1ee3p cho kinh doanh:<\/strong> L\u00fd t\u01b0\u1edfng cho c\u00e1c c\u1eeda h\u00e0ng tr\u00e0 s\u1eefa, qu\u00e1n ch\u00e8, ti\u1ec7m b\u00e1nh mu\u1ed1n \u0111a d\u1ea1ng h\u00f3a menu m\u1ed9t c\u00e1ch nhanh ch\u00f3ng v\u00e0 hi\u1ec7u qu\u1ea3.<\/li>\n<\/ol>\n<p style=\"text-align: justify;\">Xem Th\u00eam: <strong><a class=\"woocommerce-LoopProduct-link woocommerce-loop-product__link\" href=\"https:\/\/thucpham.com\/bot-max-pudding-6in1-thucpham-com-vi-khoai-mon\/\" target=\"_blank\" rel=\"noopener\" data-schema-attribute=\"\">B\u1ed9t Max Pudding V\u1ecb Khoai M\u00f4n 6in1 ThucPham.com<\/a><\/strong><\/p>\n<p style=\"text-align: justify;\"><a href=\"https:\/\/thucpham.com\/wp-content\/uploads\/2023\/09\/ti-le-bot-nuoc-max-pudding-6in1-thucphamcom.jpg\"><img class=\"aligncenter wp-image-47069 size-full\" title=\"t\u1ec9 l\u1ec7 pha b\u1ed9t Max Pudding 6in1\" src=\"https:\/\/thucpham.com\/wp-content\/uploads\/2023\/09\/ti-le-bot-nuoc-max-pudding-6in1-thucphamcom.jpg\" alt=\"\" width=\"820\" height=\"460\" srcset=\"https:\/\/thucpham.com\/vinacom\/wp-content\/uploads\/2023\/09\/ti-le-bot-nuoc-max-pudding-6in1-thucphamcom.jpg 820w, https:\/\/thucpham.com\/vinacom\/wp-content\/uploads\/2023\/09\/ti-le-bot-nuoc-max-pudding-6in1-thucphamcom-300x168.jpg 300w, https:\/\/thucpham.com\/vinacom\/wp-content\/uploads\/2023\/09\/ti-le-bot-nuoc-max-pudding-6in1-thucphamcom-768x431.jpg 768w, https:\/\/thucpham.com\/vinacom\/wp-content\/uploads\/2023\/09\/ti-le-bot-nuoc-max-pudding-6in1-thucphamcom-24x13.jpg 24w, https:\/\/thucpham.com\/vinacom\/wp-content\/uploads\/2023\/09\/ti-le-bot-nuoc-max-pudding-6in1-thucphamcom-36x20.jpg 36w, https:\/\/thucpham.com\/vinacom\/wp-content\/uploads\/2023\/09\/ti-le-bot-nuoc-max-pudding-6in1-thucphamcom-48x27.jpg 48w, https:\/\/thucpham.com\/vinacom\/wp-content\/uploads\/2023\/09\/ti-le-bot-nuoc-max-pudding-6in1-thucphamcom-510x286.jpg 510w\" sizes=\"(max-width: 820px) 100vw, 820px\"><\/a><\/p>\n<h2 class=\"font-600 text-xl font-bold\" style=\"text-align: justify;\"><strong>H\u01b0\u1edbng d\u1eabn s\u1eed d\u1ee5ng b\u1ed9t max pudding v\u1ecb tr\u1ee9ng caramen<\/strong><\/h2>\n<h3 class=\"font-600 text-lg font-bold\" style=\"text-align: justify;\"><strong>C\u00e1c b\u01b0\u1edbc c\u01a1 b\u1ea3n<\/strong><\/h3>\n<ol class=\"-mt-1 list-decimal space-y-2 pl-8\" style=\"text-align: justify;\">\n<li class=\"whitespace-normal break-words\"><strong>Chu\u1ea9n b\u1ecb:<\/strong> L\u1eafc \u0111\u1ec1u g\u00f3i b\u1ed9t v\u00e0 tr\u1ed9n v\u1edbi kho\u1ea3ng 600g \u0111\u01b0\u1eddng (c\u00f3 th\u1ec3 \u0111i\u1ec1u ch\u1ec9nh theo kh\u1ea9u v\u1ecb).<\/li>\n<li class=\"whitespace-normal break-words\"><strong>Pha ch\u1ebf:<\/strong> Tr\u1ed9n b\u1ed9t v\u1edbi n\u01b0\u1edbc ho\u1eb7c s\u1eefa theo t\u1ec9 l\u1ec7 ph\u00f9 h\u1ee3p (xem h\u01b0\u1edbng d\u1eabn tr\u00ean bao b\u00ec).<\/li>\n<li class=\"whitespace-normal break-words\"><strong>N\u1ea5u:<\/strong> \u0110un h\u1ed7n h\u1ee3p tr\u00ean l\u1eeda v\u1eeba, khu\u1ea5y \u0111\u1ec1u \u0111\u1ebfn khi s\u00f4i l\u0103n t\u0103n trong 2-3 ph\u00fat.<\/li>\n<li class=\"whitespace-normal break-words\"><strong>Ho\u00e0n thi\u1ec7n:<\/strong> L\u1ecdc h\u1ed7n h\u1ee3p qua r\u00e2y, \u0111\u1ed5 v\u00e0o khu\u00f4n v\u00e0 \u0111\u1ec3 ngu\u1ed9i.<\/li>\n<li class=\"whitespace-normal break-words\"><strong>L\u00e0m \u0111\u00f4ng:<\/strong> \u0110\u1ec3 trong t\u1ee7 l\u1ea1nh 1-3 gi\u1edd cho \u0111\u1ebfn khi \u0111\u00f4ng \u0111\u1eb7c.<\/li>\n<\/ol>\n<h3 class=\"font-600 text-lg font-bold\" style=\"text-align: justify;\"><strong>M\u1eb9o v\u1eb7t khi s\u1eed d\u1ee5ng<\/strong><\/h3>\n<ul class=\"-mt-1 list-disc space-y-2 pl-8\" style=\"text-align: justify;\">\n<li class=\"whitespace-normal break-words\">C\u00f3 th\u1ec3 chia nh\u1ecf l\u01b0\u1ee3ng b\u1ed9t \u0111\u1ec3 l\u00e0m s\u1ed1 l\u01b0\u1ee3ng mong mu\u1ed1n, mi\u1ec5n l\u00e0 gi\u1eef \u0111\u00fang t\u1ec9 l\u1ec7 b\u1ed9t v\u00e0 n\u01b0\u1edbc.<\/li>\n<li class=\"whitespace-normal break-words\">Th\u1eed nghi\u1ec7m v\u1edbi c\u00e1c lo\u1ea1i \u0111\u01b0\u1eddng kh\u00e1c nhau, bao g\u1ed3m c\u1ea3 \u0111\u01b0\u1eddng \u0103n ki\u00eang, \u0111\u1ec3 t\u1ea1o ra phi\u00ean b\u1ea3n ph\u00f9 h\u1ee3p v\u1edbi nhu c\u1ea7u dinh d\u01b0\u1ee1ng \u0111a d\u1ea1ng.<\/li>\n<li class=\"whitespace-normal break-words\">\u0110\u1ec3 t\u1ea1o ra c\u00e1c l\u1edbp m\u00e0u s\u1eafc kh\u00e1c nhau trong m\u00f3n kh\u00fac b\u1ea1ch ho\u1eb7c panna cotta, h\u00e3y \u0111\u1ee3i l\u1edbp d\u01b0\u1edbi se m\u1eb7t tr\u01b0\u1edbc khi \u0111\u1ed5 l\u1edbp ti\u1ebfp theo.<\/li>\n<\/ul>\n<p style=\"text-align: justify;\">Xem Th\u00eam: <strong><a class=\"woocommerce-LoopProduct-link woocommerce-loop-product__link\" href=\"https:\/\/thucpham.com\/bot-max-pudding-6in1-thucpham-com-vi-dau-xanh\/\" target=\"_blank\" rel=\"noopener\" data-schema-attribute=\"\">B\u1ed9t Max Pudding V\u1ecb \u0110\u1eadu Xanh 6in1 ThucPham.com<\/a><\/strong><\/p>\n<h2 class=\"font-600 text-xl font-bold\" style=\"text-align: justify;\"><strong>B\u1ea3o qu\u1ea3n v\u00e0 s\u1eed d\u1ee5ng l\u00e2u d\u00e0i<\/strong><\/h2>\n<p class=\"whitespace-pre-wrap break-words\" style=\"text-align: justify;\">\u0110\u1ec3 \u0111\u1ea3m b\u1ea3o ch\u1ea5t l\u01b0\u1ee3ng t\u1ed1t nh\u1ea5t c\u1ee7a b\u1ed9t max pudding v\u1ecb tr\u1ee9ng caramen, h\u00e3y tu\u00e2n th\u1ee7 c\u00e1c h\u01b0\u1edbng d\u1eabn sau:<\/p>\n<ol class=\"-mt-1 list-decimal space-y-2 pl-8\" style=\"text-align: justify;\">\n<li class=\"whitespace-normal break-words\">B\u1ea3o qu\u1ea3n \u1edf n\u01a1i c\u00f3 nhi\u1ec7t \u0111\u1ed9 d\u01b0\u1edbi 25\u00b0C.<\/li>\n<li class=\"whitespace-normal break-words\">Tr\u00e1nh \u00e1nh n\u1eafng tr\u1ef1c ti\u1ebfp v\u00e0 \u0111\u1ed9 \u1ea9m cao.<\/li>\n<li class=\"whitespace-normal break-words\">Sau khi m\u1edf bao b\u00ec, s\u1eed d\u1ee5ng trong v\u00f2ng 2 tu\u1ea7n \u0111\u1ec3 \u0111\u1ea3m b\u1ea3o h\u01b0\u01a1ng v\u1ecb t\u01b0\u01a1i ngon.<\/li>\n<li class=\"whitespace-normal break-words\">\u0110\u00f3ng k\u00edn t\u00fai sau m\u1ed7i l\u1ea7n s\u1eed d\u1ee5ng \u0111\u1ec3 tr\u00e1nh \u1ea9m v\u00e0 c\u00f4n tr\u00f9ng x\u00e2m nh\u1eadp.<\/li>\n<\/ol>\n<figure id=\"attachment_47068\" aria-describedby=\"caption-attachment-47068\" style=\"width: 820px\" class=\"wp-caption aligncenter\"><a href=\"https:\/\/thucpham.com\/wp-content\/uploads\/2023\/09\/cach-dung-bot-max-pudding-6in1-thucphamcom.jpg\"><img class=\"wp-image-47068 size-full\" title=\"C\u00e1c s\u1eed d\u1ee5ng b\u1ed9t Max Pudding 6in1\" src=\"https:\/\/thucpham.com\/wp-content\/uploads\/2023\/09\/cach-dung-bot-max-pudding-6in1-thucphamcom.jpg\" alt=\"\" width=\"820\" height=\"460\" srcset=\"https:\/\/thucpham.com\/vinacom\/wp-content\/uploads\/2023\/09\/cach-dung-bot-max-pudding-6in1-thucphamcom.jpg 820w, https:\/\/thucpham.com\/vinacom\/wp-content\/uploads\/2023\/09\/cach-dung-bot-max-pudding-6in1-thucphamcom-300x168.jpg 300w, https:\/\/thucpham.com\/vinacom\/wp-content\/uploads\/2023\/09\/cach-dung-bot-max-pudding-6in1-thucphamcom-768x431.jpg 768w, https:\/\/thucpham.com\/vinacom\/wp-content\/uploads\/2023\/09\/cach-dung-bot-max-pudding-6in1-thucphamcom-24x13.jpg 24w, https:\/\/thucpham.com\/vinacom\/wp-content\/uploads\/2023\/09\/cach-dung-bot-max-pudding-6in1-thucphamcom-36x20.jpg 36w, https:\/\/thucpham.com\/vinacom\/wp-content\/uploads\/2023\/09\/cach-dung-bot-max-pudding-6in1-thucphamcom-48x27.jpg 48w, https:\/\/thucpham.com\/vinacom\/wp-content\/uploads\/2023\/09\/cach-dung-bot-max-pudding-6in1-thucphamcom-510x286.jpg 510w\" sizes=\"(max-width: 820px) 100vw, 820px\"><\/a><figcaption id=\"caption-attachment-47068\" class=\"wp-caption-text\">H\u01b0\u1edbng d\u1eabn l\u00e0m b\u1ed9t max pudding v\u1ecb tr\u1ee9ng caramen 6in1 ThucPham.com<\/figcaption><\/figure>\n<h2 class=\"font-600 text-xl font-bold\" style=\"text-align: justify;\"><strong>\u1ee8ng d\u1ee5ng \u0111a d\u1ea1ng trong \u1ea9m th\u1ef1c<\/strong><\/h2>\n<p class=\"whitespace-pre-wrap break-words\" style=\"text-align: justify;\">B\u1ed9t max pudding v\u1ecb tr\u1ee9ng caramen kh\u00f4ng ch\u1ec9 d\u1eebng l\u1ea1i \u1edf vi\u1ec7c t\u1ea1o ra c\u00e1c m\u00f3n tr\u00e1ng mi\u1ec7ng truy\u1ec1n th\u1ed1ng. H\u00e3y c\u00f9ng kh\u00e1m ph\u00e1 m\u1ed9t s\u1ed1 \u00fd t\u01b0\u1edfng s\u00e1ng t\u1ea1o \u0111\u1ec3 t\u1eadn d\u1ee5ng t\u1ed1i \u0111a s\u1ea3n ph\u1ea9m n\u00e0y:<\/p>\n<ol class=\"-mt-1 list-decimal space-y-2 pl-8\" style=\"text-align: justify;\">\n<li class=\"whitespace-normal break-words\"><strong>Topping tr\u00e0 s\u1eefa:<\/strong> T\u1ea1o ra nh\u1eefng vi\u00ean pudding nh\u1ecf \u0111\u1ec3 th\u00eam v\u00e0o c\u00e1c lo\u1ea1i tr\u00e0 s\u1eefa, t\u0103ng th\u00eam h\u01b0\u01a1ng v\u1ecb v\u00e0 k\u1ebft c\u1ea5u th\u00fa v\u1ecb.<\/li>\n<li class=\"whitespace-normal break-words\"><strong>B\u00e1nh kem pudding:<\/strong> S\u1eed d\u1ee5ng l\u00e0m l\u1edbp nh\u00e2n cho b\u00e1nh kem nhi\u1ec1u t\u1ea7ng, t\u1ea1o n\u00ean s\u1ef1 k\u1ebft h\u1ee3p h\u1ea5p d\u1eabn gi\u1eefa kem t\u01b0\u01a1i v\u00e0 pudding.<\/li>\n<li class=\"whitespace-normal break-words\"><strong>Pudding tr\u00e1i c\u00e2y:<\/strong> K\u1ebft h\u1ee3p v\u1edbi c\u00e1c lo\u1ea1i tr\u00e1i c\u00e2y t\u01b0\u01a1i \u0111\u1ec3 t\u1ea1o ra m\u00f3n tr\u00e1ng mi\u1ec7ng healthy v\u00e0 \u0111\u1ea7y m\u00e0u s\u1eafc.<\/li>\n<li class=\"whitespace-normal break-words\"><strong>Smoothie pudding:<\/strong> Th\u00eam pudding v\u00e0o c\u00e1c lo\u1ea1i smoothie \u0111\u1ec3 t\u0103ng \u0111\u1ed9 \u0111\u1eb7c v\u00e0 h\u01b0\u01a1ng v\u1ecb b\u00e9o ng\u1eady.<\/li>\n<li class=\"whitespace-normal break-words\"><strong>B\u00e1nh flan caramen:<\/strong> T\u1ea1o ra phi\u00ean b\u1ea3n n\u00e2ng c\u1ea5p c\u1ee7a m\u00f3n b\u00e1nh flan truy\u1ec1n th\u1ed1ng v\u1edbi h\u01b0\u01a1ng v\u1ecb \u0111\u1eadm \u0111\u00e0 h\u01a1n.<\/li>\n<\/ol>\n<p style=\"text-align: justify;\">Xem Th\u00eam: <strong><a class=\"woocommerce-LoopProduct-link woocommerce-loop-product__link\" href=\"https:\/\/thucpham.com\/bot-max-pudding-6in1-thucpham-com-vi-chocolate\/\" target=\"_blank\" rel=\"noopener\" data-schema-attribute=\"\">B\u1ed9t Max Pudding V\u1ecb Chocolate 6in1 ThucPham.com<\/a><\/strong><\/p>\n<p class=\"whitespace-pre-wrap break-words\" style=\"text-align: justify;\">B\u1ed9t max pudding v\u1ecb tr\u1ee9ng caramen t\u1eeb ThucPham.com l\u00e0 m\u1ed9t s\u1ea3n ph\u1ea9m \u0111a n\u0103ng, ti\u1ec7n l\u1ee3i v\u00e0 ngon mi\u1ec7ng, ph\u00f9 h\u1ee3p cho c\u1ea3 nhu c\u1ea7u gia \u0111\u00ecnh v\u00e0 kinh doanh. V\u1edbi kh\u1ea3 n\u0103ng t\u1ea1o ra nhi\u1ec1u m\u00f3n tr\u00e1ng mi\u1ec7ng kh\u00e1c nhau, s\u1ea3n ph\u1ea9m n\u00e0y ch\u1eafc ch\u1eafn s\u1ebd l\u00e0 m\u1ed9t c\u00f4ng c\u1ee5 h\u1eefu \u00edch trong nh\u00e0 b\u1ebfp c\u1ee7a b\u1ea1n. H\u00e3y th\u1eed nghi\u1ec7m v\u00e0 kh\u00e1m ph\u00e1 nh\u1eefng kh\u1ea3 n\u0103ng v\u00f4 t\u1eadn m\u00e0 b\u1ed9t pudding n\u00e0y mang l\u1ea1i, v\u00e0 \u0111\u1eebng ng\u1ea7n ng\u1ea1i s\u00e1ng t\u1ea1o \u0111\u1ec3 t\u1ea1o ra nh\u1eefng m\u00f3n dessert \u0111\u1ed9c \u0111\u00e1o c\u1ee7a ri\u00eang b\u1ea1n.<\/p>\n<p class=\"whitespace-pre-wrap break-words\" style=\"text-align: justify;\">N\u1ebfu b\u1ea1n \u0111ang t\u00ecm ki\u1ebfm m\u1ed9t gi\u1ea3i ph\u00e1p \u0111\u1ec3 \u0111a d\u1ea1ng h\u00f3a menu dessert trong kinh doanh \u1ea9m th\u1ef1c ho\u1eb7c ch\u1ec9 \u0111\u01a1n gi\u1ea3n l\u00e0 mu\u1ed1n th\u01b0\u1edfng th\u1ee9c nh\u1eefng m\u00f3n tr\u00e1ng mi\u1ec7ng ngon l\u00e0nh t\u1ea1i nh\u00e0, b\u1ed9t max pudding v\u1ecb tr\u1ee9ng caramen ch\u00ednh l\u00e0 l\u1ef1a ch\u1ecdn ho\u00e0n h\u1ea3o. H\u00e3y li\u00ean h\u1ec7 ngay v\u1edbi ThucPham.com \u0111\u1ec3 \u0111\u01b0\u1ee3c t\u01b0 v\u1ea5n v\u00e0 \u0111\u1eb7t h\u00e0ng, \u0111\u1ed3ng th\u1eddi kh\u00e1m ph\u00e1 th\u00eam nhi\u1ec1u h\u01b0\u01a1ng v\u1ecb h\u1ea5p d\u1eabn kh\u00e1c nh\u01b0 s\u1eefa b\u00f2, d\u00e2u, d\u1eeba, b\u1ea1c h\u00e0, \u0111\u1eadu xanh v\u00e0 d\u1ee9a. V\u1edbi b\u1ed9t pudding ThucPham.com, vi\u1ec7c t\u1ea1o ra nh\u1eefng m\u00f3n tr\u00e1ng mi\u1ec7ng ngon tuy\u1ec7t ch\u01b0a bao gi\u1edd d\u1ec5 d\u00e0ng \u0111\u1ebfn th\u1ebf!<\/p>\n","protected":false},"excerpt":{"rendered":"<p>Kh\u00e1m ph\u00e1 h\u01b0\u01a1ng v\u1ecb tuy\u1ec7t v\u1eddi c\u1ee7a b\u1ed9t max pudding v\u1ecb tr\u1ee9ng caramen V\u1edbi nh\u1eefng t\u00edn \u0111\u1ed3 \u0111am m\u00ea \u1ea9m th\u1ef1c, c\u00f3 m\u1ed9t lo\u1ea1i nguy\u00ean li\u1ec7u \u0111ang ng\u00e0y c\u00e0ng \u0111\u01b0\u1ee3c \u01b0a chu\u1ed9ng b\u1edfi s\u1ef1 ti\u1ec7n l\u1ee3i v\u00e0 \u0111a n\u0103ng c\u1ee7a n\u00f3 &#8211; \u0111\u00f3 ch\u00ednh l\u00e0 b\u1ed9t pudding. H\u00f4m nay, ch\u00fang ta s\u1ebd c\u00f9ng nhau kh\u00e1m&#8230;<\/p>\n","protected":false},"featured_media":93830,"comment_status":"open","ping_status":"closed","template":"","meta":[],"product_cat":[254],"product_tag":[],"_links":{"self":[{"href":"https:\/\/thucpham.com\/vinacom\/wp-json\/wp\/v2\/product\/47039"}],"collection":[{"href":"https:\/\/thucpham.com\/vinacom\/wp-json\/wp\/v2\/product"}],"about":[{"href":"https:\/\/thucpham.com\/vinacom\/wp-json\/wp\/v2\/types\/product"}],"replies":[{"embeddable":true,"href":"https:\/\/thucpham.com\/vinacom\/wp-json\/wp\/v2\/comments?post=47039"}],"wp:featuredmedia":[{"embeddable":true,"href":"https:\/\/thucpham.com\/vinacom\/wp-json\/wp\/v2\/media\/93830"}],"wp:attachment":[{"href":"https:\/\/thucpham.com\/vinacom\/wp-json\/wp\/v2\/media?parent=47039"}],"wp:term":[{"taxonomy":"product_cat","embeddable":true,"href":"https:\/\/thucpham.com\/vinacom\/wp-json\/wp\/v2\/product_cat?post=47039"},{"taxonomy":"product_tag","embeddable":true,"href":"https:\/\/thucpham.com\/vinacom\/wp-json\/wp\/v2\/product_tag?post=47039"}],"curies":[{"name":"wp","href":"https:\/\/api.w.org\/{rel}","templated":true}]}}