{"id":46973,"date":"2023-09-09T11:24:40","date_gmt":"2023-09-09T04:24:40","guid":{"rendered":"https:\/\/thucpham.com\/?post_type=product&#038;p=46973"},"modified":"2025-03-21T11:35:50","modified_gmt":"2025-03-21T04:35:50","slug":"bot-max-pudding-6in1-thucpham-com-vi-dua","status":"publish","type":"product","link":"https:\/\/thucpham.com\/vinacom\/bot-max-pudding-6in1-thucpham-com-vi-dua\/","title":{"rendered":"B\u1ed9t Max Pudding V\u1ecb D\u1ee9a 6in1 ThucPham.com"},"content":{"rendered":"<h2 class=\"font-600 text-2xl font-bold\" style=\"text-align: justify;\"><strong>Kh\u00e1m ph\u00e1 h\u01b0\u01a1ng v\u1ecb t\u01b0\u01a1i m\u00e1t v\u1edbi B\u1ed9t Max Pudding v\u1ecb D\u1ee9a ThucPham.com<\/strong><\/h2>\n<p class=\"whitespace-pre-wrap break-words\" style=\"text-align: justify;\">B\u1ea1n mu\u1ed1n t\u1ef1 tay t\u1ea1o ra nh\u1eefng m\u00f3n tr\u00e1ng mi\u1ec7ng th\u01a1m ngon, h\u1ea5p d\u1eabn m\u00e0 kh\u00f4ng c\u1ea7n ph\u1ea3i m\u1ea5t qu\u00e1 nhi\u1ec1u th\u1eddi gian? B\u1ed9t max pudding v\u1ecb d\u1ee9a t\u1eeb <a href=\"https:\/\/thucpham.com\/\" target=\"_blank\" rel=\"noopener\" data-schema-attribute=\"\"><strong>ThucPham.com<\/strong><\/a> s\u1ebd l\u00e0 tr\u1ee3 th\u1ee7 \u0111\u1eafc l\u1ef1c c\u1ee7a b\u1ea1n. V\u1edbi h\u01b0\u01a1ng v\u1ecb d\u1ee9a t\u01b0\u01a1i m\u00e1t v\u00e0 kh\u1ea3 n\u0103ng bi\u1ebfn h\u00f3a \u0111a d\u1ea1ng, s\u1ea3n ph\u1ea9m n\u00e0y h\u1ee9a h\u1eb9n s\u1ebd mang \u0111\u1ebfn nh\u1eefng b\u1ea5t ng\u1edd th\u00fa v\u1ecb cho b\u1ea1n v\u00e0 gia \u0111\u00ecnh.<\/p>\n<h2 class=\"font-600 text-xl font-bold\" style=\"text-align: justify;\"><strong>B\u1ed9t Max Pudding v\u1ecb D\u1ee9a: H\u01b0\u01a1ng v\u1ecb nhi\u1ec7t \u0111\u1edbi trong t\u1ea7m tay<\/strong><\/h2>\n<h3 class=\"font-600 text-lg font-bold\" style=\"text-align: justify;\"><strong>Gi\u1edbi thi\u1ec7u v\u1ec1 d\u1ee9a &#8211; Ngu\u1ed3n c\u1ea3m h\u1ee9ng cho h\u01b0\u01a1ng v\u1ecb \u0111\u1ed9c \u0111\u00e1o<\/strong><\/h3>\n<p class=\"whitespace-pre-wrap break-words\" style=\"text-align: justify;\">D\u1ee9a, c\u00f2n \u0111\u01b0\u1ee3c bi\u1ebft \u0111\u1ebfn v\u1edbi c\u00e1c t\u00ean g\u1ecdi kh\u00e1c nh\u01b0 kh\u00f3m, th\u01a1m, ba la hay huy\u1ec1n n\u01b0\u01a1ng, l\u00e0 m\u1ed9t lo\u1ea1i qu\u1ea3 nhi\u1ec7t \u0111\u1edbi c\u00f3 ngu\u1ed3n g\u1ed1c t\u1eeb Paraguay v\u00e0 mi\u1ec1n nam Brazil. V\u1edbi h\u00ecnh d\u00e1ng \u0111\u1eb7c tr\u01b0ng v\u00e0 h\u01b0\u01a1ng v\u1ecb ng\u1ecdt thanh, d\u1ee9a kh\u00f4ng ch\u1ec9 l\u00e0 m\u1ed9t lo\u1ea1i tr\u00e1i c\u00e2y \u0111\u01b0\u1ee3c \u01b0a chu\u1ed9ng m\u00e0 c\u00f2n l\u00e0 ngu\u1ed3n c\u1ea3m h\u1ee9ng cho nhi\u1ec1u m\u00f3n \u0103n v\u00e0 \u0111\u1ed3 u\u1ed1ng h\u1ea5p d\u1eabn.<\/p>\n<p class=\"whitespace-pre-wrap break-words\" style=\"text-align: justify;\"><a href=\"https:\/\/vi.wikipedia.org\/wiki\/D%E1%BB%A9a\" target=\"_blank\" rel=\"noopener nofollow\" data-schema-attribute=\"\"><strong>Qu\u1ea3 d\u1ee9a<\/strong><\/a> c\u00f3 \u0111\u01b0\u1eddng k\u00ednh kho\u1ea3ng 15-20 cm, n\u1eb7ng trung b\u00ecnh 1-2 kg, v\u1edbi v\u1ecf ngo\u00e0i m\u00e0u xanh l\u1ee5c khi c\u00f2n non v\u00e0 chuy\u1ec3n sang m\u00e0u v\u00e0ng nh\u1ea1t khi ch\u00edn. Th\u1ecbt qu\u1ea3 c\u00f3 m\u00e0u v\u00e0ng cam, v\u1ecb ng\u1ecdt thanh v\u00e0 h\u01b0\u01a1ng th\u01a1m \u0111\u1eb7c tr\u01b0ng, khi\u1ebfn n\u00f3 tr\u1edf th\u00e0nh m\u1ed9t trong nh\u1eefng lo\u1ea1i qu\u1ea3 \u0111\u01b0\u1ee3c y\u00eau th\u00edch nh\u1ea5t tr\u00ean th\u1ebf gi\u1edbi.<\/p>\n<p style=\"text-align: justify;\">Xem Th\u00eam: <strong><a class=\"woocommerce-LoopProduct-link woocommerce-loop-product__link\" href=\"https:\/\/thucpham.com\/bot-max-pudding-6in1-thucpham-com-vi-matcha\/\" target=\"_blank\" rel=\"noopener\" data-schema-attribute=\"\">B\u1ed9t Max Pudding V\u1ecb Matcha 6in1 ThucPham.com<\/a><\/strong><\/p>\n<p style=\"text-align: justify;\"><a href=\"https:\/\/thucpham.com\/wp-content\/uploads\/2023\/09\/bot-ma-pudding-thucphamcom-voi-6-mon-an.jpg\"><img class=\"aligncenter wp-image-47066 size-full\" title=\"C\u00e1c m\u00f3n \u0103n v\u1eb7t l\u00e0m t\u1eeb b\u1ed9t Max Pudding 6in1\" src=\"https:\/\/thucpham.com\/wp-content\/uploads\/2023\/09\/bot-ma-pudding-thucphamcom-voi-6-mon-an.jpg\" alt=\"C\u00e1c m\u00f3n \u0103n v\u1eb7t l\u00e0m t\u1eeb b\u1ed9t Max Pudding 6in1\" width=\"820\" height=\"460\" srcset=\"https:\/\/thucpham.com\/vinacom\/wp-content\/uploads\/2023\/09\/bot-ma-pudding-thucphamcom-voi-6-mon-an.jpg 820w, https:\/\/thucpham.com\/vinacom\/wp-content\/uploads\/2023\/09\/bot-ma-pudding-thucphamcom-voi-6-mon-an-300x168.jpg 300w, https:\/\/thucpham.com\/vinacom\/wp-content\/uploads\/2023\/09\/bot-ma-pudding-thucphamcom-voi-6-mon-an-768x431.jpg 768w, https:\/\/thucpham.com\/vinacom\/wp-content\/uploads\/2023\/09\/bot-ma-pudding-thucphamcom-voi-6-mon-an-24x13.jpg 24w, https:\/\/thucpham.com\/vinacom\/wp-content\/uploads\/2023\/09\/bot-ma-pudding-thucphamcom-voi-6-mon-an-36x20.jpg 36w, https:\/\/thucpham.com\/vinacom\/wp-content\/uploads\/2023\/09\/bot-ma-pudding-thucphamcom-voi-6-mon-an-48x27.jpg 48w, https:\/\/thucpham.com\/vinacom\/wp-content\/uploads\/2023\/09\/bot-ma-pudding-thucphamcom-voi-6-mon-an-510x286.jpg 510w\" sizes=\"(max-width: 820px) 100vw, 820px\" \/><\/a><\/p>\n<h3 class=\"font-600 text-lg font-bold\" style=\"text-align: justify;\"><strong>Gi\u00e1 tr\u1ecb dinh d\u01b0\u1ee1ng c\u1ee7a d\u1ee9a<\/strong><\/h3>\n<p class=\"whitespace-pre-wrap break-words\" style=\"text-align: justify;\">Kh\u00f4ng ch\u1ec9 h\u1ea5p d\u1eabn v\u1ec1 m\u1eb7t h\u01b0\u01a1ng v\u1ecb, d\u1ee9a c\u00f2n l\u00e0 m\u1ed9t kho b\u00e1u dinh d\u01b0\u1ee1ng v\u1edbi nhi\u1ec1u vitamin v\u00e0 kho\u00e1ng ch\u1ea5t quan tr\u1ecdng:<\/p>\n<ol class=\"-mt-1 list-decimal space-y-2 pl-8\" style=\"text-align: justify;\">\n<li class=\"whitespace-normal break-words\">Vitamin C: D\u1ee9a l\u00e0 ngu\u1ed3n cung c\u1ea5p vitamin C d\u1ed3i d\u00e0o, gi\u00fap t\u0103ng c\u01b0\u1eddng h\u1ec7 mi\u1ec5n d\u1ecbch v\u00e0 b\u1ea3o v\u1ec7 c\u01a1 th\u1ec3 kh\u1ecfi c\u00e1c b\u1ec7nh nhi\u1ec5m tr\u00f9ng.<\/li>\n<li class=\"whitespace-normal break-words\">Mangan: Kho\u00e1ng ch\u1ea5t n\u00e0y gi\u00fap c\u01a1 th\u1ec3 s\u1eed d\u1ee5ng carbohydrate, protein v\u00e0 ch\u1ea5t b\u00e9o hi\u1ec7u qu\u1ea3 h\u01a1n.<\/li>\n<li class=\"whitespace-normal break-words\">Vitamin B1: H\u1ed7 tr\u1ee3 qu\u00e1 tr\u00ecnh chuy\u1ec3n h\u00f3a carbohydrate th\u00e0nh n\u0103ng l\u01b0\u1ee3ng.<\/li>\n<li class=\"whitespace-normal break-words\">C\u00e1c ch\u1ea5t dinh d\u01b0\u1ee1ng kh\u00e1c: D\u1ee9a c\u00f2n ch\u1ee9a vitamin B6, vitamin K, kali, canxi, v\u00e0 s\u1eaft.<\/li>\n<\/ol>\n<p class=\"whitespace-pre-wrap break-words\" style=\"text-align: justify;\">V\u1edbi nh\u1eefng gi\u00e1 tr\u1ecb dinh d\u01b0\u1ee1ng v\u00e0 h\u01b0\u01a1ng v\u1ecb \u0111\u1eb7c tr\u01b0ng nh\u01b0 v\u1eady, kh\u00f4ng ng\u1ea1c nhi\u00ean khi d\u1ee9a tr\u1edf th\u00e0nh ngu\u1ed3n c\u1ea3m h\u1ee9ng cho nhi\u1ec1u s\u1ea3n ph\u1ea9m \u1ea9m th\u1ef1c, trong \u0111\u00f3 c\u00f3 <a href=\"https:\/\/thucpham.com\/bot-pudding\/\" target=\"_blank\" rel=\"noopener\" data-schema-attribute=\"\"><strong>b\u1ed9t max pudding v\u1ecb d\u1ee9a<\/strong><\/a> c\u1ee7a ThucPham.com.<\/p>\n<p style=\"text-align: justify;\">Xem Th\u00eam: <strong><a class=\"woocommerce-LoopProduct-link woocommerce-loop-product__link\" href=\"https:\/\/thucpham.com\/bot-max-pudding-6in1-thucpham-com-vi-khoai-mon\/\" target=\"_blank\" rel=\"noopener\" data-schema-attribute=\"\">B\u1ed9t Max Pudding V\u1ecb Khoai M\u00f4n 6in1 ThucPham.com<\/a><\/strong><\/p>\n<h2 class=\"font-600 text-xl font-bold\" style=\"text-align: justify;\"><strong>Kh\u00e1m ph\u00e1 B\u1ed9t Max Pudding v\u1ecb D\u1ee9a <\/strong><strong style=\"font-size: 23.04px;\">6in1 ThucPham.com<\/strong><\/h2>\n<h3 class=\"font-600 text-lg font-bold\" style=\"text-align: justify;\"><strong>\u0110\u1eb7c \u0111i\u1ec3m n\u1ed5i b\u1eadt c\u1ee7a s\u1ea3n ph\u1ea9m<\/strong><\/h3>\n<p class=\"whitespace-pre-wrap break-words\" style=\"text-align: justify;\"><strong>B\u1ed9t max pudding v\u1ecb d\u1ee9a<\/strong> t\u1eeb ThucPham.com l\u00e0 m\u1ed9t s\u1ea3n ph\u1ea9m \u0111a n\u0103ng, \u0111\u01b0\u1ee3c s\u1ea3n xu\u1ea5t b\u1edfi C\u00f4ng ty TNHH ThucPham.com v\u1edbi c\u00f4ng ngh\u1ec7 hi\u1ec7n \u0111\u1ea1i v\u00e0 nguy\u00ean li\u1ec7u ch\u1ea5t l\u01b0\u1ee3ng cao. \u0110i\u1ec3m \u0111\u1eb7c bi\u1ec7t c\u1ee7a s\u1ea3n ph\u1ea9m n\u00e0y l\u00e0 kh\u1ea3 n\u0103ng t\u1ea1o ra h\u01b0\u01a1ng v\u1ecb d\u1ee9a th\u01a1m ngon, t\u1ef1 nhi\u00ean, kh\u00f3 c\u00f3 th\u1ec3 t\u00ecm th\u1ea5y \u1edf c\u00e1c s\u1ea3n ph\u1ea9m t\u01b0\u01a1ng t\u1ef1 tr\u00ean th\u1ecb tr\u01b0\u1eddng.<\/p>\n<p class=\"whitespace-pre-wrap break-words\" style=\"text-align: justify;\">S\u1ea3n ph\u1ea9m n\u00e0y kh\u00f4ng ch\u1ec9 \u0111\u01a1n thu\u1ea7n l\u00e0 <a href=\"https:\/\/thucpham.com\/bot-pudding\/\" target=\"_blank\" rel=\"noopener\" data-schema-attribute=\"\"><strong>b\u1ed9t pudding<\/strong><\/a>, m\u00e0 c\u00f2n l\u00e0 m\u1ed9t gi\u1ea3i ph\u00e1p 6 trong 1, cho ph\u00e9p b\u1ea1n t\u1ea1o ra nhi\u1ec1u m\u00f3n tr\u00e1ng mi\u1ec7ng kh\u00e1c nhau ch\u1ec9 t\u1eeb m\u1ed9t g\u00f3i b\u1ed9t duy nh\u1ea5t. T\u1eeb flan\/caramen, panna cotta, kh\u00fac b\u1ea1ch \u0111\u1ebfn th\u1ea1ch s\u1eefa, pudding v\u00e0 topping h\u00fat th\u1ea1ch pudding, t\u1ea5t c\u1ea3 \u0111\u1ec1u c\u00f3 th\u1ec3 \u0111\u01b0\u1ee3c ch\u1ebf bi\u1ebfn m\u1ed9t c\u00e1ch d\u1ec5 d\u00e0ng v\u00e0 nhanh ch\u00f3ng.<\/p>\n<p style=\"text-align: justify;\"><a href=\"https:\/\/thucpham.com\/wp-content\/uploads\/2023\/09\/ti-le-bot-nuoc-max-pudding-6in1-thucphamcom.jpg\"><img class=\"aligncenter wp-image-47069 size-full\" title=\"t\u1ec9 l\u1ec7 pha b\u1ed9t Max Pudding 6in1\" src=\"https:\/\/thucpham.com\/wp-content\/uploads\/2023\/09\/ti-le-bot-nuoc-max-pudding-6in1-thucphamcom.jpg\" alt=\"\" width=\"820\" height=\"460\" srcset=\"https:\/\/thucpham.com\/vinacom\/wp-content\/uploads\/2023\/09\/ti-le-bot-nuoc-max-pudding-6in1-thucphamcom.jpg 820w, https:\/\/thucpham.com\/vinacom\/wp-content\/uploads\/2023\/09\/ti-le-bot-nuoc-max-pudding-6in1-thucphamcom-300x168.jpg 300w, https:\/\/thucpham.com\/vinacom\/wp-content\/uploads\/2023\/09\/ti-le-bot-nuoc-max-pudding-6in1-thucphamcom-768x431.jpg 768w, https:\/\/thucpham.com\/vinacom\/wp-content\/uploads\/2023\/09\/ti-le-bot-nuoc-max-pudding-6in1-thucphamcom-24x13.jpg 24w, https:\/\/thucpham.com\/vinacom\/wp-content\/uploads\/2023\/09\/ti-le-bot-nuoc-max-pudding-6in1-thucphamcom-36x20.jpg 36w, https:\/\/thucpham.com\/vinacom\/wp-content\/uploads\/2023\/09\/ti-le-bot-nuoc-max-pudding-6in1-thucphamcom-48x27.jpg 48w, https:\/\/thucpham.com\/vinacom\/wp-content\/uploads\/2023\/09\/ti-le-bot-nuoc-max-pudding-6in1-thucphamcom-510x286.jpg 510w\" sizes=\"(max-width: 820px) 100vw, 820px\"><\/a><\/p>\n<h3 class=\"font-600 text-lg font-bold\" style=\"text-align: justify;\"><strong>Th\u00f4ng tin chi ti\u1ebft v\u1ec1 s\u1ea3n ph\u1ea9m<\/strong><\/h3>\n<ul class=\"-mt-1 list-disc space-y-2 pl-8\" style=\"text-align: justify;\">\n<li class=\"whitespace-normal break-words\"><strong>T\u00ean s\u1ea3n ph\u1ea9m<\/strong>: B\u1ed9t Max Pudding V\u1ecb D\u1ee9a 6in1 ThucPham.com<\/li>\n<li class=\"whitespace-normal break-words\"><strong>Xu\u1ea5t x\u1ee9<\/strong>: Vi\u1ec7t Nam<\/li>\n<li class=\"whitespace-normal break-words\"><strong>Th\u00e0nh ph\u1ea7n<\/strong>: B\u1ed9t kem b\u00e9o, B\u1ed9t v\u1ecb nguy\u00ean ch\u1ea5t, \u0110\u01b0\u1eddng, B\u1ed9t t\u1ea1o \u0111\u00f4ng chi\u1ebft xu\u1ea5t t\u1ea3o bi\u1ec3n, M\u00e0u th\u1ef1c ph\u1ea9m.<\/li>\n<li class=\"whitespace-normal break-words\"><strong>Kh\u1ed1i l\u01b0\u1ee3ng<\/strong>: 1kg\/t\u00fai<\/li>\n<li class=\"whitespace-normal break-words\"><strong>Bao b\u00ec<\/strong>: T\u00fai v\u1edbi thi\u1ebft k\u1ebf b\u1eaft m\u1eaft, ch\u1ee9a b\u1ed9t m\u1ecbn b\u00ean trong.<\/li>\n<\/ul>\n<p style=\"text-align: justify;\">Xem Th\u00eam: <strong><a class=\"woocommerce-LoopProduct-link woocommerce-loop-product__link\" href=\"https:\/\/thucpham.com\/bot-max-pudding-6in1-thucpham-com-vi-dua-luoi\/\" target=\"_blank\" rel=\"noopener\" data-schema-attribute=\"\">B\u1ed9t Max Pudding V\u1ecb D\u01b0a L\u01b0\u1edbi 6in1 ThucPham.com<\/a><\/strong><\/p>\n<h3 class=\"font-600 text-lg font-bold\" style=\"text-align: justify;\"><strong>\u01afu \u0111i\u1ec3m v\u01b0\u1ee3t tr\u1ed9i<\/strong><\/h3>\n<ol class=\"-mt-1 list-decimal space-y-2 pl-8\" style=\"text-align: justify;\">\n<li class=\"whitespace-normal break-words\"><strong>\u0110a n\u0103ng<\/strong>: C\u00f3 th\u1ec3 t\u1ea1o ra 6 m\u00f3n tr\u00e1ng mi\u1ec7ng kh\u00e1c nhau t\u1eeb m\u1ed9t g\u00f3i b\u1ed9t duy nh\u1ea5t.<\/li>\n<li class=\"whitespace-normal break-words\"><strong>Ti\u1ec7n l\u1ee3i<\/strong>: \u0110\u00e3 \u0111\u01b0\u1ee3c tr\u1ed9n s\u1eb5n t\u1ea5t c\u1ea3 c\u00e1c th\u00e0nh ph\u1ea7n c\u1ea7n thi\u1ebft, gi\u00fap ti\u1ebft ki\u1ec7m th\u1eddi gian v\u00e0 c\u00f4ng s\u1ee9c.<\/li>\n<li class=\"whitespace-normal break-words\"><strong>An to\u00e0n<\/strong>: S\u1ea3n xu\u1ea5t tr\u00ean d\u00e2y chuy\u1ec1n c\u00f4ng ngh\u1ec7 hi\u1ec7n \u0111\u1ea1i, \u00e1p d\u1ee5ng H\u1ec7 th\u1ed1ng qu\u1ea3n l\u00fd an to\u00e0n th\u1ef1c ph\u1ea9m ti\u00eau chu\u1ea9n Qu\u1ed1c t\u1ebf ISO 22000:2018.<\/li>\n<li class=\"whitespace-normal break-words\"><strong>H\u01b0\u01a1ng v\u1ecb t\u1ef1 nhi\u00ean<\/strong>: Mang \u0111\u1ebfn h\u01b0\u01a1ng v\u1ecb d\u1ee9a th\u01a1m ngon, t\u1ef1 nhi\u00ean v\u00e0 \u0111\u1eb7c tr\u01b0ng.<\/li>\n<li class=\"whitespace-normal break-words\"><strong>Linh ho\u1ea1t<\/strong>: C\u00f3 th\u1ec3 \u0111i\u1ec1u ch\u1ec9nh \u0111\u1ed9 ng\u1ecdt v\u00e0 \u0111\u1eb7c theo s\u1edf th\u00edch c\u00e1 nh\u00e2n.<\/li>\n<\/ol>\n<h2 class=\"font-600 text-xl font-bold\" style=\"text-align: justify;\"><strong>H\u01b0\u1edbng d\u1eabn s\u1eed d\u1ee5ng B\u1ed9t Max Pudding v\u1ecb D\u1ee9a<\/strong><\/h2>\n<p>B1: Chu\u1ea9n b\u1ecb h\u1ed7n h\u1ee3p<\/p>\n<p>Pudding x\u1eaft kh\u00fac: H\u00f2a 100gr b\u1ed9t v\u1edbi 800ml n\u01b0\u1edbc<\/p>\n<p>Pudding \u00fap ng\u01b0\u1ee3c n\u00fang n\u00ednh: H\u00f2a 100gr b\u1ed9t v\u1edbi 1000ml n\u01b0\u1edbc<\/p>\n<p>Pudding m\u1ec1m tan h\u00fat \u0111\u01b0\u1ee3c: H\u00f2a 100gr b\u1ed9t v\u1edbi 1300ml ho\u1eb7c 1400ml n\u01b0\u1edbc<\/p>\n<p>* B\u00e9o ng\u1eady h\u01a1n khi thay n\u01b0\u1edbc b\u1eb1ng s\u1eefa t\u01b0\u01a1i kh\u00f4ng \u0111\u01b0\u1eddng<\/p>\n<p>B2: D\u00f9ng ph\u1edbi khu\u1ea5y \u0111\u1ec1u h\u1ed7n h\u1ee3p, th\u00eam 50g &#8211; 80g \u0111\u01b0\u1eddng (t\u00f9y ch\u1ec9nh theo kh\u1ea9u v\u1ecb), \u0111un s\u00f4i, gi\u1ea3m l\u1eeda \u0111un th\u00eam v\u00e0i ph\u00fat r\u1ed3i t\u1eaft b\u1ebfp, \u0111\u1ec3 ngu\u1ed9i b\u1edbt r\u1ed3i \u0111\u1ed5 khu\u00f4n, c\u1ea5t t\u1ee7 m\u00e1t.<\/p>\n<p>* L\u1eafc \u0111\u1ec1u t\u00fai b\u1ed9t tr\u01b0\u1edbc khi s\u1eed d\u1ee5ng.<\/p>\n<p style=\"text-align: justify;\">Xem Th\u00eam: <strong><a class=\"woocommerce-LoopProduct-link woocommerce-loop-product__link\" href=\"https:\/\/thucpham.com\/bot-max-pudding-6in1-thucpham-com-vi-dua-nhiet-doi\/\" target=\"_blank\" rel=\"noopener\" data-schema-attribute=\"\">B\u1ed9t Max Pudding V\u1ecb D\u1eeba Nhi\u1ec7t \u0110\u1edbi 6in1 ThucPham.com<\/a><\/strong><\/p>\n<p style=\"text-align: justify;\"><a href=\"https:\/\/thucpham.com\/wp-content\/uploads\/2023\/09\/cach-dung-bot-max-pudding-6in1-thucphamcom.jpg\"><img class=\"aligncenter wp-image-47068 size-full\" title=\"C\u00e1c s\u1eed d\u1ee5ng b\u1ed9t Max Pudding 6in1\" src=\"https:\/\/thucpham.com\/wp-content\/uploads\/2023\/09\/cach-dung-bot-max-pudding-6in1-thucphamcom.jpg\" alt=\"\" width=\"820\" height=\"460\" srcset=\"https:\/\/thucpham.com\/vinacom\/wp-content\/uploads\/2023\/09\/cach-dung-bot-max-pudding-6in1-thucphamcom.jpg 820w, https:\/\/thucpham.com\/vinacom\/wp-content\/uploads\/2023\/09\/cach-dung-bot-max-pudding-6in1-thucphamcom-300x168.jpg 300w, https:\/\/thucpham.com\/vinacom\/wp-content\/uploads\/2023\/09\/cach-dung-bot-max-pudding-6in1-thucphamcom-768x431.jpg 768w, https:\/\/thucpham.com\/vinacom\/wp-content\/uploads\/2023\/09\/cach-dung-bot-max-pudding-6in1-thucphamcom-24x13.jpg 24w, https:\/\/thucpham.com\/vinacom\/wp-content\/uploads\/2023\/09\/cach-dung-bot-max-pudding-6in1-thucphamcom-36x20.jpg 36w, https:\/\/thucpham.com\/vinacom\/wp-content\/uploads\/2023\/09\/cach-dung-bot-max-pudding-6in1-thucphamcom-48x27.jpg 48w, https:\/\/thucpham.com\/vinacom\/wp-content\/uploads\/2023\/09\/cach-dung-bot-max-pudding-6in1-thucphamcom-510x286.jpg 510w\" sizes=\"(max-width: 820px) 100vw, 820px\"><\/a><\/p>\n<h2 class=\"font-600 text-xl font-bold\" style=\"text-align: justify;\"><strong>B\u1ea3o qu\u1ea3n v\u00e0 s\u1eed d\u1ee5ng l\u00e2u d\u00e0i<\/strong><\/h2>\n<p class=\"whitespace-pre-wrap break-words\" style=\"text-align: justify;\">\u0110\u1ec3 \u0111\u1ea3m b\u1ea3o <strong>b\u1ed9t max pudding v\u1ecb d\u1ee9a<\/strong> lu\u00f4n gi\u1eef \u0111\u01b0\u1ee3c ch\u1ea5t l\u01b0\u1ee3ng t\u1ed1t nh\u1ea5t, h\u00e3y tu\u00e2n th\u1ee7 c\u00e1c nguy\u00ean t\u1eafc b\u1ea3o qu\u1ea3n sau:<\/p>\n<ol class=\"-mt-1 list-decimal space-y-2 pl-8\" style=\"text-align: justify;\">\n<li class=\"whitespace-normal break-words\">B\u1ea3o qu\u1ea3n \u1edf n\u01a1i c\u00f3 nhi\u1ec7t \u0111\u1ed9 d\u01b0\u1edbi 25\u00b0C.<\/li>\n<li class=\"whitespace-normal break-words\">\u0110\u1eb7t s\u1ea3n ph\u1ea9m \u1edf n\u01a1i kh\u00f4 r\u00e1o, tho\u00e1ng m\u00e1t, tr\u00e1nh \u00e1nh n\u1eafng tr\u1ef1c ti\u1ebfp.<\/li>\n<li class=\"whitespace-normal break-words\">Sau khi m\u1edf t\u00fai, \u0111\u00f3ng k\u00edn v\u00e0 s\u1eed d\u1ee5ng trong v\u00f2ng 2 tu\u1ea7n \u0111\u1ec3 \u0111\u1ea3m b\u1ea3o ch\u1ea5t l\u01b0\u1ee3ng t\u1ed1t nh\u1ea5t.<\/li>\n<\/ol>\n<h2 class=\"font-600 text-xl font-bold\" style=\"text-align: justify;\"><strong>\u1ee8ng d\u1ee5ng trong kinh doanh \u1ea9m th\u1ef1c<\/strong><\/h2>\n<p class=\"whitespace-pre-wrap break-words\" style=\"text-align: justify;\"><strong>B\u1ed9t max pudding v\u1ecb d\u1ee9a<\/strong> kh\u00f4ng ch\u1ec9 l\u00e0 l\u1ef1a ch\u1ecdn tuy\u1ec7t v\u1eddi cho c\u00e1c gia \u0111\u00ecnh m\u00e0 c\u00f2n l\u00e0 gi\u1ea3i ph\u00e1p hi\u1ec7u qu\u1ea3 cho c\u00e1c doanh nghi\u1ec7p kinh doanh \u0111\u1ed3 u\u1ed1ng, \u0111\u1ed3 \u0103n v\u1eb7t hay buffet. V\u1edbi kh\u1ea3 n\u0103ng t\u1ea1o ra nhi\u1ec1u m\u00f3n tr\u00e1ng mi\u1ec7ng kh\u00e1c nhau, s\u1ea3n ph\u1ea9m n\u00e0y gi\u00fap \u0111a d\u1ea1ng h\u00f3a menu, ti\u1ebft ki\u1ec7m th\u1eddi gian ch\u1ebf bi\u1ebfn v\u00e0 \u0111\u1ea3m b\u1ea3o ch\u1ea5t l\u01b0\u1ee3ng \u1ed5n \u0111\u1ecbnh.<\/p>\n<p class=\"whitespace-pre-wrap break-words\" style=\"text-align: justify;\">Ngo\u00e0i h\u01b0\u01a1ng v\u1ecb d\u1ee9a, ThucPham.com c\u00f2n cung c\u1ea5p nhi\u1ec1u h\u01b0\u01a1ng v\u1ecb kh\u00e1c nh\u01b0 chanh d\u00e2y, d\u00e2u, d\u1eeba, matcha, khoai m\u00f4n, \u0111\u00e0o, vi\u1ec7t qu\u1ea5t, t\u00e0u h\u0169&#8230; gi\u00fap b\u1ea1n c\u00f3 th\u1ec3 linh ho\u1ea1t trong vi\u1ec7c x\u00e2y d\u1ef1ng th\u1ef1c \u0111\u01a1n \u0111a d\u1ea1ng v\u00e0 h\u1ea5p d\u1eabn.<\/p>\n<p class=\"whitespace-pre-wrap break-words\" style=\"text-align: justify;\"><strong>B\u1ed9t max pudding v\u1ecb d\u1ee9a<\/strong> t\u1eeb ThucPham.com l\u00e0 m\u1ed9t s\u1ea3n ph\u1ea9m \u0111a n\u0103ng, ti\u1ec7n l\u1ee3i v\u00e0 ch\u1ea5t l\u01b0\u1ee3ng cao, mang \u0111\u1ebfn gi\u1ea3i ph\u00e1p ho\u00e0n h\u1ea3o cho vi\u1ec7c ch\u1ebf bi\u1ebfn c\u00e1c m\u00f3n tr\u00e1ng mi\u1ec7ng ngon l\u00e0nh v\u00e0 h\u1ea5p d\u1eabn. V\u1edbi kh\u1ea3 n\u0103ng t\u1ea1o ra 6 m\u00f3n kh\u00e1c nhau t\u1eeb m\u1ed9t g\u00f3i b\u1ed9t duy nh\u1ea5t, s\u1ea3n ph\u1ea9m n\u00e0y kh\u00f4ng ch\u1ec9 gi\u00fap ti\u1ebft ki\u1ec7m th\u1eddi gian v\u00e0 c\u00f4ng s\u1ee9c m\u00e0 c\u00f2n m\u1edf ra v\u00f4 v\u00e0n kh\u1ea3 n\u0103ng s\u00e1ng t\u1ea1o trong \u1ea9m th\u1ef1c.<\/p>\n<p class=\"whitespace-pre-wrap break-words\" style=\"text-align: justify;\">Cho d\u00f9 b\u1ea1n l\u00e0 m\u1ed9t ng\u01b0\u1eddi y\u00eau th\u00edch n\u1ea5u \u0103n t\u1ea1i nh\u00e0 hay \u0111ang kinh doanh trong l\u0129nh v\u1ef1c \u1ea9m th\u1ef1c, <strong>b\u1ed9t max pudding v\u1ecb d\u1ee9a<\/strong> ch\u1eafc ch\u1eafn s\u1ebd l\u00e0 m\u1ed9t c\u00f4ng c\u1ee5 \u0111\u1eafc l\u1ef1c gi\u00fap b\u1ea1n t\u1ea1o ra nh\u1eefng m\u00f3n tr\u00e1ng mi\u1ec7ng tuy\u1ec7t v\u1eddi, mang \u0111\u1ebfn ni\u1ec1m vui v\u00e0 s\u1ef1 h\u00e0i l\u00f2ng cho m\u1ecdi ng\u01b0\u1eddi xung quanh. H\u00e3y kh\u00e1m ph\u00e1 v\u00e0 t\u1eadn h\u01b0\u1edfng h\u01b0\u01a1ng v\u1ecb t\u01b0\u01a1i m\u00e1t c\u1ee7a d\u1ee9a qua s\u1ea3n ph\u1ea9m \u0111\u1ed9c \u0111\u00e1o n\u00e0y ngay h\u00f4m nay!<\/p>\n","protected":false},"excerpt":{"rendered":"<p>Kh\u00e1m ph\u00e1 h\u01b0\u01a1ng v\u1ecb t\u01b0\u01a1i m\u00e1t v\u1edbi B\u1ed9t Max Pudding v\u1ecb D\u1ee9a ThucPham.com B\u1ea1n mu\u1ed1n t\u1ef1 tay t\u1ea1o ra nh\u1eefng m\u00f3n tr\u00e1ng mi\u1ec7ng th\u01a1m ngon, h\u1ea5p d\u1eabn m\u00e0 kh\u00f4ng c\u1ea7n ph\u1ea3i m\u1ea5t qu\u00e1 nhi\u1ec1u th\u1eddi gian? B\u1ed9t max pudding v\u1ecb d\u1ee9a t\u1eeb ThucPham.com s\u1ebd l\u00e0 tr\u1ee3 th\u1ee7 \u0111\u1eafc l\u1ef1c c\u1ee7a b\u1ea1n. V\u1edbi h\u01b0\u01a1ng v\u1ecb d\u1ee9a&#8230;<\/p>\n","protected":false},"featured_media":93935,"comment_status":"open","ping_status":"closed","template":"","meta":[],"product_cat":[254],"product_tag":[],"_links":{"self":[{"href":"https:\/\/thucpham.com\/vinacom\/wp-json\/wp\/v2\/product\/46973"}],"collection":[{"href":"https:\/\/thucpham.com\/vinacom\/wp-json\/wp\/v2\/product"}],"about":[{"href":"https:\/\/thucpham.com\/vinacom\/wp-json\/wp\/v2\/types\/product"}],"replies":[{"embeddable":true,"href":"https:\/\/thucpham.com\/vinacom\/wp-json\/wp\/v2\/comments?post=46973"}],"wp:featuredmedia":[{"embeddable":true,"href":"https:\/\/thucpham.com\/vinacom\/wp-json\/wp\/v2\/media\/93935"}],"wp:attachment":[{"href":"https:\/\/thucpham.com\/vinacom\/wp-json\/wp\/v2\/media?parent=46973"}],"wp:term":[{"taxonomy":"product_cat","embeddable":true,"href":"https:\/\/thucpham.com\/vinacom\/wp-json\/wp\/v2\/product_cat?post=46973"},{"taxonomy":"product_tag","embeddable":true,"href":"https:\/\/thucpham.com\/vinacom\/wp-json\/wp\/v2\/product_tag?post=46973"}],"curies":[{"name":"wp","href":"https:\/\/api.w.org\/{rel}","templated":true}]}}