{"id":45748,"date":"2023-02-03T14:24:11","date_gmt":"2023-02-03T07:24:11","guid":{"rendered":"https:\/\/thucpham.com\/?post_type=product&#038;p=45748"},"modified":"2025-03-19T14:52:13","modified_gmt":"2025-03-19T07:52:13","slug":"bot-lam-kem-tuoi-thucpham-com-vi-dao","status":"publish","type":"product","link":"https:\/\/thucpham.com\/vinacom\/bot-lam-kem-tuoi-thucpham-com-vi-dao\/","title":{"rendered":"B\u1ed9t L\u00e0m Kem T\u01b0\u01a1i V\u1ecb \u0110\u00e0o H\u1ed3ng T\u1ef1 Nhi\u00ean ThucPham.com"},"content":{"rendered":"<p data-sourcepos=\"3:1-3:114\">H\u01b0\u01a1ng v\u1ecb \u0111\u00e0o h\u1ed3ng ng\u1ecdt ng\u00e0o, thanh m\u00e1t lu\u00f4n l\u00e0 m\u1ed9t trong nh\u1eefng h\u01b0\u01a1ng v\u1ecb \u0111\u01b0\u1ee3c y\u00eau th\u00edch nh\u1ea5t trong m\u00f9a h\u00e8. Gi\u1edd \u0111\u00e2y, b\u1ea1n c\u00f3 th\u1ec3 d\u1ec5 d\u00e0ng t\u00e1i hi\u1ec7n l\u1ea1i h\u01b0\u01a1ng v\u1ecb tuy\u1ec7t v\u1eddi n\u00e0y ngay t\u1ea1i c\u0103n b\u1ebfp c\u1ee7a m\u00ecnh v\u1edbi <a href=\"https:\/\/thucpham.com\/bot-lam-kem-tuoi-thucpham-com-vi-dao\/\" target=\"_blank\" rel=\"noopener\" data-schema-attribute=\"\"><strong>B\u1ed9t L\u00e0m Kem T\u01b0\u01a1i V\u1ecb \u0110\u00e0o H\u1ed3ng<\/strong><\/a> ThucPham.com. H\u00e3y \u0111\u1ec3 ch\u00fang t\u00f4i \u0111\u1ed3ng h\u00e0nh c\u00f9ng b\u1ea1n t\u1ea1o n\u00ean nh\u1eefng ly kem \u0111\u00e0o h\u1ed3ng th\u01a1m ngon, m\u1ecbn m\u00e0ng, \u0111\u00e1nh th\u1ee9c m\u1ecdi gi\u00e1c quan.<\/p>\n<h2 data-sourcepos=\"5:1-5:76\"><strong>B\u1ed9t L\u00e0m Kem T\u01b0\u01a1i V\u1ecb \u0110\u00e0o H\u1ed3ng: Ch\u1ea5t L\u01b0\u1ee3ng Tuy\u1ec7t H\u1ea3o, An To\u00e0n Cho S\u1ee9c Kh\u1ecfe<\/strong><\/h2>\n<p data-sourcepos=\"7:1-7:298\">B\u1ed9t L\u00e0m Kem T\u01b0\u01a1i V\u1ecb \u0110\u00e0o H\u1ed3ng ThucPham.com \u0111\u01b0\u1ee3c s\u1ea3n xu\u1ea5t tr\u00ean d\u00e2y chuy\u1ec1n c\u00f4ng ngh\u1ec7 hi\u1ec7n \u0111\u1ea1i, tu\u00e2n th\u1ee7 nghi\u00eam ng\u1eb7t H\u1ec7 th\u1ed1ng qu\u1ea3n l\u00fd an to\u00e0n th\u1ef1c ph\u1ea9m ti\u00eau chu\u1ea9n Qu\u1ed1c t\u1ebf ISO 22000:2018. Ch\u00fang t\u00f4i cam k\u1ebft mang \u0111\u1ebfn cho b\u1ea1n s\u1ea3n ph\u1ea9m ch\u1ea5t l\u01b0\u1ee3ng cao, \u0111\u1ea3m b\u1ea3o an to\u00e0n tuy\u1ec7t \u0111\u1ed1i cho s\u1ee9c kh\u1ecfe ng\u01b0\u1eddi ti\u00eau d\u00f9ng.<\/p>\n<p data-sourcepos=\"9:1-9:92\">V\u1edbi c\u00f4ng th\u1ee9c \u0111\u1ed9c \u0111\u00e1o, b\u1ed9t l\u00e0m kem t\u01b0\u01a1i v\u1ecb \u0111\u00e0o h\u1ed3ng <a href=\"https:\/\/thucpham.com\/\" target=\"_blank\" rel=\"noopener\" data-schema-attribute=\"\"><strong>ThucPham.com<\/strong><\/a> kh\u00f4ng ch\u1ec9 mang \u0111\u1ebfn h\u01b0\u01a1ng v\u1ecb \u0111\u00e0o h\u1ed3ng t\u1ef1 nhi\u00ean, th\u01a1m ngon m\u00e0 c\u00f2n c\u00f3 k\u1ebft c\u1ea5u m\u1ecbn m\u00e0ng, s\u00e1nh \u0111\u1eb7c, t\u1ea1o n\u00ean nh\u1eefng c\u00e2y kem ho\u00e0n h\u1ea3o. B\u1ed9t \u0111\u00e3 \u0111\u01b0\u1ee3c tr\u1ed9n s\u1eb5n t\u1ea5t c\u1ea3 c\u00e1c th\u00e0nh ph\u1ea7n c\u1ea7n thi\u1ebft, gi\u00fap b\u1ea1n ti\u1ebft ki\u1ec7m th\u1eddi gian v\u00e0 c\u00f4ng s\u1ee9c trong qu\u00e1 tr\u00ecnh l\u00e0m kem.<\/p>\n<p data-sourcepos=\"9:1-9:92\">Xem Th\u00eam: <strong><a class=\"woocommerce-LoopProduct-link woocommerce-loop-product__link\" href=\"https:\/\/thucpham.com\/bot-lam-kem-tuoi-duong-an-kieng-thucpham-com-vi-vani\/\" target=\"_blank\" rel=\"noopener\" data-schema-attribute=\"\">B\u1ed9t L\u00e0m Kem T\u01b0\u01a1i \u0110\u01b0\u1eddng \u0102n Ki\u00eang V\u1ecb Vani ThucPham.com<\/a><\/strong><\/p>\n<h3 class=\"\" data-sourcepos=\"11:1-11:22\"><strong>Th\u00f4ng Tin S\u1ea3n Ph\u1ea9m<\/strong><\/h3>\n<ul data-sourcepos=\"13:1-15:122\">\n<li data-sourcepos=\"13:1-13:61\"><strong>T\u00ean s\u1ea3n ph\u1ea9m:<\/strong> <a href=\"https:\/\/thucpham.com\/bot-lam-kem\/\" target=\"_blank\" rel=\"noopener\" data-schema-attribute=\"\"><strong>B\u1ed9t L\u00e0m Kem T\u01b0\u01a1i<\/strong><\/a> V\u1ecb \u0110\u00e0o H\u1ed3ng ThucPham.com<\/li>\n<li data-sourcepos=\"14:1-14:23\"><strong>Xu\u1ea5t x\u1ee9:<\/strong> Vi\u1ec7t Nam<\/li>\n<li data-sourcepos=\"15:1-15:122\"><strong>Th\u00e0nh ph\u1ea7n:<\/strong> B\u1ed9t kem s\u1eefa th\u1ef1c v\u1eadt, B\u1ed9t s\u1eefa t\u00e1ch b\u00e9o, B\u1ed9t v\u1ecb \u0111\u00e0o h\u1ed3ng nguy\u00ean ch\u1ea5t, \u0110\u01b0\u1eddng c\u00e1t, Mu\u1ed1i tinh khi\u1ebft, Ch\u1ea5t \u1ed5n \u0111\u1ecbnh &#8211; nh\u0169 h\u00f3a v\u00e0 l\u00e0m d\u00e0y, Maltodextrin, M\u00e0u th\u1ef1c ph\u1ea9m v\u00e0 v\u1ecb t\u1ef1 nhi\u00ean t\u1ed5ng h\u1ee3p<\/li>\n<li data-sourcepos=\"16:1-16:25\"><strong>Kh\u1ed1i l\u01b0\u1ee3ng:<\/strong> 1kg\/t\u00fai<\/li>\n<li data-sourcepos=\"17:1-18:0\"><strong>Bao b\u00ec:<\/strong> T\u00fai m\u00e0u s\u1eafc b\u1eaft m\u1eaft v\u1edbi b\u1ed9t kem m\u00e0u h\u1ed3ng nh\u1ea1t b\u00ean trong<\/li>\n<\/ul>\n<h3 class=\"\" data-sourcepos=\"19:1-19:48\"><strong>3 B\u01b0\u1edbc \u0110\u01a1n Gi\u1ea3n \u0110\u1ec3 C\u00f3 Ngay Kem \u0110\u00e0o H\u1ed3ng T\u01b0\u01a1i<\/strong><\/h3>\n<ol data-sourcepos=\"21:1-21:167\">\n<li data-sourcepos=\"21:1-21:167\"><strong>H\u00f2a tan:<\/strong> Pha 1kg B\u1ed9t L\u00e0m Kem T\u01b0\u01a1i V\u1ecb \u0110\u00e0o H\u1ed3ng v\u1edbi 2.5 l\u00edt n\u01b0\u1edbc \u1ea5m (ho\u1eb7c s\u1eefa t\u01b0\u01a1i kh\u00f4ng \u0111\u01b0\u1eddng \u0111\u1ec3 t\u0103ng th\u00eam \u0111\u1ed9 b\u00e9o ng\u1eady). Khu\u1ea5y \u0111\u1ec1u cho \u0111\u1ebfn khi b\u1ed9t tan ho\u00e0n to\u00e0n.<\/li>\n<li data-sourcepos=\"22:1-22:58\"><strong>Cho v\u00e0o m\u00e1y:<\/strong> \u0110\u1ed5 h\u1ed7n h\u1ee3p b\u1ed9t \u0111\u00e3 pha v\u00e0o m\u00e1y l\u00e0m kem.<\/li>\n<li data-sourcepos=\"23:1-24:0\"><strong>Ch\u1edd \u0111\u1ee3i:<\/strong> Ch\u1ecdn ch\u1ebf \u0111\u1ed9 l\u00e0m kem t\u1ef1 \u0111\u1ed9ng v\u00e0 ch\u1edd \u0111\u1ee3i m\u00e1y ho\u00e0n th\u00e0nh.<\/li>\n<\/ol>\n<p data-sourcepos=\"25:1-25:110\"><strong>L\u01b0u \u00fd:<\/strong> H\u1ed7n h\u1ee3p b\u1ed9t l\u00e0m kem sau khi pha c\u1ea7n \u0111\u01b0\u1ee3c b\u1ea3o qu\u1ea3n \u1edf nhi\u1ec7t \u0111\u1ed9 2-4 \u0111\u1ed9 C v\u00e0 s\u1eed d\u1ee5ng trong v\u00f2ng 24 gi\u1edd.<\/p>\n<p data-sourcepos=\"25:1-25:110\">Xem Th\u00eam: <strong><a class=\"woocommerce-LoopProduct-link woocommerce-loop-product__link\" href=\"https:\/\/thucpham.com\/bot-lam-kem-tuoi-thucpham-com-vi-mat-ong\/\" target=\"_blank\" rel=\"noopener\" data-schema-attribute=\"\">B\u1ed9t L\u00e0m Kem T\u01b0\u01a1i V\u1ecb M\u1eadt Ong R\u1eebng ThucPham.com<\/a><\/strong><\/p>\n<h3 class=\"\" data-sourcepos=\"27:1-27:31\"><strong>B\u1ea3o Qu\u1ea3n \u0110\u01a1n Gi\u1ea3n, Ti\u1ec7n L\u1ee3i<\/strong><\/h3>\n<ul data-sourcepos=\"29:1-30:22\">\n<li data-sourcepos=\"29:1-29:92\">B\u1ea3o qu\u1ea3n b\u1ed9t l\u00e0m kem t\u01b0\u01a1i v\u1ecb \u0111\u00e0o h\u1ed3ng \u1edf n\u01a1i kh\u00f4 r\u00e1o, tho\u00e1ng m\u00e1t, tr\u00e1nh \u00e1nh n\u1eafng tr\u1ef1c ti\u1ebfp.<\/li>\n<li data-sourcepos=\"30:1-30:22\">Nhi\u1ec7t \u0111\u1ed9 b\u1ea3o qu\u1ea3n l\u00fd t\u01b0\u1edfng l\u00e0 d\u01b0\u1edbi 25 \u0111\u1ed9 C.<\/li>\n<li data-sourcepos=\"31:1-32:0\">Sau khi m\u1edf t\u00fai, h\u00e3y gi\u1eef k\u00edn v\u00e0 s\u1eed d\u1ee5ng h\u1ebft trong v\u00f2ng 5 ng\u00e0y.<\/li>\n<\/ul>\n<h3 class=\"\" data-sourcepos=\"33:1-33:42\"><strong>Gi\u1ea3i Ph\u00e1p Kinh Doanh Kem T\u01b0\u01a1i Hi\u1ec7u Qu\u1ea3<\/strong><\/h3>\n<p data-sourcepos=\"35:1-35:215\">B\u1ed9t L\u00e0m Kem T\u01b0\u01a1i V\u1ecb \u0110\u00e0o H\u1ed3ng ThucPham.com kh\u00f4ng ch\u1ec9 l\u00e0 l\u1ef1a ch\u1ecdn tuy\u1ec7t v\u1eddi \u0111\u1ec3 b\u1ea1n t\u1ef1 l\u00e0m kem t\u1ea1i nh\u00e0 m\u00e0 c\u00f2n l\u00e0 gi\u1ea3i ph\u00e1p kinh doanh hi\u1ec7u qu\u1ea3 cho c\u00e1c c\u1eeda h\u00e0ng kem, qu\u00e1n c\u00e0 ph\u00ea, nh\u00e0 h\u00e0ng&#8230; S\u1ea3n ph\u1ea9m gi\u00fap ti\u1ebft ki\u1ec7m th\u1eddi gian v\u00e0 c\u00f4ng s\u1ee9c, \u0111\u1ed3ng th\u1eddi mang \u0111\u1ebfn nh\u1eefng ly kem \u0111\u00e0o h\u1ed3ng th\u01a1m ngon, \u0111\u1ea3m b\u1ea3o an to\u00e0n v\u1ec7 sinh, \u0111\u00e1p \u1ee9ng nhu c\u1ea7u c\u1ee7a m\u1ecdi kh\u00e1ch h\u00e0ng.<\/p>\n<p data-sourcepos=\"35:1-35:215\">Xem Th\u00eam: <strong><a class=\"woocommerce-LoopProduct-link woocommerce-loop-product__link\" href=\"https:\/\/thucpham.com\/bot-lam-kem-tuoi-thucpham-com-vi-chanh-day\/\" target=\"_blank\" rel=\"noopener\" data-schema-attribute=\"\">B\u1ed9t L\u00e0m Kem T\u01b0\u01a1i V\u1ecb Chanh D\u00e2y T\u1ef1 Nhi\u00ean ThucPham.com<\/a><\/strong><\/p>\n<h3 class=\"\" data-sourcepos=\"37:1-37:23\"><strong>\u0110a D\u1ea1ng S\u1ef1 L\u1ef1a Ch\u1ecdn<\/strong><\/h3>\n<p data-sourcepos=\"39:1-39:226\">Ngo\u00e0i B\u1ed9t L\u00e0m Kem T\u01b0\u01a1i V\u1ecb \u0110\u00e0o H\u1ed3ng, ThucPham.com c\u00f2n cung c\u1ea5p nhi\u1ec1u h\u01b0\u01a1ng v\u1ecb b\u1ed9t kem kh\u00e1c \u0111ang \u0111\u01b0\u1ee3c \u01b0a chu\u1ed9ng nh\u01b0: <a href=\"https:\/\/vi.wikipedia.org\/wiki\/S%C3%B4-c%C3%B4-la\" target=\"_blank\" rel=\"noopener nofollow\" data-schema-attribute=\"\"><strong>Chocolate<\/strong><\/a>, d\u00e2u, d\u1eeba, vani, tr\u00e0 s\u1eefa, khoai m\u00f4n, matcha, v\u00e0 c\u00e1c v\u1ecb tr\u00e1i c\u00e2y kh\u00e1c nh\u01b0 d\u1ee9a, vi\u1ec7t qu\u1ea5t, s\u1ea7u ri\u00eang&#8230;<\/p>\n<p data-sourcepos=\"41:1-41:54\"><strong>B\u1ea1n \u0111ang t\u00ecm ki\u1ebfm m\u1ed9t gi\u1ea3i ph\u00e1p l\u00e0m kem t\u01b0\u01a1i \u0111\u01a1n gi\u1ea3n, hi\u1ec7u qu\u1ea3 v\u00e0 an to\u00e0n?<\/strong> H\u00e3y li\u00ean h\u1ec7 ngay v\u1edbi ch\u00fang t\u00f4i \u0111\u1ec3 s\u1edf h\u1eefu B\u1ed9t L\u00e0m Kem T\u01b0\u01a1i V\u1ecb \u0110\u00e0o H\u1ed3ng v\u00e0 c\u00e1c s\u1ea3n ph\u1ea9m ch\u1ea5t l\u01b0\u1ee3ng kh\u00e1c. Ch\u00fang t\u00f4i cam k\u1ebft mang \u0111\u1ebfn d\u1ecbch v\u1ee5 t\u1ed1t nh\u1ea5t, h\u1ed7 tr\u1ee3 b\u1ea1n th\u00e0nh c\u00f4ng trong kinh doanh ho\u1eb7c \u0111\u01a1n gi\u1ea3n l\u00e0 mang \u0111\u1ebfn nh\u1eefng m\u00f3n tr\u00e1ng mi\u1ec7ng tuy\u1ec7t v\u1eddi cho gia \u0111\u00ecnh v\u00e0 b\u1ea1n b\u00e8!<\/p>\n<p><a href=\"https:\/\/thucpham.com\/wp-content\/uploads\/2023\/12\/thucpham-thay-doi-bao-bi-bot-lam-kem-tuoi.png\"><img class=\"aligncenter size-full wp-image-47329\" src=\"https:\/\/thucpham.com\/wp-content\/uploads\/2023\/12\/thucpham-thay-doi-bao-bi-bot-lam-kem-tuoi.png\" alt=\"Thucphamcom thay \u0111\u1ed5i bao b\u00ec b\u1ed9t l\u00e0m kem t\u01b0\u01a1i\" width=\"1280\" height=\"720\" srcset=\"https:\/\/thucpham.com\/vinacom\/wp-content\/uploads\/2023\/12\/thucpham-thay-doi-bao-bi-bot-lam-kem-tuoi.png 1280w, https:\/\/thucpham.com\/vinacom\/wp-content\/uploads\/2023\/12\/thucpham-thay-doi-bao-bi-bot-lam-kem-tuoi-300x169.png 300w, https:\/\/thucpham.com\/vinacom\/wp-content\/uploads\/2023\/12\/thucpham-thay-doi-bao-bi-bot-lam-kem-tuoi-1024x576.png 1024w, https:\/\/thucpham.com\/vinacom\/wp-content\/uploads\/2023\/12\/thucpham-thay-doi-bao-bi-bot-lam-kem-tuoi-768x432.png 768w, https:\/\/thucpham.com\/vinacom\/wp-content\/uploads\/2023\/12\/thucpham-thay-doi-bao-bi-bot-lam-kem-tuoi-24x14.png 24w, https:\/\/thucpham.com\/vinacom\/wp-content\/uploads\/2023\/12\/thucpham-thay-doi-bao-bi-bot-lam-kem-tuoi-36x20.png 36w, https:\/\/thucpham.com\/vinacom\/wp-content\/uploads\/2023\/12\/thucpham-thay-doi-bao-bi-bot-lam-kem-tuoi-48x27.png 48w, https:\/\/thucpham.com\/vinacom\/wp-content\/uploads\/2023\/12\/thucpham-thay-doi-bao-bi-bot-lam-kem-tuoi-510x287.png 510w\" sizes=\"(max-width: 1280px) 100vw, 1280px\" title=\"\"><\/a><\/p>\n","protected":false},"excerpt":{"rendered":"<ul>\n<li>Ch\u1ea5t l\u01b0\u1ee3ng \u0111\u1ea3m b\u1ea3o, gi\u00e1 th\u00e0nh h\u1ea5p d\u1eabn, giao h\u00e0ng to\u00e0n qu\u1ed1c<\/li>\n<li>Kem th\u00e0nh ph\u1ea9m s\u00e1nh m\u1ecbn, t\u01b0\u01a1i ngon, l\u00e2u tan<\/li>\n<li>M\u1eabu m\u00e3, bao b\u00ec \u0111\u1eb9p m\u1eaft, sang tr\u1ecdng<\/li>\n<li>Mang l\u1ea1i l\u1ee3i nhu\u1eadn cao khi kinh doanh<\/li>\n<li>\u00c1p d\u1ee5ng H\u1ec7 th\u1ed1ng qu\u1ea3n l\u00fd an to\u00e0n th\u1ef1c ph\u1ea9m ti\u00eau chu\u1ea9n Qu\u1ed1c t\u1ebf ISO 22000:2018<\/li>\n<\/ul>\n","protected":false},"featured_media":92837,"comment_status":"open","ping_status":"closed","template":"","meta":[],"product_cat":[254],"product_tag":[],"_links":{"self":[{"href":"https:\/\/thucpham.com\/vinacom\/wp-json\/wp\/v2\/product\/45748"}],"collection":[{"href":"https:\/\/thucpham.com\/vinacom\/wp-json\/wp\/v2\/product"}],"about":[{"href":"https:\/\/thucpham.com\/vinacom\/wp-json\/wp\/v2\/types\/product"}],"replies":[{"embeddable":true,"href":"https:\/\/thucpham.com\/vinacom\/wp-json\/wp\/v2\/comments?post=45748"}],"wp:featuredmedia":[{"embeddable":true,"href":"https:\/\/thucpham.com\/vinacom\/wp-json\/wp\/v2\/media\/92837"}],"wp:attachment":[{"href":"https:\/\/thucpham.com\/vinacom\/wp-json\/wp\/v2\/media?parent=45748"}],"wp:term":[{"taxonomy":"product_cat","embeddable":true,"href":"https:\/\/thucpham.com\/vinacom\/wp-json\/wp\/v2\/product_cat?post=45748"},{"taxonomy":"product_tag","embeddable":true,"href":"https:\/\/thucpham.com\/vinacom\/wp-json\/wp\/v2\/product_tag?post=45748"}],"curies":[{"name":"wp","href":"https:\/\/api.w.org\/{rel}","templated":true}]}}