{"id":45735,"date":"2023-02-03T12:16:22","date_gmt":"2023-02-03T05:16:22","guid":{"rendered":"https:\/\/thucpham.com\/?post_type=product&#038;p=45735"},"modified":"2025-03-19T14:52:24","modified_gmt":"2025-03-19T07:52:24","slug":"bot-lam-kem-tuoi-thucpham-com-vi-viet-quat","status":"publish","type":"product","link":"https:\/\/thucpham.com\/vinacom\/bot-lam-kem-tuoi-thucpham-com-vi-viet-quat\/","title":{"rendered":"B\u1ed9t L\u00e0m Kem T\u01b0\u01a1i V\u1ecb Vi\u1ec7t Qu\u1ea5t T\u1ef1 Nhi\u00ean ThucPham.com"},"content":{"rendered":"<p data-sourcepos=\"3:1-3:9\">M\u00f9a h\u00e8 oi \u1ea3 \u0111\u00e3 \u0111\u1ebfn, v\u00e0 kh\u00f4ng g\u00ec tuy\u1ec7t v\u1eddi h\u01a1n vi\u1ec7c gi\u1ea3i nhi\u1ec7t b\u1eb1ng nh\u1eefng ly kem t\u01b0\u01a1i m\u00e1t l\u1ea1nh, th\u01a1m ngon. H\u00e3y \u0111\u1ec3 <a href=\"https:\/\/thucpham.com\/bot-lam-kem-tuoi-thucpham-com-vi-viet-quat\/\" target=\"_blank\" rel=\"noopener\" data-schema-attribute=\"\"><strong>B\u1ed9t L\u00e0m Kem T\u01b0\u01a1i V\u1ecb Vi\u1ec7t Qu\u1ea5t<\/strong><\/a> ThucPham.com \u0111\u1ed3ng h\u00e0nh c\u00f9ng b\u1ea1n t\u1ea1o n\u00ean nh\u1eefng kho\u1ea3nh kh\u1eafc ng\u1ecdt ng\u00e0o, s\u1ea3ng kho\u00e1i, \u0111\u00e1nh th\u1ee9c m\u1ecdi gi\u00e1c quan v\u1edbi h\u01b0\u01a1ng v\u1ecb vi\u1ec7t qu\u1ea5t t\u1ef1 nhi\u00ean, h\u1ea5p d\u1eabn.<\/p>\n<h2 data-sourcepos=\"5:1-5:70\"><strong>B\u1ed9t L\u00e0m Kem T\u01b0\u01a1i V\u1ecb Vi\u1ec7t Qu\u1ea5t: B\u00ed Quy\u1ebft C\u1ee7a Nh\u1eefng C\u00e2y Kem Ho\u00e0n H\u1ea3o<\/strong><\/h2>\n<p data-sourcepos=\"7:1-7:285\">B\u1ed9t L\u00e0m Kem T\u01b0\u01a1i V\u1ecb <a href=\"https:\/\/vi.wikipedia.org\/wiki\/Chi_Vi%E1%BB%87t_qu%E1%BA%A5t\" target=\"_blank\" rel=\"noopener nofollow\" data-schema-attribute=\"\">Vi\u1ec7t Qu\u1ea5t<\/a> ThucPham.com l\u00e0 th\u00e0nh qu\u1ea3 c\u1ee7a s\u1ef1 k\u1ebft h\u1ee3p gi\u1eefa c\u00f4ng ngh\u1ec7 s\u1ea3n xu\u1ea5t hi\u1ec7n \u0111\u1ea1i v\u00e0 ngu\u1ed3n nguy\u00ean li\u1ec7u t\u1ef1 nhi\u00ean ch\u1ecdn l\u1ecdc. S\u1ea3n ph\u1ea9m \u0111\u01b0\u1ee3c t\u1ea1o ra b\u1edfi C\u00f4ng ty TNHH ThucPham.com, m\u1ed9t th\u01b0\u01a1ng hi\u1ec7u uy t\u00edn h\u00e0ng \u0111\u1ea7u trong l\u0129nh v\u1ef1c cung c\u1ea5p nguy\u00ean li\u1ec7u l\u00e0m kem t\u1ea1i Vi\u1ec7t Nam.<\/p>\n<p data-sourcepos=\"9:1-9:159\">V\u1edbi <a href=\"https:\/\/thucpham.com\/bot-lam-kem\/\" target=\"_blank\" rel=\"noopener\" data-schema-attribute=\"\"><strong>B\u1ed9t L\u00e0m Kem T\u01b0\u01a1i<\/strong><\/a> V\u1ecb Vi\u1ec7t Qu\u1ea5t, b\u1ea1n kh\u00f4ng c\u1ea7n ph\u1ea3i lo l\u1eafng v\u1ec1 vi\u1ec7c t\u00ecm ki\u1ebfm c\u00f4ng th\u1ee9c ph\u1ee9c t\u1ea1p hay t\u1ed1n nhi\u1ec1u th\u1eddi gian chu\u1ea9n b\u1ecb. T\u1ea5t c\u1ea3 nh\u1eefng g\u00ec b\u1ea1n c\u1ea7n l\u00e0m l\u00e0 pha b\u1ed9t v\u1edbi n\u01b0\u1edbc ho\u1eb7c s\u1eefa, cho v\u00e0o m\u00e1y l\u00e0m kem v\u00e0 ch\u1edd \u0111\u1ee3i trong \u00edt ph\u00fat. K\u1ebft qu\u1ea3 l\u00e0 nh\u1eefng c\u00e2y kem vi\u1ec7t qu\u1ea5t m\u1ec1m m\u1ecbn, th\u01a1m ngon, \u0111\u1eadm \u0111\u00e0 h\u01b0\u01a1ng v\u1ecb t\u1ef1 nhi\u00ean, s\u1eb5n s\u00e0ng \u0111\u1ec3 b\u1ea1n th\u01b0\u1edfng th\u1ee9c.<\/p>\n<p data-sourcepos=\"9:1-9:159\">Xem Th\u00eam: <strong><a class=\"woocommerce-LoopProduct-link woocommerce-loop-product__link\" href=\"https:\/\/thucpham.com\/bot-lam-kem-tuoi-thucpham-com-vi-dua-thom\/\" target=\"_blank\" rel=\"noopener\" data-schema-attribute=\"\">B\u1ed9t L\u00e0m Kem T\u01b0\u01a1i V\u1ecb D\u1ee9a Nhi\u1ec7t \u0110\u1edbi ThucPham.com<\/a><\/strong><\/p>\n<h3 class=\"\" data-sourcepos=\"11:1-11:22\"><strong>Th\u00f4ng Tin S\u1ea3n Ph\u1ea9m<\/strong><\/h3>\n<ul data-sourcepos=\"13:1-15:133\">\n<li data-sourcepos=\"13:1-13:71\"><strong>T\u00ean s\u1ea3n ph\u1ea9m:<\/strong> B\u1ed9t L\u00e0m Kem T\u01b0\u01a1i <a href=\"https:\/\/thucpham.com\/\" target=\"_blank\" rel=\"noopener\" data-schema-attribute=\"\"><strong>ThucPham.com<\/strong><\/a> V\u1ecb Vi\u1ec7t Qu\u1ea5t T\u1ef1 Nhi\u00ean<\/li>\n<li data-sourcepos=\"14:1-14:23\"><strong>Xu\u1ea5t x\u1ee9:<\/strong> Vi\u1ec7t Nam<\/li>\n<li data-sourcepos=\"15:1-15:133\"><strong>Th\u00e0nh ph\u1ea7n:<\/strong> B\u1ed9t kem s\u1eefa th\u1ef1c v\u1eadt, B\u1ed9t s\u1eefa t\u00e1ch b\u00e9o, B\u1ed9t v\u1ecb vi\u1ec7t qu\u1ea5t nguy\u00ean ch\u1ea5t, \u0110\u01b0\u1eddng c\u00e1t, Mu\u1ed1i tinh khi\u1ebft, Ch\u1ea5t \u1ed5n \u0111\u1ecbnh &#8211; nh\u0169 h\u00f3a v\u00e0 l\u00e0m d\u00e0y, Maltodextrin, M\u00e0u th\u1ef1c ph\u1ea9m v\u00e0 v\u1ecb t\u1ef1 nhi\u00ean t\u1ed5ng h\u1ee3p<\/li>\n<li data-sourcepos=\"16:1-16:25\"><strong>Kh\u1ed1i l\u01b0\u1ee3ng:<\/strong> 1kg\/t\u00fai<\/li>\n<li data-sourcepos=\"17:1-18:0\"><strong>Bao b\u00ec:<\/strong> T\u00fai m\u00e0u s\u1eafc b\u1eaft m\u1eaft v\u1edbi b\u1ed9t kem m\u00e0u t\u00edm nh\u1ea1t b\u00ean trong<\/li>\n<\/ul>\n<figure id=\"attachment_91507\" aria-describedby=\"caption-attachment-91507\" style=\"width: 1200px\" class=\"wp-caption alignnone\"><a href=\"https:\/\/thucpham.com\/wp-content\/uploads\/2023\/02\/bot-lam-kem-tuoi-vi-viet-quat-thucphamcom.jpg\"><img class=\"wp-image-91507 size-full\" src=\"https:\/\/thucpham.com\/wp-content\/uploads\/2023\/02\/bot-lam-kem-tuoi-vi-viet-quat-thucphamcom.jpg\" alt=\"b\u1ed9t l\u00e0m kem t\u01b0\u01a1i v\u1ecb vi\u1ec7t qu\u1ea5t thucpham.com\" width=\"1200\" height=\"1600\" srcset=\"https:\/\/thucpham.com\/vinacom\/wp-content\/uploads\/2023\/02\/bot-lam-kem-tuoi-vi-viet-quat-thucphamcom.jpg 1200w, https:\/\/thucpham.com\/vinacom\/wp-content\/uploads\/2023\/02\/bot-lam-kem-tuoi-vi-viet-quat-thucphamcom-225x300.jpg 225w, https:\/\/thucpham.com\/vinacom\/wp-content\/uploads\/2023\/02\/bot-lam-kem-tuoi-vi-viet-quat-thucphamcom-768x1024.jpg 768w, https:\/\/thucpham.com\/vinacom\/wp-content\/uploads\/2023\/02\/bot-lam-kem-tuoi-vi-viet-quat-thucphamcom-1152x1536.jpg 1152w, https:\/\/thucpham.com\/vinacom\/wp-content\/uploads\/2023\/02\/bot-lam-kem-tuoi-vi-viet-quat-thucphamcom-18x24.jpg 18w, https:\/\/thucpham.com\/vinacom\/wp-content\/uploads\/2023\/02\/bot-lam-kem-tuoi-vi-viet-quat-thucphamcom-27x36.jpg 27w, https:\/\/thucpham.com\/vinacom\/wp-content\/uploads\/2023\/02\/bot-lam-kem-tuoi-vi-viet-quat-thucphamcom-36x48.jpg 36w, https:\/\/thucpham.com\/vinacom\/wp-content\/uploads\/2023\/02\/bot-lam-kem-tuoi-vi-viet-quat-thucphamcom-510x680.jpg 510w\" sizes=\"(max-width: 1200px) 100vw, 1200px\" title=\"\"><\/a><figcaption id=\"caption-attachment-91507\" class=\"wp-caption-text\">B\u1ed9t l\u00e0m kem t\u01b0\u01a1i v\u1ecb vi\u1ec7t qu\u1ea5t ThucPham.com th\u01a1m l\u1eebng.<\/figcaption><\/figure>\n<h3 class=\"\" data-sourcepos=\"19:1-19:21\"><strong>\u01afu \u0110i\u1ec3m V\u01b0\u1ee3t Tr\u1ed9i<\/strong><\/h3>\n<ul data-sourcepos=\"21:1-22:69\">\n<li data-sourcepos=\"21:1-21:159\"><strong>H\u01b0\u01a1ng v\u1ecb t\u1ef1 nhi\u00ean:<\/strong> B\u1ed9t l\u00e0m kem t\u01b0\u01a1i v\u1ecb vi\u1ec7t qu\u1ea5t ThucPham.com mang \u0111\u1ebfn h\u01b0\u01a1ng v\u1ecb vi\u1ec7t qu\u1ea5t t\u1ef1 nhi\u00ean, chua ng\u1ecdt h\u00e0i h\u00f2a, kh\u00f4ng s\u1eed d\u1ee5ng h\u01b0\u01a1ng li\u1ec7u nh\u00e2n t\u1ea1o.<\/li>\n<li data-sourcepos=\"22:1-22:69\"><strong>K\u1ebft c\u1ea5u ho\u00e0n h\u1ea3o:<\/strong> Kem th\u00e0nh ph\u1ea9m c\u00f3 k\u1ebft c\u1ea5u m\u1ecbn m\u00e0ng, s\u00e1nh \u0111\u1eb7c, tan ch\u1ea3y trong mi\u1ec7ng, mang \u0111\u1ebfn tr\u1ea3i nghi\u1ec7m tuy\u1ec7t v\u1eddi.<\/li>\n<li data-sourcepos=\"23:1-23:105\"><strong>Ti\u1ec7n l\u1ee3i v\u00e0 d\u1ec5 s\u1eed d\u1ee5ng:<\/strong> B\u1ed9t \u0111\u00e3 \u0111\u01b0\u1ee3c tr\u1ed9n s\u1eb5n, ch\u1ec9 c\u1ea7n pha v\u1edbi n\u01b0\u1edbc ho\u1eb7c s\u1eefa l\u00e0 c\u00f3 th\u1ec3 s\u1eed d\u1ee5ng ngay.<\/li>\n<li data-sourcepos=\"24:1-24:152\"><strong>An to\u00e0n cho s\u1ee9c kh\u1ecfe:<\/strong> S\u1ea3n ph\u1ea9m \u0111\u01b0\u1ee3c s\u1ea3n xu\u1ea5t tr\u00ean d\u00e2y chuy\u1ec1n c\u00f4ng ngh\u1ec7 hi\u1ec7n \u0111\u1ea1i, \u0111\u1ea1t ti\u00eau chu\u1ea9n ISO 22000:2018, \u0111\u1ea3m b\u1ea3o an to\u00e0n v\u1ec7 sinh th\u1ef1c ph\u1ea9m.<\/li>\n<li data-sourcepos=\"25:1-25:146\"><strong>\u0110a d\u1ea1ng \u1ee9ng d\u1ee5ng:<\/strong> B\u1ea1n c\u00f3 th\u1ec3 s\u1eed d\u1ee5ng b\u1ed9t l\u00e0m kem t\u01b0\u01a1i v\u1ecb vi\u1ec7t qu\u1ea5t \u0111\u1ec3 t\u1ea1o ra nhi\u1ec1u m\u00f3n tr\u00e1ng mi\u1ec7ng kh\u00e1c nhau nh\u01b0 kem que, kem ly, kem \u1ed1c qu\u1ebf&#8230;<\/li>\n<\/ul>\n<p>Xem Th\u00eam: <strong><a class=\"woocommerce-LoopProduct-link woocommerce-loop-product__link\" href=\"https:\/\/thucpham.com\/bot-lam-kem-tuoi-thucpham-com-vi-dua-luoi\/\" target=\"_blank\" rel=\"noopener\" data-schema-attribute=\"\">B\u1ed9t L\u00e0m Kem T\u01b0\u01a1i V\u1ecb D\u01b0a L\u01b0\u1edbi Nhi\u1ec7t \u0110\u1edbi ThucPham.com<\/a><\/strong><\/p>\n<h3 class=\"\" data-sourcepos=\"27:1-27:21\"><strong>H\u01b0\u1edbng D\u1eabn S\u1eed D\u1ee5ng<\/strong><\/h3>\n<ol data-sourcepos=\"29:1-33:0\">\n<li data-sourcepos=\"29:1-29:93\">H\u00f2a tan 1kg b\u1ed9t l\u00e0m kem t\u01b0\u01a1i v\u1ecb vi\u1ec7t qu\u1ea5t v\u1edbi 2.5 l\u00edt n\u01b0\u1edbc \u1ea5m (ho\u1eb7c s\u1eefa t\u01b0\u01a1i kh\u00f4ng \u0111\u01b0\u1eddng).<\/li>\n<li data-sourcepos=\"30:1-30:43\">Khu\u1ea5y \u0111\u1ec1u cho \u0111\u1ebfn khi b\u1ed9t tan ho\u00e0n to\u00e0n r\u1ed3i \u0111\u1ec3 h\u1ed7n h\u1ee3p ngh\u1ec9 30 ph\u00fat.<\/li>\n<li data-sourcepos=\"31:1-31:60\">\u0110\u1ed5 h\u1ed7n h\u1ee3p v\u00e0o m\u00e1y l\u00e0m kem v\u00e0 b\u1eadt ch\u1ebf \u0111\u1ed9 l\u00e0m kem t\u1ef1 \u0111\u1ed9ng.<\/li>\n<li data-sourcepos=\"32:1-33:0\">Ch\u1edd \u0111\u1ee3i cho \u0111\u1ebfn khi m\u00e1y ho\u00e0n th\u00e0nh qu\u00e1 tr\u00ecnh v\u00e0 th\u01b0\u1edfng th\u1ee9c!<\/li>\n<\/ol>\n<p data-sourcepos=\"34:1-34:10\"><strong>L\u01b0u \u00fd:<\/strong><\/p>\n<ul data-sourcepos=\"36:1-36:87\">\n<li data-sourcepos=\"36:1-36:87\">B\u1ea3o qu\u1ea3n h\u1ed7n h\u1ee3p b\u1ed9t l\u00e0m kem \u0111\u00e3 pha \u1edf nhi\u1ec7t \u0111\u1ed9 2-4 \u0111\u1ed9 C v\u00e0 s\u1eed d\u1ee5ng trong v\u00f2ng 24 gi\u1edd.<\/li>\n<li data-sourcepos=\"37:1-38:0\">B\u1ea3o qu\u1ea3n b\u1ed9t ch\u01b0a s\u1eed d\u1ee5ng \u1edf n\u01a1i kh\u00f4 r\u00e1o, tho\u00e1ng m\u00e1t, tr\u00e1nh \u00e1nh n\u1eafng tr\u1ef1c ti\u1ebfp.<\/li>\n<\/ul>\n<p>Xem Th\u00eam: <strong><a class=\"woocommerce-LoopProduct-link woocommerce-loop-product__link\" href=\"https:\/\/thucpham.com\/bot-lam-kem-tuoi-thucpham-com-vi-dao\/\" target=\"_blank\" rel=\"noopener\" data-schema-attribute=\"\">B\u1ed9t L\u00e0m Kem T\u01b0\u01a1i V\u1ecb \u0110\u00e0o H\u1ed3ng T\u1ef1 Nhi\u00ean ThucPham.com<\/a><\/strong><\/p>\n<h3 class=\"\" data-sourcepos=\"39:1-39:51\"><strong>L\u1ef1a Ch\u1ecdn Ho\u00e0n H\u1ea3o Cho Kinh Doanh &amp; Gia \u0110\u00ecnh<\/strong><\/h3>\n<p data-sourcepos=\"41:1-41:250\">B\u1ed9t L\u00e0m Kem T\u01b0\u01a1i V\u1ecb Vi\u1ec7t Qu\u1ea5t ThucPham.com kh\u00f4ng ch\u1ec9 l\u00e0 gi\u1ea3i ph\u00e1p tuy\u1ec7t v\u1eddi cho c\u00e1c c\u1eeda h\u00e0ng kem, qu\u00e1n c\u00e0 ph\u00ea, nh\u00e0 h\u00e0ng m\u00e0 c\u00f2n l\u00e0 l\u1ef1a ch\u1ecdn l\u00fd t\u01b0\u1edfng \u0111\u1ec3 b\u1ea1n t\u1ef1 tay l\u00e0m kem t\u1ea1i nh\u00e0, chi\u00eau \u0111\u00e3i gia \u0111\u00ecnh v\u00e0 b\u1ea1n b\u00e8 nh\u1eefng m\u00f3n tr\u00e1ng mi\u1ec7ng th\u01a1m ngon, b\u1ed5 d\u01b0\u1ee1ng.<\/p>\n<p data-sourcepos=\"43:1-43:67\">Ngo\u00e0i ra, ThucPham.com c\u00f2n cung c\u1ea5p \u0111a d\u1ea1ng c\u00e1c v\u1ecb b\u1ed9t l\u00e0m kem kh\u00e1c nh\u01b0 chocolate, d\u00e2u, d\u1eeba, vani, tr\u00e0 s\u1eefa, khoai m\u00f4n, matcha&#8230; \u0111\u1ec3 b\u1ea1n th\u1ecfa s\u1ee9c s\u00e1ng t\u1ea1o v\u00e0 kh\u00e1m ph\u00e1.<\/p>\n<p data-sourcepos=\"45:1-45:137\"><strong>H\u00e3y \u0111\u1ec3 B\u1ed9t L\u00e0m Kem T\u01b0\u01a1i V\u1ecb Vi\u1ec7t Qu\u1ea5t ThucPham.com \u0111\u1ed3ng h\u00e0nh c\u00f9ng b\u1ea1n t\u1ea1o n\u00ean nh\u1eefng kho\u1ea3nh kh\u1eafc ng\u1ecdt ng\u00e0o, \u0111\u00e1ng nh\u1edb trong m\u00f9a h\u00e8 n\u00e0y!<\/strong><\/p>\n<p><a href=\"https:\/\/thucpham.com\/wp-content\/uploads\/2023\/12\/thucpham-thay-doi-bao-bi-bot-lam-kem-tuoi.png\"><img class=\"aligncenter size-full wp-image-47329\" src=\"https:\/\/thucpham.com\/wp-content\/uploads\/2023\/12\/thucpham-thay-doi-bao-bi-bot-lam-kem-tuoi.png\" alt=\"Thucphamcom thay \u0111\u1ed5i bao b\u00ec b\u1ed9t l\u00e0m kem t\u01b0\u01a1i\" width=\"1280\" height=\"720\" srcset=\"https:\/\/thucpham.com\/vinacom\/wp-content\/uploads\/2023\/12\/thucpham-thay-doi-bao-bi-bot-lam-kem-tuoi.png 1280w, https:\/\/thucpham.com\/vinacom\/wp-content\/uploads\/2023\/12\/thucpham-thay-doi-bao-bi-bot-lam-kem-tuoi-300x169.png 300w, https:\/\/thucpham.com\/vinacom\/wp-content\/uploads\/2023\/12\/thucpham-thay-doi-bao-bi-bot-lam-kem-tuoi-1024x576.png 1024w, https:\/\/thucpham.com\/vinacom\/wp-content\/uploads\/2023\/12\/thucpham-thay-doi-bao-bi-bot-lam-kem-tuoi-768x432.png 768w, https:\/\/thucpham.com\/vinacom\/wp-content\/uploads\/2023\/12\/thucpham-thay-doi-bao-bi-bot-lam-kem-tuoi-24x14.png 24w, https:\/\/thucpham.com\/vinacom\/wp-content\/uploads\/2023\/12\/thucpham-thay-doi-bao-bi-bot-lam-kem-tuoi-36x20.png 36w, https:\/\/thucpham.com\/vinacom\/wp-content\/uploads\/2023\/12\/thucpham-thay-doi-bao-bi-bot-lam-kem-tuoi-48x27.png 48w, https:\/\/thucpham.com\/vinacom\/wp-content\/uploads\/2023\/12\/thucpham-thay-doi-bao-bi-bot-lam-kem-tuoi-510x287.png 510w\" sizes=\"(max-width: 1280px) 100vw, 1280px\" title=\"\"><\/a><\/p>\n","protected":false},"excerpt":{"rendered":"<ul>\n<li>Ch\u1ea5t l\u01b0\u1ee3ng \u0111\u1ea3m b\u1ea3o, gi\u00e1 th\u00e0nh h\u1ea5p d\u1eabn, giao h\u00e0ng to\u00e0n qu\u1ed1c<\/li>\n<li>Kem th\u00e0nh ph\u1ea9m s\u00e1nh m\u1ecbn, t\u01b0\u01a1i ngon, l\u00e2u tan<\/li>\n<li>M\u1eabu m\u00e3, bao b\u00ec \u0111\u1eb9p m\u1eaft, sang tr\u1ecdng<\/li>\n<li>Mang l\u1ea1i l\u1ee3i nhu\u1eadn cao khi kinh doanh<\/li>\n<li>\u00c1p d\u1ee5ng H\u1ec7 th\u1ed1ng qu\u1ea3n l\u00fd an to\u00e0n th\u1ef1c ph\u1ea9m ti\u00eau chu\u1ea9n Qu\u1ed1c t\u1ebf ISO 22000:2018<\/li>\n<\/ul>\n","protected":false},"featured_media":92843,"comment_status":"open","ping_status":"closed","template":"","meta":[],"product_cat":[254],"product_tag":[],"_links":{"self":[{"href":"https:\/\/thucpham.com\/vinacom\/wp-json\/wp\/v2\/product\/45735"}],"collection":[{"href":"https:\/\/thucpham.com\/vinacom\/wp-json\/wp\/v2\/product"}],"about":[{"href":"https:\/\/thucpham.com\/vinacom\/wp-json\/wp\/v2\/types\/product"}],"replies":[{"embeddable":true,"href":"https:\/\/thucpham.com\/vinacom\/wp-json\/wp\/v2\/comments?post=45735"}],"wp:featuredmedia":[{"embeddable":true,"href":"https:\/\/thucpham.com\/vinacom\/wp-json\/wp\/v2\/media\/92843"}],"wp:attachment":[{"href":"https:\/\/thucpham.com\/vinacom\/wp-json\/wp\/v2\/media?parent=45735"}],"wp:term":[{"taxonomy":"product_cat","embeddable":true,"href":"https:\/\/thucpham.com\/vinacom\/wp-json\/wp\/v2\/product_cat?post=45735"},{"taxonomy":"product_tag","embeddable":true,"href":"https:\/\/thucpham.com\/vinacom\/wp-json\/wp\/v2\/product_tag?post=45735"}],"curies":[{"name":"wp","href":"https:\/\/api.w.org\/{rel}","templated":true}]}}