{"id":43982,"date":"2022-09-14T11:55:38","date_gmt":"2022-09-14T04:55:38","guid":{"rendered":"https:\/\/thucpham.com\/?post_type=product&#038;p=43982"},"modified":"2025-03-19T14:52:53","modified_gmt":"2025-03-19T07:52:53","slug":"bot-lam-kem-tuoi-thucpham-com-vi-tra-sua","status":"publish","type":"product","link":"https:\/\/thucpham.com\/vinacom\/bot-lam-kem-tuoi-thucpham-com-vi-tra-sua\/","title":{"rendered":"B\u1ed9t L\u00e0m Kem T\u01b0\u01a1i V\u1ecb Tr\u00e0 S\u1eefa Truy\u1ec1n Th\u1ed1ng ThucPham.com"},"content":{"rendered":"<p data-sourcepos=\"5:1-5:63\">Tr\u00e0 s\u1eefa &#8211; th\u1ee9c u\u1ed1ng &#8220;qu\u1ed1c d\u00e2n&#8221; \u0111\u01b0\u1ee3c h\u00e0ng tri\u1ec7u ng\u01b0\u1eddi y\u00eau th\u00edch, nay \u0111\u00e3 c\u00f3 m\u1ed9t di\u1ec7n m\u1ea1o m\u1edbi \u0111\u1ea7y h\u1ea5p d\u1eabn: Kem t\u01b0\u01a1i v\u1ecb tr\u00e0 s\u1eefa. V\u1edbi <a href=\"https:\/\/thucpham.com\/bot-lam-kem-tuoi-thucpham-com-vi-tra-sua\/\" target=\"_blank\" rel=\"noopener\" data-schema-attribute=\"\"><strong>B\u1ed9t L\u00e0m Kem T\u01b0\u01a1i V\u1ecb Tr\u00e0 S\u1eefa<\/strong><\/a> ThucPham.com, b\u1ea1n c\u00f3 th\u1ec3 d\u1ec5 d\u00e0ng t\u00e1i hi\u1ec7n h\u01b0\u01a1ng v\u1ecb tr\u00e0 s\u1eefa quen thu\u1ed9c, th\u01a1m ngon ngay t\u1ea1i nh\u00e0, mang \u0111\u1ebfn tr\u1ea3i nghi\u1ec7m m\u1edbi l\u1ea1 v\u00e0 th\u00fa v\u1ecb cho c\u1ea3 gia \u0111\u00ecnh.<\/p>\n<h2 data-sourcepos=\"7:1-7:72\"><strong>B\u1ed9t L\u00e0m Kem T\u01b0\u01a1i V\u1ecb Tr\u00e0 S\u1eefa: Ch\u1ea5t L\u01b0\u1ee3ng Tuy\u1ec7t H\u1ea3o, An To\u00e0n Tuy\u1ec7t \u0110\u1ed1i<\/strong><\/h2>\n<p data-sourcepos=\"9:1-9:89\">B\u1ed9t L\u00e0m Kem T\u01b0\u01a1i V\u1ecb Tr\u00e0 S\u1eefa <a href=\"https:\/\/thucpham.com\/\"><strong>ThucPham.com<\/strong><\/a> l\u00e0 s\u1ea3n ph\u1ea9m t\u00e2m huy\u1ebft c\u1ee7a C\u00f4ng ty TNHH ThucPham.com, \u0111\u01b0\u1ee3c t\u1ea1o ra t\u1eeb c\u00f4ng ngh\u1ec7 hi\u1ec7n \u0111\u1ea1i v\u00e0 nguy\u00ean li\u1ec7u tuy\u1ec3n ch\u1ecdn k\u1ef9 c\u00e0ng. Ch\u00fang t\u00f4i t\u1ef1 h\u00e0o mang \u0111\u1ebfn cho b\u1ea1n m\u1ed9t s\u1ea3n ph\u1ea9m ch\u1ea5t l\u01b0\u1ee3ng cao, h\u01b0\u01a1ng v\u1ecb tr\u00e0 s\u1eefa th\u01a1m ngon \u0111\u1eb7c tr\u01b0ng, kh\u00f3 c\u00f3 th\u1ec3 t\u00ecm th\u1ea5y \u1edf b\u1ea5t k\u1ef3 n\u01a1i n\u00e0o kh\u00e1c. <a href=\"https:\/\/thucpham.com\/bot-lam-kem\/\" target=\"_blank\" rel=\"noopener\" data-schema-attribute=\"\"><strong>B\u1ed9t l\u00e0m kem t\u01b0\u01a1i<\/strong><\/a> v\u1ecb tr\u00e0 s\u1eefa ThucPham.com \u0111\u00e3 \u0111\u01b0\u1ee3c tr\u1ed9n s\u1eb5n t\u1ea5t c\u1ea3 c\u00e1c th\u00e0nh ph\u1ea7n c\u1ea7n thi\u1ebft, gi\u00fap b\u1ea1n ti\u1ebft ki\u1ec7m th\u1eddi gian v\u00e0 c\u00f4ng s\u1ee9c. Ch\u1ec9 v\u1edbi v\u00e0i b\u01b0\u1edbc \u0111\u01a1n gi\u1ea3n, b\u1ea1n \u0111\u00e3 c\u00f3 th\u1ec3 t\u1ea1o ra nh\u1eefng ly kem tr\u00e0 s\u1eefa h\u1ea5p d\u1eabn, \u0111\u00e1nh th\u1ee9c m\u1ecdi gi\u00e1c quan.<\/p>\n<p data-sourcepos=\"9:1-9:89\">Xem Th\u00eam: <strong><a class=\"woocommerce-LoopProduct-link woocommerce-loop-product__link\" href=\"https:\/\/thucpham.com\/bot-lam-kem-tuoi-thucpham-com-vi-dau-nanh\/\" target=\"_blank\" rel=\"noopener\" data-schema-attribute=\"\">B\u1ed9t L\u00e0m Kem T\u01b0\u01a1i V\u1ecb \u0110\u1eadu N\u00e0nh Nguy\u00ean Ch\u1ea5t ThucPham.com<\/a><\/strong><\/p>\n<h3 class=\"\" data-sourcepos=\"11:1-11:22\"><strong>Th\u00f4ng Tin S\u1ea3n Ph\u1ea9m<\/strong><\/h3>\n<ul data-sourcepos=\"13:1-13:31\">\n<li data-sourcepos=\"13:1-13:31\"><strong>T\u00ean s\u1ea3n ph\u1ea9m:<\/strong> B\u1ed9t L\u00e0m Kem T\u01b0\u01a1i ThucPham.com V\u1ecb <strong><a href=\"https:\/\/vi.wikipedia.org\/wiki\/Tr%C3%A0_s%E1%BB%AFa\" target=\"_blank\" rel=\"noopener nofollow\" data-schema-attribute=\"\">Tr\u00e0 S\u1eefa<\/a><\/strong>&nbsp;Truy\u1ec1n Th\u1ed1ng<\/li>\n<li data-sourcepos=\"14:1-14:23\"><strong>Xu\u1ea5t x\u1ee9:<\/strong> Vi\u1ec7t Nam<\/li>\n<li data-sourcepos=\"15:1-15:200\"><strong>Th\u00e0nh ph\u1ea7n:<\/strong> B\u1ed9t kem s\u1eefa th\u1ef1c v\u1eadt, B\u1ed9t s\u1eefa t\u00e1ch b\u00e9o, B\u1ed9t v\u1ecb tr\u00e0 s\u1eefa nguy\u00ean ch\u1ea5t, \u0110\u01b0\u1eddng c\u00e1t, Mu\u1ed1i tinh khi\u1ebft, Ch\u1ea5t \u1ed5n \u0111\u1ecbnh &#8211; nh\u0169 h\u00f3a v\u00e0 l\u00e0m d\u00e0y, Maltodextrin, M\u00e0u th\u1ef1c ph\u1ea9m v\u00e0 v\u1ecb t\u1ef1 nhi\u00ean t\u1ed5ng h\u1ee3p<\/li>\n<li data-sourcepos=\"16:1-16:25\"><strong>Kh\u1ed1i l\u01b0\u1ee3ng:<\/strong> 1kg\/t\u00fai<\/li>\n<li data-sourcepos=\"17:1-18:0\"><strong>Bao b\u00ec:<\/strong> T\u00fai m\u00e0u s\u1eafc b\u1eaft m\u1eaft v\u1edbi b\u1ed9t kem m\u00e0u n\u00e2u nh\u1ea1t b\u00ean trong<\/li>\n<\/ul>\n<h3 class=\"\" data-sourcepos=\"19:1-19:21\"><strong>\u01afu \u0110i\u1ec3m V\u01b0\u1ee3t Tr\u1ed9i<\/strong><\/h3>\n<ul data-sourcepos=\"21:1-24:85\">\n<li data-sourcepos=\"21:1-21:154\"><strong>H\u01b0\u01a1ng v\u1ecb tr\u00e0 s\u1eefa \u0111\u1eb7c tr\u01b0ng:<\/strong> B\u1ed9t l\u00e0m kem t\u01b0\u01a1i v\u1ecb tr\u00e0 s\u1eefa ThucPham.com mang \u0111\u1ebfn h\u01b0\u01a1ng v\u1ecb tr\u00e0 s\u1eefa th\u01a1m ngon, \u0111\u1eadm \u0111\u00e0, kh\u00f4ng s\u1eed d\u1ee5ng h\u01b0\u01a1ng li\u1ec7u nh\u00e2n t\u1ea1o.<\/li>\n<li data-sourcepos=\"22:1-22:123\"><strong>K\u1ebft c\u1ea5u ho\u00e0n h\u1ea3o:<\/strong> Kem th\u00e0nh ph\u1ea9m c\u00f3 k\u1ebft c\u1ea5u m\u1ecbn m\u00e0ng, s\u00e1nh \u0111\u1eb7c, tan ch\u1ea3y trong mi\u1ec7ng, mang \u0111\u1ebfn tr\u1ea3i nghi\u1ec7m tuy\u1ec7t v\u1eddi.<\/li>\n<li data-sourcepos=\"23:1-23:105\"><strong>Ti\u1ec7n l\u1ee3i v\u00e0 d\u1ec5 s\u1eed d\u1ee5ng:<\/strong> B\u1ed9t \u0111\u00e3 \u0111\u01b0\u1ee3c tr\u1ed9n s\u1eb5n, ch\u1ec9 c\u1ea7n pha v\u1edbi n\u01b0\u1edbc ho\u1eb7c s\u1eefa l\u00e0 c\u00f3 th\u1ec3 s\u1eed d\u1ee5ng ngay.<\/li>\n<li data-sourcepos=\"24:1-24:85\"><strong>An to\u00e0n cho s\u1ee9c kh\u1ecfe:<\/strong> S\u1ea3n ph\u1ea9m \u0111\u01b0\u1ee3c s\u1ea3n xu\u1ea5t tr\u00ean d\u00e2y chuy\u1ec1n c\u00f4ng ngh\u1ec7 hi\u1ec7n \u0111\u1ea1i, \u0111\u1ea1t ti\u00eau chu\u1ea9n ISO 22000:2018, \u0111\u1ea3m b\u1ea3o an to\u00e0n v\u1ec7 sinh th\u1ef1c ph\u1ea9m.<\/li>\n<li data-sourcepos=\"25:1-25:157\"><strong>\u0110a d\u1ea1ng \u1ee9ng d\u1ee5ng:<\/strong> B\u1ea1n c\u00f3 th\u1ec3 s\u1eed d\u1ee5ng b\u1ed9t l\u00e0m kem t\u01b0\u01a1i v\u1ecb tr\u00e0 s\u1eefa \u0111\u1ec3 t\u1ea1o ra nhi\u1ec1u m\u00f3n tr\u00e1ng mi\u1ec7ng kh\u00e1c nhau nh\u01b0 kem que, kem ly, kem \u1ed1c qu\u1ebf&#8230;<\/li>\n<li data-sourcepos=\"26:1-27:0\"><strong>Ti\u1ebft ki\u1ec7m chi ph\u00ed:<\/strong> So v\u1edbi vi\u1ec7c mua kem t\u01b0\u01a1i b\u00ean ngo\u00e0i, t\u1ef1 l\u00e0m kem t\u1ea1i nh\u00e0 v\u1edbi b\u1ed9t l\u00e0m kem t\u01b0\u01a1i ThucPham.com s\u1ebd gi\u00fap b\u1ea1n ti\u1ebft ki\u1ec7m \u0111\u00e1ng k\u1ec3 chi ph\u00ed.<\/li>\n<\/ul>\n<p>Xem Th\u00eam: <strong><a class=\"woocommerce-LoopProduct-link woocommerce-loop-product__link\" href=\"https:\/\/thucpham.com\/bot-lam-kem-tuoi-thucpham-com-vi-cafe-capuchino\/\" target=\"_blank\" rel=\"noopener\" data-schema-attribute=\"\">B\u1ed9t L\u00e0m Kem T\u01b0\u01a1i V\u1ecb Cafe Capuchino ThucPham.com<\/a><\/strong><\/p>\n<h3 class=\"\" data-sourcepos=\"28:1-28:57\"><strong>3 B\u01b0\u1edbc \u0110\u01a1n Gi\u1ea3n &#8211; Kem Tr\u00e0 S\u1eefa Th\u01a1m Ngon Trong T\u1ea7m Tay<\/strong><\/h3>\n<ol data-sourcepos=\"30:1-33:0\">\n<li data-sourcepos=\"30:1-30:169\"><strong>H\u00f2a tan:<\/strong> Pha 1kg b\u1ed9t l\u00e0m kem t\u01b0\u01a1i v\u1ecb tr\u00e0 s\u1eefa v\u1edbi 2.5 l\u00edt n\u01b0\u1edbc \u1ea5m (ho\u1eb7c s\u1eefa t\u01b0\u01a1i kh\u00f4ng \u0111\u01b0\u1eddng \u0111\u1ec3 t\u0103ng th\u00eam v\u1ecb b\u00e9o v\u00e0 th\u01a1m). Khu\u1ea5y \u0111\u1ec1u cho \u0111\u1ebfn khi b\u1ed9t tan ho\u00e0n to\u00e0n.<\/li>\n<li data-sourcepos=\"31:1-31:55\"><strong>\u0110\u1ed5 v\u00e0o m\u00e1y:<\/strong> Sau khi \u0111\u1ec3 h\u1ed7n h\u1ee3p ngh\u1ec9 30 ph\u00fat cho ngu\u1ed9i th\u00ec cho h\u1ed7n h\u1ee3p v\u00e0o m\u00e1y l\u00e0m kem c\u1ee7a b\u1ea1n.<\/li>\n<li data-sourcepos=\"32:1-33:0\"><strong>Th\u01b0\u1edfng th\u1ee9c:<\/strong> B\u1eadt m\u00e1y v\u00e0 ch\u1edd \u0111\u1ee3i v\u00e0i ph\u00fat. Kem tr\u00e0 s\u1eefa th\u01a1m ngon \u0111\u00e3 s\u1eb5n s\u00e0ng \u0111\u1ec3 b\u1ea1n th\u01b0\u1edfng th\u1ee9c!<\/li>\n<\/ol>\n<p data-sourcepos=\"34:1-34:11\"><strong>L\u01b0u \u00fd:<\/strong><\/p>\n<ul data-sourcepos=\"36:1-36:62\">\n<li data-sourcepos=\"36:1-36:62\">H\u1ed7n h\u1ee3p b\u1ed9t l\u00e0m kem sau khi pha c\u1ea7n \u0111\u01b0\u1ee3c b\u1ea3o qu\u1ea3n \u1edf nhi\u1ec7t \u0111\u1ed9 2-4 \u0111\u1ed9 C v\u00e0 d\u00f9ng h\u1ebft trong 24h \u0111\u1ec3 \u0111\u1ea3m b\u1ea3o h\u01b0\u01a1ng v\u1ecb v\u00e0 ch\u1ea5t l\u01b0\u1ee3ng t\u1ed1t nh\u1ea5t.<\/li>\n<li data-sourcepos=\"37:1-38:0\">B\u1ea3o qu\u1ea3n b\u1ed9t ch\u01b0a s\u1eed d\u1ee5ng \u1edf n\u01a1i kh\u00f4 r\u00e1o, tho\u00e1ng m\u00e1t, tr\u00e1nh \u00e1nh n\u1eafng tr\u1ef1c ti\u1ebfp.<\/li>\n<\/ul>\n<h3 class=\"\" data-sourcepos=\"39:1-39:47\"><strong>\u0110\u1ed1i T\u00e1c Tin C\u1eady Cho C\u1eeda H\u00e0ng &amp; Gia \u0110\u00ecnh<\/strong><\/h3>\n<p data-sourcepos=\"41:1-41:123\">B\u1ed9t L\u00e0m Kem T\u01b0\u01a1i V\u1ecb Tr\u00e0 S\u1eefa ThucPham.com kh\u00f4ng ch\u1ec9 l\u00e0 l\u1ef1a ch\u1ecdn tuy\u1ec7t v\u1eddi \u0111\u1ec3 b\u1ea1n t\u1ef1 l\u00e0m kem t\u1ea1i nh\u00e0 m\u00e0 c\u00f2n l\u00e0 gi\u1ea3i ph\u00e1p kinh doanh hi\u1ec7u qu\u1ea3 cho c\u00e1c c\u1eeda h\u00e0ng kem, qu\u00e1n c\u00e0 ph\u00ea, nh\u00e0 h\u00e0ng&#8230; S\u1ea3n ph\u1ea9m gi\u00fap ti\u1ebft ki\u1ec7m th\u1eddi gian v\u00e0 c\u00f4ng s\u1ee9c, \u0111\u1ed3ng th\u1eddi mang \u0111\u1ebfn nh\u1eefng ly kem tr\u00e0 s\u1eefa th\u01a1m ngon, \u0111\u1ea3m b\u1ea3o an to\u00e0n v\u1ec7 sinh, \u0111\u00e1p \u1ee9ng nhu c\u1ea7u c\u1ee7a m\u1ecdi kh\u00e1ch h\u00e0ng.<\/p>\n<p data-sourcepos=\"41:1-41:123\">Xem Th\u00eam: <strong><a class=\"woocommerce-LoopProduct-link woocommerce-loop-product__link\" href=\"https:\/\/thucpham.com\/bot-lam-kem-tuoi-thucpham-com-vi-xoai\/\" target=\"_blank\" rel=\"noopener\" data-schema-attribute=\"\">B\u1ed9t L\u00e0m Kem T\u01b0\u01a1i V\u1ecb Xo\u00e0i Nhi\u1ec7t \u0110\u1edbi ThucPham.com<\/a><\/strong><\/p>\n<h3 class=\"\" data-sourcepos=\"43:1-43:39\"><strong>Kh\u00e1m Ph\u00e1 Th\u1ebf Gi\u1edbi H\u01b0\u01a1ng V\u1ecb Kem T\u01b0\u01a1i<\/strong><\/h3>\n<p data-sourcepos=\"45:1-45:231\">Ngo\u00e0i v\u1ecb tr\u00e0 s\u1eefa truy\u1ec1n th\u1ed1ng, ThucPham.com c\u00f2n cung c\u1ea5p \u0111a d\u1ea1ng c\u00e1c v\u1ecb b\u1ed9t l\u00e0m kem kh\u00e1c nh\u01b0 chocolate, d\u00e2u, d\u1eeba, vani, khoai m\u00f4n, matcha, s\u1ea7u ri\u00eang&#8230; H\u00e3y th\u1ecfa s\u1ee9c s\u00e1ng t\u1ea1o v\u00e0 kh\u00e1m ph\u00e1 th\u1ebf gi\u1edbi kem t\u01b0\u01a1i \u0111\u1ea7y m\u00e0u s\u1eafc c\u00f9ng ch\u00fang t\u00f4i!<\/p>\n<p data-sourcepos=\"47:1-47:180\"><strong>B\u1ea1n \u0111\u00e3 s\u1eb5n s\u00e0ng \u0111\u1ec3 tr\u1ea3i nghi\u1ec7m h\u01b0\u01a1ng v\u1ecb tr\u00e0 s\u1eefa theo m\u1ed9t c\u00e1ch ho\u00e0n to\u00e0n m\u1edbi? H\u00e3y \u0111\u1ec3 B\u1ed9t L\u00e0m Kem T\u01b0\u01a1i V\u1ecb Tr\u00e0 S\u1eefa ThucPham.com \u0111\u1ed3ng h\u00e0nh c\u00f9ng b\u1ea1n t\u1ea1o n\u00ean nh\u1eefng ly kem tuy\u1ec7t h\u1ea3o!<\/strong><\/p>\n<p><a href=\"https:\/\/thucpham.com\/wp-content\/uploads\/2023\/12\/thucpham-thay-doi-bao-bi-bot-lam-kem-tuoi.png\"><img class=\"aligncenter size-full wp-image-47329\" src=\"https:\/\/thucpham.com\/wp-content\/uploads\/2023\/12\/thucpham-thay-doi-bao-bi-bot-lam-kem-tuoi.png\" alt=\"Thucphamcom thay \u0111\u1ed5i bao b\u00ec b\u1ed9t l\u00e0m kem t\u01b0\u01a1i\" width=\"1280\" height=\"720\" srcset=\"https:\/\/thucpham.com\/vinacom\/wp-content\/uploads\/2023\/12\/thucpham-thay-doi-bao-bi-bot-lam-kem-tuoi.png 1280w, https:\/\/thucpham.com\/vinacom\/wp-content\/uploads\/2023\/12\/thucpham-thay-doi-bao-bi-bot-lam-kem-tuoi-300x169.png 300w, https:\/\/thucpham.com\/vinacom\/wp-content\/uploads\/2023\/12\/thucpham-thay-doi-bao-bi-bot-lam-kem-tuoi-1024x576.png 1024w, https:\/\/thucpham.com\/vinacom\/wp-content\/uploads\/2023\/12\/thucpham-thay-doi-bao-bi-bot-lam-kem-tuoi-768x432.png 768w, https:\/\/thucpham.com\/vinacom\/wp-content\/uploads\/2023\/12\/thucpham-thay-doi-bao-bi-bot-lam-kem-tuoi-24x14.png 24w, https:\/\/thucpham.com\/vinacom\/wp-content\/uploads\/2023\/12\/thucpham-thay-doi-bao-bi-bot-lam-kem-tuoi-36x20.png 36w, https:\/\/thucpham.com\/vinacom\/wp-content\/uploads\/2023\/12\/thucpham-thay-doi-bao-bi-bot-lam-kem-tuoi-48x27.png 48w, https:\/\/thucpham.com\/vinacom\/wp-content\/uploads\/2023\/12\/thucpham-thay-doi-bao-bi-bot-lam-kem-tuoi-510x287.png 510w\" sizes=\"(max-width: 1280px) 100vw, 1280px\" title=\"\"><\/a><\/p>\n","protected":false},"excerpt":{"rendered":"<ul>\n<li>Ch\u1ea5t l\u01b0\u1ee3ng \u0111\u1ea3m b\u1ea3o, gi\u00e1 th\u00e0nh h\u1ea5p d\u1eabn, giao h\u00e0ng to\u00e0n qu\u1ed1c<\/li>\n<li>Kem th\u00e0nh ph\u1ea9m s\u00e1nh m\u1ecbn, t\u01b0\u01a1i ngon, l\u00e2u tan<\/li>\n<li>M\u1eabu m\u00e3, bao b\u00ec \u0111\u1eb9p m\u1eaft, sang tr\u1ecdng<\/li>\n<li>Mang l\u1ea1i l\u1ee3i nhu\u1eadn cao khi kinh doanh<\/li>\n<li>\u00c1p d\u1ee5ng H\u1ec7 th\u1ed1ng qu\u1ea3n l\u00fd an to\u00e0n th\u1ef1c ph\u1ea9m ti\u00eau chu\u1ea9n Qu\u1ed1c t\u1ebf ISO 22000:2018<\/li>\n<\/ul>\n","protected":false},"featured_media":92853,"comment_status":"open","ping_status":"closed","template":"","meta":[],"product_cat":[254],"product_tag":[],"_links":{"self":[{"href":"https:\/\/thucpham.com\/vinacom\/wp-json\/wp\/v2\/product\/43982"}],"collection":[{"href":"https:\/\/thucpham.com\/vinacom\/wp-json\/wp\/v2\/product"}],"about":[{"href":"https:\/\/thucpham.com\/vinacom\/wp-json\/wp\/v2\/types\/product"}],"replies":[{"embeddable":true,"href":"https:\/\/thucpham.com\/vinacom\/wp-json\/wp\/v2\/comments?post=43982"}],"wp:featuredmedia":[{"embeddable":true,"href":"https:\/\/thucpham.com\/vinacom\/wp-json\/wp\/v2\/media\/92853"}],"wp:attachment":[{"href":"https:\/\/thucpham.com\/vinacom\/wp-json\/wp\/v2\/media?parent=43982"}],"wp:term":[{"taxonomy":"product_cat","embeddable":true,"href":"https:\/\/thucpham.com\/vinacom\/wp-json\/wp\/v2\/product_cat?post=43982"},{"taxonomy":"product_tag","embeddable":true,"href":"https:\/\/thucpham.com\/vinacom\/wp-json\/wp\/v2\/product_tag?post=43982"}],"curies":[{"name":"wp","href":"https:\/\/api.w.org\/{rel}","templated":true}]}}