{"id":41744,"date":"2022-02-14T10:33:27","date_gmt":"2022-02-14T03:33:27","guid":{"rendered":"https:\/\/thucpham.com\/?post_type=product&#038;p=41744"},"modified":"2025-03-20T14:53:05","modified_gmt":"2025-03-20T07:53:05","slug":"bot-tra-sua-hoa-tan-thucpham-com-vi-chocolate","status":"publish","type":"product","link":"https:\/\/thucpham.com\/vinacom\/bot-tra-sua-hoa-tan-thucpham-com-vi-chocolate\/","title":{"rendered":"B\u1ed9t Tr\u00e0 S\u1eefa H\u00f2a Tan V\u1ecb Chocolate ThucPham.com"},"content":{"rendered":"<p data-sourcepos=\"5:1-5:363\">Tr\u00e0 s\u1eefa chocolate &#8211; m\u1ed9t h\u01b0\u01a1ng v\u1ecb kinh \u0111i\u1ec3n, m\u1ed9t s\u1ef1 k\u1ebft h\u1ee3p ho\u00e0n h\u1ea3o gi\u1eefa v\u1ecb \u0111\u1eafng nh\u1eb9 c\u1ee7a tr\u00e0, v\u1ecb ng\u1ecdt ng\u00e0o c\u1ee7a <a href=\"https:\/\/vi.wikipedia.org\/wiki\/S%C3%B4-c%C3%B4-la\" target=\"_blank\" rel=\"noopener nofollow\" data-schema-attribute=\"\">chocolate<\/a> v\u00e0 h\u01b0\u01a1ng th\u01a1m b\u00e9o ng\u1eady c\u1ee7a s\u1eefa. \u0110\u00f3 l\u00e0 th\u1ee9c u\u1ed1ng kh\u00f4ng ch\u1ec9 l\u00e0m say l\u00f2ng gi\u1edbi tr\u1ebb m\u00e0 c\u00f2n chinh ph\u1ee5c m\u1ecdi l\u1ee9a tu\u1ed5i. V\u00e0 gi\u1edd \u0111\u00e2y, v\u1edbi <a href=\"https:\/\/thucpham.com\/bot-tra-sua-hoa-tan-thucpham-com-vi-chocolate\/\" target=\"_blank\" rel=\"noopener\" data-schema-attribute=\"\"><strong>B\u1ed9t tr\u00e0 s\u1eefa h\u00f2a tan v\u1ecb Chocolate<\/strong><\/a> ThucPham.com, b\u1ea1n c\u00f3 th\u1ec3 d\u1ec5 d\u00e0ng t\u00e1i hi\u1ec7n h\u01b0\u01a1ng v\u1ecb &#8220;g\u00e2y nghi\u1ec7n&#8221; n\u00e0y ngay t\u1ea1i nh\u00e0.<\/p>\n<h2 data-sourcepos=\"7:1-7:43\"><strong>Ch\u1ea5t l\u01b0\u1ee3ng v\u01b0\u1ee3t tr\u1ed9i, an to\u00e0n tuy\u1ec7t \u0111\u1ed1i v\u1edbi b\u1ed9t tr\u00e0 s\u1eefa h\u00f2a tan v\u1ecb Chocolate<\/strong><\/h2>\n<p data-sourcepos=\"9:1-9:371\"><a href=\"https:\/\/thucpham.com\/\" target=\"_blank\" rel=\"noopener\" data-schema-attribute=\"\"><strong>ThucPham.com<\/strong><\/a> lu\u00f4n \u0111\u1eb7t ch\u1ea5t l\u01b0\u1ee3ng v\u00e0 an to\u00e0n s\u1ea3n ph\u1ea9m l\u00ean h\u00e0ng \u0111\u1ea7u. B\u1ed9t tr\u00e0 s\u1eefa h\u00f2a tan v\u1ecb Chocolate \u0111\u01b0\u1ee3c s\u1ea3n xu\u1ea5t tr\u00ean d\u00e2y chuy\u1ec1n c\u00f4ng ngh\u1ec7 hi\u1ec7n \u0111\u1ea1i, \u0111\u00e1p \u1ee9ng ti\u00eau chu\u1ea9n qu\u1ed1c t\u1ebf ISO 22000:2018. M\u1ed7i t\u00fai b\u1ed9t \u0111\u1ec1u l\u00e0 k\u1ebft qu\u1ea3 c\u1ee7a qu\u00e1 tr\u00ecnh nghi\u00ean c\u1ee9u v\u00e0 ki\u1ec3m \u0111\u1ecbnh nghi\u00eam ng\u1eb7t, \u0111\u1ea3m b\u1ea3o mang \u0111\u1ebfn cho b\u1ea1n nh\u1eefng ly tr\u00e0 s\u1eefa kh\u00f4ng ch\u1ec9 th\u01a1m ngon m\u00e0 c\u00f2n an to\u00e0n tuy\u1ec7t \u0111\u1ed1i cho s\u1ee9c kh\u1ecfe.<\/p>\n<p data-sourcepos=\"9:1-9:371\">Xem Th\u00eam: <strong><a class=\"woocommerce-LoopProduct-link woocommerce-loop-product__link\" href=\"https:\/\/thucpham.com\/bot-tra-sua-hoa-tan-thucpham-com-vi-hong-tra-truyen-thong-beo-ngay-it-tra\/\">B\u1ed9t Tr\u00e0 S\u1eefa H\u00f2a Tan ThucPham.com V\u1ecb H\u1ed3ng Tr\u00e0 Truy\u1ec1n Th\u1ed1ng B\u00e9o Ng\u1eady \u00cdt Tr\u00e0<\/a><\/strong><\/p>\n<h2 data-sourcepos=\"11:1-11:64\"><strong>Ti\u1ec7n l\u1ee3i v\u00e0 nhanh ch\u00f3ng &#8211; \u0110\u00e1p \u1ee9ng nhu c\u1ea7u cu\u1ed9c s\u1ed1ng hi\u1ec7n \u0111\u1ea1i<\/strong><\/h2>\n<p data-sourcepos=\"13:1-13:356\">Cu\u1ed9c s\u1ed1ng b\u1eadn r\u1ed9n khi\u1ebfn ch\u00fang ta kh\u00f4ng c\u00f3 nhi\u1ec1u th\u1eddi gian \u0111\u1ec3 pha ch\u1ebf nh\u1eefng ly tr\u00e0 s\u1eefa c\u1ea7u k\u1ef3. <a href=\"https:\/\/thucpham.com\/bot-tra-sua\/\" target=\"_blank\" rel=\"noopener\" data-schema-attribute=\"\"><strong>B\u1ed9t tr\u00e0 s\u1eefa<\/strong><\/a> h\u00f2a tan v\u1ecb Chocolate ThucPham.com ch\u00ednh l\u00e0 gi\u1ea3i ph\u00e1p ho\u00e0n h\u1ea3o, gi\u00fap b\u1ea1n ti\u1ebft ki\u1ec7m th\u1eddi gian m\u00e0 v\u1eabn c\u00f3 th\u1ec3 th\u01b0\u1edfng th\u1ee9c m\u00f3n \u0111\u1ed3 u\u1ed1ng y\u00eau th\u00edch m\u1ecdi l\u00fac m\u1ecdi n\u01a1i. Ch\u1ec9 c\u1ea7n v\u00e0i ph\u00fat pha ch\u1ebf \u0111\u01a1n gi\u1ea3n, b\u1ea1n \u0111\u00e3 c\u00f3 ngay m\u1ed9t ly tr\u00e0 s\u1eefa chocolate th\u01a1m ngon, \u0111\u1eadm \u0111\u00e0.<\/p>\n<figure id=\"attachment_92985\" aria-describedby=\"caption-attachment-92985\" style=\"width: 1004px\" class=\"wp-caption alignnone\"><a href=\"https:\/\/thucpham.com\/wp-content\/uploads\/2022\/02\/tra-sua-socola.webp\"><img class=\"wp-image-92985 size-full\" src=\"https:\/\/thucpham.com\/wp-content\/uploads\/2022\/02\/tra-sua-socola.webp\" alt=\"\" width=\"1004\" height=\"796\" srcset=\"https:\/\/thucpham.com\/vinacom\/wp-content\/uploads\/2022\/02\/tra-sua-socola.webp 1004w, https:\/\/thucpham.com\/vinacom\/wp-content\/uploads\/2022\/02\/tra-sua-socola-300x238.webp 300w, https:\/\/thucpham.com\/vinacom\/wp-content\/uploads\/2022\/02\/tra-sua-socola-768x609.webp 768w, https:\/\/thucpham.com\/vinacom\/wp-content\/uploads\/2022\/02\/tra-sua-socola-24x19.webp 24w, https:\/\/thucpham.com\/vinacom\/wp-content\/uploads\/2022\/02\/tra-sua-socola-36x29.webp 36w, https:\/\/thucpham.com\/vinacom\/wp-content\/uploads\/2022\/02\/tra-sua-socola-48x38.webp 48w, https:\/\/thucpham.com\/vinacom\/wp-content\/uploads\/2022\/02\/tra-sua-socola-510x404.webp 510w\" sizes=\"(max-width: 1004px) 100vw, 1004px\" title=\"\"><\/a><figcaption id=\"caption-attachment-92985\" class=\"wp-caption-text\">b\u1ed9t l\u00e0m tr\u00e0 s\u1eefa h\u00f2a tan v\u1ecb chocolate ThucPham.com th\u01a1m ngon b\u1ed5 d\u01b0\u1ee1ng<\/figcaption><\/figure>\n<h2 data-sourcepos=\"15:1-15:43\"><strong>H\u01b0\u01a1ng v\u1ecb &#8220;g\u00e2y nghi\u1ec7n&#8221;, kh\u00f3 l\u00f2ng ch\u1ed1i t\u1eeb<\/strong><\/h2>\n<p data-sourcepos=\"17:1-17:253\">B\u1ed9t tr\u00e0 s\u1eefa h\u00f2a tan v\u1ecb Chocolate ThucPham.com mang \u0111\u1ebfn h\u01b0\u01a1ng v\u1ecb tr\u00e0 s\u1eefa chocolate chu\u1ea9n v\u1ecb, \u0111\u1eadm \u0111\u00e0 v\u00e0 th\u01a1m ngon kh\u00f3 c\u01b0\u1ee1ng. V\u1ecb \u0111\u1eafng nh\u1eb9 c\u1ee7a tr\u00e0 h\u00f2a quy\u1ec7n c\u00f9ng v\u1ecb ng\u1ecdt ng\u00e0o c\u1ee7a chocolate, t\u1ea1o n\u00ean m\u1ed9t tr\u1ea3i nghi\u1ec7m v\u1ecb gi\u00e1c tuy\u1ec7t v\u1eddi, \u0111\u00e1nh th\u1ee9c m\u1ecdi gi\u00e1c quan.<\/p>\n<p data-sourcepos=\"17:1-17:253\">Xem Th\u00eam: <strong><a class=\"woocommerce-LoopProduct-link woocommerce-loop-product__link\" href=\"https:\/\/thucpham.com\/bot-tra-sua-hoa-tan-thucpham-com-hong-tra-beo-ngay-dam-vi-tra\/\">B\u1ed9t Tr\u00e0 S\u1eefa H\u00f2a Tan ThucPham.com H\u1ed3ng Tr\u00e0 B\u00e9o Ng\u1eady \u0110\u1eadm V\u1ecb Tr\u00e0<\/a><\/strong><\/p>\n<h2 data-sourcepos=\"19:1-19:35\"><strong>S\u1ef1 l\u1ef1a ch\u1ecdn kinh t\u1ebf cho m\u1ecdi nh\u00e0<\/strong><\/h2>\n<p data-sourcepos=\"21:1-21:230\">Kh\u00f4ng ch\u1ec9 th\u01a1m ngon v\u00e0 ti\u1ec7n l\u1ee3i, b\u1ed9t tr\u00e0 s\u1eefa h\u00f2a tan v\u1ecb Chocolate ThucPham.com c\u00f2n c\u00f3 gi\u00e1 th\u00e0nh h\u1ee3p l\u00fd, ph\u00f9 h\u1ee3p v\u1edbi t\u00fai ti\u1ec1n c\u1ee7a m\u1ecdi gia \u0111\u00ecnh. B\u1ea1n c\u00f3 th\u1ec3 th\u1ecfa s\u1ee9c th\u01b0\u1edfng th\u1ee9c m\u00f3n \u0111\u1ed3 u\u1ed1ng y\u00eau th\u00edch m\u00e0 kh\u00f4ng ph\u1ea3i lo l\u1eafng v\u1ec1 chi ph\u00ed.<\/p>\n<h3 data-sourcepos=\"23:1-23:22\">Th\u00f4ng tin s\u1ea3n ph\u1ea9m<\/h3>\n<ul data-sourcepos=\"25:1-29:0\">\n<li data-sourcepos=\"25:1-25:65\"><strong>T\u00ean s\u1ea3n ph\u1ea9m:<\/strong> B\u1ed9t tr\u00e0 s\u1eefa h\u00f2a tan v\u1ecb Chocolate ThucPham.com<\/li>\n<li data-sourcepos=\"26:1-26:23\"><strong>Xu\u1ea5t x\u1ee9:<\/strong> Vi\u1ec7t Nam<\/li>\n<li data-sourcepos=\"27:1-27:349\"><strong>Th\u00e0nh ph\u1ea7n:<\/strong> <span class=\"citation-0 citation-end-0\">\u0110\u01b0\u1eddng c\u00e1t; Non Dairy Creamer (siro Glucoza kh\u00f4, ch\u1ea5t b\u00e9o th\u1ef1c ph\u1ea9m \u0111\u00e3 Hydro ho\u00e1, ch\u1ea5t \u1ed5n \u0111\u1ecbnh (INS 340(ii), INS 451(i)), protein s\u1eefa, ch\u1ea5t nh\u0169 ho\u00e1 (INS 471, 481 (i)) v\u00e0 ch\u1ea5t ch\u1ed1ng \u0111\u00f4ng v\u00f3n (INS 551));<\/span> Maltodextrin; H\u01b0\u01a1ng s\u1eefa t\u1ef1 nhi\u00ean, M\u00e0u th\u1ef1c ph\u1ea9m t\u1ed5ng h\u1ee3p, chi\u1ebft xu\u1ea5t tr\u00e0 \u0111en, h\u01b0\u01a1ng li\u1ec7u t\u1ef1 nhi\u00ean d\u00f9ng cho th\u1ef1c ph\u1ea9m.<span class=\"button-container ng-star-inserted\"> &nbsp;<\/span>\n<div class=\"container hide\">\n<div class=\"carousel-container\">&nbsp;<\/div>\n<\/div>\n<\/li>\n<li data-sourcepos=\"28:1-29:0\"><strong>Kh\u1ed1i l\u01b0\u1ee3ng:<\/strong> 1kg\/t\u00fai<\/li>\n<\/ul>\n<h3 data-sourcepos=\"30:1-30:16\">C\u00e1ch s\u1eed d\u1ee5ng<\/h3>\n<ul data-sourcepos=\"32:1-34:0\">\n<li data-sourcepos=\"32:1-32:167\"><strong>Pha c\u1ed1c 350ml:<\/strong> H\u00f2a tan 40gr b\u1ed9t tr\u00e0 s\u1eefa v\u1edbi 150ml n\u01b0\u1edbc n\u00f3ng v\u00e0 15ml \u0111\u01b0\u1eddng n\u01b0\u1edbc (10g \u0111\u01b0\u1eddng c\u00e1t), khu\u1ea5y \u0111\u1ec1u cho \u0111\u1ebfn khi tan ho\u00e0n to\u00e0n. Th\u00eam 130g \u0111\u00e1 v\u00e0 th\u01b0\u1edfng th\u1ee9c.<\/li>\n<li data-sourcepos=\"33:1-34:0\"><strong>Pha c\u1ed1c 500ml:<\/strong> H\u00f2a tan 60gr b\u1ed9t tr\u00e0 s\u1eefa v\u1edbi 200ml n\u01b0\u1edbc n\u00f3ng v\u00e0 22ml \u0111\u01b0\u1eddng n\u01b0\u1edbc (15g \u0111\u01b0\u1eddng c\u00e1t), khu\u1ea5y \u0111\u1ec1u cho \u0111\u1ebfn khi tan ho\u00e0n to\u00e0n. Th\u00eam 200g \u0111\u00e1 v\u00e0 th\u01b0\u1edfng th\u1ee9c.<\/li>\n<\/ul>\n<h3 data-sourcepos=\"35:1-35:17\">C\u00e1ch b\u1ea3o qu\u1ea3n<\/h3>\n<ul data-sourcepos=\"37:1-39:0\">\n<li data-sourcepos=\"37:1-37:66\">\u0110\u1ec3 s\u1ea3n ph\u1ea9m \u1edf n\u01a1i kh\u00f4 r\u00e1o, tho\u00e1ng m\u00e1t, tr\u00e1nh \u00e1nh n\u1eafng tr\u1ef1c ti\u1ebfp.<\/li>\n<li data-sourcepos=\"38:1-39:0\">\u0110\u00f3ng k\u00edn bao b\u00ec sau khi s\u1eed d\u1ee5ng.<\/li>\n<\/ul>\n<p>Xem Th\u00eam: <strong><a class=\"woocommerce-LoopProduct-link woocommerce-loop-product__link\" href=\"https:\/\/thucpham.com\/bot-tra-sua-hoa-tan-hong-tra-dam-tra-beo-thanh\/\">B\u1ed9t Tr\u00e0 S\u1eefa H\u00f2a Tan ThucPham.com V\u1ecb H\u1ed3ng Tr\u00e0 Truy\u1ec1n Th\u1ed1ng \u0110\u1eadm Tr\u00e0 B\u00e9o Thanh<\/a><\/strong><\/p>\n<h3 data-sourcepos=\"40:1-40:42\">Th\u1ecfa s\u1ee9c s\u00e1ng t\u1ea1o v\u1edbi \u0111a d\u1ea1ng h\u01b0\u01a1ng v\u1ecb<\/h3>\n<p data-sourcepos=\"42:1-42:203\">Ngo\u00e0i v\u1ecb Chocolate &#8220;g\u00e2y nghi\u1ec7n&#8221;, ThucPham.com c\u00f2n mang \u0111\u1ebfn cho b\u1ea1n nhi\u1ec1u s\u1ef1 l\u1ef1a ch\u1ecdn h\u1ea5p d\u1eabn kh\u00e1c nh\u01b0 vi\u1ec7t qu\u1ea5t, d\u00e2u t\u00e2y, khoai m\u00f4n,&#8230; \u0111\u1ec3 b\u1ea1n th\u1ecfa s\u1ee9c s\u00e1ng t\u1ea1o v\u00e0 kh\u00e1m ph\u00e1 nh\u1eefng h\u01b0\u01a1ng v\u1ecb tr\u00e0 s\u1eefa m\u1edbi l\u1ea1.<\/p>\n<h3 data-sourcepos=\"44:1-44:42\">ThucPham.com &#8211; \u0110\u1ed1i t\u00e1c tin c\u1eady c\u1ee7a b\u1ea1n<\/h3>\n<p data-sourcepos=\"46:1-46:263\">V\u1edbi cam k\u1ebft v\u1ec1 ch\u1ea5t l\u01b0\u1ee3ng, an to\u00e0n v\u00e0 h\u01b0\u01a1ng v\u1ecb tuy\u1ec7t h\u1ea3o, B\u1ed9t tr\u00e0 s\u1eefa h\u00f2a tan v\u1ecb chocolate ThucPham.com l\u00e0 s\u1ef1 l\u1ef1a ch\u1ecdn ho\u00e0n h\u1ea3o cho m\u1ecdi gia \u0111\u00ecnh v\u00e0 c\u00e1c ch\u1ee7 kinh doanh \u0111\u1ed3 u\u1ed1ng. H\u00e3y \u0111\u1ec3 ThucPham.com \u0111\u1ed3ng h\u00e0nh c\u00f9ng b\u1ea1n t\u1ea1o n\u00ean nh\u1eefng ly tr\u00e0 s\u1eefa th\u01a1m ngon, h\u1ea5p d\u1eabn v\u00e0 \u0111\u1ea7y s\u1ee9c s\u1ed1ng!<\/p>\n","protected":false},"excerpt":{"rendered":"<ul>\n<li style=\"font-weight: 400;\" aria-level=\"1\"><span style=\"font-weight: 400;\">Tr\u00e0 s\u1eefa v\u1ecb Chocolate th\u01a1m ngon v\u1ecb tr\u00e0, ng\u1eady v\u1ecb chocolate<\/span><\/li>\n<li style=\"font-weight: 400;\" aria-level=\"1\"><span style=\"font-weight: 400;\">S\u1ea3n xu\u1ea5t tr\u00ean d\u00e2y chuy\u1ec1n hi\u1ec7n \u0111\u1ea1i, ti\u00ean ti\u1ebfn<\/span><\/li>\n<li style=\"font-weight: 400;\" aria-level=\"1\"><span style=\"font-weight: 400;\">\u00c1p d\u1ee5ng H\u1ec7 th\u1ed1ng qu\u1ea3n l\u00fd An to\u00e0n th\u1ef1c ph\u1ea9m ti\u00eau chu\u1ea9n Qu\u1ed1c t\u1ebf ISO 22000:2018<\/span><\/li>\n<li style=\"font-weight: 400;\" aria-level=\"1\"><span style=\"font-weight: 400;\">Thi\u1ebft k\u1ebf t\u00fai zip b\u1ea1c ti\u1ec7n l\u1ee3i, b\u1eaft m\u1eaft<\/span><\/li>\n<li style=\"font-weight: 400;\" aria-level=\"1\"><span style=\"font-weight: 400;\">Ch\u00ednh s\u00e1ch chi\u1ebft kh\u1ea5u h\u1ea5p d\u1eabn<\/span><\/li>\n<\/ul>\n","protected":false},"featured_media":92988,"comment_status":"open","ping_status":"closed","template":"","meta":[],"product_cat":[254],"product_tag":[],"_links":{"self":[{"href":"https:\/\/thucpham.com\/vinacom\/wp-json\/wp\/v2\/product\/41744"}],"collection":[{"href":"https:\/\/thucpham.com\/vinacom\/wp-json\/wp\/v2\/product"}],"about":[{"href":"https:\/\/thucpham.com\/vinacom\/wp-json\/wp\/v2\/types\/product"}],"replies":[{"embeddable":true,"href":"https:\/\/thucpham.com\/vinacom\/wp-json\/wp\/v2\/comments?post=41744"}],"wp:featuredmedia":[{"embeddable":true,"href":"https:\/\/thucpham.com\/vinacom\/wp-json\/wp\/v2\/media\/92988"}],"wp:attachment":[{"href":"https:\/\/thucpham.com\/vinacom\/wp-json\/wp\/v2\/media?parent=41744"}],"wp:term":[{"taxonomy":"product_cat","embeddable":true,"href":"https:\/\/thucpham.com\/vinacom\/wp-json\/wp\/v2\/product_cat?post=41744"},{"taxonomy":"product_tag","embeddable":true,"href":"https:\/\/thucpham.com\/vinacom\/wp-json\/wp\/v2\/product_tag?post=41744"}],"curies":[{"name":"wp","href":"https:\/\/api.w.org\/{rel}","templated":true}]}}