{"id":41740,"date":"2022-02-14T10:26:08","date_gmt":"2022-02-14T03:26:08","guid":{"rendered":"https:\/\/thucpham.com\/?post_type=product&#038;p=41740"},"modified":"2025-03-20T14:53:35","modified_gmt":"2025-03-20T07:53:35","slug":"bot-tra-sua-hoa-tan-thucpham-com-vi-dau-tay","status":"publish","type":"product","link":"https:\/\/thucpham.com\/vinacom\/bot-tra-sua-hoa-tan-thucpham-com-vi-dau-tay\/","title":{"rendered":"B\u1ed9t Tr\u00e0 S\u1eefa H\u00f2a Tan V\u1ecb D\u00e2u T\u00e2y ThucPham.com"},"content":{"rendered":"<p data-sourcepos=\"5:1-5:547\">Tr\u00e0 s\u1eefa d\u00e2u t\u00e2y, m\u1ed9t th\u1ee9c u\u1ed1ng kh\u00f4ng ch\u1ec9 ngon mi\u1ec7ng m\u00e0 c\u00f2n mang \u0111\u1ebfn c\u1ea3m gi\u00e1c t\u01b0\u01a1i m\u00e1t, s\u1ea3ng kho\u00e1i, lu\u00f4n l\u00e0 l\u1ef1a ch\u1ecdn h\u00e0ng \u0111\u1ea7u c\u1ee7a gi\u1edbi tr\u1ebb trong nh\u1eefng ng\u00e0y h\u00e8 oi b\u1ee9c. S\u1ef1 k\u1ebft h\u1ee3p h\u00e0i h\u00f2a gi\u1eefa v\u1ecb ch\u00e1t nh\u1eb9 c\u1ee7a tr\u00e0, v\u1ecb ng\u1ecdt d\u1ecbu c\u1ee7a s\u1eefa v\u00e0 h\u01b0\u01a1ng th\u01a1m quy\u1ebfn r\u0169 c\u1ee7a d\u00e2u t\u00e2y t\u1ea1o n\u00ean m\u1ed9t tr\u1ea3i nghi\u1ec7m v\u1ecb gi\u00e1c kh\u00f3 qu\u00ean, g\u1ee3i nh\u1edb v\u1ec1 nh\u1eefng k\u00fd \u1ee9c tu\u1ed5i th\u01a1 \u0111\u1ea7y m\u00e0u s\u1eafc. <a href=\"https:\/\/thucpham.com\/bot-tra-sua-hoa-tan-thucpham-com-vi-dau-tay\/\" target=\"_blank\" rel=\"noopener\" data-schema-attribute=\"\"><strong>B\u1ed9t tr\u00e0 s\u1eefa h\u00f2a tan v\u1ecb D\u00e2u T\u00e2y<\/strong><\/a> ThucPham.com mang \u0111\u1ebfn cho b\u1ea1n c\u01a1 h\u1ed9i th\u01b0\u1edfng th\u1ee9c m\u00f3n \u0111\u1ed3 u\u1ed1ng n\u00e0y m\u1ed9t c\u00e1ch d\u1ec5 d\u00e0ng v\u00e0 ti\u1ec7n l\u1ee3i, b\u1ea5t c\u1ee9 l\u00fac n\u00e0o b\u1ea1n mu\u1ed1n, \u0111\u1ec3 s\u1ed1ng l\u1ea1i nh\u1eefng kho\u1ea3nh kh\u1eafc ng\u1ecdt ng\u00e0o \u0111\u00f3.<\/p>\n<h2 data-sourcepos=\"7:1-7:55\"><strong>ThucPham.com: Uy t\u00edn v\u00e0 ch\u1ea5t l\u01b0\u1ee3ng \u0111\u1eb7t l\u00ean h\u00e0ng \u0111\u1ea7u<\/strong><\/h2>\n<p data-sourcepos=\"9:1-9:388\">Ch\u00fang t\u00f4i hi\u1ec3u r\u1eb1ng s\u1ee9c kh\u1ecfe c\u1ee7a b\u1ea1n l\u00e0 v\u00f4 gi\u00e1. Ch\u00ednh v\u00ec v\u1eady, b\u1ed9t tr\u00e0 s\u1eefa h\u00f2a tan v\u1ecb D\u00e2u T\u00e2y <a href=\"https:\/\/thucpham.com\/\" target=\"_blank\" rel=\"noopener\" data-schema-attribute=\"\"><strong>ThucPham.com<\/strong><\/a> \u0111\u01b0\u1ee3c s\u1ea3n xu\u1ea5t tr\u00ean d\u00e2y chuy\u1ec1n c\u00f4ng ngh\u1ec7 hi\u1ec7n \u0111\u1ea1i, \u0111\u00e1p \u1ee9ng ti\u00eau chu\u1ea9n qu\u1ed1c t\u1ebf ISO 22000:2018. T\u1eeb kh\u00e2u l\u1ef1a ch\u1ecdn nguy\u00ean li\u1ec7u \u0111\u1ebfn quy tr\u00ecnh s\u1ea3n xu\u1ea5t v\u00e0 \u0111\u00f3ng g\u00f3i, m\u1ecdi giai \u0111o\u1ea1n \u0111\u1ec1u \u0111\u01b0\u1ee3c ki\u1ec3m so\u00e1t ch\u1eb7t ch\u1ebd, \u0111\u1ea3m b\u1ea3o mang \u0111\u1ebfn cho b\u1ea1n s\u1ea3n ph\u1ea9m ch\u1ea5t l\u01b0\u1ee3ng cao, an to\u00e0n tuy\u1ec7t \u0111\u1ed1i cho s\u1ee9c kh\u1ecfe.<\/p>\n<h2 data-sourcepos=\"11:1-11:54\"><strong>H\u01b0\u01a1ng v\u1ecb d\u00e2u t\u00e2y t\u1ef1 nhi\u00ean, \u0111\u00e1nh th\u1ee9c m\u1ecdi gi\u00e1c quan<\/strong><\/h2>\n<p data-sourcepos=\"13:1-13:278\">B\u1ed9t tr\u00e0 s\u1eefa h\u00f2a tan v\u1ecb D\u00e2u T\u00e2y ThucPham.com s\u1eed d\u1ee5ng h\u01b0\u01a1ng li\u1ec7u d\u00e2u t\u00e2y t\u1ef1 nhi\u00ean, mang \u0111\u1ebfn h\u01b0\u01a1ng v\u1ecb th\u01a1m ngon, ng\u1ecdt ng\u00e0o v\u00e0 t\u01b0\u01a1i m\u00e1t, \u0111\u00e1nh th\u1ee9c m\u1ecdi gi\u00e1c quan. M\u1ed7i ng\u1ee5m tr\u00e0 s\u1eefa l\u00e0 m\u1ed9t tr\u1ea3i nghi\u1ec7m tuy\u1ec7t v\u1eddi, nh\u01b0 m\u1ed9t n\u1ee5 h\u00f4n ng\u1ecdt ng\u00e0o c\u1ee7a <a href=\"https:\/\/vi.wikipedia.org\/wiki\/M%C3%B9a_h%C3%A8\" target=\"_blank\" rel=\"noopener nofollow\" data-schema-attribute=\"\">m\u00f9a h\u00e8<\/a>, mang \u0111\u1ebfn c\u1ea3m gi\u00e1c th\u01b0 th\u00e1i, d\u1ec5 ch\u1ecbu.<\/p>\n<p data-sourcepos=\"13:1-13:278\">Xem Th\u00eam: <strong><a class=\"woocommerce-LoopProduct-link woocommerce-loop-product__link\" href=\"https:\/\/thucpham.com\/bot-tra-sua-hoa-tan-thucpham-com-vi-chocolate\/\">B\u1ed9t Tr\u00e0 S\u1eefa H\u00f2a Tan V\u1ecb Chocolate ThucPham.com<\/a><\/strong><\/p>\n<h3 data-sourcepos=\"15:1-15:66\"><strong>Ti\u1ec7n l\u1ee3i v\u00e0 nhanh ch\u00f3ng &#8211; Tr\u00e0 s\u1eefa th\u01a1m ngon ch\u1ec9 trong t\u00edch t\u1eafc<\/strong><\/h3>\n<p data-sourcepos=\"17:1-17:364\">Cu\u1ed9c s\u1ed1ng hi\u1ec7n \u0111\u1ea1i v\u1edbi gu\u1ed3ng quay c\u00f4ng vi\u1ec7c b\u1eadn r\u1ed9n khi\u1ebfn b\u1ea1n kh\u00f4ng c\u00f3 nhi\u1ec1u th\u1eddi gian \u0111\u1ec3 pha ch\u1ebf nh\u1eefng ly tr\u00e0 s\u1eefa c\u1ea7u k\u1ef3. <strong><a href=\"https:\/\/thucpham.com\/bot-tra-sua\/\" target=\"_blank\" rel=\"noopener\" data-schema-attribute=\"\">B\u1ed9t tr\u00e0 s\u1eefa<\/a><\/strong> h\u00f2a tan v\u1ecb D\u00e2u T\u00e2y ThucPham.com ch\u00ednh l\u00e0 gi\u1ea3i ph\u00e1p ho\u00e0n h\u1ea3o d\u00e0nh cho b\u1ea1n. Ch\u1ec9 c\u1ea7n v\u00e0i ph\u00fat pha ch\u1ebf \u0111\u01a1n gi\u1ea3n, b\u1ea1n \u0111\u00e3 c\u00f3 ngay m\u1ed9t ly tr\u00e0 s\u1eefa d\u00e2u t\u00e2y th\u01a1m ngon, m\u00e1t l\u1ea1nh, s\u1eb5n s\u00e0ng \u0111\u1ec3 th\u01b0\u1edfng th\u1ee9c v\u00e0 chia s\u1ebb c\u00f9ng nh\u1eefng ng\u01b0\u1eddi th\u00e2n y\u00eau.<\/p>\n<figure id=\"attachment_92971\" aria-describedby=\"caption-attachment-92971\" style=\"width: 900px\" class=\"wp-caption aligncenter\"><a href=\"https:\/\/thucpham.com\/wp-content\/uploads\/2022\/02\/cach-lam-tra-sua-dau-2.jpg\"><img class=\"wp-image-92971 size-full\" src=\"https:\/\/thucpham.com\/wp-content\/uploads\/2022\/02\/cach-lam-tra-sua-dau-2.jpg\" alt=\"\" width=\"900\" height=\"563\" srcset=\"https:\/\/thucpham.com\/vinacom\/wp-content\/uploads\/2022\/02\/cach-lam-tra-sua-dau-2.jpg 900w, https:\/\/thucpham.com\/vinacom\/wp-content\/uploads\/2022\/02\/cach-lam-tra-sua-dau-2-300x188.jpg 300w, https:\/\/thucpham.com\/vinacom\/wp-content\/uploads\/2022\/02\/cach-lam-tra-sua-dau-2-768x480.jpg 768w, https:\/\/thucpham.com\/vinacom\/wp-content\/uploads\/2022\/02\/cach-lam-tra-sua-dau-2-24x15.jpg 24w, https:\/\/thucpham.com\/vinacom\/wp-content\/uploads\/2022\/02\/cach-lam-tra-sua-dau-2-36x23.jpg 36w, https:\/\/thucpham.com\/vinacom\/wp-content\/uploads\/2022\/02\/cach-lam-tra-sua-dau-2-48x30.jpg 48w, https:\/\/thucpham.com\/vinacom\/wp-content\/uploads\/2022\/02\/cach-lam-tra-sua-dau-2-510x319.jpg 510w\" sizes=\"(max-width: 900px) 100vw, 900px\" title=\"\"><\/a><figcaption id=\"caption-attachment-92971\" class=\"wp-caption-text\">B\u1ed9t tr\u00e0 s\u1eefa h\u00f2a tan v\u1ecb d\u00e2u t\u00e2y ThucPham.com m\u00e1t l\u1ea1nh cho m\u00f9a h\u00e8 n\u00f3ng b\u1ee9c<\/figcaption><\/figure>\n<h3 data-sourcepos=\"19:1-19:41\"><strong>L\u1ef1a ch\u1ecdn l\u00fd t\u01b0\u1edfng cho m\u1ecdi kho\u1ea3nh kh\u1eafc<\/strong><\/h3>\n<p data-sourcepos=\"21:1-21:285\">D\u00f9 l\u00e0 bu\u1ed5i s\u00e1ng n\u0103ng \u0111\u1ed9ng, bu\u1ed5i chi\u1ec1u th\u01b0 gi\u00e3n hay bu\u1ed5i t\u1ed1i \u1ea5m \u00e1p b\u00ean gia \u0111\u00ecnh, b\u1ed9t tr\u00e0 s\u1eefa h\u00f2a tan v\u1ecb D\u00e2u T\u00e2y ThucPham.com \u0111\u1ec1u l\u00e0 l\u1ef1a ch\u1ecdn l\u00fd t\u01b0\u1edfng. V\u1edbi th\u00e0nh ph\u1ea7n t\u1ef1 nhi\u00ean, kh\u00f4ng ch\u1ee9a ch\u1ea5t b\u1ea3o qu\u1ea3n hay h\u01b0\u01a1ng li\u1ec7u nh\u00e2n t\u1ea1o, s\u1ea3n ph\u1ea9m ph\u00f9 h\u1ee3p v\u1edbi m\u1ecdi \u0111\u1ed1i t\u01b0\u1ee3ng, t\u1eeb tr\u1ebb em \u0111\u1ebfn ng\u01b0\u1eddi l\u1edbn.<\/p>\n<p data-sourcepos=\"21:1-21:285\">Xem Th\u00eam: <strong><a class=\"woocommerce-LoopProduct-link woocommerce-loop-product__link\" href=\"https:\/\/thucpham.com\/bot-tra-sua-hoa-tan-thucpham-com-vi-khoai-mon\/\">B\u1ed9t Tr\u00e0 S\u1eefa H\u00f2a Tan V\u1ecb Khoai M\u00f4n ThucPham.com<\/a><\/strong><\/p>\n<h3 data-sourcepos=\"23:1-23:52\"><strong>Gi\u1ea3i ph\u00e1p kinh doanh th\u00f4ng minh cho c\u00e1c ch\u1ee7 qu\u00e1n<\/strong><\/h3>\n<p data-sourcepos=\"25:1-25:431\">Kh\u00f4ng ch\u1ec9 l\u00e0 m\u1ed9t s\u1ea3n ph\u1ea9m tuy\u1ec7t v\u1eddi cho gia \u0111\u00ecnh, B\u1ed9t tr\u00e0 s\u1eefa h\u00f2a tan v\u1ecb D\u00e2u T\u00e2y ThucPham.com c\u00f2n l\u00e0 gi\u1ea3i ph\u00e1p kinh doanh th\u00f4ng minh cho c\u00e1c ch\u1ee7 qu\u00e1n tr\u00e0 s\u1eefa, qu\u00e1n c\u00e0 ph\u00ea hay c\u1eeda h\u00e0ng \u0111\u1ed3 u\u1ed1ng. V\u1edbi quy tr\u00ecnh pha ch\u1ebf \u0111\u01a1n gi\u1ea3n, nhanh ch\u00f3ng, s\u1ea3n ph\u1ea9m gi\u00fap ti\u1ebft ki\u1ec7m chi ph\u00ed nh\u00e2n c\u00f4ng, nguy\u00ean li\u1ec7u v\u00e0 th\u1eddi gian, \u0111\u1ed3ng th\u1eddi mang \u0111\u1ebfn cho kh\u00e1ch h\u00e0ng nh\u1eefng ly tr\u00e0 s\u1eefa th\u01a1m ngon, ch\u1ea5t l\u01b0\u1ee3ng, g\u00f3p ph\u1ea7n t\u0103ng doanh thu v\u00e0 l\u1ee3i nhu\u1eadn cho c\u1eeda h\u00e0ng.<\/p>\n<h2 data-sourcepos=\"27:1-27:33\">Th\u00f4ng tin chi ti\u1ebft v\u1ec1 s\u1ea3n ph\u1ea9m b\u1ed9t tr\u00e0 s\u1eefa h\u00f2a tan v\u1ecb d\u00e2u t\u00e2y<\/h2>\n<ul data-sourcepos=\"29:1-33:0\">\n<li data-sourcepos=\"29:1-29:63\"><strong>T\u00ean s\u1ea3n ph\u1ea9m:<\/strong> B\u1ed9t tr\u00e0 s\u1eefa h\u00f2a tan v\u1ecb D\u00e2u T\u00e2y ThucPham.com<\/li>\n<li data-sourcepos=\"30:1-30:23\"><strong>Xu\u1ea5t x\u1ee9:<\/strong> Vi\u1ec7t Nam<\/li>\n<li data-sourcepos=\"31:1-31:362\"><strong>Th\u00e0nh ph\u1ea7n:<\/strong> <span class=\"citation-0\">Non Dairy Creamer (siro Glucoza kh\u00f4, ch\u1ea5t b\u00e9o th\u1ef1c ph\u1ea9m \u0111\u00e3 Hydro ho\u00e1, ch<\/span><span class=\"citation-0 citation-1 citation-end-0\">\u1ea5t \u1ed5n \u0111\u1ecbnh (INS 340(ii), INS 451(i)), protein s\u1eefa, ch\u1ea5t nh\u0169 ho\u00e1 (INS 471, 481 (i)) v\u00e0 ch\u1ea5t ch\u1ed1ng \u0111\u00f4ng v\u00f3n (INS 551));<\/span><span class=\"citation-1 citation-end-1\"> \u0110\u01b0\u1eddng c\u00e1t; Maltodextrin;<\/span> H\u01b0\u01a1ng s\u1eefa t\u1ef1 nhi\u00ean, M\u00e0u th\u1ef1c ph\u1ea9m t\u1ed5ng h\u1ee3p, chi\u1ebft xu\u1ea5t tr\u00e0 \u0111en, h\u01b0\u01a1ng li\u1ec7u t\u1ef1 nhi\u00ean d\u00f9ng cho th\u1ef1c ph\u1ea9m.\n<div class=\"container hide\">\n<div class=\"carousel-container\">&nbsp;<\/div>\n<\/div>\n<\/li>\n<li data-sourcepos=\"32:1-33:0\"><strong>Kh\u1ed1i l\u01b0\u1ee3ng:<\/strong> 1kg\/t\u00fai<\/li>\n<\/ul>\n<h2 data-sourcepos=\"34:1-34:15\">C\u00e1ch s\u1eed d\u1ee5ng<\/h2>\n<ul data-sourcepos=\"36:1-38:0\">\n<li data-sourcepos=\"36:1-36:167\"><strong>Pha c\u1ed1c 350ml:<\/strong> H\u00f2a tan 40gr b\u1ed9t tr\u00e0 s\u1eefa v\u1edbi 150ml n\u01b0\u1edbc n\u00f3ng v\u00e0 15ml \u0111\u01b0\u1eddng n\u01b0\u1edbc (10g \u0111\u01b0\u1eddng c\u00e1t), khu\u1ea5y \u0111\u1ec1u cho \u0111\u1ebfn khi tan ho\u00e0n to\u00e0n. Th\u00eam 130g \u0111\u00e1 v\u00e0 th\u01b0\u1edfng th\u1ee9c.<\/li>\n<li data-sourcepos=\"37:1-38:0\"><strong>Pha c\u1ed1c 500ml:<\/strong> H\u00f2a tan 60gr b\u1ed9t tr\u00e0 s\u1eefa v\u1edbi 200ml n\u01b0\u1edbc n\u00f3ng v\u00e0 22ml \u0111\u01b0\u1eddng n\u01b0\u1edbc (15g \u0111\u01b0\u1eddng c\u00e1t), khu\u1ea5y \u0111\u1ec1u cho \u0111\u1ebfn khi tan ho\u00e0n to\u00e0n. Th\u00eam 200g \u0111\u00e1 v\u00e0 th\u01b0\u1edfng th\u1ee9c.<\/li>\n<\/ul>\n<h2 data-sourcepos=\"39:1-39:16\">C\u00e1ch b\u1ea3o qu\u1ea3n<\/h2>\n<ul data-sourcepos=\"41:1-43:0\">\n<li data-sourcepos=\"41:1-41:66\">\u0110\u1ec3 s\u1ea3n ph\u1ea9m \u1edf n\u01a1i kh\u00f4 r\u00e1o, tho\u00e1ng m\u00e1t, tr\u00e1nh \u00e1nh n\u1eafng tr\u1ef1c ti\u1ebfp.<\/li>\n<li data-sourcepos=\"42:1-43:0\">\u0110\u00f3ng k\u00edn bao b\u00ec sau khi s\u1eed d\u1ee5ng.<\/li>\n<\/ul>\n<p>Xem Th\u00eam: <strong><a class=\"woocommerce-LoopProduct-link woocommerce-loop-product__link\" href=\"https:\/\/thucpham.com\/bot-tra-sua-hoa-tan-thucpham-com-vi-matcha\/\">B\u1ed9t Tr\u00e0 S\u1eefa H\u00f2a Tan V\u1ecb Matcha ThucPham.com<\/a><\/strong><\/p>\n<h2 data-sourcepos=\"44:1-44:42\">\u0110a d\u1ea1ng h\u01b0\u01a1ng v\u1ecb, th\u1ecfa m\u00e3n m\u1ecdi s\u1edf th\u00edch<\/h2>\n<p data-sourcepos=\"46:1-46:200\">Ngo\u00e0i v\u1ecb D\u00e2u T\u00e2y th\u01a1m ngon, ThucPham.com c\u00f2n mang \u0111\u1ebfn cho b\u1ea1n nhi\u1ec1u s\u1ef1 l\u1ef1a ch\u1ecdn h\u1ea5p d\u1eabn kh\u00e1c nh\u01b0 chocolate, khoai m\u00f4n, vi\u1ec7t qu\u1ea5t,&#8230; \u0111\u1ec3 b\u1ea1n th\u1ecfa s\u1ee9c s\u00e1ng t\u1ea1o v\u00e0 kh\u00e1m ph\u00e1 nh\u1eefng h\u01b0\u01a1ng v\u1ecb tr\u00e0 s\u1eefa m\u1edbi l\u1ea1.<\/p>\n<h2 data-sourcepos=\"48:1-48:52\">ThucPham.com &#8211; \u0110\u00e1nh th\u1ee9c \u0111am m\u00ea tr\u00e0 s\u1eefa trong b\u1ea1n<\/h2>\n<p data-sourcepos=\"50:1-50:218\">B\u1ed9t tr\u00e0 s\u1eefa h\u00f2a tan v\u1ecb D\u00e2u T\u00e2y ThucPham.com kh\u00f4ng ch\u1ec9 l\u00e0 m\u1ed9t s\u1ea3n ph\u1ea9m, m\u00e0 c\u00f2n l\u00e0 m\u1ed9t tr\u1ea3i nghi\u1ec7m, m\u1ed9t c\u1ea3m x\u00fac. H\u00e3y \u0111\u1ec3 ch\u00fang t\u00f4i \u0111\u1ed3ng h\u00e0nh c\u00f9ng b\u1ea1n tr\u00ean h\u00e0nh tr\u00ecnh kh\u00e1m ph\u00e1 th\u1ebf gi\u1edbi tr\u00e0 s\u1eefa \u0111\u1ea7y m\u00e0u s\u1eafc v\u00e0 h\u01b0\u01a1ng v\u1ecb!<\/p>\n","protected":false},"excerpt":{"rendered":"<ul>\n<li style=\"font-weight: 400;\" aria-level=\"1\"><span style=\"font-weight: 400;\">S\u1ea3n ph\u1ea9m ti\u1ec7n l\u1ee3i d\u1ec5 s\u1eed d\u1ee5ng, thi\u1ebft k\u1ebf m\u1eabu m\u00e3 \u0111\u1eb9p m\u1eaft, t\u00fai zip b\u1ea1c ch\u1eafc ch\u1eafn<\/span><\/li>\n<li style=\"font-weight: 400;\" aria-level=\"1\"><span style=\"font-weight: 400;\">Nguy\u00ean li\u1ec7u th\u00e0nh ph\u1ea7n <\/span><span style=\"font-weight: 400;\">c\u00f3 ngu\u1ed3n g\u1ed1c r\u00f5 r\u00e0ng, minh b\u1ea1ch t\u1eeb Vi\u1ec7t Nam, Malaysia,&#8230;<\/span><\/li>\n<li style=\"font-weight: 400;\" aria-level=\"1\"><span style=\"font-weight: 400;\">B\u1ed9t tr\u00e0 s\u1eefa h\u00f2a tan ThucPham.com v\u1ecb D\u00e2u T\u00e2y<\/span><span style=\"font-weight: 400;\"> th\u00e0nh ph\u1ea9m th\u01a1m ngon v\u1ecb tr\u00e0, ng\u1eady v\u1ecb d\u00e2u<\/span><\/li>\n<li style=\"font-weight: 400;\" aria-level=\"1\"><span style=\"font-weight: 400;\">\u00c1p d\u1ee5ng H\u1ec7 th\u1ed1ng qu\u1ea3n l\u00fd An to\u00e0n th\u1ef1c ph\u1ea9m ti\u00eau chu\u1ea9n Qu\u1ed1c t\u1ebf ISO 22000:2018<\/span><\/li>\n<li style=\"font-weight: 400;\" aria-level=\"1\"><span style=\"font-weight: 400;\">Giao h\u00e0ng to\u00e0n qu\u1ed1c, ch\u00ednh s\u00e1ch chi\u1ebft kh\u1ea5u h\u1ea5p d\u1eabn<\/span><\/li>\n<\/ul>\n","protected":false},"featured_media":92976,"comment_status":"open","ping_status":"closed","template":"","meta":[],"product_cat":[254],"product_tag":[],"_links":{"self":[{"href":"https:\/\/thucpham.com\/vinacom\/wp-json\/wp\/v2\/product\/41740"}],"collection":[{"href":"https:\/\/thucpham.com\/vinacom\/wp-json\/wp\/v2\/product"}],"about":[{"href":"https:\/\/thucpham.com\/vinacom\/wp-json\/wp\/v2\/types\/product"}],"replies":[{"embeddable":true,"href":"https:\/\/thucpham.com\/vinacom\/wp-json\/wp\/v2\/comments?post=41740"}],"wp:featuredmedia":[{"embeddable":true,"href":"https:\/\/thucpham.com\/vinacom\/wp-json\/wp\/v2\/media\/92976"}],"wp:attachment":[{"href":"https:\/\/thucpham.com\/vinacom\/wp-json\/wp\/v2\/media?parent=41740"}],"wp:term":[{"taxonomy":"product_cat","embeddable":true,"href":"https:\/\/thucpham.com\/vinacom\/wp-json\/wp\/v2\/product_cat?post=41740"},{"taxonomy":"product_tag","embeddable":true,"href":"https:\/\/thucpham.com\/vinacom\/wp-json\/wp\/v2\/product_tag?post=41740"}],"curies":[{"name":"wp","href":"https:\/\/api.w.org\/{rel}","templated":true}]}}