{"id":19093,"date":"2021-08-13T13:08:19","date_gmt":"2021-08-13T06:08:19","guid":{"rendered":"https:\/\/thucpham.com\/?post_type=product&#038;p=19093"},"modified":"2025-03-19T14:53:35","modified_gmt":"2025-03-19T07:53:35","slug":"bot-lam-kem-tuoi-thucpham-com-vi-sau-rieng","status":"publish","type":"product","link":"https:\/\/thucpham.com\/vinacom\/bot-lam-kem-tuoi-thucpham-com-vi-sau-rieng\/","title":{"rendered":"B\u1ed9t L\u00e0m Kem T\u01b0\u01a1i V\u1ecb S\u1ea7u Ri\u00eang T\u1ef1 Nhi\u00ean ThucPham.com"},"content":{"rendered":"<p style=\"text-align: justify;\" data-sourcepos=\"3:1-3:84\"><em class=\"\">M\u00f9a h\u00e8 \u0111\u1ebfn r\u1ed3i, b\u1ea1n c\u00f3 mu\u1ed1n tr\u1ea3i nghi\u1ec7m m\u1ed9t h\u01b0\u01a1ng v\u1ecb kem \u0111\u1ed9c \u0111\u00e1o, v\u1eeba quen v\u1eeba l\u1ea1?<\/em><\/p>\n<p style=\"text-align: justify;\" data-sourcepos=\"5:1-5:19\"><a href=\"https:\/\/thucpham.com\/bot-lam-kem-tuoi-thucpham-com-vi-sau-rieng\/\" target=\"_blank\" rel=\"noopener\" data-schema-attribute=\"\"><strong>B\u1ed9t L\u00e0m Kem T\u01b0\u01a1i V\u1ecb S\u1ea7u Ri\u00eang<\/strong><\/a> ThucPham.com l\u00e0 c\u00e2u tr\u1ea3 l\u1eddi ho\u00e0n h\u1ea3o cho b\u1ea1n. H\u00e3y c\u00f9ng ch\u00fang t\u00f4i kh\u00e1m ph\u00e1 c\u00e1ch bi\u1ebfn nh\u1eefng tr\u00e1i s\u1ea7u ri\u00eang th\u01a1m l\u1eebng, b\u00e9o ng\u1eady th\u00e0nh nh\u1eefng ly kem t\u01b0\u01a1i m\u00e1t l\u1ea1nh, h\u1ea5p d\u1eabn ngay t\u1ea1i c\u0103n b\u1ebfp c\u1ee7a b\u1ea1n.<\/p>\n<h2 style=\"text-align: justify;\" data-sourcepos=\"7:1-7:73\"><strong>B\u1ed9t L\u00e0m Kem T\u01b0\u01a1i V\u1ecb S\u1ea7u Ri\u00eang: Tinh Hoa H\u01b0\u01a1ng V\u1ecb, \u0110\u1ec9nh Cao Ch\u1ea5t L\u01b0\u1ee3ng<\/strong><\/h2>\n<p style=\"text-align: justify;\" data-sourcepos=\"9:1-9:334\">ThucPham.com t\u1ef1 h\u00e0o gi\u1edbi thi\u1ec7u <a href=\"https:\/\/thucpham.com\/bot-lam-kem\/\" target=\"_blank\" rel=\"noopener\" data-schema-attribute=\"\"><strong>B\u1ed9t L\u00e0m Kem T\u01b0\u01a1i<\/strong><\/a> V\u1ecb S\u1ea7u Ri\u00eang, m\u1ed9t s\u1ea3n ph\u1ea9m \u0111\u01b0\u1ee3c t\u1ea1o ra t\u1eeb s\u1ef1 k\u1ebft h\u1ee3p gi\u1eefa c\u00f4ng ngh\u1ec7 s\u1ea3n xu\u1ea5t hi\u1ec7n \u0111\u1ea1i v\u00e0 ngu\u1ed3n nguy\u00ean li\u1ec7u s\u1ea7u ri\u00eang tuy\u1ec3n ch\u1ecdn k\u1ef9 c\u00e0ng. Ch\u00fang t\u00f4i cam k\u1ebft mang \u0111\u1ebfn cho b\u1ea1n tr\u1ea3i nghi\u1ec7m kem s\u1ea7u ri\u00eang tuy\u1ec7t h\u1ea3o, \u0111\u1eadm \u0111\u00e0 h\u01b0\u01a1ng v\u1ecb t\u1ef1 nhi\u00ean, kh\u00f4ng s\u1eed d\u1ee5ng h\u01b0\u01a1ng li\u1ec7u hay ch\u1ea5t b\u1ea3o qu\u1ea3n \u0111\u1ed9c h\u1ea1i.<\/p>\n<p style=\"text-align: justify;\" data-sourcepos=\"11:1-11:92\">B\u1ed9t l\u00e0m kem t\u01b0\u01a1i v\u1ecb s\u1ea7u ri\u00eang ThucPham.com \u0111\u00e3 \u0111\u01b0\u1ee3c tr\u1ed9n s\u1eb5n t\u1ea5t c\u1ea3 c\u00e1c th\u00e0nh ph\u1ea7n c\u1ea7n thi\u1ebft, gi\u00fap b\u1ea1n ti\u1ebft ki\u1ec7m th\u1eddi gian v\u00e0 c\u00f4ng s\u1ee9c. Ch\u1ec9 v\u1edbi v\u00e0i b\u01b0\u1edbc \u0111\u01a1n gi\u1ea3n, b\u1ea1n \u0111\u00e3 c\u00f3 th\u1ec3 t\u1ea1o ra nh\u1eefng ly kem s\u1ea7u ri\u00eang th\u01a1m ngon, m\u1ecbn m\u00e0ng, \u0111\u00e1nh th\u1ee9c m\u1ecdi gi\u00e1c quan.<\/p>\n<p data-sourcepos=\"11:1-11:92\">Xem Th\u00eam: <strong><a class=\"woocommerce-LoopProduct-link woocommerce-loop-product__link\" href=\"https:\/\/thucpham.com\/bot-lam-kem-tuoi-thucpham-com-vi-vani\/\" target=\"_blank\" rel=\"noopener\" data-schema-attribute=\"\">B\u1ed9t L\u00e0m Kem T\u01b0\u01a1i V\u1ecb Vani ThucPham.com Th\u01a1m Ngon H\u1ea5p D\u1eabn<\/a><\/strong><\/p>\n<h3 class=\"\" style=\"text-align: justify;\" data-sourcepos=\"13:1-13:22\"><strong>Th\u00f4ng Tin S\u1ea3n Ph\u1ea9m<\/strong><\/h3>\n<ul style=\"text-align: justify;\" data-sourcepos=\"15:1-17:154\">\n<li data-sourcepos=\"15:1-15:71\"><strong>T\u00ean s\u1ea3n ph\u1ea9m:<\/strong> B\u1ed9t L\u00e0m Kem T\u01b0\u01a1i&nbsp;V\u1ecb S\u1ea7u Ri\u00eang T\u1ef1 Nhi\u00ean <a href=\"https:\/\/thucpham.com\/\" target=\"_blank\" rel=\"noopener\" data-schema-attribute=\"\"><strong>ThucPham.com<\/strong><\/a><\/li>\n<li data-sourcepos=\"16:1-16:23\"><strong>Xu\u1ea5t x\u1ee9:<\/strong> Vi\u1ec7t Nam<\/li>\n<li data-sourcepos=\"17:1-17:154\"><strong>Th\u00e0nh ph\u1ea7n:<\/strong> B\u1ed9t kem s\u1eefa th\u1ef1c v\u1eadt, B\u1ed9t s\u1eefa t\u00e1ch b\u00e9o, B\u1ed9t v\u1ecb s\u1ea7u ri\u00eang nguy\u00ean ch\u1ea5t, \u0110\u01b0\u1eddng c\u00e1t, Mu\u1ed1i tinh khi\u1ebft, Ch\u1ea5t \u1ed5n \u0111\u1ecbnh &#8211; nh\u0169 h\u00f3a v\u00e0 l\u00e0m d\u00e0y, Maltodextrin, M\u00e0u th\u1ef1c ph\u1ea9m v\u00e0 v\u1ecb t\u1ef1 nhi\u00ean t\u1ed5ng h\u1ee3p<\/li>\n<li data-sourcepos=\"18:1-18:25\"><strong>Kh\u1ed1i l\u01b0\u1ee3ng:<\/strong> 1kg\/t\u00fai<\/li>\n<li data-sourcepos=\"19:1-20:0\"><strong>Bao b\u00ec:<\/strong> T\u00fai m\u00e0u s\u1eafc b\u1eaft m\u1eaft v\u1edbi b\u1ed9t kem m\u00e0u v\u00e0ng nh\u1ea1t b\u00ean trong<\/li>\n<\/ul>\n<figure id=\"attachment_91517\" aria-describedby=\"caption-attachment-91517\" style=\"width: 1200px\" class=\"wp-caption alignnone\"><a href=\"https:\/\/thucpham.com\/wp-content\/uploads\/2021\/08\/bot-lam-kem-tuoi-vi-sau-rieng-thucphamcom.jpeg\"><img class=\"wp-image-91517 size-full\" src=\"https:\/\/thucpham.com\/wp-content\/uploads\/2021\/08\/bot-lam-kem-tuoi-vi-sau-rieng-thucphamcom.jpeg\" alt=\"b\u1ed9t l\u00e0m kem t\u01b0\u01a1i v\u1ecb s\u1ea7u ri\u00eang thucpham.com\" width=\"1200\" height=\"1600\" srcset=\"https:\/\/thucpham.com\/vinacom\/wp-content\/uploads\/2021\/08\/bot-lam-kem-tuoi-vi-sau-rieng-thucphamcom.jpeg 1200w, https:\/\/thucpham.com\/vinacom\/wp-content\/uploads\/2021\/08\/bot-lam-kem-tuoi-vi-sau-rieng-thucphamcom-225x300.jpeg 225w, https:\/\/thucpham.com\/vinacom\/wp-content\/uploads\/2021\/08\/bot-lam-kem-tuoi-vi-sau-rieng-thucphamcom-768x1024.jpeg 768w, https:\/\/thucpham.com\/vinacom\/wp-content\/uploads\/2021\/08\/bot-lam-kem-tuoi-vi-sau-rieng-thucphamcom-1152x1536.jpeg 1152w, https:\/\/thucpham.com\/vinacom\/wp-content\/uploads\/2021\/08\/bot-lam-kem-tuoi-vi-sau-rieng-thucphamcom-18x24.jpeg 18w, https:\/\/thucpham.com\/vinacom\/wp-content\/uploads\/2021\/08\/bot-lam-kem-tuoi-vi-sau-rieng-thucphamcom-27x36.jpeg 27w, https:\/\/thucpham.com\/vinacom\/wp-content\/uploads\/2021\/08\/bot-lam-kem-tuoi-vi-sau-rieng-thucphamcom-36x48.jpeg 36w, https:\/\/thucpham.com\/vinacom\/wp-content\/uploads\/2021\/08\/bot-lam-kem-tuoi-vi-sau-rieng-thucphamcom-510x680.jpeg 510w\" sizes=\"(max-width: 1200px) 100vw, 1200px\" title=\"\"><\/a><figcaption id=\"caption-attachment-91517\" class=\"wp-caption-text\">B\u1ed9t l\u00e0m kem t\u01b0\u01a1i vi s\u1ea7u ri\u00eang c\u1ee7a ThucPham.com s\u1ebd l\u00e0m xi\u00eau l\u00f2ng b\u1ea5t c\u1ee9 t\u00edn \u0111\u1ed3 n\u00e0o c\u1ee7a th\u1ee9c qu\u1ea3 tuy\u1ec7t v\u1eddi n\u00e0y<\/figcaption><\/figure>\n<h3 class=\"\" style=\"text-align: justify;\" data-sourcepos=\"21:1-21:21\"><strong>\u01afu \u0110i\u1ec3m V\u01b0\u1ee3t Tr\u1ed9i<\/strong><\/h3>\n<ul style=\"text-align: justify;\" data-sourcepos=\"23:1-24:90\">\n<li data-sourcepos=\"23:1-23:172\"><strong>H\u01b0\u01a1ng v\u1ecb s\u1ea7u ri\u00eang \u0111\u1eb7c tr\u01b0ng:<\/strong> B\u1ed9t l\u00e0m kem t\u01b0\u01a1i v\u1ecb <a href=\"https:\/\/vi.wikipedia.org\/wiki\/S%E1%BA%A7u_ri%C3%AAng\" target=\"_blank\" rel=\"noopener nofollow\" data-schema-attribute=\"\"><strong>s\u1ea7u ri\u00eang<\/strong><\/a> ThucPham.com mang \u0111\u1ebfn h\u01b0\u01a1ng v\u1ecb s\u1ea7u ri\u00eang t\u1ef1 nhi\u00ean, th\u01a1m ngon, b\u00e9o ng\u1eady, kh\u00f4ng s\u1eed d\u1ee5ng h\u01b0\u01a1ng li\u1ec7u nh\u00e2n t\u1ea1o.<\/li>\n<li data-sourcepos=\"24:1-24:90\"><strong>K\u1ebft c\u1ea5u ho\u00e0n h\u1ea3o:<\/strong> Kem th\u00e0nh ph\u1ea9m c\u00f3 k\u1ebft c\u1ea5u m\u1ecbn m\u00e0ng, s\u00e1nh \u0111\u1eb7c, tan ch\u1ea3y trong mi\u1ec7ng, mang \u0111\u1ebfn tr\u1ea3i nghi\u1ec7m tuy\u1ec7t v\u1eddi.<\/li>\n<li data-sourcepos=\"25:1-25:105\"><strong>Ti\u1ec7n l\u1ee3i v\u00e0 d\u1ec5 s\u1eed d\u1ee5ng:<\/strong> B\u1ed9t \u0111\u00e3 \u0111\u01b0\u1ee3c tr\u1ed9n s\u1eb5n, ch\u1ec9 c\u1ea7n pha v\u1edbi n\u01b0\u1edbc ho\u1eb7c s\u1eefa l\u00e0 c\u00f3 th\u1ec3 s\u1eed d\u1ee5ng ngay.<\/li>\n<li data-sourcepos=\"26:1-26:152\"><strong>An to\u00e0n cho s\u1ee9c kh\u1ecfe:<\/strong> S\u1ea3n ph\u1ea9m \u0111\u01b0\u1ee3c s\u1ea3n xu\u1ea5t tr\u00ean d\u00e2y chuy\u1ec1n c\u00f4ng ngh\u1ec7 hi\u1ec7n \u0111\u1ea1i, \u0111\u1ea1t ti\u00eau chu\u1ea9n ISO 22000:2018, \u0111\u1ea3m b\u1ea3o an to\u00e0n v\u1ec7 sinh th\u1ef1c ph\u1ea9m.<\/li>\n<li data-sourcepos=\"27:1-27:147\"><strong>\u0110a d\u1ea1ng \u1ee9ng d\u1ee5ng:<\/strong> B\u1ea1n c\u00f3 th\u1ec3 s\u1eed d\u1ee5ng b\u1ed9t l\u00e0m kem t\u01b0\u01a1i v\u1ecb s\u1ea7u ri\u00eang \u0111\u1ec3 t\u1ea1o ra nhi\u1ec1u m\u00f3n tr\u00e1ng mi\u1ec7ng kh\u00e1c nhau nh\u01b0 kem que, kem ly, kem \u1ed1c qu\u1ebf&#8230;<\/li>\n<li data-sourcepos=\"28:1-29:0\"><strong>Ti\u1ebft ki\u1ec7m chi ph\u00ed:<\/strong> So v\u1edbi vi\u1ec7c mua kem t\u01b0\u01a1i b\u00ean ngo\u00e0i, t\u1ef1 l\u00e0m kem t\u1ea1i nh\u00e0 v\u1edbi b\u1ed9t l\u00e0m kem t\u01b0\u01a1i ThucPham.com s\u1ebd gi\u00fap b\u1ea1n ti\u1ebft ki\u1ec7m \u0111\u00e1ng k\u1ec3 chi ph\u00ed.<\/li>\n<\/ul>\n<p>Xem Th\u00eam: <strong><a class=\"woocommerce-LoopProduct-link woocommerce-loop-product__link\" href=\"https:\/\/thucpham.com\/bot-lam-kem-tuoi-thucpham-com-vi-dau\/\" target=\"_blank\" rel=\"noopener\" data-schema-attribute=\"\">B\u1ed9t L\u00e0m Kem T\u01b0\u01a1i V\u1ecb D\u00e2u T\u00e2y T\u1ef1 Nhi\u00ean ThucPham.com<\/a><\/strong><\/p>\n<h3 class=\"\" style=\"text-align: justify;\" data-sourcepos=\"30:1-30:59\"><strong>3 B\u01b0\u1edbc \u0110\u01a1n Gi\u1ea3n &#8211; Kem S\u1ea7u Ri\u00eang Th\u01a1m Ngon Trong T\u1ea7m Tay<\/strong><\/h3>\n<ol style=\"text-align: justify;\" data-sourcepos=\"32:1-33:13\">\n<li data-sourcepos=\"32:1-32:171\"><strong>H\u00f2a tan:<\/strong> Pha 1kg b\u1ed9t l\u00e0m kem t\u01b0\u01a1i v\u1ecb s\u1ea7u ri\u00eang v\u1edbi 2.5 l\u00edt n\u01b0\u1edbc \u1ea5m (ho\u1eb7c s\u1eefa t\u01b0\u01a1i kh\u00f4ng \u0111\u01b0\u1eddng \u0111\u1ec3 t\u0103ng th\u00eam v\u1ecb b\u00e9o v\u00e0 th\u01a1m). Khu\u1ea5y \u0111\u1ec1u cho \u0111\u1ebfn khi b\u1ed9t tan ho\u00e0n to\u00e0n r\u1ed3i \u0111\u1ec3 ngh\u1ec9 30 ph\u00fat.<\/li>\n<li data-sourcepos=\"33:1-33:13\"><strong>\u0110\u1ed5 v\u00e0o m\u00e1y:<\/strong> Cho h\u1ed7n h\u1ee3p v\u00e0o m\u00e1y l\u00e0m kem c\u1ee7a b\u1ea1n.<\/li>\n<li data-sourcepos=\"34:1-35:0\"><strong>Th\u01b0\u1edfng th\u1ee9c:<\/strong> B\u1eadt m\u00e1y v\u00e0 ch\u1edd \u0111\u1ee3i v\u00e0i ph\u00fat. Kem s\u1ea7u ri\u00eang th\u01a1m ngon \u0111\u00e3 s\u1eb5n s\u00e0ng \u0111\u1ec3 b\u1ea1n th\u01b0\u1edfng th\u1ee9c!<\/li>\n<\/ol>\n<p style=\"text-align: justify;\" data-sourcepos=\"36:1-36:11\"><strong>L\u01b0u \u00fd:<\/strong><\/p>\n<ul style=\"text-align: justify;\" data-sourcepos=\"38:1-40:0\">\n<li data-sourcepos=\"38:1-38:137\">H\u1ed7n h\u1ee3p b\u1ed9t l\u00e0m kem sau khi pha c\u1ea7n \u0111\u01b0\u1ee3c b\u1ea3o qu\u1ea3n \u1edf nhi\u1ec7t \u0111\u1ed9 2-4 \u0111\u1ed9 C v\u00e0 d\u00f9ng h\u1ebft trong 24h \u0111\u1ec3 \u0111\u1ea3m b\u1ea3o h\u01b0\u01a1ng v\u1ecb v\u00e0 ch\u1ea5t l\u01b0\u1ee3ng t\u1ed1t nh\u1ea5t.<\/li>\n<li data-sourcepos=\"39:1-40:0\">B\u1ea3o qu\u1ea3n b\u1ed9t ch\u01b0a s\u1eed d\u1ee5ng \u1edf n\u01a1i kh\u00f4 r\u00e1o, tho\u00e1ng m\u00e1t, tr\u00e1nh \u00e1nh n\u1eafng tr\u1ef1c ti\u1ebfp.<\/li>\n<\/ul>\n<h3 class=\"\" style=\"text-align: justify;\" data-sourcepos=\"41:1-41:47\"><strong>\u0110\u1ed1i T\u00e1c Tin C\u1eady Cho C\u1eeda H\u00e0ng &amp; Gia \u0110\u00ecnh<\/strong><\/h3>\n<p style=\"text-align: justify;\" data-sourcepos=\"43:1-43:11\">B\u1ed9t L\u00e0m Kem T\u01b0\u01a1i V\u1ecb S\u1ea7u Ri\u00eang ThucPham.com kh\u00f4ng ch\u1ec9 l\u00e0 l\u1ef1a ch\u1ecdn tuy\u1ec7t v\u1eddi \u0111\u1ec3 b\u1ea1n t\u1ef1 l\u00e0m kem t\u1ea1i nh\u00e0 m\u00e0 c\u00f2n l\u00e0 gi\u1ea3i ph\u00e1p kinh doanh hi\u1ec7u qu\u1ea3 cho c\u00e1c c\u1eeda h\u00e0ng kem, qu\u00e1n c\u00e0 ph\u00ea, nh\u00e0 h\u00e0ng&#8230; S\u1ea3n ph\u1ea9m gi\u00fap ti\u1ebft ki\u1ec7m th\u1eddi gian v\u00e0 c\u00f4ng s\u1ee9c, \u0111\u1ed3ng th\u1eddi mang \u0111\u1ebfn nh\u1eefng ly kem s\u1ea7u ri\u00eang th\u01a1m ngon, \u0111\u1ea3m b\u1ea3o an to\u00e0n v\u1ec7 sinh, \u0111\u00e1p \u1ee9ng nhu c\u1ea7u c\u1ee7a m\u1ecdi kh\u00e1ch h\u00e0ng.<\/p>\n<p data-sourcepos=\"43:1-43:11\">Xem Th\u00eam: <strong><a class=\"woocommerce-LoopProduct-link woocommerce-loop-product__link\" href=\"https:\/\/thucpham.com\/bot-lam-kem-tuoi-thucpham-com-vi-chocolate\/\" target=\"_blank\" rel=\"noopener\" data-schema-attribute=\"\">B\u1ed9t L\u00e0m Kem T\u01b0\u01a1i V\u1ecb Chocolate T\u1ef1 Nhi\u00ean ThucPham.com<\/a><\/strong><\/p>\n<h3 class=\"\" style=\"text-align: justify;\" data-sourcepos=\"45:1-45:39\"><strong>Kh\u00e1m Ph\u00e1 Th\u1ebf Gi\u1edbi H\u01b0\u01a1ng V\u1ecb Kem T\u01b0\u01a1i<\/strong><\/h3>\n<p style=\"text-align: justify;\" data-sourcepos=\"47:1-47:85\">Ngo\u00e0i v\u1ecb s\u1ea7u ri\u00eang \u0111\u1ed9c \u0111\u00e1o, ThucPham.com c\u00f2n cung c\u1ea5p \u0111a d\u1ea1ng c\u00e1c v\u1ecb b\u1ed9t l\u00e0m kem kh\u00e1c nh\u01b0 chocolate, d\u00e2u, d\u1eeba, vani, khoai m\u00f4n, matcha v\u00e0 \u0111\u1eadu xanh&#8230; H\u00e3y th\u1ecfa s\u1ee9c s\u00e1ng t\u1ea1o v\u00e0 kh\u00e1m ph\u00e1 th\u1ebf gi\u1edbi kem t\u01b0\u01a1i \u0111\u1ea7y m\u00e0u s\u1eafc c\u00f9ng ch\u00fang t\u00f4i!<\/p>\n<p style=\"text-align: justify;\" data-sourcepos=\"49:1-49:184\"><strong>B\u1ea1n \u0111\u00e3 s\u1eb5n s\u00e0ng \u0111\u1ec3 tr\u1ea3i nghi\u1ec7m h\u01b0\u01a1ng v\u1ecb s\u1ea7u ri\u00eang theo m\u1ed9t c\u00e1ch ho\u00e0n to\u00e0n m\u1edbi? H\u00e3y \u0111\u1ec3 B\u1ed9t L\u00e0m Kem T\u01b0\u01a1i V\u1ecb S\u1ea7u Ri\u00eang ThucPham.com \u0111\u1ed3ng h\u00e0nh c\u00f9ng b\u1ea1n t\u1ea1o n\u00ean nh\u1eefng ly kem tuy\u1ec7t h\u1ea3o!<\/strong><\/p>\n<p style=\"text-align: justify;\"><a href=\"https:\/\/thucpham.com\/wp-content\/uploads\/2023\/12\/thay-doi-bao-bi-bot-lam-kem-tuoi-thucphamcom.png\"><img class=\"size-full wp-image-47336\" src=\"https:\/\/thucpham.com\/wp-content\/uploads\/2023\/12\/thay-doi-bao-bi-bot-lam-kem-tuoi-thucphamcom.png\" alt=\"thay \u0111\u1ed5i bao b\u00ec b\u1ed9t l\u00e0m kem t\u01b0\u01a1i\" width=\"1280\" height=\"720\" srcset=\"https:\/\/thucpham.com\/vinacom\/wp-content\/uploads\/2023\/12\/thay-doi-bao-bi-bot-lam-kem-tuoi-thucphamcom.png 1280w, https:\/\/thucpham.com\/vinacom\/wp-content\/uploads\/2023\/12\/thay-doi-bao-bi-bot-lam-kem-tuoi-thucphamcom-300x169.png 300w, https:\/\/thucpham.com\/vinacom\/wp-content\/uploads\/2023\/12\/thay-doi-bao-bi-bot-lam-kem-tuoi-thucphamcom-1024x576.png 1024w, https:\/\/thucpham.com\/vinacom\/wp-content\/uploads\/2023\/12\/thay-doi-bao-bi-bot-lam-kem-tuoi-thucphamcom-768x432.png 768w, https:\/\/thucpham.com\/vinacom\/wp-content\/uploads\/2023\/12\/thay-doi-bao-bi-bot-lam-kem-tuoi-thucphamcom-24x14.png 24w, https:\/\/thucpham.com\/vinacom\/wp-content\/uploads\/2023\/12\/thay-doi-bao-bi-bot-lam-kem-tuoi-thucphamcom-36x20.png 36w, https:\/\/thucpham.com\/vinacom\/wp-content\/uploads\/2023\/12\/thay-doi-bao-bi-bot-lam-kem-tuoi-thucphamcom-48x27.png 48w, https:\/\/thucpham.com\/vinacom\/wp-content\/uploads\/2023\/12\/thay-doi-bao-bi-bot-lam-kem-tuoi-thucphamcom-510x287.png 510w\" sizes=\"(max-width: 1280px) 100vw, 1280px\" title=\"\"><\/a><\/p>\n","protected":false},"excerpt":{"rendered":"<ul>\n<li>\u00c1p d\u1ee5ng H\u1ec7 th\u1ed1ng qu\u1ea3n l\u00fd an to\u00e0n th\u1ef1c ph\u1ea9m ti\u00eau chu\u1ea9n Qu\u1ed1c t\u1ebf ISO 22000:2018<\/li>\n<li>S\u1ea3n xu\u1ea5t tr\u00ean d\u00e2y chuy\u1ec1n hi\u1ec7n \u0111\u1ea1i, t\u00e2n ti\u1ebfn<\/li>\n<li>Nguy\u00ean li\u1ec7u \u0111\u1ea7u v\u00e0o \u0111\u01b0\u1ee3c ki\u1ec3m \u0111\u1ecbnh ch\u1eb7t ch\u1ebd, nh\u1eadp kh\u1ea9u t\u1eeb m\u1ed9t s\u1ed1 n\u01b0\u1edbc nh\u01b0 Hoa K\u1ef3, Malaysia..<\/li>\n<li>B\u1ed9t kem m\u1ecbn, kem th\u00e0nh ph\u1ea9m h\u01b0\u01a1ng v\u1ecb h\u00e0i h\u00f2a, t\u1ef1 nhi\u00ean kh\u00f4ng n\u1ed3ng g\u1eaft<\/li>\n<li>Bao b\u00ec \u0111\u00f3ng g\u00f3i k\u1ef9 c\u00e0ng, ch\u1eafc ch\u1eafn, b\u1eaft m\u1eaft<\/li>\n<li>Ph\u00f9 h\u1ee3p v\u1edbi m\u1ecdi nhu c\u1ea7u kinh doanh t\u1eeb gia \u0111\u00ecnh \u0111\u1ebfn nh\u00e0 h\u00e0ng hay c\u00e1c khu vui ch\u01a1i gi\u1ea3i tr\u00ed<\/li>\n<\/ul>\n","protected":false},"featured_media":92864,"comment_status":"open","ping_status":"closed","template":"","meta":[],"product_cat":[254],"product_tag":[],"_links":{"self":[{"href":"https:\/\/thucpham.com\/vinacom\/wp-json\/wp\/v2\/product\/19093"}],"collection":[{"href":"https:\/\/thucpham.com\/vinacom\/wp-json\/wp\/v2\/product"}],"about":[{"href":"https:\/\/thucpham.com\/vinacom\/wp-json\/wp\/v2\/types\/product"}],"replies":[{"embeddable":true,"href":"https:\/\/thucpham.com\/vinacom\/wp-json\/wp\/v2\/comments?post=19093"}],"wp:featuredmedia":[{"embeddable":true,"href":"https:\/\/thucpham.com\/vinacom\/wp-json\/wp\/v2\/media\/92864"}],"wp:attachment":[{"href":"https:\/\/thucpham.com\/vinacom\/wp-json\/wp\/v2\/media?parent=19093"}],"wp:term":[{"taxonomy":"product_cat","embeddable":true,"href":"https:\/\/thucpham.com\/vinacom\/wp-json\/wp\/v2\/product_cat?post=19093"},{"taxonomy":"product_tag","embeddable":true,"href":"https:\/\/thucpham.com\/vinacom\/wp-json\/wp\/v2\/product_tag?post=19093"}],"curies":[{"name":"wp","href":"https:\/\/api.w.org\/{rel}","templated":true}]}}