{"id":18394,"date":"2021-04-12T17:07:34","date_gmt":"2021-04-12T10:07:34","guid":{"rendered":"https:\/\/thucpham.com\/?post_type=product&#038;p=18394"},"modified":"2025-03-19T14:53:58","modified_gmt":"2025-03-19T07:53:58","slug":"bot-lam-kem-tuoi-thucpham-com-vi-dua","status":"publish","type":"product","link":"https:\/\/thucpham.com\/vinacom\/bot-lam-kem-tuoi-thucpham-com-vi-dua\/","title":{"rendered":"B\u1ed9t L\u00e0m Kem T\u01b0\u01a1i V\u1ecb D\u1eeba Nhi\u1ec7t \u0110\u1edbi ThucPham.com"},"content":{"rendered":"<p style=\"text-align: justify;\" data-sourcepos=\"3:1-3:16\">Nh\u1eefng ng\u00e0y h\u00e8 oi b\u1ee9c, kh\u00f4ng g\u00ec tuy\u1ec7t v\u1eddi h\u01a1n khi \u0111\u01b0\u1ee3c th\u01b0\u1edfng th\u1ee9c nh\u1eefng ly kem m\u00e1t l\u1ea1nh, tan ch\u1ea3y trong mi\u1ec7ng. V\u00e0 n\u1ebfu b\u1ea1n l\u00e0 t\u00edn \u0111\u1ed3 c\u1ee7a h\u01b0\u01a1ng v\u1ecb d\u1eeba th\u01a1m ngon, b\u00e9o ng\u1eady th\u00ec B\u1ed9t L\u00e0m Kem T\u01b0\u01a1i V\u1ecb D\u1eeba ThucPham.com ch\u00ednh l\u00e0 b\u00ed quy\u1ebft \u0111\u1ec3 t\u1ea1o n\u00ean nh\u1eefng c\u00e2y kem t\u01b0\u01a1i ho\u00e0n h\u1ea3o ngay t\u1ea1i c\u0103n b\u1ebfp c\u1ee7a b\u1ea1n.<\/p>\n<h2 style=\"text-align: justify;\" data-sourcepos=\"5:1-5:69\"><strong>B\u1ed9t L\u00e0m Kem T\u01b0\u01a1i V\u1ecb D\u1eeba: S\u1ef1 K\u1ebft H\u1ee3p Gi\u1eefa Thi\u00ean Nhi\u00ean V\u00e0 C\u00f4ng Ngh\u1ec7<\/strong><\/h2>\n<p style=\"text-align: justify;\" data-sourcepos=\"7:1-7:371\"><a href=\"https:\/\/thucpham.com\/bot-lam-kem-tuoi-thucpham-com-vi-dua\/\" target=\"_blank\" rel=\"noopener\" data-schema-attribute=\"\"><strong>B\u1ed9t L\u00e0m Kem T\u01b0\u01a1i V\u1ecb D\u1eeba<\/strong><\/a> ThucPham.com \u0111\u01b0\u1ee3c s\u1ea3n xu\u1ea5t tr\u1ef1c ti\u1ebfp b\u1edfi C\u00f4ng Ty TNHH ThucPham.com, m\u1ed9t th\u01b0\u01a1ng hi\u1ec7u uy t\u00edn h\u00e0ng \u0111\u1ea7u trong l\u0129nh v\u1ef1c nguy\u00ean li\u1ec7u l\u00e0m kem. V\u1edbi d\u00e2y chuy\u1ec1n c\u00f4ng ngh\u1ec7 hi\u1ec7n \u0111\u1ea1i v\u00e0 quy tr\u00ecnh ki\u1ec3m so\u00e1t ch\u1ea5t l\u01b0\u1ee3ng nghi\u00eam ng\u1eb7t theo ti\u00eau chu\u1ea9n Qu\u1ed1c t\u1ebf ISO 22000:2018, ch\u00fang t\u00f4i cam k\u1ebft mang \u0111\u1ebfn cho b\u1ea1n s\u1ea3n ph\u1ea9m ch\u1ea5t l\u01b0\u1ee3ng cao, an to\u00e0n tuy\u1ec7t \u0111\u1ed1i cho s\u1ee9c kh\u1ecfe.<\/p>\n<p style=\"text-align: justify;\" data-sourcepos=\"9:1-9:88\">Kh\u00f4ng ch\u1ec9 \u0111\u01a1n thu\u1ea7n l\u00e0 b\u1ed9t l\u00e0m kem, \u0111\u00e2y l\u00e0 s\u1ef1 k\u1ebft h\u1ee3p tinh t\u1ebf gi\u1eefa h\u01b0\u01a1ng v\u1ecb d\u1eeba t\u1ef1 nhi\u00ean v\u00e0 c\u00f4ng ngh\u1ec7 s\u1ea3n xu\u1ea5t ti\u00ean ti\u1ebfn. <a href=\"https:\/\/thucpham.com\/bot-lam-kem\/\" target=\"_blank\" rel=\"noopener\" data-schema-attribute=\"\"><strong>B\u1ed9t l\u00e0m kem t\u01b0\u01a1i<\/strong><\/a> v\u1ecb d\u1eeba ThucPham.com \u0111\u01b0\u1ee3c t\u1ea1o ra t\u1eeb nh\u1eefng qu\u1ea3 d\u1eeba t\u01b0\u01a1i ngon nh\u1ea5t, ch\u1ecdn l\u1ecdc k\u1ef9 c\u00e0ng, mang \u0111\u1ebfn h\u01b0\u01a1ng th\u01a1m d\u1ecbu nh\u1eb9, v\u1ecb ng\u1ecdt thanh \u0111\u1eb7c tr\u01b0ng v\u00e0 m\u00e0u tr\u1eafng s\u1eefa t\u1ef1 nhi\u00ean h\u1ea5p d\u1eabn.<\/p>\n<p data-sourcepos=\"9:1-9:88\">Xem Th\u00eam: <strong><a class=\"woocommerce-LoopProduct-link woocommerce-loop-product__link\" href=\"https:\/\/thucpham.com\/bot-lam-kem-tuoi-thucpham-com-vi-tra-sua\/\" target=\"_blank\" rel=\"noopener\" data-schema-attribute=\"\">B\u1ed9t L\u00e0m Kem T\u01b0\u01a1i V\u1ecb Tr\u00e0 S\u1eefa Truy\u1ec1n Th\u1ed1ng ThucPham.com<\/a><\/strong><\/p>\n<h3 class=\"\" style=\"text-align: justify;\" data-sourcepos=\"11:1-11:22\"><strong>Th\u00f4ng Tin S\u1ea3n Ph\u1ea9m<\/strong><\/h3>\n<ul style=\"text-align: justify;\" data-sourcepos=\"13:1-15:122\">\n<li data-sourcepos=\"13:1-13:56\"><strong>T\u00ean s\u1ea3n ph\u1ea9m:<\/strong> B\u1ed9t L\u00e0m Kem T\u01b0\u01a1i V\u1ecb D\u1eeba <a href=\"https:\/\/thucpham.com\/\" target=\"_blank\" rel=\"noopener\" data-schema-attribute=\"\"><strong>ThucPham.com<\/strong><\/a><\/li>\n<li data-sourcepos=\"14:1-14:23\"><strong>Xu\u1ea5t x\u1ee9:<\/strong> Vi\u1ec7t Nam<\/li>\n<li data-sourcepos=\"15:1-15:122\"><strong>Th\u00e0nh ph\u1ea7n:<\/strong> B\u1ed9t kem s\u1eefa th\u1ef1c v\u1eadt, B\u1ed9t s\u1eefa t\u00e1ch b\u00e9o, B\u1ed9t v\u1ecb d\u1eeba nguy\u00ean ch\u1ea5t, \u0110\u01b0\u1eddng c\u00e1t, Mu\u1ed1i tinh khi\u1ebft, Ch\u1ea5t \u1ed5n \u0111\u1ecbnh &#8211; nh\u0169 h\u00f3a v\u00e0 l\u00e0m d\u00e0y, Maltodextrin, M\u00e0u th\u1ef1c ph\u1ea9m v\u00e0 v\u1ecb t\u1ef1 nhi\u00ean t\u1ed5ng h\u1ee3p<\/li>\n<li data-sourcepos=\"16:1-16:25\"><strong>Kh\u1ed1i l\u01b0\u1ee3ng:<\/strong> 1kg\/t\u00fai<\/li>\n<li data-sourcepos=\"17:1-18:0\"><strong>Bao b\u00ec:<\/strong> T\u00fai m\u00e0u s\u1eafc b\u1eaft m\u1eaft v\u1edbi b\u1ed9t kem m\u00e0u tr\u1eafng s\u1eefa b\u00ean trong<\/li>\n<\/ul>\n<figure id=\"attachment_91532\" aria-describedby=\"caption-attachment-91532\" style=\"width: 1200px\" class=\"wp-caption alignnone\"><a href=\"https:\/\/thucpham.com\/wp-content\/uploads\/2021\/04\/bot-lam-kem-tuoi-vi-dua-thucphamcom.jpeg\"><img class=\"wp-image-91532 size-full\" src=\"https:\/\/thucpham.com\/wp-content\/uploads\/2021\/04\/bot-lam-kem-tuoi-vi-dua-thucphamcom.jpeg\" alt=\"b\u1ed9t l\u00e0m kem t\u01b0\u01a1i v\u1ecb d\u1eeba thucpham.com\" width=\"1200\" height=\"1600\" srcset=\"https:\/\/thucpham.com\/vinacom\/wp-content\/uploads\/2021\/04\/bot-lam-kem-tuoi-vi-dua-thucphamcom.jpeg 1200w, https:\/\/thucpham.com\/vinacom\/wp-content\/uploads\/2021\/04\/bot-lam-kem-tuoi-vi-dua-thucphamcom-225x300.jpeg 225w, https:\/\/thucpham.com\/vinacom\/wp-content\/uploads\/2021\/04\/bot-lam-kem-tuoi-vi-dua-thucphamcom-768x1024.jpeg 768w, https:\/\/thucpham.com\/vinacom\/wp-content\/uploads\/2021\/04\/bot-lam-kem-tuoi-vi-dua-thucphamcom-1152x1536.jpeg 1152w, https:\/\/thucpham.com\/vinacom\/wp-content\/uploads\/2021\/04\/bot-lam-kem-tuoi-vi-dua-thucphamcom-18x24.jpeg 18w, https:\/\/thucpham.com\/vinacom\/wp-content\/uploads\/2021\/04\/bot-lam-kem-tuoi-vi-dua-thucphamcom-27x36.jpeg 27w, https:\/\/thucpham.com\/vinacom\/wp-content\/uploads\/2021\/04\/bot-lam-kem-tuoi-vi-dua-thucphamcom-36x48.jpeg 36w, https:\/\/thucpham.com\/vinacom\/wp-content\/uploads\/2021\/04\/bot-lam-kem-tuoi-vi-dua-thucphamcom-510x680.jpeg 510w\" sizes=\"(max-width: 1200px) 100vw, 1200px\" title=\"\"><\/a><figcaption id=\"caption-attachment-91532\" class=\"wp-caption-text\">V\u1ecb d\u1eeba th\u01a1m ng\u1eady ng\u00e0o ng\u1ea1t ch\u00ednh l\u00e0 h\u01b0\u01a1ng v\u1ecb \u0111\u1eb7c tr\u01b0ng c\u1ee7a b\u1ed9t l\u00e0m kem t\u01b0\u01a1i v\u1ecb d\u1eeba ThucPham.com<\/figcaption><\/figure>\n<h3 class=\"\" style=\"text-align: justify;\" data-sourcepos=\"19:1-19:21\"><strong>\u01afu \u0110i\u1ec3m V\u01b0\u1ee3t Tr\u1ed9i<\/strong><\/h3>\n<ul style=\"text-align: justify;\" data-sourcepos=\"21:1-22:77\">\n<li data-sourcepos=\"21:1-21:144\"><strong>H\u01b0\u01a1ng v\u1ecb d\u1eeba t\u1ef1 nhi\u00ean, th\u01a1m ngon:<\/strong> B\u1ed9t l\u00e0m kem t\u01b0\u01a1i v\u1ecb <a href=\"https:\/\/vi.wikipedia.org\/wiki\/D%E1%BB%ABa\" target=\"_blank\" rel=\"noopener nofollow\" data-schema-attribute=\"\"><strong>d\u1eeba<\/strong><\/a> ThucPham.com mang \u0111\u1ebfn h\u01b0\u01a1ng v\u1ecb d\u1eeba \u0111\u1eb7c tr\u01b0ng, kh\u00f4ng s\u1eed d\u1ee5ng h\u01b0\u01a1ng li\u1ec7u nh\u00e2n t\u1ea1o.<\/li>\n<li data-sourcepos=\"22:1-22:77\"><strong>K\u1ebft c\u1ea5u ho\u00e0n h\u1ea3o:<\/strong> Kem th\u00e0nh ph\u1ea9m c\u00f3 k\u1ebft c\u1ea5u x\u1ed1p, m\u1ecbn, l\u00e2u tan, kh\u00f4ng h\u1ec1 b\u1ecb h\u1eafc hay g\u1eaft.<\/li>\n<li data-sourcepos=\"23:1-23:105\"><strong>Ti\u1ec7n l\u1ee3i v\u00e0 d\u1ec5 s\u1eed d\u1ee5ng:<\/strong> B\u1ed9t \u0111\u00e3 \u0111\u01b0\u1ee3c tr\u1ed9n s\u1eb5n, ch\u1ec9 c\u1ea7n pha v\u1edbi n\u01b0\u1edbc ho\u1eb7c s\u1eefa l\u00e0 c\u00f3 th\u1ec3 s\u1eed d\u1ee5ng ngay.<\/li>\n<li data-sourcepos=\"24:1-24:152\"><strong>An to\u00e0n cho s\u1ee9c kh\u1ecfe:<\/strong> S\u1ea3n ph\u1ea9m \u0111\u01b0\u1ee3c s\u1ea3n xu\u1ea5t tr\u00ean d\u00e2y chuy\u1ec1n c\u00f4ng ngh\u1ec7 hi\u1ec7n \u0111\u1ea1i, \u0111\u1ea1t ti\u00eau chu\u1ea9n ISO 22000:2018, \u0111\u1ea3m b\u1ea3o an to\u00e0n v\u1ec7 sinh th\u1ef1c ph\u1ea9m.<\/li>\n<li data-sourcepos=\"25:1-25:153\"><strong>\u0110a d\u1ea1ng \u1ee9ng d\u1ee5ng:<\/strong> B\u1ea1n c\u00f3 th\u1ec3 s\u1eed d\u1ee5ng b\u1ed9t l\u00e0m kem t\u01b0\u01a1i v\u1ecb d\u1eeba \u0111\u1ec3 t\u1ea1o ra nhi\u1ec1u m\u00f3n tr\u00e1ng mi\u1ec7ng kh\u00e1c nhau nh\u01b0 kem que, kem ly, kem \u1ed1c qu\u1ebf&#8230;<\/li>\n<li data-sourcepos=\"26:1-26:4\"><strong>Ti\u1ebft ki\u1ec7m chi ph\u00ed:<\/strong> T\u1ef1 l\u00e0m kem t\u1ea1i nh\u00e0 v\u1edbi b\u1ed9t l\u00e0m kem t\u01b0\u01a1i ThucPham.com s\u1ebd gi\u00fap b\u1ea1n ti\u1ebft ki\u1ec7m \u0111\u00e1ng k\u1ec3 chi ph\u00ed so v\u1edbi vi\u1ec7c mua kem t\u01b0\u01a1i b\u00ean ngo\u00e0i.<\/li>\n<\/ul>\n<p>Xem Th\u00eam: <strong><a class=\"woocommerce-LoopProduct-link woocommerce-loop-product__link\" href=\"https:\/\/thucpham.com\/bot-lam-kem-tuoi-thucpham-com-vi-bac-ha\/\" target=\"_blank\" rel=\"noopener\" data-schema-attribute=\"\">B\u1ed9t L\u00e0m Kem T\u01b0\u01a1i V\u1ecb B\u1ea1c H\u00e0 The M\u00e1t ThucPham.com<\/a><\/strong><\/p>\n<h3 class=\"\" style=\"text-align: justify;\" data-sourcepos=\"28:1-28:53\"><strong>3 B\u01b0\u1edbc \u0110\u01a1n Gi\u1ea3n &#8211; Kem D\u1eeba Th\u01a1m Ngon Trong T\u1ea7m Tay<\/strong><\/h3>\n<ol style=\"text-align: justify;\" data-sourcepos=\"30:1-31:57\">\n<li data-sourcepos=\"30:1-30:150\"><strong>H\u00f2a tan:<\/strong> Pha 1kg b\u1ed9t l\u00e0m kem t\u01b0\u01a1i v\u1ecb d\u1eeba v\u1edbi 2.5 l\u00edt n\u01b0\u1edbc \u1ea5m (ho\u1eb7c s\u1eefa t\u01b0\u01a1i \u0111\u1ec3 t\u0103ng th\u00eam v\u1ecb b\u00e9o ng\u1eady). Khu\u1ea5y \u0111\u1ec1u cho \u0111\u1ebfn khi b\u1ed9t tan ho\u00e0n to\u00e0n r\u1ed3i \u0111\u1ec3 ngh\u1ec9 30 ph\u00fat.<\/li>\n<li data-sourcepos=\"31:1-31:57\"><strong>Cho v\u00e0o m\u00e1y:<\/strong> \u0110\u1ed5 h\u1ed7n h\u1ee3p b\u1ed9t \u0111\u00e3 pha v\u00e0o m\u00e1y l\u00e0m kem.<\/li>\n<li data-sourcepos=\"32:1-33:0\"><strong>Th\u01b0\u1edfng th\u1ee9c:<\/strong> B\u1eadt m\u00e1y v\u00e0 ch\u1edd \u0111\u1ee3i v\u00e0i ph\u00fat. Kem d\u1eeba th\u01a1m ngon, m\u00e1t l\u1ea1nh \u0111\u00e3 s\u1eb5n s\u00e0ng \u0111\u1ec3 b\u1ea1n th\u01b0\u1edfng th\u1ee9c!<\/li>\n<\/ol>\n<p style=\"text-align: justify;\" data-sourcepos=\"34:1-34:11\"><strong>L\u01b0u \u00fd:<\/strong><\/p>\n<ul style=\"text-align: justify;\" data-sourcepos=\"36:1-38:0\">\n<li data-sourcepos=\"36:1-36:137\">H\u1ed7n h\u1ee3p b\u1ed9t l\u00e0m kem sau khi pha c\u1ea7n \u0111\u01b0\u1ee3c b\u1ea3o qu\u1ea3n \u1edf nhi\u1ec7t \u0111\u1ed9 2-4 \u0111\u1ed9 C v\u00e0 d\u00f9ng h\u1ebft trong 24h \u0111\u1ec3 \u0111\u1ea3m b\u1ea3o h\u01b0\u01a1ng v\u1ecb v\u00e0 ch\u1ea5t l\u01b0\u1ee3ng t\u1ed1t nh\u1ea5t.<\/li>\n<li data-sourcepos=\"37:1-38:0\">B\u1ea3o qu\u1ea3n b\u1ed9t ch\u01b0a s\u1eed d\u1ee5ng \u1edf n\u01a1i kh\u00f4 r\u00e1o, tho\u00e1ng m\u00e1t, tr\u00e1nh \u00e1nh n\u1eafng tr\u1ef1c ti\u1ebfp.<\/li>\n<\/ul>\n<h3 class=\"\" style=\"text-align: justify;\" data-sourcepos=\"39:1-39:44\"><strong>Gi\u1ea3i Ph\u00e1p Kinh Doanh Kem T\u01b0\u01a1i Th\u00f4ng Minh<\/strong><\/h3>\n<p style=\"text-align: justify;\" data-sourcepos=\"41:1-41:32\">B\u1ed9t L\u00e0m Kem T\u01b0\u01a1i V\u1ecb D\u1eeba ThucPham.com kh\u00f4ng ch\u1ec9 l\u00e0 l\u1ef1a ch\u1ecdn tuy\u1ec7t v\u1eddi \u0111\u1ec3 b\u1ea1n t\u1ef1 l\u00e0m kem t\u1ea1i nh\u00e0 m\u00e0 c\u00f2n l\u00e0 gi\u1ea3i ph\u00e1p kinh doanh th\u00f4ng minh cho c\u00e1c c\u1eeda h\u00e0ng kem, qu\u00e1n c\u00e0 ph\u00ea, nh\u00e0 h\u00e0ng&#8230; S\u1ea3n ph\u1ea9m gi\u00fap t\u1ed1i \u01b0u chi ph\u00ed, ti\u1ebft ki\u1ec7m th\u1eddi gian v\u00e0 c\u00f4ng s\u1ee9c, \u0111\u1ed3ng th\u1eddi mang \u0111\u1ebfn nh\u1eefng ly kem d\u1eeba ch\u1ea5t l\u01b0\u1ee3ng, \u0111\u1ea3m b\u1ea3o an to\u00e0n v\u1ec7 sinh, l\u00e0m h\u00e0i l\u00f2ng m\u1ecdi kh\u00e1ch h\u00e0ng.<\/p>\n<p data-sourcepos=\"41:1-41:32\">Xem Th\u00eam: <a class=\"woocommerce-LoopProduct-link woocommerce-loop-product__link\" href=\"https:\/\/thucpham.com\/bot-lam-kem-tuoi-thucpham-com-vi-viet-quat\/\" target=\"_blank\" rel=\"noopener\" data-schema-attribute=\"\"><strong>B\u1ed9t L\u00e0m Kem T\u01b0\u01a1i V\u1ecb Vi\u1ec7t Qu\u1ea5t T\u1ef1 Nhi\u00ean ThucPham.com<\/strong><\/a><\/p>\n<h3 class=\"\" style=\"text-align: justify;\" data-sourcepos=\"43:1-43:39\"><strong>\u0110a D\u1ea1ng H\u01b0\u01a1ng V\u1ecb, Th\u1ecfa S\u1ee9c L\u1ef1a Ch\u1ecdn<\/strong><\/h3>\n<p style=\"text-align: justify;\" data-sourcepos=\"45:1-45:26\">Ngo\u00e0i v\u1ecb d\u1eeba th\u01a1m ngon, ThucPham.com c\u00f2n cung c\u1ea5p \u0111a d\u1ea1ng c\u00e1c v\u1ecb b\u1ed9t l\u00e0m kem kh\u00e1c nh\u01b0 chocolate, d\u00e2u, vani, tr\u00e0 s\u1eefa, khoai m\u00f4n, matcha, s\u1ea7u ri\u00eang&#8230; \u0111\u1ec3 b\u1ea1n th\u1ecfa s\u1ee9c s\u00e1ng t\u1ea1o v\u00e0 mang \u0111\u1ebfn nh\u1eefng tr\u1ea3i nghi\u1ec7m m\u1edbi l\u1ea1 cho kh\u00e1ch h\u00e0ng.<\/p>\n<p style=\"text-align: justify;\" data-sourcepos=\"47:1-47:159\"><strong>B\u1ea1n c\u00f2n ch\u1ea7n ch\u1eeb g\u00ec n\u1eefa? H\u00e3y li\u00ean h\u1ec7 ngay v\u1edbi ThucPham.com \u0111\u1ec3 s\u1edf h\u1eefu B\u1ed9t L\u00e0m Kem T\u01b0\u01a1i V\u1ecb D\u1eeba v\u00e0 b\u1eaft \u0111\u1ea7u h\u00e0nh tr\u00ecnh kh\u00e1m ph\u00e1 th\u1ebf gi\u1edbi kem t\u01b0\u01a1i \u0111\u1ea7y m\u00e0u s\u1eafc!<\/strong><\/p>\n<p style=\"text-align: justify;\"><a href=\"https:\/\/thucpham.com\/wp-content\/uploads\/2023\/12\/thucpham-thay-doi-bao-bi-bot-lam-kem-tuoi.png\"><img class=\"size-full wp-image-47329\" src=\"https:\/\/thucpham.com\/wp-content\/uploads\/2023\/12\/thucpham-thay-doi-bao-bi-bot-lam-kem-tuoi.png\" alt=\"Thucphamcom thay \u0111\u1ed5i bao b\u00ec b\u1ed9t l\u00e0m kem t\u01b0\u01a1i\" width=\"1280\" height=\"720\" srcset=\"https:\/\/thucpham.com\/vinacom\/wp-content\/uploads\/2023\/12\/thucpham-thay-doi-bao-bi-bot-lam-kem-tuoi.png 1280w, https:\/\/thucpham.com\/vinacom\/wp-content\/uploads\/2023\/12\/thucpham-thay-doi-bao-bi-bot-lam-kem-tuoi-300x169.png 300w, https:\/\/thucpham.com\/vinacom\/wp-content\/uploads\/2023\/12\/thucpham-thay-doi-bao-bi-bot-lam-kem-tuoi-1024x576.png 1024w, https:\/\/thucpham.com\/vinacom\/wp-content\/uploads\/2023\/12\/thucpham-thay-doi-bao-bi-bot-lam-kem-tuoi-768x432.png 768w, https:\/\/thucpham.com\/vinacom\/wp-content\/uploads\/2023\/12\/thucpham-thay-doi-bao-bi-bot-lam-kem-tuoi-24x14.png 24w, https:\/\/thucpham.com\/vinacom\/wp-content\/uploads\/2023\/12\/thucpham-thay-doi-bao-bi-bot-lam-kem-tuoi-36x20.png 36w, https:\/\/thucpham.com\/vinacom\/wp-content\/uploads\/2023\/12\/thucpham-thay-doi-bao-bi-bot-lam-kem-tuoi-48x27.png 48w, https:\/\/thucpham.com\/vinacom\/wp-content\/uploads\/2023\/12\/thucpham-thay-doi-bao-bi-bot-lam-kem-tuoi-510x287.png 510w\" sizes=\"(max-width: 1280px) 100vw, 1280px\" title=\"\"><\/a><\/p>\n","protected":false},"excerpt":{"rendered":"<ul>\n<li><span style=\"font-weight: 400;\">Th\u00e0nh ph\u1ea9m kem m\u1ec1m m\u1ecbn, ng\u1ecdt d\u1ecbu, h\u01b0\u01a1ng th\u01a1m nh\u1eb9<\/span><\/li>\n<li><span style=\"font-weight: 400;\">\u00c1p d\u1ee5ng H\u1ec7 th\u1ed1ng qu\u1ea3n l\u00fd an to\u00e0n th\u1ef1c ph\u1ea9m ti\u00eau chu\u1ea9n Qu\u1ed1c t\u1ebf ISO 22000:2018<\/span><\/li>\n<li><span style=\"font-weight: 400;\">\u0110\u00f3ng g\u00f3i bao b\u00ec nh\u1ecf g\u1ecdn, ti\u1ec7n l\u1ee3i cho vi\u1ec7c s\u1eed d\u1ee5ng v\u00e0 b\u1ea3o qu\u1ea3n<\/span><\/li>\n<li><span style=\"font-weight: 400;\">Giao h\u00e0ng t\u1eadn n\u01a1i v\u00e0 nhanh ch\u00f3ng<\/span><\/li>\n<li><span style=\"font-weight: 400;\">Gi\u00e1 th\u00e0nh \u01b0u \u0111\u00e3i cho m\u1ecdi kh\u00e1ch h\u00e0ng<\/span><\/li>\n<\/ul>\n","protected":false},"featured_media":92875,"comment_status":"open","ping_status":"closed","template":"","meta":[],"product_cat":[254],"product_tag":[],"_links":{"self":[{"href":"https:\/\/thucpham.com\/vinacom\/wp-json\/wp\/v2\/product\/18394"}],"collection":[{"href":"https:\/\/thucpham.com\/vinacom\/wp-json\/wp\/v2\/product"}],"about":[{"href":"https:\/\/thucpham.com\/vinacom\/wp-json\/wp\/v2\/types\/product"}],"replies":[{"embeddable":true,"href":"https:\/\/thucpham.com\/vinacom\/wp-json\/wp\/v2\/comments?post=18394"}],"wp:featuredmedia":[{"embeddable":true,"href":"https:\/\/thucpham.com\/vinacom\/wp-json\/wp\/v2\/media\/92875"}],"wp:attachment":[{"href":"https:\/\/thucpham.com\/vinacom\/wp-json\/wp\/v2\/media?parent=18394"}],"wp:term":[{"taxonomy":"product_cat","embeddable":true,"href":"https:\/\/thucpham.com\/vinacom\/wp-json\/wp\/v2\/product_cat?post=18394"},{"taxonomy":"product_tag","embeddable":true,"href":"https:\/\/thucpham.com\/vinacom\/wp-json\/wp\/v2\/product_tag?post=18394"}],"curies":[{"name":"wp","href":"https:\/\/api.w.org\/{rel}","templated":true}]}}