{"id":17127,"date":"2021-03-08T18:43:14","date_gmt":"2021-03-08T11:43:14","guid":{"rendered":"https:\/\/thucpham.com\/?post_type=product&#038;p=17127"},"modified":"2025-03-12T12:03:37","modified_gmt":"2025-03-12T05:03:37","slug":"may-dap-nap-coc-hai-au-hat-95c","status":"publish","type":"product","link":"https:\/\/thucpham.com\/vinacom\/may-dap-nap-coc-hai-au-hat-95c\/","title":{"rendered":"M\u00e1y D\u1eadp N\u1eafp C\u1ed1c H\u1ea3i \u00c2u HAT 95C"},"content":{"rendered":"<h2 style=\"text-align: justify;\"><span style=\"font-size: 14pt;\"><b>Th\u00f4ng tin s\u1ea3n ph\u1ea9m<\/b><\/span><\/h2>\n<p style=\"text-align: justify;\"><span style=\"font-weight: 400;\">\u0110\u1ec3 \u0111\u1ea3m b\u1ea3o t\u00ednh th\u1ea9m m\u1ef9 v\u00e0 an to\u00e0n v\u1ec7 sinh cho nh\u1eefng c\u1ed1c \u0111\u1ed3 u\u1ed1ng, nhi\u1ec1u \u0111\u01a1n v\u1ecb kinh doanh \u0111\u00e3 trang b\u1ecb m\u00e1y d\u1eadp n\u1eafp c\u1ed1c gi\u00fap d\u1eadp k\u00edn mi\u1ec7ng c\u1ed1c g\u1ecdn g\u00e0ng v\u00e0 ch\u1eafc ch\u1eafn. <strong>M\u00e1y d\u1eadp n\u1eafp c\u1ed1c H\u1ea3i \u00c2u HAT 95C<\/strong> l\u00e0 m\u1ed9t trong nh\u1eefng s\u1ea3n ph\u1ea9m \u0111ang nh\u1eadn \u0111\u01b0\u1ee3c s\u1ef1 \u01b0a chu\u1ed9ng v\u00e0 \u0111\u00f3n nh\u1eadn t\u00edch c\u1ef1c t\u1eeb th\u1ecb tr\u01b0\u1eddng v\u00e0 ng\u01b0\u1eddi ti\u00eau d\u00f9ng. M\u00e1y d\u1eadp n\u1eafp c\u1ed1c th\u01b0\u01a1ng hi\u1ec7u H\u1ea3i \u00c2u n\u00e0y s\u1ebd gi\u00fap ti\u1ebft ki\u1ec7m th\u1eddi gian, c\u00f4ng s\u1ee9c cho ng\u01b0\u1eddi d\u00f9ng v\u1edbi t\u1ed1c \u0111\u1ed9 nhanh ch\u00f3ng, \u0111\u01b0\u1eddng d\u1eadp \u0111\u1ea3m b\u1ea3o k\u00edn, g\u1ecdn g\u00e0ng v\u00e0 \u0111\u1eb9p m\u1eaft. Thi\u1ebft b\u1ecb c\u0169ng n\u00e2ng cao ch\u1ea5t l\u01b0\u1ee3ng ph\u1ee5c v\u1ee5 v\u00e0 t\u0103ng ph\u1ea7n chuy\u00ean nghi\u1ec7p cho \u0111\u01a1n v\u1ecb kinh doanh.<\/span><\/p>\n<p><img class=\"aligncenter wp-image-18008 size-full\" src=\"https:\/\/thucpham.com\/wp-content\/uploads\/2021\/03\/may-dap-nap-coc-hai-au-hat-95c-9.jpg\" alt=\"M\u00e1y d\u1eadp n\u1eafp c\u1ed1c H\u1ea3i \u00c2u HAT 95C\" width=\"820\" height=\"656\" srcset=\"https:\/\/thucpham.com\/vinacom\/wp-content\/uploads\/2021\/03\/may-dap-nap-coc-hai-au-hat-95c-9.jpg 820w, https:\/\/thucpham.com\/vinacom\/wp-content\/uploads\/2021\/03\/may-dap-nap-coc-hai-au-hat-95c-9-300x240.jpg 300w, https:\/\/thucpham.com\/vinacom\/wp-content\/uploads\/2021\/03\/may-dap-nap-coc-hai-au-hat-95c-9-768x614.jpg 768w, https:\/\/thucpham.com\/vinacom\/wp-content\/uploads\/2021\/03\/may-dap-nap-coc-hai-au-hat-95c-9-24x19.jpg 24w, https:\/\/thucpham.com\/vinacom\/wp-content\/uploads\/2021\/03\/may-dap-nap-coc-hai-au-hat-95c-9-36x29.jpg 36w, https:\/\/thucpham.com\/vinacom\/wp-content\/uploads\/2021\/03\/may-dap-nap-coc-hai-au-hat-95c-9-48x38.jpg 48w, https:\/\/thucpham.com\/vinacom\/wp-content\/uploads\/2021\/03\/may-dap-nap-coc-hai-au-hat-95c-9-510x408.jpg 510w\" sizes=\"(max-width: 820px) 100vw, 820px\" title=\"\"><\/p>\n<p style=\"text-align: center;\"><em>Th\u00f4ng tin s\u1ea3n ph\u1ea9m M\u00e1y d\u1eadp n\u1eafp c\u1ed1c H\u1ea3i \u00c2u HAT 95C<\/em><\/p>\n<h2 style=\"text-align: justify;\"><span style=\"font-size: 14pt;\"><b>Nh\u1eefng \u0111\u1eb7c \u0111i\u1ec3m n\u1ed5i b\u1eadt<\/b><\/span><\/h2>\n<h3 style=\"text-align: justify;\"><span style=\"font-size: 12pt;\"><b>HAT 95C c\u00f3&nbsp;hai ch\u1ebf \u0111\u1ed9 d\u1eadp<\/b><\/span><\/h3>\n<p style=\"text-align: justify;\"><span style=\"font-weight: 400;\">Khi s\u1eed d\u1ee5ng m\u00e1y d\u1eadp n\u1eafp c\u1ed1c HAT 95C, ng\u01b0\u1eddi d\u00f9ng c\u00f3 th\u1ec3 l\u1ef1a ch\u1ecdn ch\u1ebf \u0111\u1ed9 d\u1eadp th\u1ee7 c\u00f4ng ho\u1eb7c t\u1ef1 \u0111\u1ed9ng d\u1ef1a tr\u00ean quy tr\u00ecnh v\u1eadn h\u00e0nh c\u1ee7a m\u00e1y. Trong tr\u01b0\u1eddng h\u1ee3p m\u00e2m nhi\u1ec7t ch\u01b0a \u0111\u1ea1t \u0111\u1ebfn nhi\u1ec7t \u0111\u1ed9 c\u00e0i \u0111\u1eb7t, c\u00f3 th\u1ec3 th\u1ef1c hi\u1ec7n d\u1eadp th\u1ee7 c\u00f4ng. Khi nhi\u1ec7t \u0111\u1ed9 m\u00e2m nhi\u1ec7t t\u0103ng cao \u0111\u1ebfn m\u1ee9c nhi\u1ec7t c\u00e0i \u0111\u1eb7t. L\u00fac n\u00e0y c\u00f3 th\u1ec3 chuy\u1ec3n sang ch\u1ebf \u0111\u1ed9 d\u1eadp t\u1ef1 \u0111\u1ed9ng. \u0110\u1ec3 \u0111i\u1ec1u ch\u1ec9nh ch\u1ebf \u0111\u1ed9 d\u1eadp t\u1ef1 \u0111\u1ed9ng, th\u1ee7 c\u00f4ng, ch\u1ec9 c\u1ea7n \u1ea5n ch\u1ecdn ch\u1ee9c n\u0103ng: V\u1eacN H\u00c0NH TH\u1ee6 C\u00d4NG tr\u00ean b\u1ea3ng \u0111i\u1ec1u khi\u1ec3n, \u0111\u00e8n b\u00e1o thao t\u00e1c th\u1ee7 c\u00f4ng s\u1ebd s\u00e1ng. Ng\u01b0\u1ee3c l\u1ea1i, khi ch\u1ecdn d\u1eadp t\u1ef1 \u0111\u1ed9ng, \u0111\u00e8n b\u00e1o thao t\u00e1c t\u1ef1 \u0111\u1ed9ng s\u1ebd s\u00e1ng. V\u1edbi c\u01a1 ch\u1ebf linh ho\u1ea1t n\u00e0y, ng\u01b0\u1eddi d\u00f9ng t\u00f9y ch\u1ecdn ch\u1ebf \u0111\u1ed9 d\u1eadp theo nhu c\u1ea7u s\u1eed d\u1ee5ng d\u1ec5 d\u00e0ng v\u00e0 ch\u1ee7 \u0111\u1ed9ng h\u01a1n.<\/span><\/p>\n<h3 style=\"text-align: justify;\"><span style=\"font-size: 12pt;\"><b>H\u1ec7 th\u1ed1ng \u0111i\u1ec1u khi\u1ec3n hi\u1ec7n \u0111\u1ea1i<\/b><\/span><\/h3>\n<p style=\"text-align: justify;\"><span style=\"font-weight: 400;\">M\u1ed9t \u01b0u \u0111i\u1ec3m n\u1ed5i b\u1eadt kh\u00e1c c\u1ee7a <em>m\u00e1y d\u1eadp n\u1eafp c\u1ed1c H\u1ea3i \u00c2u HAT 95C<\/em> l\u00e0 b\u1ea3ng \u0111i\u1ec1u khi\u1ec3n hi\u1ec7n \u0111\u1ea1i, nhi\u1ec1u t\u00ednh n\u0103ng th\u00f4ng minh. Ng\u01b0\u1eddi d\u00f9ng c\u00f3 th\u1ec3 c\u00e0i \u0111\u1eb7t ch\u1ee9c n\u0103ng, c\u00e0i \u0111\u1eb7t th\u1eddi gian ph\u1ea3n h\u1ed3i, ph\u00e1t hi\u1ec7n m\u00e3 l\u1ed7i\u2026 th\u00f4ng qua hai m\u00e0n h\u00ecnh \u0111i\u1ec1u khi\u1ec3n b\u00ean tr\u00e1i v\u00e0 ph\u1ea3i. Ngo\u00e0i ra, m\u00e1y c\u00f2n \u0111\u01b0\u1ee3c trang b\u1ecb b\u1ed9 \u0111\u1ebfm t\u1ef1 \u0111\u1ed9ng gi\u00fap vi\u1ec7c \u0111\u1ebfm s\u1ed1 l\u01b0\u1ee3ng c\u1ed1c d\u1eadp ch\u00ednh x\u00e1c, d\u1ec5 d\u00e0ng quan s\u00e1t. \u0110\u1eb7c bi\u1ec7t, n\u1ebfu c\u1ed1c \u0111\u01b0\u1ee3c d\u1eadp ch\u01b0a k\u00edn v\u00e0 ch\u1eafc ch\u1eafn trong l\u1ea7n \u0111\u1ea7u ti\u00ean, ng\u01b0\u1eddi d\u00f9ng ch\u1ec9 c\u1ea7n l\u1ef1a ch\u1ecdn n\u00fat xu\u1ed1ng (\u25bc) \u0111\u1ec3 d\u1eadp l\u1ea7n 2, v\u00f4 c\u00f9ng \u0111\u01a1n gi\u1ea3n v\u00e0 nh\u1eb9 nh\u00e0ng. B\u00ean c\u1ea1nh \u0111\u00f3, h\u1ec7 th\u1ed1ng \u0111\u00e8n b\u00e1o c\u1ee7a m\u00e1y cho ph\u00e9p ng\u01b0\u1eddi d\u00f9ng theo d\u00f5i \u0111\u01b0\u1ee3c qu\u00e1 tr\u00ecnh l\u00e0m vi\u1ec7c c\u1ee7a m\u00e1y t\u1eeb giai \u0111o\u1ea1n c\u1ed1c \u0111\u01b0\u1ee3c \u0111\u01b0a v\u00e0o khu\u00f4n d\u1eadp khi \u0111\u00e8n c\u1ea3nh b\u00e1o c\u1ed1c v\u00e0o s\u00e1ng l\u00ean, \u0111\u1ebfn khi c\u1ed1c \u0111\u01b0\u1ee3c d\u1eadp xong v\u00e0 \u0111\u01b0a ra ngo\u00e0i, hay bi\u1ebft \u0111\u01b0\u1ee3c m\u1ee9c nhi\u1ec7t \u0111\u1ed9 \u0111ang t\u0103ng l\u00ean khi \u0111\u00e8n b\u00e1o t\u0103ng nhi\u1ec7t s\u00e1ng\u2026<\/span><\/p>\n<h3 style=\"text-align: justify;\"><span style=\"font-size: 12pt;\"><b>D\u1eadp m\u1ecdi lo\u1ea1i size v\u00e0 ch\u1ea5t li\u1ec7u c\u1ed1c kh\u00e1c nhau<\/b><\/span><\/h3>\n<p style=\"text-align: justify;\"><span style=\"font-weight: 400;\">\u01afu th\u1ebf v\u01b0\u1ee3t tr\u1ed9i c\u1ee7a m\u00e1y d\u1eadp n\u1eafp c\u1ed1c H\u1ea3i \u00c2u l\u00e0 kh\u1ea3 n\u0103ng d\u1eadp \u0111a d\u1ea1ng, t\u1ea5t c\u1ea3 c\u00e1c lo\u1ea1i size c\u1ed1c S, M, L\u2026 R\u1ea5t ph\u00f9 h\u1ee3p v\u1edbi y\u00eau c\u1ea7u c\u1ee7a c\u00e1c \u0111\u01a1n v\u1ecb kinh doanh ph\u1ee5c v\u1ee5 \u0111\u1ed3 u\u1ed1ng hi\u1ec7n nay. \u0110\u1ec3 l\u00e0m \u0111\u01b0\u1ee3c \u0111i\u1ec1u n\u00e0y, m\u00e1y \u0111\u00e3 \u0111\u01b0\u1ee3c thi\u1ebft k\u1ebf ph\u1ea7n k\u00edch th\u01b0\u1edbc mi\u1ec7ng c\u1ed1c l\u00e0 95\/90mm v\u00e0 chi\u1ec1u cao mi\u1ec7ng c\u1ed1c l\u00ean t\u1edbi 19cm. T\u00f9y theo lo\u1ea1i size c\u1ed1c c\u00f3 k\u00edch th\u01b0\u1edbc mi\u1ec7ng v\u00e0 chi\u1ec1u cao c\u1ed1c kh\u00e1c nhau, khi d\u1eadp c\u00f3 th\u1ec3 \u0111i\u1ec1u ch\u1ec9nh sao cho ph\u00f9 h\u1ee3p nh\u1ea5t. C\u00f9ng v\u1edbi \u0111\u00f3, m\u00e1y d\u1eadp n\u1eafp c\u1ed1c H\u1ea3i \u00c2u HAT 95C c\u0169ng d\u1eadp \u0111\u01b0\u1ee3c m\u1ecdi lo\u1ea1i ch\u1ea5t li\u1ec7u c\u1ed1c v\u00e0 m\u00e0ng b\u1ecdc kh\u00e1c nhau, b\u1edfi nhi\u1ec7t \u0111\u1ed9 c\u1ee7a m\u00e1y \u0111\u01b0\u1ee3c thi\u1ebft l\u1eadp t\u1eeb 25 \u0111\u1ebfn 250 \u0111\u1ed9 C, ph\u00f9 h\u1ee3p v\u1edbi nhi\u1ec1u lo\u1ea1i ch\u1ea5t li\u1ec7u. T\u00f9y v\u00e0o ch\u1ea5t li\u1ec7u c\u1ed1c v\u00e0 m\u00e0ng b\u1ecdc \u0111\u1ec3 l\u1ef1a ch\u1ecdn m\u1ee9c nhi\u1ec7t \u0111\u1ed9 t\u01b0\u01a1ng \u1ee9ng, nh\u1edb r\u1eb1ng n\u00ean l\u1ef1a ch\u1ecdn ch\u1ea5t li\u1ec7u c\u1ed1c v\u00e0 m\u00e0ng b\u1ecdc t\u01b0\u01a1ng \u0111\u1ed3ng \u0111\u1ec3 \u0111\u1ea3m b\u1ea3o c\u1ed1c \u0111\u01b0\u1ee3c d\u1eadp t\u1ed1t nh\u1ea5t.<\/span><\/p>\n<h3 style=\"text-align: justify;\"><span style=\"font-size: 12pt;\"><b>Hi\u1ec7u su\u1ea5t cao, t\u1ed1c \u0111\u1ed9 nhanh ch\u00f3ng<\/b><\/span><\/h3>\n<p style=\"text-align: justify;\"><span style=\"font-weight: 400;\">M\u00e1y d\u1eadp n\u1eafp c\u1ed1c H\u1ea3i \u00c2u HAT 95C c\u00f3 c\u00f4ng su\u1ea5t 350W, cho ph\u00e9p m\u00e1y d\u1eadp nhanh v\u00e0 \u0111\u1ea3m b\u1ea3o hi\u1ec7u su\u1ea5t cao. Trong m\u1ed9t gi\u1edd, m\u00e1y c\u00f3 th\u1ec3 d\u1eadp \u0111\u01b0\u1ee3c t\u1eeb 350 &#8211; 400 c\u1ed1c. \u0110\u00e1p \u1ee9ng nhu c\u1ea7u s\u1eed d\u1ee5ng c\u1ee7a b\u1ea5t k\u1ef3 m\u1ed9t qu\u00e1n \u0111\u1ed3 u\u1ed1ng hay qu\u1ea7y pha ch\u1ebf chuy\u00ean nghi\u1ec7p n\u00e0o. T\u1ed1c \u0111\u1ed9 d\u1eadp nhanh l\u00e0 v\u1eady nh\u01b0ng ch\u1ea5t l\u01b0\u1ee3ng d\u1eadp v\u1eabn r\u1ea5t \u0111\u1ea3m b\u1ea3o, \u0111\u01b0\u1eddng d\u1eadp k\u00edn v\u00e0 ch\u1eafc ch\u1eafn, g\u1ecdn g\u00e0ng. Cho nh\u1eefng ly \u0111\u1ed3 u\u1ed1ng th\u00eam ph\u1ea7n \u0111\u1eb9p m\u1eaft, n\u01b0\u1edbc kh\u00f4ng b\u1ecb tr\u00e0n ra ngo\u00e0i, thu\u1eadn ti\u1ec7n h\u01a1n khi di chuy\u1ec3n. M\u1eb7t kh\u00e1c, m\u00e1y c\u00f3 ph\u1ea7n khung r\u1ea5t ch\u1eafc ch\u1eafn v\u00e0 v\u1eefng ch\u00e3i l\u00e0m t\u1eeb kim lo\u1ea1i v\u00e0 \u0111\u01b0\u1ee3c <a href=\"http:\/\/www.bdresearch.org\/son-tinh-dien.html\" target=\"_blank\" rel=\"nofollow noopener\" data-schema-attribute=\"\">s\u01a1n t\u0129nh \u0111i\u1ec7n<\/a>. V\u1eeba gi\u00fap m\u00e1y d\u1ec5 lau ch\u00f9i, s\u1ea1ch s\u1ebd v\u00e0 chuy\u00ean nghi\u1ec7p h\u01a1n, v\u1eeba \u0111\u1ea3m b\u1ea3o m\u00e1y kh\u00f4ng b\u1ecb rung l\u1eafc khi l\u00e0m vi\u1ec7c, an to\u00e0n h\u01a1n khi v\u1eadn h\u00e0nh.<\/span><\/p>\n<h2 style=\"text-align: justify;\"><span style=\"font-size: 14pt;\"><b>\u1ee8ng d\u1ee5ng th\u1ef1c ti\u1ec5n<\/b><\/span><\/h2>\n<p style=\"text-align: justify;\"><span style=\"font-weight: 400;\">Hi\u1ec7u qu\u1ea3 s\u1eed d\u1ee5ng cao, chi ph\u00ed \u0111\u1ea7u t\u01b0 th\u1ea5p, mang t\u1edbi nhi\u1ec1u ti\u1ec7n \u00edch v\u00e0 th\u1ec3 hi\u1ec7n s\u1ef1 chuy\u00ean nghi\u1ec7p, hi\u1ec7n \u0111\u1ea1i c\u1ee7a \u0111\u01a1n v\u1ecb kinh doanh. <strong>M\u00e1y d\u1eadp n\u1eafp c\u1ed1c H\u1ea3i \u00c2u HAT 95C<\/strong> \u0111\u01b0\u1ee3c nhi\u1ec1u \u0111\u01a1n v\u1ecb kinh doanh \u01b0a chu\u1ed9ng v\u00e0 l\u1ef1a ch\u1ecdn:<\/span><\/p>\n<ul>\n<li style=\"font-weight: 400; text-align: justify;\" aria-level=\"1\"><span style=\"font-weight: 400;\">Qu\u00e1n cafe, qu\u00e1n tr\u00e0 s\u1eefa, c\u00e1c c\u1eeda h\u00e0ng \u0111\u1ed3 u\u1ed1ng, c\u1eeda h\u00e0ng \u0111\u1ed3 \u0103n v\u1eb7t, th\u1ee9c \u0103n nhanh (c\u00f3 ph\u1ee5c v\u1ee5 \u0111\u1ed3 u\u1ed1ng \u0111i k\u00e8m)<\/span><\/li>\n<li style=\"font-weight: 400; text-align: justify;\" aria-level=\"1\"><span style=\"font-weight: 400;\">C\u00e1c qu\u00e1n ch\u00e1o dinh d\u01b0\u1ee1ng, qu\u00e1n ch\u00e8 ph\u1ee5c v\u1ee5 nhu c\u1ea7u mua mang \u0111i<\/span><\/li>\n<li style=\"font-weight: 400; text-align: justify;\" aria-level=\"1\"><span style=\"font-weight: 400;\">Qu\u1ea7y ph\u1ee5c v\u1ee5 \u0111\u1ed3 u\u1ed1ng, qu\u1ea7y pha ch\u1ebf trong c\u00e1c nh\u00e0 h\u00e0ng, kh\u00e1ch s\u1ea1n, r\u1ea1p chi\u1ebfu phim, khu vui ch\u01a1i gi\u1ea3i tr\u00ed<\/span><\/li>\n<li style=\"font-weight: 400; text-align: justify;\" aria-level=\"1\"><span style=\"font-weight: 400;\">Canteen tr\u01b0\u1eddng h\u1ecdc, b\u1ec7nh vi\u1ec7n, khu c\u00f4ng nghi\u1ec7p c\u00f3 ph\u1ee5c v\u1ee5 \u0111\u1ed3 u\u1ed1ng, \u0111\u1ed3 \u0103n v\u1eb7t<\/span><\/li>\n<\/ul>\n<p>T\u1eadp \u0110o\u00e0n H\u1ea3i \u00c2u c\u0169ng cho ra m\u1eaft th\u1ecb tr\u01b0\u1eddng r\u1ea5t nhi\u1ec1u lo\u1ea1i m\u00e1y &#8211; thi\u1ebft b\u1ecb pha ch\u1ebf nh\u1eb1m ph\u1ee5c v\u1ee5 nhu c\u1ea7u c\u1ee7a c\u00e1c nh\u00e0 h\u00e0ng, kh\u00e1ch s\u1ea1n, qu\u00e1n cafe, qu\u00e1n n\u01b0\u1edbc nh\u01b0: <a href=\"https:\/\/thucpham.com\/may-dinh-luong-duong-hai-au-hat-16p\/\" data-schema-attribute=\"\">M\u00e1y \u0111\u1ecbnh l\u01b0\u1ee3ng \u0111\u01b0\u1eddng H\u1ea3i \u00c2u HAT 16P<\/a>, m\u00e1y \u0111un n\u01b0\u1edbc n\u00f3ng H\u1ea3i \u00c2u cao c\u1ea5p NHA 50P, <a href=\"https:\/\/thucpham.com\/may-lam-da-vien-cao-cap-hai-au-ha-30p\/\" data-schema-attribute=\"\">m\u00e1y l\u00e0m \u0111\u00e1 vi\u00ean cao c\u1ea5p H\u1ea3i \u00c2u HA 30P<\/a>&#8230;<\/p>\n","protected":false},"excerpt":{"rendered":"<ul>\n<li style=\"font-weight: 400;\" aria-level=\"1\"><span style=\"font-weight: 400;\">Khung m\u00e1y ch\u1eafc ch\u1eafn, v\u1eefng ch\u00e3i, ki\u1ec3u d\u00e1ng g\u1ecdn g\u00e0ng<\/span><\/li>\n<li style=\"font-weight: 400;\" aria-level=\"1\"><span style=\"font-weight: 400;\">Ch\u1ebf \u0111\u1ed9 d\u1eadp linh ho\u1ea1t, t\u00f9y ch\u1ecdn theo nhu c\u1ea7u s\u1eed d\u1ee5ng<\/span><\/li>\n<li style=\"font-weight: 400;\" aria-level=\"1\"><span style=\"font-weight: 400;\">\u0110\u01b0\u1eddng d\u1eadp ch\u1eafc ch\u1eafn, k\u00edn kh\u00edt, g\u1ecdn g\u00e0ng v\u00e0 \u0111\u1eb9p m\u1eaft<\/span><\/li>\n<li style=\"font-weight: 400;\" aria-level=\"1\"><span style=\"font-weight: 400;\">V\u1eadn h\u00e0nh \u0111\u01a1n gi\u1ea3n, d\u1ec5 d\u00e0ng v\u1edbi b\u1ea3ng \u0111i\u1ec1u khi\u1ec3n hi\u1ec7n \u0111\u1ea1i<\/span><\/li>\n<li style=\"font-weight: 400;\" aria-level=\"1\"><span style=\"font-weight: 400;\">H\u1ec7 th\u1ed1ng \u0111\u00e8n b\u00e1o th\u00f4ng minh, ti\u1ec7n l\u1ee3i quan s\u00e1t<\/span><\/li>\n<\/ul>\n","protected":false},"featured_media":40196,"comment_status":"open","ping_status":"closed","template":"","meta":[],"product_cat":[208],"product_tag":[],"_links":{"self":[{"href":"https:\/\/thucpham.com\/vinacom\/wp-json\/wp\/v2\/product\/17127"}],"collection":[{"href":"https:\/\/thucpham.com\/vinacom\/wp-json\/wp\/v2\/product"}],"about":[{"href":"https:\/\/thucpham.com\/vinacom\/wp-json\/wp\/v2\/types\/product"}],"replies":[{"embeddable":true,"href":"https:\/\/thucpham.com\/vinacom\/wp-json\/wp\/v2\/comments?post=17127"}],"wp:featuredmedia":[{"embeddable":true,"href":"https:\/\/thucpham.com\/vinacom\/wp-json\/wp\/v2\/media\/40196"}],"wp:attachment":[{"href":"https:\/\/thucpham.com\/vinacom\/wp-json\/wp\/v2\/media?parent=17127"}],"wp:term":[{"taxonomy":"product_cat","embeddable":true,"href":"https:\/\/thucpham.com\/vinacom\/wp-json\/wp\/v2\/product_cat?post=17127"},{"taxonomy":"product_tag","embeddable":true,"href":"https:\/\/thucpham.com\/vinacom\/wp-json\/wp\/v2\/product_tag?post=17127"}],"curies":[{"name":"wp","href":"https:\/\/api.w.org\/{rel}","templated":true}]}}