{"id":17109,"date":"2021-03-08T17:43:37","date_gmt":"2021-03-08T10:43:37","guid":{"rendered":"https:\/\/thucpham.com\/?post_type=product&#038;p=17109"},"modified":"2025-03-12T12:04:04","modified_gmt":"2025-03-12T05:04:04","slug":"may-dinh-luong-duong-hai-au-hat-16p","status":"publish","type":"product","link":"https:\/\/thucpham.com\/vinacom\/may-dinh-luong-duong-hai-au-hat-16p\/","title":{"rendered":"M\u00e1y \u0110\u1ecbnh L\u01b0\u1ee3ng \u0110\u01b0\u1eddng H\u1ea3i \u00c2u HAT 16P"},"content":{"rendered":"<h2 style=\"text-align: justify;\"><span style=\"font-size: 14pt;\"><b>1, Th\u00f4ng tin s\u1ea3n ph\u1ea9m<\/b><\/span><\/h2>\n<p style=\"text-align: justify;\"><span style=\"font-weight: 400;\">\u0110\u1ec3 \u0111ong \u0111o ch\u00ednh x\u00e1c m\u1ee9c \u0111\u1ed9 \u0111\u01b0\u1eddng trong t\u1eebng ly \u0111\u1ed3 u\u1ed1ng l\u00e0 \u0111i\u1ec1u kh\u00f4ng h\u1ec1 d\u1ec5 d\u00e0ng n\u1ebfu s\u1eed d\u1ee5ng ph\u01b0\u01a1ng ph\u00e1p th\u1ee7 c\u00f4ng, truy\u1ec1n th\u1ed1ng. T\u1ed1n k\u00e9m th\u1eddi gian v\u00e0 hi\u1ec7u qu\u1ea3 kh\u00f4ng cao d\u1eabn t\u1edbi ho\u1ea1t \u0111\u1ed9ng kinh doanh b\u1ecb \u1ea3nh h\u01b0\u1edfng kh\u00f4ng \u00edt. L\u00fac n\u00e0y, m\u00e1y \u0111\u1ecbnh l\u01b0\u1ee3ng \u0111\u01b0\u1eddng H\u1ea3i \u00c2u HAT 16P l\u00e0 l\u1ef1a ch\u1ecdn ph\u00f9 h\u1ee3p h\u01a1n c\u1ea3. Thi\u1ebft b\u1ecb c\u00f3 th\u1ec3 \u0111o \u0111\u1ebfm ch\u00ednh x\u00e1c t\u1ec9 l\u1ec7 \u0111\u01b0\u1eddng trong t\u1eebng c\u1ed1c \u0111\u1ed3 u\u1ed1ng \u0111\u1ebfn t\u1eebng mililit, \u0111\u00e1p \u1ee9ng t\u1ed1t h\u01a1n y\u00eau c\u1ea7u c\u1ee7a kh\u00e1ch h\u00e0ng. HAT 16P c\u0169ng g\u00f3p ph\u1ea7n kh\u1eb3ng \u0111\u1ecbnh s\u1ef1 chuy\u00ean nghi\u1ec7p v\u00e0 n\u00e2ng t\u1ea7ng \u0111\u1eb3ng c\u1ea5p cho \u0111\u01a1n v\u1ecb kinh doanh c\u0169ng nh\u01b0 c\u00e1c qu\u1ea7y pha ch\u1ebf.<\/span><\/p>\n<p><img class=\"size-full wp-image-17110 aligncenter\" src=\"https:\/\/thucpham.com\/wp-content\/uploads\/2021\/03\/may-dinh-luong-duong-hai-au-hat-16p-9.jpg\" alt=\"M\u00e1y \u0111\u1ecbnh l\u01b0\u01a1ng \u0111\u01b0\u1eddng H\u1ea3i \u00c2u HAT 16P\" width=\"820\" height=\"656\" srcset=\"https:\/\/thucpham.com\/vinacom\/wp-content\/uploads\/2021\/03\/may-dinh-luong-duong-hai-au-hat-16p-9.jpg 820w, https:\/\/thucpham.com\/vinacom\/wp-content\/uploads\/2021\/03\/may-dinh-luong-duong-hai-au-hat-16p-9-300x240.jpg 300w, https:\/\/thucpham.com\/vinacom\/wp-content\/uploads\/2021\/03\/may-dinh-luong-duong-hai-au-hat-16p-9-768x614.jpg 768w, https:\/\/thucpham.com\/vinacom\/wp-content\/uploads\/2021\/03\/may-dinh-luong-duong-hai-au-hat-16p-9-24x19.jpg 24w, https:\/\/thucpham.com\/vinacom\/wp-content\/uploads\/2021\/03\/may-dinh-luong-duong-hai-au-hat-16p-9-36x29.jpg 36w, https:\/\/thucpham.com\/vinacom\/wp-content\/uploads\/2021\/03\/may-dinh-luong-duong-hai-au-hat-16p-9-48x38.jpg 48w, https:\/\/thucpham.com\/vinacom\/wp-content\/uploads\/2021\/03\/may-dinh-luong-duong-hai-au-hat-16p-9-510x408.jpg 510w\" sizes=\"(max-width: 820px) 100vw, 820px\" title=\"\"><\/p>\n<h2 style=\"text-align: justify;\"><span style=\"font-size: 14pt;\"><b>2, Nh\u1eefng \u0111\u1eb7c \u0111i\u1ec3m n\u1ed5i b\u1eadt c\u1ee7a m\u00e1y \u0111\u1ecbnh l\u01b0\u1ee3ng \u0111\u01b0\u1eddng H\u1ea3i \u00c2u HAT 16P<\/b><\/span><\/h2>\n<h3 style=\"text-align: justify;\"><span style=\"font-size: 12pt;\"><b>M\u00e1y \u0111\u1ecbnh l\u01b0\u1ee3ng \u0111\u01b0\u1eddng H\u1ea3i \u00c2u HAT 16P thi\u1ebft k\u1ebf tinh g\u1ecdn, ti\u1ebft ki\u1ec7m di\u1ec7n t\u00edch l\u1eafp \u0111\u1eb7t<\/b><\/span><\/h3>\n<p style=\"text-align: justify;\"><span style=\"font-weight: 400;\">H\u1ea7u h\u1ebft c\u00e1c qu\u1ea7y pha ch\u1ebf, c\u00e1c qu\u00e1n \u0111\u1ed3 u\u1ed1ng \u1edf n\u01b0\u1edbc ta hi\u1ec7n nay \u0111\u1ec1u c\u00f3 di\u1ec7n t\u00edch kh\u00e1 h\u1ea1n h\u1eb9p. M\u1ed9t ph\u1ea7n do quy m\u00f4 kinh doanh \u0111\u1ec1u thu\u1ed9c m\u1ee9c v\u1eeba v\u00e0 nh\u1ecf, ph\u1ea7n kh\u00e1c l\u00e0 b\u1edfi qu\u1ea7y pha ch\u1ebf c\u1ea7n l\u1eafp \u0111\u1eb7t r\u1ea5t nhi\u1ec1u c\u00e1c lo\u1ea1i thi\u1ebft b\u1ecb kh\u00e1c nhau n\u00ean khi\u1ebfn kh\u00f4ng gian b\u1ecb thu h\u1eb9p h\u01a1n. V\u00ec v\u1eady, nh\u1eefng thi\u1ebft b\u1ecb nh\u1ecf g\u1ecdn l\u00e0 \u01b0u ti\u00ean h\u00e0ng \u0111\u1ea7u c\u1ee7a c\u00e1c \u0111\u01a1n v\u1ecb kinh doanh. V\u00e0 m\u00e1y \u0111\u1ecbnh l\u01b0\u1ee3ng \u0111\u01b0\u1eddng HAT 16P ho\u00e0n to\u00e0n ph\u00f9 h\u1ee3p v\u1edbi y\u00eau c\u1ea7u n\u00e0y. M\u00e1y c\u00f3 k\u00edch th\u01b0\u1edbc c\u00e1c chi\u1ec1u l\u00e0 250 x 350 x 410 mm, t\u01b0\u01a1ng \u0111\u01b0\u01a1ng v\u1edbi c\u00e1c lo\u1ea1i \u1ea5m \u0111un, b\u00ecnh \u0111un n\u01b0\u1edbc th\u01b0\u1eddng th\u1ea5y. R\u1ea5t ti\u1ebft ki\u1ec7m di\u1ec7n t\u00edch l\u1eafp \u0111\u1eb7t cho c\u00e1c qu\u1ea7y pha ch\u1ebf. K\u00edch th\u01b0\u1edbc nh\u1ecf nh\u1eafn, ki\u1ec3u d\u00e1ng vu\u00f4ng v\u1eafn v\u00e0 thi\u1ebft k\u1ebf tinh g\u1ecdn, t\u1ed1i gi\u1ea3n c\u0169ng t\u1ea1o cho qu\u1ea7y pha ch\u1ebf s\u1ef1 g\u1ecdn g\u00e0ng, ng\u0103n n\u1eafp h\u01a1n. V\u1ecf m\u00e1y kim lo\u1ea1i s\u01a1n t\u0129nh \u0111i\u1ec7n tone m\u00e0u \u0111en b\u00f3ng c\u0169ng l\u00e0 \u0111i\u1ec3m nh\u1ea5n thi\u1ebft k\u1ebf \u0111\u00e1ng ch\u00fa \u00fd, t\u1ea1o s\u1ef1 n\u1ed5i b\u1eadt v\u00e0 sang tr\u1ecdng, chuy\u00ean nghi\u1ec7p v\u00e0 hi\u1ec7n \u0111\u1ea1i cho c\u00e1c qu\u1ea7y pha ch\u1ebf.<\/span><\/p>\n<h3 style=\"text-align: justify;\"><span style=\"font-size: 12pt;\"><b>\u0110\u00e1p \u1ee9ng m\u1ecdi nhu c\u1ea7u pha ch\u1ebf v\u1edbi 16 m\u1ee9c \u0111\u1ed9 \u0111\u01b0\u1eddng \u0111\u01b0\u1ee3c thi\u1ebft l\u1eadp s\u1eb5n<\/b><\/span><\/h3>\n<p style=\"text-align: justify;\"><span style=\"font-weight: 400;\">M\u1ed7i m\u1ed9t v\u1ecb kh\u00e1ch \u0111\u1ebfn qu\u00e1n \u0111\u1ed3 u\u1ed1ng s\u1ebd c\u00f3 nh\u1eefng y\u00eau c\u1ea7u kh\u00e1c nhau v\u1ec1 lo\u1ea1i \u0111\u1ed3 u\u1ed1ng v\u00e0 t\u1ec9 l\u1ec7 \u0111\u01b0\u1eddng trong t\u1eebng c\u1ed1c \u0111\u1ed3 u\u1ed1ng. N\u1ebfu \u0111o \u0111\u01b0\u1eddng b\u1eb1ng tay th\u00ec s\u1ebd r\u1ea5t kh\u00f3 \u0111\u1ea3m b\u1ea3o ch\u00ednh x\u00e1c theo y\u00eau c\u1ea7u, v\u00e0 t\u1ed1c \u0111\u1ed9 pha ch\u1ebf c\u0169ng m\u1ea5t nhi\u1ec1u th\u1eddi gian h\u01a1n. Nh\u01b0ng v\u1edbi m\u00e1y \u0111\u1ecbnh l\u01b0\u1ee3ng \u0111\u01b0\u1eddng H\u1ea3i \u00c2u HAT 16P th\u00ec nh\u00e2n vi\u00ean pha ch\u1ebf s\u1ebd \u201cr\u1ea3nh tay\u201d h\u01a1n b\u1edfi m\u00e1y \u0111\u01b0\u1ee3c thi\u1ebft l\u1eadp s\u1eb5n t\u1edbi 16 m\u1ee9c \u0111\u1ed9 \u0111\u01b0\u1eddng kh\u00e1c nhau d\u1ef1a tr\u00ean y\u00eau c\u1ea7u ph\u1ed5 bi\u1ebfn c\u1ee7a kh\u00e1ch h\u00e0ng. C\u00e1c nh\u00e2n vi\u00ean pha ch\u1ebf ch\u1ec9 c\u1ea7n \u1ea5n ch\u1ecdn m\u1ee9c \u0111\u01b0\u1eddng \u0111\u00e3 \u0111\u01b0\u1ee3c c\u00e0i \u0111\u1eb7t s\u1eb5n. Trong v\u00f2ng 5 gi\u00e2y \u0111\u00e3 c\u00f3 th\u1ec3 l\u1ea5y \u0111\u01b0\u1ee3c t\u1ec9 l\u1ec7 \u0111\u01b0\u1eddng ch\u00ednh x\u00e1c \u0111\u00fang theo nhu c\u1ea7u c\u1ee7a kh\u00e1ch. Vi\u1ec7c l\u1ea5y \u0111\u01b0\u1eddng nhanh ch\u00f3ng v\u00e0 ch\u00ednh x\u00e1c s\u1ebd gi\u00fap \u0111\u00e1p \u1ee9ng s\u1edf th\u00edch c\u1ee7a m\u1ecdi kh\u00e1ch h\u00e0ng, l\u00e0 c\u01a1 s\u1edf \u0111\u1ec3 n\u00e2ng cao ch\u1ea5t l\u01b0\u1ee3ng ph\u1ee5c v\u1ee5 v\u00e0 th\u00fac \u0111\u1ea9y ho\u1ea1t \u0111\u1ed9ng kinh doanh hi\u1ec7u qu\u1ea3 h\u01a1n.<\/span><\/p>\n<h3 style=\"text-align: justify;\"><span style=\"font-size: 12pt;\"><b>M\u00e1y \u0111\u1ecbnh l\u01b0\u1ee3ng \u0111\u01b0\u1eddng H\u1ea3i \u00c2u HAT 16P s\u1edf h\u1eefu b\u1ea3ng \u0111i\u1ec1u khi\u1ec3n th\u00f4ng minh, nhi\u1ec1u t\u00ednh n\u0103ng hi\u1ec7n \u0111\u1ea1i<\/b><\/span><\/h3>\n<p style=\"text-align: justify;\"><span style=\"font-weight: 400;\">B\u1ea3ng \u0111i\u1ec1u khi\u1ec3n th\u00f4ng minh, nhi\u1ec1u t\u00ednh n\u0103ng hi\u1ec7n \u0111\u1ea1i l\u00e0 m\u1ed9t trong nh\u1eefng chi ti\u1ebft thi\u1ebft k\u1ebf \u1ea5n t\u01b0\u1ee3ng nh\u1ea5t \u1edf m\u00e1y \u0111o \u0111\u01b0\u1eddng H\u1ea3i \u00c2u HAT 16P. V\u1edbi b\u1ea3ng \u0111i\u1ec1u khi\u1ec3n, ng\u01b0\u1eddi d\u00f9ng c\u00f3 th\u1ec3 c\u00e0i \u0111\u1eb7t m\u1ee9c \u0111\u01b0\u1eddng t\u00f9y th\u00edch b\u1eb1ng c\u00e1ch \u1ea5n ph\u00edm C\u00c0I \u0110\u1eb6T. Sau \u0111\u00f3 l\u1ef1a ch\u1ecdn ph\u00edm m\u0169i t\u00ean l\u00ean\/xu\u1ed1ng \u0111\u1ec3 \u0111i\u1ec1u ch\u1ec9nh t\u0103ng\/gi\u1ea3m theo nhu c\u1ea7u. \u1ea4n ph\u00edm L\u01afU \u0111\u1ec3 k\u1ebft th\u00fac qu\u00e1 tr\u00ecnh c\u00e0i \u0111\u1eb7t. Ngo\u00e0i ra, m\u00e1y \u0111\u01b0\u1ee3c trang b\u1ecb th\u00eam h\u1ec7 th\u1ed1ng c\u1ea3nh b\u00e1o cho ph\u00e9p ng\u01b0\u1eddi d\u00f9ng bi\u1ebft \u0111\u01b0\u1ee3c th\u1eddi \u0111i\u1ec3m c\u00f3 th\u1ec3 l\u1ea5y \u0111\u01b0\u1eddng ho\u1eb7c ch\u01b0a th\u1ec3 l\u1ea5y \u0111\u01b0\u1eddng khi l\u01b0\u1ee3ng \u0111\u01b0\u1eddng ch\u01b0a \u0111\u1ee7, khi m\u00e1y ho\u1ea1t \u0111\u1ed9ng b\u00ecnh th\u01b0\u1eddng\u2026 M\u1ed9t \u01b0u th\u1ebf kh\u00e1c l\u00e0 kh\u1ea3 n\u0103ng l\u00e0m s\u1ea1ch t\u1ef1 \u0111\u1ed9ng. Ng\u01b0\u1eddi d\u00f9ng c\u00f3 th\u1ec3 l\u00e0m s\u1ea1ch m\u00e1y t\u1ef1 \u0111\u1ed9ng v\u1edbi ch\u1ee9c n\u0103ng CLEAN, ti\u1ebft ki\u1ec7m th\u1eddi gian v\u00e0 c\u00f4ng s\u1ee9c, ti\u1ec7n l\u1ee3i h\u01a1n khi v\u1ec7 sinh ru\u1ed9t b\u00ecnh ch\u1ee9a \u0111\u01b0\u1eddng.<\/span><\/p>\n<h3 style=\"text-align: justify;\"><span style=\"font-size: 12pt;\"><b>Ch\u1ea5t li\u1ec7u b\u00ecnh ch\u1ee9a inox 304 cao c\u1ea5p an to\u00e0n v\u1ec7 sinh h\u01a1n khi pha ch\u1ebf<\/b><\/span><\/h3>\n<p style=\"text-align: justify;\"><span style=\"font-weight: 400;\">B\u1ed9 ph\u1eadn b\u00ecnh ch\u1ee9a \u0111\u01b0\u1eddng c\u1ee7a m\u00e1y \u0111\u1ecbnh l\u01b0\u1ee3ng \u0111\u01b0\u1eddng H\u1ea3i \u00c2u HAT 16P \u0111\u01b0\u1ee3c l\u00e0m t\u1eeb ch\u1ea5t li\u1ec7u inox 304 cao c\u1ea5p. C\u00f3 kh\u1ea3 n\u0103ng ch\u1ed1ng b\u00e1m d\u00ednh hi\u1ec7u qu\u1ea3, gi\u00fap v\u1ec7 sinh s\u1ea1ch s\u1ebd v\u00e0 nhanh ch\u00f3ng h\u01a1n. Th\u00eam v\u00e0o \u0111\u00f3 l\u00e0 \u0111\u1eb7c t\u00ednh ch\u1ed1ng \u0103n m\u00f2n h\u00f3a ch\u1ea5t t\u1ed1t, h\u1ea1n ch\u1ebf \u0111\u01b0\u1ee3c hi\u1ec7n t\u01b0\u1ee3ng han g\u1ec9 v\u00e0 th\u00f4i nhi\u1ec5m mangan &#8211; nguy\u00ean nh\u00e2n g\u00e2y ra b\u1ec7nh ung th\u01b0 \u1edf ng\u01b0\u1eddi. V\u00ec v\u1eady, khi s\u1eed d\u1ee5ng \u0111\u1ec3 pha v\u00e0 d\u1ef1 tr\u1eef n\u01b0\u1edbc \u0111\u01b0\u1eddng s\u1ebd \u0111\u1ea3m b\u1ea3o an to\u00e0n v\u1ec7 sinh h\u01a1n, kh\u00f4ng g\u00e2y h\u1ea1i cho s\u1ee9c kh\u1ecfe con ng\u01b0\u1eddi. M\u1eb7t kh\u00e1c, n\u01b0\u1edbc \u0111\u01b0\u1eddng gi\u1eef \u0111\u01b0\u1ee3c m\u00f9i v\u1ecb, h\u01b0\u01a1ng th\u01a1m nguy\u00ean b\u1ea3n, kh\u00f4ng g\u00e2y m\u00f9i l\u1ea1, cho nh\u1eefng ly \u0111\u1ed3 u\u1ed1ng chu\u1ea9n v\u1ecb, th\u01a1m ngon v\u00e0 s\u1ea1ch s\u1ebd h\u01a1n. B\u00ecnh ch\u1ee9a \u0111\u01b0\u1eddng c\u00f3 dung t\u00edch l\u00ean t\u1edbi 8,5L h\u1ed7 tr\u1ee3 d\u1ef1 tr\u1eef v\u00e0 b\u1ea3o qu\u1ea3n n\u01b0\u1edbc \u0111\u01b0\u1eddng t\u1ed1i \u01b0u, \u0111\u1ea3m b\u1ea3o lu\u00f4n s\u1eb5n s\u00e0ng n\u01b0\u1edbc \u0111\u01b0\u1eddng ph\u1ee5c v\u1ee5 nhu c\u1ea7u pha ch\u1ebf b\u1ea5t k\u1ef3 l\u00fac n\u00e0o.<\/span><\/p>\n<h2 style=\"text-align: justify;\"><span style=\"font-size: 14pt;\"><b>3, \u1ee8ng d\u1ee5ng th\u1ef1c ti\u1ec5n c\u1ee7a m\u00e1y \u0111\u1ecbnh l\u01b0\u1ee3ng \u0111\u01b0\u1eddng H\u1ea3i \u00c2u HAT 16P<\/b><\/span><\/h2>\n<p style=\"text-align: justify;\"><span style=\"font-weight: 400;\">Y\u00eau c\u1ea7u ng\u00e0y c\u00e0ng kh\u1eaft khe c\u1ee7a kh\u00e1ch h\u00e0ng v\u1ec1 t\u1ec9 l\u1ec7 \u0111\u01b0\u1eddng trong nh\u1eefng c\u1ed1c \u0111\u1ed3 u\u1ed1ng \u0111\u00f2i h\u1ecfi nhi\u1ec1u \u0111\u01a1n v\u1ecb kinh doanh ph\u1ee5c v\u1ee5 \u0111\u1ed3 u\u1ed1ng c\u1ea7n ph\u1ea3i trang b\u1ecb m\u1ed9t s\u1ea3n ph\u1ea9m nh\u01b0 m\u00e1y \u0111\u1ecbnh l\u01b0\u1ee3ng \u0111\u01b0\u1eddng H\u1ea3i \u00c2u HAT 16P. V\u1edbi thi\u1ebft k\u1ebf nh\u1ecf nh\u1eafn, hi\u1ec7n \u0111\u1ea1i v\u00e0 ti\u1ec7n l\u1ee3i khi s\u1eed d\u1ee5ng, thi\u1ebft b\u1ecb \u0111\u01b0\u1ee3c nhi\u1ec1u m\u00f4 h\u00ecnh kinh doanh tin d\u00f9ng:<\/span><\/p>\n<ul>\n<li style=\"font-weight: 400; text-align: justify;\" aria-level=\"1\"><span style=\"font-weight: 400;\">Qu\u00e1n tr\u00e0 s\u1eefa, cafe, tr\u00e0 chanh, c\u1eeda h\u00e0ng \u0111\u1ed3 u\u1ed1ng, qu\u1ea7y \u0111\u1ed3 u\u1ed1ng t\u1ea1i r\u1ea1p phim, khu vui ch\u01a1i gi\u1ea3i tr\u00ed<\/span><\/li>\n<li style=\"font-weight: 400; text-align: justify;\" aria-level=\"1\"><span style=\"font-weight: 400;\">Nh\u1eefng qu\u1ea7y pha ch\u1ebf chuy\u00ean nghi\u1ec7p t\u1ea1i nh\u00e0 h\u00e0ng, kh\u00e1ch s\u1ea1n, qu\u00e1n bar, khu du l\u1ecbch &#8211; ngh\u1ec9 d\u01b0\u1ee1ng<\/span><\/li>\n<li style=\"font-weight: 400; text-align: justify;\" aria-level=\"1\"><span style=\"font-weight: 400;\">C\u00e1c canteen tr\u01b0\u1eddng h\u1ecdc, nh\u00e0 \u0103n khu c\u00f4ng nghi\u1ec7p c\u00f3 qu\u1ea7y ph\u1ee5c v\u1ee5 \u0111\u1ed3 u\u1ed1ng<\/span><\/li>\n<\/ul>\n","protected":false},"excerpt":{"rendered":"<ul>\n<li style=\"font-weight: 400;\" aria-level=\"1\"><span style=\"font-weight: 400;\">Thi\u1ebft k\u1ebf tinh g\u1ecdn, hi\u1ec7n \u0111\u1ea1i, ti\u1ec7n l\u1ee3i khi s\u1eed d\u1ee5ng<\/span><\/li>\n<li style=\"font-weight: 400;\" aria-level=\"1\"><span style=\"font-weight: 400;\">16 m\u1ee9c \u0111\u1ed9 \u0111\u01b0\u1eddng, \u0111\u00e1p \u1ee9ng ho\u00e0n h\u1ea3o m\u1ecdi nhu c\u1ea7u<\/span><\/li>\n<li style=\"font-weight: 400;\" aria-level=\"1\"><span style=\"font-weight: 400;\">B\u1ea3ng \u0111i\u1ec1u khi\u1ec3n th\u00f4ng minh, d\u1ec5 v\u1eadn h\u00e0nh<\/span><\/li>\n<li style=\"font-weight: 400;\" aria-level=\"1\"><span style=\"font-weight: 400;\">Dung t\u00edch b\u00ecnh ch\u1ee9a l\u1edbn, s\u1eb5n s\u00e0ng cho m\u1ecdi nhu c\u1ea7u pha ch\u1ebf<\/span><\/li>\n<li style=\"font-weight: 400;\" aria-level=\"1\"><span style=\"font-weight: 400;\">Ch\u1ea5t li\u1ec7u b\u00ecnh ch\u1ee9a cao c\u1ea5p, \u0111\u1ea3m b\u1ea3o an to\u00e0n v\u1ec7 sinh<\/span><\/li>\n<\/ul>\n","protected":false},"featured_media":40227,"comment_status":"open","ping_status":"closed","template":"","meta":[],"product_cat":[206,210],"product_tag":[],"_links":{"self":[{"href":"https:\/\/thucpham.com\/vinacom\/wp-json\/wp\/v2\/product\/17109"}],"collection":[{"href":"https:\/\/thucpham.com\/vinacom\/wp-json\/wp\/v2\/product"}],"about":[{"href":"https:\/\/thucpham.com\/vinacom\/wp-json\/wp\/v2\/types\/product"}],"replies":[{"embeddable":true,"href":"https:\/\/thucpham.com\/vinacom\/wp-json\/wp\/v2\/comments?post=17109"}],"wp:featuredmedia":[{"embeddable":true,"href":"https:\/\/thucpham.com\/vinacom\/wp-json\/wp\/v2\/media\/40227"}],"wp:attachment":[{"href":"https:\/\/thucpham.com\/vinacom\/wp-json\/wp\/v2\/media?parent=17109"}],"wp:term":[{"taxonomy":"product_cat","embeddable":true,"href":"https:\/\/thucpham.com\/vinacom\/wp-json\/wp\/v2\/product_cat?post=17109"},{"taxonomy":"product_tag","embeddable":true,"href":"https:\/\/thucpham.com\/vinacom\/wp-json\/wp\/v2\/product_tag?post=17109"}],"curies":[{"name":"wp","href":"https:\/\/api.w.org\/{rel}","templated":true}]}}