{"id":17047,"date":"2021-03-05T15:11:00","date_gmt":"2021-03-05T08:11:00","guid":{"rendered":"https:\/\/thucpham.com\/?post_type=product&#038;p=17047"},"modified":"2023-09-22T16:32:24","modified_gmt":"2023-09-22T09:32:24","slug":"may-lam-da-vien-cao-cap-hai-au-ha-30p","status":"publish","type":"product","link":"https:\/\/thucpham.com\/vinacom\/may-lam-da-vien-cao-cap-hai-au-ha-30p\/","title":{"rendered":"M\u00e1y L\u00e0m \u0110\u00e1 Vi\u00ean Cao C\u1ea5p H\u1ea3i \u00c2u HA 30P"},"content":{"rendered":"<h2 style=\"text-align: justify\"><span style=\"font-size: 14pt\"><b>1. Th\u00f4ng tin s\u1ea3n ph\u1ea9m<\/b><\/span><\/h2>\n<p style=\"text-align: justify\"><span style=\"font-weight: 400\">Th\u01b0\u01a1ng hi\u1ec7u m\u00e1y l\u00e0m \u0111\u00e1 H\u1ea3i \u00c2u kh\u00f4ng c\u00f2n xa l\u1ea1 g\u00ec v\u1edbi nhi\u1ec1u kh\u00e1ch h\u00e0ng v\u1edbi nhi\u1ec1u m\u1eabu m\u00e3 v\u00e0 model kh\u00e1c nhau. \u0110\u1ec3 \u0111\u00e1p \u1ee9ng nhu c\u1ea7u ng\u00e0y c\u00e0ng cao c\u1ee7a kh\u00e1ch h\u00e0ng, H\u1ea3i \u00c2u Group \u0111\u00e3 cho tr\u00ecnh l\u00e0ng m\u1eabu m\u00e1y l\u00e0m \u0111\u00e1 vi\u00ean cao c\u1ea5p &#8211; M\u00e1y l\u00e0m \u0111\u00e1 vi\u00ean cao c\u1ea5p H\u1ea3i \u00c2u HA 30P v\u1edbi nhi\u1ec1u c\u1ea3i ti\u1ebfn \u0111\u1ed9t ph\u00e1. Kh\u00f4ng ch\u1ec9 s\u1edf h\u1eefu b\u1ec1 ngo\u00e0i sang tr\u1ecdng, \u0111\u1eb9p m\u1eaft, model HA 30P c\u00f2n s\u1edf h\u1eefu nhi\u1ec1u \u0111\u1eb7c \u0111i\u1ec3m n\u1ed5i b\u1eadt v\u1ec1 m\u1eb7t k\u1ef9 thu\u1eadt, chinh ph\u1ee5c \u0111\u01b0\u1ee3c m\u1ecdi kh\u00e1ch h\u00e0ng, k\u1ec3 c\u1ea3 kh\u00e1ch h\u00e0ng kh\u00f3 t\u00ednh nh\u1ea5t.&nbsp;<\/span><\/p>\n<p><img class=\"size-full wp-image-17054 aligncenter\" src=\"https:\/\/thucpham.com\/wp-content\/uploads\/2021\/03\/may-lam-da-vien-cao-cap-hai-au-ha-30p-9.jpg\" alt=\"M\u00e1y l\u00e0m \u0111\u00e1 cao c\u1ea5p H\u1ea3i \u00c2u Ha 30P\" width=\"820\" height=\"656\" srcset=\"https:\/\/thucpham.com\/vinacom\/wp-content\/uploads\/2021\/03\/may-lam-da-vien-cao-cap-hai-au-ha-30p-9.jpg 820w, https:\/\/thucpham.com\/vinacom\/wp-content\/uploads\/2021\/03\/may-lam-da-vien-cao-cap-hai-au-ha-30p-9-300x240.jpg 300w, https:\/\/thucpham.com\/vinacom\/wp-content\/uploads\/2021\/03\/may-lam-da-vien-cao-cap-hai-au-ha-30p-9-768x614.jpg 768w, https:\/\/thucpham.com\/vinacom\/wp-content\/uploads\/2021\/03\/may-lam-da-vien-cao-cap-hai-au-ha-30p-9-24x19.jpg 24w, https:\/\/thucpham.com\/vinacom\/wp-content\/uploads\/2021\/03\/may-lam-da-vien-cao-cap-hai-au-ha-30p-9-36x29.jpg 36w, https:\/\/thucpham.com\/vinacom\/wp-content\/uploads\/2021\/03\/may-lam-da-vien-cao-cap-hai-au-ha-30p-9-48x38.jpg 48w, https:\/\/thucpham.com\/vinacom\/wp-content\/uploads\/2021\/03\/may-lam-da-vien-cao-cap-hai-au-ha-30p-9-510x408.jpg 510w\" sizes=\"(max-width: 820px) 100vw, 820px\" title=\"\"><\/p>\n<h2 style=\"text-align: justify\"><span style=\"font-size: 14pt\"><b>2. Nh\u1eefng \u0111\u1eb7c \u0111i\u1ec3m n\u1ed5i b\u1eadt c\u1ee7a m\u00e1y l\u00e0m \u0111\u00e1 vi\u00ean cao c\u1ea5p H\u1ea3i \u00c2u HA 30P<\/b><\/span><\/h2>\n<h3 style=\"text-align: justify\"><span style=\"font-size: 12pt\"><b>Ch\u1ea5t li\u1ec7u v\u1ecf m\u00e1y cao c\u1ea5p<\/b><\/span><\/h3>\n<p style=\"text-align: justify\"><span style=\"font-weight: 400\">M\u1ed9t trong nh\u1eefng \u01b0u \u0111i\u1ec3m n\u1ed5i b\u1eadt c\u1ee7a model HA 30P ph\u1ea3i k\u1ec3 \u0111\u1ebfn ch\u00ednh l\u00e0 ch\u1ea5t li\u1ec7u v\u1ecf m\u00e1y. V\u1ecf m\u00e1y \u0111\u01b0\u1ee3c l\u00e0m ho\u00e0n to\u00e0n b\u1eb1ng inox \u0111en cao c\u1ea5p, s\u00e1ng b\u00f3ng c\u00f9ng ki\u1ec3u d\u00e1ng g\u1ecdn g\u00e0ng, mang l\u1ea1i s\u1ef1 n\u1ed5i b\u1eadt, sang tr\u1ecdng cho kh\u00f4ng gian l\u1eafp \u0111\u1eb7t. Ch\u1ea5t li\u1ec7u inox c\u00f2n c\u00f3 nhi\u1ec1u \u01b0u \u0111i\u1ec3m v\u01b0\u1ee3t tr\u1ed9i nh\u01b0 ch\u1ed1ng \u0103n m\u00f2n, ch\u1ed1ng han g\u1ec9 hi\u1ec7u qu\u1ea3&#8230;Ngo\u00e0i ra, ch\u1ea5t li\u1ec7u n\u00e0y r\u1ea5t d\u1ec5 lau ch\u00f9i, gi\u00fap b\u1ea1n ti\u1ebft ki\u1ec7m th\u1eddi gian v\u00e0 c\u00f4ng s\u1ee9c trong vi\u1ec7c v\u1ec7 sinh m\u00e1y.&nbsp;<\/span><\/p>\n<h3 style=\"text-align: justify\"><span style=\"font-size: 12pt\"><b>M\u00e0n h\u00ecnh c\u1ea3m \u1ee9ng hi\u1ec7n \u0111\u1ea1i, nh\u1ea1y b\u00e9n<\/b><\/span><\/h3>\n<p style=\"text-align: justify\"><span style=\"font-weight: 400\">H\u1ea7u h\u1ebft c\u00e1c lo\u1ea1i m\u00e1y tr\u00ean th\u1ecb tr\u01b0\u1eddng th\u01b0\u1eddng s\u1eed d\u1ee5ng b\u1ea3ng \u0111i\u1ec1u khi\u1ec3n c\u01a1 nh\u01b0ng \u0111\u1ed1i v\u1edbi m\u00e1y H\u1ea3i \u00c2u HA 30P l\u00e0 ho\u00e0n to\u00e0n kh\u00e1c bi\u1ec7t, \u0111\u01b0\u1ee3c trang b\u1ecb b\u1ea3ng \u0111i\u1ec1u khi\u1ec3n v\u1edbi m\u00e0n h\u00ecnh c\u1ea3m \u1ee9ng LCD ti\u00ean ti\u1ebfn, hi\u1ec7n \u0111\u1ea1i. Ch\u1ec9 c\u1ea7n v\u00e0i c\u00e1i ch\u1ea1m nh\u1eb9 l\u00e0 b\u1ea1n \u0111\u00e3 c\u00f3 th\u1ec3 d\u1ec5 d\u00e0ng \u0111i\u1ec1u khi\u1ec3n \u0111\u01b0\u1ee3c m\u00e1y. B\u00ean c\u1ea1nh \u0111\u00f3, b\u1ea3ng \u0111i\u1ec1u khi\u1ec3n c\u00f2n c\u00f3 h\u1ec7 th\u1ed1ng c\u1ea3nh b\u00e1o l\u1ed7i th\u00f4ng minh, gi\u00fap ng\u01b0\u1eddi d\u00f9ng d\u1ec5 d\u00e0ng ph\u00e1t hi\u1ec7n ra nh\u1eefng l\u1ed7i c\u01a1 b\u1ea3n, th\u01b0\u1eddng g\u1eb7p. Kh\u00f4ng ch\u1ec9 v\u1eady, ng\u01b0\u1eddi s\u1eed d\u1ee5ng c\u00f2n d\u1ec5 nh\u1eadn bi\u1ebft nhi\u1ec7t \u0111\u1ed9 n\u01b0\u1edbc \u0111\u1ea7u v\u00e0o, nhi\u1ec7t \u0111\u1ed9 m\u00f4i tr\u01b0\u1eddng&#8230;<\/span><\/p>\n<h3 style=\"text-align: justify\"><span style=\"font-size: 12pt\"><b>Linh ki\u1ec7n nh\u1eadp kh\u1ea9u, ch\u1ea5t l\u01b0\u1ee3ng cao<\/b><\/span><\/h3>\n<p style=\"text-align: justify\"><span style=\"font-weight: 400\">\u0110\u1ec3 \u0111\u00e1nh gi\u00e1 m\u1ed9t s\u1ea3n ph\u1ea9m c\u00f3 ch\u1ea5t l\u01b0\u1ee3ng hay kh\u00f4ng th\u00ec c\u00f3 r\u1ea5t nhi\u1ec1u y\u1ebfu t\u1ed1, trong \u0111\u00f3 ph\u1ea3i k\u1ec3 \u0111\u1ebfn linh, ph\u1ee5 ki\u1ec7n c\u1ee7a m\u00e1y. V\u00e0 kh\u00f4ng khi\u1ebfn kh\u00e1ch h\u00e0ng ph\u1ea3i c\u00f3 b\u1ea5t k\u1ef3 s\u1ef1 b\u0103n kho\u0103n n\u00e0o khi s\u1eed d\u1ee5ng thi\u1ebft b\u1ecb, m\u00e1y l\u00e0m \u0111\u00e1 h\u1ea3i vi\u00ean cao c\u1ea5p H\u1ea3i \u00c2u HA 30P \u0111\u01b0\u1ee3c trang b\u1ecb d\u00e0n linh ki\u1ec7n ch\u00ednh nh\u1eadp kh\u1ea9u t\u1eeb nh\u1eefng qu\u1ed1c gia c\u00f3 n\u1ec1n c\u00f4ng nghi\u1ec7p ph\u00e1t tri\u1ec3n tr\u00ean th\u1ebf gi\u1edbi. C\u1ee5 th\u1ec3 h\u01a1n, m\u00e1y n\u00e9n (block) c\u1ee7a model HA 30P \u0111\u1ebfn t\u1eeb m\u1ed9t trong nh\u1eefng th\u01b0\u01a1ng hi\u1ec7u n\u1ed5i ti\u1ebfng c\u1ee7a Ph\u00e1p &#8211; th\u01b0\u01a1ng hi\u1ec7u <\/span><span style=\"font-weight: 400\">Tecumseh. Ngo\u00e0i ra, d\u00e0n l\u1ea1nh \u0111\u01b0\u1ee3c s\u1ea3n xu\u1ea5t b\u1eb1ng ch\u1ea5t li\u1ec7u \u0111\u1ed3ng g\u1ed3m 16 nan, gi\u00fap t\u0103ng hi\u1ec7u su\u1ea5t gi\u1ea3i nhi\u1ec7t v\u00e0 khay l\u00e0m \u0111\u00e1 b\u1eb1ng \u0111\u1ed3ng m\u1ea1 crom c\u1ee9ng c\u00e1p, b\u1ec1n ch\u1eafc v\u00e0 \u0111\u1ea3m b\u1ea3o an to\u00e0n v\u1ec7 sinh.&nbsp;<\/span><\/p>\n<h3 style=\"text-align: justify\"><span style=\"font-size: 12pt\"><b>Ch\u1ea5t l\u00e0m l\u1ea1nh th\u00e2n thi\u1ec7n v\u1edbi m\u00f4i tr\u01b0\u1eddng<\/b><\/span><\/h3>\n<p style=\"text-align: justify\"><span style=\"font-weight: 400\">R134A l\u00e0 m\u00f4i ch\u1ea5t l\u00e0m l\u1ea1nh \u0111\u01b0\u1ee3c \u0111\u00e1nh l\u00e0 l\u00e0 an to\u00e0n v\u1ec7 sinh, kh\u00f4ng \u0111\u1ed9c h\u1ea1i v\u00e0 th\u00e2n thi\u1ec7n v\u1edbi m\u00f4i tr\u01b0\u1eddng. K\u00e8m theo \u0111\u00f3 l\u00e0 gi\u00e1 th\u00e0nh c\u1ee7a n\u00f3 kh\u00f4ng h\u1ec1 r\u1ebb ch\u00fat n\u00e0o. Do v\u1eady nhi\u1ec1u nh\u00e0 s\u1ea3n xu\u1ea5t kh\u00f4ng d\u00e1m m\u1ea1nh tay s\u1eed d\u1ee5ng n\u00f3. Nh\u01b0ng \u0111\u1ec3 \u0111em \u0111\u1ebfn nh\u1eefng s\u1ea3n ph\u1ea9m ch\u1ea5t l\u01b0\u1ee3ng nh\u1ea5t cho kh\u00e1ch h\u00e0ng, H\u1ea3i \u00c2u Group \u0111\u00e3 kh\u00f4ng ng\u1ea7n ng\u1ea1i s\u1eed d\u1ee5ng m\u00f4i ch\u1ea5t l\u00e0m l\u1ea1nh n\u00e0y cho s\u1ea3n ph\u1ea9m m\u00e1y l\u00e0m \u0111\u00e1 vi\u00ean cao c\u1ea5p H\u1ea3i \u00c2u HA 30P. T\u1ea5t c\u1ea3 v\u1edbi m\u1ee5c \u0111\u00edch l\u00e0 mang l\u1ea1i nh\u1eefng s\u1ea3n ph\u1ea9m \u0111\u00e1 vi\u00ean s\u1ea1ch tinh khi\u1ebft, \u0111\u1ea3m b\u1ea3o an to\u00e0n s\u1ee9c kh\u1ecfe cho ng\u01b0\u1eddi d\u00f9ng ( \u0111\u00e1 s\u1ea1ch 99,9% n\u1ebfu nh\u01b0 k\u1ebft h\u1ee3p v\u1edbi l\u1ecdc n\u01b0\u1edbc RO).&nbsp;<\/span><\/p>\n<h2 style=\"text-align: justify\"><span style=\"font-size: 14pt\"><b>3. \u1ee8ng d\u1ee5ng th\u1ef1c ti\u1ec5n<\/b><\/span><\/h2>\n<ul>\n<li style=\"font-weight: 400;text-align: justify\"><span style=\"font-weight: 400\">M\u00e1y l\u00e0m \u0111\u00e1 vi\u00ean cao c\u1ea5p H\u1ea3i \u00c2u HA 30P c\u00f3 s\u1ea3n l\u01b0\u1ee3ng 30kg\/24h (trong m\u00f4i tr\u01b0\u1eddng th\u1ef1c nghi\u1ec7m) v\u00e0 hi\u1ec7u su\u1ea5t t\u1ed1i \u0111a 94% v\u00e0o m\u00f9a \u0110\u00f4ng. V\u1edbi thi\u1ebft k\u1ebf nh\u1ecf g\u1ecdn c\u00f9ng s\u1ea3n l\u01b0\u1ee3ng \u1edf m\u1ee9c v\u1eeba ph\u1ea3i th\u00ec chi\u1ebfc m\u00e1y n\u00e0y ph\u00f9 h\u1ee3p s\u1eed d\u1ee5ng \u1edf nhi\u1ec1u m\u00f4 h\u00ecnh kinh doanh nh\u01b0 qu\u00e1n tr\u00e0 s\u1eefa, qu\u00e1n cafe, qu\u00e1n tr\u00e0 chanh, c\u00e1c qu\u1ea7y \u0111\u1ed3 u\u1ed1ng \u1edf si\u00eau th\u1ecb, c\u00f4ng vi\u00ean gi\u1ea3i tr\u00ed, trung t\u00e2m th\u01b0\u01a1ng m\u1ea1i\u2026<\/span><\/li>\n<li style=\"font-weight: 400;text-align: justify\"><span style=\"font-weight: 400\">B\u00ean c\u1ea1nh \u0111\u00f3, model HA 30P c\u00f2n ph\u00f9 h\u1ee3p s\u1eed d\u1ee5ng \u1edf nh\u00e0 h\u00e0ng, qu\u00e1n \u0103n, kh\u00e1ch s\u1ea1n, c\u1eeda h\u00e0ng fast &#8211; foods c\u00f3 quy m\u00f4 v\u1eeba v\u00e0 nh\u1ecf. <\/span><\/li>\n<\/ul>\n","protected":false},"excerpt":{"rendered":"<ul>\n<li style=\"font-weight: 400\"><span style=\"font-weight: 400\">V\u1ecf m\u00e1y b\u1eb1ng inox cao c\u1ea5p, s\u00e1ng b\u00f3ng, b\u1ec1n b\u1ec9<\/span><\/li>\n<li style=\"font-weight: 400\"><span style=\"font-weight: 400\">Linh ki\u1ec7n nh\u1eadp kh\u1ea9u theo ti\u00eau chu\u1ea9n ch\u1ea5t l\u01b0\u1ee3ng Ch\u00e2u \u00c2u<\/span><\/li>\n<li style=\"font-weight: 400\"><span style=\"font-weight: 400\">M\u00e0n h\u00ecnh c\u1ea3m \u1ee9ng hi\u1ec7n \u0111\u1ea1i, nh\u1ea1y b\u00e9n, tr\u01a1n tru<\/span><\/li>\n<li style=\"font-weight: 400\"><span style=\"font-weight: 400\">C\u00f4ng ngh\u1ec7 l\u00e0m \u0111\u00e1 t\u1ef1 \u0111\u1ed9ng, kh\u00e9p k\u00edn, an to\u00e0n<\/span><\/li>\n<li style=\"font-weight: 400\"><span style=\"font-weight: 400\">B\u1ea3o h\u00e0nh 2 n\u0103m, b\u1ea3o tr\u00ec tr\u1ecdn \u0111\u1eddi<\/span><\/li>\n<li style=\"font-weight: 400\"><span style=\"font-weight: 400\">H\u1ed7 tr\u1ee3 vay tr\u1ea3 g\u00f3p l\u00ean \u0111\u1ebfn 60 tri\u1ec7u \u0111\u1ed3ng<\/span><\/li>\n<\/ul>\n","protected":false},"featured_media":37751,"comment_status":"open","ping_status":"closed","template":"","meta":[],"product_cat":[221],"product_tag":[],"_links":{"self":[{"href":"https:\/\/thucpham.com\/vinacom\/wp-json\/wp\/v2\/product\/17047"}],"collection":[{"href":"https:\/\/thucpham.com\/vinacom\/wp-json\/wp\/v2\/product"}],"about":[{"href":"https:\/\/thucpham.com\/vinacom\/wp-json\/wp\/v2\/types\/product"}],"replies":[{"embeddable":true,"href":"https:\/\/thucpham.com\/vinacom\/wp-json\/wp\/v2\/comments?post=17047"}],"wp:featuredmedia":[{"embeddable":true,"href":"https:\/\/thucpham.com\/vinacom\/wp-json\/wp\/v2\/media\/37751"}],"wp:attachment":[{"href":"https:\/\/thucpham.com\/vinacom\/wp-json\/wp\/v2\/media?parent=17047"}],"wp:term":[{"taxonomy":"product_cat","embeddable":true,"href":"https:\/\/thucpham.com\/vinacom\/wp-json\/wp\/v2\/product_cat?post=17047"},{"taxonomy":"product_tag","embeddable":true,"href":"https:\/\/thucpham.com\/vinacom\/wp-json\/wp\/v2\/product_tag?post=17047"}],"curies":[{"name":"wp","href":"https:\/\/api.w.org\/{rel}","templated":true}]}}