{"id":11482,"date":"2020-07-18T18:39:53","date_gmt":"2020-07-18T11:39:53","guid":{"rendered":"https:\/\/thucpham.com\/?post_type=product&#038;p=11482"},"modified":"2021-12-13T10:04:57","modified_gmt":"2021-12-13T03:04:57","slug":"voi-phun-trang-ts-b-0123-b","status":"publish","type":"product","link":"https:\/\/thucpham.com\/vinacom\/voi-phun-trang-ts-b-0123-b\/","title":{"rendered":"V\u00f2i Phun Tr\u00e1ng T&#038;S B-0123-B"},"content":{"rendered":"<p style=\"text-align: justify;\"><span style=\"font-family: helvetica, arial, sans-serif;\"><b><i>V\u00f2i phun tr\u00e1ng T&amp;S B-0123-B<\/i><\/b><span style=\"font-weight: 400;\"> l\u00e0 m\u1ed9t trong nh\u1eefng lo\u1ea1i v\u00f2i phun tr\u00e1ng t\u1ed1t nh\u1ea5t hi\u1ec7n nay, \u0111\u01b0\u1ee3c nhi\u1ec1u kh\u00e1ch h\u00e0ng \u0111\u00e1nh gi\u00e1 cao v\u00e0 tin d\u00f9ng. S\u1ea3n ph\u1ea9m \u0111\u01b0\u1ee3c nh\u1eadp kh\u1ea9u tr\u1ef1c ti\u1ebfp t\u1eeb nh\u00e0 s\u1ea3n xu\u1ea5t, s\u1edf h\u1eefu \u00e1p l\u1ef1c phun n\u01b0\u1edbc m\u1ea1nh m\u1ebd gi\u00fap \u0111\u00e1nh bay m\u1ecdi v\u1ebft b\u1ea9n nhanh ch\u00f3ng v\u00e0 th\u01b0\u1eddng \u0111\u01b0\u1ee3c s\u1eed d\u1ee5ng <\/span><span style=\"font-weight: 400;\">trong c\u00e1c khu s\u01a1 ch\u1ebf th\u1ef1c ph\u1ea9m \u0111\u1ec3 v\u1ec7 sinh v\u00e0 l\u00e0m s\u1ea1ch th\u1ef1c ph\u1ea9m. Chi\u1ebfc v\u00f2i n\u00e0y \u0111\u01b0\u1ee3c thi\u1ebft k\u1ebf tinh t\u1ebf, c\u00f3 \u0111\u1ed9 b\u1ec1n cao, ki\u1ec3u d\u00e1ng g\u1ecdn g\u00e0ng, d\u1ec5 d\u00e0ng \u0111i\u1ec1u ch\u1ec9nh g\u00f3c \u0111\u1ed9 phun.<\/span><\/span><\/p>\n<p style=\"text-align: center;\"><span style=\"font-family: helvetica, arial, sans-serif;\"><em><img class=\"aligncenter\" src=\"https:\/\/thucpham.com\/wp-content\/uploads\/2020\/07\/voi-phun-trang-ts-b-0123-05.jpg\" alt=\"\" width=\"820\" height=\"656\" title=\"\">Th\u00f4ng tin s\u1ea3n ph\u1ea9m v<span style=\"font-weight: 400;\">\u00f2i phun tr\u00e1ng T&amp;S B-0123-B<\/span><\/em><\/span><\/p>\n<p style=\"text-align: justify;\"><span style=\"font-family: helvetica, arial, sans-serif;\"><span style=\"font-weight: 400;\">Ph\u1ea7n th\u00e2n c\u1ee7a v\u00f2i <\/span><span style=\"font-weight: 400;\">T&amp;S B-0123-B \u0111\u01b0\u1ee3c l\u00e0m b\u1eb1ng <\/span><span style=\"font-weight: 400;\">ch\u1ea5t li\u1ec7u \u0111\u1ed3ng thau m\u1ea1 crom b\u00f3ng lo\u00e1ng, ch\u1ecbu l\u1ef1c t\u1ed1t. Ngo\u00e0i ra, \u1ed1ng d\u1eabn n\u01b0\u1edbc \u0111\u01b0\u1ee3c l\u00e0m t\u1eeb ch\u1ea5t li\u1ec7u th\u00e9p kh\u00f4ng g\u1ec9, kh\u00f4ng sinh ra c\u00e1c ch\u1ea5t \u0111\u1ed9c h\u1ea1i hay han x\u1ec9 khi ti\u1ebfp x\u00fac v\u1edbi m\u00f4i tr\u01b0\u1eddng n\u01b0\u1edbc li\u00ean t\u1ee5c hay nhi\u1ec7t \u0111\u1ed9 n\u01b0\u1edbc cao, do v\u1eady tuy\u1ec7t \u0111\u1ed1i an to\u00e0n cho s\u1ee9c kh\u1ecfe con ng\u01b0\u1eddi. <\/span><b><i>V\u00f2i phun tr\u00e1ng T&amp;S B-0123-B<\/i><\/b><span style=\"font-weight: 400;\"> c\u00f2n \u0111\u01b0\u1ee3c trang b\u1ecb \u0111\u01b0\u1eddng \u1ed1ng xo\u1eafn d\u1eabn n\u01b0\u1edbc inox d\u00e0i <\/span><span style=\"font-weight: 400;\">1118mm, c\u00f3 \u0111\u1ed9 k\u00e9o d\u00e3n linh ho\u1ea1t, cho ph\u00e9p b\u1ea1n d\u1ec5 d\u00e0ng k\u00e9o v\u00f2i \u0111\u1ebfn b\u1ea5t k\u00ec v\u1ecb tr\u00ed n\u00e0o \u0111\u1ec3 phun n\u01b0\u1edbc r\u1eeda, th\u1eadm ch\u00ed c\u1ea3 \u1edf kho\u1ea3ng c\u00e1ch h\u01a1n 1m. Th\u00eam v\u00e0o \u0111\u00f3, nh\u00e0 s\u1ea3n xu\u1ea5t b\u1ed1 tr\u00ed 2 \u0111\u1ea7u v\u00e0o n\u00f3ng \u2013 l\u1ea1nh c\u00f3 kho\u1ea3ng c\u00e1ch kho\u1ea3ng 203mm \u1edf d\u01b0\u1edbi ph\u1ea7n ch\u00e2n \u0111\u1ebf, gi\u00fap b\u1ea1n thu\u1eadn ti\u1ec7n s\u1eed d\u1ee5ng 2 lo\u1ea1i n\u01b0\u1edbc \u0111\u1ea7u v\u00e0o n\u00f3ng &#8211; l\u1ea1nh ho\u1eb7c c\u00f9ng l\u00fac. Kh\u00f4ng ch\u1ec9 v\u1eady, v\u00f2i phun tr\u00e1ng \u0111\u01b0\u1ee3c trang b\u1ecb h\u1ed9p n\u00e9n Eterna c\u00f3 ki\u1ec3m tra l\u00f2 xo c\u00f3 t\u00e1c d\u1ee5ng ng\u0103n d\u00f2ng n\u01b0\u1edbc tr\u00e0o ra ngo\u00e0i ho\u1eb7c b\u1ecb ch\u1ea3y ch\u00e9o.<\/span><\/span><\/p>\n","protected":false},"excerpt":{"rendered":"<ul>\n<li style=\"font-weight: 400;\"><span style=\"font-weight: 400; font-family: helvetica, arial, sans-serif;\">\u1ed0ng d\u1eabn n\u01b0\u1edbc b\u1eb1ng th\u00e9p kh\u00f4ng g\u1ec9, ch\u1eafc ch\u1eafn<\/span><\/li>\n<li style=\"font-weight: 400;\"><span style=\"font-weight: 400; font-family: helvetica, arial, sans-serif;\">Trang b\u1ecb v\u00f2i hoa sen k\u00e8m tay c\u1ea7m ch\u1ecbu nhi\u1ec7t<\/span><\/li>\n<li style=\"font-weight: 400;\"><span style=\"font-weight: 400; font-family: helvetica, arial, sans-serif;\">T\u00edch h\u1ee3p hai \u0111\u1ea7u n\u00f3ng-l\u1ea1nh \u1edf ph\u1ea7n ch\u00e2n \u0111\u1ebf<\/span><\/li>\n<li style=\"font-weight: 400;\"><span style=\"font-weight: 400; font-family: helvetica, arial, sans-serif;\">S\u1edf h\u1eefu c\u00f4ng su\u1ea5t phun x\u1ecbt n\u01b0\u1edbc m\u1ea1nh m\u1ebd<\/span><\/li>\n<li style=\"font-weight: 400;\"><span style=\"font-weight: 400; font-family: helvetica, arial, sans-serif;\">Gi\u00e1 treo t\u01b0\u1eddng d\u1ec5 d\u00e0ng l\u1eafp \u0111\u1eb7t, \u0111i\u1ec1u ch\u1ec9nh \u0111\u1ed9 cao<\/span><\/li>\n<\/ul>\n","protected":false},"featured_media":40115,"comment_status":"open","ping_status":"closed","template":"","meta":[],"product_cat":[286],"product_tag":[],"_links":{"self":[{"href":"https:\/\/thucpham.com\/vinacom\/wp-json\/wp\/v2\/product\/11482"}],"collection":[{"href":"https:\/\/thucpham.com\/vinacom\/wp-json\/wp\/v2\/product"}],"about":[{"href":"https:\/\/thucpham.com\/vinacom\/wp-json\/wp\/v2\/types\/product"}],"replies":[{"embeddable":true,"href":"https:\/\/thucpham.com\/vinacom\/wp-json\/wp\/v2\/comments?post=11482"}],"wp:featuredmedia":[{"embeddable":true,"href":"https:\/\/thucpham.com\/vinacom\/wp-json\/wp\/v2\/media\/40115"}],"wp:attachment":[{"href":"https:\/\/thucpham.com\/vinacom\/wp-json\/wp\/v2\/media?parent=11482"}],"wp:term":[{"taxonomy":"product_cat","embeddable":true,"href":"https:\/\/thucpham.com\/vinacom\/wp-json\/wp\/v2\/product_cat?post=11482"},{"taxonomy":"product_tag","embeddable":true,"href":"https:\/\/thucpham.com\/vinacom\/wp-json\/wp\/v2\/product_tag?post=11482"}],"curies":[{"name":"wp","href":"https:\/\/api.w.org\/{rel}","templated":true}]}}