{"id":11458,"date":"2020-07-18T18:19:47","date_gmt":"2020-07-18T11:19:47","guid":{"rendered":"https:\/\/thucpham.com\/?post_type=product&#038;p=11458"},"modified":"2021-12-13T10:20:08","modified_gmt":"2021-12-13T03:20:08","slug":"voi-chau-rua-ts-5f-8dls10","status":"publish","type":"product","link":"https:\/\/thucpham.com\/vinacom\/voi-chau-rua-ts-5f-8dls10\/","title":{"rendered":"V\u00f2i Ch\u1eadu R\u1eeda T&#038;S 5F-8DLS10"},"content":{"rendered":"<p style=\"text-align: justify;\"><span style=\"font-family: helvetica, arial, sans-serif;\"><b><i>V\u00f2i ch\u1eadu r\u1eeda T&amp;S 5F-8DLS10<\/i><\/b><span style=\"font-weight: 400;\"> l\u00e0 s\u1ea3n ph\u1ea9m nh\u1eadp kh\u1ea9u ch\u1ea5t l\u01b0\u1ee3ng cao, t\u00edch h\u1ee3p hai ch\u1ebf \u0111\u1ed9 n\u00f3ng v\u00e0 l\u1ea1nh ri\u00eang bi\u1ec7t, ti\u1ec7n l\u1ee3i khi s\u1eed d\u1ee5ng. Thi\u1ebft b\u1ecb n\u00e0y \u0111\u01b0\u1ee3c s\u1eed d\u1ee5ng ph\u1ed5 bi\u1ebfn trong c\u00e1c b\u1ebfp \u0103n c\u00f4ng nghi\u1ec7p, nh\u00e0 h\u00e0ng, gi\u00fap r\u1eeda s\u1ea1ch nhanh ch\u00f3ng, ti\u1ebft ki\u1ec7m th\u1eddi gian, c\u00f4ng s\u1ee9c r\u1eeda. <\/span><span style=\"font-weight: 400;\">V\u1edbi k\u1ebft c\u1ea5u b\u1eb1ng \u0111\u1ed3ng m\u1ea1 crom ch\u1eafc ch\u1eafn, ng\u01b0\u1eddi d\u00f9ng ho\u00e0n to\u00e0n y\u00ean t\u00e2m v\u1ec1 \u0111\u1ed9 b\u1ec1n v\u00e0 tu\u1ed5i th\u1ecd c\u1ee7a s\u1ea3n ph\u1ea9m n\u00e0y.&nbsp;<\/span><\/span><\/p>\n<p><img class=\"size-full wp-image-13006 aligncenter\" src=\"https:\/\/thucpham.com\/wp-content\/uploads\/2020\/07\/voi-chau-rua-ts-5f-8dls10-1.jpg\" alt=\"voi-chau-rua-ts-5f-8dls10\" width=\"820\" height=\"656\" srcset=\"https:\/\/thucpham.com\/vinacom\/wp-content\/uploads\/2020\/07\/voi-chau-rua-ts-5f-8dls10-1.jpg 820w, https:\/\/thucpham.com\/vinacom\/wp-content\/uploads\/2020\/07\/voi-chau-rua-ts-5f-8dls10-1-300x240.jpg 300w, https:\/\/thucpham.com\/vinacom\/wp-content\/uploads\/2020\/07\/voi-chau-rua-ts-5f-8dls10-1-768x614.jpg 768w, https:\/\/thucpham.com\/vinacom\/wp-content\/uploads\/2020\/07\/voi-chau-rua-ts-5f-8dls10-1-24x19.jpg 24w, https:\/\/thucpham.com\/vinacom\/wp-content\/uploads\/2020\/07\/voi-chau-rua-ts-5f-8dls10-1-36x29.jpg 36w, https:\/\/thucpham.com\/vinacom\/wp-content\/uploads\/2020\/07\/voi-chau-rua-ts-5f-8dls10-1-48x38.jpg 48w, https:\/\/thucpham.com\/vinacom\/wp-content\/uploads\/2020\/07\/voi-chau-rua-ts-5f-8dls10-1-510x408.jpg 510w\" sizes=\"(max-width: 820px) 100vw, 820px\" title=\"\"><\/p>\n<p style=\"text-align: center;\"><span style=\"font-family: helvetica, arial, sans-serif;\"><em>Th\u00f4ng tin s\u1ea3n ph\u1ea9m v\u00f2i ch\u1eadu r\u1eeda T&amp;S 5F-8DLS10<\/em><\/span><\/p>\n<p style=\"text-align: justify;\"><span style=\"font-family: helvetica, arial, sans-serif;\"><span style=\"font-weight: 400;\">To\u00e0n b\u1ed9 ph\u1ea7n th\u00e2n c\u1ee7a <\/span><b><i>v\u00f2i <\/i><\/b><b><i>ch\u1eadu r\u1eeda T&amp;S 5F-8DLS10 <\/i><\/b><\/span><span style=\"font-weight: 400;\"><span style=\"font-family: helvetica, arial, sans-serif;\">\u0111\u01b0\u1ee3c l\u00e0m b\u1eb1ng ch\u1ea5t li\u1ec7u \u0111\u1ed3ng thau cao c\u1ea5p, ch\u1ed1ng \u1ea9m m\u1ed1c hi\u1ec7u qu\u1ea3, kh\u00f4ng s\u1ea3n sinh c\u00e1c ch\u1ea5t \u0111\u1ed9c h\u1ea1i l\u1eabn v\u00e0o n\u01b0\u1edbc g\u00e2y \u1ea3nh h\u01b0\u1edfng s\u1ee9c kh\u1ecfe con ng\u01b0\u1eddi. V\u1ecf ngo\u00e0i \u0111\u01b0\u1ee3c m\u1ea1 crom s\u00e1ng b\u00f3ng ch\u1ed1ng han g\u1ec9 hay oxy h\u00f3a trong qu\u00e1 tr\u00ecnh s\u1eed d\u1ee5ng. \u0110\u1ed9 cao c\u1ee7a v\u00f2i ch\u1eadu r\u1eeda n\u00e0y th\u1ea5p h\u01a1n c\u00e1c lo\u1ea1i v\u00f2i ch\u1eadu r\u1eeda ch\u00e2n \u0111\u1ebf \u0111\u01a1n n\u00ean c\u00f3 th\u1ec3 d\u1ec5 d\u00e0ng l\u1eafp \u0111\u1eb7t \u1edf ph\u1ea7n gi\u1eefa b\u1ed3n r\u1eeda, cho l\u1ef1c n\u01b0\u1edbc x\u1ea3 th\u1eb3ng m\u1ea1nh m\u1ebd nh\u1ea5t. Th\u00eam v\u00e0o \u0111\u00f3,&nbsp; \u0111\u1ea7u v\u00f2i \u0111\u01b0\u1ee3c t\u00edch h\u1ee3p ch\u1ed1t ph\u00e2n t\u1ea7ng d\u00f2ng n\u01b0\u1edbc nh\u1eb1m ng\u0103n ch\u1eb7n n\u01b0\u1edbc ch\u1ea3y khi van kh\u00f3a \u0111\u1ed3ng th\u1eddi tr\u00e1nh t\u00ecnh tr\u1ea1ng r\u00f2 r\u1ec9 n\u01b0\u1edbc. B\u1ea1n c\u0169ng c\u00f3 th\u1ec3 xoay v\u1eb7n v\u00f2i d\u1ec5 d\u00e0ng \u0111\u1ec3 ph\u00f9 h\u1ee3p v\u1edbi g\u00f3c s\u1eed d\u1ee5ng m\u00e0 kh\u00f4ng l\u00e0m \u1ea3nh h\u01b0\u1edfng \u0111\u1ebfn ph\u1ea7n ch\u00e2n \u0111\u1ebf ph\u00eda d\u01b0\u1edbi.<\/span> <\/span><\/p>\n","protected":false},"excerpt":{"rendered":"<ul>\n<li style=\"font-weight: 400;\"><span style=\"font-weight: 400; font-family: helvetica, arial, sans-serif;\">Ch\u1ea5t li\u1ec7u b\u1ec1n b\u1ec9, k\u1ebft c\u1ea5u ch\u1eafc ch\u1eafn<\/span><\/li>\n<li style=\"font-weight: 400;\"><span style=\"font-weight: 400; font-family: helvetica, arial, sans-serif;\">V\u1ecf ngo\u00e0i \u0111\u01b0\u1ee3c m\u1ea1 crom b\u00f3ng b\u1ea9y<\/span><\/li>\n<li style=\"font-weight: 400;\"><span style=\"font-weight: 400; font-family: helvetica, arial, sans-serif;\">\u00c1p l\u1ef1c n\u01b0\u1edbc ch\u1ea3y \u0111\u1ec1u v\u00e0 m\u1ea1nh m\u1ebd<\/span><\/li>\n<li style=\"font-weight: 400;\"><span style=\"font-weight: 400; font-family: helvetica, arial, sans-serif;\">2 \u0111\u01b0\u1eddng d\u1eabn ngu\u1ed3n n\u01b0\u1edbc n\u00f3ng \u2013 l\u1ea1nh ri\u00eang<\/span><\/li>\n<li style=\"font-weight: 400;\"><span style=\"font-weight: 400; font-family: helvetica, arial, sans-serif;\">V\u00f2i d\u1ec5 d\u00e0ng xoay v\u1eb7n \u0111\u1ec3 ph\u00f9 h\u1ee3p v\u1edbi g\u00f3c s\u1eed d\u1ee5ng\u00a0<\/span><\/li>\n<\/ul>\n","protected":false},"featured_media":40133,"comment_status":"open","ping_status":"closed","template":"","meta":[],"product_cat":[286],"product_tag":[],"_links":{"self":[{"href":"https:\/\/thucpham.com\/vinacom\/wp-json\/wp\/v2\/product\/11458"}],"collection":[{"href":"https:\/\/thucpham.com\/vinacom\/wp-json\/wp\/v2\/product"}],"about":[{"href":"https:\/\/thucpham.com\/vinacom\/wp-json\/wp\/v2\/types\/product"}],"replies":[{"embeddable":true,"href":"https:\/\/thucpham.com\/vinacom\/wp-json\/wp\/v2\/comments?post=11458"}],"wp:featuredmedia":[{"embeddable":true,"href":"https:\/\/thucpham.com\/vinacom\/wp-json\/wp\/v2\/media\/40133"}],"wp:attachment":[{"href":"https:\/\/thucpham.com\/vinacom\/wp-json\/wp\/v2\/media?parent=11458"}],"wp:term":[{"taxonomy":"product_cat","embeddable":true,"href":"https:\/\/thucpham.com\/vinacom\/wp-json\/wp\/v2\/product_cat?post=11458"},{"taxonomy":"product_tag","embeddable":true,"href":"https:\/\/thucpham.com\/vinacom\/wp-json\/wp\/v2\/product_tag?post=11458"}],"curies":[{"name":"wp","href":"https:\/\/api.w.org\/{rel}","templated":true}]}}