{"id":11451,"date":"2020-07-18T18:13:52","date_gmt":"2020-07-18T11:13:52","guid":{"rendered":"https:\/\/thucpham.com\/?post_type=product&#038;p=11451"},"modified":"2021-12-13T09:55:20","modified_gmt":"2021-12-13T02:55:20","slug":"tu-giu-nong-thuc-an-4-ngan-viet-nam","status":"publish","type":"product","link":"https:\/\/thucpham.com\/vinacom\/tu-giu-nong-thuc-an-4-ngan-viet-nam\/","title":{"rendered":"T\u1ee7 Gi\u1eef N\u00f3ng Th\u1ee9c \u0102n 4 Ng\u0103n Vi\u1ec7t Nam"},"content":{"rendered":"<p style=\"text-align: justify;\"><span style=\"font-family: helvetica, arial, sans-serif;\"><span style=\"font-weight: 400;\">Nh\u1edd thi\u1ebft k\u1ebf hi\u1ec7n \u0111\u1ea1i c\u00f9ng nhi\u1ec1u t\u00ednh n\u0103ng n\u1ed5i tr\u1ed9i, <\/span><b><i>t\u1ee7 gi\u1eef n\u00f3ng th\u1ee9c \u0103n 4 ng\u0103n Vi\u1ec7t Nam<\/i><\/b> <span style=\"font-weight: 400;\">\u0111ang ng\u00e0y c\u00e0ng \u0111\u01b0\u1ee3c nhi\u1ec1u kh\u00e1ch h\u00e0ng l\u1ef1a ch\u1ecdn v\u00e0 tin d\u00f9ng. Chi\u1ebfc t\u1ee7 n\u00e0y c\u00f3 kh\u1ea3 n\u0103ng \u0111\u1ea3m b\u1ea3o \u0111\u1ed9 n\u00f3ng, \u0111\u1ed9 th\u01a1m ngon cho m\u00f3n \u0103n sau m\u1ed9t th\u1eddi gian ch\u1ebf bi\u1ebfn. S\u1ea3n ph\u1ea9m c\u00f3 thi\u1ebft k\u1ebf n\u1eb1m ngang, ki\u1ec3u d\u00e1ng vu\u00f4ng v\u1eafn, \u0111\u01b0\u1ee3c l\u00e0m b\u1eb1ng inox ch\u1ea5t l\u01b0\u1ee3ng cao cho v\u1ebb ngo\u00e0i \u0111\u1eb9p m\u1eaft v\u00e0 sang tr\u1ecdng.<\/span><\/span><\/p>\n<p><img class=\"size-full wp-image-13004 aligncenter\" src=\"https:\/\/thucpham.com\/wp-content\/uploads\/2020\/07\/tu-giu-nong-thuc-an-4-ngan-viet-nam-1.jpg\" alt=\"tu-giu-nong-thuc-an-4-ngan-viet-nam\" width=\"820\" height=\"656\" srcset=\"https:\/\/thucpham.com\/vinacom\/wp-content\/uploads\/2020\/07\/tu-giu-nong-thuc-an-4-ngan-viet-nam-1.jpg 820w, https:\/\/thucpham.com\/vinacom\/wp-content\/uploads\/2020\/07\/tu-giu-nong-thuc-an-4-ngan-viet-nam-1-300x240.jpg 300w, https:\/\/thucpham.com\/vinacom\/wp-content\/uploads\/2020\/07\/tu-giu-nong-thuc-an-4-ngan-viet-nam-1-768x614.jpg 768w, https:\/\/thucpham.com\/vinacom\/wp-content\/uploads\/2020\/07\/tu-giu-nong-thuc-an-4-ngan-viet-nam-1-24x19.jpg 24w, https:\/\/thucpham.com\/vinacom\/wp-content\/uploads\/2020\/07\/tu-giu-nong-thuc-an-4-ngan-viet-nam-1-36x29.jpg 36w, https:\/\/thucpham.com\/vinacom\/wp-content\/uploads\/2020\/07\/tu-giu-nong-thuc-an-4-ngan-viet-nam-1-48x38.jpg 48w, https:\/\/thucpham.com\/vinacom\/wp-content\/uploads\/2020\/07\/tu-giu-nong-thuc-an-4-ngan-viet-nam-1-510x408.jpg 510w\" sizes=\"(max-width: 820px) 100vw, 820px\" title=\"\"><\/p>\n<p style=\"text-align: center;\"><span style=\"font-family: helvetica, arial, sans-serif;\"><em>Th\u00f4ng tin s\u1ea3n ph\u1ea9m t\u1ee7 gi\u1eef n\u00f3ng th\u1ee9c \u0103n 4 ng\u0103n Vi\u1ec7t Nam<\/em><\/span><\/p>\n<p style=\"text-align: justify;\"><span style=\"font-family: helvetica, arial, sans-serif;\"><span style=\"font-weight: 400;\">V\u1edbi thi\u1ebft k\u1ebf 4 khay \u0111\u1ef1ng, t\u1ee7 gi\u1eef n\u00f3ng Vi\u1ec7t Nam gi\u00fap l\u01b0u tr\u1eef v\u00e0 b\u1ea3o qu\u1ea3n s\u1ed1 l\u01b0\u1ee3ng l\u1edbn \u0111\u1ed3 \u0103n ch\u1ebf bi\u1ebfn s\u1eb5n. Nh\u1eefng chi\u1ebfc khay \u0111\u01b0\u1ee3c l\u00e0m b\u1eb1ng ch\u1ea5t li\u1ec7u&nbsp; inox 304 POSCO c\u00f3 th\u1ec3 ch\u1ecbu nhi\u1ec7t v\u00e0 ch\u1ed1ng hoen g\u1ec9 r\u1ea5t t\u1ed1t \u0111\u1ed3ng th\u1eddi kh\u00f4ng s\u1ea3n sinh ra b\u1ea5t k\u1ef3 ch\u1ea5t \u0111\u1ed9c h\u1ea1i n\u00e0o l\u1eabn v\u00e0o th\u1ee9c \u0103n g\u00e2y \u1ea3nh h\u01b0\u1edfng \u0111\u1ebfn s\u1ee9c kh\u1ecfe con ng\u01b0\u1eddi. M\u1ed7i khay \u0111\u1ec1u c\u00f3 n\u1eafp \u0111\u1eady ri\u00eang gi\u00fap ng\u0103n ch\u1eb7n b\u1ee5i b\u1ea9n hay c\u00f4n tr\u00f9ng x\u00e2m nh\u1eadp v\u00e0o \u0111\u1ed3 \u0103n g\u00e2y m\u1ea5t v\u1ec7 sinh. T\u1ee7 c\u00f2n \u0111\u01b0\u1ee3c l\u1eafp \u0111\u1eb7t h\u1ec7 th\u1ed1ng b\u1ea3ng \u0111i\u1ec1u khi\u1ec3n th\u00f4ng minh \u0111\u1ec3 thu\u1eadn ti\u1ec7n cho ng\u01b0\u1eddi d\u00f9ng \u0111i\u1ec1u ch\u1ec9nh m\u1ee9c nhi\u1ec7t ph\u00f9 h\u1ee3p v\u1edbi nh\u1eefng m\u00f3n \u0103n kh\u00e1c nhau. H\u01a1n n\u1eefa, <\/span><b><i>t\u1ee7 gi\u1eef n\u00f3ng th\u1ee9c \u0103n 4 ng\u0103n Vi\u1ec7t Nam <\/i><\/b><span style=\"font-weight: 400;\">c\u00f2n \u0111\u01b0\u1ee3c trang b\u1ecb <\/span><\/span><span style=\"font-weight: 400;\"><span style=\"font-family: helvetica, arial, sans-serif;\">b\u00e1nh xe \u0111\u1ec3 gi\u00fap di chuy\u1ec3n t\u1eeb \u0111\u1ecba \u0111i\u1ec3m n\u00e0y sang \u0111\u1ecba \u0111i\u1ec3m kh\u00e1c \u0111\u01b0\u1ee3c d\u1ec5 d\u00e0ng h\u01a1n.<\/span> <\/span><\/p>\n","protected":false},"excerpt":{"rendered":"<ul>\n<li style=\"font-weight: 400;\"><span style=\"font-weight: 400; font-family: helvetica, arial, sans-serif;\">Thi\u1ebft k\u1ebf 4 khay gi\u00fap ch\u1ee9a \u0111a d\u1ea1ng th\u1ef1c ph\u1ea9m<\/span><\/li>\n<li style=\"font-weight: 400;\"><span style=\"font-weight: 400; font-family: helvetica, arial, sans-serif;\">Ch\u1ea5t li\u1ec7u inox s\u00e1ng b\u00f3ng, \u0111\u1eb9p m\u1eaft, b\u1ec1n b\u1ec9<\/span><\/li>\n<li style=\"font-weight: 400;\"><span style=\"font-weight: 400; font-family: helvetica, arial, sans-serif;\">H\u1ec7 th\u1ed1ng b\u1ea3ng \u0111i\u1ec1u khi\u1ec3n th\u00f4ng minh<\/span><\/li>\n<li style=\"font-weight: 400;\"><span style=\"font-weight: 400; font-family: helvetica, arial, sans-serif;\">B\u00e1nh xe ch\u1eafc ch\u1eafn gi\u00fap b\u1ea1n di chuy\u1ec3n d\u1ec5 d\u00e0ng<\/span><\/li>\n<li style=\"font-weight: 400;\"><span style=\"font-weight: 400; font-family: helvetica, arial, sans-serif;\">Gi\u1eef n\u00f3ng th\u1ee9c \u0103n trong th\u1eddi gian d\u00e0i<\/span><\/li>\n<\/ul>\n","protected":false},"featured_media":40094,"comment_status":"open","ping_status":"closed","template":"","meta":[],"product_cat":[245],"product_tag":[],"_links":{"self":[{"href":"https:\/\/thucpham.com\/vinacom\/wp-json\/wp\/v2\/product\/11451"}],"collection":[{"href":"https:\/\/thucpham.com\/vinacom\/wp-json\/wp\/v2\/product"}],"about":[{"href":"https:\/\/thucpham.com\/vinacom\/wp-json\/wp\/v2\/types\/product"}],"replies":[{"embeddable":true,"href":"https:\/\/thucpham.com\/vinacom\/wp-json\/wp\/v2\/comments?post=11451"}],"wp:featuredmedia":[{"embeddable":true,"href":"https:\/\/thucpham.com\/vinacom\/wp-json\/wp\/v2\/media\/40094"}],"wp:attachment":[{"href":"https:\/\/thucpham.com\/vinacom\/wp-json\/wp\/v2\/media?parent=11451"}],"wp:term":[{"taxonomy":"product_cat","embeddable":true,"href":"https:\/\/thucpham.com\/vinacom\/wp-json\/wp\/v2\/product_cat?post=11451"},{"taxonomy":"product_tag","embeddable":true,"href":"https:\/\/thucpham.com\/vinacom\/wp-json\/wp\/v2\/product_tag?post=11451"}],"curies":[{"name":"wp","href":"https:\/\/api.w.org\/{rel}","templated":true}]}}