{"id":11433,"date":"2020-07-18T17:52:30","date_gmt":"2020-07-18T10:52:30","guid":{"rendered":"https:\/\/thucpham.com\/?post_type=product&#038;p=11433"},"modified":"2021-12-13T09:38:56","modified_gmt":"2021-12-13T02:38:56","slug":"den-hong-ngoai-ham-nong-thuc-an-berjaya","status":"publish","type":"product","link":"https:\/\/thucpham.com\/vinacom\/den-hong-ngoai-ham-nong-thuc-an-berjaya\/","title":{"rendered":"\u0110\u00e8n H\u1ed3ng Ngo\u1ea1i H\u00e2m N\u00f3ng Th\u1ee9c \u0102n Berjaya IR510"},"content":{"rendered":"<p style=\"text-align: justify;\"><span style=\"font-family: helvetica, arial, sans-serif;\"><b><i>\u0110\u00e8n h\u1ed3ng ngo\u1ea1i h\u00e2m n\u00f3ng th\u1ee9c \u0103n Berjaya<\/i><\/b><span style=\"font-weight: 400;\"> l\u00e0 thi\u1ebft b\u1ecb \u0111\u01b0\u1ee3c nh\u1eadp kh\u1ea9u nguy\u00ean chi\u1ebfc t\u1eeb Malaysia, c\u00f3 \u0111\u1ed9 b\u1ec1n cao. Thi\u1ebft b\u1ecb gi\u1eef n\u00f3ng th\u1ee9c \u0103n n\u00e0y \u0111\u01b0\u1ee3c s\u1eed d\u1ee5ng r\u1ea5t ph\u1ed5 bi\u1ebfn t\u1ea1i c\u00e1c kh\u00e1ch s\u1ea1n, nh\u00e0 h\u00e0ng, b\u1ebfp \u0103n c\u00f4ng nghi\u1ec7p,&nbsp; gi\u00fap b\u1ea3o qu\u1ea3n th\u1ee9c \u0103n gi\u1eef nguy\u00ean h\u01b0\u01a1ng v\u1ecb m\u00e0 kh\u00f4ng b\u1ecb kh\u00f4 hay b\u1ecb m\u1ea5t n\u01b0\u1edbc. <\/span><span style=\"font-weight: 400;\">Thi\u1ebft b\u1ecb s\u1eed d\u1ee5ng tia h\u1ed3ng ngo\u1ea1i \u0111\u1ec3 gi\u1eef n\u00f3ng th\u1ee9c \u0103n v\u1eeba an to\u00e0n, hi\u1ec7n \u0111\u1ea1i, d\u1ec5 s\u1eed d\u1ee5ng v\u1eeba ti\u1ebft ki\u1ec7m c\u00f4ng s\u1ee9c. S\u1ea3n ph\u1ea9m th\u00edch h\u1ee3p \u0111\u1ec3 h\u00e2m n\u00f3ng c\u00e1c lo\u1ea1i th\u1ef1c ph\u1ea9m c\u00f3 di\u1ec7n t\u00edch b\u1ec1 m\u1eb7t nh\u1ecf nh\u01b0: th\u1ecbt g\u00e0, b\u00e1nh m\u00ec, khoai t\u00e2y chi\u00ean, rau c\u1ee7\u2026<\/span><\/span><\/p>\n<p><img class=\"size-full wp-image-12996 aligncenter\" src=\"https:\/\/thucpham.com\/wp-content\/uploads\/2020\/07\/den-hong-ngoai-ham-nong-thuc-an-berjaya-1.jpg\" alt=\"den-hong-ngoai-ham-nong-thuc-an-berjaya\" width=\"820\" height=\"656\" title=\"\"><\/p>\n<p style=\"text-align: center;\"><span style=\"font-family: helvetica, arial, sans-serif;\"><em>Th\u00f4ng tin s\u1ea3n ph\u1ea9m \u0111\u00e8n h\u1ed3ng ngo\u1ea1i h\u00e2m n\u00f3ng th\u1ee9c \u0103n Berjaya<\/em><\/span><\/p>\n<p style=\"text-align: justify;\"><span style=\"font-family: helvetica, arial, sans-serif;\"><span style=\"font-weight: 400;\">V\u1ecf ngo\u00e0i \u0111\u00e8n \u0111\u01b0\u1ee3c s\u1ea3n xu\u1ea5t b\u1eb1ng nh\u00f4m c\u00f3 \u0111\u1eb7c t\u00ednh nh\u1eb9 nh\u01b0ng r\u1ea5t b\u1ec1n nh\u1edd kh\u1ea3 n\u0103ng ch\u1ed1ng bi\u1ebfn d\u1ea1ng v\u00e0&nbsp; han g\u1ec9. \u0110\u00e8n c\u00f3 thi\u1ebft k\u1ebf h\u00ecnh \u1ed1ng da\u0300i giu\u0301p h\u00e2m no\u0301ng \u0111\u01b0\u01a1\u0323c l\u01b0\u1ee3ng l\u1edbn th\u1ee9c \u0103n c\u00f9ng l\u00fac. Th\u00eam v\u00e0o \u0111\u00f3, d\u00f9ng \u0111\u00e8n h\u1ed3ng ngo\u1ea1i d\u1ea1ng \u1ed1ng c\u0169ng gi\u00fap ng\u01b0\u1eddi s\u1eed d\u1ee5ng ti\u1ebft ki\u1ec7m \u0111i\u1ec7n n\u0103ng hi\u1ec7u qu\u1ea3. <\/span><b><i>\u0110\u00e8n h\u1ed3ng ngo\u1ea1i h\u00e2m n\u00f3ng th\u1ee9c \u0103n Berjaya<\/i><\/b><\/span><span style=\"font-weight: 400;\"><span style=\"font-family: helvetica, arial, sans-serif;\"> \u0111\u01b0\u1ee3c trang b\u1ecb c\u00e1c n\u00fat \u0111i\u1ec1u khi\u1ec3n b\u1eb1ng tay cho ph\u00e9p b\u1ea1n \u0111i\u1ec1u ch\u1ec9nh nhi\u1ec7t \u0111\u1ed9 d\u1ec5 d\u00e0ng v\u00e0 thu\u1eadn ti\u1ec7n.<\/span> <\/span><\/p>\n","protected":false},"excerpt":{"rendered":"<ul>\n<li style=\"font-weight: 400;\"><span style=\"font-weight: 400; font-family: helvetica, arial, sans-serif;\">Trang b\u1ecb n\u00fat \u0111i\u1ec1u khi\u1ec3n b\u1eb1ng tay d\u1ec5 s\u1eed d\u1ee5ng<\/span><\/li>\n<li style=\"font-weight: 400;\"><span style=\"font-weight: 400; font-family: helvetica, arial, sans-serif;\">\u0110\u1ea3m b\u1ea3o an to\u00e0n tuy\u1ec7t \u0111\u1ed1i, kh\u00f4ng \u0111\u1ed9c h\u1ea1i<\/span><\/li>\n<li style=\"font-weight: 400;\"><span style=\"font-weight: 400; font-family: helvetica, arial, sans-serif;\">Thi\u1ebft k\u1ebf h\u00ecnh \u1ed1ng, g\u1ecdn nh\u1eb9, b\u1ec1n b\u1ec9<\/span><\/li>\n<li style=\"font-weight: 400;\"><span style=\"font-weight: 400; font-family: helvetica, arial, sans-serif;\">D\u1ec5 d\u00e0ng t\u00f9y ch\u1ec9nh nhi\u1ec7t \u0111\u1ed9 ph\u00f9 h\u1ee3p<\/span><\/li>\n<li style=\"font-weight: 400;\"><span style=\"font-weight: 400; font-family: helvetica, arial, sans-serif;\">Nh\u1eadp kh\u1ea9u nguy\u00ean chi\u1ebfc t\u1eeb Malaysia<\/span><\/li>\n<\/ul>\n","protected":false},"featured_media":40045,"comment_status":"open","ping_status":"closed","template":"","meta":[],"product_cat":[245],"product_tag":[],"_links":{"self":[{"href":"https:\/\/thucpham.com\/vinacom\/wp-json\/wp\/v2\/product\/11433"}],"collection":[{"href":"https:\/\/thucpham.com\/vinacom\/wp-json\/wp\/v2\/product"}],"about":[{"href":"https:\/\/thucpham.com\/vinacom\/wp-json\/wp\/v2\/types\/product"}],"replies":[{"embeddable":true,"href":"https:\/\/thucpham.com\/vinacom\/wp-json\/wp\/v2\/comments?post=11433"}],"wp:featuredmedia":[{"embeddable":true,"href":"https:\/\/thucpham.com\/vinacom\/wp-json\/wp\/v2\/media\/40045"}],"wp:attachment":[{"href":"https:\/\/thucpham.com\/vinacom\/wp-json\/wp\/v2\/media?parent=11433"}],"wp:term":[{"taxonomy":"product_cat","embeddable":true,"href":"https:\/\/thucpham.com\/vinacom\/wp-json\/wp\/v2\/product_cat?post=11433"},{"taxonomy":"product_tag","embeddable":true,"href":"https:\/\/thucpham.com\/vinacom\/wp-json\/wp\/v2\/product_tag?post=11433"}],"curies":[{"name":"wp","href":"https:\/\/api.w.org\/{rel}","templated":true}]}}