{"id":11388,"date":"2020-07-18T16:50:37","date_gmt":"2020-07-18T09:50:37","guid":{"rendered":"https:\/\/thucpham.com\/?post_type=product&#038;p=11388"},"modified":"2021-12-11T16:38:41","modified_gmt":"2021-12-11T09:38:41","slug":"tu-trung-bay-sieu-thi-sanden-cli-2070","status":"publish","type":"product","link":"https:\/\/thucpham.com\/vinacom\/tu-trung-bay-sieu-thi-sanden-cli-2070\/","title":{"rendered":"T\u1ee7 Tr\u01b0ng B\u00e0y Si\u00eau Th\u1ecb Sanden CLI-2070"},"content":{"rendered":"<p style=\"text-align: justify;\"><span style=\"font-family: helvetica, arial, sans-serif;\"><b><i>T\u1ee7 tr\u01b0ng b\u00e0y si\u00eau th\u1ecb Sanden CLI-2070 <\/i><\/b><span style=\"font-weight: 400;\">\u0111\u01b0\u1ee3c ThucPham.com nh\u1eadp kh\u1ea9u tr\u1ef1c ti\u1ebfp t\u1eeb <\/span><span style=\"font-weight: 400;\">th\u01b0\u01a1ng hi\u1ec7u Sanden n\u1ed5i ti\u1ebfng c\u1ee7a Th\u00e1i Lan v\u1edbi thi\u1ebft k\u1ebf sang tr\u1ecdng v\u00e0 c\u00f3 \u0111\u1ed9 b\u1ec1n cao. T\u1ee7 <\/span><span style=\"font-weight: 400;\">Sanden CLI-2070 \u0111\u01b0\u1ee3c s\u1eed d\u1ee5ng ph\u1ed5 bi\u1ebfn t\u1ea1i c\u00e1c h\u1ec7 th\u1ed1ng si\u00eau th\u1ecb, chu\u1ed7i c\u1eeda h\u00e0ng th\u1ef1c ph\u1ea9m d\u00f9ng \u0111\u1ec3 tr\u01b0ng b\u00e0y v\u00e0 b\u1ea3o qu\u1ea3n th\u1ecbt c\u00e1, rau c\u1ee7, h\u1ea3i s\u1ea3n <\/span><span style=\"font-weight: 400;\">\u0111\u01b0\u1ee3c t\u01b0\u01a1i ngon h\u01a1n. T\u1ee7 s\u1edf h\u1eefu dung t\u00edch 1400L \u0111em l\u1ea1i s\u1ef1 ti\u1ec7n l\u1ee3i v\u00e0 gi\u00fap ng\u01b0\u1eddi s\u1eed d\u1ee5ng c\u00f3 th\u1ec3 tr\u01b0ng b\u00e0y nhi\u1ec1u lo\u1ea1i m\u1eb7t h\u00e0ng c\u00f9ng m\u1ed9t l\u00fac.&nbsp;<\/span><\/span><\/p>\n<p><img class=\"size-full wp-image-12980 aligncenter\" src=\"https:\/\/thucpham.com\/wp-content\/uploads\/2020\/07\/tu-trung-bay-sieu-thi-sanden-cli-2070-1.jpg\" alt=\"tu-trung-bay-sieu-thi-sanden-cli-2070\" width=\"820\" height=\"656\" srcset=\"https:\/\/thucpham.com\/vinacom\/wp-content\/uploads\/2020\/07\/tu-trung-bay-sieu-thi-sanden-cli-2070-1.jpg 820w, https:\/\/thucpham.com\/vinacom\/wp-content\/uploads\/2020\/07\/tu-trung-bay-sieu-thi-sanden-cli-2070-1-300x240.jpg 300w, https:\/\/thucpham.com\/vinacom\/wp-content\/uploads\/2020\/07\/tu-trung-bay-sieu-thi-sanden-cli-2070-1-768x614.jpg 768w, https:\/\/thucpham.com\/vinacom\/wp-content\/uploads\/2020\/07\/tu-trung-bay-sieu-thi-sanden-cli-2070-1-24x19.jpg 24w, https:\/\/thucpham.com\/vinacom\/wp-content\/uploads\/2020\/07\/tu-trung-bay-sieu-thi-sanden-cli-2070-1-36x29.jpg 36w, https:\/\/thucpham.com\/vinacom\/wp-content\/uploads\/2020\/07\/tu-trung-bay-sieu-thi-sanden-cli-2070-1-48x38.jpg 48w, https:\/\/thucpham.com\/vinacom\/wp-content\/uploads\/2020\/07\/tu-trung-bay-sieu-thi-sanden-cli-2070-1-510x408.jpg 510w\" sizes=\"(max-width: 820px) 100vw, 820px\" title=\"\"><\/p>\n<p style=\"text-align: center;\"><span style=\"font-family: helvetica, arial, sans-serif;\"><em>Th\u00f4ng tin s\u1ea3n ph\u1ea9m t\u1ee7 tr\u01b0ng b\u00e0y si\u00eau th\u1ecb Sanden CLI-2070<\/em><\/span><\/p>\n<p style=\"text-align: justify;\"><span style=\"font-family: helvetica, arial, sans-serif;\"><span style=\"font-weight: 400;\">To\u00e0n b\u1ed9 v\u1eadt li\u1ec7u \u0111\u01b0\u1ee3c s\u1eed d\u1ee5ng \u0111\u1ec3 s\u1ea3n xu\u1ea5t <\/span><b><i>t\u1ee7 tr\u01b0ng b\u00e0y si\u00eau th\u1ecb Sanden CLI-2070<\/i><\/b> <span style=\"font-weight: 400;\">\u0111\u1ec1u c\u00f3 \u0111\u1ed9 b\u1ec1n cao, kh\u00f3 bi\u1ebfn d\u1ea1ng v\u00e0 lu\u00f4n s\u00e1ng b\u00f3ng trong th\u1eddi gian d\u00e0i s\u1eed d\u1ee5ng.&nbsp; L\u00f2ng t\u1ee7 \u0111\u01b0\u1ee3c s\u1ea3n xu\u1ea5t b\u1eb1ng ch\u1ea5t li\u1ec7u d\u1eabn nhi\u1ec7t \u0111\u1eb7c bi\u1ec7t, \u00edt b\u00e1m b\u1ea9n n\u00ean r\u1ea5t d\u1ec5 v\u1ec7 sinh, lau ch\u00f9i. Ngo\u00e0i ra, th\u00e0nh t\u1ee7 b\u1eb1ng k\u00ednh c\u01b0\u1eddng l\u1ef1c trong su\u1ed1t, ch\u1eafc ch\u1eafn, v\u00e0 s\u1ea1ch s\u1ebd. Kh\u00f4ng ch\u1ec9 v\u1eady, <\/span><span style=\"font-weight: 400;\">Sanden CLI-2070 \u0111\u01b0\u1ee3c trang b\u1ecb <\/span><span style=\"font-weight: 400;\">h\u1ec7 th\u1ed1ng l\u00e0m l\u1ea1nh th\u00f4ng minh, nhi\u1ec7t \u0111\u1ed9 lu\u00f4n \u0111\u01b0\u1ee3c duy tr\u00ec \u1ed5n \u0111\u1ecbnh, gi\u00fap gi\u1eef \u0111\u01b0\u1ee3c s\u1ef1 t\u01b0\u01a1i ngon c\u0169ng nh\u01b0 gi\u00e1 tr\u1ecb dinh d\u01b0\u1ee1ng c\u1ee7a th\u1ef1c ph\u1ea9m. B\u1ea1n c\u0169ng d\u1ec5 d\u00e0ng \u0111i\u1ec1u ch\u1ec9nh nhi\u1ec7t \u0111\u1ed9 trong d\u1ea3i nhi\u1ec7t \u0111\u1ed9 t\u1eeb -10 \u0111\u1ebfn -18 \u0111\u1ed9 C \u0111\u1ec3 ph\u00f9 h\u1ee3p b\u1ea3o qu\u1ea3n t\u1eebng m\u1eb7t h\u00e0ng.<\/span><\/span><\/p>\n","protected":false},"excerpt":{"rendered":"<ul>\n<li style=\"font-weight: 400;\"><span style=\"font-weight: 400; font-family: helvetica, arial, sans-serif;\">Th\u1ec3 t\u00edch l\u1edbn, b\u1ea3o qu\u1ea3n \u0111\u01b0\u1ee3c l\u01b0\u1ee3ng l\u1edbn th\u1ef1c ph\u1ea9m<\/span><\/li>\n<li style=\"font-weight: 400;\"><span style=\"font-weight: 400; font-family: helvetica, arial, sans-serif;\">Th\u00e0nh t\u1ee7 b\u1eb1ng k\u00ednh c\u01b0\u1eddng l\u1ef1c trong su\u1ed1t<\/span><\/li>\n<li style=\"font-weight: 400;\"><span style=\"font-weight: 400; font-family: helvetica, arial, sans-serif;\">H\u1ec7 th\u1ed1ng l\u00e0m l\u1ea1nh th\u00f4ng minh, duy tr\u00ec nhi\u1ec7t \u0111\u1ed9 \u1ed5n \u0111\u1ecbnh<\/span><\/li>\n<li style=\"font-weight: 400;\"><span style=\"font-weight: 400; font-family: helvetica, arial, sans-serif;\">S\u1ea3n ph\u1ea9m c\u00f3 thi\u1ebft k\u1ebf sang tr\u1ecdng, hi\u1ec7n \u0111\u1ea1i<\/span><\/li>\n<li style=\"font-weight: 400;\"><span style=\"font-weight: 400; font-family: helvetica, arial, sans-serif;\">V\u1eadn h\u00e0nh \u00eam \u00e1i, c\u00f3 \u0111\u1ed9 b\u1ec1n cao<\/span><\/li>\n<\/ul>\n","protected":false},"featured_media":39947,"comment_status":"open","ping_status":"closed","template":"","meta":[],"product_cat":[285],"product_tag":[],"_links":{"self":[{"href":"https:\/\/thucpham.com\/vinacom\/wp-json\/wp\/v2\/product\/11388"}],"collection":[{"href":"https:\/\/thucpham.com\/vinacom\/wp-json\/wp\/v2\/product"}],"about":[{"href":"https:\/\/thucpham.com\/vinacom\/wp-json\/wp\/v2\/types\/product"}],"replies":[{"embeddable":true,"href":"https:\/\/thucpham.com\/vinacom\/wp-json\/wp\/v2\/comments?post=11388"}],"wp:featuredmedia":[{"embeddable":true,"href":"https:\/\/thucpham.com\/vinacom\/wp-json\/wp\/v2\/media\/39947"}],"wp:attachment":[{"href":"https:\/\/thucpham.com\/vinacom\/wp-json\/wp\/v2\/media?parent=11388"}],"wp:term":[{"taxonomy":"product_cat","embeddable":true,"href":"https:\/\/thucpham.com\/vinacom\/wp-json\/wp\/v2\/product_cat?post=11388"},{"taxonomy":"product_tag","embeddable":true,"href":"https:\/\/thucpham.com\/vinacom\/wp-json\/wp\/v2\/product_tag?post=11388"}],"curies":[{"name":"wp","href":"https:\/\/api.w.org\/{rel}","templated":true}]}}