{"id":11378,"date":"2020-07-18T15:43:55","date_gmt":"2020-07-18T08:43:55","guid":{"rendered":"https:\/\/thucpham.com\/?post_type=product&#038;p=11378"},"modified":"2021-12-11T16:24:52","modified_gmt":"2021-12-11T09:24:52","slug":"tu-mat-trung-bay-rau-cu-dang-mo-opo-smmuv2-12nl","status":"publish","type":"product","link":"https:\/\/thucpham.com\/vinacom\/tu-mat-trung-bay-rau-cu-dang-mo-opo-smmuv2-12nl\/","title":{"rendered":"T\u1ee7 M\u00e1t Tr\u01b0ng B\u00e0y Rau C\u1ee7 D\u1ea1ng M\u1edf OPO SMMUV2-12NL"},"content":{"rendered":"<p style=\"text-align: justify;\"><span style=\"font-family: helvetica, arial, sans-serif;\"><b><i>T\u1ee7 m\u00e1t tr\u01b0ng b\u00e0y rau c\u1ee7 d\u1ea1ng m\u1edf OPO SMMUV2-12NL<\/i><\/b><span style=\"font-weight: 400;\"> c\u00f3 ki\u1ec3u d\u00e1ng hi\u1ec7n \u0111\u1ea1i, sang tr\u1ecdng, <\/span><span style=\"font-weight: 400;\">khoang ch\u1ee9a r\u1ed9ng th\u00edch h\u1ee3p v\u1edbi c\u00e1c si\u00eau th\u1ecb l\u1edbn, c\u1eeda h\u00e0ng hoa qu\u1ea3 nh\u1eadp kh\u1ea9u, nh\u00e0 h\u00e0ng, c\u1eeda h\u00e0ng th\u1ef1c ph\u1ea9m c\u1ea7n tr\u01b0ng b\u00e0y l\u01b0\u1ee3ng h\u00e0ng h\u00f3a nhi\u1ec1u.<\/span> <span style=\"font-weight: 400;\">V\u1edbi chi\u1ebfc t\u1ee7 n\u00e0y ng\u01b0\u1eddi d\u00f9ng c\u00f3 th\u1ec3 tha h\u1ed3 s\u1eafp x\u1ebfp, tr\u01b0ng b\u00e0y c\u00e1c lo\u1ea1i th\u1ef1c ph\u1ea9m nh\u01b0: n\u01b0\u1edbc ng\u1ecdt, s\u1eefa, rau c\u1ee7, tr\u00e1i c\u00e2y, c\u00e1c lo\u1ea1i \u0111\u1ed3 h\u1ed9p\u2026.\u0110\u1eb7c bi\u1ec7t, s\u1ea3n ph\u1ea9m \u0111\u01b0\u1ee3c thi\u1ebft k\u1ebf d\u1ea1ng m\u1edf, d\u1ec5 cho ng\u01b0\u1eddi mua quan s\u00e1t v\u00e0 ch\u1ecdn l\u1ef1a m\u1eb7t h\u00e0ng m\u00ecnh c\u1ea7n.<\/span><\/span><\/p>\n<p><img class=\"size-full wp-image-12974 aligncenter\" src=\"https:\/\/thucpham.com\/wp-content\/uploads\/2020\/07\/tu-mat-trung-bay-rau-cu-dang-mo-opo-smmuv2-12nl-1.jpg\" alt=\"tu-mat-trung-bay-rau-cu-dang-mo-opo-smmuv2-12nl\" width=\"820\" height=\"656\" srcset=\"https:\/\/thucpham.com\/vinacom\/wp-content\/uploads\/2020\/07\/tu-mat-trung-bay-rau-cu-dang-mo-opo-smmuv2-12nl-1.jpg 820w, https:\/\/thucpham.com\/vinacom\/wp-content\/uploads\/2020\/07\/tu-mat-trung-bay-rau-cu-dang-mo-opo-smmuv2-12nl-1-300x240.jpg 300w, https:\/\/thucpham.com\/vinacom\/wp-content\/uploads\/2020\/07\/tu-mat-trung-bay-rau-cu-dang-mo-opo-smmuv2-12nl-1-768x614.jpg 768w, https:\/\/thucpham.com\/vinacom\/wp-content\/uploads\/2020\/07\/tu-mat-trung-bay-rau-cu-dang-mo-opo-smmuv2-12nl-1-24x19.jpg 24w, https:\/\/thucpham.com\/vinacom\/wp-content\/uploads\/2020\/07\/tu-mat-trung-bay-rau-cu-dang-mo-opo-smmuv2-12nl-1-36x29.jpg 36w, https:\/\/thucpham.com\/vinacom\/wp-content\/uploads\/2020\/07\/tu-mat-trung-bay-rau-cu-dang-mo-opo-smmuv2-12nl-1-48x38.jpg 48w, https:\/\/thucpham.com\/vinacom\/wp-content\/uploads\/2020\/07\/tu-mat-trung-bay-rau-cu-dang-mo-opo-smmuv2-12nl-1-510x408.jpg 510w\" sizes=\"(max-width: 820px) 100vw, 820px\" title=\"\"><\/p>\n<p style=\"text-align: center;\"><span style=\"font-family: helvetica, arial, sans-serif;\"><em>Th\u00f4ng tin s\u1ea3n ph\u1ea9m t\u1ee7 m\u00e1t tr\u01b0ng b\u00e0y rau c\u1ee7 d\u1ea1ng m\u1edf OPO SMMUV2-12NL<\/em><\/span><\/p>\n<p style=\"text-align: justify;\"><span style=\"font-family: helvetica, arial, sans-serif;\"><b><i>T\u1ee7 m\u00e1t tr\u01b0ng b\u00e0y rau c\u1ee7 d\u1ea1ng m\u1edf OPO SMMUV2-12NL<\/i><\/b><span style=\"font-weight: 400;\"> \u0111\u01b0\u1ee3c trang b\u1ecb h\u1ec7 th\u1ed1ng qu\u1ea1t gi\u00f3 gi\u00fap \u0111\u01b0a h\u01a1i l\u1ea1nh lan t\u1ecfa \u0111\u1ed3ng \u0111\u1ec1u kh\u1eafp kh\u00f4ng gian b\u00ean trong t\u1ee7, <\/span><span style=\"font-weight: 400;\">duy tr\u00ec nhi\u1ec7t \u0111\u1ed9 \u1ed5n \u0111\u1ecbnh t\u1eeb \u0111\u00f3 gi\u00fap cho th\u1ef1c ph\u1ea9m \u0111\u01b0\u1ee3c b\u1ea3o qu\u1ea3n lu\u00f4n t\u01b0\u01a1i ngon v\u00e0 gi\u1eef \u0111\u01b0\u1ee3c ch\u1ea5t l\u01b0\u1ee3ng t\u1ed1t nh\u1ea5t khi \u0111\u1ebfn tay kh\u00e1ch h\u00e0ng. Block l\u00e0m l\u1ea1nh \u0111\u1ea1t ti\u00eau chu\u1ea9n H\u00e0n Qu\u1ed1c n\u00ean v\u1eadn h\u00e0nh \u1ed5n \u0111\u1ecbnh v\u00e0 cho kh\u1ea3 n\u0103ng l\u00e0m m\u00e1t hi\u1ec7u qu\u1ea3, ti\u1ebft ki\u1ec7m chi ph\u00ed n\u0103ng l\u01b0\u1ee3ng. Ngo\u00e0i ra, h\u1ec7 th\u1ed1ng \u0111\u00e8n led chi\u1ebfu s\u00e1ng \u0111\u01b0\u1ee3c b\u1ed1 tr\u00ed b\u00ean trong t\u1ee7 c\u00f3 t\u00e1c d\u1ee5ng thu h\u00fat kh\u00e1ch h\u00e0ng v\u00e0 t\u0103ng hi\u1ec7u qu\u1ea3 tr\u01b0ng b\u00e0y h\u00e0ng h\u00f3a.<\/span><\/span><\/p>\n","protected":false},"excerpt":{"rendered":"<ul>\n<li style=\"font-weight: 400;\"><span style=\"font-weight: 400; font-family: helvetica, arial, sans-serif;\">Block l\u00e0m l\u1ea1nh \u0111\u1ea1t ti\u00eau chu\u1ea9n H\u00e0n Qu\u1ed1c<\/span><\/li>\n<li style=\"font-weight: 400;\"><span style=\"font-weight: 400; font-family: helvetica, arial, sans-serif;\">Khoang ch\u1ee9a l\u1edbn gi\u00fap b\u1ea3o qu\u1ea3n \u0111\u01b0\u1ee3c nhi\u1ec1u h\u00e0ng h\u00f3a<\/span><\/li>\n<li style=\"font-weight: 400;\"><span style=\"font-weight: 400; font-family: helvetica, arial, sans-serif;\">B\u1ea3ng \u0111i\u1ec1u khi\u1ec3n \u0111i\u1ec7n t\u1eed gi\u00fap d\u1ec5 d\u00e0ng \u0111i\u1ec1u ch\u1ec9nh nhi\u1ec7t \u0111\u1ed9<\/span><\/li>\n<li style=\"font-weight: 400;\"><span style=\"font-weight: 400; font-family: helvetica, arial, sans-serif;\">H\u1ec7 th\u1ed1ng s\u1ea5y k\u00ednh h\u1ea1n ch\u1ebf t\u00ecnh tr\u1ea1ng \u0111\u1ecdng s\u01b0\u01a1ng<\/span><\/li>\n<li style=\"font-weight: 400;\"><span style=\"font-weight: 400; font-family: helvetica, arial, sans-serif;\">H\u1ec7 th\u1ed1ng \u0111\u00e8n led chi\u1ebfu s\u00e1ng<\/span><\/li>\n<li style=\"font-weight: 400;\"><span style=\"font-weight: 400; font-family: helvetica, arial, sans-serif;\">Linh ki\u1ec7n ch\u1ea5t l\u01b0\u1ee3ng cao, v\u1eadn h\u00e0nh b\u1ec1n b\u1ec9<\/span><\/li>\n<\/ul>\n","protected":false},"featured_media":39931,"comment_status":"open","ping_status":"closed","template":"","meta":[],"product_cat":[285],"product_tag":[],"_links":{"self":[{"href":"https:\/\/thucpham.com\/vinacom\/wp-json\/wp\/v2\/product\/11378"}],"collection":[{"href":"https:\/\/thucpham.com\/vinacom\/wp-json\/wp\/v2\/product"}],"about":[{"href":"https:\/\/thucpham.com\/vinacom\/wp-json\/wp\/v2\/types\/product"}],"replies":[{"embeddable":true,"href":"https:\/\/thucpham.com\/vinacom\/wp-json\/wp\/v2\/comments?post=11378"}],"wp:featuredmedia":[{"embeddable":true,"href":"https:\/\/thucpham.com\/vinacom\/wp-json\/wp\/v2\/media\/39931"}],"wp:attachment":[{"href":"https:\/\/thucpham.com\/vinacom\/wp-json\/wp\/v2\/media?parent=11378"}],"wp:term":[{"taxonomy":"product_cat","embeddable":true,"href":"https:\/\/thucpham.com\/vinacom\/wp-json\/wp\/v2\/product_cat?post=11378"},{"taxonomy":"product_tag","embeddable":true,"href":"https:\/\/thucpham.com\/vinacom\/wp-json\/wp\/v2\/product_tag?post=11378"}],"curies":[{"name":"wp","href":"https:\/\/api.w.org\/{rel}","templated":true}]}}